{"id":5270,"date":"2014-09-04T09:55:03","date_gmt":"2014-09-04T09:55:03","guid":{"rendered":"http:\/\/emailchef.com\/?page_id=5270\/"},"modified":"2022-07-11T12:31:46","modified_gmt":"2022-07-11T12:31:46","slug":"jednostavno-upravljanje-kontaktima","status":"publish","type":"page","link":"https:\/\/emailchef.com\/hr\/znacajke\/jednostavno-upravljanje-kontaktima\/","title":{"rendered":"Jednostavno upravljanje kontaktima"},"content":{"rendered":"\t\t<div data-elementor-type=\"wp-page\" data-elementor-id=\"5270\" class=\"elementor elementor-5270 elementor-117\" data-elementor-post-type=\"page\">\n\t\t\t\t\t\t<section class=\"elementor-section elementor-top-section elementor-element elementor-element-9092d7f elementor-section-boxed elementor-section-height-default elementor-section-height-default\" data-id=\"9092d7f\" data-element_type=\"section\">\n\t\t\t\t\t\t<div class=\"elementor-container elementor-column-gap-default\">\n\t\t\t\t\t<div class=\"elementor-column elementor-col-100 elementor-top-column elementor-element elementor-element-a579c2b\" data-id=\"a579c2b\" data-element_type=\"column\">\n\t\t\t<div class=\"elementor-widget-wrap elementor-element-populated\">\n\t\t\t\t\t\t<div class=\"elementor-element elementor-element-07eba13 elementor-widget elementor-widget-image\" data-id=\"07eba13\" data-element_type=\"widget\" data-widget_type=\"image.default\">\n\t\t\t\t<div class=\"elementor-widget-container\">\n\t\t\t\t\t\t\t\t\t\t\t\t\t\t\t<img fetchpriority=\"high\" decoding=\"async\" width=\"670\" height=\"600\" src=\"https:\/\/emailchef.com\/wp-content\/uploads\/2022\/06\/contacts-managment.png\" class=\"attachment-full size-full wp-image-57042\" alt=\"Jednostavno upravljanje kontaktima\" \/>\t\t\t\t\t\t\t\t\t\t\t\t\t\t\t<\/div>\n\t\t\t\t<\/div>\n\t\t\t\t\t<\/div>\n\t\t<\/div>\n\t\t\t\t\t<\/div>\n\t\t<\/section>\n\t\t\t\t<section class=\"elementor-section elementor-top-section elementor-element elementor-element-3c7d3804 elementor-section-boxed elementor-section-height-default elementor-section-height-default\" data-id=\"3c7d3804\" data-element_type=\"section\">\n\t\t\t\t\t\t<div class=\"elementor-container elementor-column-gap-default\">\n\t\t\t\t\t<div class=\"elementor-column elementor-col-100 elementor-top-column elementor-element elementor-element-1218ff9a\" data-id=\"1218ff9a\" data-element_type=\"column\">\n\t\t\t<div class=\"elementor-widget-wrap elementor-element-populated\">\n\t\t\t\t\t\t<div class=\"elementor-element elementor-element-754d8d9a elementor-widget elementor-widget-text-editor\" data-id=\"754d8d9a\" data-element_type=\"widget\" data-widget_type=\"text-editor.default\">\n\t\t\t\t<div class=\"elementor-widget-container\">\n\t\t\t\t\t\t\t\t\t<p>Uspje\u0161na e-mail kampanja ovisi isklju\u010divo o <b>kvaliteti e-mail listi<\/b>: tako da je prvi zadatak za bilo koga tko se bavi e-mail marketingom, izra\u0111ivati i upravljati sa e-mail adresama temeljenih na dopu\u0161tenju pretplatnika. Emailchef vam poma\u017ee da sve to radite jednostavno: na raspolaganju su vam razni alati za pridobijanje novih pretplatnika, izrada neograni\u010denog broja e-mail listi, segmentacija listi prema va\u0161oj \u017eelji i potrebi, dodavanje prilago\u0111enih korisni\u010dkih polja u svakoj od listi i jo\u0161 mnogo toga.<\/p>\n<div class=\"g1-space\" style=\"height: 25px;\"><\/div>\n\n<h3>Napravite novu listu<\/h3>\n<p>Napraviti <b>listu sa kontaktima<\/b> od samog po\u010detka sa Emailchefom je izrazito jednostavno. Mo\u017eete:<\/p>\n\n<div class=\"g1-space\" style=\"height: 20px;\"><\/div>\n\n\n<ul id=\"\" class=\"g1-list g1-list--icon g1-list--simple \">\n \t<li><i class=\"fa fa-arrow-right g1-list__icon\"><\/i>unesti kontakte sa datoteka tipa: .xls, .txt, .csv or .ods, i iznesti ih: .json ili .csv<\/li>\n \t<li><i class=\"fa fa-arrow-right g1-list__icon\"><\/i>unesti adresare s Gmail, Hotmail, i sl.<\/li>\n \t<li><i class=\"fa fa-arrow-right g1-list__icon\"><\/i>nadodati ru\u010dno adrese, jednu po jednu<\/li>\n \t<li><i class=\"fa fa-arrow-right g1-list__icon\"><\/i>kopirati-i-zalijepiti ve\u0107 neku postoje\u0107u listu<\/li>\n<\/ul>\n\n\n<div class=\"g1-space\" style=\"height: 20px;\"><\/div>\n\n<p>Sve je tako jednostavno, mo\u017eete slobodno izraditi neograni\u010den broj listi na ovaj na\u010din. Ne zaboravite, <b>koristite isklju\u010divo kontakte sa dopu\u0161tenjem pretplatnika<\/b>! Kupljene ili iznajmljene liste nisu dopu\u0161tene na Emailchef-u, takve liste \u0107e samo na\u0161koditi va\u0161im kampanjama i va\u0161em poslovnom imid\u017eu.<\/p>\n\n<div class=\"g1-space\" style=\"height: 25px;\"><\/div>\n<div style=\"text-align: center;\"><div class=\"lyte-wrapper\" title=\"[EN] How to create a list and add or import contacts\" style=\"width:640px;max-width:100%;margin:5px;\"><div class=\"lyMe\" id=\"WYL_iJR4YCwXHH0\"><div id=\"lyte_iJR4YCwXHH0\" data-src=\"https:\/\/emailchef.com\/wp-content\/plugins\/wp-youtube-lyte\/lyteCache.php?origThumbUrl=https%3A%2F%2Fi.ytimg.com%2Fvi%2FiJR4YCwXHH0%2Fhqdefault.jpg\" class=\"pL\"><div class=\"tC\"><div class=\"tT\">[EN] How to create a list and add or import contacts<\/div><\/div><div class=\"play\"><\/div><div class=\"ctrl\"><div class=\"Lctrl\"><\/div><div class=\"Rctrl\"><\/div><\/div><\/div><noscript><a href=\"https:\/\/youtu.be\/iJR4YCwXHH0\" rel=\"nofollow\"><img decoding=\"async\" src=\"https:\/\/emailchef.com\/wp-content\/plugins\/wp-youtube-lyte\/lyteCache.php?origThumbUrl=https%3A%2F%2Fi.ytimg.com%2Fvi%2FiJR4YCwXHH0%2F0.jpg\" alt=\"[EN] How to create a list and add or import contacts\" width=\"640\" height=\"340\" \/><br \/>Watch this video on YouTube<\/a><\/noscript><\/div><\/div><div class=\"lL\" style=\"max-width:100%;width:640px;margin:5px;\"><\/div>\n<div class=\"ec-video-button hide centered\">\n\t<a href=\"https:\/\/youtu.be\/iJR4YCwXHH0\" rel=\"prettyPhoto\" title=\"Play video\">Play video <i class=\"fa fa-play-circle fa-2x\"><\/i><\/a>\n<\/div><\/div>\n<div class=\"g1-space\" style=\"height: 25px;\"><\/div>\n\n<h3>A\u017eurirajte i upravljajte va\u0161im kontaktima<\/h3>\n<p>Upravljanje listama je <b>neophodan dio u pobolj\u0161anju kvalitete va\u0161ih marketin\u0161kih strategija<\/b>, kao i u produbljivanju znanja o va\u0161im klijentima.<\/p>\n\n<p>Zato Emailchef omogu\u0107uje dodavanje <b>prilago\u0111enih polja<\/b> na svaku od \u017eeljenih lista\/bazu podataka (na primjer, mo\u017eete nadodati dr\u017eavu, profesiju ili dob za svakog od kontakta &#8211; uz definiranje vrste podataka), tako\u0111er postoji jasan prikaz svakog kontakata koji se je <b>odjavio<\/b> ili na \u010diju e-mail adresu nije dostavljena po\u0161ta (eng.: bounce e-mail), ure\u0111ivati i a\u017eurirati podatke za svakog od pretplatnika (ili ih direktno odjaviti), i postaviti &#8220;<b>globalnu crnu listu<\/b>&#8221; (tj. lista adresa ili domena koje ne\u0107e primati nikakve e-mailove, bez obzira na njihovu pretplatni\u010dki status na svakoj od listi (na globalne liste mo\u017eete dodati pojedina\u010dne kontakte ili \u010dak cijele DNS domene).<\/p>\n<div class=\"g1-space\" style=\"height: 25px;\"><\/div>\n\n<h3>Segmentirajte va\u0161u bazu podataka<\/h3>\n<p>E-mail marketing je uspje\u0161niji kad je <b>ra\u0111en po mjeri<\/b>: pravi newsletter pravim ljudima. Stoga predla\u017eemo da segmentirate, tj. podjelite va\u0161u listu ili liste u odre\u0111ene skupine, prema \u017eeljenim kriterijima, kako biste mogli poslati va\u0161u prilago\u0111enu ponudu samo \u017eeljenoj skupini kontakata.<\/p>\n\n<p>Uz Emailchef mo\u017eete <b>stvarati pod-liste<\/b>, tj. <b>segmentacije kontakt listi<\/b> prema raznim kriterijima; na primjer odabirom \u017eeljene kriterije prema odre\u0111enom polju liste (npr. poslati e-mail samo nekoj skupini kontakata sa istom profesijom) ili koristiti napredne kriterije kao \u0161to su: datum pretplate na va\u0161 e-bilten; tip izvr\u0161ene pretplate, datum zadnjeg klikanja, otvaranja ili primanja e-biltena, u slu\u010daju da je va\u0161a poruka otvorena ili kliknuta,&#8230;<\/p>\n\n<p>I naravno, mo\u017eete prikupljati nove kontakte pomo\u0107u <a href=\"http:\/\/emailchef.com\/features\/subscription-form-editor\/\">e-obrazaca za prijavu<\/a> koju jednostavno mo\u017eete izraditi i postaviti na va\u0161u web stranicu, tim bolje ako na nekom istaknutom mjestu.<\/p>\t\t\t\t\t\t\t\t<\/div>\n\t\t\t\t<\/div>\n\t\t\t\t\t<\/div>\n\t\t<\/div>\n\t\t\t\t\t<\/div>\n\t\t<\/section>\n\t\t\t\t<\/div>\n\t\t","protected":false},"excerpt":{"rendered":"<p>Uspje\u0161na e-mail kampanja ovisi isklju\u010divo o kvaliteti e-mail listi: tako da je prvi zadatak za bilo koga tko se bavi e-mail marketingom, izra\u0111ivati i upravljati sa e-mail adresama temeljenih na dopu\u0161tenju pretplatnika. Emailchef vam poma\u017ee da sve to radite jednostavno: na raspolaganju su vam razni alati za pridobijanje novih pretplatnika, izrada neograni\u010denog broja e-mail listi, [&hellip;]<\/p>\n","protected":false},"author":6,"featured_media":0,"parent":5263,"menu_order":1,"comment_status":"closed","ping_status":"closed","template":"","meta":{"_acf_changed":false,"inline_featured_image":false,"footnotes":""},"g1_relation_tag":[],"class_list":["post-5270","page","type-page","status-publish","hentry"],"acf":[],"yoast_head":"<!-- This site is optimized with the Yoast SEO plugin v24.8.1 - https:\/\/yoast.com\/wordpress\/plugins\/seo\/ -->\n<title>Jednostavno upravljanje kontaktima - Emailchef<\/title>\n<meta name=\"robots\" content=\"index, follow, max-snippet:-1, max-image-preview:large, max-video-preview:-1\" \/>\n<link rel=\"canonical\" href=\"https:\/\/emailchef.com\/hr\/znacajke\/jednostavno-upravljanje-kontaktima\/\" \/>\n<meta name=\"twitter:label1\" content=\"Procijenjeno vrijeme \u010ditanja\" \/>\n\t<meta name=\"twitter:data1\" content=\"3 minute\" \/>\n<!-- \/ Yoast SEO plugin. -->","yoast_head_json":{"title":"Jednostavno upravljanje kontaktima - Emailchef","robots":{"index":"index","follow":"follow","max-snippet":"max-snippet:-1","max-image-preview":"max-image-preview:large","max-video-preview":"max-video-preview:-1"},"canonical":"https:\/\/emailchef.com\/hr\/znacajke\/jednostavno-upravljanje-kontaktima\/","twitter_misc":{"Procijenjeno vrijeme \u010ditanja":"3 minute"},"schema":{"@context":"https:\/\/schema.org","@graph":[{"@type":"WebPage","@id":"https:\/\/emailchef.com\/hr\/znacajke\/jednostavno-upravljanje-kontaktima\/","url":"https:\/\/emailchef.com\/hr\/znacajke\/jednostavno-upravljanje-kontaktima\/","name":"Jednostavno upravljanje kontaktima - Emailchef","isPartOf":{"@id":"https:\/\/emailchef.com\/hr\/#website"},"primaryImageOfPage":{"@id":"https:\/\/emailchef.com\/hr\/znacajke\/jednostavno-upravljanje-kontaktima\/#primaryimage"},"image":{"@id":"https:\/\/emailchef.com\/hr\/znacajke\/jednostavno-upravljanje-kontaktima\/#primaryimage"},"thumbnailUrl":"https:\/\/emailchef.com\/wp-content\/uploads\/2022\/06\/contacts-managment.png","datePublished":"2014-09-04T09:55:03+00:00","dateModified":"2022-07-11T12:31:46+00:00","breadcrumb":{"@id":"https:\/\/emailchef.com\/hr\/znacajke\/jednostavno-upravljanje-kontaktima\/#breadcrumb"},"inLanguage":"hr","potentialAction":[{"@type":"ReadAction","target":["https:\/\/emailchef.com\/hr\/znacajke\/jednostavno-upravljanje-kontaktima\/"]}]},{"@type":"ImageObject","inLanguage":"hr","@id":"https:\/\/emailchef.com\/hr\/znacajke\/jednostavno-upravljanje-kontaktima\/#primaryimage","url":"https:\/\/emailchef.com\/wp-content\/uploads\/2022\/06\/contacts-managment.png","contentUrl":"https:\/\/emailchef.com\/wp-content\/uploads\/2022\/06\/contacts-managment.png"},{"@type":"BreadcrumbList","@id":"https:\/\/emailchef.com\/hr\/znacajke\/jednostavno-upravljanje-kontaktima\/#breadcrumb","itemListElement":[{"@type":"ListItem","position":1,"name":"Home","item":"https:\/\/emailchef.com\/hr\/emailchef-email-marketing-usluge\/"},{"@type":"ListItem","position":2,"name":"Zna\u010dajke","item":"https:\/\/emailchef.com\/hr\/znacajke\/"},{"@type":"ListItem","position":3,"name":"Jednostavno upravljanje kontaktima"}]},{"@type":"WebSite","@id":"https:\/\/emailchef.com\/hr\/#website","url":"https:\/\/emailchef.com\/hr\/","name":"Emailchef","description":"Izvrsni recepti za e-mail marketing","publisher":{"@id":"https:\/\/emailchef.com\/hr\/#organization"},"potentialAction":[{"@type":"SearchAction","target":{"@type":"EntryPoint","urlTemplate":"https:\/\/emailchef.com\/hr\/?s={search_term_string}"},"query-input":{"@type":"PropertyValueSpecification","valueRequired":true,"valueName":"search_term_string"}}],"inLanguage":"hr"},{"@type":"Organization","@id":"https:\/\/emailchef.com\/hr\/#organization","name":"Delivery Tech Corp.","url":"https:\/\/emailchef.com\/hr\/","logo":{"@type":"ImageObject","inLanguage":"hr","@id":"https:\/\/emailchef.com\/hr\/#\/schema\/logo\/image\/","url":"https:\/\/emailchef.com\/wp-content\/uploads\/2022\/04\/logo-sama.png","contentUrl":"https:\/\/emailchef.com\/wp-content\/uploads\/2022\/04\/logo-sama.png","width":237,"height":80,"caption":"Delivery Tech Corp."},"image":{"@id":"https:\/\/emailchef.com\/hr\/#\/schema\/logo\/image\/"}}]}},"_links":{"self":[{"href":"https:\/\/emailchef.com\/hr\/wp-json\/wp\/v2\/pages\/5270"}],"collection":[{"href":"https:\/\/emailchef.com\/hr\/wp-json\/wp\/v2\/pages"}],"about":[{"href":"https:\/\/emailchef.com\/hr\/wp-json\/wp\/v2\/types\/page"}],"author":[{"embeddable":true,"href":"https:\/\/emailchef.com\/hr\/wp-json\/wp\/v2\/users\/6"}],"replies":[{"embeddable":true,"href":"https:\/\/emailchef.com\/hr\/wp-json\/wp\/v2\/comments?post=5270"}],"version-history":[{"count":8,"href":"https:\/\/emailchef.com\/hr\/wp-json\/wp\/v2\/pages\/5270\/revisions"}],"predecessor-version":[{"id":58460,"href":"https:\/\/emailchef.com\/hr\/wp-json\/wp\/v2\/pages\/5270\/revisions\/58460"}],"up":[{"embeddable":true,"href":"https:\/\/emailchef.com\/hr\/wp-json\/wp\/v2\/pages\/5263"}],"wp:attachment":[{"href":"https:\/\/emailchef.com\/hr\/wp-json\/wp\/v2\/media?parent=5270"}],"wp:term":[{"taxonomy":"g1_relation_tag","embeddable":true,"href":"https:\/\/emailchef.com\/hr\/wp-json\/wp\/v2\/g1_relation_tag?post=5270"}],"curies":[{"name":"wp","href":"https:\/\/api.w.org\/{rel}","templated":true}]}}