{"id":28124,"date":"2020-07-16T13:36:17","date_gmt":"2020-07-16T13:36:17","guid":{"rendered":"https:\/\/emailchef.com\/prezzi-restore\/"},"modified":"2022-06-13T09:19:16","modified_gmt":"2022-06-13T09:19:16","slug":"templates","status":"publish","type":"page","link":"https:\/\/emailchef.com\/hr\/templates\/","title":{"rendered":"Templates"},"content":{"rendered":"\t\t<div data-elementor-type=\"wp-page\" data-elementor-id=\"28124\" class=\"elementor elementor-28124 elementor-21622\" data-elementor-post-type=\"page\">\n\t\t\t\t\t\t<section class=\"elementor-section elementor-top-section elementor-element elementor-element-5dccb575 elementor-section-boxed elementor-section-height-default elementor-section-height-default\" data-id=\"5dccb575\" data-element_type=\"section\">\n\t\t\t\t\t\t<div class=\"elementor-container elementor-column-gap-default\">\n\t\t\t\t\t<div class=\"elementor-column elementor-col-100 elementor-top-column elementor-element elementor-element-6ff44cfb\" data-id=\"6ff44cfb\" data-element_type=\"column\">\n\t\t\t<div class=\"elementor-widget-wrap elementor-element-populated\">\n\t\t\t\t\t\t<div class=\"elementor-element elementor-element-2231b875 elementor-widget elementor-widget-text-editor\" data-id=\"2231b875\" data-element_type=\"widget\" data-widget_type=\"text-editor.default\">\n\t\t\t\t<div class=\"elementor-widget-container\">\n\t\t\t\t\t\t\t\t\t<style>\r\n\t.ec_templates div.gallery {\r\n\t  border: 1px solid #ccc;\r\n\t\tposition: relative;\r\n\t\toverflow: hidden;\r\n\t\tmargin-bottom: 20px;\r\n\t}\r\n\t.ec_templates div.gallery:hover {\r\n\t  border: 1px solid #777;\r\n\t}\r\n\t.ec_templates div.gallery img {\r\n\t\ttransition: .5s;\r\n\t  width: 100%;\r\n\t  height: auto;\r\n\t\tdisplay: block;\r\n\t}\r\n\t.ec_templates div.gallery:hover img{\r\n\t  transform: scale(1.1);\r\n\t}\r\n\t.ec_templates div.desc {\r\n\t\twidth: 100%;\r\n\t\tbottom: -150px;\r\n\t\tposition: absolute;\r\n\t\tpadding: 15px 10px;\r\n\t\ttext-align: center;\r\n\t\tleft: 0;\r\n\t\tcolor: #FFFFFF;\r\n\t\tbackground-color: #899399;\r\n\t\ttransition: .5s;\r\n\t\t-webkit-box-shadow: 0px 0px 16px 0px rgba(0,0,0,0.33); \r\n\t\tbox-shadow: 0px 0px 16px 0px rgba(0,0,0,0.33);\r\n\t}\r\n\t.ec_templates .gallery:hover div.desc {\r\n\t\tbottom: 0;\r\n\t}\r\n\t.ec_templates * {\r\n\t  box-sizing: border-box;\r\n\t}\r\n\t.ec_templates-button{\r\n\t\tposition: absolute;\r\n\t\twidth: 100%;\r\n\t\theight: 100%;\r\n\t\tdisplay: flex;\r\n\t\ttop: 0;\r\n\t\tleft: 0;\r\n\t\talign-items: center;\r\n\t\tjustify-content: center;\r\n\t}\r\n\t.ec_templates a{\r\n\t\ttransition: .5s;\r\n\t\tdisplay: flex;\r\n\t\twidth: 100%;\r\n\t\theight: 100%;\r\n\t\tposition: relative;\r\n\t\ttop: 0;\r\n\t\tbottom: 0;\r\n\t\tleft: 0;\r\n\t\talign-items: center;\r\n\t\tjustify-content: center;\r\n\t}\r\n\t.ec_templates .responsive {\r\n\t  padding: 0 10px;\r\n\t  float: left;\r\n\t  width: 24.99999%;\r\n\t}\r\n\t.ec_templates .elementor-button-content-wrapper{\r\n\t\tdisplay: -webkit-box;\r\n\t\tdisplay: -ms-flexbox;\r\n\t\tdisplay: flex;\r\n\t\t-webkit-box-pack: center;\r\n\t\t-ms-flex-pack: center;\r\n\t\tjustify-content: center;\r\n\t\twidth: 100%;\r\n\t\theight: 100%;\r\n\t\tposition: absolute;\r\n\t\ttop: 0;\r\n\t\talign-items: center;\r\n\t}\r\n\t.ec_templates .elementor-button{\r\n\t\tbackground-color: #23244E;\r\n\t}\r\n\t@media only screen and (max-width: 1024px) {\r\n\t  .ec_templates .responsive {\r\n\t\twidth: 32.99999%;\r\n\t\tmargin: 6px 0;\r\n\t  }\r\n\t}\r\n\t@media only screen and (max-width: 600px) {\r\n\t  .ec_templates .responsive {\r\n\t\twidth: 100%;\r\n\t  }\r\n\t}\r\n\t\r\n<\/style>\r\n<div class=\"ec_templates clearfix\">\r\n\t<div class=\"responsive\">\r\n\t  <div class=\"gallery\">\r\n\t\t  <a href=\"https:\/\/www.emailchef.com\/editor?id=1245&#038;lang=hr\" class=\"\" role=\"button\">\r\n\t\t\t<img decoding=\"async\" src=\"https:\/\/mailstyler.s3.amazonaws.com\/templates\/2\/1245_1710947392.png\">\r\n\t\t\t<span class=\"elementor-button-content-wrapper\">\r\n\t\t\t\t<span class=\"elementor-button-link elementor-button elementor-size-md\">Otvori u ure\u0111iva\u010du<\/span>\r\n\t\t\t<\/span>\r\n\t\t<\/a>\r\n\t\t<div class=\"desc\">Spring &#8211; perfumery<\/div>\r\n\t  <\/div>\r\n\t<\/div>\r\n\t\t<div class=\"responsive\">\r\n\t  <div class=\"gallery\">\r\n\t\t  <a href=\"https:\/\/www.emailchef.com\/editor?id=1044&#038;lang=hr\" class=\"\" role=\"button\">\r\n\t\t\t<img decoding=\"async\" src=\"https:\/\/mailstyler.s3.amazonaws.com\/templates\/2\/1044_1658830850.png\">\r\n\t\t\t<span class=\"elementor-button-content-wrapper\">\r\n\t\t\t\t<span class=\"elementor-button-link elementor-button elementor-size-md\">Otvori u ure\u0111iva\u010du<\/span>\r\n\t\t\t<\/span>\r\n\t\t<\/a>\r\n\t\t<div class=\"desc\">Webinar invitation<\/div>\r\n\t  <\/div>\r\n\t<\/div>\r\n\t\t<div class=\"responsive\">\r\n\t  <div class=\"gallery\">\r\n\t\t  <a href=\"https:\/\/www.emailchef.com\/editor?id=1063&#038;lang=hr\" class=\"\" role=\"button\">\r\n\t\t\t<img decoding=\"async\" src=\"https:\/\/mailstyler.s3.amazonaws.com\/templates\/2\/1063_1726048982.png\">\r\n\t\t\t<span class=\"elementor-button-content-wrapper\">\r\n\t\t\t\t<span class=\"elementor-button-link elementor-button elementor-size-md\">Otvori u ure\u0111iva\u010du<\/span>\r\n\t\t\t<\/span>\r\n\t\t<\/a>\r\n\t\t<div class=\"desc\">Online course<\/div>\r\n\t  <\/div>\r\n\t<\/div>\r\n\t\t<div class=\"responsive\">\r\n\t  <div class=\"gallery\">\r\n\t\t  <a href=\"https:\/\/www.emailchef.com\/editor?id=1221&#038;lang=hr\" class=\"\" role=\"button\">\r\n\t\t\t<img decoding=\"async\" src=\"https:\/\/mailstyler.s3.amazonaws.com\/templates\/2\/1221_1675071482.png\">\r\n\t\t\t<span class=\"elementor-button-content-wrapper\">\r\n\t\t\t\t<span class=\"elementor-button-link elementor-button elementor-size-md\">Otvori u ure\u0111iva\u010du<\/span>\r\n\t\t\t<\/span>\r\n\t\t<\/a>\r\n\t\t<div class=\"desc\">Welcome email<\/div>\r\n\t  <\/div>\r\n\t<\/div>\r\n\t\t<div class=\"responsive\">\r\n\t  <div class=\"gallery\">\r\n\t\t  <a href=\"https:\/\/www.emailchef.com\/editor?id=1033&#038;lang=hr\" class=\"\" role=\"button\">\r\n\t\t\t<img decoding=\"async\" src=\"https:\/\/mailstyler.s3.amazonaws.com\/templates\/2\/1033_1652794147.png\">\r\n\t\t\t<span class=\"elementor-button-content-wrapper\">\r\n\t\t\t\t<span class=\"elementor-button-link elementor-button elementor-size-md\">Otvori u ure\u0111iva\u010du<\/span>\r\n\t\t\t<\/span>\r\n\t\t<\/a>\r\n\t\t<div class=\"desc\">Crazy for sport<\/div>\r\n\t  <\/div>\r\n\t<\/div>\r\n\t\t<div class=\"responsive\">\r\n\t  <div class=\"gallery\">\r\n\t\t  <a href=\"https:\/\/www.emailchef.com\/editor?id=1311&#038;lang=hr\" class=\"\" role=\"button\">\r\n\t\t\t<img decoding=\"async\" src=\"https:\/\/mailstyler.s3.amazonaws.com\/templates\/2\/1311_1658762125.png\">\r\n\t\t\t<span class=\"elementor-button-content-wrapper\">\r\n\t\t\t\t<span class=\"elementor-button-link elementor-button elementor-size-md\">Otvori u ure\u0111iva\u010du<\/span>\r\n\t\t\t<\/span>\r\n\t\t<\/a>\r\n\t\t<div class=\"desc\">Charity &#8211; elderly care<\/div>\r\n\t  <\/div>\r\n\t<\/div>\r\n\t\t<div class=\"responsive\">\r\n\t  <div class=\"gallery\">\r\n\t\t  <a href=\"https:\/\/www.emailchef.com\/editor?id=1304&#038;lang=hr\" class=\"\" role=\"button\">\r\n\t\t\t<img decoding=\"async\" src=\"https:\/\/mailstyler.s3.amazonaws.com\/templates\/2\/1304_1654252509.png\">\r\n\t\t\t<span class=\"elementor-button-content-wrapper\">\r\n\t\t\t\t<span class=\"elementor-button-link elementor-button elementor-size-md\">Otvori u ure\u0111iva\u010du<\/span>\r\n\t\t\t<\/span>\r\n\t\t<\/a>\r\n\t\t<div class=\"desc\">Delivery food<\/div>\r\n\t  <\/div>\r\n\t<\/div>\r\n\t\t<div class=\"responsive\">\r\n\t  <div class=\"gallery\">\r\n\t\t  <a href=\"https:\/\/www.emailchef.com\/editor?id=1296&#038;lang=hr\" class=\"\" role=\"button\">\r\n\t\t\t<img decoding=\"async\" src=\"https:\/\/mailstyler.s3.amazonaws.com\/templates\/2\/1296_1658828609.png\">\r\n\t\t\t<span class=\"elementor-button-content-wrapper\">\r\n\t\t\t\t<span class=\"elementor-button-link elementor-button elementor-size-md\">Otvori u ure\u0111iva\u010du<\/span>\r\n\t\t\t<\/span>\r\n\t\t<\/a>\r\n\t\t<div class=\"desc\">Happy birthday &#8211; cake<\/div>\r\n\t  <\/div>\r\n\t<\/div>\r\n\t\t<div class=\"responsive\">\r\n\t  <div class=\"gallery\">\r\n\t\t  <a href=\"https:\/\/www.emailchef.com\/editor?id=1383&#038;lang=hr\" class=\"\" role=\"button\">\r\n\t\t\t<img decoding=\"async\" src=\"https:\/\/mailstyler.s3.amazonaws.com\/templates\/2\/1383_1654248841.png\">\r\n\t\t\t<span class=\"elementor-button-content-wrapper\">\r\n\t\t\t\t<span class=\"elementor-button-link elementor-button elementor-size-md\">Otvori u ure\u0111iva\u010du<\/span>\r\n\t\t\t<\/span>\r\n\t\t<\/a>\r\n\t\t<div class=\"desc\">Website creator &#8211; welcome email<\/div>\r\n\t  <\/div>\r\n\t<\/div>\r\n\t\t<div class=\"responsive\">\r\n\t  <div class=\"gallery\">\r\n\t\t  <a href=\"https:\/\/www.emailchef.com\/editor?id=1405&#038;lang=hr\" class=\"\" role=\"button\">\r\n\t\t\t<img decoding=\"async\" src=\"https:\/\/mailstyler.s3.amazonaws.com\/templates\/2\/1405_1654251942.png\">\r\n\t\t\t<span class=\"elementor-button-content-wrapper\">\r\n\t\t\t\t<span class=\"elementor-button-link elementor-button elementor-size-md\">Otvori u ure\u0111iva\u010du<\/span>\r\n\t\t\t<\/span>\r\n\t\t<\/a>\r\n\t\t<div class=\"desc\">Clothing &#8211; abandoned cart<\/div>\r\n\t  <\/div>\r\n\t<\/div>\r\n\t\t<div class=\"responsive\">\r\n\t  <div class=\"gallery\">\r\n\t\t  <a href=\"https:\/\/www.emailchef.com\/editor?id=1655&#038;lang=hr\" class=\"\" role=\"button\">\r\n\t\t\t<img decoding=\"async\" src=\"https:\/\/mailstyler.s3.amazonaws.com\/templates\/2\/1655_1654252174.png\">\r\n\t\t\t<span class=\"elementor-button-content-wrapper\">\r\n\t\t\t\t<span class=\"elementor-button-link elementor-button elementor-size-md\">Otvori u ure\u0111iva\u010du<\/span>\r\n\t\t\t<\/span>\r\n\t\t<\/a>\r\n\t\t<div class=\"desc\">European restaurant<\/div>\r\n\t  <\/div>\r\n\t<\/div>\r\n\t\t<div class=\"responsive\">\r\n\t  <div class=\"gallery\">\r\n\t\t  <a href=\"https:\/\/www.emailchef.com\/editor?id=1267&#038;lang=hr\" class=\"\" role=\"button\">\r\n\t\t\t<img decoding=\"async\" src=\"https:\/\/mailstyler.s3.amazonaws.com\/templates\/2\/1267_1658850209.png\">\r\n\t\t\t<span class=\"elementor-button-content-wrapper\">\r\n\t\t\t\t<span class=\"elementor-button-link elementor-button elementor-size-md\">Otvori u ure\u0111iva\u010du<\/span>\r\n\t\t\t<\/span>\r\n\t\t<\/a>\r\n\t\t<div class=\"desc\">HC &#8211; welcome email<\/div>\r\n\t  <\/div>\r\n\t<\/div>\r\n\t<\/div>\r\n\t\t\t\t\t\t\t\t<\/div>\n\t\t\t\t<\/div>\n\t\t\t\t\t<\/div>\n\t\t<\/div>\n\t\t\t\t\t<\/div>\n\t\t<\/section>\n\t\t\t\t<section class=\"elementor-section elementor-top-section elementor-element elementor-element-70fe8742 elementor-section-boxed elementor-section-height-default elementor-section-height-default\" data-id=\"70fe8742\" data-element_type=\"section\">\n\t\t\t\t\t\t<div class=\"elementor-container elementor-column-gap-default\">\n\t\t\t\t\t<div class=\"elementor-column elementor-col-100 elementor-top-column elementor-element elementor-element-790a3895\" data-id=\"790a3895\" data-element_type=\"column\">\n\t\t\t<div class=\"elementor-widget-wrap elementor-element-populated\">\n\t\t\t\t\t\t<div class=\"elementor-element elementor-element-bb352e1 elementor-widget elementor-widget-text-editor\" data-id=\"bb352e1\" data-element_type=\"widget\" data-widget_type=\"text-editor.default\">\n\t\t\t\t<div class=\"elementor-widget-container\">\n\t\t\t\t\t\t\t\t\t<p>Me\u0111u preko <strong> predlo\u017eaka &#8211; koji<\/strong> su svi temeljito testirani, razvrstani po kategorijama i jezicima &#8211; sigurno \u0107ete prona\u0107i onaj pravi predlo\u017eak za va\u0161e potrebe&#8230; ali to nije sve!<\/p>\t\t\t\t\t\t\t\t<\/div>\n\t\t\t\t<\/div>\n\t\t\t\t\t<\/div>\n\t\t<\/div>\n\t\t\t\t\t<\/div>\n\t\t<\/section>\n\t\t\t\t<section class=\"elementor-section elementor-top-section elementor-element elementor-element-615722be elementor-section-boxed elementor-section-height-default elementor-section-height-default\" data-id=\"615722be\" data-element_type=\"section\">\n\t\t\t\t\t\t<div class=\"elementor-container elementor-column-gap-default\">\n\t\t\t\t\t<div class=\"elementor-column elementor-col-100 elementor-top-column elementor-element elementor-element-23d0068e\" data-id=\"23d0068e\" data-element_type=\"column\">\n\t\t\t<div class=\"elementor-widget-wrap elementor-element-populated\">\n\t\t\t\t\t\t<div class=\"elementor-element elementor-element-b531e63 elementor-widget elementor-widget-text-editor\" data-id=\"b531e63\" data-element_type=\"widget\" data-widget_type=\"text-editor.default\">\n\t\t\t\t<div class=\"elementor-widget-container\">\n\t\t\t\t\t\t\t\t\t<p>I voil\u00e0&#8230; Newsletter je serviran!<\/p>\t\t\t\t\t\t\t\t<\/div>\n\t\t\t\t<\/div>\n\t\t\t\t\t<\/div>\n\t\t<\/div>\n\t\t\t\t\t<\/div>\n\t\t<\/section>\n\t\t\t\t<\/div>\n\t\t","protected":false},"excerpt":{"rendered":"Me\u0111u preko predlo\u017eaka &#8211; koji su svi temeljito testirani, razvrstani po kategorijama i jezicima &#8211; sigurno \u0107ete prona\u0107i onaj pravi predlo\u017eak za va\u0161e potrebe&#8230; ali to nije sve! I voil\u00e0&#8230; Newsletter je serviran!","protected":false},"author":2,"featured_media":0,"parent":0,"menu_order":0,"comment_status":"closed","ping_status":"closed","template":"","meta":{"_acf_changed":false,"inline_featured_image":false,"footnotes":""},"g1_relation_tag":[],"class_list":["post-28124","page","type-page","status-publish","hentry"],"acf":[],"yoast_head":"<!-- This site is optimized with the Yoast SEO plugin v24.8.1 - https:\/\/yoast.com\/wordpress\/plugins\/seo\/ -->\n<title>Templates - Emailchef<\/title>\n<meta name=\"robots\" content=\"noindex, nofollow\" \/>\n<meta name=\"twitter:label1\" content=\"Procijenjeno vrijeme \u010ditanja\" \/>\n\t<meta name=\"twitter:data1\" content=\"1 minuta\" \/>\n<!-- \/ Yoast SEO plugin. -->","yoast_head_json":{"title":"Templates - Emailchef","robots":{"index":"noindex","follow":"nofollow"},"twitter_misc":{"Procijenjeno vrijeme \u010ditanja":"1 minuta"},"schema":{"@context":"https:\/\/schema.org","@graph":[{"@type":"WebPage","@id":"https:\/\/emailchef.com\/hr\/templates\/","url":"https:\/\/emailchef.com\/hr\/templates\/","name":"Templates - Emailchef","isPartOf":{"@id":"https:\/\/emailchef.com\/hr\/#website"},"datePublished":"2020-07-16T13:36:17+00:00","dateModified":"2022-06-13T09:19:16+00:00","breadcrumb":{"@id":"https:\/\/emailchef.com\/hr\/templates\/#breadcrumb"},"inLanguage":"hr","potentialAction":[{"@type":"ReadAction","target":["https:\/\/emailchef.com\/hr\/templates\/"]}]},{"@type":"BreadcrumbList","@id":"https:\/\/emailchef.com\/hr\/templates\/#breadcrumb","itemListElement":[{"@type":"ListItem","position":1,"name":"Home","item":"https:\/\/emailchef.com\/hr\/emailchef-email-marketing-usluge\/"},{"@type":"ListItem","position":2,"name":"Templates"}]},{"@type":"WebSite","@id":"https:\/\/emailchef.com\/hr\/#website","url":"https:\/\/emailchef.com\/hr\/","name":"Emailchef","description":"Izvrsni recepti za e-mail marketing","publisher":{"@id":"https:\/\/emailchef.com\/hr\/#organization"},"potentialAction":[{"@type":"SearchAction","target":{"@type":"EntryPoint","urlTemplate":"https:\/\/emailchef.com\/hr\/?s={search_term_string}"},"query-input":{"@type":"PropertyValueSpecification","valueRequired":true,"valueName":"search_term_string"}}],"inLanguage":"hr"},{"@type":"Organization","@id":"https:\/\/emailchef.com\/hr\/#organization","name":"Delivery Tech Corp.","url":"https:\/\/emailchef.com\/hr\/","logo":{"@type":"ImageObject","inLanguage":"hr","@id":"https:\/\/emailchef.com\/hr\/#\/schema\/logo\/image\/","url":"https:\/\/emailchef.com\/wp-content\/uploads\/2022\/04\/logo-sama.png","contentUrl":"https:\/\/emailchef.com\/wp-content\/uploads\/2022\/04\/logo-sama.png","width":237,"height":80,"caption":"Delivery Tech Corp."},"image":{"@id":"https:\/\/emailchef.com\/hr\/#\/schema\/logo\/image\/"}}]}},"_links":{"self":[{"href":"https:\/\/emailchef.com\/hr\/wp-json\/wp\/v2\/pages\/28124"}],"collection":[{"href":"https:\/\/emailchef.com\/hr\/wp-json\/wp\/v2\/pages"}],"about":[{"href":"https:\/\/emailchef.com\/hr\/wp-json\/wp\/v2\/types\/page"}],"author":[{"embeddable":true,"href":"https:\/\/emailchef.com\/hr\/wp-json\/wp\/v2\/users\/2"}],"replies":[{"embeddable":true,"href":"https:\/\/emailchef.com\/hr\/wp-json\/wp\/v2\/comments?post=28124"}],"version-history":[{"count":20,"href":"https:\/\/emailchef.com\/hr\/wp-json\/wp\/v2\/pages\/28124\/revisions"}],"predecessor-version":[{"id":54201,"href":"https:\/\/emailchef.com\/hr\/wp-json\/wp\/v2\/pages\/28124\/revisions\/54201"}],"wp:attachment":[{"href":"https:\/\/emailchef.com\/hr\/wp-json\/wp\/v2\/media?parent=28124"}],"wp:term":[{"taxonomy":"g1_relation_tag","embeddable":true,"href":"https:\/\/emailchef.com\/hr\/wp-json\/wp\/v2\/g1_relation_tag?post=28124"}],"curies":[{"name":"wp","href":"https:\/\/api.w.org\/{rel}","templated":true}]}}