{"id":93578,"date":"2023-03-31T09:34:21","date_gmt":"2023-03-31T09:34:21","guid":{"rendered":"https:\/\/emailchef.com\/?page_id=93578"},"modified":"2026-02-04T09:25:14","modified_gmt":"2026-02-04T09:25:14","slug":"migration-gratuite-depuis-mailchimp-passez-a-emailchef","status":"publish","type":"page","link":"https:\/\/emailchef.com\/fr\/migration-gratuite-depuis-mailchimp-passez-a-emailchef\/","title":{"rendered":"Migration gratuite depuis Mailchimp: Passez \u00e0 Emailchef"},"content":{"rendered":"\t\t<div data-elementor-type=\"wp-page\" data-elementor-id=\"93578\" class=\"elementor elementor-93578 elementor-62772\" data-elementor-post-type=\"page\">\n\t\t\t\t\t\t<section class=\"elementor-section elementor-top-section elementor-element elementor-element-609dd4b elementor-section-boxed elementor-section-height-default elementor-section-height-default\" data-id=\"609dd4b\" data-element_type=\"section\">\n\t\t\t\t\t\t<div class=\"elementor-container elementor-column-gap-default\">\n\t\t\t\t\t<div class=\"elementor-column elementor-col-100 elementor-top-column elementor-element elementor-element-541c668\" data-id=\"541c668\" data-element_type=\"column\">\n\t\t\t<div class=\"elementor-widget-wrap elementor-element-populated\">\n\t\t\t\t\t\t<div class=\"elementor-element elementor-element-54e5f63 elementor-hidden-mobile elementor-widget elementor-widget-image\" data-id=\"54e5f63\" data-element_type=\"widget\" data-widget_type=\"image.default\">\n\t\t\t\t<div class=\"elementor-widget-container\">\n\t\t\t\t\t\t\t\t\t\t\t\t\t\t\t<img fetchpriority=\"high\" decoding=\"async\" width=\"1100\" height=\"495\" src=\"https:\/\/emailchef.com\/wp-content\/uploads\/2026\/02\/migration-gratuite-depuis-mailchimp-passez-a-emailchef.png\" class=\"attachment-full size-full wp-image-93581\" alt=\"Migration gratuite depuis Mailchimp: Passez \u00e0 Emailchef\" srcset=\"https:\/\/emailchef.com\/wp-content\/uploads\/2026\/02\/migration-gratuite-depuis-mailchimp-passez-a-emailchef.png 1100w, https:\/\/emailchef.com\/wp-content\/uploads\/2026\/02\/migration-gratuite-depuis-mailchimp-passez-a-emailchef-300x135.png 300w, https:\/\/emailchef.com\/wp-content\/uploads\/2026\/02\/migration-gratuite-depuis-mailchimp-passez-a-emailchef-1024x461.png 1024w, https:\/\/emailchef.com\/wp-content\/uploads\/2026\/02\/migration-gratuite-depuis-mailchimp-passez-a-emailchef-768x346.png 768w\" sizes=\"(max-width: 1100px) 100vw, 1100px\" \/>\t\t\t\t\t\t\t\t\t\t\t\t\t\t\t<\/div>\n\t\t\t\t<\/div>\n\t\t\t\t\t<\/div>\n\t\t<\/div>\n\t\t\t\t\t<\/div>\n\t\t<\/section>\n\t\t\t\t<section class=\"elementor-section elementor-top-section elementor-element elementor-element-599905e4 elementor-section-boxed elementor-section-height-default elementor-section-height-default\" data-id=\"599905e4\" data-element_type=\"section\">\n\t\t\t\t\t\t<div class=\"elementor-container elementor-column-gap-default\">\n\t\t\t\t\t<div class=\"elementor-column elementor-col-100 elementor-top-column elementor-element elementor-element-4c881057\" data-id=\"4c881057\" data-element_type=\"column\">\n\t\t\t<div class=\"elementor-widget-wrap elementor-element-populated\">\n\t\t\t\t\t\t<div class=\"elementor-element elementor-element-4d682a6c elementor-headline--style-highlight elementor-widget elementor-widget-animated-headline\" data-id=\"4d682a6c\" data-element_type=\"widget\" data-settings=\"{&quot;marker&quot;:&quot;underline&quot;,&quot;highlighted_text&quot;:&quot;prot\\u00e9ger la confidentialit\\u00e9 de vos clients&quot;,&quot;headline_style&quot;:&quot;highlight&quot;,&quot;highlight_animation_duration&quot;:1200}\" data-widget_type=\"animated-headline.default\">\n\t\t\t\t<div class=\"elementor-widget-container\">\n\t\t\t\t\t\t\t<h2 class=\"elementor-headline\">\n\t\t\t\t\t<span class=\"elementor-headline-plain-text elementor-headline-text-wrapper\">Bienvenue sur Emailchef, une plateforme d\u2019email marketing s\u00e9curis\u00e9e et fiable, con\u00e7ue pour<\/span>\n\t\t\t\t<span class=\"elementor-headline-dynamic-wrapper elementor-headline-text-wrapper\">\n\t\t\t\t\t<span class=\"elementor-headline-dynamic-text elementor-headline-text-active\">prot\u00e9ger la confidentialit\u00e9 de vos clients<\/span>\n\t\t\t\t<\/span>\n\t\t\t\t\t<span class=\"elementor-headline-plain-text elementor-headline-text-wrapper\">et aider votre entreprise \u00e0 communiquer efficacement.<\/span>\n\t\t\t\t\t<\/h2>\n\t\t\t\t\t\t<\/div>\n\t\t\t\t<\/div>\n\t\t\t\t<div class=\"elementor-element elementor-element-29da20a elementor-widget elementor-widget-text-editor\" data-id=\"29da20a\" data-element_type=\"widget\" data-widget_type=\"text-editor.default\">\n\t\t\t\t<div class=\"elementor-widget-container\">\n\t\t\t\t\t\t\t\t\t<p>Vous recherchez une <strong>alternative solide \u00e0 Mailchimp<\/strong> ? Emailchef est enti\u00e8rement conforme au RGPD et \u00e0 la loi CAN-SPAM, vous offrant des campagnes d\u2019emailing s\u00fbres et conformes. Contrairement \u00e0 Mailchimp, qui ne respecte pas pleinement le RGPD, Emailchef garantit que vos envois r\u00e9pondent aux normes de confidentialit\u00e9 les plus strictes de l\u2019Union europ\u00e9enne et restent conformes \u00e0 la l\u00e9gislation am\u00e9ricaine sur l\u2019email.<\/p>\t\t\t\t\t\t\t\t<\/div>\n\t\t\t\t<\/div>\n\t\t\t\t<section class=\"elementor-section elementor-inner-section elementor-element elementor-element-cc54531 elementor-section-boxed elementor-section-height-default elementor-section-height-default\" data-id=\"cc54531\" data-element_type=\"section\">\n\t\t\t\t\t\t<div class=\"elementor-container elementor-column-gap-default\">\n\t\t\t\t\t<div class=\"elementor-column elementor-col-50 elementor-inner-column elementor-element elementor-element-2c43277\" data-id=\"2c43277\" data-element_type=\"column\" data-settings=\"{&quot;background_background&quot;:&quot;classic&quot;}\">\n\t\t\t<div class=\"elementor-widget-wrap elementor-element-populated\">\n\t\t\t\t\t\t<div class=\"elementor-element elementor-element-e08bc60 elementor-widget elementor-widget-heading\" data-id=\"e08bc60\" data-element_type=\"widget\" data-widget_type=\"heading.default\">\n\t\t\t\t<div class=\"elementor-widget-container\">\n\t\t\t\t\t<h3 class=\"elementor-heading-title elementor-size-default\">\ud83d\udd12<\/h3>\t\t\t\t<\/div>\n\t\t\t\t<\/div>\n\t\t\t\t<div class=\"elementor-element elementor-element-2bbb3e9 elementor-widget elementor-widget-heading\" data-id=\"2bbb3e9\" data-element_type=\"widget\" data-widget_type=\"heading.default\">\n\t\t\t\t<div class=\"elementor-widget-container\">\n\t\t\t\t\t<h3 class=\"elementor-heading-title elementor-size-default\">Une conformit\u00e9 qui prot\u00e8ge votre entreprise<\/h3>\t\t\t\t<\/div>\n\t\t\t\t<\/div>\n\t\t\t\t<div class=\"elementor-element elementor-element-ebe8ea7 elementor-widget elementor-widget-text-editor\" data-id=\"ebe8ea7\" data-element_type=\"widget\" data-widget_type=\"text-editor.default\">\n\t\t\t\t<div class=\"elementor-widget-container\">\n\t\t\t\t\t\t\t\t\t<p>Emailchef traite les donn\u00e9es de vos clients de mani\u00e8re responsable et vous aide \u00e0 rester en conformit\u00e9 avec les r\u00e9glementations europ\u00e9ennes en mati\u00e8re de protection des donn\u00e9es ainsi qu\u2019avec les lois am\u00e9ricaines. Cela r\u00e9duit les risques juridiques et renforce la confiance de vos clients.<\/p>\t\t\t\t\t\t\t\t<\/div>\n\t\t\t\t<\/div>\n\t\t\t\t\t<\/div>\n\t\t<\/div>\n\t\t\t\t<div class=\"elementor-column elementor-col-50 elementor-inner-column elementor-element elementor-element-987e13f\" data-id=\"987e13f\" data-element_type=\"column\" data-settings=\"{&quot;background_background&quot;:&quot;classic&quot;}\">\n\t\t\t<div class=\"elementor-widget-wrap elementor-element-populated\">\n\t\t\t\t\t\t<div class=\"elementor-element elementor-element-7a0e578 elementor-widget elementor-widget-heading\" data-id=\"7a0e578\" data-element_type=\"widget\" data-widget_type=\"heading.default\">\n\t\t\t\t<div class=\"elementor-widget-container\">\n\t\t\t\t\t<h3 class=\"elementor-heading-title elementor-size-default\">\ud83e\udd1d<\/h3>\t\t\t\t<\/div>\n\t\t\t\t<\/div>\n\t\t\t\t<div class=\"elementor-element elementor-element-8598d8c elementor-widget elementor-widget-heading\" data-id=\"8598d8c\" data-element_type=\"widget\" data-widget_type=\"heading.default\">\n\t\t\t\t<div class=\"elementor-widget-container\">\n\t\t\t\t\t<h3 class=\"elementor-heading-title elementor-size-default\">Un support humain en fran\u00e7ais<\/h3>\t\t\t\t<\/div>\n\t\t\t\t<\/div>\n\t\t\t\t<div class=\"elementor-element elementor-element-83d27ef elementor-widget elementor-widget-text-editor\" data-id=\"83d27ef\" data-element_type=\"widget\" data-widget_type=\"text-editor.default\">\n\t\t\t\t<div class=\"elementor-widget-container\">\n\t\t\t\t\t\t\t\t\t<p>Notre \u00e9quipe d\u2019assistance est compos\u00e9e de personnes r\u00e9elles, et non de chatbots. Nous parlons fran\u00e7ais et sommes pr\u00eats \u00e0 vous offrir un accompagnement personnalis\u00e9 \u00e0 chaque \u00e9tape. Oubliez les r\u00e9ponses automatis\u00e9es et b\u00e9n\u00e9ficiez d\u2019une aide humaine, claire et efficace.<\/p>\t\t\t\t\t\t\t\t<\/div>\n\t\t\t\t<\/div>\n\t\t\t\t\t<\/div>\n\t\t<\/div>\n\t\t\t\t\t<\/div>\n\t\t<\/section>\n\t\t\t\t<section class=\"elementor-section elementor-inner-section elementor-element elementor-element-5f4c4bd elementor-section-boxed elementor-section-height-default elementor-section-height-default\" data-id=\"5f4c4bd\" data-element_type=\"section\">\n\t\t\t\t\t\t<div class=\"elementor-container elementor-column-gap-default\">\n\t\t\t\t\t<div class=\"elementor-column elementor-col-50 elementor-inner-column elementor-element elementor-element-fdd12a0\" data-id=\"fdd12a0\" data-element_type=\"column\" data-settings=\"{&quot;background_background&quot;:&quot;classic&quot;}\">\n\t\t\t<div class=\"elementor-widget-wrap elementor-element-populated\">\n\t\t\t\t\t\t<div class=\"elementor-element elementor-element-6fabbf9 elementor-widget elementor-widget-heading\" data-id=\"6fabbf9\" data-element_type=\"widget\" data-widget_type=\"heading.default\">\n\t\t\t\t<div class=\"elementor-widget-container\">\n\t\t\t\t\t<h3 class=\"elementor-heading-title elementor-size-default\">\ud83d\ude80<\/h3>\t\t\t\t<\/div>\n\t\t\t\t<\/div>\n\t\t\t\t<div class=\"elementor-element elementor-element-f7263cc elementor-widget elementor-widget-heading\" data-id=\"f7263cc\" data-element_type=\"widget\" data-widget_type=\"heading.default\">\n\t\t\t\t<div class=\"elementor-widget-container\">\n\t\t\t\t\t<h3 class=\"elementor-heading-title elementor-size-default\">Une migration simple et sans stress<\/h3>\t\t\t\t<\/div>\n\t\t\t\t<\/div>\n\t\t\t\t<div class=\"elementor-element elementor-element-1c006d0 elementor-widget elementor-widget-text-editor\" data-id=\"1c006d0\" data-element_type=\"widget\" data-widget_type=\"text-editor.default\">\n\t\t\t\t<div class=\"elementor-widget-container\">\n\t\t\t\t\t\t\t\t\t<p>Changer de plateforme ne doit pas \u00eatre compliqu\u00e9. Nos experts vous accompagnent tout au long du processus, en important vos listes de contacts, vos mod\u00e8les d\u2019email et vos param\u00e8tres afin d\u2019assurer une transition fluide et sans interruption.<\/p>\t\t\t\t\t\t\t\t<\/div>\n\t\t\t\t<\/div>\n\t\t\t\t\t<\/div>\n\t\t<\/div>\n\t\t\t\t<div class=\"elementor-column elementor-col-50 elementor-inner-column elementor-element elementor-element-cfe37e4\" data-id=\"cfe37e4\" data-element_type=\"column\" data-settings=\"{&quot;background_background&quot;:&quot;classic&quot;}\">\n\t\t\t<div class=\"elementor-widget-wrap elementor-element-populated\">\n\t\t\t\t\t\t<div class=\"elementor-element elementor-element-32f1cdc elementor-widget elementor-widget-heading\" data-id=\"32f1cdc\" data-element_type=\"widget\" data-widget_type=\"heading.default\">\n\t\t\t\t<div class=\"elementor-widget-container\">\n\t\t\t\t\t<h3 class=\"elementor-heading-title elementor-size-default\">\u274c<\/h3>\t\t\t\t<\/div>\n\t\t\t\t<\/div>\n\t\t\t\t<div class=\"elementor-element elementor-element-c7ca5a7 elementor-widget elementor-widget-heading\" data-id=\"c7ca5a7\" data-element_type=\"widget\" data-widget_type=\"heading.default\">\n\t\t\t\t<div class=\"elementor-widget-container\">\n\t\t\t\t\t<h3 class=\"elementor-heading-title elementor-size-default\">Aucun co\u00fbt cach\u00e9 pour la migration<\/h3>\t\t\t\t<\/div>\n\t\t\t\t<\/div>\n\t\t\t\t<div class=\"elementor-element elementor-element-b039008 elementor-widget elementor-widget-text-editor\" data-id=\"b039008\" data-element_type=\"widget\" data-widget_type=\"text-editor.default\">\n\t\t\t\t<div class=\"elementor-widget-container\">\n\t\t\t\t\t\t\t\t\t<p>La migration est 100 % gratuite. Nous nous chargeons de transf\u00e9rer vos emails, vos contacts et tous les r\u00e9glages n\u00e9cessaires pour que vous puissiez commencer \u00e0 envoyer vos campagnes imm\u00e9diatement.<\/p>\t\t\t\t\t\t\t\t<\/div>\n\t\t\t\t<\/div>\n\t\t\t\t\t<\/div>\n\t\t<\/div>\n\t\t\t\t\t<\/div>\n\t\t<\/section>\n\t\t\t\t<div class=\"elementor-element elementor-element-86f8954 elementor-widget elementor-widget-heading\" data-id=\"86f8954\" data-element_type=\"widget\" data-widget_type=\"heading.default\">\n\t\t\t\t<div class=\"elementor-widget-container\">\n\t\t\t\t\t<h3 class=\"elementor-heading-title elementor-size-default\">Et ce n\u2019est pas tout !<\/h3>\t\t\t\t<\/div>\n\t\t\t\t<\/div>\n\t\t\t\t<div class=\"elementor-element elementor-element-a1a7cbb elementor-widget elementor-widget-text-editor\" data-id=\"a1a7cbb\" data-element_type=\"widget\" data-widget_type=\"text-editor.default\">\n\t\t\t\t<div class=\"elementor-widget-container\">\n\t\t\t\t\t\t\t\t\t<p>Vous avez d&eacute;j&agrave; pay&eacute; un abonnement Mailchimp ? Aucun souci. Nous effectuons la transition sans frais suppl&eacute;mentaires, de mani&egrave;re simple et totalement transparente.<\/p>\n<p>Nous sommes convaincus qu&rsquo;Emailchef est la solution d&rsquo;email marketing id&eacute;ale pour votre entreprise.<\/p>\n<p>Des questions ou besoin d&rsquo;aide ? Notre &eacute;quipe est &agrave; votre disposition pour vous accompagner tout au long de la migration et <strong>vous offrir le support n&eacute;cessaire<\/strong> pour faire de votre email marketing un v&eacute;ritable succ&egrave;s.<\/p>\t\t\t\t\t\t\t\t<\/div>\n\t\t\t\t<\/div>\n\t\t\t\t<div class=\"elementor-element elementor-element-40045ee4 elementor-align-center elementor-widget elementor-widget-button\" data-id=\"40045ee4\" data-element_type=\"widget\" data-widget_type=\"button.default\">\n\t\t\t\t<div class=\"elementor-widget-container\">\n\t\t\t\t\t\t\t\t\t<div class=\"elementor-button-wrapper\">\n\t\t\t\t\t<a class=\"elementor-button elementor-button-link elementor-size-sm elementor-animation-shrink\" href=\"https:\/\/emailchef.com\/fr\/contactez-nous\/\">\n\t\t\t\t\t\t<span class=\"elementor-button-content-wrapper\">\n\t\t\t\t\t\t\t\t\t<span class=\"elementor-button-text\">PARLEZ \u00c0 UN EXPERT EMAILCHEF<\/span>\n\t\t\t\t\t<\/span>\n\t\t\t\t\t<\/a>\n\t\t\t\t<\/div>\n\t\t\t\t\t\t\t\t<\/div>\n\t\t\t\t<\/div>\n\t\t\t\t\t<\/div>\n\t\t<\/div>\n\t\t\t\t\t<\/div>\n\t\t<\/section>\n\t\t\t\t<\/div>\n\t\t","protected":false},"excerpt":{"rendered":"<p>Bienvenue sur Emailchef, une plateforme d\u2019email marketing s\u00e9curis\u00e9e et fiable, con\u00e7ue pour prot\u00e9ger la confidentialit\u00e9 de vos clients et aider votre entreprise \u00e0 communiquer efficacement. Vous recherchez une alternative solide \u00e0 Mailchimp ? Emailchef est enti\u00e8rement conforme au RGPD et \u00e0 la loi CAN-SPAM, vous offrant des campagnes d\u2019emailing s\u00fbres et conformes. Contrairement \u00e0 Mailchimp, [&hellip;]<\/p>\n","protected":false},"author":1,"featured_media":0,"parent":0,"menu_order":0,"comment_status":"closed","ping_status":"closed","template":"","meta":{"_acf_changed":false,"inline_featured_image":false,"footnotes":""},"g1_relation_tag":[],"class_list":["post-93578","page","type-page","status-publish","hentry"],"acf":[],"yoast_head":"<!-- This site is optimized with the Yoast SEO plugin v24.8.1 - https:\/\/yoast.com\/wordpress\/plugins\/seo\/ -->\n<title>Migration gratuite depuis Mailchimp : faites confiance \u00e0 Emailchef<\/title>\n<meta name=\"description\" content=\"Migrez gratuitement depuis Mailchimp. D\u00e9couvrez les avantages d\u2019une plateforme 100% italienne et transf\u00e9rez mod\u00e8les et listes sur Emailchef.\" \/>\n<meta name=\"robots\" content=\"index, follow, max-snippet:-1, max-image-preview:large, max-video-preview:-1\" \/>\n<link rel=\"canonical\" href=\"https:\/\/emailchef.com\/fr\/migration-gratuite-depuis-mailchimp-passez-a-emailchef\/\" \/>\n<meta name=\"twitter:label1\" content=\"Dur\u00e9e de lecture estim\u00e9e\" \/>\n\t<meta name=\"twitter:data1\" content=\"2 minutes\" \/>\n<!-- \/ Yoast SEO plugin. -->","yoast_head_json":{"title":"Migration gratuite depuis Mailchimp : faites confiance \u00e0 Emailchef","description":"Migrez gratuitement depuis Mailchimp. D\u00e9couvrez les avantages d\u2019une plateforme 100% italienne et transf\u00e9rez mod\u00e8les et listes sur Emailchef.","robots":{"index":"index","follow":"follow","max-snippet":"max-snippet:-1","max-image-preview":"max-image-preview:large","max-video-preview":"max-video-preview:-1"},"canonical":"https:\/\/emailchef.com\/fr\/migration-gratuite-depuis-mailchimp-passez-a-emailchef\/","twitter_misc":{"Dur\u00e9e de lecture estim\u00e9e":"2 minutes"},"schema":{"@context":"https:\/\/schema.org","@graph":[{"@type":"WebPage","@id":"https:\/\/emailchef.com\/fr\/migration-gratuite-depuis-mailchimp-passez-a-emailchef\/","url":"https:\/\/emailchef.com\/fr\/migration-gratuite-depuis-mailchimp-passez-a-emailchef\/","name":"Migration gratuite depuis Mailchimp : faites confiance \u00e0 Emailchef","isPartOf":{"@id":"https:\/\/emailchef.com\/fr\/#website"},"primaryImageOfPage":{"@id":"https:\/\/emailchef.com\/fr\/migration-gratuite-depuis-mailchimp-passez-a-emailchef\/#primaryimage"},"image":{"@id":"https:\/\/emailchef.com\/fr\/migration-gratuite-depuis-mailchimp-passez-a-emailchef\/#primaryimage"},"thumbnailUrl":"https:\/\/emailchef.com\/wp-content\/uploads\/2026\/02\/migration-gratuite-depuis-mailchimp-passez-a-emailchef.png","datePublished":"2023-03-31T09:34:21+00:00","dateModified":"2026-02-04T09:25:14+00:00","description":"Migrez gratuitement depuis Mailchimp. D\u00e9couvrez les avantages d\u2019une plateforme 100% italienne et transf\u00e9rez mod\u00e8les et listes sur Emailchef.","breadcrumb":{"@id":"https:\/\/emailchef.com\/fr\/migration-gratuite-depuis-mailchimp-passez-a-emailchef\/#breadcrumb"},"inLanguage":"fr-FR","potentialAction":[{"@type":"ReadAction","target":["https:\/\/emailchef.com\/fr\/migration-gratuite-depuis-mailchimp-passez-a-emailchef\/"]}]},{"@type":"ImageObject","inLanguage":"fr-FR","@id":"https:\/\/emailchef.com\/fr\/migration-gratuite-depuis-mailchimp-passez-a-emailchef\/#primaryimage","url":"https:\/\/emailchef.com\/wp-content\/uploads\/2026\/02\/migration-gratuite-depuis-mailchimp-passez-a-emailchef.png","contentUrl":"https:\/\/emailchef.com\/wp-content\/uploads\/2026\/02\/migration-gratuite-depuis-mailchimp-passez-a-emailchef.png"},{"@type":"BreadcrumbList","@id":"https:\/\/emailchef.com\/fr\/migration-gratuite-depuis-mailchimp-passez-a-emailchef\/#breadcrumb","itemListElement":[{"@type":"ListItem","position":1,"name":"Home","item":"https:\/\/emailchef.com\/fr\/mailchef-email-marketing-emailing-et-envoi-newsletter\/"},{"@type":"ListItem","position":2,"name":"Migration gratuite depuis Mailchimp: Passez \u00e0 Emailchef"}]},{"@type":"WebSite","@id":"https:\/\/emailchef.com\/fr\/#website","url":"https:\/\/emailchef.com\/fr\/","name":"Emailchef","description":"Recettes go\u00fbteuses pour vos emails","publisher":{"@id":"https:\/\/emailchef.com\/fr\/#organization"},"potentialAction":[{"@type":"SearchAction","target":{"@type":"EntryPoint","urlTemplate":"https:\/\/emailchef.com\/fr\/?s={search_term_string}"},"query-input":{"@type":"PropertyValueSpecification","valueRequired":true,"valueName":"search_term_string"}}],"inLanguage":"fr-FR"},{"@type":"Organization","@id":"https:\/\/emailchef.com\/fr\/#organization","name":"Delivery Tech Corp.","url":"https:\/\/emailchef.com\/fr\/","logo":{"@type":"ImageObject","inLanguage":"fr-FR","@id":"https:\/\/emailchef.com\/fr\/#\/schema\/logo\/image\/","url":"https:\/\/emailchef.com\/wp-content\/uploads\/2022\/04\/logo-sama.png","contentUrl":"https:\/\/emailchef.com\/wp-content\/uploads\/2022\/04\/logo-sama.png","width":237,"height":80,"caption":"Delivery Tech Corp."},"image":{"@id":"https:\/\/emailchef.com\/fr\/#\/schema\/logo\/image\/"}}]}},"_links":{"self":[{"href":"https:\/\/emailchef.com\/fr\/wp-json\/wp\/v2\/pages\/93578"}],"collection":[{"href":"https:\/\/emailchef.com\/fr\/wp-json\/wp\/v2\/pages"}],"about":[{"href":"https:\/\/emailchef.com\/fr\/wp-json\/wp\/v2\/types\/page"}],"author":[{"embeddable":true,"href":"https:\/\/emailchef.com\/fr\/wp-json\/wp\/v2\/users\/1"}],"replies":[{"embeddable":true,"href":"https:\/\/emailchef.com\/fr\/wp-json\/wp\/v2\/comments?post=93578"}],"version-history":[{"count":5,"href":"https:\/\/emailchef.com\/fr\/wp-json\/wp\/v2\/pages\/93578\/revisions"}],"predecessor-version":[{"id":93592,"href":"https:\/\/emailchef.com\/fr\/wp-json\/wp\/v2\/pages\/93578\/revisions\/93592"}],"wp:attachment":[{"href":"https:\/\/emailchef.com\/fr\/wp-json\/wp\/v2\/media?parent=93578"}],"wp:term":[{"taxonomy":"g1_relation_tag","embeddable":true,"href":"https:\/\/emailchef.com\/fr\/wp-json\/wp\/v2\/g1_relation_tag?post=93578"}],"curies":[{"name":"wp","href":"https:\/\/api.w.org\/{rel}","templated":true}]}}