{"id":78759,"date":"2025-01-22T12:44:06","date_gmt":"2025-01-22T12:44:06","guid":{"rendered":"https:\/\/emailchef.com\/?page_id=78759"},"modified":"2025-01-31T11:03:13","modified_gmt":"2025-01-31T11:03:13","slug":"comment-generer-des-cles-api-pour-connecter-les-plugins-emailchef","status":"publish","type":"page","link":"https:\/\/emailchef.com\/fr\/base-de-connaissance\/comment-generer-des-cles-api-pour-connecter-les-plugins-emailchef\/","title":{"rendered":"Comment g\u00e9n\u00e9rer des cl\u00e9s API avec Emailchef."},"content":{"rendered":"\t\t<div data-elementor-type=\"wp-page\" data-elementor-id=\"78759\" class=\"elementor elementor-78759 elementor-78713\" data-elementor-post-type=\"page\">\n\t\t\t\t\t\t<section class=\"elementor-section elementor-top-section elementor-element elementor-element-82313cd elementor-section-boxed elementor-section-height-default elementor-section-height-default\" data-id=\"82313cd\" data-element_type=\"section\">\n\t\t\t\t\t\t<div class=\"elementor-container elementor-column-gap-default\">\n\t\t\t\t\t<div class=\"elementor-column elementor-col-100 elementor-top-column elementor-element elementor-element-96b2b78\" data-id=\"96b2b78\" data-element_type=\"column\">\n\t\t\t<div class=\"elementor-widget-wrap elementor-element-populated\">\n\t\t\t\t\t\t<div class=\"elementor-element elementor-element-1ec2198 elementor-widget elementor-widget-text-editor\" data-id=\"1ec2198\" data-element_type=\"widget\" data-widget_type=\"text-editor.default\">\n\t\t\t\t<div class=\"elementor-widget-container\">\n\t\t\t\t\t\t\t\t\t<p>Pour connecter vos int&eacute;grations &agrave; Emailchef, vous pouvez utiliser un syst&egrave;me d&#8217;API garantissant une <strong>connexion simple et s&eacute;curis&eacute;e<\/strong>.<\/p>\n<p>Gr&acirc;ce &agrave; cette m&eacute;thode, m&ecirc;me si vous modifiez les identifiants de votre compte Emailchef, vos int&eacute;grations resteront actives sans n&eacute;cessiter d&#8217;intervention suppl&eacute;mentaire.<\/p>\n<p>Connecter vos int&eacute;grations et plugins est simple : il vous suffit de g&eacute;n&eacute;rer une cl&eacute; API, compos&eacute;e d&#8217;une <em>Consumer Key<\/em> et d&#8217;une <em>Consumer Secret<\/em>.<\/p>\n<p>Suivez ces &eacute;tapes :<\/p>\t\t\t\t\t\t\t\t<\/div>\n\t\t\t\t<\/div>\n\t\t\t\t<div class=\"elementor-element elementor-element-faae443 elementor-widget elementor-widget-text-editor\" data-id=\"faae443\" data-element_type=\"widget\" data-widget_type=\"text-editor.default\">\n\t\t\t\t<div class=\"elementor-widget-container\">\n\t\t\t\t\t\t\t\t\t<ul>\n<li>Connectez-vous &agrave; votre compte Emailchef.<\/li>\n<li>Allez dans <em>Param&egrave;tres<\/em> &gt; <em>Cl&eacute;s API<\/em>.<\/li>\n<li>Cliquez sur <em>+Cr&eacute;er une cl&eacute; API<\/em>.<\/li>\n<\/ul>\t\t\t\t\t\t\t\t<\/div>\n\t\t\t\t<\/div>\n\t\t\t\t<div class=\"elementor-element elementor-element-3bdd24a elementor-widget elementor-widget-image\" data-id=\"3bdd24a\" data-element_type=\"widget\" data-widget_type=\"image.default\">\n\t\t\t\t<div class=\"elementor-widget-container\">\n\t\t\t\t\t\t\t\t\t\t\t\t\t\t\t\t<a href=\"https:\/\/emailchef.com\/wp-content\/uploads\/2025\/01\/generer-des-cles-api-1.jpg\" data-elementor-open-lightbox=\"yes\" data-elementor-lightbox-title=\"G\u00e9n\u00e9rer des cl\u00e9s API\" data-e-action-hash=\"#elementor-action%3Aaction%3Dlightbox%26settings%3DeyJpZCI6Nzg4MjQsInVybCI6Imh0dHBzOlwvXC9lbWFpbGNoZWYuY29tXC93cC1jb250ZW50XC91cGxvYWRzXC8yMDI1XC8wMVwvZ2VuZXJlci1kZXMtY2xlcy1hcGktMS5qcGcifQ%3D%3D\">\n\t\t\t\t\t\t\t<img fetchpriority=\"high\" decoding=\"async\" width=\"800\" height=\"362\" src=\"https:\/\/emailchef.com\/wp-content\/uploads\/2025\/01\/generer-des-cles-api-1-1024x463.jpg\" class=\"attachment-large size-large wp-image-78824\" alt=\"G\u00e9n\u00e9rer des cl\u00e9s API\" srcset=\"https:\/\/emailchef.com\/wp-content\/uploads\/2025\/01\/generer-des-cles-api-1-1024x463.jpg 1024w, https:\/\/emailchef.com\/wp-content\/uploads\/2025\/01\/generer-des-cles-api-1-300x136.jpg 300w, https:\/\/emailchef.com\/wp-content\/uploads\/2025\/01\/generer-des-cles-api-1-768x348.jpg 768w, https:\/\/emailchef.com\/wp-content\/uploads\/2025\/01\/generer-des-cles-api-1.jpg 1200w\" sizes=\"(max-width: 800px) 100vw, 800px\" \/>\t\t\t\t\t\t\t\t<\/a>\n\t\t\t\t\t\t\t\t\t\t\t\t\t\t\t<\/div>\n\t\t\t\t<\/div>\n\t\t\t\t<div class=\"elementor-element elementor-element-d0509c7 elementor-widget elementor-widget-text-editor\" data-id=\"d0509c7\" data-element_type=\"widget\" data-widget_type=\"text-editor.default\">\n\t\t\t\t<div class=\"elementor-widget-container\">\n\t\t\t\t\t\t\t\t\t<ul><li>Donnez un nom \u00e0 la cl\u00e9 API (pour vous rappeler facilement le plugin associ\u00e9, par exemple &#8220;Formulaire de connexion WordPress&#8221;), puis cliquez sur <em>G\u00e9n\u00e9rer une cl\u00e9 API<\/em>.<\/li><\/ul>\t\t\t\t\t\t\t\t<\/div>\n\t\t\t\t<\/div>\n\t\t\t\t<div class=\"elementor-element elementor-element-47d8c32 elementor-widget elementor-widget-image\" data-id=\"47d8c32\" data-element_type=\"widget\" data-widget_type=\"image.default\">\n\t\t\t\t<div class=\"elementor-widget-container\">\n\t\t\t\t\t\t\t\t\t\t\t\t\t\t\t\t<a href=\"https:\/\/emailchef.com\/wp-content\/uploads\/2025\/01\/generer-des-cles-api-2.jpg\" data-elementor-open-lightbox=\"yes\" data-elementor-lightbox-title=\"G\u00e9n\u00e9rer des cl\u00e9s API\" data-e-action-hash=\"#elementor-action%3Aaction%3Dlightbox%26settings%3DeyJpZCI6Nzg4MzMsInVybCI6Imh0dHBzOlwvXC9lbWFpbGNoZWYuY29tXC93cC1jb250ZW50XC91cGxvYWRzXC8yMDI1XC8wMVwvZ2VuZXJlci1kZXMtY2xlcy1hcGktMi5qcGcifQ%3D%3D\">\n\t\t\t\t\t\t\t<img decoding=\"async\" width=\"800\" height=\"362\" src=\"https:\/\/emailchef.com\/wp-content\/uploads\/2025\/01\/generer-des-cles-api-2-1024x463.jpg\" class=\"attachment-large size-large wp-image-78833\" alt=\"G\u00e9n\u00e9rer des cl\u00e9s API\" srcset=\"https:\/\/emailchef.com\/wp-content\/uploads\/2025\/01\/generer-des-cles-api-2-1024x463.jpg 1024w, https:\/\/emailchef.com\/wp-content\/uploads\/2025\/01\/generer-des-cles-api-2-300x136.jpg 300w, https:\/\/emailchef.com\/wp-content\/uploads\/2025\/01\/generer-des-cles-api-2-768x348.jpg 768w, https:\/\/emailchef.com\/wp-content\/uploads\/2025\/01\/generer-des-cles-api-2.jpg 1200w\" sizes=\"(max-width: 800px) 100vw, 800px\" \/>\t\t\t\t\t\t\t\t<\/a>\n\t\t\t\t\t\t\t\t\t\t\t\t\t\t\t<\/div>\n\t\t\t\t<\/div>\n\t\t\t\t<div class=\"elementor-element elementor-element-8d20cda elementor-widget elementor-widget-text-editor\" data-id=\"8d20cda\" data-element_type=\"widget\" data-widget_type=\"text-editor.default\">\n\t\t\t\t<div class=\"elementor-widget-container\">\n\t\t\t\t\t\t\t\t\t<ul><li>Copiez la <em>Consumer Key<\/em> et le <em>Consumer Secret<\/em>, et utilisez-les comme nom d&#8217;utilisateur et mot de passe pour connecter le plugin.<\/li><\/ul>\t\t\t\t\t\t\t\t<\/div>\n\t\t\t\t<\/div>\n\t\t\t\t<div class=\"elementor-element elementor-element-fe34ef5 elementor-widget elementor-widget-image\" data-id=\"fe34ef5\" data-element_type=\"widget\" data-widget_type=\"image.default\">\n\t\t\t\t<div class=\"elementor-widget-container\">\n\t\t\t\t\t\t\t\t\t\t\t\t\t\t\t\t<a href=\"https:\/\/emailchef.com\/wp-content\/uploads\/2025\/01\/generer-des-cles-api-3.jpg\" data-elementor-open-lightbox=\"yes\" data-elementor-lightbox-title=\"G\u00e9n\u00e9rer des cl\u00e9s API\" data-e-action-hash=\"#elementor-action%3Aaction%3Dlightbox%26settings%3DeyJpZCI6Nzg4NDIsInVybCI6Imh0dHBzOlwvXC9lbWFpbGNoZWYuY29tXC93cC1jb250ZW50XC91cGxvYWRzXC8yMDI1XC8wMVwvZ2VuZXJlci1kZXMtY2xlcy1hcGktMy5qcGcifQ%3D%3D\">\n\t\t\t\t\t\t\t<img decoding=\"async\" width=\"800\" height=\"362\" src=\"https:\/\/emailchef.com\/wp-content\/uploads\/2025\/01\/generer-des-cles-api-3-1024x463.jpg\" class=\"attachment-large size-large wp-image-78842\" alt=\"G\u00e9n\u00e9rer des cl\u00e9s API\" srcset=\"https:\/\/emailchef.com\/wp-content\/uploads\/2025\/01\/generer-des-cles-api-3-1024x463.jpg 1024w, https:\/\/emailchef.com\/wp-content\/uploads\/2025\/01\/generer-des-cles-api-3-300x136.jpg 300w, https:\/\/emailchef.com\/wp-content\/uploads\/2025\/01\/generer-des-cles-api-3-768x348.jpg 768w, https:\/\/emailchef.com\/wp-content\/uploads\/2025\/01\/generer-des-cles-api-3.jpg 1200w\" sizes=\"(max-width: 800px) 100vw, 800px\" \/>\t\t\t\t\t\t\t\t<\/a>\n\t\t\t\t\t\t\t\t\t\t\t\t\t\t\t<\/div>\n\t\t\t\t<\/div>\n\t\t\t\t<section class=\"elementor-section elementor-inner-section elementor-element elementor-element-6ded8cd elementor-section-boxed elementor-section-height-default elementor-section-height-default\" data-id=\"6ded8cd\" data-element_type=\"section\" data-settings=\"{&quot;background_background&quot;:&quot;classic&quot;}\">\n\t\t\t\t\t\t<div class=\"elementor-container elementor-column-gap-default\">\n\t\t\t\t\t<div class=\"elementor-column elementor-col-100 elementor-inner-column elementor-element elementor-element-7bc2e67\" data-id=\"7bc2e67\" data-element_type=\"column\">\n\t\t\t<div class=\"elementor-widget-wrap elementor-element-populated\">\n\t\t\t\t\t\t<div class=\"elementor-element elementor-element-00d3af9 elementor-widget elementor-widget-text-editor\" data-id=\"00d3af9\" data-element_type=\"widget\" data-widget_type=\"text-editor.default\">\n\t\t\t\t<div class=\"elementor-widget-container\">\n\t\t\t\t\t\t\t\t\t<strong>Important :<\/strong> la <em>Consumer Secret<\/em> est visible uniquement au moment de sa g&eacute;n&eacute;ration. Nous vous conseillons de la copier imm&eacute;diatement et de la conserver en lieu s&ucirc;r. En cas de perte, il sera n&eacute;cessaire de la supprimer et d&rsquo;en g&eacute;n&eacute;rer une nouvelle.\t\t\t\t\t\t\t\t<\/div>\n\t\t\t\t<\/div>\n\t\t\t\t\t<\/div>\n\t\t<\/div>\n\t\t\t\t\t<\/div>\n\t\t<\/section>\n\t\t\t\t<div class=\"elementor-element elementor-element-9874e7a elementor-widget elementor-widget-text-editor\" data-id=\"9874e7a\" data-element_type=\"widget\" data-widget_type=\"text-editor.default\">\n\t\t\t\t<div class=\"elementor-widget-container\">\n\t\t\t\t\t\t\t\t\t<p>En suivant cette proc\u00e9dure, vous garantirez une connexion s\u00e9curis\u00e9e et toujours active pour tous vos plugins et int\u00e9grations, sans jamais avoir \u00e0 partager les identifiants de votre compte Emailchef.<\/p>\t\t\t\t\t\t\t\t<\/div>\n\t\t\t\t<\/div>\n\t\t\t\t\t<\/div>\n\t\t<\/div>\n\t\t\t\t\t<\/div>\n\t\t<\/section>\n\t\t\t\t<\/div>\n\t\t","protected":false},"excerpt":{"rendered":"<p>Pour connecter vos int&eacute;grations &agrave; Emailchef, vous pouvez utiliser un syst&egrave;me d&#8217;API garantissant une connexion simple et s&eacute;curis&eacute;e. Gr&acirc;ce &agrave; cette m&eacute;thode, m&ecirc;me si vous modifiez les identifiants de votre compte Emailchef, vos int&eacute;grations resteront actives sans n&eacute;cessiter d&#8217;intervention suppl&eacute;mentaire. Connecter vos int&eacute;grations et plugins est simple : il vous suffit de g&eacute;n&eacute;rer une cl&eacute; [&hellip;]<\/p>\n","protected":false},"author":1,"featured_media":0,"parent":1193,"menu_order":0,"comment_status":"closed","ping_status":"closed","template":"","meta":{"_acf_changed":false,"inline_featured_image":false,"footnotes":""},"g1_relation_tag":[],"class_list":["post-78759","page","type-page","status-publish","hentry"],"acf":[],"yoast_head":"<!-- This site is optimized with the Yoast SEO plugin v24.8.1 - https:\/\/yoast.com\/wordpress\/plugins\/seo\/ -->\n<title>Comment g\u00e9n\u00e9rer des cl\u00e9s API avec Emailchef<\/title>\n<meta name=\"description\" content=\"Comment Cr\u00e9er des Cl\u00e9s API avec Emailchef. Connecter Plugins Emailchef avec des cl\u00e9s API. G\u00e9n\u00e9rer une Consumer Secret et une Consumer Key\" \/>\n<meta name=\"robots\" content=\"index, follow, max-snippet:-1, max-image-preview:large, max-video-preview:-1\" \/>\n<link rel=\"canonical\" href=\"https:\/\/emailchef.com\/fr\/base-de-connaissance\/comment-generer-des-cles-api-pour-connecter-les-plugins-emailchef\/\" \/>\n<meta name=\"twitter:label1\" content=\"Dur\u00e9e de lecture estim\u00e9e\" \/>\n\t<meta name=\"twitter:data1\" content=\"2 minutes\" \/>\n<!-- \/ Yoast SEO plugin. -->","yoast_head_json":{"title":"Comment g\u00e9n\u00e9rer des cl\u00e9s API avec Emailchef","description":"Comment Cr\u00e9er des Cl\u00e9s API avec Emailchef. Connecter Plugins Emailchef avec des cl\u00e9s API. G\u00e9n\u00e9rer une Consumer Secret et une Consumer Key","robots":{"index":"index","follow":"follow","max-snippet":"max-snippet:-1","max-image-preview":"max-image-preview:large","max-video-preview":"max-video-preview:-1"},"canonical":"https:\/\/emailchef.com\/fr\/base-de-connaissance\/comment-generer-des-cles-api-pour-connecter-les-plugins-emailchef\/","twitter_misc":{"Dur\u00e9e de lecture estim\u00e9e":"2 minutes"},"schema":{"@context":"https:\/\/schema.org","@graph":[{"@type":"WebPage","@id":"https:\/\/emailchef.com\/fr\/base-de-connaissance\/comment-generer-des-cles-api-pour-connecter-les-plugins-emailchef\/","url":"https:\/\/emailchef.com\/fr\/base-de-connaissance\/comment-generer-des-cles-api-pour-connecter-les-plugins-emailchef\/","name":"Comment g\u00e9n\u00e9rer des cl\u00e9s API avec Emailchef","isPartOf":{"@id":"https:\/\/emailchef.com\/fr\/#website"},"primaryImageOfPage":{"@id":"https:\/\/emailchef.com\/fr\/base-de-connaissance\/comment-generer-des-cles-api-pour-connecter-les-plugins-emailchef\/#primaryimage"},"image":{"@id":"https:\/\/emailchef.com\/fr\/base-de-connaissance\/comment-generer-des-cles-api-pour-connecter-les-plugins-emailchef\/#primaryimage"},"thumbnailUrl":"https:\/\/emailchef.com\/wp-content\/uploads\/2025\/01\/generer-des-cles-api-1-1024x463.jpg","datePublished":"2025-01-22T12:44:06+00:00","dateModified":"2025-01-31T11:03:13+00:00","description":"Comment Cr\u00e9er des Cl\u00e9s API avec Emailchef. Connecter Plugins Emailchef avec des cl\u00e9s API. G\u00e9n\u00e9rer une Consumer Secret et une Consumer Key","breadcrumb":{"@id":"https:\/\/emailchef.com\/fr\/base-de-connaissance\/comment-generer-des-cles-api-pour-connecter-les-plugins-emailchef\/#breadcrumb"},"inLanguage":"fr-FR","potentialAction":[{"@type":"ReadAction","target":["https:\/\/emailchef.com\/fr\/base-de-connaissance\/comment-generer-des-cles-api-pour-connecter-les-plugins-emailchef\/"]}]},{"@type":"ImageObject","inLanguage":"fr-FR","@id":"https:\/\/emailchef.com\/fr\/base-de-connaissance\/comment-generer-des-cles-api-pour-connecter-les-plugins-emailchef\/#primaryimage","url":"https:\/\/emailchef.com\/wp-content\/uploads\/2025\/01\/generer-des-cles-api-1-1024x463.jpg","contentUrl":"https:\/\/emailchef.com\/wp-content\/uploads\/2025\/01\/generer-des-cles-api-1-1024x463.jpg"},{"@type":"BreadcrumbList","@id":"https:\/\/emailchef.com\/fr\/base-de-connaissance\/comment-generer-des-cles-api-pour-connecter-les-plugins-emailchef\/#breadcrumb","itemListElement":[{"@type":"ListItem","position":1,"name":"Home","item":"https:\/\/emailchef.com\/fr\/mailchef-email-marketing-emailing-et-envoi-newsletter\/"},{"@type":"ListItem","position":2,"name":"Base de connaissance","item":"https:\/\/emailchef.com\/fr\/base-de-connaissance\/"},{"@type":"ListItem","position":3,"name":"Comment g\u00e9n\u00e9rer des cl\u00e9s API avec Emailchef."}]},{"@type":"WebSite","@id":"https:\/\/emailchef.com\/fr\/#website","url":"https:\/\/emailchef.com\/fr\/","name":"Emailchef","description":"Recettes go\u00fbteuses pour vos emails","publisher":{"@id":"https:\/\/emailchef.com\/fr\/#organization"},"potentialAction":[{"@type":"SearchAction","target":{"@type":"EntryPoint","urlTemplate":"https:\/\/emailchef.com\/fr\/?s={search_term_string}"},"query-input":{"@type":"PropertyValueSpecification","valueRequired":true,"valueName":"search_term_string"}}],"inLanguage":"fr-FR"},{"@type":"Organization","@id":"https:\/\/emailchef.com\/fr\/#organization","name":"Delivery Tech Corp.","url":"https:\/\/emailchef.com\/fr\/","logo":{"@type":"ImageObject","inLanguage":"fr-FR","@id":"https:\/\/emailchef.com\/fr\/#\/schema\/logo\/image\/","url":"https:\/\/emailchef.com\/wp-content\/uploads\/2022\/04\/logo-sama.png","contentUrl":"https:\/\/emailchef.com\/wp-content\/uploads\/2022\/04\/logo-sama.png","width":237,"height":80,"caption":"Delivery Tech Corp."},"image":{"@id":"https:\/\/emailchef.com\/fr\/#\/schema\/logo\/image\/"}}]}},"_links":{"self":[{"href":"https:\/\/emailchef.com\/fr\/wp-json\/wp\/v2\/pages\/78759"}],"collection":[{"href":"https:\/\/emailchef.com\/fr\/wp-json\/wp\/v2\/pages"}],"about":[{"href":"https:\/\/emailchef.com\/fr\/wp-json\/wp\/v2\/types\/page"}],"author":[{"embeddable":true,"href":"https:\/\/emailchef.com\/fr\/wp-json\/wp\/v2\/users\/1"}],"replies":[{"embeddable":true,"href":"https:\/\/emailchef.com\/fr\/wp-json\/wp\/v2\/comments?post=78759"}],"version-history":[{"count":13,"href":"https:\/\/emailchef.com\/fr\/wp-json\/wp\/v2\/pages\/78759\/revisions"}],"predecessor-version":[{"id":78914,"href":"https:\/\/emailchef.com\/fr\/wp-json\/wp\/v2\/pages\/78759\/revisions\/78914"}],"up":[{"embeddable":true,"href":"https:\/\/emailchef.com\/fr\/wp-json\/wp\/v2\/pages\/1193"}],"wp:attachment":[{"href":"https:\/\/emailchef.com\/fr\/wp-json\/wp\/v2\/media?parent=78759"}],"wp:term":[{"taxonomy":"g1_relation_tag","embeddable":true,"href":"https:\/\/emailchef.com\/fr\/wp-json\/wp\/v2\/g1_relation_tag?post=78759"}],"curies":[{"name":"wp","href":"https:\/\/api.w.org\/{rel}","templated":true}]}}