{"id":76776,"date":"2014-09-30T10:35:56","date_gmt":"2014-09-30T10:35:56","guid":{"rendered":"https:\/\/emailchef.com\/?page_id=76776"},"modified":"2024-10-22T12:06:49","modified_gmt":"2024-10-22T12:06:49","slug":"plan-gratuit-a-vie-pour-les-organisations-a-but-non-lucratif","status":"publish","type":"page","link":"https:\/\/emailchef.com\/fr\/plan-gratuit-a-vie-pour-les-organisations-a-but-non-lucratif\/","title":{"rendered":"Plan gratuit \u00e0 vie pour les organisations \u00e0 but non lucratif"},"content":{"rendered":"\t\t<div data-elementor-type=\"wp-page\" data-elementor-id=\"76776\" class=\"elementor elementor-76776 elementor-834\" data-elementor-post-type=\"page\">\n\t\t\t\t\t\t<section class=\"elementor-section elementor-top-section elementor-element elementor-element-ae9793e elementor-section-boxed elementor-section-height-default elementor-section-height-default\" data-id=\"ae9793e\" data-element_type=\"section\">\n\t\t\t\t\t\t<div class=\"elementor-container elementor-column-gap-default\">\n\t\t\t\t\t<div class=\"elementor-column elementor-col-100 elementor-top-column elementor-element elementor-element-681a535\" data-id=\"681a535\" data-element_type=\"column\">\n\t\t\t<div class=\"elementor-widget-wrap elementor-element-populated\">\n\t\t\t\t\t\t<div class=\"elementor-element elementor-element-b1d7242 elementor-widget elementor-widget-image\" data-id=\"b1d7242\" data-element_type=\"widget\" data-widget_type=\"image.default\">\n\t\t\t\t<div class=\"elementor-widget-container\">\n\t\t\t\t\t\t\t\t\t\t\t\t\t\t\t<img fetchpriority=\"high\" decoding=\"async\" width=\"954\" height=\"600\" src=\"https:\/\/emailchef.com\/wp-content\/uploads\/2022\/07\/non-profit.png\" class=\"attachment-full size-full wp-image-58732\" alt=\"Lifetime free service for non profit\" \/>\t\t\t\t\t\t\t\t\t\t\t\t\t\t\t<\/div>\n\t\t\t\t<\/div>\n\t\t\t\t\t<\/div>\n\t\t<\/div>\n\t\t\t\t\t<\/div>\n\t\t<\/section>\n\t\t\t\t<section class=\"elementor-section elementor-top-section elementor-element elementor-element-312f9f74 elementor-section-boxed elementor-section-height-default elementor-section-height-default\" data-id=\"312f9f74\" data-element_type=\"section\">\n\t\t\t\t\t\t<div class=\"elementor-container elementor-column-gap-default\">\n\t\t\t\t\t<div class=\"elementor-column elementor-col-100 elementor-top-column elementor-element elementor-element-7763e6\" data-id=\"7763e6\" data-element_type=\"column\">\n\t\t\t<div class=\"elementor-widget-wrap elementor-element-populated\">\n\t\t\t\t\t\t<div class=\"elementor-element elementor-element-5608e22b elementor-widget elementor-widget-text-editor\" data-id=\"5608e22b\" data-element_type=\"widget\" data-widget_type=\"text-editor.default\">\n\t\t\t\t<div class=\"elementor-widget-container\">\n\t\t\t\t\t\t\t\t\t<p>Ici, chez Emailchef, nous aimons beaucoup l\u2019id\u00e9e de redonner \u00e0 la communaut\u00e9 une partie de ce que nous recevons. C\u2019est pourquoi nous avons cr\u00e9\u00e9 un programme d\u00e9di\u00e9 aux <strong>organisations \u00e0 but non lucratif<\/strong>, auxquelles nous sommes ravis d\u2019offrir un <strong>plan gratuit<\/strong>.<\/p><p>Toutes les entreprises savent qu\u2019une newsletter bien con\u00e7ue reste l\u2019<strong>outil de marketing digital<\/strong> le plus simple et le plus rentable. Nous croyons qu\u2019elle peut \u00e9galement \u00eatre extr\u00eamement utile pour les organisations \u00e0 but non lucratif : faire conna\u00eetre les r\u00e9sultats de collectes de fonds, informer les supporters et les amis, promouvoir des \u00e9v\u00e9nements, recruter des b\u00e9n\u00e9voles, etc.<\/p><p>Nous sommes heureux d\u2019offrir un plan gratuit Emailchef \u00e0 <strong>toutes les organisations \u00e0 but non lucratif qualifi\u00e9es, la\u00efques, op\u00e9rant dans le domaine de la sant\u00e9<\/strong> (comme l\u2019aide \u00e0 l\u2019enfance, les services pour personnes handicap\u00e9es, le soutien familial, etc.).<\/p><p><div class=\"g1-space\" style=\"height: 25px;\"><\/div><\/p><h2><b>Envoyez des emails illimit\u00e9s gratuitement jusqu&#8217;\u00e0 500 contacts. Pour toujours.<\/b><\/h2><p><div class=\"g1-space\" style=\"height: 10px;\"><\/div><\/p><h3 style=\"font-weight: 400 !important;\">Le meilleur service de newsletter gratuit<\/h3><p>Envoyez des emails illimit\u00e9s \u00e0 un maximum de 500 abonn\u00e9s. Emailchef sera enti\u00e8rement gratuit pour vous. \u00c0 vie, sans frais cach\u00e9s.<\/p><p><div class=\"g1-space\" style=\"height: 15px;\"><\/div><\/p><h3 style=\"font-weight: 400 !important;\">Toutes les fonctionnalit\u00e9s principales sont disponibles<\/h3><p>Le plan gratuit vous permet d&#8217;utiliser toutes les fonctionnalit\u00e9s d\u2019Emailchef \u2013 \u00e0 l\u2019exception des r\u00e9pondeurs automatiques \u2013 y compris la gestion illimit\u00e9e des listes, ainsi que la cr\u00e9ation, l\u2019envoi et l\u2019analyse des campagnes par email.<\/p><p><div class=\"g1-space\" style=\"height: 35px;\"><\/div><\/p><p><strong>Vous \u00eates \u00e0 quelques pas de votre premi\u00e8re campagne email :<\/strong><\/p><p><div class=\"g1-space\" style=\"height: 15px;\"><\/div><\/p><p><ol id=\"\" class=\"g1-list g1-list--icon g1-list--simple \"><li><i class=\"fa fa-arrow-right g1-list__icon\"><\/i><a href=\"https:\/\/emailchef.com\/user-signup\">Cr\u00e9ez un nouveau compte<\/a>.<\/li><li><i class=\"fa fa-arrow-right g1-list__icon\"><\/i>D\u00e9couvrez \u00e0 quel point il est facile et rapide de <strong>composer une newsletter<\/strong> avec notre \u00e9diteur glisser-d\u00e9poser.<\/li><li><i class=\"fa fa-arrow-right g1-list__icon\"><\/i>Cr\u00e9ez ou importez <strong>une liste de contacts<\/strong>.<\/li><li><i class=\"fa fa-arrow-right g1-list__icon\"><\/i>Contactez le <strong>support technique<\/strong> et demandez le compte gratuit pour les associations \u00e0 but non lucratif.<\/li><li><i class=\"fa fa-arrow-right g1-list__icon\"><\/i>Envoyez votre premi\u00e8re campagne.<\/li><\/ol><\/p><p><div class=\"g1-space\" style=\"height: 20px;\"><\/div><\/p><p>Tout est vraiment simple. Et nous sommes fiers de vous l\u2019offrir de cette mani\u00e8re.<\/p><p style=\"text-align: center;\"><a id=\"\" class=\"g1-button g1-button--medium g1-button--solid g1-button-- \" href=\"\/user-signup\" title=\"\" >INSCRIVEZ-VOUS GRATUITEMENT<\/a><\/p><p style=\"text-align: center;\"><small>Nous examinerons votre demande dans les plus brefs d\u00e9lais et vous informerons rapidement si vous \u00eates \u00e9ligible pour une licence ou non. En cas de r\u00e9ponse positive, nous activerons votre compte gratuit. Veuillez noter que l&#8217;approbation ou le refus de votre demande est \u00e0 notre enti\u00e8re discr\u00e9tion.<\/small><\/p>\t\t\t\t\t\t\t\t<\/div>\n\t\t\t\t<\/div>\n\t\t\t\t\t<\/div>\n\t\t<\/div>\n\t\t\t\t\t<\/div>\n\t\t<\/section>\n\t\t\t\t<\/div>\n\t\t","protected":false},"excerpt":{"rendered":"<p>Ici, chez Emailchef, nous aimons beaucoup l\u2019id\u00e9e de redonner \u00e0 la communaut\u00e9 une partie de ce que nous recevons. C\u2019est pourquoi nous avons cr\u00e9\u00e9 un programme d\u00e9di\u00e9 aux organisations \u00e0 but non lucratif, auxquelles nous sommes ravis d\u2019offrir un plan gratuit. Toutes les entreprises savent qu\u2019une newsletter bien con\u00e7ue reste l\u2019outil de marketing digital le [&hellip;]<\/p>\n","protected":false},"author":1,"featured_media":0,"parent":0,"menu_order":175,"comment_status":"closed","ping_status":"closed","template":"","meta":{"_acf_changed":false,"inline_featured_image":false,"footnotes":""},"g1_relation_tag":[],"class_list":["post-76776","page","type-page","status-publish","hentry"],"acf":[],"yoast_head":"<!-- This site is optimized with the Yoast SEO plugin v24.8.1 - https:\/\/yoast.com\/wordpress\/plugins\/seo\/ -->\n<title>Plan gratuit \u00e0 vie pour les organisations \u00e0 but non lucratif<\/title>\n<meta name=\"description\" content=\"Plan Gratuit pour Organisations \u00e0 But Non Lucratif. Emails Illimit\u00e9s \u00e0 500 Contacts avec Emailchef. Service Complet pour Cr\u00e9er et G\u00e9rer Newsletters Sans Frais.\" \/>\n<meta name=\"robots\" content=\"index, follow, max-snippet:-1, max-image-preview:large, max-video-preview:-1\" \/>\n<link rel=\"canonical\" href=\"https:\/\/emailchef.com\/fr\/plan-gratuit-a-vie-pour-les-organisations-a-but-non-lucratif\/\" \/>\n<meta name=\"twitter:label1\" content=\"Dur\u00e9e de lecture estim\u00e9e\" \/>\n\t<meta name=\"twitter:data1\" content=\"2 minutes\" \/>\n<!-- \/ Yoast SEO plugin. -->","yoast_head_json":{"title":"Plan gratuit \u00e0 vie pour les organisations \u00e0 but non lucratif","description":"Plan Gratuit pour Organisations \u00e0 But Non Lucratif. Emails Illimit\u00e9s \u00e0 500 Contacts avec Emailchef. Service Complet pour Cr\u00e9er et G\u00e9rer Newsletters Sans Frais.","robots":{"index":"index","follow":"follow","max-snippet":"max-snippet:-1","max-image-preview":"max-image-preview:large","max-video-preview":"max-video-preview:-1"},"canonical":"https:\/\/emailchef.com\/fr\/plan-gratuit-a-vie-pour-les-organisations-a-but-non-lucratif\/","twitter_misc":{"Dur\u00e9e de lecture estim\u00e9e":"2 minutes"},"schema":{"@context":"https:\/\/schema.org","@graph":[{"@type":"WebPage","@id":"https:\/\/emailchef.com\/fr\/plan-gratuit-a-vie-pour-les-organisations-a-but-non-lucratif\/","url":"https:\/\/emailchef.com\/fr\/plan-gratuit-a-vie-pour-les-organisations-a-but-non-lucratif\/","name":"Plan gratuit \u00e0 vie pour les organisations \u00e0 but non lucratif","isPartOf":{"@id":"https:\/\/emailchef.com\/fr\/#website"},"primaryImageOfPage":{"@id":"https:\/\/emailchef.com\/fr\/plan-gratuit-a-vie-pour-les-organisations-a-but-non-lucratif\/#primaryimage"},"image":{"@id":"https:\/\/emailchef.com\/fr\/plan-gratuit-a-vie-pour-les-organisations-a-but-non-lucratif\/#primaryimage"},"thumbnailUrl":"https:\/\/emailchef.com\/wp-content\/uploads\/2022\/07\/non-profit.png","datePublished":"2014-09-30T10:35:56+00:00","dateModified":"2024-10-22T12:06:49+00:00","description":"Plan Gratuit pour Organisations \u00e0 But Non Lucratif. Emails Illimit\u00e9s \u00e0 500 Contacts avec Emailchef. Service Complet pour Cr\u00e9er et G\u00e9rer Newsletters Sans Frais.","breadcrumb":{"@id":"https:\/\/emailchef.com\/fr\/plan-gratuit-a-vie-pour-les-organisations-a-but-non-lucratif\/#breadcrumb"},"inLanguage":"fr-FR","potentialAction":[{"@type":"ReadAction","target":["https:\/\/emailchef.com\/fr\/plan-gratuit-a-vie-pour-les-organisations-a-but-non-lucratif\/"]}]},{"@type":"ImageObject","inLanguage":"fr-FR","@id":"https:\/\/emailchef.com\/fr\/plan-gratuit-a-vie-pour-les-organisations-a-but-non-lucratif\/#primaryimage","url":"https:\/\/emailchef.com\/wp-content\/uploads\/2022\/07\/non-profit.png","contentUrl":"https:\/\/emailchef.com\/wp-content\/uploads\/2022\/07\/non-profit.png"},{"@type":"BreadcrumbList","@id":"https:\/\/emailchef.com\/fr\/plan-gratuit-a-vie-pour-les-organisations-a-but-non-lucratif\/#breadcrumb","itemListElement":[{"@type":"ListItem","position":1,"name":"Home","item":"https:\/\/emailchef.com\/fr\/mailchef-email-marketing-emailing-et-envoi-newsletter\/"},{"@type":"ListItem","position":2,"name":"Plan gratuit \u00e0 vie pour les organisations \u00e0 but non lucratif"}]},{"@type":"WebSite","@id":"https:\/\/emailchef.com\/fr\/#website","url":"https:\/\/emailchef.com\/fr\/","name":"Emailchef","description":"Recettes go\u00fbteuses pour vos emails","publisher":{"@id":"https:\/\/emailchef.com\/fr\/#organization"},"potentialAction":[{"@type":"SearchAction","target":{"@type":"EntryPoint","urlTemplate":"https:\/\/emailchef.com\/fr\/?s={search_term_string}"},"query-input":{"@type":"PropertyValueSpecification","valueRequired":true,"valueName":"search_term_string"}}],"inLanguage":"fr-FR"},{"@type":"Organization","@id":"https:\/\/emailchef.com\/fr\/#organization","name":"Delivery Tech Corp.","url":"https:\/\/emailchef.com\/fr\/","logo":{"@type":"ImageObject","inLanguage":"fr-FR","@id":"https:\/\/emailchef.com\/fr\/#\/schema\/logo\/image\/","url":"https:\/\/emailchef.com\/wp-content\/uploads\/2022\/04\/logo-sama.png","contentUrl":"https:\/\/emailchef.com\/wp-content\/uploads\/2022\/04\/logo-sama.png","width":237,"height":80,"caption":"Delivery Tech Corp."},"image":{"@id":"https:\/\/emailchef.com\/fr\/#\/schema\/logo\/image\/"}}]}},"_links":{"self":[{"href":"https:\/\/emailchef.com\/fr\/wp-json\/wp\/v2\/pages\/76776"}],"collection":[{"href":"https:\/\/emailchef.com\/fr\/wp-json\/wp\/v2\/pages"}],"about":[{"href":"https:\/\/emailchef.com\/fr\/wp-json\/wp\/v2\/types\/page"}],"author":[{"embeddable":true,"href":"https:\/\/emailchef.com\/fr\/wp-json\/wp\/v2\/users\/1"}],"replies":[{"embeddable":true,"href":"https:\/\/emailchef.com\/fr\/wp-json\/wp\/v2\/comments?post=76776"}],"version-history":[{"count":5,"href":"https:\/\/emailchef.com\/fr\/wp-json\/wp\/v2\/pages\/76776\/revisions"}],"predecessor-version":[{"id":76781,"href":"https:\/\/emailchef.com\/fr\/wp-json\/wp\/v2\/pages\/76776\/revisions\/76781"}],"wp:attachment":[{"href":"https:\/\/emailchef.com\/fr\/wp-json\/wp\/v2\/media?parent=76776"}],"wp:term":[{"taxonomy":"g1_relation_tag","embeddable":true,"href":"https:\/\/emailchef.com\/fr\/wp-json\/wp\/v2\/g1_relation_tag?post=76776"}],"curies":[{"name":"wp","href":"https:\/\/api.w.org\/{rel}","templated":true}]}}