{"id":76576,"date":"2023-12-05T09:42:56","date_gmt":"2023-12-05T09:42:56","guid":{"rendered":"https:\/\/emailchef.com\/?page_id=76576"},"modified":"2024-10-18T14:14:28","modified_gmt":"2024-10-18T14:14:28","slug":"add-on-emailchef-pour-wordpress-paid-memberships-pro","status":"publish","type":"page","link":"https:\/\/emailchef.com\/fr\/add-on-emailchef-pour-wordpress-paid-memberships-pro\/","title":{"rendered":"Add On Emailchef pour WordPress Paid Memberships Pro"},"content":{"rendered":"\t\t<div data-elementor-type=\"wp-page\" data-elementor-id=\"76576\" class=\"elementor elementor-76576 elementor-68882\" data-elementor-post-type=\"page\">\n\t\t\t\t\t\t<section class=\"elementor-section elementor-top-section elementor-element elementor-element-a39e5fb elementor-section-boxed elementor-section-height-default elementor-section-height-default\" data-id=\"a39e5fb\" data-element_type=\"section\">\n\t\t\t\t\t\t<div class=\"elementor-container elementor-column-gap-default\">\n\t\t\t\t\t<div class=\"elementor-column elementor-col-100 elementor-top-column elementor-element elementor-element-5533715\" data-id=\"5533715\" data-element_type=\"column\">\n\t\t\t<div class=\"elementor-widget-wrap elementor-element-populated\">\n\t\t\t\t\t\t<div class=\"elementor-element elementor-element-c709186 elementor-widget elementor-widget-image\" data-id=\"c709186\" data-element_type=\"widget\" data-widget_type=\"image.default\">\n\t\t\t\t<div class=\"elementor-widget-container\">\n\t\t\t\t\t\t\t\t\t\t\t\t\t\t\t<img fetchpriority=\"high\" decoding=\"async\" width=\"800\" height=\"600\" src=\"https:\/\/emailchef.com\/wp-content\/uploads\/2023\/12\/paid-memberships-pro-emailchef-addon.png\" class=\"attachment-full size-full wp-image-68888\" alt=\"Add On Emailchef pour WordPress Paid Memberships Pro\" srcset=\"https:\/\/emailchef.com\/wp-content\/uploads\/2023\/12\/paid-memberships-pro-emailchef-addon.png 800w, https:\/\/emailchef.com\/wp-content\/uploads\/2023\/12\/paid-memberships-pro-emailchef-addon-300x225.png 300w, https:\/\/emailchef.com\/wp-content\/uploads\/2023\/12\/paid-memberships-pro-emailchef-addon-768x576.png 768w\" sizes=\"(max-width: 800px) 100vw, 800px\" \/>\t\t\t\t\t\t\t\t\t\t\t\t\t\t\t<\/div>\n\t\t\t\t<\/div>\n\t\t\t\t\t<\/div>\n\t\t<\/div>\n\t\t\t\t\t<\/div>\n\t\t<\/section>\n\t\t\t\t<section class=\"elementor-section elementor-top-section elementor-element elementor-element-7aa9cbb elementor-section-boxed elementor-section-height-default elementor-section-height-default\" data-id=\"7aa9cbb\" data-element_type=\"section\">\n\t\t\t\t\t\t<div class=\"elementor-container elementor-column-gap-default\">\n\t\t\t\t\t<div class=\"elementor-column elementor-col-100 elementor-top-column elementor-element elementor-element-a1d2534\" data-id=\"a1d2534\" data-element_type=\"column\">\n\t\t\t<div class=\"elementor-widget-wrap elementor-element-populated\">\n\t\t\t\t\t\t<div class=\"elementor-element elementor-element-1986764 elementor-widget elementor-widget-heading\" data-id=\"1986764\" data-element_type=\"widget\" data-widget_type=\"heading.default\">\n\t\t\t\t<div class=\"elementor-widget-container\">\n\t\t\t\t\t<h2 class=\"elementor-heading-title elementor-size-default\">Am\u00e9liorez les fonctionnalit\u00e9s de votre site d'adh\u00e9sion avec le plugin Paid Memberships Pro et inscrivez facilement les utilisateurs et les membres de WordPress \u00e0 vos listes sur Emailchef.<\/h2>\t\t\t\t<\/div>\n\t\t\t\t<\/div>\n\t\t\t\t<div class=\"elementor-element elementor-element-5deffe6 elementor-widget elementor-widget-text-editor\" data-id=\"5deffe6\" data-element_type=\"widget\" data-widget_type=\"text-editor.default\">\n\t\t\t\t<div class=\"elementor-widget-container\">\n\t\t\t\t\t\t\t\t\t<p>Une fois Paid Memberships Pro install\u00e9, cr\u00e9ez des listes distinctes pour les diff\u00e9rents niveaux d&#8217;adh\u00e9sion, ainsi que des listes optionnelles auxquelles les membres peuvent s&#8217;inscrire lors du paiement ou via leur profil. Gr\u00e2ce \u00e0 une simple int\u00e9gration, les d\u00e9tails de l&#8217;email et du niveau d&#8217;adh\u00e9sion de l&#8217;utilisateur sont automatiquement unifi\u00e9s.<\/p><p>Dans la page des param\u00e8tres, les administrateurs du site peuvent facilement choisir des listes sp\u00e9cifiques pour les utilisateurs et les membres, en plus de configurer d&#8217;autres options pour am\u00e9liorer l&#8217;exp\u00e9rience globale.<\/p>\t\t\t\t\t\t\t\t<\/div>\n\t\t\t\t<\/div>\n\t\t\t\t<div class=\"elementor-element elementor-element-c1a32dc elementor-widget elementor-widget-heading\" data-id=\"c1a32dc\" data-element_type=\"widget\" data-widget_type=\"heading.default\">\n\t\t\t\t<div class=\"elementor-widget-container\">\n\t\t\t\t\t<h2 class=\"elementor-heading-title elementor-size-default\">Installation<\/h2>\t\t\t\t<\/div>\n\t\t\t\t<\/div>\n\t\t\t\t<div class=\"elementor-element elementor-element-ba5a6de elementor-icon-list--layout-traditional elementor-list-item-link-full_width elementor-widget elementor-widget-icon-list\" data-id=\"ba5a6de\" data-element_type=\"widget\" data-widget_type=\"icon-list.default\">\n\t\t\t\t<div class=\"elementor-widget-container\">\n\t\t\t\t\t\t\t<ul class=\"elementor-icon-list-items\">\n\t\t\t\t\t\t\t<li class=\"elementor-icon-list-item\">\n\t\t\t\t\t\t\t\t\t\t\t<span class=\"elementor-icon-list-icon\">\n\t\t\t\t\t\t\t<i aria-hidden=\"true\" class=\"fas fa-angle-right\"><\/i>\t\t\t\t\t\t<\/span>\n\t\t\t\t\t\t\t\t\t\t<span class=\"elementor-icon-list-text\">Installez facilement l'Add On en s\u00e9lectionnant <em>Ajouter nouveau<\/em> dans la section <em>Extensions<\/em> de votre tableau de bord WordPress et en saisissant dans le champ de recherche <em>Emailchef Add On for Paid Memberships Pro<\/em>.<\/span>\n\t\t\t\t\t\t\t\t\t<\/li>\n\t\t\t\t\t\t\t\t<li class=\"elementor-icon-list-item\">\n\t\t\t\t\t\t\t\t\t\t\t<span class=\"elementor-icon-list-icon\">\n\t\t\t\t\t\t\t<i aria-hidden=\"true\" class=\"fas fa-angle-right\"><\/i>\t\t\t\t\t\t<\/span>\n\t\t\t\t\t\t\t\t\t\t<span class=\"elementor-icon-list-text\">Activez le plugin dans la section <em>Extensions<\/em> de WordPress.<\/span>\n\t\t\t\t\t\t\t\t\t<\/li>\n\t\t\t\t\t\t\t\t<li class=\"elementor-icon-list-item\">\n\t\t\t\t\t\t\t\t\t\t\t<span class=\"elementor-icon-list-icon\">\n\t\t\t\t\t\t\t<i aria-hidden=\"true\" class=\"fas fa-angle-right\"><\/i>\t\t\t\t\t\t<\/span>\n\t\t\t\t\t\t\t\t\t\t<span class=\"elementor-icon-list-text\">Allez dans <em>Param\u00e8tres > PMPro Emailchef<\/em> pour saisir vos identifiants Emailchef et configurer vos listes.<\/span>\n\t\t\t\t\t\t\t\t\t<\/li>\n\t\t\t\t\t\t<\/ul>\n\t\t\t\t\t\t<\/div>\n\t\t\t\t<\/div>\n\t\t\t\t<div class=\"elementor-element elementor-element-c865169 elementor-widget elementor-widget-heading\" data-id=\"c865169\" data-element_type=\"widget\" data-widget_type=\"heading.default\">\n\t\t\t\t<div class=\"elementor-widget-container\">\n\t\t\t\t\t<h2 class=\"elementor-heading-title elementor-size-default\">Configuration<\/h2>\t\t\t\t<\/div>\n\t\t\t\t<\/div>\n\t\t\t\t<div class=\"elementor-element elementor-element-126fbfb elementor-icon-list--layout-traditional elementor-list-item-link-full_width elementor-widget elementor-widget-icon-list\" data-id=\"126fbfb\" data-element_type=\"widget\" data-widget_type=\"icon-list.default\">\n\t\t\t\t<div class=\"elementor-widget-container\">\n\t\t\t\t\t\t\t<ul class=\"elementor-icon-list-items\">\n\t\t\t\t\t\t\t<li class=\"elementor-icon-list-item\">\n\t\t\t\t\t\t\t\t\t\t\t<span class=\"elementor-icon-list-icon\">\n\t\t\t\t\t\t\t<i aria-hidden=\"true\" class=\"fas fa-angle-right\"><\/i>\t\t\t\t\t\t<\/span>\n\t\t\t\t\t\t\t\t\t\t<span class=\"elementor-icon-list-text\"><strong>Non-member Lists<\/strong><br>Ces listes sont d\u00e9sign\u00e9es pour les utilisateurs sans niveau d'adh\u00e9sion. Une fois que les utilisateurs acqui\u00e8rent un niveau d'adh\u00e9sion, ils seront automatiquement retir\u00e9s de ces listes.<\/span>\n\t\t\t\t\t\t\t\t\t<\/li>\n\t\t\t\t\t\t\t\t<li class=\"elementor-icon-list-item\">\n\t\t\t\t\t\t\t\t\t\t\t<span class=\"elementor-icon-list-icon\">\n\t\t\t\t\t\t\t<i aria-hidden=\"true\" class=\"fas fa-angle-right\"><\/i>\t\t\t\t\t\t<\/span>\n\t\t\t\t\t\t\t\t\t\t<span class=\"elementor-icon-list-text\"><strong>Opt-in Lists<\/strong><br>Ces listes repr\u00e9sentent les options d'abonnement disponibles pour les utilisateurs pendant le processus de paiement de PMPro. Les utilisateurs peuvent modifier leurs s\u00e9lections par la suite via leur profil. Il est important de noter que les listes d\u00e9sign\u00e9es comme listes Opt-in ne doivent pas \u00eatre simultan\u00e9ment cat\u00e9goris\u00e9es comme listes pour non-membres ou listes pour niveaux d'adh\u00e9sion.<\/span>\n\t\t\t\t\t\t\t\t\t<\/li>\n\t\t\t\t\t\t\t\t<li class=\"elementor-icon-list-item\">\n\t\t\t\t\t\t\t\t\t\t\t<span class=\"elementor-icon-list-icon\">\n\t\t\t\t\t\t\t<i aria-hidden=\"true\" class=\"fas fa-angle-right\"><\/i>\t\t\t\t\t\t<\/span>\n\t\t\t\t\t\t\t\t\t\t<span class=\"elementor-icon-list-text\"><strong>Unsubscribe on Level Change<\/strong><br>Si d\u00e9fini sur 'Non', les utilisateurs conserveront leur abonnement \u00e0 toutes les listes, m\u00eame s'ils perdent un niveau d'adh\u00e9sion. En revanche, s\u00e9lectionner 'Oui' signifie que les utilisateurs seront automatiquement d\u00e9sinscrits de toute liste sp\u00e9cifique \u00e0 un niveau auquel ils appartiennent une fois ce niveau perdu, \u00e0 condition que ces listes ne soient pas \u00e9galement class\u00e9es comme listes pour non-membres.<\/span>\n\t\t\t\t\t\t\t\t\t<\/li>\n\t\t\t\t\t\t\t\t<li class=\"elementor-icon-list-item\">\n\t\t\t\t\t\t\t\t\t\t\t<span class=\"elementor-icon-list-icon\">\n\t\t\t\t\t\t\t<i aria-hidden=\"true\" class=\"fas fa-angle-right\"><\/i>\t\t\t\t\t\t<\/span>\n\t\t\t\t\t\t\t\t\t\t<span class=\"elementor-icon-list-text\"><strong>Update on Profile Save<\/strong><br>S\u00e9lectionner 'Oui' permet \u00e0 PMPro de mettre \u00e0 jour les informations des listes Emailchef chaque fois que la page de profil d'un utilisateur est enregistr\u00e9e. Si vous choisissez 'Non', PMPro mettra \u00e0 jour les listes Emailchef uniquement en cas de changement dans le niveau d'adh\u00e9sion de l'utilisateur, dans son email ou dans les listes opt-in s\u00e9lectionn\u00e9es.<\/span>\n\t\t\t\t\t\t\t\t\t<\/li>\n\t\t\t\t\t\t\t\t<li class=\"elementor-icon-list-item\">\n\t\t\t\t\t\t\t\t\t\t\t<span class=\"elementor-icon-list-icon\">\n\t\t\t\t\t\t\t<i aria-hidden=\"true\" class=\"fas fa-angle-right\"><\/i>\t\t\t\t\t\t<\/span>\n\t\t\t\t\t\t\t\t\t\t<span class=\"elementor-icon-list-text\"><strong>Membership Levels and Lists:<\/strong><br>Ce sont les listes auxquelles les utilisateurs seront automatiquement inscrits lorsqu'ils re\u00e7oivent un niveau d'adh\u00e9sion.<\/span>\n\t\t\t\t\t\t\t\t\t<\/li>\n\t\t\t\t\t\t<\/ul>\n\t\t\t\t\t\t<\/div>\n\t\t\t\t<\/div>\n\t\t\t\t<div class=\"elementor-element elementor-element-70ffd7f elementor-tablet-align-center elementor-align-center elementor-widget elementor-widget-button\" data-id=\"70ffd7f\" data-element_type=\"widget\" data-widget_type=\"button.default\">\n\t\t\t\t<div class=\"elementor-widget-container\">\n\t\t\t\t\t\t\t\t\t<div class=\"elementor-button-wrapper\">\n\t\t\t\t\t<a class=\"elementor-button elementor-button-link elementor-size-sm elementor-animation-shrink\" href=\"https:\/\/wordpress.org\/plugins\/emailchef-add-on-for-pmp\/\" target=\"_blank\" title=\"T\u00e9l\u00e9charger le module Paid Memberships Pro Emailchef\">\n\t\t\t\t\t\t<span class=\"elementor-button-content-wrapper\">\n\t\t\t\t\t\t<span class=\"elementor-button-icon\">\n\t\t\t\t<i aria-hidden=\"true\" class=\"fas fa-download\"><\/i>\t\t\t<\/span>\n\t\t\t\t\t\t\t\t\t<span class=\"elementor-button-text\">T\u00c9L\u00c9CHARGER PMPRO EMAILCHEF<\/span>\n\t\t\t\t\t<\/span>\n\t\t\t\t\t<\/a>\n\t\t\t\t<\/div>\n\t\t\t\t\t\t\t\t<\/div>\n\t\t\t\t<\/div>\n\t\t\t\t<div class=\"elementor-element elementor-element-4c2a2a4 elementor-widget elementor-widget-heading\" data-id=\"4c2a2a4\" data-element_type=\"widget\" data-widget_type=\"heading.default\">\n\t\t\t\t<div class=\"elementor-widget-container\">\n\t\t\t\t\t<h2 class=\"elementor-heading-title elementor-size-default\">Capture d'\u00e9cran<\/h2>\t\t\t\t<\/div>\n\t\t\t\t<\/div>\n\t\t\t\t<div class=\"elementor-element elementor-element-46f3f9f elementor-widget elementor-widget-gallery\" data-id=\"46f3f9f\" data-element_type=\"widget\" data-settings=\"{&quot;columns&quot;:2,&quot;gap&quot;:{&quot;unit&quot;:&quot;px&quot;,&quot;size&quot;:20,&quot;sizes&quot;:[]},&quot;aspect_ratio&quot;:&quot;21:9&quot;,&quot;lazyload&quot;:&quot;yes&quot;,&quot;gallery_layout&quot;:&quot;grid&quot;,&quot;columns_tablet&quot;:2,&quot;columns_mobile&quot;:1,&quot;gap_tablet&quot;:{&quot;unit&quot;:&quot;px&quot;,&quot;size&quot;:10,&quot;sizes&quot;:[]},&quot;gap_mobile&quot;:{&quot;unit&quot;:&quot;px&quot;,&quot;size&quot;:10,&quot;sizes&quot;:[]},&quot;link_to&quot;:&quot;file&quot;,&quot;overlay_background&quot;:&quot;yes&quot;,&quot;content_hover_animation&quot;:&quot;fade-in&quot;}\" data-widget_type=\"gallery.default\">\n\t\t\t\t<div class=\"elementor-widget-container\">\n\t\t\t\t\t\t\t<div class=\"elementor-gallery__container\">\n\t\t\t\t\t\t\t<a class=\"e-gallery-item elementor-gallery-item elementor-animated-content\" href=\"https:\/\/emailchef.com\/wp-content\/uploads\/2024\/07\/emailchef-per-wordpress-paid-memberships-pro-screenshot-1.jpg\" data-elementor-open-lightbox=\"yes\" data-elementor-lightbox-slideshow=\"46f3f9f\" data-elementor-lightbox-title=\"emailchef-per-wordpress-paid-memberships-pro-screenshot-1\" data-e-action-hash=\"#elementor-action%3Aaction%3Dlightbox%26settings%3DeyJpZCI6NzQ0ODYsInVybCI6Imh0dHBzOlwvXC9lbWFpbGNoZWYuY29tXC93cC1jb250ZW50XC91cGxvYWRzXC8yMDI0XC8wN1wvZW1haWxjaGVmLXBlci13b3JkcHJlc3MtcGFpZC1tZW1iZXJzaGlwcy1wcm8tc2NyZWVuc2hvdC0xLmpwZyIsInNsaWRlc2hvdyI6IjQ2ZjNmOWYifQ%3D%3D\">\n\t\t\t\t\t<div class=\"e-gallery-image elementor-gallery-item__image\" data-thumbnail=\"https:\/\/emailchef.com\/wp-content\/uploads\/2024\/07\/emailchef-per-wordpress-paid-memberships-pro-screenshot-1.jpg\" data-width=\"800\" data-height=\"748\" aria-label=\"Emailchef per WordPress Paid Memberships Pro\" role=\"img\" ><\/div>\n\t\t\t\t\t\t\t\t\t\t\t<div class=\"elementor-gallery-item__overlay\"><\/div>\n\t\t\t\t\t\t\t\t\t\t\t\t\t\t<\/a>\n\t\t\t\t\t\t\t<a class=\"e-gallery-item elementor-gallery-item elementor-animated-content\" href=\"https:\/\/emailchef.com\/wp-content\/uploads\/2024\/07\/emailchef-per-wordpress-paid-memberships-pro-screenshot-2.jpg\" data-elementor-open-lightbox=\"yes\" data-elementor-lightbox-slideshow=\"46f3f9f\" data-elementor-lightbox-title=\"emailchef-per-wordpress-paid-memberships-pro-screenshot-2\" data-e-action-hash=\"#elementor-action%3Aaction%3Dlightbox%26settings%3DeyJpZCI6NzQ0NzcsInVybCI6Imh0dHBzOlwvXC9lbWFpbGNoZWYuY29tXC93cC1jb250ZW50XC91cGxvYWRzXC8yMDI0XC8wN1wvZW1haWxjaGVmLXBlci13b3JkcHJlc3MtcGFpZC1tZW1iZXJzaGlwcy1wcm8tc2NyZWVuc2hvdC0yLmpwZyIsInNsaWRlc2hvdyI6IjQ2ZjNmOWYifQ%3D%3D\">\n\t\t\t\t\t<div class=\"e-gallery-image elementor-gallery-item__image\" data-thumbnail=\"https:\/\/emailchef.com\/wp-content\/uploads\/2024\/07\/emailchef-per-wordpress-paid-memberships-pro-screenshot-2.jpg\" data-width=\"800\" data-height=\"361\" aria-label=\"Emailchef per WordPress Paid Memberships Pro\" role=\"img\" ><\/div>\n\t\t\t\t\t\t\t\t\t\t\t<div class=\"elementor-gallery-item__overlay\"><\/div>\n\t\t\t\t\t\t\t\t\t\t\t\t\t\t<\/a>\n\t\t\t\t\t<\/div>\n\t\t\t\t\t<\/div>\n\t\t\t\t<\/div>\n\t\t\t\t\t<\/div>\n\t\t<\/div>\n\t\t\t\t\t<\/div>\n\t\t<\/section>\n\t\t\t\t<\/div>\n\t\t","protected":false},"excerpt":{"rendered":"<p>Am\u00e9liorez les fonctionnalit\u00e9s de votre site d&#8217;adh\u00e9sion avec le plugin Paid Memberships Pro et inscrivez facilement les utilisateurs et les membres de WordPress \u00e0 vos listes sur Emailchef. Une fois Paid Memberships Pro install\u00e9, cr\u00e9ez des listes distinctes pour les diff\u00e9rents niveaux d&#8217;adh\u00e9sion, ainsi que des listes optionnelles auxquelles les membres peuvent s&#8217;inscrire lors du [&hellip;]<\/p>\n","protected":false},"author":1,"featured_media":0,"parent":0,"menu_order":14,"comment_status":"closed","ping_status":"closed","template":"","meta":{"_acf_changed":false,"inline_featured_image":false,"footnotes":""},"g1_relation_tag":[],"class_list":["post-76576","page","type-page","status-publish","hentry"],"acf":[],"yoast_head":"<!-- This site is optimized with the Yoast SEO plugin v24.8.1 - https:\/\/yoast.com\/wordpress\/plugins\/seo\/ -->\n<title>Add On Emailchef pour WordPress Paid Memberships Pro<\/title>\n<meta name=\"description\" content=\"Am\u00e9liorez votre site d&#039;adh\u00e9sion avec Emailchef et Paid Memberships Pro. Inscrivez facilement vos membres WordPress \u00e0 des listes automatiques et opt-in.\" \/>\n<meta name=\"robots\" content=\"index, follow, max-snippet:-1, max-image-preview:large, max-video-preview:-1\" \/>\n<link rel=\"canonical\" href=\"https:\/\/emailchef.com\/fr\/add-on-emailchef-pour-wordpress-paid-memberships-pro\/\" \/>\n<meta name=\"twitter:label1\" content=\"Dur\u00e9e de lecture estim\u00e9e\" \/>\n\t<meta name=\"twitter:data1\" content=\"3 minutes\" \/>\n<!-- \/ Yoast SEO plugin. -->","yoast_head_json":{"title":"Add On Emailchef pour WordPress Paid Memberships Pro","description":"Am\u00e9liorez votre site d'adh\u00e9sion avec Emailchef et Paid Memberships Pro. Inscrivez facilement vos membres WordPress \u00e0 des listes automatiques et opt-in.","robots":{"index":"index","follow":"follow","max-snippet":"max-snippet:-1","max-image-preview":"max-image-preview:large","max-video-preview":"max-video-preview:-1"},"canonical":"https:\/\/emailchef.com\/fr\/add-on-emailchef-pour-wordpress-paid-memberships-pro\/","twitter_misc":{"Dur\u00e9e de lecture estim\u00e9e":"3 minutes"},"schema":{"@context":"https:\/\/schema.org","@graph":[{"@type":"WebPage","@id":"https:\/\/emailchef.com\/fr\/add-on-emailchef-pour-wordpress-paid-memberships-pro\/","url":"https:\/\/emailchef.com\/fr\/add-on-emailchef-pour-wordpress-paid-memberships-pro\/","name":"Add On Emailchef pour WordPress Paid Memberships Pro","isPartOf":{"@id":"https:\/\/emailchef.com\/fr\/#website"},"primaryImageOfPage":{"@id":"https:\/\/emailchef.com\/fr\/add-on-emailchef-pour-wordpress-paid-memberships-pro\/#primaryimage"},"image":{"@id":"https:\/\/emailchef.com\/fr\/add-on-emailchef-pour-wordpress-paid-memberships-pro\/#primaryimage"},"thumbnailUrl":"https:\/\/emailchef.com\/wp-content\/uploads\/2023\/12\/paid-memberships-pro-emailchef-addon.png","datePublished":"2023-12-05T09:42:56+00:00","dateModified":"2024-10-18T14:14:28+00:00","description":"Am\u00e9liorez votre site d'adh\u00e9sion avec Emailchef et Paid Memberships Pro. Inscrivez facilement vos membres WordPress \u00e0 des listes automatiques et opt-in.","breadcrumb":{"@id":"https:\/\/emailchef.com\/fr\/add-on-emailchef-pour-wordpress-paid-memberships-pro\/#breadcrumb"},"inLanguage":"fr-FR","potentialAction":[{"@type":"ReadAction","target":["https:\/\/emailchef.com\/fr\/add-on-emailchef-pour-wordpress-paid-memberships-pro\/"]}]},{"@type":"ImageObject","inLanguage":"fr-FR","@id":"https:\/\/emailchef.com\/fr\/add-on-emailchef-pour-wordpress-paid-memberships-pro\/#primaryimage","url":"https:\/\/emailchef.com\/wp-content\/uploads\/2023\/12\/paid-memberships-pro-emailchef-addon.png","contentUrl":"https:\/\/emailchef.com\/wp-content\/uploads\/2023\/12\/paid-memberships-pro-emailchef-addon.png"},{"@type":"BreadcrumbList","@id":"https:\/\/emailchef.com\/fr\/add-on-emailchef-pour-wordpress-paid-memberships-pro\/#breadcrumb","itemListElement":[{"@type":"ListItem","position":1,"name":"Home","item":"https:\/\/emailchef.com\/fr\/mailchef-email-marketing-emailing-et-envoi-newsletter\/"},{"@type":"ListItem","position":2,"name":"Add On Emailchef pour WordPress Paid Memberships Pro"}]},{"@type":"WebSite","@id":"https:\/\/emailchef.com\/fr\/#website","url":"https:\/\/emailchef.com\/fr\/","name":"Emailchef","description":"Recettes go\u00fbteuses pour vos emails","publisher":{"@id":"https:\/\/emailchef.com\/fr\/#organization"},"potentialAction":[{"@type":"SearchAction","target":{"@type":"EntryPoint","urlTemplate":"https:\/\/emailchef.com\/fr\/?s={search_term_string}"},"query-input":{"@type":"PropertyValueSpecification","valueRequired":true,"valueName":"search_term_string"}}],"inLanguage":"fr-FR"},{"@type":"Organization","@id":"https:\/\/emailchef.com\/fr\/#organization","name":"Delivery Tech Corp.","url":"https:\/\/emailchef.com\/fr\/","logo":{"@type":"ImageObject","inLanguage":"fr-FR","@id":"https:\/\/emailchef.com\/fr\/#\/schema\/logo\/image\/","url":"https:\/\/emailchef.com\/wp-content\/uploads\/2022\/04\/logo-sama.png","contentUrl":"https:\/\/emailchef.com\/wp-content\/uploads\/2022\/04\/logo-sama.png","width":237,"height":80,"caption":"Delivery Tech Corp."},"image":{"@id":"https:\/\/emailchef.com\/fr\/#\/schema\/logo\/image\/"}}]}},"_links":{"self":[{"href":"https:\/\/emailchef.com\/fr\/wp-json\/wp\/v2\/pages\/76576"}],"collection":[{"href":"https:\/\/emailchef.com\/fr\/wp-json\/wp\/v2\/pages"}],"about":[{"href":"https:\/\/emailchef.com\/fr\/wp-json\/wp\/v2\/types\/page"}],"author":[{"embeddable":true,"href":"https:\/\/emailchef.com\/fr\/wp-json\/wp\/v2\/users\/1"}],"replies":[{"embeddable":true,"href":"https:\/\/emailchef.com\/fr\/wp-json\/wp\/v2\/comments?post=76576"}],"version-history":[{"count":5,"href":"https:\/\/emailchef.com\/fr\/wp-json\/wp\/v2\/pages\/76576\/revisions"}],"predecessor-version":[{"id":76581,"href":"https:\/\/emailchef.com\/fr\/wp-json\/wp\/v2\/pages\/76576\/revisions\/76581"}],"wp:attachment":[{"href":"https:\/\/emailchef.com\/fr\/wp-json\/wp\/v2\/media?parent=76576"}],"wp:term":[{"taxonomy":"g1_relation_tag","embeddable":true,"href":"https:\/\/emailchef.com\/fr\/wp-json\/wp\/v2\/g1_relation_tag?post=76576"}],"curies":[{"name":"wp","href":"https:\/\/api.w.org\/{rel}","templated":true}]}}