{"id":75701,"date":"2023-06-21T13:05:44","date_gmt":"2023-06-21T13:05:44","guid":{"rendered":"https:\/\/emailchef.com\/?page_id=75701"},"modified":"2024-10-11T08:51:40","modified_gmt":"2024-10-11T08:51:40","slug":"email-marketing-et-rgpd","status":"publish","type":"page","link":"https:\/\/emailchef.com\/fr\/fonctionnalites\/email-marketing-et-rgpd\/","title":{"rendered":"Email marketing et RGPD : Emailchef garantit toutes les exigences de la R\u00e9glementation sur la protection des donn\u00e9es."},"content":{"rendered":"\t\t<div data-elementor-type=\"wp-page\" data-elementor-id=\"75701\" class=\"elementor elementor-75701 elementor-67503\" data-elementor-post-type=\"page\">\n\t\t\t\t\t\t<section class=\"elementor-section elementor-top-section elementor-element elementor-element-d5e1467 elementor-section-boxed elementor-section-height-default elementor-section-height-default\" data-id=\"d5e1467\" data-element_type=\"section\">\n\t\t\t\t\t\t<div class=\"elementor-container elementor-column-gap-default\">\n\t\t\t\t\t<div class=\"elementor-column elementor-col-100 elementor-top-column elementor-element elementor-element-3b5dcb7\" data-id=\"3b5dcb7\" data-element_type=\"column\">\n\t\t\t<div class=\"elementor-widget-wrap elementor-element-populated\">\n\t\t\t\t\t\t<div class=\"elementor-element elementor-element-8623ded elementor-widget elementor-widget-image\" data-id=\"8623ded\" data-element_type=\"widget\" data-widget_type=\"image.default\">\n\t\t\t\t<div class=\"elementor-widget-container\">\n\t\t\t\t\t\t\t\t\t\t\t\t\t\t\t<img fetchpriority=\"high\" decoding=\"async\" width=\"562\" height=\"421\" src=\"https:\/\/emailchef.com\/wp-content\/uploads\/2023\/06\/email_marketing_gdpr.png\" class=\"attachment-full size-full wp-image-67510\" alt=\"Email marketing et RGPD\" srcset=\"https:\/\/emailchef.com\/wp-content\/uploads\/2023\/06\/email_marketing_gdpr.png 562w, https:\/\/emailchef.com\/wp-content\/uploads\/2023\/06\/email_marketing_gdpr-300x225.png 300w\" sizes=\"(max-width: 562px) 100vw, 562px\" \/>\t\t\t\t\t\t\t\t\t\t\t\t\t\t\t<\/div>\n\t\t\t\t<\/div>\n\t\t\t\t\t<\/div>\n\t\t<\/div>\n\t\t\t\t\t<\/div>\n\t\t<\/section>\n\t\t\t\t<section class=\"elementor-section elementor-top-section elementor-element elementor-element-0a8cd9d elementor-section-boxed elementor-section-height-default elementor-section-height-default\" data-id=\"0a8cd9d\" data-element_type=\"section\">\n\t\t\t\t\t\t<div class=\"elementor-container elementor-column-gap-default\">\n\t\t\t\t\t<div class=\"elementor-column elementor-col-100 elementor-top-column elementor-element elementor-element-a49c456\" data-id=\"a49c456\" data-element_type=\"column\">\n\t\t\t<div class=\"elementor-widget-wrap elementor-element-populated\">\n\t\t\t\t\t\t<div class=\"elementor-element elementor-element-6520d99 elementor-widget elementor-widget-text-editor\" data-id=\"6520d99\" data-element_type=\"widget\" data-widget_type=\"text-editor.default\">\n\t\t\t\t<div class=\"elementor-widget-container\">\n\t\t\t\t\t\t\t\t\t<p>Le respect du RGPD est l&#8217;un des sujets les plus d\u00e9licats et souvent sous-estim\u00e9s lorsqu&#8217;on parle d&#8217;email marketing. Pourtant, le non-respect de ce r\u00e8glement peut entra\u00eener des amendes pouvant atteindre 10 ou m\u00eame 20 millions d&#8217;euros, selon la gravit\u00e9 de la violation.<\/p><p>Mais que pouvez-vous faire pour respecter la r\u00e9glementation europ\u00e9enne sur la protection des donn\u00e9es personnelles ?<\/p><p>Un excellent point de d\u00e9part est de <strong>choisir une plateforme comme Emailchef<\/strong>, capable de satisfaire toutes les exigences du RGPD (afin que vous n\u2019ayez \u00e0 vous soucier de rien). Les serveurs utilis\u00e9s par Emailchef sont situ\u00e9s en Europe, et nos adresses IP sont europ\u00e9ennes, garantissant ainsi l&#8217;un des principaux crit\u00e8res requis par le RGPD. De cette fa\u00e7on, vous pouvez conserver les donn\u00e9es collect\u00e9es sur des serveurs s\u00e9curis\u00e9s en termes de confidentialit\u00e9.<\/p><p>En choisissant de localiser nos serveurs sur le territoire europ\u00e9en, nous pouvons vous garantir la conformit\u00e9 des normes de protection aux exigences du RGPD, une \u00e9tape essentielle pour la s\u00e9curit\u00e9 de ceux qui utilisent nos produits et services.<\/p><p>Mais ce n&#8217;est pas tout : il sera \u00e9galement crucial de mettre en \u0153uvre les autres mesures pr\u00e9vues par le r\u00e8glement. Lesquelles ?<\/p>\t\t\t\t\t\t\t\t<\/div>\n\t\t\t\t<\/div>\n\t\t\t\t<div class=\"elementor-element elementor-element-35d0bb5 elementor-icon-list--layout-traditional elementor-list-item-link-full_width elementor-widget elementor-widget-icon-list\" data-id=\"35d0bb5\" data-element_type=\"widget\" data-widget_type=\"icon-list.default\">\n\t\t\t\t<div class=\"elementor-widget-container\">\n\t\t\t\t\t\t\t<ul class=\"elementor-icon-list-items\">\n\t\t\t\t\t\t\t<li class=\"elementor-icon-list-item\">\n\t\t\t\t\t\t\t\t\t\t\t<span class=\"elementor-icon-list-icon\">\n\t\t\t\t\t\t\t<i aria-hidden=\"true\" class=\"fas fa-angle-right\"><\/i>\t\t\t\t\t\t<\/span>\n\t\t\t\t\t\t\t\t\t\t<span class=\"elementor-icon-list-text\">Vous devez collecter uniquement les donn\u00e9es des personnes qui vous ont donn\u00e9 un consentement explicite. Pour vous aider dans ce processus, Emailchef propose des <strong>formulaires d\u2019inscription en simple ou double opt-in<\/strong> afin d\u2019ajouter \u00e0 votre liste de diffusion uniquement les personnes qui ont donn\u00e9 leur autorisation via l\u2019inscription.<\/span>\n\t\t\t\t\t\t\t\t\t<\/li>\n\t\t\t\t\t\t<\/ul>\n\t\t\t\t\t\t<\/div>\n\t\t\t\t<\/div>\n\t\t\t\t<div class=\"elementor-element elementor-element-6cfef9f elementor-widget elementor-widget-html\" data-id=\"6cfef9f\" data-element_type=\"widget\" data-widget_type=\"html.default\">\n\t\t\t\t<div class=\"elementor-widget-container\">\n\t\t\t\t\t<div class=\"lyte-wrapper\" title=\"[FR] Comment cr&eacute;er un formulaire d&amp;#039;inscription avec eMailChef\" style=\"width:640px;max-width:100%;margin:5px;\"><div class=\"lyMe\" id=\"WYL_NfFHdyUr9Ys\"><div id=\"lyte_NfFHdyUr9Ys\" data-src=\"https:\/\/emailchef.com\/wp-content\/plugins\/wp-youtube-lyte\/lyteCache.php?origThumbUrl=https%3A%2F%2Fi.ytimg.com%2Fvi%2FNfFHdyUr9Ys%2Fhqdefault.jpg\" class=\"pL\"><div class=\"tC\"><div class=\"tT\">[FR] Comment cr\u00e9er un formulaire d&#039;inscription avec eMailChef<\/div><\/div><div class=\"play\"><\/div><div class=\"ctrl\"><div class=\"Lctrl\"><\/div><div class=\"Rctrl\"><\/div><\/div><\/div><noscript><a href=\"https:\/\/youtu.be\/NfFHdyUr9Ys\" rel=\"nofollow\"><img decoding=\"async\" src=\"https:\/\/emailchef.com\/wp-content\/plugins\/wp-youtube-lyte\/lyteCache.php?origThumbUrl=https%3A%2F%2Fi.ytimg.com%2Fvi%2FNfFHdyUr9Ys%2F0.jpg\" alt=\"[FR] Comment cr&eacute;er un formulaire d&amp;#039;inscription avec eMailChef\" width=\"640\" height=\"340\" \/><br \/>Lire cette vid\u00e9o sur YouTube<\/a><\/noscript><\/div><\/div><div class=\"lL\" style=\"max-width:100%;width:640px;margin:5px;\"><\/div>\n<div class=\"ec-video-button hide centered\">\n\t<a href=\"https:\/\/youtu.be\/NfFHdyUr9Ys\" rel=\"prettyPhoto\" title=\"Play Video\">Play Video <i class=\"fa fa-play-circle fa-2x\"><\/i><\/a>\n<\/div>\t\t\t\t<\/div>\n\t\t\t\t<\/div>\n\t\t\t\t<div class=\"elementor-element elementor-element-d6160d2 elementor-icon-list--layout-traditional elementor-list-item-link-full_width elementor-widget elementor-widget-icon-list\" data-id=\"d6160d2\" data-element_type=\"widget\" data-widget_type=\"icon-list.default\">\n\t\t\t\t<div class=\"elementor-widget-container\">\n\t\t\t\t\t\t\t<ul class=\"elementor-icon-list-items\">\n\t\t\t\t\t\t\t<li class=\"elementor-icon-list-item\">\n\t\t\t\t\t\t\t\t\t\t\t<span class=\"elementor-icon-list-icon\">\n\t\t\t\t\t\t\t<i aria-hidden=\"true\" class=\"fas fa-angle-right\"><\/i>\t\t\t\t\t\t<\/span>\n\t\t\t\t\t\t\t\t\t\t<span class=\"elementor-icon-list-text\">Permettez \u00e0 tous les abonn\u00e9s de se d\u00e9sinscrire de votre liste de diffusion \u00e0 tout moment. Il s'agit d'une obligation pr\u00e9vue non seulement par le RGPD, mais \u00e9galement par la loi am\u00e9ricaine CAN-SPAM sur la protection des donn\u00e9es personnelles.<\/span>\n\t\t\t\t\t\t\t\t\t<\/li>\n\t\t\t\t\t\t\t\t<li class=\"elementor-icon-list-item\">\n\t\t\t\t\t\t\t\t\t\t\t<span class=\"elementor-icon-list-icon\">\n\t\t\t\t\t\t\t<i aria-hidden=\"true\" class=\"fas fa-angle-right\"><\/i>\t\t\t\t\t\t<\/span>\n\t\t\t\t\t\t\t\t\t\t<span class=\"elementor-icon-list-text\">Tous les mod\u00e8les cr\u00e9\u00e9s avec l'\u00e9diteur drag&drop d'Emailchef incluent automatiquement un pied de page pour la d\u00e9sinscription. Ainsi, vous offrez \u00e0 ceux qui ne souhaitent plus recevoir vos communications la possibilit\u00e9 d\u2019annuler leur abonnement.<\/span>\n\t\t\t\t\t\t\t\t\t<\/li>\n\t\t\t\t\t\t<\/ul>\n\t\t\t\t\t\t<\/div>\n\t\t\t\t<\/div>\n\t\t\t\t<div class=\"elementor-element elementor-element-1db7bc1 elementor-widget elementor-widget-image\" data-id=\"1db7bc1\" data-element_type=\"widget\" data-widget_type=\"image.default\">\n\t\t\t\t<div class=\"elementor-widget-container\">\n\t\t\t\t\t\t\t\t\t\t\t\t\t\t\t<img decoding=\"async\" width=\"688\" height=\"164\" src=\"https:\/\/emailchef.com\/wp-content\/uploads\/2024\/10\/pied-de-page-de-email-conforme-au-rgpd.png\" class=\"attachment-large size-large wp-image-75703\" alt=\"Pied de page de l&#039;email conforme au RGPD\" srcset=\"https:\/\/emailchef.com\/wp-content\/uploads\/2024\/10\/pied-de-page-de-email-conforme-au-rgpd.png 688w, https:\/\/emailchef.com\/wp-content\/uploads\/2024\/10\/pied-de-page-de-email-conforme-au-rgpd-300x72.png 300w\" sizes=\"(max-width: 688px) 100vw, 688px\" \/>\t\t\t\t\t\t\t\t\t\t\t\t\t\t\t<\/div>\n\t\t\t\t<\/div>\n\t\t\t\t<div class=\"elementor-element elementor-element-2c74d3d elementor-widget elementor-widget-heading\" data-id=\"2c74d3d\" data-element_type=\"widget\" data-widget_type=\"heading.default\">\n\t\t\t\t<div class=\"elementor-widget-container\">\n\t\t\t\t\t<h2 class=\"elementor-heading-title elementor-size-default\">Vous souhaitez en savoir plus sur l\u2019email marketing et le RGPD ?<\/h2>\t\t\t\t<\/div>\n\t\t\t\t<\/div>\n\t\t\t\t<div class=\"elementor-element elementor-element-69d9b24 elementor-widget elementor-widget-text-editor\" data-id=\"69d9b24\" data-element_type=\"widget\" data-widget_type=\"text-editor.default\">\n\t\t\t\t<div class=\"elementor-widget-container\">\n\t\t\t\t\t\t\t\t\t<p>Pour vous donner un aper\u00e7u complet de ce que fait Emailchef pour garantir le respect de la vie priv\u00e9e, nous avons pr\u00e9par\u00e9 un tableau r\u00e9capitulatif des mesures adopt\u00e9es, qui vous permettent d&#8217;utiliser nos produits et services en toute s\u00e9curit\u00e9.<\/p>\t\t\t\t\t\t\t\t<\/div>\n\t\t\t\t<\/div>\n\t\t\t\t<div class=\"elementor-element elementor-element-a345d3c elementor-icon-list--layout-traditional elementor-list-item-link-full_width elementor-widget elementor-widget-icon-list\" data-id=\"a345d3c\" data-element_type=\"widget\" data-widget_type=\"icon-list.default\">\n\t\t\t\t<div class=\"elementor-widget-container\">\n\t\t\t\t\t\t\t<ul class=\"elementor-icon-list-items\">\n\t\t\t\t\t\t\t<li class=\"elementor-icon-list-item\">\n\t\t\t\t\t\t\t\t\t\t\t<span class=\"elementor-icon-list-icon\">\n\t\t\t\t\t\t\t<i aria-hidden=\"true\" class=\"fas fa-chevron-down\"><\/i>\t\t\t\t\t\t<\/span>\n\t\t\t\t\t\t\t\t\t\t<span class=\"elementor-icon-list-text\">Nous avons nomm\u00e9 un D\u00e9l\u00e9gu\u00e9 \u00e0 la Protection des Donn\u00e9es (DPO).<\/span>\n\t\t\t\t\t\t\t\t\t<\/li>\n\t\t\t\t\t\t\t\t<li class=\"elementor-icon-list-item\">\n\t\t\t\t\t\t\t\t\t\t\t<span class=\"elementor-icon-list-icon\">\n\t\t\t\t\t\t\t<i aria-hidden=\"true\" class=\"fas fa-chevron-down\"><\/i>\t\t\t\t\t\t<\/span>\n\t\t\t\t\t\t\t\t\t\t<span class=\"elementor-icon-list-text\">Nous avons form\u00e9 le personnel en charge du traitement des donn\u00e9es et des activit\u00e9s de contr\u00f4le associ\u00e9es.<\/span>\n\t\t\t\t\t\t\t\t\t<\/li>\n\t\t\t\t\t\t\t\t<li class=\"elementor-icon-list-item\">\n\t\t\t\t\t\t\t\t\t\t\t<span class=\"elementor-icon-list-icon\">\n\t\t\t\t\t\t\t<i aria-hidden=\"true\" class=\"fas fa-chevron-down\"><\/i>\t\t\t\t\t\t<\/span>\n\t\t\t\t\t\t\t\t\t\t<span class=\"elementor-icon-list-text\">Notre politique sur les droits des personnes concern\u00e9es et nos proc\u00e9dures pour la d\u00e9monstration du consentement ont \u00e9t\u00e9 mises \u00e0 jour.<\/span>\n\t\t\t\t\t\t\t\t\t<\/li>\n\t\t\t\t\t\t\t\t<li class=\"elementor-icon-list-item\">\n\t\t\t\t\t\t\t\t\t\t\t<span class=\"elementor-icon-list-icon\">\n\t\t\t\t\t\t\t<i aria-hidden=\"true\" class=\"fas fa-chevron-down\"><\/i>\t\t\t\t\t\t<\/span>\n\t\t\t\t\t\t\t\t\t\t<span class=\"elementor-icon-list-text\">Nous avons r\u00e9dig\u00e9 une politique de confidentialit\u00e9 d\u00e9taill\u00e9e et conforme au RGPD, facile \u00e0 comprendre, afin d'informer les personnes concern\u00e9es sur leurs droits.<\/span>\n\t\t\t\t\t\t\t\t\t<\/li>\n\t\t\t\t\t\t\t\t<li class=\"elementor-icon-list-item\">\n\t\t\t\t\t\t\t\t\t\t\t<span class=\"elementor-icon-list-icon\">\n\t\t\t\t\t\t\t<i aria-hidden=\"true\" class=\"fas fa-chevron-down\"><\/i>\t\t\t\t\t\t<\/span>\n\t\t\t\t\t\t\t\t\t\t<span class=\"elementor-icon-list-text\">Nos proc\u00e9dures de r\u00e9ponse en cas de violation des donn\u00e9es sont rapides et interviennent sans d\u00e9lai apr\u00e8s la d\u00e9tection d'une anomalie.<\/span>\n\t\t\t\t\t\t\t\t\t<\/li>\n\t\t\t\t\t\t\t\t<li class=\"elementor-icon-list-item\">\n\t\t\t\t\t\t\t\t\t\t\t<span class=\"elementor-icon-list-icon\">\n\t\t\t\t\t\t\t<i aria-hidden=\"true\" class=\"fas fa-chevron-down\"><\/i>\t\t\t\t\t\t<\/span>\n\t\t\t\t\t\t\t\t\t\t<span class=\"elementor-icon-list-text\">Nous avons r\u00e9alis\u00e9 une EIVP (\u00c9valuation d'Impact sur la Vie Priv\u00e9e).<\/span>\n\t\t\t\t\t\t\t\t\t<\/li>\n\t\t\t\t\t\t\t\t<li class=\"elementor-icon-list-item\">\n\t\t\t\t\t\t\t\t\t\t\t<span class=\"elementor-icon-list-icon\">\n\t\t\t\t\t\t\t<i aria-hidden=\"true\" class=\"fas fa-chevron-down\"><\/i>\t\t\t\t\t\t<\/span>\n\t\t\t\t\t\t\t\t\t\t<span class=\"elementor-icon-list-text\">Nous avons appliqu\u00e9 les principes du RGPD \u00e0 divers aspects du traitement des donn\u00e9es (activit\u00e9s, objectifs, description des cat\u00e9gories de destinataires et \u00e9ventuels transferts).<\/span>\n\t\t\t\t\t\t\t\t\t<\/li>\n\t\t\t\t\t\t\t\t<li class=\"elementor-icon-list-item\">\n\t\t\t\t\t\t\t\t\t\t\t<span class=\"elementor-icon-list-icon\">\n\t\t\t\t\t\t\t<i aria-hidden=\"true\" class=\"fas fa-chevron-down\"><\/i>\t\t\t\t\t\t<\/span>\n\t\t\t\t\t\t\t\t\t\t<span class=\"elementor-icon-list-text\">Nos mesures techniques et organisationnelles ont \u00e9t\u00e9 renforc\u00e9es.<\/span>\n\t\t\t\t\t\t\t\t\t<\/li>\n\t\t\t\t\t\t\t\t<li class=\"elementor-icon-list-item\">\n\t\t\t\t\t\t\t\t\t\t\t<span class=\"elementor-icon-list-icon\">\n\t\t\t\t\t\t\t<i aria-hidden=\"true\" class=\"fas fa-chevron-down\"><\/i>\t\t\t\t\t\t<\/span>\n\t\t\t\t\t\t\t\t\t\t<span class=\"elementor-icon-list-text\">Nous garantissons le droit \u00e0 la portabilit\u00e9 des donn\u00e9es et la transparence des donn\u00e9es des personnes concern\u00e9es, vers et depuis des syst\u00e8mes tiers.<\/span>\n\t\t\t\t\t\t\t\t\t<\/li>\n\t\t\t\t\t\t\t\t<li class=\"elementor-icon-list-item\">\n\t\t\t\t\t\t\t\t\t\t\t<span class=\"elementor-icon-list-icon\">\n\t\t\t\t\t\t\t<i aria-hidden=\"true\" class=\"fas fa-chevron-down\"><\/i>\t\t\t\t\t\t<\/span>\n\t\t\t\t\t\t\t\t\t\t<span class=\"elementor-icon-list-text\">Le niveau de protection des transferts de donn\u00e9es vers des pays hors UE a \u00e9t\u00e9 renforc\u00e9 avec des protocoles adapt\u00e9s.<\/span>\n\t\t\t\t\t\t\t\t\t<\/li>\n\t\t\t\t\t\t\t\t<li class=\"elementor-icon-list-item\">\n\t\t\t\t\t\t\t\t\t\t\t<span class=\"elementor-icon-list-icon\">\n\t\t\t\t\t\t\t<i aria-hidden=\"true\" class=\"fas fa-chevron-down\"><\/i>\t\t\t\t\t\t<\/span>\n\t\t\t\t\t\t\t\t\t\t<span class=\"elementor-icon-list-text\">Nous avons adopt\u00e9 depuis longtemps le concept de \u00ab Privacy by design \u00bb, pour mettre en \u0153uvre efficacement les principes de protection des donn\u00e9es (tels que la minimisation) et int\u00e9grer les garanties qui r\u00e9pondent aux exigences du RGPD.<\/span>\n\t\t\t\t\t\t\t\t\t<\/li>\n\t\t\t\t\t\t\t\t<li class=\"elementor-icon-list-item\">\n\t\t\t\t\t\t\t\t\t\t\t<span class=\"elementor-icon-list-icon\">\n\t\t\t\t\t\t\t<i aria-hidden=\"true\" class=\"fas fa-chevron-down\"><\/i>\t\t\t\t\t\t<\/span>\n\t\t\t\t\t\t\t\t\t\t<span class=\"elementor-icon-list-text\">Nous effectuons des v\u00e9rifications p\u00e9riodiques de l'efficacit\u00e9 et de l'ad\u00e9quation des mesures appliqu\u00e9es.<\/span>\n\t\t\t\t\t\t\t\t\t<\/li>\n\t\t\t\t\t\t<\/ul>\n\t\t\t\t\t\t<\/div>\n\t\t\t\t<\/div>\n\t\t\t\t<div class=\"elementor-element elementor-element-db58c82 pricing2020-CTA-chat elementor-widget elementor-widget-text-editor\" data-id=\"db58c82\" data-element_type=\"widget\" data-widget_type=\"text-editor.default\">\n\t\t\t\t<div class=\"elementor-widget-container\">\n\t\t\t\t\t\t\t\t\t<p>Si vous souhaitez en savoir plus sur les mesures que nous avons mises en place et sur ce que vous pouvez faire pour \u00eatre conforme au RGPD, lisez notre guide sur la r\u00e9glementation de la vie priv\u00e9e.<\/p>\t\t\t\t\t\t\t\t<\/div>\n\t\t\t\t<\/div>\n\t\t\t\t<div class=\"elementor-element elementor-element-1ad6e1a elementor-align-center elementor-mobile-align-center elementor-widget elementor-widget-button\" data-id=\"1ad6e1a\" data-element_type=\"widget\" data-widget_type=\"button.default\">\n\t\t\t\t<div class=\"elementor-widget-container\">\n\t\t\t\t\t\t\t\t\t<div class=\"elementor-button-wrapper\">\n\t\t\t\t\t<a class=\"elementor-button elementor-button-link elementor-size-md elementor-animation-shrink\" href=\"https:\/\/emailchef.com\/fr\/politique-de-confidentialite-reglement-ue-2016-79-rgpd\/\" title=\"Lire le guide Emailchef sur le RGPD\">\n\t\t\t\t\t\t<span class=\"elementor-button-content-wrapper\">\n\t\t\t\t\t\t<span class=\"elementor-button-icon\">\n\t\t\t\t<i aria-hidden=\"true\" class=\"fas fa-angle-right\"><\/i>\t\t\t<\/span>\n\t\t\t\t\t\t\t\t\t<span class=\"elementor-button-text\"><span style=\"color:#1c2150ff\">LIRE LE GUIDE EMAILCHEF SUR LE RGPD<\/span><\/span>\n\t\t\t\t\t<\/span>\n\t\t\t\t\t<\/a>\n\t\t\t\t<\/div>\n\t\t\t\t\t\t\t\t<\/div>\n\t\t\t\t<\/div>\n\t\t\t\t\t<\/div>\n\t\t<\/div>\n\t\t\t\t\t<\/div>\n\t\t<\/section>\n\t\t\t\t<\/div>\n\t\t","protected":false},"excerpt":{"rendered":"<p>Le respect du RGPD est l&#8217;un des sujets les plus d\u00e9licats et souvent sous-estim\u00e9s lorsqu&#8217;on parle d&#8217;email marketing. Pourtant, le non-respect de ce r\u00e8glement peut entra\u00eener des amendes pouvant atteindre 10 ou m\u00eame 20 millions d&#8217;euros, selon la gravit\u00e9 de la violation. Mais que pouvez-vous faire pour respecter la r\u00e9glementation europ\u00e9enne sur la protection des [&hellip;]<\/p>\n","protected":false},"author":1,"featured_media":0,"parent":1268,"menu_order":0,"comment_status":"closed","ping_status":"closed","template":"","meta":{"_acf_changed":false,"inline_featured_image":false,"footnotes":""},"g1_relation_tag":[],"class_list":["post-75701","page","type-page","status-publish","hentry"],"acf":[],"yoast_head":"<!-- This site is optimized with the Yoast SEO plugin v24.8.1 - https:\/\/yoast.com\/wordpress\/plugins\/seo\/ -->\n<title>Email marketing en conformit\u00e9 avec le RGPD avec Emailchef<\/title>\n<meta name=\"description\" content=\"Respecter la r\u00e9glementation sur la protection des donn\u00e9es. Email marketing et RGPD. La plateforme d&#039;email marketing conforme au RGPD &gt;&gt; D\u00e9couvrez Emailchef!\" \/>\n<meta name=\"robots\" content=\"index, follow, max-snippet:-1, max-image-preview:large, max-video-preview:-1\" \/>\n<link rel=\"canonical\" href=\"https:\/\/emailchef.com\/fr\/fonctionnalites\/email-marketing-et-rgpd\/\" \/>\n<meta name=\"twitter:label1\" content=\"Dur\u00e9e de lecture estim\u00e9e\" \/>\n\t<meta name=\"twitter:data1\" content=\"4 minutes\" \/>\n<!-- \/ Yoast SEO plugin. -->","yoast_head_json":{"title":"Email marketing en conformit\u00e9 avec le RGPD avec Emailchef","description":"Respecter la r\u00e9glementation sur la protection des donn\u00e9es. Email marketing et RGPD. La plateforme d'email marketing conforme au RGPD >> D\u00e9couvrez Emailchef!","robots":{"index":"index","follow":"follow","max-snippet":"max-snippet:-1","max-image-preview":"max-image-preview:large","max-video-preview":"max-video-preview:-1"},"canonical":"https:\/\/emailchef.com\/fr\/fonctionnalites\/email-marketing-et-rgpd\/","twitter_misc":{"Dur\u00e9e de lecture estim\u00e9e":"4 minutes"},"schema":{"@context":"https:\/\/schema.org","@graph":[{"@type":"WebPage","@id":"https:\/\/emailchef.com\/fr\/fonctionnalites\/email-marketing-et-rgpd\/","url":"https:\/\/emailchef.com\/fr\/fonctionnalites\/email-marketing-et-rgpd\/","name":"Email marketing en conformit\u00e9 avec le RGPD avec Emailchef","isPartOf":{"@id":"https:\/\/emailchef.com\/fr\/#website"},"primaryImageOfPage":{"@id":"https:\/\/emailchef.com\/fr\/fonctionnalites\/email-marketing-et-rgpd\/#primaryimage"},"image":{"@id":"https:\/\/emailchef.com\/fr\/fonctionnalites\/email-marketing-et-rgpd\/#primaryimage"},"thumbnailUrl":"https:\/\/emailchef.com\/wp-content\/uploads\/2023\/06\/email_marketing_gdpr.png","datePublished":"2023-06-21T13:05:44+00:00","dateModified":"2024-10-11T08:51:40+00:00","description":"Respecter la r\u00e9glementation sur la protection des donn\u00e9es. Email marketing et RGPD. La plateforme d'email marketing conforme au RGPD >> D\u00e9couvrez Emailchef!","breadcrumb":{"@id":"https:\/\/emailchef.com\/fr\/fonctionnalites\/email-marketing-et-rgpd\/#breadcrumb"},"inLanguage":"fr-FR","potentialAction":[{"@type":"ReadAction","target":["https:\/\/emailchef.com\/fr\/fonctionnalites\/email-marketing-et-rgpd\/"]}]},{"@type":"ImageObject","inLanguage":"fr-FR","@id":"https:\/\/emailchef.com\/fr\/fonctionnalites\/email-marketing-et-rgpd\/#primaryimage","url":"https:\/\/emailchef.com\/wp-content\/uploads\/2023\/06\/email_marketing_gdpr.png","contentUrl":"https:\/\/emailchef.com\/wp-content\/uploads\/2023\/06\/email_marketing_gdpr.png"},{"@type":"BreadcrumbList","@id":"https:\/\/emailchef.com\/fr\/fonctionnalites\/email-marketing-et-rgpd\/#breadcrumb","itemListElement":[{"@type":"ListItem","position":1,"name":"Home","item":"https:\/\/emailchef.com\/fr\/mailchef-email-marketing-emailing-et-envoi-newsletter\/"},{"@type":"ListItem","position":2,"name":"D\u00e9couvrez les fonctionnalit\u00e9s d&#8217;Emailchef","item":"https:\/\/emailchef.com\/fr\/fonctionnalites\/"},{"@type":"ListItem","position":3,"name":"Email marketing et RGPD : Emailchef garantit toutes les exigences de la R\u00e9glementation sur la protection des donn\u00e9es."}]},{"@type":"WebSite","@id":"https:\/\/emailchef.com\/fr\/#website","url":"https:\/\/emailchef.com\/fr\/","name":"Emailchef","description":"Recettes go\u00fbteuses pour vos emails","publisher":{"@id":"https:\/\/emailchef.com\/fr\/#organization"},"potentialAction":[{"@type":"SearchAction","target":{"@type":"EntryPoint","urlTemplate":"https:\/\/emailchef.com\/fr\/?s={search_term_string}"},"query-input":{"@type":"PropertyValueSpecification","valueRequired":true,"valueName":"search_term_string"}}],"inLanguage":"fr-FR"},{"@type":"Organization","@id":"https:\/\/emailchef.com\/fr\/#organization","name":"Delivery Tech Corp.","url":"https:\/\/emailchef.com\/fr\/","logo":{"@type":"ImageObject","inLanguage":"fr-FR","@id":"https:\/\/emailchef.com\/fr\/#\/schema\/logo\/image\/","url":"https:\/\/emailchef.com\/wp-content\/uploads\/2022\/04\/logo-sama.png","contentUrl":"https:\/\/emailchef.com\/wp-content\/uploads\/2022\/04\/logo-sama.png","width":237,"height":80,"caption":"Delivery Tech Corp."},"image":{"@id":"https:\/\/emailchef.com\/fr\/#\/schema\/logo\/image\/"}}]}},"_links":{"self":[{"href":"https:\/\/emailchef.com\/fr\/wp-json\/wp\/v2\/pages\/75701"}],"collection":[{"href":"https:\/\/emailchef.com\/fr\/wp-json\/wp\/v2\/pages"}],"about":[{"href":"https:\/\/emailchef.com\/fr\/wp-json\/wp\/v2\/types\/page"}],"author":[{"embeddable":true,"href":"https:\/\/emailchef.com\/fr\/wp-json\/wp\/v2\/users\/1"}],"replies":[{"embeddable":true,"href":"https:\/\/emailchef.com\/fr\/wp-json\/wp\/v2\/comments?post=75701"}],"version-history":[{"count":4,"href":"https:\/\/emailchef.com\/fr\/wp-json\/wp\/v2\/pages\/75701\/revisions"}],"predecessor-version":[{"id":75714,"href":"https:\/\/emailchef.com\/fr\/wp-json\/wp\/v2\/pages\/75701\/revisions\/75714"}],"up":[{"embeddable":true,"href":"https:\/\/emailchef.com\/fr\/wp-json\/wp\/v2\/pages\/1268"}],"wp:attachment":[{"href":"https:\/\/emailchef.com\/fr\/wp-json\/wp\/v2\/media?parent=75701"}],"wp:term":[{"taxonomy":"g1_relation_tag","embeddable":true,"href":"https:\/\/emailchef.com\/fr\/wp-json\/wp\/v2\/g1_relation_tag?post=75701"}],"curies":[{"name":"wp","href":"https:\/\/api.w.org\/{rel}","templated":true}]}}