{"id":7166,"date":"2018-05-18T15:35:45","date_gmt":"2018-05-18T15:35:45","guid":{"rendered":"https:\/\/emailchef.com\/politique-de-confidentialite-reglement-ue-2016-79-rgpd\/access-export-modify-and-remove-information\/"},"modified":"2018-05-31T10:03:01","modified_gmt":"2018-05-31T10:03:01","slug":"acceder-exporter-modifier-et-supprimer-des-informations","status":"publish","type":"page","link":"https:\/\/emailchef.com\/fr\/politique-de-confidentialite-reglement-ue-2016-79-rgpd\/acceder-exporter-modifier-et-supprimer-des-informations\/","title":{"rendered":"Acc\u00e9der, exporter, modifier et supprimer des informations"},"content":{"rendered":"<p><img fetchpriority=\"high\" decoding=\"async\" class=\"noBorders aligncenter wp-image-7032 size-full\" src=\"https:\/\/emailchef.com\/wp-content\/uploads\/2018\/05\/gdpr-esporta.png\" alt=\"\" width=\"1280\" height=\"700\" srcset=\"https:\/\/emailchef.com\/wp-content\/uploads\/2018\/05\/gdpr-esporta.png 1280w, https:\/\/emailchef.com\/wp-content\/uploads\/2018\/05\/gdpr-esporta-300x164.png 300w, https:\/\/emailchef.com\/wp-content\/uploads\/2018\/05\/gdpr-esporta-768x420.png 768w, https:\/\/emailchef.com\/wp-content\/uploads\/2018\/05\/gdpr-esporta-1024x560.png 1024w, https:\/\/emailchef.com\/wp-content\/uploads\/2018\/05\/gdpr-esporta-968x529.png 968w, https:\/\/emailchef.com\/wp-content\/uploads\/2018\/05\/gdpr-esporta-636x348.png 636w, https:\/\/emailchef.com\/wp-content\/uploads\/2018\/05\/gdpr-esporta-320x175.png 320w, https:\/\/emailchef.com\/wp-content\/uploads\/2018\/05\/gdpr-esporta-239x131.png 239w\" sizes=\"(max-width: 1280px) 100vw, 1280px\" \/><\/p>\n<ul class=\"g1-grid\"><li class=\"g1-column g1-one-fourth g1-valign-top\">\n<h4>Droit d&#8217;acc\u00e8s, de rectification et d&#8217;opposition<\/h4>\n<\/li><!-- -->\n<li class=\"g1-column g1-three-fourth g1-valign-top\">\n<p>Nous avons \u00e9tabli des m\u00e9canismes et des proc\u00e9dures qui, \u00e0 tout moment et pour des raisons l\u00e9gitimes, vous garantissent la capacit\u00e9 de :<br \/>\n\n<ul id=\"\" class=\"g1-list g1-list--upper-alpha g1-list--none \">\n<li>s&#8217;opposer au traitement des donn\u00e9es ;<\/li>\n<li>demander l&#8217;annulation, la modification ou la mise \u00e0 jour de toutes vos informations personnelles en notre possession.<\/li>\n<\/ul>\n<\/p>\n<p>Delivery Tech vous permet \u00e9galement de modifier vos donn\u00e9es \u00e0 tout moment en acc\u00e9dant \u00e0 votre profil par l&#8217;interm\u00e9diaire de nos portails ou en nous contactant \u00e0 l&#8217;adresse \u00e9lectronique indiqu\u00e9e dans la section Vie priv\u00e9e du site Web auquel le service sp\u00e9cifique se r\u00e9f\u00e8re.<br \/>\nVous pouvez vous d\u00e9sinscrire de notre newsletter ou choisir de ne pas recevoir de communications commerciales par e-mail. Utilisez simplement le lien de d\u00e9sinscription inclus dans chaque email.<br \/>\nVous pouvez transmettre les demandes d&#8217;annulation, de modification ou de mise \u00e0 jour de toutes les informations personnelles par voie \u00e9lectronique en utilisant les formulaires appropri\u00e9s ou en nous informant par courrier \u00e9lectronique.<br \/>\nCes demandes seront trait\u00e9es dans un d\u00e9lai maximum de 30 jours, \u00e0 moins d&#8217;un retard justifi\u00e9.<br \/>\nSi Delivery Tech est le responsable du traitement de donn\u00e9es, selon le principe de coop\u00e9ration, nous aiderons le responsable du contr\u00f4le des donn\u00e9es \u00e0 mettre en \u0153uvre les demandes mentionn\u00e9es ci-dessus.<\/p>\n<\/li><!-- --><\/ul>\n<div  class=\"g1-divider g1-divider--none g1-divider--noicon \"><\/div>\n<ul class=\"g1-grid\"><li class=\"g1-column g1-one-fourth g1-valign-top\">\n<h4>Droit \u00e0 l&#8217;oubli<\/h4>\n<\/li><!-- -->\n<li class=\"g1-column g1-three-fourth g1-valign-top\">\n<p>Nous avons g\u00e9n\u00e9r\u00e9 toutes les proc\u00e9dures n\u00e9cessaires pour garantir votre droit \u00e0 l&#8217;oubli, ce qui vous permet de corriger vos donn\u00e9es personnelles.<br \/>\nEn r\u00e9ponse \u00e0 votre demande l\u00e9gitime, nous supprimerons vos donn\u00e9es qui ne seront plus soumises \u00e0 aucun type de traitement. Nous n&#8217;utiliserons pas non plus vos donn\u00e9es \u00e0 d&#8217;autres fins que celles pour lesquelles les donn\u00e9es ont d\u00e9j\u00e0 \u00e9t\u00e9 collect\u00e9es ou trait\u00e9es.<br \/>\nVous avez le droit de retirer votre consentement ou de vous opposer au traitement des donn\u00e9es si vous estimez que ce dernier n&#8217;est pas conforme \u00e0 cette r\u00e9glementation.<br \/>\nPour b\u00e9n\u00e9ficier de ce droit, vous devrez prouver que vous \u00eates \u00e9ligible \u00e0 faire la demande en nous envoyant des documents attestant votre identit\u00e9. N&#8217;oubliez pas d&#8217;expliquer votre d\u00e9cision.<br \/>\nUne fois que nous avons re\u00e7u votre notification, nous vous r\u00e9pondrons d\u00e8s que possible pour confirmer et d\u00e9montrer l&#8217;annulation de vos donn\u00e9es.<\/p>\n<\/li><!-- --><\/ul>\n<div  class=\"g1-divider g1-divider--none g1-divider--noicon \"><\/div>\n<ul class=\"g1-grid\"><li class=\"g1-column g1-one-fourth g1-valign-top\">\n<h4>Droit \u00e0 la portabilit\u00e9 des donn\u00e9es<\/h4>\n<\/li><!-- -->\n<li class=\"g1-column g1-three-fourth g1-valign-top\">\n<p>Pour renforcer davantage le contr\u00f4le de toutes les donn\u00e9es trait\u00e9es automatiquement, vous aurez le d roit de t\u00e9l\u00e9charger ces donn\u00e9es \u00e0 partir de nos applications.<br \/>\nLes donn\u00e9es seront disponibles dans un format structur\u00e9, couramment utilis\u00e9 et lisible par un appareil \u00e9lectronique (tels que les ordinateurs, les smartphones, les tablettes, etc.)<br \/>\nLes fichiers contenant vos donn\u00e9es personnelles peuvent \u00eatre transmis \u00e0 un autre responsable du contr\u00f4le des donn\u00e9es similaire, ce qui garantit votre droit \u00e0 la portabilit\u00e9 des donn\u00e9es.<\/p>\n<\/li><!-- --><\/ul>\n<div  class=\"g1-divider g1-divider--none g1-divider--noicon \"><\/div>\n<ul class=\"g1-grid\"><li class=\"g1-column g1-one-fourth g1-valign-top\">\n<h4>Droit de retrait du consentement au traitement des donn\u00e9es<\/h4>\n<\/li><!-- -->\n<li class=\"g1-column g1-three-fourth g1-valign-top\">\n<p>Si vous ne souhaitez plus recevoir nos e-mails promotionnels, vous pouvez suivre les instructions de suppression de notre liste de contacts incluses dans chaque e-mail.<br \/>\nRappel : le retrait du consentement au traitement des donn\u00e9es, limit\u00e9 \u00e0 l&#8217;utilisation d&#8217;un service offert gratuitement, suspend <em>ipso jure<\/em> la livraison.<\/p>\n<\/li><!-- --><\/ul>\n<div  class=\"g1-divider g1-divider--none g1-divider--noicon \"><\/div>\n<ul class=\"g1-grid\"><li class=\"g1-column g1-one-fourth g1-valign-top\">\n<h4>Droit de retrait du consentement au traitement des donn\u00e9es pour les membres des listes de clients<\/h4>\n<\/li><!-- -->\n<li class=\"g1-column g1-three-fourth g1-valign-top\">\n<p>Si vous \u00eates abonn\u00e9 \u00e0 la liste de contacts de l&#8217;un de nos utilisateurs, nous vous rappelons que nous sommes seuls responsables du traitement des donn\u00e9es. L&#8217;utilisateur est le responsable de contr\u00f4le de donn\u00e9es et il appartient \u00e0 cet utilisateur de supprimer ou de mettre \u00e0 jour vos donn\u00e9es.<br \/>\nSi vous ne souhaitez plus recevoir de communications envoy\u00e9es par l&#8217;un de nos utilisateurs, nous vous invitons \u00e0 vous d\u00e9sabonner via le lien disponible dans le courriel que vous avez re\u00e7u, ou \u00e0 contacter directement l&#8217;utilisateur en question pour faire votre demande.<br \/>\nUne demande qui nous est faite de r\u00e9voquer votre consentement au traitement de vos donn\u00e9es, sera signal\u00e9e \u00e0 l&#8217;utilisateur qui d\u00e9tient vos coordonn\u00e9es dans sa liste. Cet utilisateur devra supprimer ou mettre \u00e0 jour vos donn\u00e9es.<\/p>\n<\/li><!-- --><\/ul>\n","protected":false},"excerpt":{"rendered":"","protected":false},"author":2,"featured_media":0,"parent":7146,"menu_order":4,"comment_status":"closed","ping_status":"closed","template":"","meta":{"_acf_changed":false,"inline_featured_image":false,"footnotes":""},"g1_relation_tag":[],"class_list":["post-7166","page","type-page","status-publish","hentry"],"acf":[],"yoast_head":"<!-- This site is optimized with the Yoast SEO plugin v24.8.1 - https:\/\/yoast.com\/wordpress\/plugins\/seo\/ -->\n<title>Acc\u00e9der, exporter, modifier et supprimer des informations - Emailchef<\/title>\n<meta name=\"robots\" content=\"index, follow, max-snippet:-1, max-image-preview:large, max-video-preview:-1\" \/>\n<link rel=\"canonical\" href=\"https:\/\/emailchef.com\/fr\/politique-de-confidentialite-reglement-ue-2016-79-rgpd\/acceder-exporter-modifier-et-supprimer-des-informations\/\" \/>\n<meta name=\"twitter:label1\" content=\"Dur\u00e9e de lecture estim\u00e9e\" \/>\n\t<meta name=\"twitter:data1\" content=\"4 minutes\" \/>\n<!-- \/ Yoast SEO plugin. -->","yoast_head_json":{"title":"Acc\u00e9der, exporter, modifier et supprimer des informations - Emailchef","robots":{"index":"index","follow":"follow","max-snippet":"max-snippet:-1","max-image-preview":"max-image-preview:large","max-video-preview":"max-video-preview:-1"},"canonical":"https:\/\/emailchef.com\/fr\/politique-de-confidentialite-reglement-ue-2016-79-rgpd\/acceder-exporter-modifier-et-supprimer-des-informations\/","twitter_misc":{"Dur\u00e9e de lecture estim\u00e9e":"4 minutes"},"schema":{"@context":"https:\/\/schema.org","@graph":[{"@type":"WebPage","@id":"https:\/\/emailchef.com\/fr\/politique-de-confidentialite-reglement-ue-2016-79-rgpd\/acceder-exporter-modifier-et-supprimer-des-informations\/","url":"https:\/\/emailchef.com\/fr\/politique-de-confidentialite-reglement-ue-2016-79-rgpd\/acceder-exporter-modifier-et-supprimer-des-informations\/","name":"Acc\u00e9der, exporter, modifier et supprimer des informations - Emailchef","isPartOf":{"@id":"https:\/\/emailchef.com\/fr\/#website"},"primaryImageOfPage":{"@id":"https:\/\/emailchef.com\/fr\/politique-de-confidentialite-reglement-ue-2016-79-rgpd\/acceder-exporter-modifier-et-supprimer-des-informations\/#primaryimage"},"image":{"@id":"https:\/\/emailchef.com\/fr\/politique-de-confidentialite-reglement-ue-2016-79-rgpd\/acceder-exporter-modifier-et-supprimer-des-informations\/#primaryimage"},"thumbnailUrl":"https:\/\/emailchef.com\/wp-content\/uploads\/2018\/05\/gdpr-esporta.png","datePublished":"2018-05-18T15:35:45+00:00","dateModified":"2018-05-31T10:03:01+00:00","breadcrumb":{"@id":"https:\/\/emailchef.com\/fr\/politique-de-confidentialite-reglement-ue-2016-79-rgpd\/acceder-exporter-modifier-et-supprimer-des-informations\/#breadcrumb"},"inLanguage":"fr-FR","potentialAction":[{"@type":"ReadAction","target":["https:\/\/emailchef.com\/fr\/politique-de-confidentialite-reglement-ue-2016-79-rgpd\/acceder-exporter-modifier-et-supprimer-des-informations\/"]}]},{"@type":"ImageObject","inLanguage":"fr-FR","@id":"https:\/\/emailchef.com\/fr\/politique-de-confidentialite-reglement-ue-2016-79-rgpd\/acceder-exporter-modifier-et-supprimer-des-informations\/#primaryimage","url":"https:\/\/emailchef.com\/wp-content\/uploads\/2018\/05\/gdpr-esporta.png","contentUrl":"https:\/\/emailchef.com\/wp-content\/uploads\/2018\/05\/gdpr-esporta.png"},{"@type":"BreadcrumbList","@id":"https:\/\/emailchef.com\/fr\/politique-de-confidentialite-reglement-ue-2016-79-rgpd\/acceder-exporter-modifier-et-supprimer-des-informations\/#breadcrumb","itemListElement":[{"@type":"ListItem","position":1,"name":"Home","item":"https:\/\/emailchef.com\/fr\/mailchef-email-marketing-emailing-et-envoi-newsletter\/"},{"@type":"ListItem","position":2,"name":"RGPD &#8211; Introduction &#8211; Objectifs","item":"https:\/\/emailchef.com\/fr\/politique-de-confidentialite-reglement-ue-2016-79-rgpd\/"},{"@type":"ListItem","position":3,"name":"Acc\u00e9der, exporter, modifier et supprimer des informations"}]},{"@type":"WebSite","@id":"https:\/\/emailchef.com\/fr\/#website","url":"https:\/\/emailchef.com\/fr\/","name":"Emailchef","description":"Recettes go\u00fbteuses pour vos emails","publisher":{"@id":"https:\/\/emailchef.com\/fr\/#organization"},"potentialAction":[{"@type":"SearchAction","target":{"@type":"EntryPoint","urlTemplate":"https:\/\/emailchef.com\/fr\/?s={search_term_string}"},"query-input":{"@type":"PropertyValueSpecification","valueRequired":true,"valueName":"search_term_string"}}],"inLanguage":"fr-FR"},{"@type":"Organization","@id":"https:\/\/emailchef.com\/fr\/#organization","name":"Delivery Tech Corp.","url":"https:\/\/emailchef.com\/fr\/","logo":{"@type":"ImageObject","inLanguage":"fr-FR","@id":"https:\/\/emailchef.com\/fr\/#\/schema\/logo\/image\/","url":"https:\/\/emailchef.com\/wp-content\/uploads\/2022\/04\/logo-sama.png","contentUrl":"https:\/\/emailchef.com\/wp-content\/uploads\/2022\/04\/logo-sama.png","width":237,"height":80,"caption":"Delivery Tech Corp."},"image":{"@id":"https:\/\/emailchef.com\/fr\/#\/schema\/logo\/image\/"}}]}},"_links":{"self":[{"href":"https:\/\/emailchef.com\/fr\/wp-json\/wp\/v2\/pages\/7166"}],"collection":[{"href":"https:\/\/emailchef.com\/fr\/wp-json\/wp\/v2\/pages"}],"about":[{"href":"https:\/\/emailchef.com\/fr\/wp-json\/wp\/v2\/types\/page"}],"author":[{"embeddable":true,"href":"https:\/\/emailchef.com\/fr\/wp-json\/wp\/v2\/users\/2"}],"replies":[{"embeddable":true,"href":"https:\/\/emailchef.com\/fr\/wp-json\/wp\/v2\/comments?post=7166"}],"version-history":[{"count":1,"href":"https:\/\/emailchef.com\/fr\/wp-json\/wp\/v2\/pages\/7166\/revisions"}],"predecessor-version":[{"id":7167,"href":"https:\/\/emailchef.com\/fr\/wp-json\/wp\/v2\/pages\/7166\/revisions\/7167"}],"up":[{"embeddable":true,"href":"https:\/\/emailchef.com\/fr\/wp-json\/wp\/v2\/pages\/7146"}],"wp:attachment":[{"href":"https:\/\/emailchef.com\/fr\/wp-json\/wp\/v2\/media?parent=7166"}],"wp:term":[{"taxonomy":"g1_relation_tag","embeddable":true,"href":"https:\/\/emailchef.com\/fr\/wp-json\/wp\/v2\/g1_relation_tag?post=7166"}],"curies":[{"name":"wp","href":"https:\/\/api.w.org\/{rel}","templated":true}]}}