{"id":7157,"date":"2018-05-18T14:49:14","date_gmt":"2018-05-18T14:49:14","guid":{"rendered":"https:\/\/emailchef.com\/politique-de-confidentialite-reglement-ue-2016-79-rgpd\/how-delivery-tech-collects-data\/"},"modified":"2018-07-12T15:49:00","modified_gmt":"2018-07-12T15:49:00","slug":"comment-delivery-tech-collecte-des-donnees","status":"publish","type":"page","link":"https:\/\/emailchef.com\/fr\/politique-de-confidentialite-reglement-ue-2016-79-rgpd\/comment-delivery-tech-collecte-des-donnees\/","title":{"rendered":"Comment Delivery Tech collecte des donn\u00e9es"},"content":{"rendered":"<p><img fetchpriority=\"high\" decoding=\"async\" class=\"noBorders aligncenter wp-image-7023 size-full\" src=\"https:\/\/emailchef.com\/wp-content\/uploads\/2018\/05\/GDPR-raccolta.png\" alt=\"\" width=\"1280\" height=\"700\" srcset=\"https:\/\/emailchef.com\/wp-content\/uploads\/2018\/05\/GDPR-raccolta.png 1280w, https:\/\/emailchef.com\/wp-content\/uploads\/2018\/05\/GDPR-raccolta-300x164.png 300w, https:\/\/emailchef.com\/wp-content\/uploads\/2018\/05\/GDPR-raccolta-768x420.png 768w, https:\/\/emailchef.com\/wp-content\/uploads\/2018\/05\/GDPR-raccolta-1024x560.png 1024w, https:\/\/emailchef.com\/wp-content\/uploads\/2018\/05\/GDPR-raccolta-968x529.png 968w, https:\/\/emailchef.com\/wp-content\/uploads\/2018\/05\/GDPR-raccolta-636x348.png 636w, https:\/\/emailchef.com\/wp-content\/uploads\/2018\/05\/GDPR-raccolta-320x175.png 320w, https:\/\/emailchef.com\/wp-content\/uploads\/2018\/05\/GDPR-raccolta-239x131.png 239w\" sizes=\"(max-width: 1280px) 100vw, 1280px\" \/><\/p>\n<ul class=\"g1-grid\"><li class=\"g1-column g1-one-fourth g1-valign-top\">\n<h4>Les donn\u00e9es collect\u00e9es par nos applications automatiquement lors de vos activit\u00e9s sur le site et lors de l&#8217;utilisation de nos services<\/h4>\n<\/li><!-- -->\n<li class=\"g1-column g1-three-fourth g1-valign-top\">\n<p>Lorsque vous utilisez nos services ou naviguez sur l&#8217;un de nos sites Web, nos fichiers journaux syst\u00e8me peuvent recueillir des informations vous concernant, telles que :<\/p>\n\n<ul id=\"\" class=\"g1-list g1-list--upper-alpha g1-list--none \">\n<li>Votre adresse IP ;<\/li>\n<li>Votre syst\u00e8me d&#8217;exploitation ;<\/li>\n<li>Votre identifiant et le type de votre navigateur ;<\/li>\n<li>Les coordonn\u00e9es GPS.<\/li>\n<\/ul>\n\n<p>M\u00eame votre activit\u00e9 de navigation sur notre site peut \u00eatre trac\u00e9e, \u00e0 travers :<\/p>\n\n<ul id=\"\" class=\"g1-list g1-list--upper-alpha g1-list--none \">\n<li>des technologies de suivi (comme Google Analytics) ou des technologies similaires sur notre site Web qui sont utilis\u00e9es pour analyser les tendances, administrer le site Web, suivre l&#8217;utilisation du site par les utilisateurs et proposer des publicit\u00e9s cibl\u00e9es ;<\/li>\n<li>des cookies, pour optimiser vos pr\u00e9f\u00e9rences de navigation.<\/li>\n<\/ul>\n\n<p>Lorsque nous envoyons un e-mail aux abonn\u00e9s d&#8217;un service ou \u00e0 une liste de contacts, des balises Web ou des balises pixel nous permettent de suivre certaines actions. Les technologies de suivi propri\u00e9taires contenues dans nos courriels nous permettent de mesurer la performance des campagnes de courriels et d&#8217;am\u00e9liorer la fonctionnalit\u00e9 offerte \u00e0 des segments d&#8217;utilisateurs sp\u00e9cifiques. Nous incluons \u00e9galement des balises Web dans les courriels qui ne font pas l&#8217;objet d&#8217;une soumission de masse.<br \/>\nLes donn\u00e9es recueillies sont utilis\u00e9es pour fournir des rapports sur la fa\u00e7on dont votre campagne de courriel a \u00e9t\u00e9 ex\u00e9cut\u00e9e et livr\u00e9e, et sur les actions entreprises par les abonn\u00e9s de votre liste de contacts.<\/p>\n<p>Lorsque vous contactez et interagissez avec nous, nous collectons \u00e9galement des donn\u00e9es que vous avez partag\u00e9es avec l&#8217;assistance technique ou le service client lors de l&#8217;utilisation de nos syst\u00e8mes \u00e9lectroniques (discussion en ligne de type &#8220;chat&#8221;, forum, t\u00e9l\u00e9phone). Ces informations sont collect\u00e9es comme :<\/p>\n\n<ul id=\"\" class=\"g1-list g1-list--upper-alpha g1-list--none \">\n<li>une partie des historiques ;<\/li>\n<li>une base de donn\u00e9es de fournisseurs tiers.<\/li>\n<\/ul>\n\n<p>Pour votre tranquillit\u00e9 d&#8217;esprit, nous pr\u00e9cisons que ces donn\u00e9es ne sont pas accompagn\u00e9es d&#8217;informations personnelles suppl\u00e9mentaires et qu&#8217;elles sont utilis\u00e9es pour :<\/p>\n\n<ul id=\"\" class=\"g1-list g1-list--upper-alpha g1-list--none \">\n<li>obtenir des informations statistiques anonymes ;<\/li>\n<li>contr\u00f4ler les besoins d&#8217;utilisation ;<\/li>\n<li>d\u00e9terminer la responsabilit\u00e9 en cas de crimes informatiques \u00e9ventuels ;<\/li>\n<li>suivre les demandes d&#8217;assistance pour assurer la livraison rapide de solutions globales ;<\/li>\n<li>apprendre comment et quand vous utilisez nos services, applications et logiciels afin de les am\u00e9liorer, \u00e0 la fois pour vous et pour tous nos utilisateurs.<\/li>\n<\/ul>\n\n<\/li><!-- --><\/ul>\n<div  class=\"g1-divider g1-divider--none g1-divider--noicon \"><\/div>\n<ul class=\"g1-grid\"><li class=\"g1-column g1-one-fourth g1-valign-top\">\n<h4>Donn\u00e9es fournies volontairement pour l&#8217;utilisation des services<\/h4>\n<\/li><!-- -->\n<li class=\"g1-column g1-three-fourth g1-valign-top\">\n<p>Dans de nombreux cas, nous recueillons des informations que vous fournissez volontairement afin de r\u00e9pondre \u00e0 une demande, en particulier lorsque :<\/p>\n\n<ul id=\"\" class=\"g1-list g1-list--upper-alpha g1-list--none \">\n<li>vous vous inscrivez pour utiliser nos services, applications et logiciels ;<\/li>\n<li>vous demandez de l&#8217;aide \u00e0 notre \u00e9quipe du support client ;<\/li>\n<li>vous nous \u00e9crivez par courriel ;<\/li>\n<li>vous remplissez un formulaire de contact (ou un autre formulaire) ;<\/li>\n<li>vous int\u00e9grer les services avec un autre site Web ou un service Web ;<\/li>\n<li>vous communiquer avec nous de quelque mani\u00e8re que ce soit (y compris par t\u00e9l\u00e9phone).<\/li>\n<\/ul>\n\n<p>Ces renseignements peuvent comprendre votre nom et pr\u00e9nom, le nom de votre client, votre adresse physique, votre adresse \u00e9lectronique, votre num\u00e9ro de t\u00e9l\u00e9phone, le sexe, la profession, l&#8217;emplacement, l&#8217;historique des achats et d&#8217;autres renseignements d\u00e9mographiques.<br \/>\nEn fournissant ces informations, vous consentez au fait qu&#8217;elles sont collect\u00e9es, utilis\u00e9es, transf\u00e9r\u00e9es aux \u00c9tats-Unis et stock\u00e9es par nos soins, comme d\u00e9crit dans notre DPA et la pr\u00e9sente Politique de confidentialit\u00e9<\/p>\n<\/li><!-- --><\/ul>\n<div  class=\"g1-divider g1-divider--none g1-divider--noicon \"><\/div>\n<ul class=\"g1-grid\"><li class=\"g1-column g1-one-fourth g1-valign-top\">\n<h4>Consentement au traitement des donn\u00e9es<\/h4>\n<\/li><!-- -->\n<li class=\"g1-column g1-three-fourth g1-valign-top\">\n<p>Nous avons fourni une d\u00e9claration de consentement au traitement des donn\u00e9es, pr\u00e9par\u00e9e sous une forme compr\u00e9hensible et facilement accessible, sans clauses de harc\u00e8lement. Vous pouvez toujours faire un choix authentique et libre.<br \/>\nEn exprimant ou en refusant votre consentement, vous devez tenir compte de :<\/p>\n\n<ul id=\"\" class=\"g1-list g1-list--upper-alpha g1-list--none \">\n<li>la n\u00e9cessit\u00e9 de se conformer \u00e0 l&#8217;obligation l\u00e9gale \u00e0 laquelle Delivery Tech est soumise en tant que responsable de traitement des donn\u00e9es ;<\/li>\n<li>la n\u00e9cessit\u00e9 d&#8217;ex\u00e9cuter un contrat pour fournir un service dans lequel vous avez exprim\u00e9 un int\u00e9r\u00eat ;<\/li>\n<li>d&#8217;\u00e9ventuelles mesures pr\u00e9contractuelles pour l&#8217;ex\u00e9cution des demandes de devis ou l&#8217;utilisation de versions de d\u00e9monstration.<\/li>\n<\/ul>\n\n<p>Vous aurez toujours la possibilit\u00e9 de donner votre consentement par un acte positif et sans \u00e9quivoque \u00e0 travers lequel vous exprimez votre intention libre, sp\u00e9cifique et inform\u00e9e d&#8217;accepter le traitement des donn\u00e9es personnelles vous concernant.<br \/>\nSelon la situation, &#8220;acte positif et sans \u00e9quivoque&#8221; signifie :<\/p>\n\n<ul id=\"\" class=\"g1-list g1-list--upper-alpha g1-list--none \">\n<li>une d\u00e9claration \u00e9crite sur papier ;<\/li>\n<li>une communication par voie \u00e9lectronique (par exemple, formulaires remplis en ligne) ou papier ;<\/li>\n<li>une communication orale avec une proc\u00e9dure enregistr\u00e9e.<\/li>\n<\/ul>\n\n<p>Vous pouvez \u00e0 tout moment d\u00e9cider d&#8217;\u00e9viter le traitement des donn\u00e9es conform\u00e9ment aux r\u00e8gles du RGPD et aux conditions d&#8217;opportunit\u00e9.<\/p>\n<\/li><!-- --><\/ul>\n<div  class=\"g1-divider g1-divider--none g1-divider--noicon \"><\/div>\n<ul class=\"g1-grid\"><li class=\"g1-column g1-one-fourth g1-valign-top\">\n<h4>R\u00e9tention des donn\u00e9es &#8211; Temps et m\u00e9thodes de traitement<\/h4>\n<\/li><!-- -->\n<li class=\"g1-column g1-three-fourth g1-valign-top\">\n<p>Chez Delivery Tech, nous faisons de notre mieux pour garder vos donn\u00e9es exactes, \u00e0 jour et limit\u00e9es aux informations que vous nous fournissez. Nous conserverons vos informations aussi longtemps que votre compte est actif ou pendant le temps n\u00e9cessaire pour fournir nos services.<br \/>\nNous pouvons \u00e9galement conserver et utiliser vos informations pour nous conformer \u00e0 nos obligations l\u00e9gales, r\u00e9soudre les litiges, pr\u00e9venir les abus et faire respecter nos accords.<br \/>\nLes donn\u00e9es que nous recueillons pour remplir nos obligations contractuelles et les informations sur la mani\u00e8re et le moment o\u00f9 vous utilisez nos services sont stock\u00e9es dans des bases de donn\u00e9es actives, des historiques ou d&#8217;autres types de syst\u00e8mes de stockage de donn\u00e9es d\u00fbment prot\u00e9g\u00e9s et crypt\u00e9s.<br \/>\nEn particulier :<\/p>\n\n<ul id=\"\" class=\"g1-list g1-list--upper-alpha g1-list--none \">\n<li><strong>Les donn\u00e9es personnelles pour satisfaire aux conditions contractuelles<\/strong> seront stock\u00e9s dans des bases de donn\u00e9es de gestion prot\u00e9g\u00e9es sur nos serveurs pendant toute la dur\u00e9e de l&#8217;accord ;<\/li>\n<li><strong>Les donn\u00e9es personnelles collect\u00e9es et li\u00e9es aux obligations contractuelles et de facturation<\/strong> sont stock\u00e9es \u00e0 l&#8217;aide d&#8217;une sauvegarde s\u00e9curis\u00e9e sur nos serveurs, pendant une p\u00e9riode de 5 ans apr\u00e8s la fin de la relation contractuelle : la r\u00e9siliation de la relation contractuelle signifie la r\u00e9siliation explicite du contrat par l&#8217;utilisateur, Delivery Tech ou la non-utilisation des services pour une p\u00e9riode d\u00e9finie dans le DPA ;<\/li>\n<li><strong>les donn\u00e9es personnelles collect\u00e9es pour acc\u00e9der \u00e0 nos services, applications et logiciels<\/strong>, qu&#8217;il s&#8217;agisse de services achet\u00e9s, de d\u00e9monstrations ou de recherches effectu\u00e9es \u00e0 la suite d&#8217;un acc\u00e8s par nom d&#8217;utilisateur et mot de passe du compte de la personne, seront conserv\u00e9es sur nos serveurs via une base de donn\u00e9es accessible depuis un compte actif. Par la suite, elles seront stock\u00e9es au moyen d&#8217;une sauvegarde s\u00e9curis\u00e9e sur nos serveurs<strong> aussi longtemps que vous utilisez le service, ou stock\u00e9es pendant 12 mois en cas d&#8217;annulation<\/strong>.<\/li>\n<\/ul>\n\n<p>Delivery Tech n&#8217;est pas tenue de stocker toutes vos donn\u00e9es pour toujours. Vous serez en mesure d&#8217;acc\u00e9der \u00e0 certaines donn\u00e9es jusqu&#8217;\u00e0 ce que vous ayez un contrat actif, payant ou gratuit, et pour une p\u00e9riode qui varie en fonction du type de donn\u00e9es en question et du contrat sign\u00e9. Les informations que nous stockons peuvent inclure des statistiques relatives \u00e0 votre compte, le contenu de vos courriels, les listes de contacts, etc.<br \/>\n<strong>Les donn\u00e9es re\u00e7ues pour un contact d&#8217;affaires<\/strong>, tel qu&#8217;un Curriculum Vitae, seront archiv\u00e9es et d\u00fbment prot\u00e9g\u00e9es sur le PC dans les dossiers d\u00e9di\u00e9s du personnel des Ressources Humaines, pour la p\u00e9riode de temps n\u00e9cessaire \u00e0 la r\u00e9alisation des op\u00e9rations de s\u00e9lection du personnel.<br \/>\n<strong>Les donn\u00e9es re\u00e7ues du formulaire de contact pour des informations g\u00e9n\u00e9rales<\/strong> seront trait\u00e9es de la mani\u00e8re et dans les d\u00e9lais pr\u00e9vus pour donner une r\u00e9troaction au type de contact. Pendant cette p\u00e9riode, les informations seront stock\u00e9es et accessibles uniquement au personnel.<\/p>\n<\/li><!-- --><\/ul>\n<div  class=\"g1-divider g1-divider--none g1-divider--noicon \"><\/div>\n<ul class=\"g1-grid\"><li class=\"g1-column g1-one-fourth g1-valign-top\">\n<h4>Transfert de donn\u00e9es de l&#8217;UE<\/h4>\n<\/li><!-- -->\n<li class=\"g1-column g1-three-fourth g1-valign-top\">\n<p>Les donn\u00e9es des utilisateurs europ\u00e9ens sont stock\u00e9es et trait\u00e9es sur des serveurs situ\u00e9s dans l&#8217;UE, mais elles pourraient \u00eatre transf\u00e9r\u00e9es, trait\u00e9es et stock\u00e9es sur des serveurs situ\u00e9s aux \u00c9tats-Unis d&#8217;Am\u00e9rique.<br \/>\n\u00c9tant donn\u00e9 que nos bureaux sont \u00e9galement situ\u00e9s aux \u00c9tats-Unis, certains des comptes pourraient \u00eatre trait\u00e9s \u00e0 ces endroits et conform\u00e9ment au RGPD. En cons\u00e9quence, nous avons nomm\u00e9 la soci\u00e9t\u00e9 eDisplay pour l\u2019UE.<br \/>\nDelivery Tech vous assure que vous avez d\u00e9j\u00e0 mis en place tous les m\u00e9canismes au sein de votre groupe d\u2019affaires pour assurer la v\u00e9rification du respect des r\u00e8gles corporatives contraignantes. Ces m\u00e9canismes comprennent des contr\u00f4les de la protection des donn\u00e9es, ainsi que des m\u00e9thodes visant \u00e0 assurer la s\u00e9curit\u00e9 et la protection ad\u00e9quates des droits de la personne concern\u00e9e. Vos donn\u00e9es seront trait\u00e9es exclusivement par Delivery Tech et eDisplay.<\/p>\n<\/li><!-- --><\/ul>\n<div  class=\"g1-divider g1-divider--none g1-divider--noicon \"><\/div>\n<ul class=\"g1-grid\"><li class=\"g1-column g1-one-fourth g1-valign-top\">\n<h4>Donn\u00e9es pr\u00e9sentes dans les listes de contacts de nos clients<\/h4>\n<\/li><!-- -->\n<li class=\"g1-column g1-three-fourth g1-valign-top\">\n<p>Lorsque vous utilisez nos services, nous avons acc\u00e8s aux informations contenues dans les listes de contacts e-mail de votre compte, ainsi qu&#8217;au sujet et au contenu des courriels que vous envoyez.<br \/>\nCes donn\u00e9es sont stock\u00e9es sur des serveurs s\u00e9curis\u00e9s. Seul un nombre limit\u00e9 de personnes est autoris\u00e9 \u00e0 acc\u00e9der \u00e0 ces donn\u00e9es, en particulier pour fournir des services de support.<br \/>\nVous pouvez facilement r\u00e9cup\u00e9rer vos listes de contacts \u00e0 partir de vos comptes \u00e0 tout moment en suivant la proc\u00e9dure d&#8217;exportation. Vous pouvez \u00e9galement modifier et \/ ou supprimer des contacts \u00e0 tout moment \u00e0 partir de vos comptes.<br \/>\nEn aucun cas Delivery Tech ne vend, ne partage ou ne loue vos listes de contacts \u00e0 des tiers, ou ne les utilise \u00e0 d&#8217;autres fins que celles \u00e9nonc\u00e9es dans la pr\u00e9sente d\u00e9claration de principes. Nous n&#8217;utiliserons les informations de vos listes de contacts que pour les exigences l\u00e9gales, pour les factures et \u00e9ventuellement pour les statistiques agr\u00e9g\u00e9es et non syst\u00e9matiques, afin de vous fournir les meilleurs services.<br \/>\nIl faut garder \u00e0 l&#8217;esprit que vous \u00eates le cr\u00e9ateur de vos listes de contacts et des campagnes de courriels associ\u00e9es, de sorte que vous \u00eates consid\u00e9r\u00e9 comme le contr\u00f4leur des donn\u00e9es dans le cadre du RGPD. Delivery Tech agit uniquement comme un responsable de traitement des donn\u00e9es.<a name=\"cookies\"><\/a><\/p>\n<\/li><!-- --><\/ul>\n<div  class=\"g1-divider g1-divider--none g1-divider--noicon \"><\/div>\n<ul class=\"g1-grid\"><li class=\"g1-column g1-one-fourth g1-valign-top\">\n<h4>Cookies<\/h4>\n<\/li><!-- -->\n<li class=\"g1-column g1-three-fourth g1-valign-top\">\n<p>Certaines de nos pages web utilisent &#8220;des cookies&#8221; et d&#8217;autres m\u00e9thodes de suivi. Un &#8220;cookie&#8221; est un petit fichier texte qui est utilis\u00e9, par exemple, to amasser des information \u00e0 propos des activit\u00e9 d&#8217;un usager sur un site web. Certain cookies et autres technologies peuvent \u00eatre utilises pour m\u00e9moriser certaines informations personnels sp\u00e9cifi\u00e9s par un usager. La majorit\u00e9 des navigateurs web vous permettent de Controller les cookies, incluant s&#8217;ils doivent \u00eatre accept\u00e9es et comment les enlever.<\/p>\n<p>Vous pouvez configurer la majorit\u00e9 des navigateurs de fa\u00e7on \u00e0 \u00eatre notifi\u00e9 quand vous recevez un cookie, ou vous pouvez de compl\u00e8tement bloquer les cookies dans votre navigateur, mais prenez note que si vous d\u00e9sactiver ou supprimez les cookies, vous devrez r\u00e9-entrer voter login et mot de passe pour acc\u00e9der certaines portions de notre site web.<\/p>\n<p>Les technologies de suivi peuvent enregistrer certaines information comme votre domaine internet ou &#8220;host name&#8221;; adresses protocole internet (IP); types de navigateur et syst\u00e8me d&#8217;exploitation; patterns de clickstream; et les dates\/temps que notre site a \u00e9t\u00e9 acc\u00e9d\u00e9. Notre usage de cookies et autres technologies de suivi nous permet d&#8217;am\u00e9liorer l&#8217;exp\u00e9rience sur notre site web. Nous pouvons aussi analyser les information qui ne contiennent pas d&#8217;information personnel pour d\u00e9terminer des tendance et statistiques.<\/p>\n<\/li><!-- --><\/ul>\n","protected":false},"excerpt":{"rendered":"","protected":false},"author":2,"featured_media":0,"parent":7146,"menu_order":2,"comment_status":"closed","ping_status":"closed","template":"","meta":{"_acf_changed":false,"inline_featured_image":false,"footnotes":""},"g1_relation_tag":[],"class_list":["post-7157","page","type-page","status-publish","hentry"],"acf":[],"yoast_head":"<!-- This site is optimized with the Yoast SEO plugin v24.8.1 - https:\/\/yoast.com\/wordpress\/plugins\/seo\/ -->\n<title>Comment Delivery Tech collecte des donn\u00e9es - Emailchef<\/title>\n<meta name=\"robots\" content=\"index, follow, max-snippet:-1, max-image-preview:large, max-video-preview:-1\" \/>\n<link rel=\"canonical\" href=\"https:\/\/emailchef.com\/fr\/politique-de-confidentialite-reglement-ue-2016-79-rgpd\/comment-delivery-tech-collecte-des-donnees\/\" \/>\n<meta name=\"twitter:label1\" content=\"Dur\u00e9e de lecture estim\u00e9e\" \/>\n\t<meta name=\"twitter:data1\" content=\"11 minutes\" \/>\n<!-- \/ Yoast SEO plugin. -->","yoast_head_json":{"title":"Comment Delivery Tech collecte des donn\u00e9es - Emailchef","robots":{"index":"index","follow":"follow","max-snippet":"max-snippet:-1","max-image-preview":"max-image-preview:large","max-video-preview":"max-video-preview:-1"},"canonical":"https:\/\/emailchef.com\/fr\/politique-de-confidentialite-reglement-ue-2016-79-rgpd\/comment-delivery-tech-collecte-des-donnees\/","twitter_misc":{"Dur\u00e9e de lecture estim\u00e9e":"11 minutes"},"schema":{"@context":"https:\/\/schema.org","@graph":[{"@type":"WebPage","@id":"https:\/\/emailchef.com\/fr\/politique-de-confidentialite-reglement-ue-2016-79-rgpd\/comment-delivery-tech-collecte-des-donnees\/","url":"https:\/\/emailchef.com\/fr\/politique-de-confidentialite-reglement-ue-2016-79-rgpd\/comment-delivery-tech-collecte-des-donnees\/","name":"Comment Delivery Tech collecte des donn\u00e9es - Emailchef","isPartOf":{"@id":"https:\/\/emailchef.com\/fr\/#website"},"primaryImageOfPage":{"@id":"https:\/\/emailchef.com\/fr\/politique-de-confidentialite-reglement-ue-2016-79-rgpd\/comment-delivery-tech-collecte-des-donnees\/#primaryimage"},"image":{"@id":"https:\/\/emailchef.com\/fr\/politique-de-confidentialite-reglement-ue-2016-79-rgpd\/comment-delivery-tech-collecte-des-donnees\/#primaryimage"},"thumbnailUrl":"https:\/\/emailchef.com\/wp-content\/uploads\/2018\/05\/GDPR-raccolta.png","datePublished":"2018-05-18T14:49:14+00:00","dateModified":"2018-07-12T15:49:00+00:00","breadcrumb":{"@id":"https:\/\/emailchef.com\/fr\/politique-de-confidentialite-reglement-ue-2016-79-rgpd\/comment-delivery-tech-collecte-des-donnees\/#breadcrumb"},"inLanguage":"fr-FR","potentialAction":[{"@type":"ReadAction","target":["https:\/\/emailchef.com\/fr\/politique-de-confidentialite-reglement-ue-2016-79-rgpd\/comment-delivery-tech-collecte-des-donnees\/"]}]},{"@type":"ImageObject","inLanguage":"fr-FR","@id":"https:\/\/emailchef.com\/fr\/politique-de-confidentialite-reglement-ue-2016-79-rgpd\/comment-delivery-tech-collecte-des-donnees\/#primaryimage","url":"https:\/\/emailchef.com\/wp-content\/uploads\/2018\/05\/GDPR-raccolta.png","contentUrl":"https:\/\/emailchef.com\/wp-content\/uploads\/2018\/05\/GDPR-raccolta.png"},{"@type":"BreadcrumbList","@id":"https:\/\/emailchef.com\/fr\/politique-de-confidentialite-reglement-ue-2016-79-rgpd\/comment-delivery-tech-collecte-des-donnees\/#breadcrumb","itemListElement":[{"@type":"ListItem","position":1,"name":"Home","item":"https:\/\/emailchef.com\/fr\/mailchef-email-marketing-emailing-et-envoi-newsletter\/"},{"@type":"ListItem","position":2,"name":"RGPD &#8211; Introduction &#8211; Objectifs","item":"https:\/\/emailchef.com\/fr\/politique-de-confidentialite-reglement-ue-2016-79-rgpd\/"},{"@type":"ListItem","position":3,"name":"Comment Delivery Tech collecte des donn\u00e9es"}]},{"@type":"WebSite","@id":"https:\/\/emailchef.com\/fr\/#website","url":"https:\/\/emailchef.com\/fr\/","name":"Emailchef","description":"Recettes go\u00fbteuses pour vos emails","publisher":{"@id":"https:\/\/emailchef.com\/fr\/#organization"},"potentialAction":[{"@type":"SearchAction","target":{"@type":"EntryPoint","urlTemplate":"https:\/\/emailchef.com\/fr\/?s={search_term_string}"},"query-input":{"@type":"PropertyValueSpecification","valueRequired":true,"valueName":"search_term_string"}}],"inLanguage":"fr-FR"},{"@type":"Organization","@id":"https:\/\/emailchef.com\/fr\/#organization","name":"Delivery Tech Corp.","url":"https:\/\/emailchef.com\/fr\/","logo":{"@type":"ImageObject","inLanguage":"fr-FR","@id":"https:\/\/emailchef.com\/fr\/#\/schema\/logo\/image\/","url":"https:\/\/emailchef.com\/wp-content\/uploads\/2022\/04\/logo-sama.png","contentUrl":"https:\/\/emailchef.com\/wp-content\/uploads\/2022\/04\/logo-sama.png","width":237,"height":80,"caption":"Delivery Tech Corp."},"image":{"@id":"https:\/\/emailchef.com\/fr\/#\/schema\/logo\/image\/"}}]}},"_links":{"self":[{"href":"https:\/\/emailchef.com\/fr\/wp-json\/wp\/v2\/pages\/7157"}],"collection":[{"href":"https:\/\/emailchef.com\/fr\/wp-json\/wp\/v2\/pages"}],"about":[{"href":"https:\/\/emailchef.com\/fr\/wp-json\/wp\/v2\/types\/page"}],"author":[{"embeddable":true,"href":"https:\/\/emailchef.com\/fr\/wp-json\/wp\/v2\/users\/2"}],"replies":[{"embeddable":true,"href":"https:\/\/emailchef.com\/fr\/wp-json\/wp\/v2\/comments?post=7157"}],"version-history":[{"count":4,"href":"https:\/\/emailchef.com\/fr\/wp-json\/wp\/v2\/pages\/7157\/revisions"}],"predecessor-version":[{"id":7320,"href":"https:\/\/emailchef.com\/fr\/wp-json\/wp\/v2\/pages\/7157\/revisions\/7320"}],"up":[{"embeddable":true,"href":"https:\/\/emailchef.com\/fr\/wp-json\/wp\/v2\/pages\/7146"}],"wp:attachment":[{"href":"https:\/\/emailchef.com\/fr\/wp-json\/wp\/v2\/media?parent=7157"}],"wp:term":[{"taxonomy":"g1_relation_tag","embeddable":true,"href":"https:\/\/emailchef.com\/fr\/wp-json\/wp\/v2\/g1_relation_tag?post=7157"}],"curies":[{"name":"wp","href":"https:\/\/api.w.org\/{rel}","templated":true}]}}