{"id":7151,"date":"2018-05-18T08:54:41","date_gmt":"2018-05-18T08:54:41","guid":{"rendered":"https:\/\/emailchef.com\/privacypolicy-eu-regulation-2016-79-gdpr\/basic-information\/"},"modified":"2021-03-26T14:18:02","modified_gmt":"2021-03-26T14:18:02","slug":"information-de-base","status":"publish","type":"page","link":"https:\/\/emailchef.com\/fr\/politique-de-confidentialite-reglement-ue-2016-79-rgpd\/information-de-base\/","title":{"rendered":"Information de base"},"content":{"rendered":"<p><img fetchpriority=\"high\" decoding=\"async\" class=\"noBorders aligncenter wp-image-7029 size-full\" src=\"https:\/\/emailchef.com\/wp-content\/uploads\/2018\/05\/gdpr-base.png\" alt=\"\" width=\"1280\" height=\"700\" srcset=\"https:\/\/emailchef.com\/wp-content\/uploads\/2018\/05\/gdpr-base.png 1280w, https:\/\/emailchef.com\/wp-content\/uploads\/2018\/05\/gdpr-base-300x164.png 300w, https:\/\/emailchef.com\/wp-content\/uploads\/2018\/05\/gdpr-base-768x420.png 768w, https:\/\/emailchef.com\/wp-content\/uploads\/2018\/05\/gdpr-base-1024x560.png 1024w, https:\/\/emailchef.com\/wp-content\/uploads\/2018\/05\/gdpr-base-968x529.png 968w, https:\/\/emailchef.com\/wp-content\/uploads\/2018\/05\/gdpr-base-636x348.png 636w, https:\/\/emailchef.com\/wp-content\/uploads\/2018\/05\/gdpr-base-320x175.png 320w, https:\/\/emailchef.com\/wp-content\/uploads\/2018\/05\/gdpr-base-239x131.png 239w\" sizes=\"(max-width: 1280px) 100vw, 1280px\" \/><\/p>\n<ul class=\"g1-grid\"><li class=\"g1-column g1-one-fourth g1-valign-top\">\n<h4>Qui sommes-nous ?<\/h4>\n<\/li><!-- -->\n<li class=\"g1-column g1-three-fourth g1-valign-top\">\n<p>Delivery Tech est une soci\u00e9t\u00e9 bas\u00e9e aux \u00c9tats-Unis et op\u00e9rant depuis la Californie.<br \/>\nNotre soci\u00e9t\u00e9 offrant des services dans le monde entier, nous avons d\u00e9sign\u00e9 eDisplay Srl comme notre repr\u00e9sentant europ\u00e9en. eDisplay Srl est responsable de la coop\u00e9ration avec l&#8217;autorit\u00e9 de protection de la vie priv\u00e9e et de la gestion de la client\u00e8le europ\u00e9enne. Vous trouverez un certain nombre de r\u00e9f\u00e9rences \u00e0 eDisplay Srl sur nos sites.<\/p>\n\n<ul id=\"\" class=\"g1-list g1-list--icon g1-list--simple \">\n<li><i class=\"fa fa-arrow-circle-right g1-list__icon\"><\/i><strong>Delivery Tech Corp., 4411 Morena Blvd #105, San Diego, CA 92117 (\u00c9tats-Unis)<\/strong><\/li>\n<li><i class=\"fa fa-arrow-circle-right g1-list__icon\"><\/i><strong>eDisplay Srl, Viale del lavoro 53, 08023, Fonni (NU) (Italie) <\/strong><\/li>\n<\/ul>\n\n<\/li><!-- --><\/ul>\n<div  class=\"g1-divider g1-divider--none g1-divider--noicon \"><\/div>\n<ul class=\"g1-grid\"><li class=\"g1-column g1-one-fourth g1-valign-top\">\n<h4>\u00c9tendue de la r\u00e9glementation de l&#8217;UE en mati\u00e8re de protection de la vie priv\u00e9e et de s\u00e9curit\u00e9 &#8211; Exigences europ\u00e9ennes<\/h4>\n<\/li><!-- -->\n<li class=\"g1-column g1-three-fourth g1-valign-top\">\n<p>La soci\u00e9t\u00e9 Delivery Tech \u00e9tant situ\u00e9e en Californie, notre soci\u00e9t\u00e9 est \u00e9galement soumise \u00e0 la l\u00e9gislation am\u00e9ricaine en mati\u00e8re de s\u00e9curit\u00e9 et de confidentialit\u00e9.<br \/>\n<strong>Le pr\u00e9sent avis ne s&#8217;applique que si Delivery Tech traite les donn\u00e9es des clients avec des listes de contacts contenant les informations personnelles d&#8217;entit\u00e9s de l&#8217;UE. Pour tous les autres clients, les lois sur la confidentialit\u00e9 du pays dans lequel les donn\u00e9es sont collect\u00e9es s&#8217;appliquent.<\/strong><br \/>\nNous sommes toujours tr\u00e8s attentifs \u00e0 la confidentialit\u00e9 et \u00e0 la s\u00e9curit\u00e9 de nos clients partout dans le monde, nous avons donc pris des mesures pour assurer le service le plus s\u00fbr et le plus transparent possible. Cela inclut l&#8217;extension de notre politique de confidentialit\u00e9 pour respecter le r\u00e8glement de l&#8217;UE 2016\/79 entr\u00e9 en vigueur le 25 mai.<br \/>\nEn utilisant nos sites Web et nos services, vous comprenez et consentez \u00e0 la collecte, le stockage, le traitement et le transfert de vos informations \u00e0 nos installations aux \u00c9tats-Unis ainsi qu&#8217;\u00e0 des tiers. Ces tiers peuvent utiliser ces donn\u00e9es selon les termes et m\u00e9thodes d\u00e9crits dans la pr\u00e9sente d\u00e9claration.<br \/>\nAfin de prot\u00e9ger les donn\u00e9es des citoyens europ\u00e9ens entr\u00e9es dans nos syst\u00e8mes par nos utilisateurs, nous appliquons un mod\u00e8le d&#8217;Accord de confidentialit\u00e9 des donn\u00e9es (DPA). Nous indiquons les m\u00e9thodes de traitement, de coop\u00e9ration et les conditions de service que nous avons adopt\u00e9es.<br \/>\nLes utilisateurs enregistr\u00e9s dans l&#8217;UE (qu&#8217;ils soient abonn\u00e9s ou utilisateurs de versions gratuites) qui utilisent Delivery Tech \u00e0 des fins commerciales doivent adh\u00e9rer \u00e0 notre DPA pour continuer \u00e0 utiliser nos applications.<\/p>\n<\/li><!-- --><\/ul>\n<div  class=\"g1-divider g1-divider--none g1-divider--noicon \"><\/div>\n<ul class=\"g1-grid\"><li class=\"g1-column g1-one-fourth g1-valign-top\">\n<h4>Contr\u00f4leur de donn\u00e9es<\/h4>\n<\/li><!-- -->\n<li class=\"g1-column g1-three-fourth g1-valign-top\">\n<p><strong>Chez Delivery Tech Corp., nous agissons \u00e9galement en tant que contr\u00f4leurs de donn\u00e9es, mais uniquement lorsque nous collectons vos donn\u00e9es personnelles pour notre propre usage dans le cadre de la prestation des services que vous avez achet\u00e9s. \u00c0 cet instant, nous \u00e9tablissons une relation directe entre vous et nous.<\/strong><br \/>\nEn tant que contr\u00f4leurs de donn\u00e9es, nous garantissons le respect des r\u00e8gles relatives \u00e0 la protection des donn\u00e9es personnelles. Nous fournissons toutes les informations utiles sur le traitement des donn\u00e9es, qu&#8217;elles soient communiqu\u00e9es directement ou volontairement, ainsi que toute information recueillie par le syst\u00e8me lors de la navigation sur le site et de l&#8217;utilisation de nos services.<br \/>\nPlus sp\u00e9cifiquement, le responsable du traitement des donn\u00e9es de Delivery Tech Corp. est son administrateur pro-tempore, assist\u00e9 du D\u00e9l\u00e9gu\u00e9 \u00e0 la protection des donn\u00e9es (DPD), qui garantit le respect des r\u00e8gles impos\u00e9es par le RGPD.<br \/>\nVous pouvez contacter notre responsable du traitement des donn\u00e9es via cette adresse email: <a href=\"mailto:privacy@edisplay.it\">privacy@edisplay.it<\/a>.<\/p>\n<\/li><!-- --><\/ul>\n<div  class=\"g1-divider g1-divider--none g1-divider--noicon \"><\/div>\n<ul class=\"g1-grid\"><li class=\"g1-column g1-one-fourth g1-valign-top\">\n<h4>Responsable du traitement de donn\u00e9es<\/h4>\n<\/li><!-- -->\n<li class=\"g1-column g1-three-fourth g1-valign-top\">\n<p>Lorsque vous utilisez nos services, vous pouvez importer des donn\u00e9es dans votre syst\u00e8me avec les informations personnelles que vous avez recueillies aupr\u00e8s de vos abonn\u00e9s ou d&#8217;autres personnes. Dans ce cas, parce que nous n&#8217;avons aucune relation directe avec vos membres ou avec quelqu&#8217;un d&#8217;autre que vous, vous devenez le responsable du traitement des donn\u00e9es. Il vous appartiendra de vous assurer que vous avez l&#8217;autorisation appropri\u00e9e pour recueillir et traiter les renseignements relatifs aux divers sujets.<br \/>\nD&#8217;une mani\u00e8re compatible avec l&#8217;utilisation des donn\u00e9es personnelles trait\u00e9es, vous concluez un Accord de politique de donn\u00e9es (DPA) avec Delivery Tech en tant que fournisseur de services pour vos abonn\u00e9s par le biais de nos plateformes. Cet accord sert \u00e0 assurer l&#8217;utilisation correcte des donn\u00e9es avec les garanties appropri\u00e9es que nous vous fournissons en tant que responsable du traitement des donn\u00e9es.<br \/>\nDans ce cas, nous conserverons les donn\u00e9es personnelles, trait\u00e9es pour le compte de nos utilisateurs, aussi longtemps que n\u00e9cessaire afin de :<\/p>\n\n<ul id=\"\" class=\"g1-list g1-list--upper-alpha g1-list--none \">\n<li>fournir nos services<\/li>\n<li>remplir nos obligations l\u00e9gales ;<\/li>\n<li>r\u00e9soudre les litiges ;<\/li>\n<li>pr\u00e9venir les abus ;<\/li>\n<li>appliquer nos accords.<\/li>\n<\/ul>\n\n<\/li><!-- --><\/ul>\n<div  class=\"g1-divider g1-divider--none g1-divider--noicon \"><\/div>\n<ul class=\"g1-grid\"><li class=\"g1-column g1-one-fourth g1-valign-top\">\n<h4>Repr\u00e9sentant de l&#8217;UE du responsable du traitement des donn\u00e9es<\/h4>\n<\/li><!-- -->\n<li class=\"g1-column g1-three-fourth g1-valign-top\">\n<p>Dans le cas sp\u00e9cifique o\u00f9, chez Delivery Tech, nous sommes les responsables du traitement des donn\u00e9es d&#8217;un citoyen europ\u00e9en, nous d\u00e9signons un repr\u00e9sentant de l&#8217;UE pour agir au nom de Delivery Tech pendant les phases de coop\u00e9ration avec les autorit\u00e9s de contr\u00f4le.<br \/>\nLe repr\u00e9sentant UE de Delivery Tech Corp est eDisplay Srl. Puisque notre si\u00e8ge social est en Californie et que nous op\u00e9rons \u00e0 partir des \u00c9tats-Unis, cette t\u00e2che est essentielle et nous permet de vous offrir le meilleur soutien.<br \/>\nPour les clients europ\u00e9ens, eDisplay Srl \u00e9mettra \u00e9galement la facturation et r\u00e9duira au minimum le transfert de donn\u00e9es \u00e0 destination et en provenance des \u00c9tats-Unis.<\/p>\n<\/li><!-- --><\/ul>\n","protected":false},"excerpt":{"rendered":"","protected":false},"author":2,"featured_media":0,"parent":7146,"menu_order":0,"comment_status":"closed","ping_status":"closed","template":"","meta":{"_acf_changed":false,"inline_featured_image":false,"footnotes":""},"g1_relation_tag":[],"class_list":["post-7151","page","type-page","status-publish","hentry"],"acf":[],"yoast_head":"<!-- This site is optimized with the Yoast SEO plugin v24.8.1 - https:\/\/yoast.com\/wordpress\/plugins\/seo\/ -->\n<title>Information de base - Emailchef<\/title>\n<meta name=\"robots\" content=\"index, follow, max-snippet:-1, max-image-preview:large, max-video-preview:-1\" \/>\n<link rel=\"canonical\" href=\"https:\/\/emailchef.com\/fr\/politique-de-confidentialite-reglement-ue-2016-79-rgpd\/information-de-base\/\" \/>\n<meta name=\"twitter:label1\" content=\"Dur\u00e9e de lecture estim\u00e9e\" \/>\n\t<meta name=\"twitter:data1\" content=\"5 minutes\" \/>\n<!-- \/ Yoast SEO plugin. -->","yoast_head_json":{"title":"Information de base - Emailchef","robots":{"index":"index","follow":"follow","max-snippet":"max-snippet:-1","max-image-preview":"max-image-preview:large","max-video-preview":"max-video-preview:-1"},"canonical":"https:\/\/emailchef.com\/fr\/politique-de-confidentialite-reglement-ue-2016-79-rgpd\/information-de-base\/","twitter_misc":{"Dur\u00e9e de lecture estim\u00e9e":"5 minutes"},"schema":{"@context":"https:\/\/schema.org","@graph":[{"@type":"WebPage","@id":"https:\/\/emailchef.com\/fr\/politique-de-confidentialite-reglement-ue-2016-79-rgpd\/information-de-base\/","url":"https:\/\/emailchef.com\/fr\/politique-de-confidentialite-reglement-ue-2016-79-rgpd\/information-de-base\/","name":"Information de base - Emailchef","isPartOf":{"@id":"https:\/\/emailchef.com\/fr\/#website"},"primaryImageOfPage":{"@id":"https:\/\/emailchef.com\/fr\/politique-de-confidentialite-reglement-ue-2016-79-rgpd\/information-de-base\/#primaryimage"},"image":{"@id":"https:\/\/emailchef.com\/fr\/politique-de-confidentialite-reglement-ue-2016-79-rgpd\/information-de-base\/#primaryimage"},"thumbnailUrl":"https:\/\/emailchef.com\/wp-content\/uploads\/2018\/05\/gdpr-base.png","datePublished":"2018-05-18T08:54:41+00:00","dateModified":"2021-03-26T14:18:02+00:00","breadcrumb":{"@id":"https:\/\/emailchef.com\/fr\/politique-de-confidentialite-reglement-ue-2016-79-rgpd\/information-de-base\/#breadcrumb"},"inLanguage":"fr-FR","potentialAction":[{"@type":"ReadAction","target":["https:\/\/emailchef.com\/fr\/politique-de-confidentialite-reglement-ue-2016-79-rgpd\/information-de-base\/"]}]},{"@type":"ImageObject","inLanguage":"fr-FR","@id":"https:\/\/emailchef.com\/fr\/politique-de-confidentialite-reglement-ue-2016-79-rgpd\/information-de-base\/#primaryimage","url":"https:\/\/emailchef.com\/wp-content\/uploads\/2018\/05\/gdpr-base.png","contentUrl":"https:\/\/emailchef.com\/wp-content\/uploads\/2018\/05\/gdpr-base.png"},{"@type":"BreadcrumbList","@id":"https:\/\/emailchef.com\/fr\/politique-de-confidentialite-reglement-ue-2016-79-rgpd\/information-de-base\/#breadcrumb","itemListElement":[{"@type":"ListItem","position":1,"name":"Home","item":"https:\/\/emailchef.com\/fr\/mailchef-email-marketing-emailing-et-envoi-newsletter\/"},{"@type":"ListItem","position":2,"name":"RGPD &#8211; Introduction &#8211; Objectifs","item":"https:\/\/emailchef.com\/fr\/politique-de-confidentialite-reglement-ue-2016-79-rgpd\/"},{"@type":"ListItem","position":3,"name":"Information de base"}]},{"@type":"WebSite","@id":"https:\/\/emailchef.com\/fr\/#website","url":"https:\/\/emailchef.com\/fr\/","name":"Emailchef","description":"Recettes go\u00fbteuses pour vos emails","publisher":{"@id":"https:\/\/emailchef.com\/fr\/#organization"},"potentialAction":[{"@type":"SearchAction","target":{"@type":"EntryPoint","urlTemplate":"https:\/\/emailchef.com\/fr\/?s={search_term_string}"},"query-input":{"@type":"PropertyValueSpecification","valueRequired":true,"valueName":"search_term_string"}}],"inLanguage":"fr-FR"},{"@type":"Organization","@id":"https:\/\/emailchef.com\/fr\/#organization","name":"Delivery Tech Corp.","url":"https:\/\/emailchef.com\/fr\/","logo":{"@type":"ImageObject","inLanguage":"fr-FR","@id":"https:\/\/emailchef.com\/fr\/#\/schema\/logo\/image\/","url":"https:\/\/emailchef.com\/wp-content\/uploads\/2022\/04\/logo-sama.png","contentUrl":"https:\/\/emailchef.com\/wp-content\/uploads\/2022\/04\/logo-sama.png","width":237,"height":80,"caption":"Delivery Tech Corp."},"image":{"@id":"https:\/\/emailchef.com\/fr\/#\/schema\/logo\/image\/"}}]}},"_links":{"self":[{"href":"https:\/\/emailchef.com\/fr\/wp-json\/wp\/v2\/pages\/7151"}],"collection":[{"href":"https:\/\/emailchef.com\/fr\/wp-json\/wp\/v2\/pages"}],"about":[{"href":"https:\/\/emailchef.com\/fr\/wp-json\/wp\/v2\/types\/page"}],"author":[{"embeddable":true,"href":"https:\/\/emailchef.com\/fr\/wp-json\/wp\/v2\/users\/2"}],"replies":[{"embeddable":true,"href":"https:\/\/emailchef.com\/fr\/wp-json\/wp\/v2\/comments?post=7151"}],"version-history":[{"count":4,"href":"https:\/\/emailchef.com\/fr\/wp-json\/wp\/v2\/pages\/7151\/revisions"}],"predecessor-version":[{"id":37740,"href":"https:\/\/emailchef.com\/fr\/wp-json\/wp\/v2\/pages\/7151\/revisions\/37740"}],"up":[{"embeddable":true,"href":"https:\/\/emailchef.com\/fr\/wp-json\/wp\/v2\/pages\/7146"}],"wp:attachment":[{"href":"https:\/\/emailchef.com\/fr\/wp-json\/wp\/v2\/media?parent=7151"}],"wp:term":[{"taxonomy":"g1_relation_tag","embeddable":true,"href":"https:\/\/emailchef.com\/fr\/wp-json\/wp\/v2\/g1_relation_tag?post=7151"}],"curies":[{"name":"wp","href":"https:\/\/api.w.org\/{rel}","templated":true}]}}