{"id":7146,"date":"2018-05-18T08:17:47","date_gmt":"2018-05-18T08:17:47","guid":{"rendered":"https:\/\/emailchef.com\/privacypolicy-eu-regulation-2016-79-gdpr\/"},"modified":"2021-07-22T13:29:10","modified_gmt":"2021-07-22T13:29:10","slug":"politique-de-confidentialite-reglement-ue-2016-79-rgpd","status":"publish","type":"page","link":"https:\/\/emailchef.com\/fr\/politique-de-confidentialite-reglement-ue-2016-79-rgpd\/","title":{"rendered":"RGPD &#8211; Introduction &#8211; Objectifs"},"content":{"rendered":"<p><img fetchpriority=\"high\" decoding=\"async\" class=\"noBorders aligncenter wp-image-7027 size-full\" src=\"https:\/\/emailchef.com\/wp-content\/uploads\/2018\/05\/gdpr-intro-2.png\" alt=\"\" width=\"1280\" height=\"700\" srcset=\"https:\/\/emailchef.com\/wp-content\/uploads\/2018\/05\/gdpr-intro-2.png 1280w, https:\/\/emailchef.com\/wp-content\/uploads\/2018\/05\/gdpr-intro-2-300x164.png 300w, https:\/\/emailchef.com\/wp-content\/uploads\/2018\/05\/gdpr-intro-2-768x420.png 768w, https:\/\/emailchef.com\/wp-content\/uploads\/2018\/05\/gdpr-intro-2-1024x560.png 1024w, https:\/\/emailchef.com\/wp-content\/uploads\/2018\/05\/gdpr-intro-2-968x529.png 968w, https:\/\/emailchef.com\/wp-content\/uploads\/2018\/05\/gdpr-intro-2-636x348.png 636w, https:\/\/emailchef.com\/wp-content\/uploads\/2018\/05\/gdpr-intro-2-320x175.png 320w, https:\/\/emailchef.com\/wp-content\/uploads\/2018\/05\/gdpr-intro-2-239x131.png 239w\" sizes=\"(max-width: 1280px) 100vw, 1280px\" \/><\/p>\n<p><em>Mise \u00e0 jour du 25 mai 2018<\/em><\/p>\n<p>Nous avons r\u00e9dig\u00e9 ce document pour vous aider \u00e0 comprendre nos politiques de confidentialit\u00e9. Pour rendre cela aussi facile que possible, nous utilisons un langage clair et une structure simple.<\/p>\n<p>Avec l&#8217;entr\u00e9e en vigueur du r\u00e8glement g\u00e9n\u00e9ral sur la protection des donn\u00e9es (UE 2016\/679), nous apportons un certain nombre d&#8217;am\u00e9liorations \u00e0 l&#8217;utilisation de Delivery Tech. Bien que bon nombre de ces r\u00e8gles ne s&#8217;appliquent qu&#8217;aux utilisateurs de l&#8217;Union europ\u00e9enne (UE), les changements toucheront tous les utilisateurs.<\/p>\n<p>Vous apprendrez dans ce document quelles donn\u00e9es nous collectons, pour quelle raison, pendant combien de temps et o\u00f9 nous conservons ces informations. Notre but est d&#8217;expliquer simplement comment mettre \u00e0 jour, g\u00e9rer, exporter et supprimer vos donn\u00e9es.<\/p>\n<p>Comme l&#8217;exige express\u00e9ment le RGPD, lorsque vous avez recours \u00e0 nos services, vous pouvez exercer vos droits \u00e0 tout moment et en toute transparence. Nous vous invitons \u00e0 lire attentivement les instructions suivantes et \u00e0 porter une attention particuli\u00e8re aux domaines qui vous int\u00e9ressent le plus.<\/p>\n","protected":false},"excerpt":{"rendered":"<p>Mise \u00e0 jour du 25 mai 2018 Nous avons r\u00e9dig\u00e9 ce document pour vous aider \u00e0 comprendre nos politiques de confidentialit\u00e9. Pour rendre cela aussi facile que possible, nous utilisons un langage clair et une structure simple. Avec l&#8217;entr\u00e9e en vigueur du r\u00e8glement g\u00e9n\u00e9ral sur la protection des donn\u00e9es (UE 2016\/679), nous apportons un certain [&hellip;]<\/p>\n","protected":false},"author":2,"featured_media":0,"parent":0,"menu_order":0,"comment_status":"closed","ping_status":"closed","template":"","meta":{"_acf_changed":false,"inline_featured_image":false,"footnotes":""},"g1_relation_tag":[],"class_list":["post-7146","page","type-page","status-publish","hentry"],"acf":[],"yoast_head":"<!-- This site is optimized with the Yoast SEO plugin v24.8.1 - https:\/\/yoast.com\/wordpress\/plugins\/seo\/ -->\n<title>RGPD - Introduction - Objectifs - Emailchef<\/title>\n<meta name=\"robots\" content=\"index, follow, max-snippet:-1, max-image-preview:large, max-video-preview:-1\" \/>\n<link rel=\"canonical\" href=\"https:\/\/emailchef.com\/fr\/politique-de-confidentialite-reglement-ue-2016-79-rgpd\/\" \/>\n<meta name=\"twitter:label1\" content=\"Dur\u00e9e de lecture estim\u00e9e\" \/>\n\t<meta name=\"twitter:data1\" content=\"1 minute\" \/>\n<!-- \/ Yoast SEO plugin. -->","yoast_head_json":{"title":"RGPD - Introduction - Objectifs - Emailchef","robots":{"index":"index","follow":"follow","max-snippet":"max-snippet:-1","max-image-preview":"max-image-preview:large","max-video-preview":"max-video-preview:-1"},"canonical":"https:\/\/emailchef.com\/fr\/politique-de-confidentialite-reglement-ue-2016-79-rgpd\/","twitter_misc":{"Dur\u00e9e de lecture estim\u00e9e":"1 minute"},"schema":{"@context":"https:\/\/schema.org","@graph":[{"@type":"WebPage","@id":"https:\/\/emailchef.com\/fr\/politique-de-confidentialite-reglement-ue-2016-79-rgpd\/","url":"https:\/\/emailchef.com\/fr\/politique-de-confidentialite-reglement-ue-2016-79-rgpd\/","name":"RGPD - Introduction - Objectifs - Emailchef","isPartOf":{"@id":"https:\/\/emailchef.com\/fr\/#website"},"primaryImageOfPage":{"@id":"https:\/\/emailchef.com\/fr\/politique-de-confidentialite-reglement-ue-2016-79-rgpd\/#primaryimage"},"image":{"@id":"https:\/\/emailchef.com\/fr\/politique-de-confidentialite-reglement-ue-2016-79-rgpd\/#primaryimage"},"thumbnailUrl":"https:\/\/emailchef.com\/wp-content\/uploads\/2018\/05\/gdpr-intro-2.png","datePublished":"2018-05-18T08:17:47+00:00","dateModified":"2021-07-22T13:29:10+00:00","breadcrumb":{"@id":"https:\/\/emailchef.com\/fr\/politique-de-confidentialite-reglement-ue-2016-79-rgpd\/#breadcrumb"},"inLanguage":"fr-FR","potentialAction":[{"@type":"ReadAction","target":["https:\/\/emailchef.com\/fr\/politique-de-confidentialite-reglement-ue-2016-79-rgpd\/"]}]},{"@type":"ImageObject","inLanguage":"fr-FR","@id":"https:\/\/emailchef.com\/fr\/politique-de-confidentialite-reglement-ue-2016-79-rgpd\/#primaryimage","url":"https:\/\/emailchef.com\/wp-content\/uploads\/2018\/05\/gdpr-intro-2.png","contentUrl":"https:\/\/emailchef.com\/wp-content\/uploads\/2018\/05\/gdpr-intro-2.png"},{"@type":"BreadcrumbList","@id":"https:\/\/emailchef.com\/fr\/politique-de-confidentialite-reglement-ue-2016-79-rgpd\/#breadcrumb","itemListElement":[{"@type":"ListItem","position":1,"name":"Home","item":"https:\/\/emailchef.com\/fr\/mailchef-email-marketing-emailing-et-envoi-newsletter\/"},{"@type":"ListItem","position":2,"name":"RGPD &#8211; Introduction &#8211; Objectifs"}]},{"@type":"WebSite","@id":"https:\/\/emailchef.com\/fr\/#website","url":"https:\/\/emailchef.com\/fr\/","name":"Emailchef","description":"Recettes go\u00fbteuses pour vos emails","publisher":{"@id":"https:\/\/emailchef.com\/fr\/#organization"},"potentialAction":[{"@type":"SearchAction","target":{"@type":"EntryPoint","urlTemplate":"https:\/\/emailchef.com\/fr\/?s={search_term_string}"},"query-input":{"@type":"PropertyValueSpecification","valueRequired":true,"valueName":"search_term_string"}}],"inLanguage":"fr-FR"},{"@type":"Organization","@id":"https:\/\/emailchef.com\/fr\/#organization","name":"Delivery Tech Corp.","url":"https:\/\/emailchef.com\/fr\/","logo":{"@type":"ImageObject","inLanguage":"fr-FR","@id":"https:\/\/emailchef.com\/fr\/#\/schema\/logo\/image\/","url":"https:\/\/emailchef.com\/wp-content\/uploads\/2022\/04\/logo-sama.png","contentUrl":"https:\/\/emailchef.com\/wp-content\/uploads\/2022\/04\/logo-sama.png","width":237,"height":80,"caption":"Delivery Tech Corp."},"image":{"@id":"https:\/\/emailchef.com\/fr\/#\/schema\/logo\/image\/"}}]}},"_links":{"self":[{"href":"https:\/\/emailchef.com\/fr\/wp-json\/wp\/v2\/pages\/7146"}],"collection":[{"href":"https:\/\/emailchef.com\/fr\/wp-json\/wp\/v2\/pages"}],"about":[{"href":"https:\/\/emailchef.com\/fr\/wp-json\/wp\/v2\/types\/page"}],"author":[{"embeddable":true,"href":"https:\/\/emailchef.com\/fr\/wp-json\/wp\/v2\/users\/2"}],"replies":[{"embeddable":true,"href":"https:\/\/emailchef.com\/fr\/wp-json\/wp\/v2\/comments?post=7146"}],"version-history":[{"count":2,"href":"https:\/\/emailchef.com\/fr\/wp-json\/wp\/v2\/pages\/7146\/revisions"}],"predecessor-version":[{"id":46566,"href":"https:\/\/emailchef.com\/fr\/wp-json\/wp\/v2\/pages\/7146\/revisions\/46566"}],"wp:attachment":[{"href":"https:\/\/emailchef.com\/fr\/wp-json\/wp\/v2\/media?parent=7146"}],"wp:term":[{"taxonomy":"g1_relation_tag","embeddable":true,"href":"https:\/\/emailchef.com\/fr\/wp-json\/wp\/v2\/g1_relation_tag?post=7146"}],"curies":[{"name":"wp","href":"https:\/\/api.w.org\/{rel}","templated":true}]}}