{"id":70848,"date":"2024-01-25T08:50:07","date_gmt":"2024-01-25T08:50:07","guid":{"rendered":"https:\/\/emailchef.com\/?page_id=70848"},"modified":"2024-10-09T07:50:57","modified_gmt":"2024-10-09T07:50:57","slug":"yahoo-et-gmail-voici-les-nouvelles-exigences-pour-faire-du-marketing-par-email-en-2024","status":"publish","type":"page","link":"https:\/\/emailchef.com\/fr\/base-de-connaissance\/yahoo-et-gmail-voici-les-nouvelles-exigences-pour-faire-du-marketing-par-email-en-2024\/","title":{"rendered":"Yahoo et Gmail : voici les nouvelles exigences pour faire du marketing par e-mail en 2024"},"content":{"rendered":"<h2 style=\"font-style: italic; font-size: 26px; margin-top: 0px;\">Guide pratique pour r\u00e9pondre aux nouvelles exigences \u00e9tablies par Google et Yahoo.<\/h2>\n<p>\u00c0 partir de f\u00e9vrier 2024, Gmail et Yahoo rendront obligatoire ce qui \u00e9tait d\u00e9j\u00e0 consid\u00e9r\u00e9 comme l&#8217;une des meilleures pratiques en mati\u00e8re de marketing par e-mail : l&#8217;authentification de domaine. En r\u00e9sum\u00e9, toute personne envoyant 5000 courriels ou plus par jour \u00e0 des destinataires Gmail ou Yahoo devra configurer les enregistrements SPF, DKIM et DMARC, sous peine de voir ses messages non livr\u00e9s dans la bo\u00eete de r\u00e9ception.<\/p>\n<p>Mais ce n&#8217;est pas tout. Dans ce guide, notre objectif est de vous fournir tous les outils pour r\u00e9pondre aux nouvelles exigences \u00e9tablies par Google et Yahoo.<\/p>\n<div class=\"lyte-wrapper\" title=\"Comment le marketing par e-mail &eacute;volue avec les nouvelles exigences de Gmail et Yahoo\" style=\"width:640px;max-width:100%;margin:5px;\"><div class=\"lyMe\" id=\"WYL_KA8wJuHYTfg\"><div id=\"lyte_KA8wJuHYTfg\" data-src=\"https:\/\/emailchef.com\/wp-content\/plugins\/wp-youtube-lyte\/lyteCache.php?origThumbUrl=https%3A%2F%2Fi.ytimg.com%2Fvi%2FKA8wJuHYTfg%2Fhqdefault.jpg\" class=\"pL\"><div class=\"tC\"><div class=\"tT\">Comment le marketing par e-mail \u00e9volue avec les nouvelles exigences de Gmail et Yahoo<\/div><\/div><div class=\"play\"><\/div><div class=\"ctrl\"><div class=\"Lctrl\"><\/div><div class=\"Rctrl\"><\/div><\/div><\/div><noscript><a href=\"https:\/\/youtu.be\/KA8wJuHYTfg\" rel=\"nofollow\"><img fetchpriority=\"high\" decoding=\"async\" src=\"https:\/\/emailchef.com\/wp-content\/plugins\/wp-youtube-lyte\/lyteCache.php?origThumbUrl=https%3A%2F%2Fi.ytimg.com%2Fvi%2FKA8wJuHYTfg%2F0.jpg\" alt=\"Comment le marketing par e-mail &eacute;volue avec les nouvelles exigences de Gmail et Yahoo\" width=\"640\" height=\"340\" \/><br \/>Lire cette vid\u00e9o sur YouTube<\/a><\/noscript><\/div><\/div><div class=\"lL\" style=\"max-width:100%;width:640px;margin:5px;\"><\/div>\n<div class=\"ec-video-button hide centered\">\n\t<a href=\"https:\/\/youtu.be\/KA8wJuHYTfg\" rel=\"prettyPhoto\" title=\"Riproduci Video\">Riproduci Video <i class=\"fa fa-play-circle fa-2x\"><\/i><\/a>\n<\/div>\n<h2 style=\"color: #605e6f; font-weight: bold!important; font-size: 18px; text-transform: uppercase; letter-spacing: -0.7px;\">LES NOUVEAUT\u00c9S INTRODUITES PAR GMAIL ET YAHOO EN 2024.<\/h2>\n<p>Authentifier correctement votre adresse e-mail a toujours \u00e9t\u00e9 une pratique recommand\u00e9e, mais tout le monde n&#8217;applique pas toujours cette bonne pratique lors de l&#8217;envoi des emails en masse.<\/p>\n<p>Et c&#8217;est un probl\u00e8me s\u00e9rieux.<\/p>\n<p>Oui, car sans une authentification ad\u00e9quate de votre adresse e-mail, les exp\u00e9diteurs donnent la possibilit\u00e9 \u00e0 des tiers malveillants d&#8217; usurper des domaines et d&#8217;envoyer des e-mails de phishing (ou d&#8217;usurpation d&#8217;identit\u00e9).<\/p>\n<p>C&#8217;est pourquoi Google et Yahoo ont d\u00e9cid\u00e9 de rendre obligatoire l&#8217;authentification des domaines pour toute personne envoyant 5000 courriels ou plus \u00e0 des adresses Gmail et Yahoo. Et si vous voulez vous assurer que vos courriels continuent d&#8217;arriver dans la bo\u00eete de r\u00e9ception, vous devrez adh\u00e9rer aux principales bonnes pratiques en mati\u00e8re d&#8217;authentification des courriels et de pr\u00e9vention du spam.<\/p>\n<p>Cela signifie que, si ce n&#8217;est pas d\u00e9j\u00e0 fait, vous devrez:<\/p>\n<ol>\n<li style=\"margin-bottom: 15px;\">Choisir et acheter un domaine personnalis\u00e9.<\/li>\n<li style=\"margin-bottom: 15px;\">Authentifier les enregistrements SPF, DKIM et DMARC sur votre domaine.<\/li>\n<\/ol>\n<p>De plus, il sera n\u00e9cessaire de mettre en place une m\u00e9thode de d\u00e9sabonnement facile pour vos destinataires et de maintenir un taux de spam en dessous d&#8217;un certain seuil.<\/p>\n<h2 style=\"color: #605e6f; font-weight: bold!important; font-size: 18px; text-transform: uppercase; letter-spacing: -0.7px;\">COMMENT CHOISIR ET ACHETER VOTRE DOMAINE D&#8217;EMAIL PERSONNALIS\u00c9.<\/h2>\n<p>Le choix et l&#8217;achat d&#8217;une adresse e-mail avec un domaine personnalis\u00e9 sont des \u00e9l\u00e9ments que nous avons longtemps mis en avant chez Emailchef (et sont une exigence n\u00e9cessaire pour envoyer vos e-mails).<\/p>\n<p>En r\u00e9sum\u00e9, c&#8217;est une adresse qui, apr\u00e8s le symbole @, contient le nom d&#8217;une marque ou d&#8217;un domaine de site web. En d&#8217;autres termes, au lieu d&#8217;utiliser le nom g\u00e9n\u00e9rique d&#8217;un fournisseur de messagerie \u00e9lectronique (comme @gmail.com), une adresse e-mail avec un domaine personnalis\u00e9 contient le nom de l&#8217;entreprise qui envoie l&#8217;e-mail (comme @emailchef.com).<\/p>\n<p>Il existe de nombreux fournisseurs de domaines o\u00f9 vous pouvez acheter le v\u00f4tre, mais si vous ne savez pas par o\u00f9 commencer, nous avons pr\u00e9par\u00e9 un <a href=\"https:\/\/emailchef.com\/fr\/base-de-connaissance\/comment-choisir-et-acheter-votre-domaine-de-messagerie-electronique-personnalise\/\" title=\"Choisir et d'acheter un domaine d'e-mail personnalis\u00e9\">guide complet sur la fa\u00e7on de choisir et d&#8217;acheter un domaine d&#8217;e-mail personnalis\u00e9<\/a>.<\/p>\n<p>Une fois que vous avez choisi le fournisseur de domaines qui vous convient, vous devrez cr\u00e9er votre adresse e-mail avec votre domaine personnalis\u00e9.<\/p>\n<p>Comment faire ?<\/p>\n<p>Dans cet article, nous avons compil\u00e9 <a href=\"https:\/\/emailchef.com\/fr\/base-de-connaissance\/comment-creer-une-adresse-e-mail-avec-un-domaine-personnalise-si-vous-avez-deja-un-domaine-web\/\" title=\"Cr\u00e9ation d'une adresse e-mail sur un domaine en utilisant les fournisseurs les plus populaires\">tous les guides sur la cr\u00e9ation d&#8217;une adresse e-mail sur un domaine en utilisant les fournisseurs les plus populaires<\/a>.<\/p>\n<h2 style=\"color: #605e6f; font-weight: bold!important; font-size: 18px; text-transform: uppercase; letter-spacing: -0.7px;\">COMMENT AUTHENTIFIER VOTRE DOMAINE<\/h2>\n<p>Une fois que vous avez choisi un domaine et cr\u00e9\u00e9 votre adresse e-mail, la prochaine \u00e9tape consiste \u00e0 l&#8217;authentifier. De cette mani\u00e8re, les fournisseurs de messagerie peuvent reconna\u00eetre vos e-mails comme fiables et les livrer dans les bo\u00eetes de r\u00e9ception de vos abonn\u00e9s.<\/p>\n<p>L&#8217;authentification de domaine est cruciale pour le certifier comme s\u00fbr et fiable.<\/p>\n<p>En fournissant une identit\u00e9 tra\u00e7able \u00e0 votre adresse, vous montrez aux fournisseurs que vous \u00eates un exp\u00e9diteur autoris\u00e9. Cela vous permet d&#8217;am\u00e9liorer votre r\u00e9putation en ligne en gardant vos e-mails hors du dossier de spam.<\/p>\n<p>Les protocoles utilis\u00e9s dans ce cas sont au nombre de 3 :<\/p>\n<ul>\n<li style=\"margin-bottom: 15px;\"><strong>DKIM<\/strong> (DomainKeys Identified Mail) est une m\u00e9thode utilis\u00e9e pour emp\u00eacher les acteurs malveillants de falsifier votre identit\u00e9 par e-mail. Le syst\u00e8me DKIM v\u00e9rifie que le message provient de la source d\u00e9clar\u00e9e.<\/li>\n<li style=\"margin-bottom: 15px;\"><strong>SPF<\/strong> (Sender Policy Framework) est une m\u00e9thode suppl\u00e9mentaire utilis\u00e9e pour emp\u00eacher la falsification de l&#8217;adresse de l&#8217;exp\u00e9diteur. En d&#8217;autres termes, il emp\u00eache l&#8217;utilisation d&#8217;adresses fausses par des tiers.<br \/>\nLe propri\u00e9taire du domaine d\u00e9clare que tous ses e-mails sont transmis via le serveur X. Par cons\u00e9quent, tout e-mail transitant par d&#8217;autres canaux sera consid\u00e9r\u00e9 comme faux.<\/li>\n<li style=\"margin-bottom: 15px;\"><strong>DMARC<\/strong> (Domain-based Message Authentication, Reporting, and Conformance) est une technologie qui standardise les m\u00e9thodes de SPF et DKIM et \u00e9tend leur fonctionnalit\u00e9. La politique DMARC informe le destinataire de la mani\u00e8re de traiter les messages en fonction des r\u00e9sultats de la v\u00e9rification de DKIM et SPF. En r\u00e9sum\u00e9, DMARC indique au serveur de messagerie du destinataire quelle action prendre avec le message en fonction des r\u00e9sultats.<\/li>\n<\/ul>\n<p>Mais comment configurer ces param\u00e8tres ?<\/p>\n<p>Nous vous l&#8217;expliquons dans ce <a href=\"https:\/\/emailchef.com\/fr\/base-de-connaissance\/comment-configurer-lauthentification-de-domaine\/\" title=\"Guide sur l'authentification de votre domaine\">guide sur l&#8217;authentification de votre domaine<\/a>.<\/p>\n<h2 style=\"color: #605e6f; font-weight: bold!important; font-size: 18px; text-transform: uppercase; letter-spacing: -0.7px;\">D\u00c9SABONNEMENTS ET SPAM : CE QUE DISENT LES NOUVELLES POLITIQUES DE GOOGLE ET YAHOO.<\/h2>\n<p>En plus des mises \u00e0 jour dans la configuration du domaine, Google et Yahoo ont communiqu\u00e9 qu&#8217;il sera n\u00e9cessaire de permettre le d\u00e9sabonnement de la liste de diffusion par un simple clic sur le lien de d\u00e9sabonnement dans les e-mails que vous envoyez.<\/p>\n<p>Cela signifie que chaque e-mail que vous envoyez \u00e0 votre liste de contacts doit contenir un lien de d\u00e9sabonnement, et vous devez vous assurer de supprimer ce contact de la liste de diffusion dans un d\u00e9lai de 2 jours. Cette exigence s&#8217;applique \u00e9galement aux e-mails transactionnels, pas seulement aux e-mails marketing ou promotionnels.<\/p>\n<p>Mais voici une bonne nouvelle : si vous utilisez Emailchef, le lien de d\u00e9sabonnement est automatiquement ins\u00e9r\u00e9 dans tous vos e-mails \ud83d\ude09. Le contact sera automatiquement supprim\u00e9 de la liste de diffusion sans que vous ayez \u00e0 faire quoi que ce soit.<\/p>\n<p>Une autre exigence est de maintenir les plaintes pour spam en dessous de 0,3%. Gmail, en particulier, demandera aux exp\u00e9diteurs de maintenir le taux de plaintes pour spam en dessous de ce pourcentage. Que se passe-t-il si vous ne respectez pas cette r\u00e8gle ? Vous risquez de nuire \u00e0 votre r\u00e9putation en tant qu&#8217;exp\u00e9diteur et d&#8217;experimenter une r\u00e9duction de la capacit\u00e9 de livraison, ce qui signifie que votre capacit\u00e9 \u00e0 atteindre les bo\u00eetes de r\u00e9ception de vos destinataires pourrait \u00eatre affect\u00e9e.<\/p>\n<p>Vous \u00eates client d&#8217;Emailchef et avez besoin d&#8217;aide ? <a href=\"https:\/\/support.emailchef.com\/?lang=fr\" title=\"Contactez le service client\u00e8le\">Cliquez ici pour contacter le service client\u00e8le<\/a>.<\/p>\n","protected":false},"excerpt":{"rendered":"<p>Guide pratique pour r\u00e9pondre aux nouvelles exigences \u00e9tablies par Google et Yahoo. \u00c0 partir de f\u00e9vrier 2024, Gmail et Yahoo rendront obligatoire ce qui \u00e9tait d\u00e9j\u00e0 consid\u00e9r\u00e9 comme l&#8217;une des meilleures pratiques en mati\u00e8re de marketing par e-mail : l&#8217;authentification de domaine. En r\u00e9sum\u00e9, toute personne envoyant 5000 courriels ou plus par jour \u00e0 des [&hellip;]<\/p>\n","protected":false},"author":1,"featured_media":0,"parent":1193,"menu_order":0,"comment_status":"closed","ping_status":"closed","template":"","meta":{"_acf_changed":false,"inline_featured_image":false,"footnotes":""},"g1_relation_tag":[],"class_list":["post-70848","page","type-page","status-publish","hentry"],"acf":[],"yoast_head":"<!-- This site is optimized with the Yoast SEO plugin v24.8.1 - https:\/\/yoast.com\/wordpress\/plugins\/seo\/ -->\n<title>Yahoo et Gmail: Nouvelles r\u00e8gles de marketing e-mail 2024<\/title>\n<meta name=\"description\" content=\"Comment le marketing par e-mail \u00e9volue en 2024. Mises \u00e0 jour de Google et Yahoo. &gt;&gt; D\u00e9couvrez les nouvelles exigences !\" \/>\n<meta name=\"robots\" content=\"index, follow, max-snippet:-1, max-image-preview:large, max-video-preview:-1\" \/>\n<link rel=\"canonical\" href=\"https:\/\/emailchef.com\/fr\/base-de-connaissance\/yahoo-et-gmail-voici-les-nouvelles-exigences-pour-faire-du-marketing-par-email-en-2024\/\" \/>\n<meta name=\"twitter:label1\" content=\"Dur\u00e9e de lecture estim\u00e9e\" \/>\n\t<meta name=\"twitter:data1\" content=\"5 minutes\" \/>\n<!-- \/ Yoast SEO plugin. -->","yoast_head_json":{"title":"Yahoo et Gmail: Nouvelles r\u00e8gles de marketing e-mail 2024","description":"Comment le marketing par e-mail \u00e9volue en 2024. Mises \u00e0 jour de Google et Yahoo. >> D\u00e9couvrez les nouvelles exigences !","robots":{"index":"index","follow":"follow","max-snippet":"max-snippet:-1","max-image-preview":"max-image-preview:large","max-video-preview":"max-video-preview:-1"},"canonical":"https:\/\/emailchef.com\/fr\/base-de-connaissance\/yahoo-et-gmail-voici-les-nouvelles-exigences-pour-faire-du-marketing-par-email-en-2024\/","twitter_misc":{"Dur\u00e9e de lecture estim\u00e9e":"5 minutes"},"schema":{"@context":"https:\/\/schema.org","@graph":[{"@type":"WebPage","@id":"https:\/\/emailchef.com\/fr\/base-de-connaissance\/yahoo-et-gmail-voici-les-nouvelles-exigences-pour-faire-du-marketing-par-email-en-2024\/","url":"https:\/\/emailchef.com\/fr\/base-de-connaissance\/yahoo-et-gmail-voici-les-nouvelles-exigences-pour-faire-du-marketing-par-email-en-2024\/","name":"Yahoo et Gmail: Nouvelles r\u00e8gles de marketing e-mail 2024","isPartOf":{"@id":"https:\/\/emailchef.com\/fr\/#website"},"datePublished":"2024-01-25T08:50:07+00:00","dateModified":"2024-10-09T07:50:57+00:00","description":"Comment le marketing par e-mail \u00e9volue en 2024. Mises \u00e0 jour de Google et Yahoo. >> D\u00e9couvrez les nouvelles exigences !","breadcrumb":{"@id":"https:\/\/emailchef.com\/fr\/base-de-connaissance\/yahoo-et-gmail-voici-les-nouvelles-exigences-pour-faire-du-marketing-par-email-en-2024\/#breadcrumb"},"inLanguage":"fr-FR","potentialAction":[{"@type":"ReadAction","target":["https:\/\/emailchef.com\/fr\/base-de-connaissance\/yahoo-et-gmail-voici-les-nouvelles-exigences-pour-faire-du-marketing-par-email-en-2024\/"]}]},{"@type":"BreadcrumbList","@id":"https:\/\/emailchef.com\/fr\/base-de-connaissance\/yahoo-et-gmail-voici-les-nouvelles-exigences-pour-faire-du-marketing-par-email-en-2024\/#breadcrumb","itemListElement":[{"@type":"ListItem","position":1,"name":"Home","item":"https:\/\/emailchef.com\/fr\/mailchef-email-marketing-emailing-et-envoi-newsletter\/"},{"@type":"ListItem","position":2,"name":"Base de connaissance","item":"https:\/\/emailchef.com\/fr\/base-de-connaissance\/"},{"@type":"ListItem","position":3,"name":"Yahoo et Gmail : voici les nouvelles exigences pour faire du marketing par e-mail en 2024"}]},{"@type":"WebSite","@id":"https:\/\/emailchef.com\/fr\/#website","url":"https:\/\/emailchef.com\/fr\/","name":"Emailchef","description":"Recettes go\u00fbteuses pour vos emails","publisher":{"@id":"https:\/\/emailchef.com\/fr\/#organization"},"potentialAction":[{"@type":"SearchAction","target":{"@type":"EntryPoint","urlTemplate":"https:\/\/emailchef.com\/fr\/?s={search_term_string}"},"query-input":{"@type":"PropertyValueSpecification","valueRequired":true,"valueName":"search_term_string"}}],"inLanguage":"fr-FR"},{"@type":"Organization","@id":"https:\/\/emailchef.com\/fr\/#organization","name":"Delivery Tech Corp.","url":"https:\/\/emailchef.com\/fr\/","logo":{"@type":"ImageObject","inLanguage":"fr-FR","@id":"https:\/\/emailchef.com\/fr\/#\/schema\/logo\/image\/","url":"https:\/\/emailchef.com\/wp-content\/uploads\/2022\/04\/logo-sama.png","contentUrl":"https:\/\/emailchef.com\/wp-content\/uploads\/2022\/04\/logo-sama.png","width":237,"height":80,"caption":"Delivery Tech Corp."},"image":{"@id":"https:\/\/emailchef.com\/fr\/#\/schema\/logo\/image\/"}}]}},"_links":{"self":[{"href":"https:\/\/emailchef.com\/fr\/wp-json\/wp\/v2\/pages\/70848"}],"collection":[{"href":"https:\/\/emailchef.com\/fr\/wp-json\/wp\/v2\/pages"}],"about":[{"href":"https:\/\/emailchef.com\/fr\/wp-json\/wp\/v2\/types\/page"}],"author":[{"embeddable":true,"href":"https:\/\/emailchef.com\/fr\/wp-json\/wp\/v2\/users\/1"}],"replies":[{"embeddable":true,"href":"https:\/\/emailchef.com\/fr\/wp-json\/wp\/v2\/comments?post=70848"}],"version-history":[{"count":3,"href":"https:\/\/emailchef.com\/fr\/wp-json\/wp\/v2\/pages\/70848\/revisions"}],"predecessor-version":[{"id":75564,"href":"https:\/\/emailchef.com\/fr\/wp-json\/wp\/v2\/pages\/70848\/revisions\/75564"}],"up":[{"embeddable":true,"href":"https:\/\/emailchef.com\/fr\/wp-json\/wp\/v2\/pages\/1193"}],"wp:attachment":[{"href":"https:\/\/emailchef.com\/fr\/wp-json\/wp\/v2\/media?parent=70848"}],"wp:term":[{"taxonomy":"g1_relation_tag","embeddable":true,"href":"https:\/\/emailchef.com\/fr\/wp-json\/wp\/v2\/g1_relation_tag?post=70848"}],"curies":[{"name":"wp","href":"https:\/\/api.w.org\/{rel}","templated":true}]}}