{"id":70841,"date":"2023-10-31T08:11:42","date_gmt":"2023-10-31T08:11:42","guid":{"rendered":"https:\/\/emailchef.com\/?page_id=70841"},"modified":"2024-03-04T10:48:08","modified_gmt":"2024-03-04T10:48:08","slug":"comment-choisir-et-acheter-votre-domaine-de-messagerie-electronique-personnalise","status":"publish","type":"page","link":"https:\/\/emailchef.com\/fr\/base-de-connaissance\/comment-choisir-et-acheter-votre-domaine-de-messagerie-electronique-personnalise\/","title":{"rendered":"Comment choisir et acheter votre domaine de messagerie \u00e9lectronique personnalis\u00e9"},"content":{"rendered":"<h2 style=\"font-style: italic; font-size: 26px; margin-top: 0px;\">Un guide pratique en 5 \u00e9tapes pour acheter votre adresse email expediteur avec un domaine personnalis\u00e9<\/h2>\n<p>Pour \u00e9tablir une pr\u00e9sence professionnelle en ligne, vous avez besoin d&#8217;une adresse de messagerie \u00e9lectronique avec un domaine personnalis\u00e9.<\/p>\n<p>Une adresse d&#8217;exp\u00e9dition avec un domaine personnalis\u00e9 est cruciale pour garantir la cr\u00e9dibilit\u00e9 de vos messages et promouvoir efficacement votre entreprise. Poss\u00e9der un domaine de messagerie \u00e9lectronique facilement reconnaissable aidera vos communications commerciales et marketing \u00e0 para\u00eetre s\u00e9rieuses et professionnelles.<\/p>\n<p>D&#8217;autre part, les adresses e-mail gratuites peuvent r\u00e9duire les taux de livraison de vos campagnes, augmenter les chances que vos messages soient class\u00e9s ou signal\u00e9s comme spam, et compromettre votre r\u00e9putation aupr\u00e8s des clients de messagerie \u00e9lectronique.<\/p>\n<p>Alors, comment choisissez-vous et achetez-vous un domaine?<\/p>\n<p>Dans ce guide pratique, nous vous montrerons comment choisir, \u00e9valuer et acheter votre domaine personnalis\u00e9 \u00e9tape par \u00e9tape.<\/p>\n<h2 style=\"color: #605E6F;font-weight: bold!important;font-size: 18px;text-transform: uppercase;letter-spacing: -0.7px;\">\u00c9TAPE 1: CHOISISSEZ UN NOM DE DOMAINE<\/h2>\n<p>Commencez par choisir votre nom de domaine. Le nom que vous choisissez doit \u00eatre repr\u00e9sentatif de votre entreprise et facile \u00e0 retenir.<br \/>\nPar exemple, si le nom de votre entreprise est ABC Marketing, vous pourriez utiliser un domaine comme <em>abcmarketing.com<\/em>.<\/p>\n<p>Voici un conseil\u2026<\/p>\n<p>\u00c9vitez les caract\u00e8res sp\u00e9ciaux et n&#8217;utilisez pas de noms trop longs. Les clients auront du mal \u00e0 les \u00e9crire et \u00e0 les m\u00e9moriser.<\/p>\n<p>Et faites attention de ne pas utiliser de marques d\u00e9pos\u00e9es ou de marques d\u00e9pos\u00e9es par d&#8217;autres entreprises.<\/p>\n<p>Comment pouvez-vous \u00eatre s\u00fbr qu&#8217;une marque n&#8217;est pas utilis\u00e9e? Voici comment&#8230;\ud83d\udc47.<\/p>\n<h2 style=\"color: #605E6F;font-weight: bold!important;font-size: 18px;text-transform: uppercase;letter-spacing: -0.7px;\">\u00c9TAPE 2: V\u00c9RIFIEZ QUE LE DOMAINE EST DISPONIBLE<\/h2>\n<p>Les moteurs de recherche en ligne tels que ceux propos\u00e9s par <a href=\"https:\/\/www.godaddy.com\/en-uk\/whois\" target=\"_blank\" rel=\"noopener\">GoDaddy<\/a> ou <a href=\"https:\/\/www.namecheap.com\/domains\/domain-name-search\/\" rel=\"noopener\" target=\"_blank\">Namecheap<\/a> vous diront si un domaine est d\u00e9j\u00e0 enregistr\u00e9.<\/p>\n<p><img decoding=\"async\" src=\"https:\/\/emailchef.com\/wp-content\/uploads\/2023\/11\/custom-email-domain.png\" alt=\"Domaine de messagerie personnalis\u00e9\" width=\"680px\" height=\"231px\"><\/p>\n<p>Si un domaine est disponible, le moteur de recherche confirmera sa disponibilit\u00e9. S&#8217;il n&#8217;est pas disponible, le moteur de recherche pourrait fournir des informations sur le propri\u00e9taire actuel ou sugg\u00e9rer des noms de domaine similaires.<\/p>\n<p>Le service <a href=\"https:\/\/who.is\/\" rel=\"noopener\" target=\"_blank\">WHOIS<\/a> peut fournir plus d&#8217;informations sur le propri\u00e9taire d&#8217;un domaine enregistr\u00e9. Entrez le nom de domaine que vous souhaitez v\u00e9rifier, et WHOIS vous indiquera le nom du propri\u00e9taire, la date d&#8217;enregistrement et d&#8217;autres d\u00e9tails pertinents. Vous pourriez contacter le propri\u00e9taire pour demander si le domaine est disponible \u00e0 l&#8217;achat.<\/p>\n<h2 style=\"color: #605E6F;font-weight: bold!important;font-size: 18px;text-transform: uppercase;letter-spacing: -0.7px;\">\u00c9TAPE 3: CHOISISSEZ UN FOURNISSEUR D&#8217;ENREGISTREMENT DE DOMAINE<\/h2>\n<p>Une fois que vous avez identifi\u00e9 un domaine disponible, vous devrez choisir un fournisseur pour enregistrer votre propri\u00e9t\u00e9.<\/p>\n<p>Voici quelques consid\u00e9rations \u00e0 prendre en compte lors de la s\u00e9lection d&#8217;un fournisseur d&#8217;enregistrement de domaines:<\/p>\n<ol>\n<li style=\"margin-bottom: 15px;\"><strong>Les tarifs<\/strong>: Les tarifs d&#8217;enregistrement de domaines varient. Certains, comme <a href=\"https:\/\/www.godaddy.com\/en-uk\" rel=\"noopener\" target=\"_blank\">GoDaddy<\/a>, offrent des r\u00e9ductions sur l&#8217;enregistrement du premier domaine. D&#8217;autres, comme <a href=\"https:\/\/www.ionos.co.uk\/\" rel=\"noopener\" target=\"_blank\">IONOS<\/a>, proposent des domaines de messagerie \u00e9lectronique \u00e0 des prix comp\u00e9titifs.<br \/>\nAssurez-vous \u00e9galement que le fournisseur puisse s&#8217;adapter de mani\u00e8re abordable \u00e0 mesure que votre entreprise se d\u00e9veloppe. Vos besoins initiaux peuvent \u00eatre modestes, mais vous voulez que votre entreprise se d\u00e9veloppe sans encourir de co\u00fbts impr\u00e9vus.<\/li>\n<li style=\"margin-bottom: 15px;\"><strong>Gestion du DNS<\/strong>: Assurez-vous que le fournisseur propose une interface conviviale pour g\u00e9rer les enregistrements DNS. Par exemple, <a href=\"https:\/\/www.namecheap.com\/\" rel=\"noopener\" target=\"_blank\">Namecheap<\/a> fournit un tableau de bord qui simplifie la gestion de ces enregistrements. Il est tr\u00e8s facile \u00e0 utiliser, surtout pour les d\u00e9butants.<br \/>\n<a href=\"https:\/\/www.namecheap.com\/support\/knowledgebase\/article.aspx\/767\/10\/how-to-change-dns-for-a-domain\/\" rel=\"noopener\" target=\"_blank\">Lisez le guide sur la fa\u00e7on d&#8217;\u00e9diter les enregistrements DNS sur Namecheap.<\/a><\/li>\n<li style=\"margin-bottom: 15px;\"><strong>Support client<\/strong>: Si vous avez des questions ou des probl\u00e8mes, vous voudrez vous assurer que le fournisseur propose un bon support client. <a href=\"https:\/\/www.name.com\/\" rel=\"noopener\" target=\"_blank\">Name.com<\/a>, par exemple, dispose d&#8217;une bonne \u00e9quipe de support et d&#8217;un service client tr\u00e8s bien not\u00e9.<\/li>\n<li style=\"margin-bottom: 15px;\"><strong>Renouvellement<\/strong>: V\u00e9rifiez \u00e9galement les politiques de renouvellement de domaines. Certains fournisseurs proposent des renouvellements automatiques; d&#8217;autres exigent une action manuelle qui pourrait \u00eatre oubli\u00e9e dans l&#8217;agenda.<\/li>\n<\/ol>\n<h2 style=\"color: #605E6F;font-weight: bold!important;font-size: 18px;text-transform: uppercase;letter-spacing: -0.7px;\">Step 4: \u00c9TAPE 4: ENREGISTREZ LE DOMAINE ET CR\u00c9EZ VOTRE ADRESSE EMAIL PERSONNALIS\u00c9E<\/h2>\n<p>Une fois que vous avez trouv\u00e9 un nom de domaine et choisi un fournisseur, vous serez pr\u00eat \u00e0 proc\u00e9der \u00e0 l&#8217;enregistrement en fournissant des informations personnelles et de contact. Assurez-vous que ces d\u00e9tails sont pr\u00e9cis, car ils seront n\u00e9cessaires pour l&#8217;enregistrement correct du domaine.<\/p>\n<p>Ensuite, vous serez pr\u00eat \u00e0 cr\u00e9er une adresse e-mail avec votre domaine. Nous expliquons comment faire dans le <a href=\"https:\/\/emailchef.com\/fr\/base-de-connaissance\/comment-creer-une-adresse-e-mail-avec-un-domaine-personnalise-si-vous-avez-deja-un-domaine-web\/\" title=\"Guide sur la cr\u00e9ation d'une adresse e-mail avec un domaine personnalis\u00e9\">guide sur la cr\u00e9ation d&#8217;une adresse e-mail avec un domaine personnalis\u00e9<\/a>.<\/p>\n<h2 style=\"color: #605E6F;font-weight: bold!important;font-size: 18px;text-transform: uppercase;letter-spacing: -0.7px;\">\u00c9TAPE 5: CONFIGUREZ VOTRE DOMAINE POUR EMAILCHEF<\/h2>\n<p>Enfin, vous devrez configurer les enregistrements DNS de votre domaine pour que votre e-mail fonctionne avec Emailchef.<\/p>\n<p>Voici un <a href=\"https:\/\/emailchef.com\/fr\/base-de-connaissance\/comment-configurer-lauthentification-de-domaine\/\" title=\"Guide complet pour authentifier votre domaine personnalis\u00e9 sur notre plateforme\">guide complet pour authentifier votre domaine personnalis\u00e9 sur notre plateforme<\/a>.<\/p>\n","protected":false},"excerpt":{"rendered":"<p>Un guide pratique en 5 \u00e9tapes pour acheter votre adresse email expediteur avec un domaine personnalis\u00e9 Pour \u00e9tablir une pr\u00e9sence professionnelle en ligne, vous avez besoin d&#8217;une adresse de messagerie \u00e9lectronique avec un domaine personnalis\u00e9. Une adresse d&#8217;exp\u00e9dition avec un domaine personnalis\u00e9 est cruciale pour garantir la cr\u00e9dibilit\u00e9 de vos messages et promouvoir efficacement votre [&hellip;]<\/p>\n","protected":false},"author":1,"featured_media":0,"parent":1193,"menu_order":0,"comment_status":"closed","ping_status":"closed","template":"","meta":{"_acf_changed":false,"inline_featured_image":false,"footnotes":""},"g1_relation_tag":[],"class_list":["post-70841","page","type-page","status-publish","hentry"],"acf":[],"yoast_head":"<!-- This site is optimized with the Yoast SEO plugin v24.8.1 - https:\/\/yoast.com\/wordpress\/plugins\/seo\/ -->\n<title>Comment choisir et acheter votre domaine de email personnalis\u00e9<\/title>\n<meta name=\"description\" content=\"Comment s\u00e9lectionner le domaine de messagerie personnalis\u00e9 pour votre entreprise. &gt;&gt; Lisez le guide maintenant\u00a0!\" \/>\n<meta name=\"robots\" content=\"index, follow, max-snippet:-1, max-image-preview:large, max-video-preview:-1\" \/>\n<link rel=\"canonical\" href=\"https:\/\/emailchef.com\/fr\/base-de-connaissance\/comment-choisir-et-acheter-votre-domaine-de-messagerie-electronique-personnalise\/\" \/>\n<!-- \/ Yoast SEO plugin. -->","yoast_head_json":{"title":"Comment choisir et acheter votre domaine de email personnalis\u00e9","description":"Comment s\u00e9lectionner le domaine de messagerie personnalis\u00e9 pour votre entreprise. >> Lisez le guide maintenant\u00a0!","robots":{"index":"index","follow":"follow","max-snippet":"max-snippet:-1","max-image-preview":"max-image-preview:large","max-video-preview":"max-video-preview:-1"},"canonical":"https:\/\/emailchef.com\/fr\/base-de-connaissance\/comment-choisir-et-acheter-votre-domaine-de-messagerie-electronique-personnalise\/","schema":{"@context":"https:\/\/schema.org","@graph":[{"@type":"WebPage","@id":"https:\/\/emailchef.com\/fr\/base-de-connaissance\/comment-choisir-et-acheter-votre-domaine-de-messagerie-electronique-personnalise\/","url":"https:\/\/emailchef.com\/fr\/base-de-connaissance\/comment-choisir-et-acheter-votre-domaine-de-messagerie-electronique-personnalise\/","name":"Comment choisir et acheter votre domaine de email personnalis\u00e9","isPartOf":{"@id":"https:\/\/emailchef.com\/fr\/#website"},"primaryImageOfPage":{"@id":"https:\/\/emailchef.com\/fr\/base-de-connaissance\/comment-choisir-et-acheter-votre-domaine-de-messagerie-electronique-personnalise\/#primaryimage"},"image":{"@id":"https:\/\/emailchef.com\/fr\/base-de-connaissance\/comment-choisir-et-acheter-votre-domaine-de-messagerie-electronique-personnalise\/#primaryimage"},"thumbnailUrl":"https:\/\/emailchef.com\/wp-content\/uploads\/2023\/11\/custom-email-domain.png","datePublished":"2023-10-31T08:11:42+00:00","dateModified":"2024-03-04T10:48:08+00:00","description":"Comment s\u00e9lectionner le domaine de messagerie personnalis\u00e9 pour votre entreprise. >> Lisez le guide maintenant\u00a0!","breadcrumb":{"@id":"https:\/\/emailchef.com\/fr\/base-de-connaissance\/comment-choisir-et-acheter-votre-domaine-de-messagerie-electronique-personnalise\/#breadcrumb"},"inLanguage":"fr-FR","potentialAction":[{"@type":"ReadAction","target":["https:\/\/emailchef.com\/fr\/base-de-connaissance\/comment-choisir-et-acheter-votre-domaine-de-messagerie-electronique-personnalise\/"]}]},{"@type":"ImageObject","inLanguage":"fr-FR","@id":"https:\/\/emailchef.com\/fr\/base-de-connaissance\/comment-choisir-et-acheter-votre-domaine-de-messagerie-electronique-personnalise\/#primaryimage","url":"https:\/\/emailchef.com\/wp-content\/uploads\/2023\/11\/custom-email-domain.png","contentUrl":"https:\/\/emailchef.com\/wp-content\/uploads\/2023\/11\/custom-email-domain.png"},{"@type":"BreadcrumbList","@id":"https:\/\/emailchef.com\/fr\/base-de-connaissance\/comment-choisir-et-acheter-votre-domaine-de-messagerie-electronique-personnalise\/#breadcrumb","itemListElement":[{"@type":"ListItem","position":1,"name":"Home","item":"https:\/\/emailchef.com\/fr\/mailchef-email-marketing-emailing-et-envoi-newsletter\/"},{"@type":"ListItem","position":2,"name":"Base de connaissance","item":"https:\/\/emailchef.com\/fr\/base-de-connaissance\/"},{"@type":"ListItem","position":3,"name":"Comment choisir et acheter votre domaine de messagerie \u00e9lectronique personnalis\u00e9"}]},{"@type":"WebSite","@id":"https:\/\/emailchef.com\/fr\/#website","url":"https:\/\/emailchef.com\/fr\/","name":"Emailchef","description":"Recettes go\u00fbteuses pour vos emails","publisher":{"@id":"https:\/\/emailchef.com\/fr\/#organization"},"potentialAction":[{"@type":"SearchAction","target":{"@type":"EntryPoint","urlTemplate":"https:\/\/emailchef.com\/fr\/?s={search_term_string}"},"query-input":{"@type":"PropertyValueSpecification","valueRequired":true,"valueName":"search_term_string"}}],"inLanguage":"fr-FR"},{"@type":"Organization","@id":"https:\/\/emailchef.com\/fr\/#organization","name":"Delivery Tech Corp.","url":"https:\/\/emailchef.com\/fr\/","logo":{"@type":"ImageObject","inLanguage":"fr-FR","@id":"https:\/\/emailchef.com\/fr\/#\/schema\/logo\/image\/","url":"https:\/\/emailchef.com\/wp-content\/uploads\/2022\/04\/logo-sama.png","contentUrl":"https:\/\/emailchef.com\/wp-content\/uploads\/2022\/04\/logo-sama.png","width":237,"height":80,"caption":"Delivery Tech Corp."},"image":{"@id":"https:\/\/emailchef.com\/fr\/#\/schema\/logo\/image\/"}}]}},"_links":{"self":[{"href":"https:\/\/emailchef.com\/fr\/wp-json\/wp\/v2\/pages\/70841"}],"collection":[{"href":"https:\/\/emailchef.com\/fr\/wp-json\/wp\/v2\/pages"}],"about":[{"href":"https:\/\/emailchef.com\/fr\/wp-json\/wp\/v2\/types\/page"}],"author":[{"embeddable":true,"href":"https:\/\/emailchef.com\/fr\/wp-json\/wp\/v2\/users\/1"}],"replies":[{"embeddable":true,"href":"https:\/\/emailchef.com\/fr\/wp-json\/wp\/v2\/comments?post=70841"}],"version-history":[{"count":2,"href":"https:\/\/emailchef.com\/fr\/wp-json\/wp\/v2\/pages\/70841\/revisions"}],"predecessor-version":[{"id":70843,"href":"https:\/\/emailchef.com\/fr\/wp-json\/wp\/v2\/pages\/70841\/revisions\/70843"}],"up":[{"embeddable":true,"href":"https:\/\/emailchef.com\/fr\/wp-json\/wp\/v2\/pages\/1193"}],"wp:attachment":[{"href":"https:\/\/emailchef.com\/fr\/wp-json\/wp\/v2\/media?parent=70841"}],"wp:term":[{"taxonomy":"g1_relation_tag","embeddable":true,"href":"https:\/\/emailchef.com\/fr\/wp-json\/wp\/v2\/g1_relation_tag?post=70841"}],"curies":[{"name":"wp","href":"https:\/\/api.w.org\/{rel}","templated":true}]}}