{"id":70790,"date":"2024-02-05T09:16:47","date_gmt":"2024-02-05T09:16:47","guid":{"rendered":"https:\/\/emailchef.com\/?page_id=70790"},"modified":"2024-03-04T08:46:04","modified_gmt":"2024-03-04T08:46:04","slug":"comment-partager-votre-modele-avant-de-lenvoyer","status":"publish","type":"page","link":"https:\/\/emailchef.com\/fr\/base-de-connaissance\/comment-partager-votre-modele-avant-de-lenvoyer\/","title":{"rendered":"Comment partager votre mod\u00e8le avant de l&#8217;envoyer"},"content":{"rendered":"<p>Une fois que vous avez cr\u00e9\u00e9 votre mod\u00e8le, le partager avec quelqu&#8217;un n&#8217;est qu&#8217;une question de quelques clics. <\/p>\n<p>De cette fa\u00e7on, vous pouvez l&#8217;envoyer \u00e0 des clients, des coll\u00e8gues ou toute personne pouvant fournir des commentaires. Cliquez sur &#8220;<strong>Mod\u00e8les<\/strong>&#8221; dans le menu situ\u00e9 sur le c\u00f4t\u00e9 gauche de la plateforme.<\/p>\n<p><a href=\"https:\/\/emailchef.com\/wp-content\/uploads\/2024\/03\/comment_partager_votre_modele_avant_de_envoyer.png\" rel=\"lightbox\"><img decoding=\"async\" src=\"https:\/\/emailchef.com\/wp-content\/uploads\/2024\/03\/comment_partager_votre_modele_avant_de_envoyer.png\" alt=\"Menu de mod\u00e8le d'e-mail\" \/><\/a><\/p>\n<p>\u00c0 ce stade, choisissez le mod\u00e8le que vous avez cr\u00e9\u00e9, cliquez sur le symbole avec trois points situ\u00e9 en haut \u00e0 droite de votre mod\u00e8le, puis cliquez sur &#8220;<strong>Partager une mod\u00e8le<\/strong>&#8220;.<\/p>\n<p><a href=\"https:\/\/emailchef.com\/wp-content\/uploads\/2024\/03\/comment_partager_votre_modele_avant_de_envoyer_2.png\" rel=\"lightbox\"><img decoding=\"async\" src=\"https:\/\/emailchef.com\/wp-content\/uploads\/2024\/03\/comment_partager_votre_modele_avant_de_envoyer_2.png\" alt=\"Partager le mod\u00e8le d'e-mail\" \/><\/a><\/p>\n<p>Pour enregistrer le lien de r\u00e9f\u00e9rence, s\u00e9lectionnez l&#8217;option &#8220;<strong>Copier URL<\/strong>&#8220;. En le faisant, vous pouvez le partager avec les contacts que vous avez choisis pour leur montrer votre mod\u00e8le.<\/p>\n<p><a href=\"https:\/\/emailchef.com\/wp-content\/uploads\/2024\/03\/comment_partager_votre_modele_avant_de_envoyer_3.png\" rel=\"lightbox\"><img decoding=\"async\" src=\"https:\/\/emailchef.com\/wp-content\/uploads\/2024\/03\/comment_partager_votre_modele_avant_de_envoyer_3.png\" alt=\"Copier l'URL du mod\u00e8le d'e-mail partag\u00e9\" \/><\/a><\/p>\n<h2 style=\"color: #605e6f; font-weight: bold!important; font-size: 18px; text-transform: uppercase; letter-spacing: -0.7px;\">VOUS POUVEZ PARTAGER VOTRE MOD\u00c8LE AVEC TOUT LE MONDE.<\/h2>\n<p>La personne qui re\u00e7oit le lien n&#8217;a pas besoin d&#8217;avoir un compte sur Emailchef. L&#8217;aper\u00e7u de votre e-mail peut \u00eatre consult\u00e9 par toute personne \u00e0 qui vous avez fourni l&#8217;URL que vous avez copi\u00e9e.<\/p>\n<h2 style=\"color: #605e6f; font-weight: bold!important; font-size: 18px; text-transform: uppercase; letter-spacing: -0.7px;\">LE LIEN EST MIS \u00c0 JOUR EN TEMPS R\u00c9EL.<\/h2>\n<p>Le lien g\u00e9n\u00e9r\u00e9 au moment du partage sera mis \u00e0 jour en temps r\u00e9el s&#8217;il y a des modifications apport\u00e9es au mod\u00e8le, garantissant que la derni\u00e8re version soit toujours disponible.<\/p>\n<h2 style=\"color: #605e6f; font-weight: bold!important; font-size: 18px; text-transform: uppercase; letter-spacing: -0.7px;\">VOUS POUVEZ SIMULER L&#8217;APER\u00c7U SUR DIFF\u00c9RENTS APPAREILS.<\/h2>\n<p>En ouvrant le lien depuis un ordinateur, votre contact peut voir votre e-mail \u00e0 la fois dans sa version de bureau (\u00e0 gauche) et dans sa version mobile (\u00e0 droite). Cela offre un aper\u00e7u clair et imm\u00e9diat de l&#8217;apparence dans diff\u00e9rents clients de messagerie.<\/p>\n<p><a href=\"https:\/\/emailchef.com\/wp-content\/uploads\/2024\/03\/comment_partager_votre_modele_avant_de_envoyer_4.png\" rel=\"lightbox\"><img decoding=\"async\" src=\"https:\/\/emailchef.com\/wp-content\/uploads\/2024\/03\/comment_partager_votre_modele_avant_de_envoyer_4.png\" alt=\"Aper\u00e7u du mod\u00e8le d'e-mail partag\u00e9\" \/><\/a><\/p>\n","protected":false},"excerpt":{"rendered":"<p>Une fois que vous avez cr\u00e9\u00e9 votre mod\u00e8le, le partager avec quelqu&#8217;un n&#8217;est qu&#8217;une question de quelques clics. De cette fa\u00e7on, vous pouvez l&#8217;envoyer \u00e0 des clients, des coll\u00e8gues ou toute personne pouvant fournir des commentaires. Cliquez sur &#8220;Mod\u00e8les&#8221; dans le menu situ\u00e9 sur le c\u00f4t\u00e9 gauche de la plateforme. \u00c0 ce stade, choisissez le [&hellip;]<\/p>\n","protected":false},"author":1,"featured_media":0,"parent":1193,"menu_order":0,"comment_status":"closed","ping_status":"closed","template":"","meta":{"_acf_changed":false,"inline_featured_image":false,"footnotes":""},"g1_relation_tag":[],"class_list":["post-70790","page","type-page","status-publish","hentry"],"acf":[],"yoast_head":"<!-- This site is optimized with the Yoast SEO plugin v24.8.1 - https:\/\/yoast.com\/wordpress\/plugins\/seo\/ -->\n<title>Comment partager votre mod\u00e8le avant de l&#039;envoyer<\/title>\n<meta name=\"description\" content=\"Comment partager votre aper\u00e7u d&#039;e-mail avec quelqu&#039;un &gt;&gt; D\u00e9couvrez d\u00e8s maintenant comment partager votre email !\" \/>\n<meta name=\"robots\" content=\"index, follow, max-snippet:-1, max-image-preview:large, max-video-preview:-1\" \/>\n<link rel=\"canonical\" href=\"https:\/\/emailchef.com\/fr\/base-de-connaissance\/comment-partager-votre-modele-avant-de-lenvoyer\/\" \/>\n<!-- \/ Yoast SEO plugin. -->","yoast_head_json":{"title":"Comment partager votre mod\u00e8le avant de l'envoyer","description":"Comment partager votre aper\u00e7u d'e-mail avec quelqu'un >> D\u00e9couvrez d\u00e8s maintenant comment partager votre email !","robots":{"index":"index","follow":"follow","max-snippet":"max-snippet:-1","max-image-preview":"max-image-preview:large","max-video-preview":"max-video-preview:-1"},"canonical":"https:\/\/emailchef.com\/fr\/base-de-connaissance\/comment-partager-votre-modele-avant-de-lenvoyer\/","schema":{"@context":"https:\/\/schema.org","@graph":[{"@type":"WebPage","@id":"https:\/\/emailchef.com\/fr\/base-de-connaissance\/comment-partager-votre-modele-avant-de-lenvoyer\/","url":"https:\/\/emailchef.com\/fr\/base-de-connaissance\/comment-partager-votre-modele-avant-de-lenvoyer\/","name":"Comment partager votre mod\u00e8le avant de l'envoyer","isPartOf":{"@id":"https:\/\/emailchef.com\/fr\/#website"},"primaryImageOfPage":{"@id":"https:\/\/emailchef.com\/fr\/base-de-connaissance\/comment-partager-votre-modele-avant-de-lenvoyer\/#primaryimage"},"image":{"@id":"https:\/\/emailchef.com\/fr\/base-de-connaissance\/comment-partager-votre-modele-avant-de-lenvoyer\/#primaryimage"},"thumbnailUrl":"https:\/\/emailchef.com\/wp-content\/uploads\/2024\/03\/comment_partager_votre_modele_avant_de_envoyer.png","datePublished":"2024-02-05T09:16:47+00:00","dateModified":"2024-03-04T08:46:04+00:00","description":"Comment partager votre aper\u00e7u d'e-mail avec quelqu'un >> D\u00e9couvrez d\u00e8s maintenant comment partager votre email !","breadcrumb":{"@id":"https:\/\/emailchef.com\/fr\/base-de-connaissance\/comment-partager-votre-modele-avant-de-lenvoyer\/#breadcrumb"},"inLanguage":"fr-FR","potentialAction":[{"@type":"ReadAction","target":["https:\/\/emailchef.com\/fr\/base-de-connaissance\/comment-partager-votre-modele-avant-de-lenvoyer\/"]}]},{"@type":"ImageObject","inLanguage":"fr-FR","@id":"https:\/\/emailchef.com\/fr\/base-de-connaissance\/comment-partager-votre-modele-avant-de-lenvoyer\/#primaryimage","url":"https:\/\/emailchef.com\/wp-content\/uploads\/2024\/03\/comment_partager_votre_modele_avant_de_envoyer.png","contentUrl":"https:\/\/emailchef.com\/wp-content\/uploads\/2024\/03\/comment_partager_votre_modele_avant_de_envoyer.png"},{"@type":"BreadcrumbList","@id":"https:\/\/emailchef.com\/fr\/base-de-connaissance\/comment-partager-votre-modele-avant-de-lenvoyer\/#breadcrumb","itemListElement":[{"@type":"ListItem","position":1,"name":"Home","item":"https:\/\/emailchef.com\/fr\/mailchef-email-marketing-emailing-et-envoi-newsletter\/"},{"@type":"ListItem","position":2,"name":"Base de connaissance","item":"https:\/\/emailchef.com\/fr\/base-de-connaissance\/"},{"@type":"ListItem","position":3,"name":"Comment partager votre mod\u00e8le avant de l&rsquo;envoyer"}]},{"@type":"WebSite","@id":"https:\/\/emailchef.com\/fr\/#website","url":"https:\/\/emailchef.com\/fr\/","name":"Emailchef","description":"Recettes go\u00fbteuses pour vos emails","publisher":{"@id":"https:\/\/emailchef.com\/fr\/#organization"},"potentialAction":[{"@type":"SearchAction","target":{"@type":"EntryPoint","urlTemplate":"https:\/\/emailchef.com\/fr\/?s={search_term_string}"},"query-input":{"@type":"PropertyValueSpecification","valueRequired":true,"valueName":"search_term_string"}}],"inLanguage":"fr-FR"},{"@type":"Organization","@id":"https:\/\/emailchef.com\/fr\/#organization","name":"Delivery Tech Corp.","url":"https:\/\/emailchef.com\/fr\/","logo":{"@type":"ImageObject","inLanguage":"fr-FR","@id":"https:\/\/emailchef.com\/fr\/#\/schema\/logo\/image\/","url":"https:\/\/emailchef.com\/wp-content\/uploads\/2022\/04\/logo-sama.png","contentUrl":"https:\/\/emailchef.com\/wp-content\/uploads\/2022\/04\/logo-sama.png","width":237,"height":80,"caption":"Delivery Tech Corp."},"image":{"@id":"https:\/\/emailchef.com\/fr\/#\/schema\/logo\/image\/"}}]}},"_links":{"self":[{"href":"https:\/\/emailchef.com\/fr\/wp-json\/wp\/v2\/pages\/70790"}],"collection":[{"href":"https:\/\/emailchef.com\/fr\/wp-json\/wp\/v2\/pages"}],"about":[{"href":"https:\/\/emailchef.com\/fr\/wp-json\/wp\/v2\/types\/page"}],"author":[{"embeddable":true,"href":"https:\/\/emailchef.com\/fr\/wp-json\/wp\/v2\/users\/1"}],"replies":[{"embeddable":true,"href":"https:\/\/emailchef.com\/fr\/wp-json\/wp\/v2\/comments?post=70790"}],"version-history":[{"count":2,"href":"https:\/\/emailchef.com\/fr\/wp-json\/wp\/v2\/pages\/70790\/revisions"}],"predecessor-version":[{"id":70828,"href":"https:\/\/emailchef.com\/fr\/wp-json\/wp\/v2\/pages\/70790\/revisions\/70828"}],"up":[{"embeddable":true,"href":"https:\/\/emailchef.com\/fr\/wp-json\/wp\/v2\/pages\/1193"}],"wp:attachment":[{"href":"https:\/\/emailchef.com\/fr\/wp-json\/wp\/v2\/media?parent=70790"}],"wp:term":[{"taxonomy":"g1_relation_tag","embeddable":true,"href":"https:\/\/emailchef.com\/fr\/wp-json\/wp\/v2\/g1_relation_tag?post=70790"}],"curies":[{"name":"wp","href":"https:\/\/api.w.org\/{rel}","templated":true}]}}