{"id":70682,"date":"2023-10-31T08:21:09","date_gmt":"2023-10-31T08:21:09","guid":{"rendered":"https:\/\/emailchef.com\/?page_id=70682"},"modified":"2024-03-01T10:24:13","modified_gmt":"2024-03-01T10:24:13","slug":"comment-creer-une-adresse-e-mail-avec-un-domaine-personnalise-si-vous-avez-deja-un-domaine-web","status":"publish","type":"page","link":"https:\/\/emailchef.com\/fr\/base-de-connaissance\/comment-creer-une-adresse-e-mail-avec-un-domaine-personnalise-si-vous-avez-deja-un-domaine-web\/","title":{"rendered":"Comment cr\u00e9er une adresse e-mail avec un domaine personnalis\u00e9 si vous avez d\u00e9j\u00e0 un domaine web"},"content":{"rendered":"<h2 style=\"font-style: italic; font-size: 26px; margin-top: 0px;\">Voici toutes les guides des principaux fournisseurs de domaines pour vous aider \u00e0 cr\u00e9er une adresse e-mail personnalis\u00e9e.<\/h2>\n<p>Une adresse e-mail avec un domaine personnalis\u00e9 est essentielle pour toute strat\u00e9gie en ligne. Elle garantit que votre entreprise soit per\u00e7ue comme s\u00e9rieuse et fiable, et r\u00e9duit le risque que vos e-mails soient marqu\u00e9s comme spam.<\/p>\n<p>Mais comment pouvez-vous cr\u00e9er une adresse e-mail personnalis\u00e9e en utilisant votre domaine et votre fournisseur de domaine actuel?<\/p>\n<p>Ci-dessous, vous trouverez les guides pour cr\u00e9er des adresses e-mail avec un domaine personnalis\u00e9 chez chacun des principaux fournisseurs de domaines. Il vous suffit de cliquer sur le nom de votre fournisseur pour ouvrir le guide complet.<\/p>\n<ul>\n<li><a href=\"https:\/\/www.godaddy.com\/resources\/skills\/how-to-use-a-custom-domain-name-for-email\" target=\"_blank\" rel=\"nofollow noopener\" title=\"Comment cr\u00e9er une adresse e-mail avec un domaine personnalis\u00e9 sur Godaddy\">GoDaddy<\/a><\/li>\n<li><a href=\"https:\/\/www.ionos.com\/digitalguide\/e-mail\/technical-matters\/reasons-to-get-your-own-email-domain\/\" target=\"_blank\" rel=\"nofollow noopener\" title=\"Comment cr\u00e9er une adresse e-mail avec un domaine personnalis\u00e9 sur Ionos\">Ionos<\/a><\/li>\n<li><a href=\"https:\/\/www.namecheap.com\/support\/knowledgebase\/article.aspx\/1049\/2215\/how-to-create-namecheap-private-email-mailbox\/\" target=\"_blank\" rel=\"nofollow noopener\" title=\"Comment cr\u00e9er une adresse e-mail avec un domaine personnalis\u00e9 sur Namecheap\">Namecheap<\/a><\/li>\n<li><a href=\"https:\/\/www.hostgator.com\/help\/article\/how-do-i-create-email-accounts-in-cpanel\" target=\"_blank\" rel=\"nofollow noopener\" title=\"Comment cr\u00e9er une adresse e-mail avec un domaine personnalis\u00e9 sur Hostgator\">Hostgator<\/a><\/li>\n<li><a href=\"https:\/\/www.bluehost.com\/help\/article\/email-account-management\" target=\"_blank\" rel=\"nofollow noopener\" title=\"Comment cr\u00e9er une adresse e-mail avec un domaine personnalis\u00e9 sur Bluehost\">Bluehost<\/a><\/li>\n<li><a href=\"https:\/\/www.hover.com\/email\" target=\"_blank\" rel=\"nofollow noopener\" title=\"Comment cr\u00e9er une adresse e-mail avec un domaine personnalis\u00e9 sur Hover\">Hover<\/a><\/li>\n<li><a href=\"https:\/\/www.name.com\/blog\/tutorial-creating-your-first-email-address-with-name-com-email\" target=\"_blank\" rel=\"nofollow noopener\" title=\"Comment cr\u00e9er une adresse e-mail avec un domaine personnalis\u00e9 sur Name.com\">Name.com<\/a><\/li>\n<\/ul>\n","protected":false},"excerpt":{"rendered":"<p>Voici toutes les guides des principaux fournisseurs de domaines pour vous aider \u00e0 cr\u00e9er une adresse e-mail personnalis\u00e9e. Une adresse e-mail avec un domaine personnalis\u00e9 est essentielle pour toute strat\u00e9gie en ligne. Elle garantit que votre entreprise soit per\u00e7ue comme s\u00e9rieuse et fiable, et r\u00e9duit le risque que vos e-mails soient marqu\u00e9s comme spam. Mais [&hellip;]<\/p>\n","protected":false},"author":1,"featured_media":0,"parent":1193,"menu_order":0,"comment_status":"closed","ping_status":"closed","template":"","meta":{"_acf_changed":false,"inline_featured_image":false,"footnotes":""},"g1_relation_tag":[],"class_list":["post-70682","page","type-page","status-publish","hentry"],"acf":[],"yoast_head":"<!-- This site is optimized with the Yoast SEO plugin v24.8.1 - https:\/\/yoast.com\/wordpress\/plugins\/seo\/ -->\n<title>Comment cr\u00e9er une adresse e-mail avec un domaine personnalis\u00e9<\/title>\n<meta name=\"description\" content=\"Guide pour cr\u00e9er votre adresse e-mail en utilisant votre propre domaine &gt;&gt; D\u00e9couvrez comment\u00a0: lisez le guide maintenant\u00a0!\" \/>\n<meta name=\"robots\" content=\"index, follow, max-snippet:-1, max-image-preview:large, max-video-preview:-1\" \/>\n<link rel=\"canonical\" href=\"https:\/\/emailchef.com\/fr\/base-de-connaissance\/comment-creer-une-adresse-e-mail-avec-un-domaine-personnalise-si-vous-avez-deja-un-domaine-web\/\" \/>\n<!-- \/ Yoast SEO plugin. -->","yoast_head_json":{"title":"Comment cr\u00e9er une adresse e-mail avec un domaine personnalis\u00e9","description":"Guide pour cr\u00e9er votre adresse e-mail en utilisant votre propre domaine >> D\u00e9couvrez comment\u00a0: lisez le guide maintenant\u00a0!","robots":{"index":"index","follow":"follow","max-snippet":"max-snippet:-1","max-image-preview":"max-image-preview:large","max-video-preview":"max-video-preview:-1"},"canonical":"https:\/\/emailchef.com\/fr\/base-de-connaissance\/comment-creer-une-adresse-e-mail-avec-un-domaine-personnalise-si-vous-avez-deja-un-domaine-web\/","schema":{"@context":"https:\/\/schema.org","@graph":[{"@type":"WebPage","@id":"https:\/\/emailchef.com\/fr\/base-de-connaissance\/comment-creer-une-adresse-e-mail-avec-un-domaine-personnalise-si-vous-avez-deja-un-domaine-web\/","url":"https:\/\/emailchef.com\/fr\/base-de-connaissance\/comment-creer-une-adresse-e-mail-avec-un-domaine-personnalise-si-vous-avez-deja-un-domaine-web\/","name":"Comment cr\u00e9er une adresse e-mail avec un domaine personnalis\u00e9","isPartOf":{"@id":"https:\/\/emailchef.com\/fr\/#website"},"datePublished":"2023-10-31T08:21:09+00:00","dateModified":"2024-03-01T10:24:13+00:00","description":"Guide pour cr\u00e9er votre adresse e-mail en utilisant votre propre domaine >> D\u00e9couvrez comment\u00a0: lisez le guide maintenant\u00a0!","breadcrumb":{"@id":"https:\/\/emailchef.com\/fr\/base-de-connaissance\/comment-creer-une-adresse-e-mail-avec-un-domaine-personnalise-si-vous-avez-deja-un-domaine-web\/#breadcrumb"},"inLanguage":"fr-FR","potentialAction":[{"@type":"ReadAction","target":["https:\/\/emailchef.com\/fr\/base-de-connaissance\/comment-creer-une-adresse-e-mail-avec-un-domaine-personnalise-si-vous-avez-deja-un-domaine-web\/"]}]},{"@type":"BreadcrumbList","@id":"https:\/\/emailchef.com\/fr\/base-de-connaissance\/comment-creer-une-adresse-e-mail-avec-un-domaine-personnalise-si-vous-avez-deja-un-domaine-web\/#breadcrumb","itemListElement":[{"@type":"ListItem","position":1,"name":"Home","item":"https:\/\/emailchef.com\/fr\/mailchef-email-marketing-emailing-et-envoi-newsletter\/"},{"@type":"ListItem","position":2,"name":"Base de connaissance","item":"https:\/\/emailchef.com\/fr\/base-de-connaissance\/"},{"@type":"ListItem","position":3,"name":"Comment cr\u00e9er une adresse e-mail avec un domaine personnalis\u00e9 si vous avez d\u00e9j\u00e0 un domaine web"}]},{"@type":"WebSite","@id":"https:\/\/emailchef.com\/fr\/#website","url":"https:\/\/emailchef.com\/fr\/","name":"Emailchef","description":"Recettes go\u00fbteuses pour vos emails","publisher":{"@id":"https:\/\/emailchef.com\/fr\/#organization"},"potentialAction":[{"@type":"SearchAction","target":{"@type":"EntryPoint","urlTemplate":"https:\/\/emailchef.com\/fr\/?s={search_term_string}"},"query-input":{"@type":"PropertyValueSpecification","valueRequired":true,"valueName":"search_term_string"}}],"inLanguage":"fr-FR"},{"@type":"Organization","@id":"https:\/\/emailchef.com\/fr\/#organization","name":"Delivery Tech Corp.","url":"https:\/\/emailchef.com\/fr\/","logo":{"@type":"ImageObject","inLanguage":"fr-FR","@id":"https:\/\/emailchef.com\/fr\/#\/schema\/logo\/image\/","url":"https:\/\/emailchef.com\/wp-content\/uploads\/2022\/04\/logo-sama.png","contentUrl":"https:\/\/emailchef.com\/wp-content\/uploads\/2022\/04\/logo-sama.png","width":237,"height":80,"caption":"Delivery Tech Corp."},"image":{"@id":"https:\/\/emailchef.com\/fr\/#\/schema\/logo\/image\/"}}]}},"_links":{"self":[{"href":"https:\/\/emailchef.com\/fr\/wp-json\/wp\/v2\/pages\/70682"}],"collection":[{"href":"https:\/\/emailchef.com\/fr\/wp-json\/wp\/v2\/pages"}],"about":[{"href":"https:\/\/emailchef.com\/fr\/wp-json\/wp\/v2\/types\/page"}],"author":[{"embeddable":true,"href":"https:\/\/emailchef.com\/fr\/wp-json\/wp\/v2\/users\/1"}],"replies":[{"embeddable":true,"href":"https:\/\/emailchef.com\/fr\/wp-json\/wp\/v2\/comments?post=70682"}],"version-history":[{"count":2,"href":"https:\/\/emailchef.com\/fr\/wp-json\/wp\/v2\/pages\/70682\/revisions"}],"predecessor-version":[{"id":70684,"href":"https:\/\/emailchef.com\/fr\/wp-json\/wp\/v2\/pages\/70682\/revisions\/70684"}],"up":[{"embeddable":true,"href":"https:\/\/emailchef.com\/fr\/wp-json\/wp\/v2\/pages\/1193"}],"wp:attachment":[{"href":"https:\/\/emailchef.com\/fr\/wp-json\/wp\/v2\/media?parent=70682"}],"wp:term":[{"taxonomy":"g1_relation_tag","embeddable":true,"href":"https:\/\/emailchef.com\/fr\/wp-json\/wp\/v2\/g1_relation_tag?post=70682"}],"curies":[{"name":"wp","href":"https:\/\/api.w.org\/{rel}","templated":true}]}}