{"id":6886,"date":"2018-05-09T14:43:26","date_gmt":"2018-05-09T14:43:26","guid":{"rendered":"https:\/\/emailchef.com\/?page_id=6886"},"modified":"2018-07-13T13:01:32","modified_gmt":"2018-07-13T13:01:32","slug":"regulation-eu-2016-679-rgpd","status":"publish","type":"page","link":"https:\/\/emailchef.com\/fr\/regulation-eu-2016-679-rgpd\/","title":{"rendered":"Regulation (EU) 2016\/679 &#8211; RGPD"},"content":{"rendered":"\n<p><strong>Prot\u00e9ger la vie priv\u00e9e de nos utilisateurs est \u00e0 nos yeux une priorit\u00e9<\/strong>, et c&#8217;est pourquoi nous prenons les meilleures mesures et les meilleures pratiques en mati\u00e8re de protection des donn\u00e9es. Notre travail est bas\u00e9 sur la protection de la vie priv\u00e9e d\u00e8s la conception.<\/p>\n<p>Notre soci\u00e9t\u00e9 a d\u00e9j\u00e0 relev\u00e9 nos standards, en conformit\u00e9 avec le <strong>RGPD<\/strong> (R\u00e8glement g\u00e9n\u00e9ral sur la protection des donn\u00e9es). Pour nous, il s&#8217;agit d&#8217;une \u00e9tape importante pour assurer <strong>une plus grande s\u00e9curit\u00e9 \u00e0 vos donn\u00e9es<\/strong>.<\/p>\n<p>Nous souhaitons partager avec vous <strong>ce que nous avons r\u00e9alis\u00e9 pour assurer plus de s\u00e9curit\u00e9<\/strong>. En outre, nous souhaitons vous aider \u00e0 <strong>\u00eatre en conformit\u00e9 avec le RGPD<\/strong>.<\/p>\n<p>Si vous voulez examiner les concepts de base du RGPD, vous pouvez consulter <a href=\"https:\/\/emailchef.com\/fr\/rgpd-concepts-de-base\/\"><strong>notre guide<\/strong><\/a>, \u00e9crit sp\u00e9cialement pour vous.<\/p>\n<div class=\"g1-space\" style=\"height: 30px;\"><\/div>\n<h2>Vos donn\u00e9es sont en s\u00e9curit\u00e9 avec nous.<\/h2>\n<p>Il y a quelque temps, notre \u00e9quipe a apport\u00e9 quelques am\u00e9liorations pour prot\u00e9ger vos donn\u00e9es et votre vie priv\u00e9e. Par cons\u00e9quent, nous sommes d\u00e9j\u00e0 parfaitement en accord avec le RGPD.<\/p>\n<p><strong>En effet, nous v\u00e9rifions r\u00e9guli\u00e8rement l&#8217;efficacit\u00e9<\/strong> et l&#8217;ad\u00e9quation des mesures adopt\u00e9es et ex\u00e9cut\u00e9es, dans le respect et afin de garantir la protection des bases de donn\u00e9es, des droits et libert\u00e9s fondamentales des personnes et l&#8217;application du traitement des donn\u00e9es par ceux qui utilisent nos services.<\/p>\n<p>Dans le tableau ci-dessous, vous trouverez tous les d\u00e9tails sur les travaux effectu\u00e9s qui vous permettent d&#8217;utiliser nos produits et services en toute s\u00e9curit\u00e9.<\/p>\n<div id=\"\" class=\"g1-table g1-table--solid \">\n<table width=\"100%\">\n<tbody>\n<tr>\n<td align=\"left\" valign=\"center\">Nous avons nomm\u00e9 un D\u00e9l\u00e9gu\u00e9 \u00e0 la protection des donn\u00e9es<\/td>\n<td align=\"center\" valign=\"top\" width=\"100px\"><i id=\"\" class=\"fa fa-check-square g1-icon g1-icon--none g1-icon--medium g1-icon--inherit \" ><\/i><\/td>\n<\/tr>\n<tr>\n<td align=\"left\" valign=\"center\">Nous avons form\u00e9 une \u00e9quipe impliqu\u00e9e dans le traitement des donn\u00e9es et les activit\u00e9s de contr\u00f4le connexes<\/td>\n<td align=\"center\" valign=\"top\" width=\"100px\"><i id=\"\" class=\"fa fa-check-square g1-icon g1-icon--none g1-icon--medium g1-icon--inherit \" ><\/i><\/td>\n<\/tr>\n<tr>\n<td align=\"left\" valign=\"center\">Notre politique sur les droits de la Personne concern\u00e9e et les proc\u00e9dures de preuve du consentement pour traiter les donn\u00e9es ont \u00e9t\u00e9 mises \u00e0 jour<\/td>\n<td align=\"center\" valign=\"top\" width=\"100px\"><i id=\"\" class=\"fa fa-check-square g1-icon g1-icon--none g1-icon--medium g1-icon--inherit \" ><\/i><\/td>\n<\/tr>\n<tr>\n<td align=\"left\" valign=\"center\">Nous avons cr\u00e9\u00e9 une divulgation d\u00e9taill\u00e9e et ad\u00e9quate au RGPD, facile \u00e0 comprendre, afin de permettre aux Personnes concern\u00e9es de savoir comment exercer leurs droits<\/td>\n<td align=\"center\" valign=\"top\" width=\"100px\"><i id=\"\" class=\"fa fa-check-square g1-icon g1-icon--none g1-icon--medium g1-icon--inherit \" ><\/i><\/td>\n<\/tr>\n<tr>\n<td align=\"left\" valign=\"center\">En cas de violation des donn\u00e9es personnelles, nos proc\u00e9dures de r\u00e9ponse sont rapides et se d\u00e9roulent sans d\u00e9lai apr\u00e8s la d\u00e9tection de l&#8217;anomalie<\/td>\n<td align=\"center\" valign=\"top\" width=\"100px\"><i id=\"\" class=\"fa fa-check-square g1-icon g1-icon--none g1-icon--medium g1-icon--inherit \" ><\/i><\/td>\n<\/tr>\n<tr>\n<td align=\"left\" valign=\"center\">Nous avons proc\u00e9d\u00e9 au DPIA, qui est l&#8217;\u00e9valuation de l&#8217;impact sur la protection des donn\u00e9es<\/td>\n<td align=\"center\" valign=\"top\" width=\"100px\"><i id=\"\" class=\"fa fa-check-square g1-icon g1-icon--none g1-icon--medium g1-icon--inherit \" ><\/i><\/td>\n<\/tr>\n<tr>\n<td align=\"left\" valign=\"center\">Nous avons appliqu\u00e9 les principes du RGPD sur diff\u00e9rents aspects du traitement des donn\u00e9es : activit\u00e9s, objectifs, description des cat\u00e9gories de destinataires et \u00e9ventuels transferts de donn\u00e9es<\/td>\n<td align=\"center\" valign=\"top\" width=\"100px\"><i id=\"\" class=\"fa fa-check-square g1-icon g1-icon--none g1-icon--medium g1-icon--inherit \" ><\/i><\/td>\n<\/tr>\n<tr>\n<td align=\"left\" valign=\"center\">Nos mesures techniques et organisationnelles ont \u00e9t\u00e9 consolid\u00e9es<\/td>\n<td align=\"center\" valign=\"top\" width=\"100px\"><i id=\"\" class=\"fa fa-check-square g1-icon g1-icon--none g1-icon--medium g1-icon--inherit \" ><\/i><\/td>\n<\/tr>\n<tr>\n<td align=\"left\" valign=\"center\">Nous garantissons le droit \u00e0 la transf\u00e9rabilit\u00e9 des donn\u00e9es \u00e0 partir et vers des syst\u00e8mes tiers<\/td>\n<td align=\"center\" valign=\"top\" width=\"100px\"><i id=\"\" class=\"fa fa-check-square g1-icon g1-icon--none g1-icon--medium g1-icon--inherit \" ><\/i><\/td>\n<\/tr>\n<tr>\n<td align=\"left\" valign=\"center\">Le niveau de protection pour le transfert de donn\u00e9es vers les pays hors UE a \u00e9t\u00e9 renforc\u00e9 avec des protocoles ad\u00e9quats<\/td>\n<td align=\"center\" valign=\"top\" width=\"100px\"><i id=\"\" class=\"fa fa-check-square g1-icon g1-icon--none g1-icon--medium g1-icon--inherit \" ><\/i><\/td>\n<\/tr>\n<tr>\n<td align=\"left\" valign=\"center\">Il y a longtemps, nous avons adopt\u00e9 le principe de la protection de la vie priv\u00e9e d\u00e8s la conception, afin de mettre en \u0153uvre efficacement les principes de RGPD en mati\u00e8re de protection des donn\u00e9es et de traitement des donn\u00e9es<\/td>\n<td align=\"center\" valign=\"top\" width=\"100px\"><i id=\"\" class=\"fa fa-check-square g1-icon g1-icon--none g1-icon--medium g1-icon--inherit \" ><\/i><\/td>\n<\/tr>\n<tr>\n<td align=\"left\" valign=\"center\">Le 24 mai 2018, nous publierons la nouvelle divulgation<\/td>\n<td align=\"center\" valign=\"top\" width=\"100px\"><i id=\"\" class=\"fa fa-check-square g1-icon g1-icon--none g1-icon--medium g1-icon--inherit \" ><\/i><\/td>\n<\/tr>\n<\/tbody>\n<\/table>\n<\/div>\n<div class=\"g1-space\" style=\"height: 30px;\"><\/div>\n<h2>Comment \u00eatre en conformit\u00e9 avec le RGPD<\/h2>\n<p><strong>Vous \u00eates le contr\u00f4leur du traitement de vos donn\u00e9es personnelles<\/strong> et Emailchef traite les donn\u00e9es personnelles en votre nom.<\/p>\n<p>Pour vous aider dans vos activit\u00e9s, nous vous proposons les outils les plus s\u00fbrs et les plus fiables, conformes au RGPD.<\/p>\n<p>Nous vous invitons \u00e0 prendre connaissance des conseils suivants afin que vous sachiez quoi faire pour vous conformer aux nouvelles dispositions sur la protection de la vie priv\u00e9e et comment utiliser correctement Emailchef :<\/p>\n\n<ul id=\"\" class=\"g1-list g1-list--icon g1-list--simple \">\n<li><i class=\"fa fa-arrow-right g1-list__icon\"><\/i><strong>Prot\u00e9gez votre PC gr\u00e2ce \u00e0 un mot de passe et un antivirus<\/strong> : personne d&#8217;autre ne peut avoir acc\u00e8s \u00e0 vos donn\u00e9es<\/li>\n<li><i class=\"fa fa-arrow-right g1-list__icon\"><\/i>Nous vous sugg\u00e9rons de <strong>changer r\u00e9guli\u00e8rement votre mot de passe de connexion<\/strong><\/li>\n<li><i class=\"fa fa-arrow-right g1-list__icon\"><\/i><strong>Vos listes de courriels ne doivent contenir que des contacts v\u00e9rifi\u00e9s<\/strong> de ceux qui ont donn\u00e9 le<strong> consentement \u00e9clair\u00e9 des donn\u00e9es<\/strong><\/li>\n<li><i class=\"fa fa-arrow-right g1-list__icon\"><\/i>Vous devrez <strong>pr\u00eater attention \u00e0 nos nouvelles conditions de traitement des donn\u00e9es<\/strong>, mises \u00e0 jour pour \u00eatre en conformit\u00e9 avec le RGPD<\/li>\n<li><i class=\"fa fa-arrow-right g1-list__icon\"><\/i>Vous devez fournir \u00e0 vos clients et\/ou utilisateurs les informations ad\u00e9quates et mises \u00e0 jour <strong>conform\u00e9ment au RGPD<\/strong><\/li>\n<li><i class=\"fa fa-arrow-right g1-list__icon\"><\/i>Lorsque vous exportez vos donn\u00e9es depuis Emailchef,<strong> assurez-vous<\/strong> que vos donn\u00e9es sont prot\u00e9g\u00e9es !<\/li>\n<li><i class=\"fa fa-arrow-right g1-list__icon\"><\/i><strong>Si vous utilisez une API de tiers pour importer vos donn\u00e9es<\/strong>, assurez-vous d&#8217;avoir un contrat de mise \u00e0 jour sur le traitement des donn\u00e9es en conformit\u00e9 avec le RGPD<\/li>\n<li><i class=\"fa fa-arrow-right g1-list__icon\"><\/i><strong>N&#8217;envoyez pas de renseignements confidentiels<\/strong> par le biais d&#8217;une campagne de courriels<\/li>\n<\/ul>\n\n","protected":false},"excerpt":{"rendered":"<p>Prot\u00e9ger la vie priv\u00e9e de nos utilisateurs est \u00e0 nos yeux une priorit\u00e9, et c&#8217;est pourquoi nous prenons les meilleures mesures et les meilleures pratiques en mati\u00e8re de protection des donn\u00e9es. Notre travail est bas\u00e9 sur la protection de la vie priv\u00e9e d\u00e8s la conception. Notre soci\u00e9t\u00e9 a d\u00e9j\u00e0 relev\u00e9 nos standards, en conformit\u00e9 avec [&hellip;]<\/p>\n","protected":false},"author":2,"featured_media":0,"parent":0,"menu_order":0,"comment_status":"closed","ping_status":"closed","template":"","meta":{"_acf_changed":false,"inline_featured_image":false,"footnotes":""},"g1_relation_tag":[],"class_list":["post-6886","page","type-page","status-publish","hentry"],"acf":[],"yoast_head":"<!-- This site is optimized with the Yoast SEO plugin v24.8.1 - https:\/\/yoast.com\/wordpress\/plugins\/seo\/ -->\n<title>Regulation (EU) 2016\/679 - RGPD - Emailchef<\/title>\n<meta name=\"robots\" content=\"index, follow, max-snippet:-1, max-image-preview:large, max-video-preview:-1\" \/>\n<link rel=\"canonical\" href=\"https:\/\/emailchef.com\/fr\/regulation-eu-2016-679-rgpd\/\" \/>\n<meta name=\"twitter:label1\" content=\"Dur\u00e9e de lecture estim\u00e9e\" \/>\n\t<meta name=\"twitter:data1\" content=\"5 minutes\" \/>\n<!-- \/ Yoast SEO plugin. -->","yoast_head_json":{"title":"Regulation (EU) 2016\/679 - RGPD - Emailchef","robots":{"index":"index","follow":"follow","max-snippet":"max-snippet:-1","max-image-preview":"max-image-preview:large","max-video-preview":"max-video-preview:-1"},"canonical":"https:\/\/emailchef.com\/fr\/regulation-eu-2016-679-rgpd\/","twitter_misc":{"Dur\u00e9e de lecture estim\u00e9e":"5 minutes"},"schema":{"@context":"https:\/\/schema.org","@graph":[{"@type":"WebPage","@id":"https:\/\/emailchef.com\/fr\/regulation-eu-2016-679-rgpd\/","url":"https:\/\/emailchef.com\/fr\/regulation-eu-2016-679-rgpd\/","name":"Regulation (EU) 2016\/679 - RGPD - Emailchef","isPartOf":{"@id":"https:\/\/emailchef.com\/fr\/#website"},"datePublished":"2018-05-09T14:43:26+00:00","dateModified":"2018-07-13T13:01:32+00:00","breadcrumb":{"@id":"https:\/\/emailchef.com\/fr\/regulation-eu-2016-679-rgpd\/#breadcrumb"},"inLanguage":"fr-FR","potentialAction":[{"@type":"ReadAction","target":["https:\/\/emailchef.com\/fr\/regulation-eu-2016-679-rgpd\/"]}]},{"@type":"BreadcrumbList","@id":"https:\/\/emailchef.com\/fr\/regulation-eu-2016-679-rgpd\/#breadcrumb","itemListElement":[{"@type":"ListItem","position":1,"name":"Home","item":"https:\/\/emailchef.com\/fr\/mailchef-email-marketing-emailing-et-envoi-newsletter\/"},{"@type":"ListItem","position":2,"name":"Regulation (EU) 2016\/679 &#8211; RGPD"}]},{"@type":"WebSite","@id":"https:\/\/emailchef.com\/fr\/#website","url":"https:\/\/emailchef.com\/fr\/","name":"Emailchef","description":"Recettes go\u00fbteuses pour vos emails","publisher":{"@id":"https:\/\/emailchef.com\/fr\/#organization"},"potentialAction":[{"@type":"SearchAction","target":{"@type":"EntryPoint","urlTemplate":"https:\/\/emailchef.com\/fr\/?s={search_term_string}"},"query-input":{"@type":"PropertyValueSpecification","valueRequired":true,"valueName":"search_term_string"}}],"inLanguage":"fr-FR"},{"@type":"Organization","@id":"https:\/\/emailchef.com\/fr\/#organization","name":"Delivery Tech Corp.","url":"https:\/\/emailchef.com\/fr\/","logo":{"@type":"ImageObject","inLanguage":"fr-FR","@id":"https:\/\/emailchef.com\/fr\/#\/schema\/logo\/image\/","url":"https:\/\/emailchef.com\/wp-content\/uploads\/2022\/04\/logo-sama.png","contentUrl":"https:\/\/emailchef.com\/wp-content\/uploads\/2022\/04\/logo-sama.png","width":237,"height":80,"caption":"Delivery Tech Corp."},"image":{"@id":"https:\/\/emailchef.com\/fr\/#\/schema\/logo\/image\/"}}]}},"_links":{"self":[{"href":"https:\/\/emailchef.com\/fr\/wp-json\/wp\/v2\/pages\/6886"}],"collection":[{"href":"https:\/\/emailchef.com\/fr\/wp-json\/wp\/v2\/pages"}],"about":[{"href":"https:\/\/emailchef.com\/fr\/wp-json\/wp\/v2\/types\/page"}],"author":[{"embeddable":true,"href":"https:\/\/emailchef.com\/fr\/wp-json\/wp\/v2\/users\/2"}],"replies":[{"embeddable":true,"href":"https:\/\/emailchef.com\/fr\/wp-json\/wp\/v2\/comments?post=6886"}],"version-history":[{"count":4,"href":"https:\/\/emailchef.com\/fr\/wp-json\/wp\/v2\/pages\/6886\/revisions"}],"predecessor-version":[{"id":7338,"href":"https:\/\/emailchef.com\/fr\/wp-json\/wp\/v2\/pages\/6886\/revisions\/7338"}],"wp:attachment":[{"href":"https:\/\/emailchef.com\/fr\/wp-json\/wp\/v2\/media?parent=6886"}],"wp:term":[{"taxonomy":"g1_relation_tag","embeddable":true,"href":"https:\/\/emailchef.com\/fr\/wp-json\/wp\/v2\/g1_relation_tag?post=6886"}],"curies":[{"name":"wp","href":"https:\/\/api.w.org\/{rel}","templated":true}]}}