{"id":6825,"date":"2018-05-02T10:16:35","date_gmt":"2018-05-02T10:16:35","guid":{"rendered":"http:\/\/emailchef.com\/?page_id=6825"},"modified":"2018-05-02T10:16:35","modified_gmt":"2018-05-02T10:16:35","slug":"reservez-une-presentation","status":"publish","type":"page","link":"https:\/\/emailchef.com\/fr\/reservez-une-presentation\/","title":{"rendered":"R\u00e9servez une pr\u00e9sentation"},"content":{"rendered":"<ul class=\"g1-grid\"><li class=\"g1-column g1-two-fifth g1-valign-top\">\n<p>Voulez-vous qu&#8217;un de nos experts vous montre Emailchef et toute la gamme de ses fonctionnalit\u00e9s?<\/p>\n<p>Veuillez remplir le formulaire et nous vous contacterons d\u00e8s que possible.<\/p>\n<p>Nous organiserons un rendez-vous pour vous donner une pr\u00e9sentation de notre logiciel et de tous ses outils sp\u00e9cifiques \u00e0 votre cas.<\/p>\n<h4>Qu&#8217;allez-vous apprendre?<\/h4>\n\n<ul id=\"\" class=\"g1-list g1-list--icon g1-list--simple \">\n<li><i class=\"fa fa-arrow-right g1-list__icon\" style=\"color: #F47200\"><\/i>Comment importer et g\u00e9rer vos listes<\/li>\n<li><i class=\"fa fa-arrow-right g1-list__icon\" style=\"color: #F47200\"><\/i>Comment cr\u00e9er des mod\u00e8les responsive<\/li>\n<li><i class=\"fa fa-arrow-right g1-list__icon\" style=\"color: #F47200\"><\/i>Comment utiliser les fen\u00eatres de rapports<\/li>\n<li><i class=\"fa fa-arrow-right g1-list__icon\" style=\"color: #F47200\"><\/i>Comment int\u00e9grer Emailchef \u00e0 votre site Web<\/li>\n<\/ul>\n\n<div  class=\"g1-divider g1-divider--none g1-divider--noicon \"><\/div>\n<h4>Vous n&#8217;avez pas Skype?<\/h4>\n<a id=\"\" class=\"g1-button g1-button--small g1-button--solid g1-button--standard \" href=\"https:\/\/www.skype.com\/en\/download-skype\/skype-for-computer\/\" title=\"T\u00e9l\u00e9chargez Skype\" ><i class=\"fas fa-skype\"><\/i> T\u00e9l\u00e9chargez Skype gratuitement<\/a>\n<\/li><!-- -->\n<li class=\"g1-column g1-three-fifth g1-valign-top\">\n\n<div class=\"wpcf7 no-js\" id=\"wpcf7-f6826-o1\" lang=\"it-IT\" dir=\"ltr\" data-wpcf7-id=\"6826\">\n<div class=\"screen-reader-response\"><p role=\"status\" aria-live=\"polite\" aria-atomic=\"true\"><\/p> <ul><\/ul><\/div>\n<form action=\"\/fr\/wp-json\/wp\/v2\/pages\/6825#wpcf7-f6826-o1\" method=\"post\" class=\"wpcf7-form init wpcf7-acceptance-as-validation\" aria-label=\"Modulo di contatto\" novalidate=\"novalidate\" data-status=\"init\">\n<div style=\"display: none;\">\n<input type=\"hidden\" name=\"_wpcf7\" value=\"6826\" \/>\n<input type=\"hidden\" name=\"_wpcf7_version\" value=\"6.0.6\" \/>\n<input type=\"hidden\" name=\"_wpcf7_locale\" value=\"it_IT\" \/>\n<input type=\"hidden\" name=\"_wpcf7_unit_tag\" value=\"wpcf7-f6826-o1\" \/>\n<input type=\"hidden\" name=\"_wpcf7_container_post\" value=\"0\" \/>\n<input type=\"hidden\" name=\"_wpcf7_posted_data_hash\" value=\"\" \/>\n<input type=\"hidden\" name=\"_wpcf7_recaptcha_response\" value=\"\" \/>\n<\/div>\n<p>Nom et pr\u00e9nom (requis)\n<\/p>\n<p><span class=\"wpcf7-form-control-wrap\" data-name=\"your-name\"><input size=\"40\" maxlength=\"400\" class=\"wpcf7-form-control wpcf7-text wpcf7-validates-as-required\" aria-required=\"true\" aria-invalid=\"false\" value=\"\" type=\"text\" name=\"your-name\" \/><\/span>\n<\/p>\n<p>Soci\u00e9t\u00e9 (requis)\n<\/p>\n<p><span class=\"wpcf7-form-control-wrap\" data-name=\"your-company\"><input size=\"40\" maxlength=\"400\" class=\"wpcf7-form-control wpcf7-text wpcf7-validates-as-required\" aria-required=\"true\" aria-invalid=\"false\" value=\"\" type=\"text\" name=\"your-company\" \/><\/span>\n<\/p>\n<p>Email (requis)\n<\/p>\n<p><span class=\"wpcf7-form-control-wrap\" data-name=\"your-email\"><input size=\"40\" maxlength=\"400\" class=\"wpcf7-form-control wpcf7-email wpcf7-validates-as-required wpcf7-text wpcf7-validates-as-email\" aria-required=\"true\" aria-invalid=\"false\" value=\"\" type=\"email\" name=\"your-email\" \/><\/span>\n<\/p>\n<p>Site Web (requis)\n<\/p>\n<p><span class=\"wpcf7-form-control-wrap\" data-name=\"your-website\"><input size=\"40\" maxlength=\"400\" class=\"wpcf7-form-control wpcf7-url wpcf7-validates-as-required wpcf7-text wpcf7-validates-as-url\" aria-required=\"true\" aria-invalid=\"false\" value=\"\" type=\"url\" name=\"your-website\" \/><\/span>\n<\/p>\n<p>T\u00e9l\u00e9phone (requis)\n<\/p>\n<p><span class=\"wpcf7-form-control-wrap\" data-name=\"your-telephone\"><input size=\"40\" maxlength=\"400\" class=\"wpcf7-form-control wpcf7-tel wpcf7-validates-as-required wpcf7-text wpcf7-validates-as-tel\" aria-required=\"true\" aria-invalid=\"false\" value=\"\" type=\"tel\" name=\"your-telephone\" \/><\/span>\n<\/p>\n<p>Utilisateur Skype (requis)\n<\/p>\n<p><span class=\"wpcf7-form-control-wrap\" data-name=\"your-skype\"><input size=\"40\" maxlength=\"400\" class=\"wpcf7-form-control wpcf7-text wpcf7-validates-as-required\" aria-required=\"true\" aria-invalid=\"false\" value=\"\" type=\"text\" name=\"your-skype\" \/><\/span>\n<\/p>\n<div class=\"contact-form-recaptcha\">\n\n<\/div>\n<div class=\"contact-form-checkboxes\">\n\t<p><span class=\"wpcf7-form-control-wrap\" data-name=\"your-acceptance\"><span class=\"wpcf7-form-control wpcf7-acceptance\"><span class=\"wpcf7-list-item\"><input type=\"checkbox\" name=\"your-acceptance\" value=\"1\" aria-invalid=\"false\" \/><\/span><\/span><\/span> J'ai lu et j'accepte la <a href=\"\/fr\/politique-de-confidentialite\/\/\" target=\"_blank\">politique de confidentialit\u00e9<\/a>\n\t<\/p>\n<\/div>\n<p><input class=\"wpcf7-form-control wpcf7-submit has-spinner\" type=\"submit\" value=\"R\u00e9server Pr\u00e9sentation\" \/>\n<\/p><div class=\"wpcf7-response-output\" aria-hidden=\"true\"><\/div>\n<\/form>\n<\/div>\n\n<\/li><!-- --><\/ul>\n","protected":false},"excerpt":{"rendered":"","protected":false},"author":2,"featured_media":0,"parent":0,"menu_order":34,"comment_status":"closed","ping_status":"closed","template":"g1_template_page_full.php","meta":{"_acf_changed":false,"inline_featured_image":false,"footnotes":""},"g1_relation_tag":[],"class_list":["post-6825","page","type-page","status-publish","hentry"],"acf":[],"yoast_head":"<!-- This site is optimized with the Yoast SEO plugin v24.8.1 - https:\/\/yoast.com\/wordpress\/plugins\/seo\/ -->\n<title>R\u00e9servez une pr\u00e9sentation - Emailchef<\/title>\n<meta name=\"robots\" content=\"index, follow, max-snippet:-1, max-image-preview:large, max-video-preview:-1\" \/>\n<link rel=\"canonical\" href=\"https:\/\/emailchef.com\/fr\/reservez-une-presentation\/\" \/>\n<meta name=\"twitter:label1\" content=\"Dur\u00e9e de lecture estim\u00e9e\" \/>\n\t<meta name=\"twitter:data1\" content=\"1 minute\" \/>\n<!-- \/ Yoast SEO plugin. -->","yoast_head_json":{"title":"R\u00e9servez une pr\u00e9sentation - Emailchef","robots":{"index":"index","follow":"follow","max-snippet":"max-snippet:-1","max-image-preview":"max-image-preview:large","max-video-preview":"max-video-preview:-1"},"canonical":"https:\/\/emailchef.com\/fr\/reservez-une-presentation\/","twitter_misc":{"Dur\u00e9e de lecture estim\u00e9e":"1 minute"},"schema":{"@context":"https:\/\/schema.org","@graph":[{"@type":"WebPage","@id":"https:\/\/emailchef.com\/fr\/reservez-une-presentation\/","url":"https:\/\/emailchef.com\/fr\/reservez-une-presentation\/","name":"R\u00e9servez une pr\u00e9sentation - Emailchef","isPartOf":{"@id":"https:\/\/emailchef.com\/fr\/#website"},"datePublished":"2018-05-02T10:16:35+00:00","breadcrumb":{"@id":"https:\/\/emailchef.com\/fr\/reservez-une-presentation\/#breadcrumb"},"inLanguage":"fr-FR","potentialAction":[{"@type":"ReadAction","target":["https:\/\/emailchef.com\/fr\/reservez-une-presentation\/"]}]},{"@type":"BreadcrumbList","@id":"https:\/\/emailchef.com\/fr\/reservez-une-presentation\/#breadcrumb","itemListElement":[{"@type":"ListItem","position":1,"name":"Home","item":"https:\/\/emailchef.com\/fr\/mailchef-email-marketing-emailing-et-envoi-newsletter\/"},{"@type":"ListItem","position":2,"name":"R\u00e9servez une pr\u00e9sentation"}]},{"@type":"WebSite","@id":"https:\/\/emailchef.com\/fr\/#website","url":"https:\/\/emailchef.com\/fr\/","name":"Emailchef","description":"Recettes go\u00fbteuses pour vos emails","publisher":{"@id":"https:\/\/emailchef.com\/fr\/#organization"},"potentialAction":[{"@type":"SearchAction","target":{"@type":"EntryPoint","urlTemplate":"https:\/\/emailchef.com\/fr\/?s={search_term_string}"},"query-input":{"@type":"PropertyValueSpecification","valueRequired":true,"valueName":"search_term_string"}}],"inLanguage":"fr-FR"},{"@type":"Organization","@id":"https:\/\/emailchef.com\/fr\/#organization","name":"Delivery Tech Corp.","url":"https:\/\/emailchef.com\/fr\/","logo":{"@type":"ImageObject","inLanguage":"fr-FR","@id":"https:\/\/emailchef.com\/fr\/#\/schema\/logo\/image\/","url":"https:\/\/emailchef.com\/wp-content\/uploads\/2022\/04\/logo-sama.png","contentUrl":"https:\/\/emailchef.com\/wp-content\/uploads\/2022\/04\/logo-sama.png","width":237,"height":80,"caption":"Delivery Tech Corp."},"image":{"@id":"https:\/\/emailchef.com\/fr\/#\/schema\/logo\/image\/"}}]}},"_links":{"self":[{"href":"https:\/\/emailchef.com\/fr\/wp-json\/wp\/v2\/pages\/6825"}],"collection":[{"href":"https:\/\/emailchef.com\/fr\/wp-json\/wp\/v2\/pages"}],"about":[{"href":"https:\/\/emailchef.com\/fr\/wp-json\/wp\/v2\/types\/page"}],"author":[{"embeddable":true,"href":"https:\/\/emailchef.com\/fr\/wp-json\/wp\/v2\/users\/2"}],"replies":[{"embeddable":true,"href":"https:\/\/emailchef.com\/fr\/wp-json\/wp\/v2\/comments?post=6825"}],"version-history":[{"count":1,"href":"https:\/\/emailchef.com\/fr\/wp-json\/wp\/v2\/pages\/6825\/revisions"}],"predecessor-version":[{"id":6827,"href":"https:\/\/emailchef.com\/fr\/wp-json\/wp\/v2\/pages\/6825\/revisions\/6827"}],"wp:attachment":[{"href":"https:\/\/emailchef.com\/fr\/wp-json\/wp\/v2\/media?parent=6825"}],"wp:term":[{"taxonomy":"g1_relation_tag","embeddable":true,"href":"https:\/\/emailchef.com\/fr\/wp-json\/wp\/v2\/g1_relation_tag?post=6825"}],"curies":[{"name":"wp","href":"https:\/\/api.w.org\/{rel}","templated":true}]}}