{"id":5875,"date":"2016-11-21T09:43:57","date_gmt":"2016-11-21T09:43:57","guid":{"rendered":"http:\/\/emailchef.com\/?page_id=5875\/"},"modified":"2024-10-18T13:21:41","modified_gmt":"2024-10-18T13:21:41","slug":"emailchef-prestashop-lemail-marketing-son-apogee","status":"publish","type":"page","link":"https:\/\/emailchef.com\/fr\/emailchef-prestashop-lemail-marketing-son-apogee\/","title":{"rendered":"PrestaShop : avec le plugin Emailchef, vous pouvez augmenter vos ventes en ligne"},"content":{"rendered":"\t\t<div data-elementor-type=\"wp-page\" data-elementor-id=\"5875\" class=\"elementor elementor-5875 elementor-5132\" data-elementor-post-type=\"page\">\n\t\t\t\t\t\t<section class=\"elementor-section elementor-top-section elementor-element elementor-element-6b715ba elementor-section-boxed elementor-section-height-default elementor-section-height-default\" data-id=\"6b715ba\" data-element_type=\"section\">\n\t\t\t\t\t\t<div class=\"elementor-container elementor-column-gap-default\">\n\t\t\t\t\t<div class=\"elementor-column elementor-col-100 elementor-top-column elementor-element elementor-element-4385e78\" data-id=\"4385e78\" data-element_type=\"column\">\n\t\t\t<div class=\"elementor-widget-wrap elementor-element-populated\">\n\t\t\t\t\t\t<div class=\"elementor-element elementor-element-0ee76c4 elementor-widget elementor-widget-image\" data-id=\"0ee76c4\" data-element_type=\"widget\" data-widget_type=\"image.default\">\n\t\t\t\t<div class=\"elementor-widget-container\">\n\t\t\t\t\t\t\t\t\t\t\t\t\t\t\t<img fetchpriority=\"high\" decoding=\"async\" width=\"800\" height=\"600\" src=\"https:\/\/emailchef.com\/wp-content\/uploads\/2024\/10\/emailchef_prestashop_plugin.png\" class=\"attachment-full size-full wp-image-76524\" alt=\"\" srcset=\"https:\/\/emailchef.com\/wp-content\/uploads\/2024\/10\/emailchef_prestashop_plugin.png 800w, https:\/\/emailchef.com\/wp-content\/uploads\/2024\/10\/emailchef_prestashop_plugin-300x225.png 300w, https:\/\/emailchef.com\/wp-content\/uploads\/2024\/10\/emailchef_prestashop_plugin-768x576.png 768w\" sizes=\"(max-width: 800px) 100vw, 800px\" \/>\t\t\t\t\t\t\t\t\t\t\t\t\t\t\t<\/div>\n\t\t\t\t<\/div>\n\t\t\t\t\t<\/div>\n\t\t<\/div>\n\t\t\t\t\t<\/div>\n\t\t<\/section>\n\t\t\t\t<section class=\"elementor-section elementor-top-section elementor-element elementor-element-31fbec9 elementor-section-boxed elementor-section-height-default elementor-section-height-default\" data-id=\"31fbec9\" data-element_type=\"section\">\n\t\t\t\t\t\t<div class=\"elementor-container elementor-column-gap-default\">\n\t\t\t\t\t<div class=\"elementor-column elementor-col-100 elementor-top-column elementor-element elementor-element-9f1e47b\" data-id=\"9f1e47b\" data-element_type=\"column\">\n\t\t\t<div class=\"elementor-widget-wrap elementor-element-populated\">\n\t\t\t\t\t\t<div class=\"elementor-element elementor-element-03875d5 elementor-widget elementor-widget-heading\" data-id=\"03875d5\" data-element_type=\"widget\" data-widget_type=\"heading.default\">\n\t\t\t\t<div class=\"elementor-widget-container\">\n\t\t\t\t\t<h2 class=\"elementor-heading-title elementor-size-default\">Croisez les donn\u00e9es recueillies sur votre e-commerce PrestaShop avec Emailchef et pr\u00e9parez-vous \u00e0 les exploiter pour am\u00e9liorer les conversions et fid\u00e9liser vos clients.<\/h2>\t\t\t\t<\/div>\n\t\t\t\t<\/div>\n\t\t\t\t<div class=\"elementor-element elementor-element-367df75 elementor-widget elementor-widget-text-editor\" data-id=\"367df75\" data-element_type=\"widget\" data-widget_type=\"text-editor.default\">\n\t\t\t\t<div class=\"elementor-widget-container\">\n\t\t\t\t\t\t\t\t\t<p><span style=\"font-weight: 400;\">Exploitez tout le potentiel de PrestaShop : int\u00e9grez votre plateforme e-commerce avec le plugin Emailchef et commencez \u00e0 cr\u00e9er des campagnes cibl\u00e9es pour vos clients.<\/span><\/p><p><span style=\"font-weight: 400;\">Comment ?<\/span><\/p><p><span style=\"font-weight: 400;\">Gr\u00e2ce au plugin Emailchef pour PrestaShop, vous pouvez :<\/span><\/p>\t\t\t\t\t\t\t\t<\/div>\n\t\t\t\t<\/div>\n\t\t\t\t<div class=\"elementor-element elementor-element-ac2f333 elementor-icon-list--layout-traditional elementor-list-item-link-full_width elementor-widget elementor-widget-icon-list\" data-id=\"ac2f333\" data-element_type=\"widget\" data-widget_type=\"icon-list.default\">\n\t\t\t\t<div class=\"elementor-widget-container\">\n\t\t\t\t\t\t\t<ul class=\"elementor-icon-list-items\">\n\t\t\t\t\t\t\t<li class=\"elementor-icon-list-item\">\n\t\t\t\t\t\t\t\t\t\t\t<span class=\"elementor-icon-list-icon\">\n\t\t\t\t\t\t\t<i aria-hidden=\"true\" class=\"fas fa-angle-right\"><\/i>\t\t\t\t\t\t<\/span>\n\t\t\t\t\t\t\t\t\t\t<span class=\"elementor-icon-list-text\">Transf\u00e9rer facilement les informations que vous avez recueillies sur vos clients et leurs commandes directement sur votre compte Emailchef ;<\/span>\n\t\t\t\t\t\t\t\t\t<\/li>\n\t\t\t\t\t\t\t\t<li class=\"elementor-icon-list-item\">\n\t\t\t\t\t\t\t\t\t\t\t<span class=\"elementor-icon-list-icon\">\n\t\t\t\t\t\t\t<i aria-hidden=\"true\" class=\"fas fa-angle-right\"><\/i>\t\t\t\t\t\t<\/span>\n\t\t\t\t\t\t\t\t\t\t<span class=\"elementor-icon-list-text\">Cr\u00e9er des champs personnalis\u00e9s et transf\u00e9rer les donn\u00e9es obtenues avec PrestaShop sur votre profil Emailchef. Vous pourrez ainsi segmenter vos clients en fonction de leurs commandes, paniers abandonn\u00e9s ou d'autres informations obtenues. Cela vous permettra d\u2019envoyer des communications personnalis\u00e9es bas\u00e9es sur les donn\u00e9es collect\u00e9es ;<\/span>\n\t\t\t\t\t\t\t\t\t<\/li>\n\t\t\t\t\t\t\t\t<li class=\"elementor-icon-list-item\">\n\t\t\t\t\t\t\t\t\t\t\t<span class=\"elementor-icon-list-icon\">\n\t\t\t\t\t\t\t<i aria-hidden=\"true\" class=\"fas fa-angle-right\"><\/i>\t\t\t\t\t\t<\/span>\n\t\t\t\t\t\t\t\t\t\t<span class=\"elementor-icon-list-text\">Synchroniser automatiquement les inscriptions entre PrestaShop et Emailchef, \u00e9conomisant ainsi du temps et de l'\u00e9nergie ;<\/span>\n\t\t\t\t\t\t\t\t\t<\/li>\n\t\t\t\t\t\t\t\t<li class=\"elementor-icon-list-item\">\n\t\t\t\t\t\t\t\t\t\t\t<span class=\"elementor-icon-list-icon\">\n\t\t\t\t\t\t\t<i aria-hidden=\"true\" class=\"fas fa-angle-right\"><\/i>\t\t\t\t\t\t<\/span>\n\t\t\t\t\t\t\t\t\t\t<span class=\"elementor-icon-list-text\">Configurer des messages automatiques personnalis\u00e9s pour fid\u00e9liser vos clients. Vous pourrez planifier l'envoi de ces emails au moment souhait\u00e9 sans avoir \u00e0 envoyer chaque message manuellement ;<\/span>\n\t\t\t\t\t\t\t\t\t<\/li>\n\t\t\t\t\t\t\t\t<li class=\"elementor-icon-list-item\">\n\t\t\t\t\t\t\t\t\t\t\t<span class=\"elementor-icon-list-icon\">\n\t\t\t\t\t\t\t<i aria-hidden=\"true\" class=\"fas fa-angle-right\"><\/i>\t\t\t\t\t\t<\/span>\n\t\t\t\t\t\t\t\t\t\t<span class=\"elementor-icon-list-text\">Cr\u00e9er des automatisations cibl\u00e9es pour la r\u00e9cup\u00e9ration des paniers abandonn\u00e9s, r\u00e9compenser les clients fid\u00e8les et engager les clients inactifs.<\/span>\n\t\t\t\t\t\t\t\t\t<\/li>\n\t\t\t\t\t\t<\/ul>\n\t\t\t\t\t\t<\/div>\n\t\t\t\t<\/div>\n\t\t\t\t<div class=\"elementor-element elementor-element-84e2563 elementor-widget elementor-widget-text-editor\" data-id=\"84e2563\" data-element_type=\"widget\" data-widget_type=\"text-editor.default\">\n\t\t\t\t<div class=\"elementor-widget-container\">\n\t\t\t\t\t\t\t\t\t<p>Gr\u00e2ce \u00e0 l&#8217;int\u00e9gration d&#8217;Emailchef avec PrestaShop, vous pourrez optimiser votre strat\u00e9gie de marketing par email, am\u00e9liorer l&#8217;efficacit\u00e9 de vos campagnes et ainsi augmenter vos conversions. Ne manquez pas l&#8217;opportunit\u00e9 de tirer le meilleur parti des deux plateformes pour atteindre vos objectifs commerciaux !<\/p>\t\t\t\t\t\t\t\t<\/div>\n\t\t\t\t<\/div>\n\t\t\t\t<div class=\"elementor-element elementor-element-8c79754 elementor-widget elementor-widget-text-editor\" data-id=\"8c79754\" data-element_type=\"widget\" data-widget_type=\"text-editor.default\">\n\t\t\t\t<div class=\"elementor-widget-container\">\n\t\t\t\t\t\t\t\t\t<p><strong>Exigences :<\/strong> pour utiliser correctement le module, assurez-vous que votre version de PrestaShop se situe entre <strong>1.6.X et 8.1.X<\/strong>.<\/p>\t\t\t\t\t\t\t\t<\/div>\n\t\t\t\t<\/div>\n\t\t\t\t<div class=\"elementor-element elementor-element-2d74544 elementor-tablet-align-center elementor-align-center elementor-widget elementor-widget-button\" data-id=\"2d74544\" data-element_type=\"widget\" data-widget_type=\"button.default\">\n\t\t\t\t<div class=\"elementor-widget-container\">\n\t\t\t\t\t\t\t\t\t<div class=\"elementor-button-wrapper\">\n\t\t\t\t\t<a class=\"elementor-button elementor-button-link elementor-size-sm elementor-animation-shrink\" href=\"https:\/\/emailchef.com\/utils\/download\/plugins\/prestashop\/plugin-prestashop-emailchef.zip?v=20240214\" target=\"_blank\" rel=\"nofollow\" title=\"Scarica il plugin Emailchef per Prestashop\">\n\t\t\t\t\t\t<span class=\"elementor-button-content-wrapper\">\n\t\t\t\t\t\t<span class=\"elementor-button-icon\">\n\t\t\t\t<i aria-hidden=\"true\" class=\"fas fa-download\"><\/i>\t\t\t<\/span>\n\t\t\t\t\t\t\t\t\t<span class=\"elementor-button-text\">T\u00c9L\u00c9CHARGER LE MODULE POUR PRESTASHOP<\/span>\n\t\t\t\t\t<\/span>\n\t\t\t\t\t<\/a>\n\t\t\t\t<\/div>\n\t\t\t\t\t\t\t\t<\/div>\n\t\t\t\t<\/div>\n\t\t\t\t<div class=\"elementor-element elementor-element-60c2af8 elementor-widget elementor-widget-text-editor\" data-id=\"60c2af8\" data-element_type=\"widget\" data-widget_type=\"text-editor.default\">\n\t\t\t\t<div class=\"elementor-widget-container\">\n\t\t\t\t\t\t\t\t\t<a href=\"https:\/\/emailchef.com\/wp-content\/uploads\/2017\/02\/Instruction-manual-Module-Emailchef-for-PrestaShop.pdf?v=20180821\" target=\"_blank\" rel=\"noopener\">T\u00c9L\u00c9CHARGER LE MANUEL D&#8217;INSTRUCTIONS<\/a>\t\t\t\t\t\t\t\t<\/div>\n\t\t\t\t<\/div>\n\t\t\t\t<div class=\"elementor-element elementor-element-fd25276 elementor-widget elementor-widget-heading\" data-id=\"fd25276\" data-element_type=\"widget\" data-widget_type=\"heading.default\">\n\t\t\t\t<div class=\"elementor-widget-container\">\n\t\t\t\t\t<h2 class=\"elementor-heading-title elementor-size-default\">Vid\u00e9o<\/h2>\t\t\t\t<\/div>\n\t\t\t\t<\/div>\n\t\t\t\t<div class=\"elementor-element elementor-element-0dc44d2 elementor-widget elementor-widget-html\" data-id=\"0dc44d2\" data-element_type=\"widget\" data-widget_type=\"html.default\">\n\t\t\t\t<div class=\"elementor-widget-container\">\n\t\t\t\t\t<div class=\"lyte-wrapper\" title=\"[EN] How to configure eMailChef module for PrestaShop\" style=\"width:640px;max-width:100%;margin:5px;\"><div class=\"lyMe\" id=\"WYL_tpepro8BwpE\"><div id=\"lyte_tpepro8BwpE\" data-src=\"https:\/\/emailchef.com\/wp-content\/plugins\/wp-youtube-lyte\/lyteCache.php?origThumbUrl=https%3A%2F%2Fi.ytimg.com%2Fvi%2Ftpepro8BwpE%2Fhqdefault.jpg\" class=\"pL\"><div class=\"tC\"><div class=\"tT\">[EN] How to configure eMailChef module for PrestaShop<\/div><\/div><div class=\"play\"><\/div><div class=\"ctrl\"><div class=\"Lctrl\"><\/div><div class=\"Rctrl\"><\/div><\/div><\/div><noscript><a href=\"https:\/\/youtu.be\/tpepro8BwpE\" rel=\"nofollow\"><img decoding=\"async\" src=\"https:\/\/emailchef.com\/wp-content\/plugins\/wp-youtube-lyte\/lyteCache.php?origThumbUrl=https%3A%2F%2Fi.ytimg.com%2Fvi%2Ftpepro8BwpE%2F0.jpg\" alt=\"[EN] How to configure eMailChef module for PrestaShop\" width=\"640\" height=\"340\" \/><br \/>Lire cette vid\u00e9o sur YouTube<\/a><\/noscript><\/div><\/div><div class=\"lL\" style=\"max-width:100%;width:640px;margin:5px;\"><\/div>\n<div class=\"ec-video-button hide centered\">\n\t<a href=\"https:\/\/youtu.be\/tpepro8BwpE\" rel=\"prettyPhoto\" title=\"Play Video\">Play Video <i class=\"fa fa-play-circle fa-2x\"><\/i><\/a>\n<\/div>\t\t\t\t<\/div>\n\t\t\t\t<\/div>\n\t\t\t\t\t<\/div>\n\t\t<\/div>\n\t\t\t\t\t<\/div>\n\t\t<\/section>\n\t\t\t\t<\/div>\n\t\t","protected":false},"excerpt":{"rendered":"<p>Croisez les donn\u00e9es recueillies sur votre e-commerce PrestaShop avec Emailchef et pr\u00e9parez-vous \u00e0 les exploiter pour am\u00e9liorer les conversions et fid\u00e9liser vos clients. Exploitez tout le potentiel de PrestaShop : int\u00e9grez votre plateforme e-commerce avec le plugin Emailchef et commencez \u00e0 cr\u00e9er des campagnes cibl\u00e9es pour vos clients. Comment ? Gr\u00e2ce au plugin Emailchef pour [&hellip;]<\/p>\n","protected":false},"author":5,"featured_media":0,"parent":0,"menu_order":18,"comment_status":"closed","ping_status":"closed","template":"","meta":{"_acf_changed":false,"inline_featured_image":false,"footnotes":""},"g1_relation_tag":[],"class_list":["post-5875","page","type-page","status-publish","hentry"],"acf":[],"yoast_head":"<!-- This site is optimized with the Yoast SEO plugin v24.8.1 - https:\/\/yoast.com\/wordpress\/plugins\/seo\/ -->\n<title>PrestaShop : avec le plugin Emailchef, vous pouvez augmenter vos ventes en ligne - Emailchef<\/title>\n<meta name=\"robots\" content=\"index, follow, max-snippet:-1, max-image-preview:large, max-video-preview:-1\" \/>\n<link rel=\"canonical\" href=\"https:\/\/emailchef.com\/fr\/emailchef-prestashop-lemail-marketing-son-apogee\/\" \/>\n<meta name=\"twitter:label1\" content=\"Dur\u00e9e de lecture estim\u00e9e\" \/>\n\t<meta name=\"twitter:data1\" content=\"2 minutes\" \/>\n<!-- \/ Yoast SEO plugin. -->","yoast_head_json":{"title":"PrestaShop : avec le plugin Emailchef, vous pouvez augmenter vos ventes en ligne - Emailchef","robots":{"index":"index","follow":"follow","max-snippet":"max-snippet:-1","max-image-preview":"max-image-preview:large","max-video-preview":"max-video-preview:-1"},"canonical":"https:\/\/emailchef.com\/fr\/emailchef-prestashop-lemail-marketing-son-apogee\/","twitter_misc":{"Dur\u00e9e de lecture estim\u00e9e":"2 minutes"},"schema":{"@context":"https:\/\/schema.org","@graph":[{"@type":"WebPage","@id":"https:\/\/emailchef.com\/fr\/emailchef-prestashop-lemail-marketing-son-apogee\/","url":"https:\/\/emailchef.com\/fr\/emailchef-prestashop-lemail-marketing-son-apogee\/","name":"PrestaShop : avec le plugin Emailchef, vous pouvez augmenter vos ventes en ligne - Emailchef","isPartOf":{"@id":"https:\/\/emailchef.com\/fr\/#website"},"primaryImageOfPage":{"@id":"https:\/\/emailchef.com\/fr\/emailchef-prestashop-lemail-marketing-son-apogee\/#primaryimage"},"image":{"@id":"https:\/\/emailchef.com\/fr\/emailchef-prestashop-lemail-marketing-son-apogee\/#primaryimage"},"thumbnailUrl":"https:\/\/emailchef.com\/wp-content\/uploads\/2024\/10\/emailchef_prestashop_plugin.png","datePublished":"2016-11-21T09:43:57+00:00","dateModified":"2024-10-18T13:21:41+00:00","breadcrumb":{"@id":"https:\/\/emailchef.com\/fr\/emailchef-prestashop-lemail-marketing-son-apogee\/#breadcrumb"},"inLanguage":"fr-FR","potentialAction":[{"@type":"ReadAction","target":["https:\/\/emailchef.com\/fr\/emailchef-prestashop-lemail-marketing-son-apogee\/"]}]},{"@type":"ImageObject","inLanguage":"fr-FR","@id":"https:\/\/emailchef.com\/fr\/emailchef-prestashop-lemail-marketing-son-apogee\/#primaryimage","url":"https:\/\/emailchef.com\/wp-content\/uploads\/2024\/10\/emailchef_prestashop_plugin.png","contentUrl":"https:\/\/emailchef.com\/wp-content\/uploads\/2024\/10\/emailchef_prestashop_plugin.png"},{"@type":"BreadcrumbList","@id":"https:\/\/emailchef.com\/fr\/emailchef-prestashop-lemail-marketing-son-apogee\/#breadcrumb","itemListElement":[{"@type":"ListItem","position":1,"name":"Home","item":"https:\/\/emailchef.com\/fr\/mailchef-email-marketing-emailing-et-envoi-newsletter\/"},{"@type":"ListItem","position":2,"name":"PrestaShop : avec le plugin Emailchef, vous pouvez augmenter vos ventes en ligne"}]},{"@type":"WebSite","@id":"https:\/\/emailchef.com\/fr\/#website","url":"https:\/\/emailchef.com\/fr\/","name":"Emailchef","description":"Recettes go\u00fbteuses pour vos emails","publisher":{"@id":"https:\/\/emailchef.com\/fr\/#organization"},"potentialAction":[{"@type":"SearchAction","target":{"@type":"EntryPoint","urlTemplate":"https:\/\/emailchef.com\/fr\/?s={search_term_string}"},"query-input":{"@type":"PropertyValueSpecification","valueRequired":true,"valueName":"search_term_string"}}],"inLanguage":"fr-FR"},{"@type":"Organization","@id":"https:\/\/emailchef.com\/fr\/#organization","name":"Delivery Tech Corp.","url":"https:\/\/emailchef.com\/fr\/","logo":{"@type":"ImageObject","inLanguage":"fr-FR","@id":"https:\/\/emailchef.com\/fr\/#\/schema\/logo\/image\/","url":"https:\/\/emailchef.com\/wp-content\/uploads\/2022\/04\/logo-sama.png","contentUrl":"https:\/\/emailchef.com\/wp-content\/uploads\/2022\/04\/logo-sama.png","width":237,"height":80,"caption":"Delivery Tech Corp."},"image":{"@id":"https:\/\/emailchef.com\/fr\/#\/schema\/logo\/image\/"}}]}},"_links":{"self":[{"href":"https:\/\/emailchef.com\/fr\/wp-json\/wp\/v2\/pages\/5875"}],"collection":[{"href":"https:\/\/emailchef.com\/fr\/wp-json\/wp\/v2\/pages"}],"about":[{"href":"https:\/\/emailchef.com\/fr\/wp-json\/wp\/v2\/types\/page"}],"author":[{"embeddable":true,"href":"https:\/\/emailchef.com\/fr\/wp-json\/wp\/v2\/users\/5"}],"replies":[{"embeddable":true,"href":"https:\/\/emailchef.com\/fr\/wp-json\/wp\/v2\/comments?post=5875"}],"version-history":[{"count":14,"href":"https:\/\/emailchef.com\/fr\/wp-json\/wp\/v2\/pages\/5875\/revisions"}],"predecessor-version":[{"id":76532,"href":"https:\/\/emailchef.com\/fr\/wp-json\/wp\/v2\/pages\/5875\/revisions\/76532"}],"wp:attachment":[{"href":"https:\/\/emailchef.com\/fr\/wp-json\/wp\/v2\/media?parent=5875"}],"wp:term":[{"taxonomy":"g1_relation_tag","embeddable":true,"href":"https:\/\/emailchef.com\/fr\/wp-json\/wp\/v2\/g1_relation_tag?post=5875"}],"curies":[{"name":"wp","href":"https:\/\/api.w.org\/{rel}","templated":true}]}}