{"id":5862,"date":"2016-07-11T09:53:48","date_gmt":"2016-07-11T09:53:48","guid":{"rendered":"http:\/\/emailchef.com\/?page_id=5862\/"},"modified":"2025-01-27T14:13:03","modified_gmt":"2025-01-27T14:13:03","slug":"email-marketing-avec-wordpress-et-emailchef","status":"publish","type":"page","link":"https:\/\/emailchef.com\/fr\/email-marketing-avec-wordpress-et-emailchef\/","title":{"rendered":"Faites cro\u00eetre votre liste de diffusion avec le plugin Emailchef pour WordPress"},"content":{"rendered":"\t\t<div data-elementor-type=\"wp-page\" data-elementor-id=\"5862\" class=\"elementor elementor-5862 elementor-4828\" data-elementor-post-type=\"page\">\n\t\t\t\t\t\t<section class=\"elementor-section elementor-top-section elementor-element elementor-element-957e0de elementor-section-boxed elementor-section-height-default elementor-section-height-default\" data-id=\"957e0de\" data-element_type=\"section\">\n\t\t\t\t\t\t<div class=\"elementor-container elementor-column-gap-default\">\n\t\t\t\t\t<div class=\"elementor-column elementor-col-100 elementor-top-column elementor-element elementor-element-53d8aa8\" data-id=\"53d8aa8\" data-element_type=\"column\">\n\t\t\t<div class=\"elementor-widget-wrap elementor-element-populated\">\n\t\t\t\t\t\t<div class=\"elementor-element elementor-element-8cb8ce9 elementor-widget elementor-widget-image\" data-id=\"8cb8ce9\" data-element_type=\"widget\" data-widget_type=\"image.default\">\n\t\t\t\t<div class=\"elementor-widget-container\">\n\t\t\t\t\t\t\t\t\t\t\t\t\t\t\t<img fetchpriority=\"high\" decoding=\"async\" width=\"800\" height=\"600\" src=\"https:\/\/emailchef.com\/wp-content\/uploads\/2024\/10\/emailchef_wordpress_plugin-1.png\" class=\"attachment-full size-full wp-image-76398\" alt=\"\" srcset=\"https:\/\/emailchef.com\/wp-content\/uploads\/2024\/10\/emailchef_wordpress_plugin-1.png 800w, https:\/\/emailchef.com\/wp-content\/uploads\/2024\/10\/emailchef_wordpress_plugin-1-300x225.png 300w, https:\/\/emailchef.com\/wp-content\/uploads\/2024\/10\/emailchef_wordpress_plugin-1-768x576.png 768w\" sizes=\"(max-width: 800px) 100vw, 800px\" \/>\t\t\t\t\t\t\t\t\t\t\t\t\t\t\t<\/div>\n\t\t\t\t<\/div>\n\t\t\t\t\t<\/div>\n\t\t<\/div>\n\t\t\t\t\t<\/div>\n\t\t<\/section>\n\t\t\t\t<section class=\"elementor-section elementor-top-section elementor-element elementor-element-5d52d5b elementor-section-boxed elementor-section-height-default elementor-section-height-default\" data-id=\"5d52d5b\" data-element_type=\"section\">\n\t\t\t\t\t\t<div class=\"elementor-container elementor-column-gap-default\">\n\t\t\t\t\t<div class=\"elementor-column elementor-col-100 elementor-top-column elementor-element elementor-element-0ea14ab\" data-id=\"0ea14ab\" data-element_type=\"column\">\n\t\t\t<div class=\"elementor-widget-wrap elementor-element-populated\">\n\t\t\t\t\t\t<div class=\"elementor-element elementor-element-2aacccf elementor-widget elementor-widget-heading\" data-id=\"2aacccf\" data-element_type=\"widget\" data-widget_type=\"heading.default\">\n\t\t\t\t<div class=\"elementor-widget-container\">\n\t\t\t\t\t<h2 class=\"elementor-heading-title elementor-size-default\">Collectez de nouveaux contacts sur WordPress et synchronisez automatiquement les inscriptions sur votre profil Emailchef.<\/h2>\t\t\t\t<\/div>\n\t\t\t\t<\/div>\n\t\t\t\t<div class=\"elementor-element elementor-element-e4b8dd8 elementor-widget elementor-widget-text-editor\" data-id=\"e4b8dd8\" data-element_type=\"widget\" data-widget_type=\"text-editor.default\">\n\t\t\t\t<div class=\"elementor-widget-container\">\n\t\t\t\t\t\t\t\t\t<p>Synchronisez automatiquement les donn\u00e9es collect\u00e9es via vos formulaires d&#8217;inscription avec la liste de vos contacts sur Emailchef.<br \/>De cette mani\u00e8re, vous pourrez facilement int\u00e9grer les donn\u00e9es collect\u00e9es via vos formulaires avec votre marketing par email, par exemple en d\u00e9clenchant un email de bienvenue automatique apr\u00e8s l&#8217;inscription de chaque contact \u00e0 votre liste de diffusion.<\/p><p>Le plugin Emailchef pour WordPress vous permet d&#8217;utiliser des champs personnalis\u00e9s pour segmenter facilement vos listes de contacts. Par exemple, si lors de l&#8217;inscription vous avez demand\u00e9 aux abonn\u00e9s de sp\u00e9cifier leur type d&#8217;activit\u00e9 (comme les d\u00e9taillants, les h\u00f4tels, etc.), avec Emailchef, vous pourrez cr\u00e9er des campagnes d&#8217;email marketing ciblant chaque cat\u00e9gorie.<\/p><p>Cela vous permettra de<strong> personnaliser facilement votre communication<\/strong>, en envoyant \u00e0 chaque segment uniquement les contenus qu&#8217;il souhaite recevoir.<\/p><p>Et aucune comp\u00e9tence technique n&#8217;est requise !<\/p><p>Toutes les informations saisies dans les formulaires, comme le pr\u00e9nom, le nom, l&#8217;adresse email et la ville, seront automatiquement synchronis\u00e9es avec la liste Emailchef de votre choix. De plus, le plugin permet la synchronisation des champs personnalis\u00e9s pr\u00e9sents dans votre liste.<\/p><p><strong>Pour le configurer, quelques clics suffisent<\/strong> : commencez par installer et activer le plugin depuis le menu des Plugins de WordPress. Pour y acc\u00e9der, vous devrez g\u00e9n\u00e9rer des cl\u00e9s API en suivant les \u00e9tapes ci-dessous :<\/p>\t\t\t\t\t\t\t\t<\/div>\n\t\t\t\t<\/div>\n\t\t\t\t<div class=\"elementor-element elementor-element-c8de8e0 elementor-icon-list--layout-traditional elementor-list-item-link-full_width elementor-widget elementor-widget-icon-list\" data-id=\"c8de8e0\" data-element_type=\"widget\" data-widget_type=\"icon-list.default\">\n\t\t\t\t<div class=\"elementor-widget-container\">\n\t\t\t\t\t\t\t<ul class=\"elementor-icon-list-items\">\n\t\t\t\t\t\t\t<li class=\"elementor-icon-list-item\">\n\t\t\t\t\t\t\t\t\t\t\t<span class=\"elementor-icon-list-icon\">\n\t\t\t\t\t\t\t<i aria-hidden=\"true\" class=\"fas fa-angle-right\"><\/i>\t\t\t\t\t\t<\/span>\n\t\t\t\t\t\t\t\t\t\t<span class=\"elementor-icon-list-text\">Connectez-vous &agrave; votre compte Emailchef.<\/span>\n\t\t\t\t\t\t\t\t\t<\/li>\n\t\t\t\t\t\t\t\t<li class=\"elementor-icon-list-item\">\n\t\t\t\t\t\t\t\t\t\t\t<span class=\"elementor-icon-list-icon\">\n\t\t\t\t\t\t\t<i aria-hidden=\"true\" class=\"fas fa-angle-right\"><\/i>\t\t\t\t\t\t<\/span>\n\t\t\t\t\t\t\t\t\t\t<span class=\"elementor-icon-list-text\">Allez dans <em>Param&egrave;tres<\/em> &gt; <em>Cl&eacute;s API<\/em>.<\/span>\n\t\t\t\t\t\t\t\t\t<\/li>\n\t\t\t\t\t\t\t\t<li class=\"elementor-icon-list-item\">\n\t\t\t\t\t\t\t\t\t\t\t<span class=\"elementor-icon-list-icon\">\n\t\t\t\t\t\t\t<i aria-hidden=\"true\" class=\"fas fa-angle-right\"><\/i>\t\t\t\t\t\t<\/span>\n\t\t\t\t\t\t\t\t\t\t<span class=\"elementor-icon-list-text\">Cliquez sur <em>+Cr&eacute;er une cl&eacute; API<\/em>.<\/span>\n\t\t\t\t\t\t\t\t\t<\/li>\n\t\t\t\t\t\t\t\t<li class=\"elementor-icon-list-item\">\n\t\t\t\t\t\t\t\t\t\t\t<span class=\"elementor-icon-list-icon\">\n\t\t\t\t\t\t\t<i aria-hidden=\"true\" class=\"fas fa-angle-right\"><\/i>\t\t\t\t\t\t<\/span>\n\t\t\t\t\t\t\t\t\t\t<span class=\"elementor-icon-list-text\">Donnez un nom &agrave; la cl&eacute; API (pour vous rappeler facilement le plugin associ&eacute;, par exemple \"Formulaire de connexion WordPress\"), puis cliquez sur <em>G&eacute;n&eacute;rer une cl&eacute; API<\/em>.<\/span>\n\t\t\t\t\t\t\t\t\t<\/li>\n\t\t\t\t\t\t\t\t<li class=\"elementor-icon-list-item\">\n\t\t\t\t\t\t\t\t\t\t\t<span class=\"elementor-icon-list-icon\">\n\t\t\t\t\t\t\t<i aria-hidden=\"true\" class=\"fas fa-angle-right\"><\/i>\t\t\t\t\t\t<\/span>\n\t\t\t\t\t\t\t\t\t\t<span class=\"elementor-icon-list-text\">Copiez la <em>Consumer Key<\/em> et le <em>Consumer Secret<\/em>, et utilisez-les comme nom d'utilisateur et mot de passe pour connecter le plugin.<\/span>\n\t\t\t\t\t\t\t\t\t<\/li>\n\t\t\t\t\t\t<\/ul>\n\t\t\t\t\t\t<\/div>\n\t\t\t\t<\/div>\n\t\t\t\t<div class=\"elementor-element elementor-element-6af4347 elementor-widget elementor-widget-text-editor\" data-id=\"6af4347\" data-element_type=\"widget\" data-widget_type=\"text-editor.default\">\n\t\t\t\t<div class=\"elementor-widget-container\">\n\t\t\t\t\t\t\t\t\t<p><a href=\"https:\/\/emailchef.com\/fr\/base-de-connaissance\/comment-generer-des-cles-api-pour-connecter-les-plugins-emailchef\/\">Lisez aussi Comment g\u00e9n\u00e9rer des cl\u00e9s API pour connecter les plugins Emailchef<\/a>.<\/p><p>Ensuite, liez la liste Emailchef souhait\u00e9e et associez les champs du formulaire aux champs correspondants de la liste Emailchef.<\/p>\t\t\t\t\t\t\t\t<\/div>\n\t\t\t\t<\/div>\n\t\t\t\t<div class=\"elementor-element elementor-element-714d46b elementor-widget elementor-widget-text-editor\" data-id=\"714d46b\" data-element_type=\"widget\" data-widget_type=\"text-editor.default\">\n\t\t\t\t<div class=\"elementor-widget-container\">\n\t\t\t\t\t\t\t\t\t<p><strong>Exigences<\/strong> :<\/p>\t\t\t\t\t\t\t\t<\/div>\n\t\t\t\t<\/div>\n\t\t\t\t<div class=\"elementor-element elementor-element-153d1f5 elementor-icon-list--layout-traditional elementor-list-item-link-full_width elementor-widget elementor-widget-icon-list\" data-id=\"153d1f5\" data-element_type=\"widget\" data-widget_type=\"icon-list.default\">\n\t\t\t\t<div class=\"elementor-widget-container\">\n\t\t\t\t\t\t\t<ul class=\"elementor-icon-list-items\">\n\t\t\t\t\t\t\t<li class=\"elementor-icon-list-item\">\n\t\t\t\t\t\t\t\t\t\t\t<span class=\"elementor-icon-list-icon\">\n\t\t\t\t\t\t\t<i aria-hidden=\"true\" class=\"fas fa-angle-right\"><\/i>\t\t\t\t\t\t<\/span>\n\t\t\t\t\t\t\t\t\t\t<span class=\"elementor-icon-list-text\">WordPress en mode stand-alone (version 5.0 ou ult\u00e9rieure) ;<\/span>\n\t\t\t\t\t\t\t\t\t<\/li>\n\t\t\t\t\t\t\t\t<li class=\"elementor-icon-list-item\">\n\t\t\t\t\t\t\t\t\t\t\t<span class=\"elementor-icon-list-icon\">\n\t\t\t\t\t\t\t<i aria-hidden=\"true\" class=\"fas fa-angle-right\"><\/i>\t\t\t\t\t\t<\/span>\n\t\t\t\t\t\t\t\t\t\t<span class=\"elementor-icon-list-text\">Un des plugins WordPress suivants : WPForms, Contact Form 7, Elementor, Fast Secure Contact Form (FSCF) ou Jetpack ;<\/span>\n\t\t\t\t\t\t\t\t\t<\/li>\n\t\t\t\t\t\t\t\t<li class=\"elementor-icon-list-item\">\n\t\t\t\t\t\t\t\t\t\t\t<span class=\"elementor-icon-list-icon\">\n\t\t\t\t\t\t\t<i aria-hidden=\"true\" class=\"fas fa-angle-right\"><\/i>\t\t\t\t\t\t<\/span>\n\t\t\t\t\t\t\t\t\t\t<span class=\"elementor-icon-list-text\">Un compte Emailchef.<\/span>\n\t\t\t\t\t\t\t\t\t<\/li>\n\t\t\t\t\t\t<\/ul>\n\t\t\t\t\t\t<\/div>\n\t\t\t\t<\/div>\n\t\t\t\t<div class=\"elementor-element elementor-element-b6b7b7a elementor-tablet-align-center elementor-align-center elementor-widget elementor-widget-button\" data-id=\"b6b7b7a\" data-element_type=\"widget\" data-widget_type=\"button.default\">\n\t\t\t\t<div class=\"elementor-widget-container\">\n\t\t\t\t\t\t\t\t\t<div class=\"elementor-button-wrapper\">\n\t\t\t\t\t<a class=\"elementor-button elementor-button-link elementor-size-sm elementor-animation-shrink\" href=\"https:\/\/it.wordpress.org\/plugins\/emailchef\/\" target=\"_blank\" rel=\"nofollow\" title=\"Obtenez le plugin Emailchef pour WordPress\">\n\t\t\t\t\t\t<span class=\"elementor-button-content-wrapper\">\n\t\t\t\t\t\t<span class=\"elementor-button-icon\">\n\t\t\t\t<i aria-hidden=\"true\" class=\"fas fa-download\"><\/i>\t\t\t<\/span>\n\t\t\t\t\t\t\t\t\t<span class=\"elementor-button-text\">OBTENEZ LE PLUGIN WORDPRESS<\/span>\n\t\t\t\t\t<\/span>\n\t\t\t\t\t<\/a>\n\t\t\t\t<\/div>\n\t\t\t\t\t\t\t\t<\/div>\n\t\t\t\t<\/div>\n\t\t\t\t<div class=\"elementor-element elementor-element-5d62564 elementor-widget elementor-widget-heading\" data-id=\"5d62564\" data-element_type=\"widget\" data-widget_type=\"heading.default\">\n\t\t\t\t<div class=\"elementor-widget-container\">\n\t\t\t\t\t<h2 class=\"elementor-heading-title elementor-size-default\">Captures d'\u00e9cran<\/h2>\t\t\t\t<\/div>\n\t\t\t\t<\/div>\n\t\t\t\t<div class=\"elementor-element elementor-element-1b8e189 elementor-widget elementor-widget-gallery\" data-id=\"1b8e189\" data-element_type=\"widget\" data-settings=\"{&quot;columns&quot;:2,&quot;gap&quot;:{&quot;unit&quot;:&quot;px&quot;,&quot;size&quot;:20,&quot;sizes&quot;:[]},&quot;aspect_ratio&quot;:&quot;4:3&quot;,&quot;lazyload&quot;:&quot;yes&quot;,&quot;gallery_layout&quot;:&quot;grid&quot;,&quot;columns_tablet&quot;:2,&quot;columns_mobile&quot;:1,&quot;gap_tablet&quot;:{&quot;unit&quot;:&quot;px&quot;,&quot;size&quot;:10,&quot;sizes&quot;:[]},&quot;gap_mobile&quot;:{&quot;unit&quot;:&quot;px&quot;,&quot;size&quot;:10,&quot;sizes&quot;:[]},&quot;link_to&quot;:&quot;file&quot;,&quot;overlay_background&quot;:&quot;yes&quot;,&quot;content_hover_animation&quot;:&quot;fade-in&quot;}\" data-widget_type=\"gallery.default\">\n\t\t\t\t<div class=\"elementor-widget-container\">\n\t\t\t\t\t\t\t<div class=\"elementor-gallery__container\">\n\t\t\t\t\t\t\t<a class=\"e-gallery-item elementor-gallery-item elementor-animated-content\" href=\"https:\/\/emailchef.com\/wp-content\/uploads\/2025\/01\/image_2025_01_22T08_52_26_450Z.png\" data-elementor-open-lightbox=\"yes\" data-elementor-lightbox-slideshow=\"1b8e189\" data-elementor-lightbox-title=\"image_2025_01_22T08_52_26_450Z\" data-e-action-hash=\"#elementor-action%3Aaction%3Dlightbox%26settings%3DeyJpZCI6Nzg2MTIsInVybCI6Imh0dHBzOlwvXC9lbWFpbGNoZWYuY29tXC93cC1jb250ZW50XC91cGxvYWRzXC8yMDI1XC8wMVwvaW1hZ2VfMjAyNV8wMV8yMlQwOF81Ml8yNl80NTBaLnBuZyIsInNsaWRlc2hvdyI6IjFiOGUxODkifQ%3D%3D\">\n\t\t\t\t\t<div class=\"e-gallery-image elementor-gallery-item__image\" data-thumbnail=\"https:\/\/emailchef.com\/wp-content\/uploads\/2025\/01\/image_2025_01_22T08_52_26_450Z-1024x454.png\" data-width=\"800\" data-height=\"355\" aria-label=\"\" role=\"img\" ><\/div>\n\t\t\t\t\t\t\t\t\t\t\t<div class=\"elementor-gallery-item__overlay\"><\/div>\n\t\t\t\t\t\t\t\t\t\t\t\t\t\t<\/a>\n\t\t\t\t\t\t\t<a class=\"e-gallery-item elementor-gallery-item elementor-animated-content\" href=\"https:\/\/emailchef.com\/wp-content\/uploads\/2025\/01\/image_2025_01_22T08_52_26_455Z.png\" data-elementor-open-lightbox=\"yes\" data-elementor-lightbox-slideshow=\"1b8e189\" data-elementor-lightbox-title=\"image_2025_01_22T08_52_26_455Z\" data-e-action-hash=\"#elementor-action%3Aaction%3Dlightbox%26settings%3DeyJpZCI6Nzg2MDMsInVybCI6Imh0dHBzOlwvXC9lbWFpbGNoZWYuY29tXC93cC1jb250ZW50XC91cGxvYWRzXC8yMDI1XC8wMVwvaW1hZ2VfMjAyNV8wMV8yMlQwOF81Ml8yNl80NTVaLnBuZyIsInNsaWRlc2hvdyI6IjFiOGUxODkifQ%3D%3D\">\n\t\t\t\t\t<div class=\"e-gallery-image elementor-gallery-item__image\" data-thumbnail=\"https:\/\/emailchef.com\/wp-content\/uploads\/2025\/01\/image_2025_01_22T08_52_26_455Z-1024x591.png\" data-width=\"800\" data-height=\"462\" aria-label=\"\" role=\"img\" ><\/div>\n\t\t\t\t\t\t\t\t\t\t\t<div class=\"elementor-gallery-item__overlay\"><\/div>\n\t\t\t\t\t\t\t\t\t\t\t\t\t\t<\/a>\n\t\t\t\t\t<\/div>\n\t\t\t\t\t<\/div>\n\t\t\t\t<\/div>\n\t\t\t\t\t<\/div>\n\t\t<\/div>\n\t\t\t\t\t<\/div>\n\t\t<\/section>\n\t\t\t\t<\/div>\n\t\t","protected":false},"excerpt":{"rendered":"<p>Collectez de nouveaux contacts sur WordPress et synchronisez automatiquement les inscriptions sur votre profil Emailchef. Synchronisez automatiquement les donn\u00e9es collect\u00e9es via vos formulaires d&#8217;inscription avec la liste de vos contacts sur Emailchef.De cette mani\u00e8re, vous pourrez facilement int\u00e9grer les donn\u00e9es collect\u00e9es via vos formulaires avec votre marketing par email, par exemple en d\u00e9clenchant un email [&hellip;]<\/p>\n","protected":false},"author":5,"featured_media":0,"parent":0,"menu_order":14,"comment_status":"closed","ping_status":"closed","template":"","meta":{"_acf_changed":false,"inline_featured_image":false,"footnotes":""},"g1_relation_tag":[],"class_list":["post-5862","page","type-page","status-publish","hentry"],"acf":[],"yoast_head":"<!-- This site is optimized with the Yoast SEO plugin v24.8.1 - https:\/\/yoast.com\/wordpress\/plugins\/seo\/ -->\n<title>Faites cro\u00eetre votre liste de diffusion avec le plugin Emailchef pour WordPress - Emailchef<\/title>\n<meta name=\"robots\" content=\"index, follow, max-snippet:-1, max-image-preview:large, max-video-preview:-1\" \/>\n<link rel=\"canonical\" href=\"https:\/\/emailchef.com\/fr\/email-marketing-avec-wordpress-et-emailchef\/\" \/>\n<meta name=\"twitter:label1\" content=\"Dur\u00e9e de lecture estim\u00e9e\" \/>\n\t<meta name=\"twitter:data1\" content=\"2 minutes\" \/>\n<!-- \/ Yoast SEO plugin. -->","yoast_head_json":{"title":"Faites cro\u00eetre votre liste de diffusion avec le plugin Emailchef pour WordPress - Emailchef","robots":{"index":"index","follow":"follow","max-snippet":"max-snippet:-1","max-image-preview":"max-image-preview:large","max-video-preview":"max-video-preview:-1"},"canonical":"https:\/\/emailchef.com\/fr\/email-marketing-avec-wordpress-et-emailchef\/","twitter_misc":{"Dur\u00e9e de lecture estim\u00e9e":"2 minutes"},"schema":{"@context":"https:\/\/schema.org","@graph":[{"@type":"WebPage","@id":"https:\/\/emailchef.com\/fr\/email-marketing-avec-wordpress-et-emailchef\/","url":"https:\/\/emailchef.com\/fr\/email-marketing-avec-wordpress-et-emailchef\/","name":"Faites cro\u00eetre votre liste de diffusion avec le plugin Emailchef pour WordPress - Emailchef","isPartOf":{"@id":"https:\/\/emailchef.com\/fr\/#website"},"primaryImageOfPage":{"@id":"https:\/\/emailchef.com\/fr\/email-marketing-avec-wordpress-et-emailchef\/#primaryimage"},"image":{"@id":"https:\/\/emailchef.com\/fr\/email-marketing-avec-wordpress-et-emailchef\/#primaryimage"},"thumbnailUrl":"https:\/\/emailchef.com\/wp-content\/uploads\/2024\/10\/emailchef_wordpress_plugin-1.png","datePublished":"2016-07-11T09:53:48+00:00","dateModified":"2025-01-27T14:13:03+00:00","breadcrumb":{"@id":"https:\/\/emailchef.com\/fr\/email-marketing-avec-wordpress-et-emailchef\/#breadcrumb"},"inLanguage":"fr-FR","potentialAction":[{"@type":"ReadAction","target":["https:\/\/emailchef.com\/fr\/email-marketing-avec-wordpress-et-emailchef\/"]}]},{"@type":"ImageObject","inLanguage":"fr-FR","@id":"https:\/\/emailchef.com\/fr\/email-marketing-avec-wordpress-et-emailchef\/#primaryimage","url":"https:\/\/emailchef.com\/wp-content\/uploads\/2024\/10\/emailchef_wordpress_plugin-1.png","contentUrl":"https:\/\/emailchef.com\/wp-content\/uploads\/2024\/10\/emailchef_wordpress_plugin-1.png"},{"@type":"BreadcrumbList","@id":"https:\/\/emailchef.com\/fr\/email-marketing-avec-wordpress-et-emailchef\/#breadcrumb","itemListElement":[{"@type":"ListItem","position":1,"name":"Home","item":"https:\/\/emailchef.com\/fr\/mailchef-email-marketing-emailing-et-envoi-newsletter\/"},{"@type":"ListItem","position":2,"name":"Faites cro\u00eetre votre liste de diffusion avec le plugin Emailchef pour WordPress"}]},{"@type":"WebSite","@id":"https:\/\/emailchef.com\/fr\/#website","url":"https:\/\/emailchef.com\/fr\/","name":"Emailchef","description":"Recettes go\u00fbteuses pour vos emails","publisher":{"@id":"https:\/\/emailchef.com\/fr\/#organization"},"potentialAction":[{"@type":"SearchAction","target":{"@type":"EntryPoint","urlTemplate":"https:\/\/emailchef.com\/fr\/?s={search_term_string}"},"query-input":{"@type":"PropertyValueSpecification","valueRequired":true,"valueName":"search_term_string"}}],"inLanguage":"fr-FR"},{"@type":"Organization","@id":"https:\/\/emailchef.com\/fr\/#organization","name":"Delivery Tech Corp.","url":"https:\/\/emailchef.com\/fr\/","logo":{"@type":"ImageObject","inLanguage":"fr-FR","@id":"https:\/\/emailchef.com\/fr\/#\/schema\/logo\/image\/","url":"https:\/\/emailchef.com\/wp-content\/uploads\/2022\/04\/logo-sama.png","contentUrl":"https:\/\/emailchef.com\/wp-content\/uploads\/2022\/04\/logo-sama.png","width":237,"height":80,"caption":"Delivery Tech Corp."},"image":{"@id":"https:\/\/emailchef.com\/fr\/#\/schema\/logo\/image\/"}}]}},"_links":{"self":[{"href":"https:\/\/emailchef.com\/fr\/wp-json\/wp\/v2\/pages\/5862"}],"collection":[{"href":"https:\/\/emailchef.com\/fr\/wp-json\/wp\/v2\/pages"}],"about":[{"href":"https:\/\/emailchef.com\/fr\/wp-json\/wp\/v2\/types\/page"}],"author":[{"embeddable":true,"href":"https:\/\/emailchef.com\/fr\/wp-json\/wp\/v2\/users\/5"}],"replies":[{"embeddable":true,"href":"https:\/\/emailchef.com\/fr\/wp-json\/wp\/v2\/comments?post=5862"}],"version-history":[{"count":21,"href":"https:\/\/emailchef.com\/fr\/wp-json\/wp\/v2\/pages\/5862\/revisions"}],"predecessor-version":[{"id":78891,"href":"https:\/\/emailchef.com\/fr\/wp-json\/wp\/v2\/pages\/5862\/revisions\/78891"}],"wp:attachment":[{"href":"https:\/\/emailchef.com\/fr\/wp-json\/wp\/v2\/media?parent=5862"}],"wp:term":[{"taxonomy":"g1_relation_tag","embeddable":true,"href":"https:\/\/emailchef.com\/fr\/wp-json\/wp\/v2\/g1_relation_tag?post=5862"}],"curies":[{"name":"wp","href":"https:\/\/api.w.org\/{rel}","templated":true}]}}