{"id":49092,"date":"2021-12-16T10:13:23","date_gmt":"2021-12-16T10:13:23","guid":{"rendered":"https:\/\/emailchef.com\/?page_id=49092"},"modified":"2021-12-17T10:04:14","modified_gmt":"2021-12-17T10:04:14","slug":"utilisez-des-balises-pour-organiser-vos-campagnes-et-autorepondeurs","status":"publish","type":"page","link":"https:\/\/emailchef.com\/fr\/base-de-connaissance\/utilisez-des-balises-pour-organiser-vos-campagnes-et-autorepondeurs\/","title":{"rendered":"Utilisez des balises pour organiser vos campagnes et autor\u00e9pondeurs"},"content":{"rendered":"<div class=\"gb-container gb-container-54dd086e\"><div class=\"gb-inside-container\">\n\n<p>Les balises sont un moyen simple d&#8217;organiser vos campagnes et autor\u00e9pondeurs dans Emailchef. Ils vous permettent \u00e9galement de filtrer pour faire la recherche de campagnes et d\u2019autor\u00e9pondeurs.<\/p>\n\n\n\n<p>Il existe plusieurs fa\u00e7ons de cr\u00e9er des balises et de les ajouter \u00e0 vos campagnes et autor\u00e9pondeurs, vous pouvez aussi les modifier ou les supprimer \u00e0 tout moment.<\/p>\n\n\n\n<p>Les balises que vous cr\u00e9ez resteront dans votre campagne quel que soit le statut de la campagne, qu&#8217;il s&#8217;agisse d&#8217;un brouillon, d&#8217;une campagne programm\u00e9e, d&#8217;une campagne envoy\u00e9e ou archiv\u00e9e. Les balises restent \u00e9galement ajout\u00e9es \u00e0 vos autor\u00e9pondeurs, qu&#8217;elles soient activ\u00e9es ou non.<\/p>\n\n\n\n<p>Dans cet article, vous apprendrez \u00e0:<\/p>\n\n\n\n<ul class=\"wp-block-list\"><li>Cr\u00e9er, modifier et supprimer des balises dans n&#8217;importe quelle campagne ou autor\u00e9pondeur,<\/li><li>Rechercher et filtrer les campagnes et autor\u00e9pondeurs par balise,<\/li><li>Renommer ou supprimer des balises dans Emailchef.<\/li><\/ul>\n\n<\/div><\/div>\n\n<div class=\"gb-container gb-container-37d9bc56\"><div class=\"gb-inside-container\">\n\n<h2 class=\"wp-block-heading\">Cr\u00e9ez une balise dans votre campagne ou autor\u00e9pondeur<\/h2>\n\n\n\n<p>Pour cr\u00e9er une balise pour vos campagnes ou autor\u00e9pondeurs, veuillez suivre ces \u00e9tapes:<\/p>\n\n\n\n<div style=\"height:30px\" aria-hidden=\"true\" class=\"wp-block-spacer\"><\/div>\n\n\n\n<p><strong>1.<\/strong> Lors de la cr\u00e9ation d&#8217;une nouvelle campagne ou autor\u00e9pondeur, cliquez sur le champ Balise.<\/p>\n\n\n\n<figure class=\"wp-block-image size-full is-resized\"><a href=\"https:\/\/emailchef.com\/wp-content\/uploads\/2021\/12\/set-campagn-name.jpg\"><img fetchpriority=\"high\" decoding=\"async\" src=\"https:\/\/emailchef.com\/wp-content\/uploads\/2021\/12\/set-campagn-name.jpg\" alt=\"Cr\u00e9ez une balise dans votre campagne\" class=\"wp-image-48744\" width=\"675\" height=\"135\"\/><\/a><\/figure>\n\n\n\n<p>Au contraire, pour cr\u00e9er un nouveau balise dans une campagne ou une autor\u00e9pondeur existante, cliquez sur la fl\u00e8che \u00e0 c\u00f4t\u00e9 du bouton Modifier et s\u00e9lectionnez \u201cD\u00e9finir la balise\u201d dans le menu d\u00e9roulant.<\/p>\n\n\n\n<figure class=\"wp-block-image size-full is-resized\"><a href=\"https:\/\/emailchef.com\/wp-content\/uploads\/2021\/12\/set-campaign-label.jpg\"><img decoding=\"async\" src=\"https:\/\/emailchef.com\/wp-content\/uploads\/2021\/12\/set-campaign-label.jpg\" alt=\"Cr\u00e9ez une balise dans votre campagne\" class=\"wp-image-48764\" width=\"173\" height=\"160\"\/><\/a><\/figure>\n\n\n\n<div style=\"height:30px\" aria-hidden=\"true\" class=\"wp-block-spacer\"><\/div>\n\n\n\n<p><strong>2.<\/strong> Dans la barre de recherche de la fen\u00eatre pop-up, saisissez le nom de votre balise. Dans cet exemple, nous utilisons &#8220;SEO&#8221;.<\/p>\n\n\n\n<figure class=\"wp-block-image size-full is-resized\"><a href=\"https:\/\/emailchef.com\/wp-content\/uploads\/2021\/12\/search-campaign-label.jpg\"><img decoding=\"async\" src=\"https:\/\/emailchef.com\/wp-content\/uploads\/2021\/12\/search-campaign-label.jpg\" alt=\"Cr\u00e9ez une balise dans votre campagne\" class=\"wp-image-48782\" width=\"450\" height=\"141\"\/><\/a><\/figure>\n\n\n\n<div style=\"height:30px\" aria-hidden=\"true\" class=\"wp-block-spacer\"><\/div>\n\n\n\n<p><strong>3.<\/strong> Cliquez sur le bouton &#8220;+ Ajouter une balise&#8221;.<\/p>\n\n\n\n<figure class=\"wp-block-image size-full is-resized\"><a href=\"https:\/\/emailchef.com\/wp-content\/uploads\/2021\/12\/set-new-campaign-label.jpg\"><img loading=\"lazy\" decoding=\"async\" src=\"https:\/\/emailchef.com\/wp-content\/uploads\/2021\/12\/set-new-campaign-label.jpg\" alt=\"Cr\u00e9ez une balise dans votre campagne\" class=\"wp-image-48800\" width=\"450\" height=\"159\"\/><\/a><\/figure>\n\n\n\n<div style=\"height:30px\" aria-hidden=\"true\" class=\"wp-block-spacer\"><\/div>\n\n\n\n<p><strong>4.<\/strong> Et cliquez sur &#8220;Enregistrer&#8221;.<\/p>\n\n\n\n<figure class=\"wp-block-image size-full is-resized\"><a href=\"https:\/\/emailchef.com\/wp-content\/uploads\/2021\/12\/save-new-campaign-label.jpg\"><img loading=\"lazy\" decoding=\"async\" src=\"https:\/\/emailchef.com\/wp-content\/uploads\/2021\/12\/save-new-campaign-label.jpg\" alt=\"Cr\u00e9ez une balise dans votre campagne\" class=\"wp-image-48818\" width=\"450\" height=\"340\"\/><\/a><\/figure>\n\n\n\n<div style=\"height:30px\" aria-hidden=\"true\" class=\"wp-block-spacer\"><\/div>\n\n\n\n<p><strong>5.<\/strong> Et voil\u00e0 ! Votre balise a \u00e9t\u00e9 ajout\u00e9e \u00e0 votre campagne ou autor\u00e9pondeur.<\/p>\n\n\n\n<figure class=\"wp-block-image size-full is-resized\"><a href=\"https:\/\/emailchef.com\/wp-content\/uploads\/2021\/12\/add-label-campaign.jpg\"><img loading=\"lazy\" decoding=\"async\" src=\"https:\/\/emailchef.com\/wp-content\/uploads\/2021\/12\/add-label-campaign.jpg\" alt=\"Cr\u00e9ez une balise dans votre campagne\" class=\"wp-image-48844\" width=\"675\" height=\"142\"\/><\/a><\/figure>\n\n\n\n<figure class=\"wp-block-image size-full is-resized\"><a href=\"https:\/\/emailchef.com\/wp-content\/uploads\/2021\/12\/add-label-campaign-2.jpg\"><img loading=\"lazy\" decoding=\"async\" src=\"https:\/\/emailchef.com\/wp-content\/uploads\/2021\/12\/add-label-campaign-2.jpg\" alt=\"Cr\u00e9ez une balise dans votre campagne\" class=\"wp-image-48862\" width=\"497\" height=\"133\"\/><\/a><\/figure>\n\n<\/div><\/div>\n\n<div class=\"gb-container gb-container-1915a013\"><div class=\"gb-inside-container\">\n\n<h2 class=\"wp-block-heading\">Changer une balise dans votre campagne ou autor\u00e9pondeur<\/h2>\n\n\n\n<p>Vous pouvez modifier vos balises dans n&#8217;importe quelle de vos campagnes ou autor\u00e9pondeurs \u00e0 tout moment.<br>Pour modifier une balise, veuillez suivre ces \u00e9tapes:<\/p>\n\n\n\n<div style=\"height:30px\" aria-hidden=\"true\" class=\"wp-block-spacer\"><\/div>\n\n\n\n<p><strong>1. <\/strong>Cliquez sur la fl\u00e8che \u00e0 c\u00f4t\u00e9 du bouton Modifier et s\u00e9lectionnez &#8220;D\u00e9finir la balise&#8221; dans le menu d\u00e9roulant.<\/p>\n\n\n\n<figure class=\"wp-block-image size-full is-resized\"><a href=\"https:\/\/emailchef.com\/wp-content\/uploads\/2021\/12\/edit-campaign-label.jpg\"><img loading=\"lazy\" decoding=\"async\" src=\"https:\/\/emailchef.com\/wp-content\/uploads\/2021\/12\/edit-campaign-label.jpg\" alt=\"Changer une balise dans votre campagne\" class=\"wp-image-48882\" width=\"227\" height=\"208\"\/><\/a><\/figure>\n\n\n\n<div style=\"height:30px\" aria-hidden=\"true\" class=\"wp-block-spacer\"><\/div>\n\n\n\n<p><strong>2. <\/strong>Dans la fen\u00eatre pop-up, s\u00e9lectionnez une autre balise ou cr\u00e9ez une nouvelle balise dans la barre de recherche et cliquez sur \u201cEnregistrer les modifications\u201d.<\/p>\n\n\n\n<figure class=\"wp-block-image size-full is-resized\"><a href=\"https:\/\/emailchef.com\/wp-content\/uploads\/2021\/12\/edit-campaign-label-2.jpg\"><img loading=\"lazy\" decoding=\"async\" src=\"https:\/\/emailchef.com\/wp-content\/uploads\/2021\/12\/edit-campaign-label-2.jpg\" alt=\"Changer une balise dans votre campagne\" class=\"wp-image-48900\" width=\"450\" height=\"338\"\/><\/a><\/figure>\n\n\n\n<div style=\"height:30px\" aria-hidden=\"true\" class=\"wp-block-spacer\"><\/div>\n\n\n\n<p><strong>3.<\/strong> Et voil\u00e0!. La balise a maintenant \u00e9t\u00e9 modifi\u00e9e pour votre campagne ou autor\u00e9pondeur.<\/p>\n\n<\/div><\/div>\n\n<div class=\"gb-container gb-container-b2852792\"><div class=\"gb-inside-container\">\n\n<h2 class=\"wp-block-heading\">Supprimer une balise de votre campagne ou autor\u00e9pondeur<\/h2>\n\n\n\n<p>Pour supprimer une balise de l&#8217;une de vos campagnes ou autor\u00e9pondeurs, proc\u00e9dez comme suit:<\/p>\n\n\n\n<div style=\"height:30px\" aria-hidden=\"true\" class=\"wp-block-spacer\"><\/div>\n\n\n\n<p><strong>1.<\/strong> Cliquez sur la fl\u00e8che \u00e0 c\u00f4t\u00e9 du bouton Modifier et s\u00e9lectionnez &#8220;D\u00e9finir la balise&#8221; dans le menu d\u00e9roulant.<\/p>\n\n\n\n<figure class=\"wp-block-image size-full is-resized\"><a href=\"https:\/\/emailchef.com\/wp-content\/uploads\/2021\/12\/remove-campaign-label.jpg\"><img loading=\"lazy\" decoding=\"async\" src=\"https:\/\/emailchef.com\/wp-content\/uploads\/2021\/12\/remove-campaign-label.jpg\" alt=\"Supprimer une balise de votre campagne\" class=\"wp-image-48918\" width=\"227\" height=\"208\"\/><\/a><\/figure>\n\n\n\n<div style=\"height:30px\" aria-hidden=\"true\" class=\"wp-block-spacer\"><\/div>\n\n\n\n<p><strong>2.<\/strong> Dans la fen\u00eatre pop-up, cliquez sur le bouton &#8220;Supprimer la balise&#8221;.<\/p>\n\n\n\n<figure class=\"wp-block-image size-full is-resized\"><a href=\"https:\/\/emailchef.com\/wp-content\/uploads\/2021\/12\/remove-campaign-label-2.jpg\"><img loading=\"lazy\" decoding=\"async\" src=\"https:\/\/emailchef.com\/wp-content\/uploads\/2021\/12\/remove-campaign-label-2.jpg\" alt=\"Supprimer une balise de votre campagne\" class=\"wp-image-48936\" width=\"450\" height=\"320\"\/><\/a><\/figure>\n\n\n\n<div style=\"height:30px\" aria-hidden=\"true\" class=\"wp-block-spacer\"><\/div>\n\n\n\n<p><strong>3.<\/strong> Cliquez ensuite sur \u201cConfirmer\u201d et vous avez termin\u00e9. La balise sera supprim\u00e9e de votre campagne ou de votre autor\u00e9pondeur.<\/p>\n\n<\/div><\/div>\n\n<div class=\"gb-container gb-container-48fb510b\"><div class=\"gb-inside-container\">\n\n<h2 class=\"wp-block-heading\">Filtrez vos campagnes ou autor\u00e9pondeurs avec des balises<\/h2>\n\n\n\n<p>Pour filtrer les campagnes ou les autor\u00e9pondeurs qui incluent des balises, veuillez suivre ces \u00e9tapes:<\/p>\n\n\n\n<div style=\"height:30px\" aria-hidden=\"true\" class=\"wp-block-spacer\"><\/div>\n\n\n\n<p><strong>1.<\/strong> Cliquez sur la barre de recherche appel\u00e9e \u201cFiltre de balises\u201d pour afficher une liste de toutes les balises que vous avez cr\u00e9\u00e9es.<br><br><em>Astuce: commencez \u00e0 taper le nom de la balise et le filtre affichera les options par correspondance.<\/em><\/p>\n\n\n\n<figure class=\"wp-block-image size-full is-resized\"><a href=\"https:\/\/emailchef.com\/wp-content\/uploads\/2021\/12\/filter-campaign-label.jpg\"><img loading=\"lazy\" decoding=\"async\" src=\"https:\/\/emailchef.com\/wp-content\/uploads\/2021\/12\/filter-campaign-label.jpg\" alt=\"Filtrez vos campagnes ou autor\u00e9pondeurs avec des balises\" class=\"wp-image-48954\" width=\"368\" height=\"200\"\/><\/a><\/figure>\n\n\n\n<div style=\"height:30px\" aria-hidden=\"true\" class=\"wp-block-spacer\"><\/div>\n\n\n\n<p><strong>2.<\/strong> S\u00e9lectionnez une balise \u00e0 filtrer et vous verrez toutes les campagnes ou autor\u00e9pondeurs qui contiennent cette balise.<\/p>\n\n<\/div><\/div>\n\n<div class=\"gb-container gb-container-1b8a21ad\"><div class=\"gb-inside-container\">\n\n<h2 class=\"wp-block-heading\">Renommer une balise<\/h2>\n\n\n\n<p>Vous pouvez modifier le nom de vos balises \u00e0 tout moment. Le changement des balises affecte toutes les campagnes et autor\u00e9pondeurs qui portent la m\u00eame balise.<\/p>\n\n\n\n<p>Pour changer le nom d&#8217;une balise, veuillez suivre ces \u00e9tapes:<\/p>\n\n\n\n<div style=\"height:30px\" aria-hidden=\"true\" class=\"wp-block-spacer\"><\/div>\n\n\n\n<p><strong>1. <\/strong>Cliquez sur le &#8220;Filtre de balises\u201d.<\/p>\n\n\n\n<figure class=\"wp-block-image size-full is-resized\"><a href=\"https:\/\/emailchef.com\/wp-content\/uploads\/2021\/12\/filter-campaign-label.jpg\"><img loading=\"lazy\" decoding=\"async\" src=\"https:\/\/emailchef.com\/wp-content\/uploads\/2021\/12\/filter-campaign-label.jpg\" alt=\"Renommer une balise\" class=\"wp-image-48954\" width=\"368\" height=\"200\"\/><\/a><\/figure>\n\n\n\n<div style=\"height:30px\" aria-hidden=\"true\" class=\"wp-block-spacer\"><\/div>\n\n\n\n<p><strong>2. <\/strong>Survolez la balise que vous souhaitez modifier et cliquez sur l&#8217;ic\u00f4ne \u201cModifier\u201d.<\/p>\n\n\n\n<figure class=\"wp-block-image size-full is-resized\"><a href=\"https:\/\/emailchef.com\/wp-content\/uploads\/2021\/12\/rename-campaign-label.jpg\"><img loading=\"lazy\" decoding=\"async\" src=\"https:\/\/emailchef.com\/wp-content\/uploads\/2021\/12\/rename-campaign-label.jpg\" alt=\"Renommer une balise\" class=\"wp-image-48974\" width=\"350\" height=\"203\"\/><\/a><\/figure>\n\n\n\n<div style=\"height:30px\" aria-hidden=\"true\" class=\"wp-block-spacer\"><\/div>\n\n\n\n<p><strong>3.<\/strong> Saisissez le nom de la nouvelle balise et cliquez sur l&#8217;ic\u00f4ne &#8220;Enregistrer&#8221;.<\/p>\n\n\n\n<figure class=\"wp-block-image size-full is-resized\"><a href=\"https:\/\/emailchef.com\/wp-content\/uploads\/2021\/12\/rename-campaign-label-2.jpg\"><img loading=\"lazy\" decoding=\"async\" src=\"https:\/\/emailchef.com\/wp-content\/uploads\/2021\/12\/rename-campaign-label-2.jpg\" alt=\"Renommer une balise\" class=\"wp-image-48992\" width=\"348\" height=\"200\"\/><\/a><\/figure>\n\n\n\n<div style=\"height:30px\" aria-hidden=\"true\" class=\"wp-block-spacer\"><\/div>\n\n\n\n<p><strong>4.<\/strong> Voil\u00e0!. La balise a \u00e9t\u00e9 chang\u00e9e.<\/p>\n\n<\/div><\/div>\n\n<div class=\"gb-container gb-container-11b517e1\"><div class=\"gb-inside-container\">\n\n<h2 class=\"wp-block-heading\">Supprimer une balise<\/h2>\n\n\n\n<p>Pour supprimer une balise dont vous n&#8217;avez plus besoin, veuillez suivre ces instructions:<\/p>\n\n\n\n<div style=\"height:30px\" aria-hidden=\"true\" class=\"wp-block-spacer\"><\/div>\n\n\n\n<p><strong>1.<\/strong> Cliquez sur le &#8220;Filtre de balises&#8221;.<\/p>\n\n\n\n<figure class=\"wp-block-image size-full is-resized\"><a href=\"https:\/\/emailchef.com\/wp-content\/uploads\/2021\/12\/filter-campaign-label-1.jpg\"><img loading=\"lazy\" decoding=\"async\" src=\"https:\/\/emailchef.com\/wp-content\/uploads\/2021\/12\/filter-campaign-label-1.jpg\" alt=\"Supprimer une balise\" class=\"wp-image-49010\" width=\"368\" height=\"200\"\/><\/a><\/figure>\n\n\n\n<div style=\"height:30px\" aria-hidden=\"true\" class=\"wp-block-spacer\"><\/div>\n\n\n\n<p><strong>2.<\/strong> Survolez la balise que vous souhaitez supprimer et cliquez sur l&#8217;ic\u00f4ne &#8220;Supprimer&#8221;.<\/p>\n\n\n\n<figure class=\"wp-block-image size-full is-resized\"><a href=\"https:\/\/emailchef.com\/wp-content\/uploads\/2021\/12\/delete-label-campaign.jpg\"><img loading=\"lazy\" decoding=\"async\" src=\"https:\/\/emailchef.com\/wp-content\/uploads\/2021\/12\/delete-label-campaign.jpg\" alt=\"Supprimer une balise\" class=\"wp-image-49028\" width=\"380\" height=\"209\"\/><\/a><\/figure>\n\n\n\n<div style=\"height:30px\" aria-hidden=\"true\" class=\"wp-block-spacer\"><\/div>\n\n\n\n<p><strong>3.<\/strong> Et pour terminer l&#8217;action, cliquez sur le bouton \u201cConfirmer\u201d  dans la fen\u00eatre pop-up pour supprimer la balise.<br><br><em>Remarque: Les campagnes ou les autor\u00e9pondeurs qui contiennent cette balise resteront intactes dans votre compte, elles ne porteront tout simplement plus cette balise.<\/em><\/p>\n\n<\/div><\/div>\n\n\n<p><\/p>\n","protected":false},"excerpt":{"rendered":"<p>Les balises sont un moyen simple d&#8217;organiser vos campagnes et autor\u00e9pondeurs dans Emailchef. Ils vous permettent \u00e9galement de filtrer pour faire la recherche de campagnes et d\u2019autor\u00e9pondeurs. Il existe plusieurs fa\u00e7ons de cr\u00e9er des balises et de les ajouter \u00e0 vos campagnes et autor\u00e9pondeurs, vous pouvez aussi les modifier ou les supprimer \u00e0 tout moment. [&hellip;]<\/p>\n","protected":false},"author":1,"featured_media":0,"parent":1193,"menu_order":0,"comment_status":"closed","ping_status":"closed","template":"","meta":{"_acf_changed":false,"inline_featured_image":false,"footnotes":""},"g1_relation_tag":[],"class_list":["post-49092","page","type-page","status-publish","hentry"],"acf":[],"yoast_head":"<!-- This site is optimized with the Yoast SEO plugin v24.8.1 - https:\/\/yoast.com\/wordpress\/plugins\/seo\/ -->\n<title>Utilisez des balises pour organiser vos campagnes et autor\u00e9pondeurs<\/title>\n<meta name=\"description\" content=\"Les balises sont un moyen simple d&#039;organiser vos campagnes et autor\u00e9pondeurs dans Emailchef. D\u00e9couvrez leur fonctionnement dans ce tutoriel.\" \/>\n<meta name=\"robots\" content=\"index, follow, max-snippet:-1, max-image-preview:large, max-video-preview:-1\" \/>\n<link rel=\"canonical\" href=\"https:\/\/emailchef.com\/fr\/base-de-connaissance\/utilisez-des-balises-pour-organiser-vos-campagnes-et-autorepondeurs\/\" \/>\n<meta name=\"twitter:label1\" content=\"Dur\u00e9e de lecture estim\u00e9e\" \/>\n\t<meta name=\"twitter:data1\" content=\"7 minutes\" \/>\n<!-- \/ Yoast SEO plugin. -->","yoast_head_json":{"title":"Utilisez des balises pour organiser vos campagnes et autor\u00e9pondeurs","description":"Les balises sont un moyen simple d'organiser vos campagnes et autor\u00e9pondeurs dans Emailchef. D\u00e9couvrez leur fonctionnement dans ce tutoriel.","robots":{"index":"index","follow":"follow","max-snippet":"max-snippet:-1","max-image-preview":"max-image-preview:large","max-video-preview":"max-video-preview:-1"},"canonical":"https:\/\/emailchef.com\/fr\/base-de-connaissance\/utilisez-des-balises-pour-organiser-vos-campagnes-et-autorepondeurs\/","twitter_misc":{"Dur\u00e9e de lecture estim\u00e9e":"7 minutes"},"schema":{"@context":"https:\/\/schema.org","@graph":[{"@type":"WebPage","@id":"https:\/\/emailchef.com\/fr\/base-de-connaissance\/utilisez-des-balises-pour-organiser-vos-campagnes-et-autorepondeurs\/","url":"https:\/\/emailchef.com\/fr\/base-de-connaissance\/utilisez-des-balises-pour-organiser-vos-campagnes-et-autorepondeurs\/","name":"Utilisez des balises pour organiser vos campagnes et autor\u00e9pondeurs","isPartOf":{"@id":"https:\/\/emailchef.com\/fr\/#website"},"primaryImageOfPage":{"@id":"https:\/\/emailchef.com\/fr\/base-de-connaissance\/utilisez-des-balises-pour-organiser-vos-campagnes-et-autorepondeurs\/#primaryimage"},"image":{"@id":"https:\/\/emailchef.com\/fr\/base-de-connaissance\/utilisez-des-balises-pour-organiser-vos-campagnes-et-autorepondeurs\/#primaryimage"},"thumbnailUrl":"https:\/\/emailchef.com\/wp-content\/uploads\/2021\/12\/set-campagn-name.jpg","datePublished":"2021-12-16T10:13:23+00:00","dateModified":"2021-12-17T10:04:14+00:00","description":"Les balises sont un moyen simple d'organiser vos campagnes et autor\u00e9pondeurs dans Emailchef. D\u00e9couvrez leur fonctionnement dans ce tutoriel.","breadcrumb":{"@id":"https:\/\/emailchef.com\/fr\/base-de-connaissance\/utilisez-des-balises-pour-organiser-vos-campagnes-et-autorepondeurs\/#breadcrumb"},"inLanguage":"fr-FR","potentialAction":[{"@type":"ReadAction","target":["https:\/\/emailchef.com\/fr\/base-de-connaissance\/utilisez-des-balises-pour-organiser-vos-campagnes-et-autorepondeurs\/"]}]},{"@type":"ImageObject","inLanguage":"fr-FR","@id":"https:\/\/emailchef.com\/fr\/base-de-connaissance\/utilisez-des-balises-pour-organiser-vos-campagnes-et-autorepondeurs\/#primaryimage","url":"https:\/\/emailchef.com\/wp-content\/uploads\/2021\/12\/set-campagn-name.jpg","contentUrl":"https:\/\/emailchef.com\/wp-content\/uploads\/2021\/12\/set-campagn-name.jpg"},{"@type":"BreadcrumbList","@id":"https:\/\/emailchef.com\/fr\/base-de-connaissance\/utilisez-des-balises-pour-organiser-vos-campagnes-et-autorepondeurs\/#breadcrumb","itemListElement":[{"@type":"ListItem","position":1,"name":"Home","item":"https:\/\/emailchef.com\/fr\/mailchef-email-marketing-emailing-et-envoi-newsletter\/"},{"@type":"ListItem","position":2,"name":"Base de connaissance","item":"https:\/\/emailchef.com\/fr\/base-de-connaissance\/"},{"@type":"ListItem","position":3,"name":"Utilisez des balises pour organiser vos campagnes et autor\u00e9pondeurs"}]},{"@type":"WebSite","@id":"https:\/\/emailchef.com\/fr\/#website","url":"https:\/\/emailchef.com\/fr\/","name":"Emailchef","description":"Recettes go\u00fbteuses pour vos emails","publisher":{"@id":"https:\/\/emailchef.com\/fr\/#organization"},"potentialAction":[{"@type":"SearchAction","target":{"@type":"EntryPoint","urlTemplate":"https:\/\/emailchef.com\/fr\/?s={search_term_string}"},"query-input":{"@type":"PropertyValueSpecification","valueRequired":true,"valueName":"search_term_string"}}],"inLanguage":"fr-FR"},{"@type":"Organization","@id":"https:\/\/emailchef.com\/fr\/#organization","name":"Delivery Tech Corp.","url":"https:\/\/emailchef.com\/fr\/","logo":{"@type":"ImageObject","inLanguage":"fr-FR","@id":"https:\/\/emailchef.com\/fr\/#\/schema\/logo\/image\/","url":"https:\/\/emailchef.com\/wp-content\/uploads\/2022\/04\/logo-sama.png","contentUrl":"https:\/\/emailchef.com\/wp-content\/uploads\/2022\/04\/logo-sama.png","width":237,"height":80,"caption":"Delivery Tech Corp."},"image":{"@id":"https:\/\/emailchef.com\/fr\/#\/schema\/logo\/image\/"}}]}},"_links":{"self":[{"href":"https:\/\/emailchef.com\/fr\/wp-json\/wp\/v2\/pages\/49092"}],"collection":[{"href":"https:\/\/emailchef.com\/fr\/wp-json\/wp\/v2\/pages"}],"about":[{"href":"https:\/\/emailchef.com\/fr\/wp-json\/wp\/v2\/types\/page"}],"author":[{"embeddable":true,"href":"https:\/\/emailchef.com\/fr\/wp-json\/wp\/v2\/users\/1"}],"replies":[{"embeddable":true,"href":"https:\/\/emailchef.com\/fr\/wp-json\/wp\/v2\/comments?post=49092"}],"version-history":[{"count":2,"href":"https:\/\/emailchef.com\/fr\/wp-json\/wp\/v2\/pages\/49092\/revisions"}],"predecessor-version":[{"id":49096,"href":"https:\/\/emailchef.com\/fr\/wp-json\/wp\/v2\/pages\/49092\/revisions\/49096"}],"up":[{"embeddable":true,"href":"https:\/\/emailchef.com\/fr\/wp-json\/wp\/v2\/pages\/1193"}],"wp:attachment":[{"href":"https:\/\/emailchef.com\/fr\/wp-json\/wp\/v2\/media?parent=49092"}],"wp:term":[{"taxonomy":"g1_relation_tag","embeddable":true,"href":"https:\/\/emailchef.com\/fr\/wp-json\/wp\/v2\/g1_relation_tag?post=49092"}],"curies":[{"name":"wp","href":"https:\/\/api.w.org\/{rel}","templated":true}]}}