{"id":40322,"date":"2020-09-22T09:49:40","date_gmt":"2020-09-22T09:49:40","guid":{"rendered":"https:\/\/emailchef.com\/?page_id=40322"},"modified":"2021-07-27T15:19:50","modified_gmt":"2021-07-27T15:19:50","slug":"comment-creer-un-message-automatique-pour-un-panier-abandonne","status":"publish","type":"page","link":"https:\/\/emailchef.com\/fr\/base-de-connaissance\/comment-creer-un-message-automatique-pour-un-panier-abandonne\/","title":{"rendered":"Comment Cr\u00e9er un Message Automatique pour un Panier Abandonn\u00e9"},"content":{"rendered":"<p><span style=\"font-weight: 400;\">Vous avez une <\/span><b>boutique en ligne<\/b><span style=\"font-weight: 400;\"> et souhaitez profiter d&#8217;Emailchef pour<\/span><b> augmenter vos ventes<\/b><span style=\"font-weight: 400;\">?<\/span><\/p>\n<p><span style=\"font-weight: 400;\">En cr\u00e9ant un segment de liste et en utilisant des autor\u00e9pondeurs, vous pouvez envoyer <\/span><b>un e-mail automatique de panier abandonn\u00e9<\/b><span style=\"font-weight: 400;\"> \u00e0 tous les clients qui ont laiss\u00e9 au moins un article dans le panier sans finaliser l&#8217;achat.<\/span><\/p>\n<p><a href=\"https:\/\/emailchef.com\/wp-content\/uploads\/2021\/05\/Screenshot_28.jpg\" rel=\"lightbox\"><img fetchpriority=\"high\" decoding=\"async\" class=\"alignnone wp-image-40324\" src=\"https:\/\/emailchef.com\/wp-content\/uploads\/2021\/05\/Screenshot_28.jpg\" alt=\"\" width=\"479\" height=\"829\" srcset=\"https:\/\/emailchef.com\/wp-content\/uploads\/2021\/05\/Screenshot_28.jpg 652w, https:\/\/emailchef.com\/wp-content\/uploads\/2021\/05\/Screenshot_28-173x300.jpg 173w, https:\/\/emailchef.com\/wp-content\/uploads\/2021\/05\/Screenshot_28-592x1024.jpg 592w, https:\/\/emailchef.com\/wp-content\/uploads\/2021\/05\/Screenshot_28-636x1100.jpg 636w, https:\/\/emailchef.com\/wp-content\/uploads\/2021\/05\/Screenshot_28-320x554.jpg 320w, https:\/\/emailchef.com\/wp-content\/uploads\/2021\/05\/Screenshot_28-239x413.jpg 239w\" sizes=\"(max-width: 479px) 100vw, 479px\" \/><\/a><\/p>\n<p><span style=\"font-weight: 400;\">Voyons comment envoyer un e-mail automatique de panier abandonn\u00e9 \u00e0 vos contacts.<\/span><\/p>\n<p><span style=\"font-weight: 400;\">Tout d&#8217;abord, assurez-vous que <\/span><b>l&#8217;un de nos plugins pour l\u2019ecommerce est d\u00e9j\u00e0 li\u00e9 \u00e0 une liste dans votre compte Emailchef<\/b><span style=\"font-weight: 400;\"> (<\/span><span style=\"font-weight: 400;\">comme PrestaShop, Magento ou WooCommerce)<\/span><\/p>\n<p><span style=\"font-weight: 400;\">Pour lier l&#8217;un de nos plugins pour e-commerce, nous vous invitons \u00e0 regarder les tutoriels vid\u00e9o suivants: <\/span><span style=\"font-weight: 400;\"><a href=\"https:\/\/youtu.be\/tpepro8BwpE\">Connectez PrestaShop \u00e0 Emailchef<\/a>; <a href=\"https:\/\/youtu.be\/3YZ_ROHs-3g\">Connectez Magento \u00e0 Emailchef<\/a>; <a href=\"https:\/\/youtu.be\/UVbf-chuGSA\">Connectez WooCommerce \u00e0 Emailchef<\/a>.<\/span><\/p>\n<p><a href=\"https:\/\/emailchef.com\/wp-content\/uploads\/2021\/05\/Screenshot_29.jpg\" rel=\"lightbox\"><img decoding=\"async\" class=\"alignnone wp-image-40340 size-full\" src=\"https:\/\/emailchef.com\/wp-content\/uploads\/2021\/05\/Screenshot_29.jpg\" alt=\"\" width=\"1462\" height=\"438\" srcset=\"https:\/\/emailchef.com\/wp-content\/uploads\/2021\/05\/Screenshot_29.jpg 1462w, https:\/\/emailchef.com\/wp-content\/uploads\/2021\/05\/Screenshot_29-300x90.jpg 300w, https:\/\/emailchef.com\/wp-content\/uploads\/2021\/05\/Screenshot_29-768x230.jpg 768w, https:\/\/emailchef.com\/wp-content\/uploads\/2021\/05\/Screenshot_29-1024x307.jpg 1024w, https:\/\/emailchef.com\/wp-content\/uploads\/2021\/05\/Screenshot_29-968x290.jpg 968w, https:\/\/emailchef.com\/wp-content\/uploads\/2021\/05\/Screenshot_29-636x191.jpg 636w, https:\/\/emailchef.com\/wp-content\/uploads\/2021\/05\/Screenshot_29-320x96.jpg 320w, https:\/\/emailchef.com\/wp-content\/uploads\/2021\/05\/Screenshot_29-239x72.jpg 239w\" sizes=\"(max-width: 1462px) 100vw, 1462px\" \/><\/a><\/p>\n<p><b>1.<\/b> <a href=\"https:\/\/emailchef.com\/fr\/base-de-connaissance\/comment-creer-des-segments\/\"><b>Cr\u00e9ez un segment<\/b><\/a><span style=\"font-weight: 400;\"> pour identifier les clients qui ont laiss\u00e9 des articles dans leur panier. Dans le premier champ contenant la liste des conditions, s\u00e9lectionnez \u201cPanier abandonn\u00e9 Oui \/ Non\u201d. Et cochez la case pour confirmer cette condition. Cliquez sur &#8220;ENREGISTRER ET ACTUALISER LE COMPTE&#8221; pour cr\u00e9er ce segment de liste.<\/span><\/p>\n<p><a href=\"https:\/\/emailchef.com\/wp-content\/uploads\/2021\/05\/Screenshot_30.jpg\" rel=\"lightbox\"><img decoding=\"async\" class=\"alignnone wp-image-40356 size-full\" src=\"https:\/\/emailchef.com\/wp-content\/uploads\/2021\/05\/Screenshot_30.jpg\" alt=\"\" width=\"1221\" height=\"428\" srcset=\"https:\/\/emailchef.com\/wp-content\/uploads\/2021\/05\/Screenshot_30.jpg 1221w, https:\/\/emailchef.com\/wp-content\/uploads\/2021\/05\/Screenshot_30-300x105.jpg 300w, https:\/\/emailchef.com\/wp-content\/uploads\/2021\/05\/Screenshot_30-768x269.jpg 768w, https:\/\/emailchef.com\/wp-content\/uploads\/2021\/05\/Screenshot_30-1024x359.jpg 1024w, https:\/\/emailchef.com\/wp-content\/uploads\/2021\/05\/Screenshot_30-968x339.jpg 968w, https:\/\/emailchef.com\/wp-content\/uploads\/2021\/05\/Screenshot_30-636x223.jpg 636w, https:\/\/emailchef.com\/wp-content\/uploads\/2021\/05\/Screenshot_30-320x112.jpg 320w, https:\/\/emailchef.com\/wp-content\/uploads\/2021\/05\/Screenshot_30-239x84.jpg 239w\" sizes=\"(max-width: 1221px) 100vw, 1221px\" \/><\/a><\/p>\n<p><b>2<\/b><span style=\"font-weight: 400;\">. <\/span><a href=\"https:\/\/emailchef.com\/fr\/base-de-connaissance\/modifier-votre-email-et-ajouter-votre-contenu\/\"><b>Cr\u00e9ez un mod\u00e8le<\/b><\/a><span style=\"font-weight: 400;\"> \u00e0 envoyer aux contacts du segment de panier abandonn\u00e9. Emailchef dispose d\u00e9j\u00e0 de blocs cr\u00e9\u00e9s sp\u00e9cifiquement pour ce type de campagne dans son \u00e9diteur. Vous pouvez trouver ces blocs dans la cat\u00e9gorie &#8220;Sp\u00e9ciales&#8221;.<\/span><\/p>\n<p><a href=\"https:\/\/emailchef.com\/wp-content\/uploads\/2021\/05\/Screenshot_31.jpg\" rel=\"lightbox\"><img loading=\"lazy\" decoding=\"async\" class=\"alignnone wp-image-40372 size-full\" src=\"https:\/\/emailchef.com\/wp-content\/uploads\/2021\/05\/Screenshot_31.jpg\" alt=\"\" width=\"1462\" height=\"839\" srcset=\"https:\/\/emailchef.com\/wp-content\/uploads\/2021\/05\/Screenshot_31.jpg 1462w, https:\/\/emailchef.com\/wp-content\/uploads\/2021\/05\/Screenshot_31-300x172.jpg 300w, https:\/\/emailchef.com\/wp-content\/uploads\/2021\/05\/Screenshot_31-768x441.jpg 768w, https:\/\/emailchef.com\/wp-content\/uploads\/2021\/05\/Screenshot_31-1024x588.jpg 1024w, https:\/\/emailchef.com\/wp-content\/uploads\/2021\/05\/Screenshot_31-968x556.jpg 968w, https:\/\/emailchef.com\/wp-content\/uploads\/2021\/05\/Screenshot_31-636x365.jpg 636w, https:\/\/emailchef.com\/wp-content\/uploads\/2021\/05\/Screenshot_31-320x184.jpg 320w, https:\/\/emailchef.com\/wp-content\/uploads\/2021\/05\/Screenshot_31-239x137.jpg 239w\" sizes=\"(max-width: 1462px) 100vw, 1462px\" \/><\/a><\/p>\n<p><span style=\"font-weight: 400;\">Les blocs de panier abandonn\u00e9s incluent d\u00e9j\u00e0 un espace qui sera automatiquement remplac\u00e9 par l&#8217;image du produit le plus cher laiss\u00e9 par le client dans le panier. Les blocs contiennent \u00e9galement des \u00e9tiquettes de personnalisation qui correspondent aux donn\u00e9es du produit (nom, description, prix et devise), ainsi qu&#8217;un bouton li\u00e9 \u00e0 la page de ce produit sur votre site Web.<\/span><\/p>\n<p><a href=\"https:\/\/emailchef.com\/wp-content\/uploads\/2021\/05\/Screenshot_32.jpg\" rel=\"lightbox\"><img loading=\"lazy\" decoding=\"async\" class=\"alignnone wp-image-40388 size-full\" src=\"https:\/\/emailchef.com\/wp-content\/uploads\/2021\/05\/Screenshot_32.jpg\" alt=\"\" width=\"1462\" height=\"923\" srcset=\"https:\/\/emailchef.com\/wp-content\/uploads\/2021\/05\/Screenshot_32.jpg 1462w, https:\/\/emailchef.com\/wp-content\/uploads\/2021\/05\/Screenshot_32-300x189.jpg 300w, https:\/\/emailchef.com\/wp-content\/uploads\/2021\/05\/Screenshot_32-768x485.jpg 768w, https:\/\/emailchef.com\/wp-content\/uploads\/2021\/05\/Screenshot_32-1024x646.jpg 1024w, https:\/\/emailchef.com\/wp-content\/uploads\/2021\/05\/Screenshot_32-968x611.jpg 968w, https:\/\/emailchef.com\/wp-content\/uploads\/2021\/05\/Screenshot_32-636x402.jpg 636w, https:\/\/emailchef.com\/wp-content\/uploads\/2021\/05\/Screenshot_32-320x202.jpg 320w, https:\/\/emailchef.com\/wp-content\/uploads\/2021\/05\/Screenshot_32-239x151.jpg 239w\" sizes=\"(max-width: 1462px) 100vw, 1462px\" \/><\/a><\/p>\n<p><b>3<\/b><span style=\"font-weight: 400;\">. <\/span><b>Cr\u00e9ez un autor\u00e9pondeur <\/b><span style=\"font-weight: 400;\">pour automatiser l\u2019envoi de votre mod\u00e8le de notification du panier abandonn\u00e9.<\/span><\/p>\n<p><span style=\"font-weight: 400;\">Une fois que vous avez fini de cr\u00e9er le mod\u00e8le, cliquez sur \u201cEnregistrer et cr\u00e9er un autor\u00e9pondeur\u201d<\/span><\/p>\n<p><a href=\"https:\/\/emailchef.com\/wp-content\/uploads\/2021\/05\/Screenshot_33.jpg\" rel=\"lightbox\"><img loading=\"lazy\" decoding=\"async\" class=\"alignnone wp-image-40404 size-full\" src=\"https:\/\/emailchef.com\/wp-content\/uploads\/2021\/05\/Screenshot_33.jpg\" alt=\"\" width=\"1461\" height=\"926\" srcset=\"https:\/\/emailchef.com\/wp-content\/uploads\/2021\/05\/Screenshot_33.jpg 1461w, https:\/\/emailchef.com\/wp-content\/uploads\/2021\/05\/Screenshot_33-300x190.jpg 300w, https:\/\/emailchef.com\/wp-content\/uploads\/2021\/05\/Screenshot_33-768x487.jpg 768w, https:\/\/emailchef.com\/wp-content\/uploads\/2021\/05\/Screenshot_33-1024x649.jpg 1024w, https:\/\/emailchef.com\/wp-content\/uploads\/2021\/05\/Screenshot_33-968x614.jpg 968w, https:\/\/emailchef.com\/wp-content\/uploads\/2021\/05\/Screenshot_33-636x403.jpg 636w, https:\/\/emailchef.com\/wp-content\/uploads\/2021\/05\/Screenshot_33-320x203.jpg 320w, https:\/\/emailchef.com\/wp-content\/uploads\/2021\/05\/Screenshot_33-239x151.jpg 239w\" sizes=\"(max-width: 1461px) 100vw, 1461px\" \/><\/a><\/p>\n<p><span style=\"font-weight: 400;\">Cliquez sur \u201cSuivant\u201d. S\u00e9lectionnez le type d&#8217;\u00e9v\u00e9nement qui d\u00e9clenchera l\u2019envoi de votre mod\u00e8le. Pour envoyer un message automatique de panier abandonn\u00e9, choisissez l&#8217;option: <\/span><b>\u201cUn contact Entre un Segment Sp\u00e9cifique\u201d.<\/b><\/p>\n<p><a href=\"https:\/\/emailchef.com\/wp-content\/uploads\/2021\/05\/Screenshot_34.jpg\" rel=\"lightbox\"><img loading=\"lazy\" decoding=\"async\" class=\"alignnone wp-image-40420 \" src=\"https:\/\/emailchef.com\/wp-content\/uploads\/2021\/05\/Screenshot_34.jpg\" alt=\"\" width=\"1203\" height=\"324\" srcset=\"https:\/\/emailchef.com\/wp-content\/uploads\/2021\/05\/Screenshot_34.jpg 1203w, https:\/\/emailchef.com\/wp-content\/uploads\/2021\/05\/Screenshot_34-300x81.jpg 300w, https:\/\/emailchef.com\/wp-content\/uploads\/2021\/05\/Screenshot_34-768x207.jpg 768w, https:\/\/emailchef.com\/wp-content\/uploads\/2021\/05\/Screenshot_34-1024x276.jpg 1024w, https:\/\/emailchef.com\/wp-content\/uploads\/2021\/05\/Screenshot_34-968x261.jpg 968w, https:\/\/emailchef.com\/wp-content\/uploads\/2021\/05\/Screenshot_34-636x171.jpg 636w, https:\/\/emailchef.com\/wp-content\/uploads\/2021\/05\/Screenshot_34-320x86.jpg 320w, https:\/\/emailchef.com\/wp-content\/uploads\/2021\/05\/Screenshot_34-239x64.jpg 239w\" sizes=\"(max-width: 1203px) 100vw, 1203px\" \/><\/a><\/p>\n<p><b>S\u00e9lectionnez le segment<\/b><span style=\"font-weight: 400;\"> dans la liste qui recevra le message automatis\u00e9. Utilisez le segment de liste que vous avez cr\u00e9\u00e9 pr\u00e9c\u00e9demment.<\/span><\/p>\n<p><a href=\"https:\/\/emailchef.com\/wp-content\/uploads\/2021\/05\/Screenshot_35.jpg\" rel=\"lightbox\"><img loading=\"lazy\" decoding=\"async\" class=\"alignnone wp-image-40438 size-full\" src=\"https:\/\/emailchef.com\/wp-content\/uploads\/2021\/05\/Screenshot_35.jpg\" alt=\"\" width=\"792\" height=\"258\" srcset=\"https:\/\/emailchef.com\/wp-content\/uploads\/2021\/05\/Screenshot_35.jpg 792w, https:\/\/emailchef.com\/wp-content\/uploads\/2021\/05\/Screenshot_35-300x98.jpg 300w, https:\/\/emailchef.com\/wp-content\/uploads\/2021\/05\/Screenshot_35-768x250.jpg 768w, https:\/\/emailchef.com\/wp-content\/uploads\/2021\/05\/Screenshot_35-636x207.jpg 636w, https:\/\/emailchef.com\/wp-content\/uploads\/2021\/05\/Screenshot_35-320x104.jpg 320w, https:\/\/emailchef.com\/wp-content\/uploads\/2021\/05\/Screenshot_35-239x78.jpg 239w\" sizes=\"(max-width: 792px) 100vw, 792px\" \/><\/a><\/p>\n<p><b>S\u00e9lectionnez quand l&#8217;autor\u00e9pondeur sera envoy\u00e9<\/b><span style=\"font-weight: 400;\">. Vous pouvez d\u00e9finir le d\u00e9lai d&#8217;envoi des heures ou des jours apr\u00e8s que les contacts tombent dans le segment \u201cPanier abandonn\u00e9\u201d. Rappelez-vous que g\u00e9n\u00e9ralement un panier n&#8217;est consid\u00e9r\u00e9 comme abandonn\u00e9 que si un produit a \u00e9t\u00e9 laiss\u00e9 pendant 24 heures sans que le client ait termin\u00e9 l&#8217;achat<\/span><\/p>\n<p><span style=\"font-weight: 400;\">Si vous r\u00e9glez le temps \u00e0 \u201c0 jours\u201d et \u201c0 heures\u201d, l\u2019autor\u00e9pondeur sera envoy\u00e9 imm\u00e9diatement d\u00e8s qu&#8217;un utilisateur entre dans le segment du panier abandonn\u00e9.<\/span><\/p>\n<p><a href=\"https:\/\/emailchef.com\/wp-content\/uploads\/2021\/05\/Screenshot_36.jpg\" rel=\"lightbox\"><img loading=\"lazy\" decoding=\"async\" class=\"alignnone wp-image-40456 size-full\" src=\"https:\/\/emailchef.com\/wp-content\/uploads\/2021\/05\/Screenshot_36.jpg\" alt=\"\" width=\"608\" height=\"118\" srcset=\"https:\/\/emailchef.com\/wp-content\/uploads\/2021\/05\/Screenshot_36.jpg 608w, https:\/\/emailchef.com\/wp-content\/uploads\/2021\/05\/Screenshot_36-300x58.jpg 300w, https:\/\/emailchef.com\/wp-content\/uploads\/2021\/05\/Screenshot_36-320x62.jpg 320w, https:\/\/emailchef.com\/wp-content\/uploads\/2021\/05\/Screenshot_36-239x46.jpg 239w\" sizes=\"(max-width: 608px) 100vw, 608px\" \/><\/a><\/p>\n<p><span style=\"font-weight: 400;\">Cliquez sur &#8220;Suivant&#8221;. Remplissez les champs avec un nom pour le autor\u00e9pondeur, s\u00e9lectionnez l&#8217;exp\u00e9diteur et ajoutez le sujet. Vous pouvez \u00e9galement ajouter le preheader.<\/span><\/p>\n<p><a href=\"https:\/\/emailchef.com\/wp-content\/uploads\/2021\/05\/Screenshot_37.jpg\" rel=\"lightbox\"><img loading=\"lazy\" decoding=\"async\" class=\"alignnone wp-image-40488 size-full\" src=\"https:\/\/emailchef.com\/wp-content\/uploads\/2021\/05\/Screenshot_37.jpg\" alt=\"\" width=\"1207\" height=\"875\" srcset=\"https:\/\/emailchef.com\/wp-content\/uploads\/2021\/05\/Screenshot_37.jpg 1207w, https:\/\/emailchef.com\/wp-content\/uploads\/2021\/05\/Screenshot_37-300x217.jpg 300w, https:\/\/emailchef.com\/wp-content\/uploads\/2021\/05\/Screenshot_37-768x557.jpg 768w, https:\/\/emailchef.com\/wp-content\/uploads\/2021\/05\/Screenshot_37-1024x742.jpg 1024w, https:\/\/emailchef.com\/wp-content\/uploads\/2021\/05\/Screenshot_37-968x702.jpg 968w, https:\/\/emailchef.com\/wp-content\/uploads\/2021\/05\/Screenshot_37-636x461.jpg 636w, https:\/\/emailchef.com\/wp-content\/uploads\/2021\/05\/Screenshot_37-320x232.jpg 320w, https:\/\/emailchef.com\/wp-content\/uploads\/2021\/05\/Screenshot_37-239x173.jpg 239w\" sizes=\"(max-width: 1207px) 100vw, 1207px\" \/><\/a><\/p>\n<p><span style=\"font-weight: 400;\">Cliquez sur &#8220;SUIVANT&#8221;, puis sur le bouton <\/span><b>&#8220;ACTIVER L\u2019AUTOR\u00c9PONDEUR&#8221;.<\/b><\/p>\n<p><a href=\"https:\/\/emailchef.com\/wp-content\/uploads\/2021\/05\/Screenshot_38-1.jpg\" rel=\"lightbox\"><img loading=\"lazy\" decoding=\"async\" class=\"alignnone wp-image-40504 size-full\" src=\"https:\/\/emailchef.com\/wp-content\/uploads\/2021\/05\/Screenshot_38-1.jpg\" alt=\"\" width=\"1220\" height=\"605\" srcset=\"https:\/\/emailchef.com\/wp-content\/uploads\/2021\/05\/Screenshot_38-1.jpg 1220w, https:\/\/emailchef.com\/wp-content\/uploads\/2021\/05\/Screenshot_38-1-300x149.jpg 300w, https:\/\/emailchef.com\/wp-content\/uploads\/2021\/05\/Screenshot_38-1-768x381.jpg 768w, https:\/\/emailchef.com\/wp-content\/uploads\/2021\/05\/Screenshot_38-1-1024x508.jpg 1024w, https:\/\/emailchef.com\/wp-content\/uploads\/2021\/05\/Screenshot_38-1-968x480.jpg 968w, https:\/\/emailchef.com\/wp-content\/uploads\/2021\/05\/Screenshot_38-1-636x315.jpg 636w, https:\/\/emailchef.com\/wp-content\/uploads\/2021\/05\/Screenshot_38-1-320x159.jpg 320w, https:\/\/emailchef.com\/wp-content\/uploads\/2021\/05\/Screenshot_38-1-239x119.jpg 239w\" sizes=\"(max-width: 1220px) 100vw, 1220px\" \/><\/a><\/p>\n<p><span style=\"font-weight: 400;\">Maintenant, votre autor\u00e9pondeur a \u00e9t\u00e9 activ\u00e9. Tous les contacts qui tombent dans le segment du panier abandonn\u00e9 recevront le message de rappel automatis\u00e9 dans le temps que vous avez s\u00e9lectionn\u00e9.<\/span><\/p>\n<p><span style=\"font-weight: 400;\">Pour en savoir plus sur la cr\u00e9ation de autor\u00e9pondeurs de panier abandonn\u00e9, nous vous invitons \u00e0 regarder le vid\u00e9o suivant:<\/span><\/p>\n<div class=\"lyte-wrapper\" title=\"[EN] How to send an abandoned cart email\" style=\"width:640px;max-width:100%;margin:5px;\"><div class=\"lyMe\" id=\"WYL_XWtLU7fEbgk\"><div id=\"lyte_XWtLU7fEbgk\" data-src=\"https:\/\/emailchef.com\/wp-content\/plugins\/wp-youtube-lyte\/lyteCache.php?origThumbUrl=https%3A%2F%2Fi.ytimg.com%2Fvi%2FXWtLU7fEbgk%2Fhqdefault.jpg\" class=\"pL\"><div class=\"tC\"><div class=\"tT\">[EN] How to send an abandoned cart email<\/div><\/div><div class=\"play\"><\/div><div class=\"ctrl\"><div class=\"Lctrl\"><\/div><div class=\"Rctrl\"><\/div><\/div><\/div><noscript><a href=\"https:\/\/youtu.be\/XWtLU7fEbgk\" rel=\"nofollow\"><img loading=\"lazy\" decoding=\"async\" src=\"https:\/\/emailchef.com\/wp-content\/plugins\/wp-youtube-lyte\/lyteCache.php?origThumbUrl=https%3A%2F%2Fi.ytimg.com%2Fvi%2FXWtLU7fEbgk%2F0.jpg\" alt=\"[EN] How to send an abandoned cart email\" width=\"640\" height=\"340\" \/><br \/>Lire cette vid\u00e9o sur YouTube<\/a><\/noscript><\/div><\/div><div class=\"lL\" style=\"max-width:100%;width:640px;margin:5px;\"><\/div>\n<div class=\"ec-video-button hide centered\">\n\t<a href=\"https:\/\/youtu.be\/XWtLU7fEbgk\" rel=\"prettyPhoto\" title=\"Voir la vid\u00e9o\">Voir la vid\u00e9o <i class=\"fa fa-play-circle fa-2x\"><\/i><\/a>\n<\/div>\n","protected":false},"excerpt":{"rendered":"<p>Vous avez une boutique en ligne et souhaitez profiter d&#8217;Emailchef pour augmenter vos ventes? En cr\u00e9ant un segment de liste et en utilisant des autor\u00e9pondeurs, vous pouvez envoyer un e-mail automatique de panier abandonn\u00e9 \u00e0 tous les clients qui ont laiss\u00e9 au moins un article dans le panier sans finaliser l&#8217;achat. Voyons comment envoyer un [&hellip;]<\/p>\n","protected":false},"author":20,"featured_media":0,"parent":1193,"menu_order":0,"comment_status":"closed","ping_status":"closed","template":"","meta":{"_acf_changed":false,"inline_featured_image":false,"footnotes":""},"g1_relation_tag":[],"class_list":["post-40322","page","type-page","status-publish","hentry"],"acf":[],"yoast_head":"<!-- This site is optimized with the Yoast SEO plugin v24.8.1 - https:\/\/yoast.com\/wordpress\/plugins\/seo\/ -->\n<title>Comment Cr\u00e9er un Message Automatique pour un Panier Abandonn\u00e9 - Emailchef<\/title>\n<meta name=\"robots\" content=\"index, follow, max-snippet:-1, max-image-preview:large, max-video-preview:-1\" \/>\n<link rel=\"canonical\" href=\"https:\/\/emailchef.com\/fr\/base-de-connaissance\/comment-creer-un-message-automatique-pour-un-panier-abandonne\/\" \/>\n<meta name=\"twitter:label1\" content=\"Dur\u00e9e de lecture estim\u00e9e\" \/>\n\t<meta name=\"twitter:data1\" content=\"5 minutes\" \/>\n<!-- \/ Yoast SEO plugin. -->","yoast_head_json":{"title":"Comment Cr\u00e9er un Message Automatique pour un Panier Abandonn\u00e9 - Emailchef","robots":{"index":"index","follow":"follow","max-snippet":"max-snippet:-1","max-image-preview":"max-image-preview:large","max-video-preview":"max-video-preview:-1"},"canonical":"https:\/\/emailchef.com\/fr\/base-de-connaissance\/comment-creer-un-message-automatique-pour-un-panier-abandonne\/","twitter_misc":{"Dur\u00e9e de lecture estim\u00e9e":"5 minutes"},"schema":{"@context":"https:\/\/schema.org","@graph":[{"@type":"WebPage","@id":"https:\/\/emailchef.com\/fr\/base-de-connaissance\/comment-creer-un-message-automatique-pour-un-panier-abandonne\/","url":"https:\/\/emailchef.com\/fr\/base-de-connaissance\/comment-creer-un-message-automatique-pour-un-panier-abandonne\/","name":"Comment Cr\u00e9er un Message Automatique pour un Panier Abandonn\u00e9 - Emailchef","isPartOf":{"@id":"https:\/\/emailchef.com\/fr\/#website"},"primaryImageOfPage":{"@id":"https:\/\/emailchef.com\/fr\/base-de-connaissance\/comment-creer-un-message-automatique-pour-un-panier-abandonne\/#primaryimage"},"image":{"@id":"https:\/\/emailchef.com\/fr\/base-de-connaissance\/comment-creer-un-message-automatique-pour-un-panier-abandonne\/#primaryimage"},"thumbnailUrl":"https:\/\/emailchef.com\/wp-content\/uploads\/2021\/05\/Screenshot_28.jpg","datePublished":"2020-09-22T09:49:40+00:00","dateModified":"2021-07-27T15:19:50+00:00","breadcrumb":{"@id":"https:\/\/emailchef.com\/fr\/base-de-connaissance\/comment-creer-un-message-automatique-pour-un-panier-abandonne\/#breadcrumb"},"inLanguage":"fr-FR","potentialAction":[{"@type":"ReadAction","target":["https:\/\/emailchef.com\/fr\/base-de-connaissance\/comment-creer-un-message-automatique-pour-un-panier-abandonne\/"]}]},{"@type":"ImageObject","inLanguage":"fr-FR","@id":"https:\/\/emailchef.com\/fr\/base-de-connaissance\/comment-creer-un-message-automatique-pour-un-panier-abandonne\/#primaryimage","url":"https:\/\/emailchef.com\/wp-content\/uploads\/2021\/05\/Screenshot_28.jpg","contentUrl":"https:\/\/emailchef.com\/wp-content\/uploads\/2021\/05\/Screenshot_28.jpg"},{"@type":"BreadcrumbList","@id":"https:\/\/emailchef.com\/fr\/base-de-connaissance\/comment-creer-un-message-automatique-pour-un-panier-abandonne\/#breadcrumb","itemListElement":[{"@type":"ListItem","position":1,"name":"Home","item":"https:\/\/emailchef.com\/fr\/mailchef-email-marketing-emailing-et-envoi-newsletter\/"},{"@type":"ListItem","position":2,"name":"Base de connaissance","item":"https:\/\/emailchef.com\/fr\/base-de-connaissance\/"},{"@type":"ListItem","position":3,"name":"Comment Cr\u00e9er un Message Automatique pour un Panier Abandonn\u00e9"}]},{"@type":"WebSite","@id":"https:\/\/emailchef.com\/fr\/#website","url":"https:\/\/emailchef.com\/fr\/","name":"Emailchef","description":"Recettes go\u00fbteuses pour vos emails","publisher":{"@id":"https:\/\/emailchef.com\/fr\/#organization"},"potentialAction":[{"@type":"SearchAction","target":{"@type":"EntryPoint","urlTemplate":"https:\/\/emailchef.com\/fr\/?s={search_term_string}"},"query-input":{"@type":"PropertyValueSpecification","valueRequired":true,"valueName":"search_term_string"}}],"inLanguage":"fr-FR"},{"@type":"Organization","@id":"https:\/\/emailchef.com\/fr\/#organization","name":"Delivery Tech Corp.","url":"https:\/\/emailchef.com\/fr\/","logo":{"@type":"ImageObject","inLanguage":"fr-FR","@id":"https:\/\/emailchef.com\/fr\/#\/schema\/logo\/image\/","url":"https:\/\/emailchef.com\/wp-content\/uploads\/2022\/04\/logo-sama.png","contentUrl":"https:\/\/emailchef.com\/wp-content\/uploads\/2022\/04\/logo-sama.png","width":237,"height":80,"caption":"Delivery Tech Corp."},"image":{"@id":"https:\/\/emailchef.com\/fr\/#\/schema\/logo\/image\/"}}]}},"_links":{"self":[{"href":"https:\/\/emailchef.com\/fr\/wp-json\/wp\/v2\/pages\/40322"}],"collection":[{"href":"https:\/\/emailchef.com\/fr\/wp-json\/wp\/v2\/pages"}],"about":[{"href":"https:\/\/emailchef.com\/fr\/wp-json\/wp\/v2\/types\/page"}],"author":[{"embeddable":true,"href":"https:\/\/emailchef.com\/fr\/wp-json\/wp\/v2\/users\/20"}],"replies":[{"embeddable":true,"href":"https:\/\/emailchef.com\/fr\/wp-json\/wp\/v2\/comments?post=40322"}],"version-history":[{"count":3,"href":"https:\/\/emailchef.com\/fr\/wp-json\/wp\/v2\/pages\/40322\/revisions"}],"predecessor-version":[{"id":47248,"href":"https:\/\/emailchef.com\/fr\/wp-json\/wp\/v2\/pages\/40322\/revisions\/47248"}],"up":[{"embeddable":true,"href":"https:\/\/emailchef.com\/fr\/wp-json\/wp\/v2\/pages\/1193"}],"wp:attachment":[{"href":"https:\/\/emailchef.com\/fr\/wp-json\/wp\/v2\/media?parent=40322"}],"wp:term":[{"taxonomy":"g1_relation_tag","embeddable":true,"href":"https:\/\/emailchef.com\/fr\/wp-json\/wp\/v2\/g1_relation_tag?post=40322"}],"curies":[{"name":"wp","href":"https:\/\/api.w.org\/{rel}","templated":true}]}}