{"id":40136,"date":"2020-09-17T10:42:34","date_gmt":"2020-09-17T10:42:34","guid":{"rendered":"https:\/\/emailchef.com\/?page_id=40136"},"modified":"2021-07-27T15:19:21","modified_gmt":"2021-07-27T15:19:21","slug":"comment-creer-un-e-mail-de-suivi","status":"publish","type":"page","link":"https:\/\/emailchef.com\/fr\/base-de-connaissance\/comment-creer-un-e-mail-de-suivi\/","title":{"rendered":"Comment Cr\u00e9er un E-mail de Suivi"},"content":{"rendered":"<p><span style=\"font-weight: 400;\">Un autor\u00e9pondeur peut \u00e9galement \u00eatre utilis\u00e9 pour envoyer des messages automatiques aux contacts en fonction de leurs actions. Par exemple, vous pouvez<\/span><b> envoyer un e-mail demandant une \u00e9valuation pour un service fourni<\/b><span style=\"font-weight: 400;\">. Le message peut contenir des boutons marqu\u00e9s comme \u201cpositif\u201d ou \u201cn\u00e9gatif\u201d et <\/span><b>envoyer des e-mails de suivi personnalis\u00e9s<\/b><span style=\"font-weight: 400;\"> selon le choix de chaque contact.<\/span><\/p>\n<p><a href=\"https:\/\/emailchef.com\/wp-content\/uploads\/2021\/05\/Screenshot_18.jpg\" rel=\"lightbox\"><img fetchpriority=\"high\" decoding=\"async\" class=\"alignnone wp-image-40138 size-full\" src=\"https:\/\/emailchef.com\/wp-content\/uploads\/2021\/05\/Screenshot_18.jpg\" alt=\"\" width=\"1600\" height=\"737\" srcset=\"https:\/\/emailchef.com\/wp-content\/uploads\/2021\/05\/Screenshot_18.jpg 1600w, https:\/\/emailchef.com\/wp-content\/uploads\/2021\/05\/Screenshot_18-300x138.jpg 300w, https:\/\/emailchef.com\/wp-content\/uploads\/2021\/05\/Screenshot_18-768x354.jpg 768w, https:\/\/emailchef.com\/wp-content\/uploads\/2021\/05\/Screenshot_18-1024x472.jpg 1024w, https:\/\/emailchef.com\/wp-content\/uploads\/2021\/05\/Screenshot_18-968x446.jpg 968w, https:\/\/emailchef.com\/wp-content\/uploads\/2021\/05\/Screenshot_18-636x293.jpg 636w, https:\/\/emailchef.com\/wp-content\/uploads\/2021\/05\/Screenshot_18-320x147.jpg 320w, https:\/\/emailchef.com\/wp-content\/uploads\/2021\/05\/Screenshot_18-239x110.jpg 239w\" sizes=\"(max-width: 1600px) 100vw, 1600px\" \/><\/a><\/p>\n<p><b>Demander \u00e0 vos clients un avis<\/b><span style=\"font-weight: 400;\"> sur vos produits ou services<\/span><b> peut vous aider \u00e0 les fid\u00e9liser, \u00e0 g\u00e9n\u00e9rer de nouvelles conversions<\/b><span style=\"font-weight: 400;\"> et \u00e0 obtenir des informations utiles.<\/span><\/p>\n<p><span style=\"font-weight: 400;\">Voyons comment cr\u00e9er un autor\u00e9pondeur de suivi li\u00e9 \u00e0 un message pour demander un avis \u00e0 vos contacts.<\/span><\/p>\n<p><span style=\"font-weight: 400;\">Tout d&#8217;abord, <\/span><b>cr\u00e9ez le mod\u00e8le que vous utiliserez dans votre campagne<\/b><span style=\"font-weight: 400;\"> pour demander l\u2019avis de vos contacts sur un service ou un produit fourni. Dans l&#8217;exemple ci-dessus, le message contient deux liens pour l&#8217;\u00e9valuation. Chaque lien redirige vers une <\/span><i><span style=\"font-weight: 400;\">landing page<\/span><\/i><span style=\"font-weight: 400;\"> en tant que r\u00e9ponse imm\u00e9diate.<\/span><span style=\"font-weight: 400;\"><br \/>\n<\/span><span style=\"font-weight: 400;\">En fonction du lien sur lequel le contact clique, il recevra un e-mail de suivi sp\u00e9cifique. Un avis positif, par exemple, pourrait d\u00e9clencher l&#8217;envoi d&#8217;un autor\u00e9pondeur contenant une remise \u00e0 utiliser dans son prochain achat.<\/span><\/p>\n<p><a href=\"https:\/\/emailchef.com\/wp-content\/uploads\/2021\/05\/Screenshot_19.jpg\" rel=\"lightbox\"><img decoding=\"async\" class=\"alignnone wp-image-40156 size-full\" src=\"https:\/\/emailchef.com\/wp-content\/uploads\/2021\/05\/Screenshot_19.jpg\" alt=\"\" width=\"1451\" height=\"509\" srcset=\"https:\/\/emailchef.com\/wp-content\/uploads\/2021\/05\/Screenshot_19.jpg 1451w, https:\/\/emailchef.com\/wp-content\/uploads\/2021\/05\/Screenshot_19-300x105.jpg 300w, https:\/\/emailchef.com\/wp-content\/uploads\/2021\/05\/Screenshot_19-768x269.jpg 768w, https:\/\/emailchef.com\/wp-content\/uploads\/2021\/05\/Screenshot_19-1024x359.jpg 1024w, https:\/\/emailchef.com\/wp-content\/uploads\/2021\/05\/Screenshot_19-968x340.jpg 968w, https:\/\/emailchef.com\/wp-content\/uploads\/2021\/05\/Screenshot_19-636x223.jpg 636w, https:\/\/emailchef.com\/wp-content\/uploads\/2021\/05\/Screenshot_19-320x112.jpg 320w, https:\/\/emailchef.com\/wp-content\/uploads\/2021\/05\/Screenshot_19-239x84.jpg 239w\" sizes=\"(max-width: 1451px) 100vw, 1451px\" \/><\/a><\/p>\n<p><span style=\"font-weight: 400;\">Une fois que vous avez vos mod\u00e8les d&#8217; autor\u00e9pondeur pr\u00eats, nous proc\u00e9derons \u00e0 leur activation.<\/span><\/p>\n<p><span style=\"font-weight: 400;\">Allez dans la section &#8220;AUTOR\u00c9PONDEURS\u201d et cliquez sur <\/span><b>\u201cCR\u00c9ER UN AUTOR\u00c9PONDEUR\u201d.<\/b><\/p>\n<p><a href=\"https:\/\/emailchef.com\/wp-content\/uploads\/2021\/05\/Screenshot_11-1.jpg\" rel=\"lightbox\"><img decoding=\"async\" class=\"alignnone wp-image-40174 size-full\" src=\"https:\/\/emailchef.com\/wp-content\/uploads\/2021\/05\/Screenshot_11-1.jpg\" alt=\"\" width=\"1461\" height=\"537\" srcset=\"https:\/\/emailchef.com\/wp-content\/uploads\/2021\/05\/Screenshot_11-1.jpg 1461w, https:\/\/emailchef.com\/wp-content\/uploads\/2021\/05\/Screenshot_11-1-300x110.jpg 300w, https:\/\/emailchef.com\/wp-content\/uploads\/2021\/05\/Screenshot_11-1-768x282.jpg 768w, https:\/\/emailchef.com\/wp-content\/uploads\/2021\/05\/Screenshot_11-1-1024x376.jpg 1024w, https:\/\/emailchef.com\/wp-content\/uploads\/2021\/05\/Screenshot_11-1-968x356.jpg 968w, https:\/\/emailchef.com\/wp-content\/uploads\/2021\/05\/Screenshot_11-1-636x234.jpg 636w, https:\/\/emailchef.com\/wp-content\/uploads\/2021\/05\/Screenshot_11-1-320x118.jpg 320w, https:\/\/emailchef.com\/wp-content\/uploads\/2021\/05\/Screenshot_11-1-239x88.jpg 239w\" sizes=\"(max-width: 1461px) 100vw, 1461px\" \/><\/a><\/p>\n<p><span style=\"font-weight: 400;\">S\u00e9lectionnez l&#8217;un des mod\u00e8les que vous avez cr\u00e9\u00e9s et cliquez sur &#8220;UTILISER POUR L\u2019AUTOR\u00c9PONDEUR&#8221;.<\/span><\/p>\n<p><a href=\"https:\/\/emailchef.com\/wp-content\/uploads\/2021\/05\/Screenshot_20.jpg\" rel=\"lightbox\"><img loading=\"lazy\" decoding=\"async\" class=\"alignnone wp-image-40190 size-full\" src=\"https:\/\/emailchef.com\/wp-content\/uploads\/2021\/05\/Screenshot_20.jpg\" alt=\"\" width=\"1208\" height=\"707\" srcset=\"https:\/\/emailchef.com\/wp-content\/uploads\/2021\/05\/Screenshot_20.jpg 1208w, https:\/\/emailchef.com\/wp-content\/uploads\/2021\/05\/Screenshot_20-300x176.jpg 300w, https:\/\/emailchef.com\/wp-content\/uploads\/2021\/05\/Screenshot_20-768x449.jpg 768w, https:\/\/emailchef.com\/wp-content\/uploads\/2021\/05\/Screenshot_20-1024x599.jpg 1024w, https:\/\/emailchef.com\/wp-content\/uploads\/2021\/05\/Screenshot_20-968x567.jpg 968w, https:\/\/emailchef.com\/wp-content\/uploads\/2021\/05\/Screenshot_20-636x372.jpg 636w, https:\/\/emailchef.com\/wp-content\/uploads\/2021\/05\/Screenshot_20-320x187.jpg 320w, https:\/\/emailchef.com\/wp-content\/uploads\/2021\/05\/Screenshot_20-239x140.jpg 239w\" sizes=\"(max-width: 1208px) 100vw, 1208px\" \/><\/a><\/p>\n<p><span style=\"font-weight: 400;\">Cliquez sur \u201cSuivant&#8221;, et dans la page suivante, il faut <\/span><b>s\u00e9lectionner le type d&#8217;\u00e9v\u00e9nement <\/b><span style=\"font-weight: 400;\">qui d\u00e9clenchera l&#8217;envoi de votre message automatique. Veuillez choisir l\u2019option <\/span><b>\u201cUn lien pr\u00e9cis de la campagne est cliqu\u00e9\u201d.<\/b><\/p>\n<p><a href=\"https:\/\/emailchef.com\/wp-content\/uploads\/2021\/05\/Screenshot_21.jpg\" rel=\"lightbox\"><img loading=\"lazy\" decoding=\"async\" class=\"alignnone wp-image-40206 size-full\" src=\"https:\/\/emailchef.com\/wp-content\/uploads\/2021\/05\/Screenshot_21.jpg\" alt=\"\" width=\"1210\" height=\"601\" srcset=\"https:\/\/emailchef.com\/wp-content\/uploads\/2021\/05\/Screenshot_21.jpg 1210w, https:\/\/emailchef.com\/wp-content\/uploads\/2021\/05\/Screenshot_21-300x149.jpg 300w, https:\/\/emailchef.com\/wp-content\/uploads\/2021\/05\/Screenshot_21-768x381.jpg 768w, https:\/\/emailchef.com\/wp-content\/uploads\/2021\/05\/Screenshot_21-1024x509.jpg 1024w, https:\/\/emailchef.com\/wp-content\/uploads\/2021\/05\/Screenshot_21-968x481.jpg 968w, https:\/\/emailchef.com\/wp-content\/uploads\/2021\/05\/Screenshot_21-636x316.jpg 636w, https:\/\/emailchef.com\/wp-content\/uploads\/2021\/05\/Screenshot_21-320x159.jpg 320w, https:\/\/emailchef.com\/wp-content\/uploads\/2021\/05\/Screenshot_21-239x119.jpg 239w\" sizes=\"(max-width: 1210px) 100vw, 1210px\" \/><\/a><\/p>\n<p><b>S\u00e9lectionnez le nom de la campagne<\/b><span style=\"font-weight: 400;\"> que vous avez programm\u00e9 pr\u00e9c\u00e9demment. Dans ce cas, c&#8217;est la campagne qui sera envoy\u00e9e pour demander l&#8217;avis des contacts.<\/span><\/p>\n<p><a href=\"https:\/\/emailchef.com\/wp-content\/uploads\/2021\/05\/Screenshot_22.jpg\" rel=\"lightbox\"><img loading=\"lazy\" decoding=\"async\" class=\"alignnone wp-image-40222 size-full\" src=\"https:\/\/emailchef.com\/wp-content\/uploads\/2021\/05\/Screenshot_22.jpg\" alt=\"\" width=\"1210\" height=\"873\" srcset=\"https:\/\/emailchef.com\/wp-content\/uploads\/2021\/05\/Screenshot_22.jpg 1210w, https:\/\/emailchef.com\/wp-content\/uploads\/2021\/05\/Screenshot_22-300x216.jpg 300w, https:\/\/emailchef.com\/wp-content\/uploads\/2021\/05\/Screenshot_22-768x554.jpg 768w, https:\/\/emailchef.com\/wp-content\/uploads\/2021\/05\/Screenshot_22-1024x739.jpg 1024w, https:\/\/emailchef.com\/wp-content\/uploads\/2021\/05\/Screenshot_22-968x698.jpg 968w, https:\/\/emailchef.com\/wp-content\/uploads\/2021\/05\/Screenshot_22-636x459.jpg 636w, https:\/\/emailchef.com\/wp-content\/uploads\/2021\/05\/Screenshot_22-320x231.jpg 320w, https:\/\/emailchef.com\/wp-content\/uploads\/2021\/05\/Screenshot_22-239x172.jpg 239w\" sizes=\"(max-width: 1210px) 100vw, 1210px\" \/><\/a><\/p>\n<p><b>S\u00e9lectionnez le lien<\/b><span style=\"font-weight: 400;\"> qui, une fois cliqu\u00e9 par le destinataire, activera l&#8217;envoi de votre autor\u00e9pondeur.<\/span><\/p>\n<p><a href=\"https:\/\/emailchef.com\/wp-content\/uploads\/2021\/05\/Screenshot_23.jpg\" rel=\"lightbox\"><img loading=\"lazy\" decoding=\"async\" class=\"alignnone wp-image-40238 size-full\" src=\"https:\/\/emailchef.com\/wp-content\/uploads\/2021\/05\/Screenshot_23.jpg\" alt=\"\" width=\"1210\" height=\"874\" srcset=\"https:\/\/emailchef.com\/wp-content\/uploads\/2021\/05\/Screenshot_23.jpg 1210w, https:\/\/emailchef.com\/wp-content\/uploads\/2021\/05\/Screenshot_23-300x217.jpg 300w, https:\/\/emailchef.com\/wp-content\/uploads\/2021\/05\/Screenshot_23-768x555.jpg 768w, https:\/\/emailchef.com\/wp-content\/uploads\/2021\/05\/Screenshot_23-1024x740.jpg 1024w, https:\/\/emailchef.com\/wp-content\/uploads\/2021\/05\/Screenshot_23-968x699.jpg 968w, https:\/\/emailchef.com\/wp-content\/uploads\/2021\/05\/Screenshot_23-636x459.jpg 636w, https:\/\/emailchef.com\/wp-content\/uploads\/2021\/05\/Screenshot_23-320x231.jpg 320w, https:\/\/emailchef.com\/wp-content\/uploads\/2021\/05\/Screenshot_23-239x173.jpg 239w\" sizes=\"(max-width: 1210px) 100vw, 1210px\" \/><\/a><\/p>\n<p><b>Choisissez les listes ou segments <\/b><span style=\"font-weight: 400;\">de liste qui recevront le message automatis\u00e9. Dans ce cas, ce sont les m\u00eames contacts qui ont re\u00e7u le premier mail demandant leur avis.<\/span><\/p>\n<p><a href=\"https:\/\/emailchef.com\/wp-content\/uploads\/2021\/05\/Screenshot_24.jpg\" rel=\"lightbox\"><img loading=\"lazy\" decoding=\"async\" class=\"alignnone wp-image-40254 size-full\" src=\"https:\/\/emailchef.com\/wp-content\/uploads\/2021\/05\/Screenshot_24.jpg\" alt=\"\" width=\"1209\" height=\"874\" srcset=\"https:\/\/emailchef.com\/wp-content\/uploads\/2021\/05\/Screenshot_24.jpg 1209w, https:\/\/emailchef.com\/wp-content\/uploads\/2021\/05\/Screenshot_24-300x217.jpg 300w, https:\/\/emailchef.com\/wp-content\/uploads\/2021\/05\/Screenshot_24-768x555.jpg 768w, https:\/\/emailchef.com\/wp-content\/uploads\/2021\/05\/Screenshot_24-1024x740.jpg 1024w, https:\/\/emailchef.com\/wp-content\/uploads\/2021\/05\/Screenshot_24-968x700.jpg 968w, https:\/\/emailchef.com\/wp-content\/uploads\/2021\/05\/Screenshot_24-636x460.jpg 636w, https:\/\/emailchef.com\/wp-content\/uploads\/2021\/05\/Screenshot_24-320x231.jpg 320w, https:\/\/emailchef.com\/wp-content\/uploads\/2021\/05\/Screenshot_24-239x173.jpg 239w\" sizes=\"(max-width: 1209px) 100vw, 1209px\" \/><\/a><\/p>\n<p><b>S\u00e9lectionnez quand l&#8217;autor\u00e9pondeur sera envoy\u00e9<\/b><span style=\"font-weight: 400;\">. Votre message peut \u00eatre envoy\u00e9 des jours ou des heures apr\u00e8s que les contacts ont cliqu\u00e9 sur le lien s\u00e9lectionn\u00e9. Si vous r\u00e9glez le temps \u00e0 \u201c0 jours\u201d et \u201c0 heures\u201d, l&#8217;e-mail sera envoy\u00e9 imm\u00e9diatement.<\/span><\/p>\n<p><a href=\"https:\/\/emailchef.com\/wp-content\/uploads\/2021\/05\/Screenshot_25.jpg\" rel=\"lightbox\"><img loading=\"lazy\" decoding=\"async\" class=\"alignnone wp-image-40270 size-full\" src=\"https:\/\/emailchef.com\/wp-content\/uploads\/2021\/05\/Screenshot_25.jpg\" alt=\"\" width=\"1209\" height=\"875\" srcset=\"https:\/\/emailchef.com\/wp-content\/uploads\/2021\/05\/Screenshot_25.jpg 1209w, https:\/\/emailchef.com\/wp-content\/uploads\/2021\/05\/Screenshot_25-300x217.jpg 300w, https:\/\/emailchef.com\/wp-content\/uploads\/2021\/05\/Screenshot_25-768x556.jpg 768w, https:\/\/emailchef.com\/wp-content\/uploads\/2021\/05\/Screenshot_25-1024x741.jpg 1024w, https:\/\/emailchef.com\/wp-content\/uploads\/2021\/05\/Screenshot_25-968x701.jpg 968w, https:\/\/emailchef.com\/wp-content\/uploads\/2021\/05\/Screenshot_25-636x460.jpg 636w, https:\/\/emailchef.com\/wp-content\/uploads\/2021\/05\/Screenshot_25-320x232.jpg 320w, https:\/\/emailchef.com\/wp-content\/uploads\/2021\/05\/Screenshot_25-239x173.jpg 239w\" sizes=\"(max-width: 1209px) 100vw, 1209px\" \/><\/a><\/p>\n<p><span style=\"font-weight: 400;\">Cliquez sur &#8220;Suivant&#8221;. Remplissez les champs avec un nom pour le autor\u00e9pondeur, s\u00e9lectionnez l&#8217;exp\u00e9diteur et ajoutez le sujet. Vous pouvez \u00e9galement ajouter le preheader.<\/span><\/p>\n<p><a href=\"https:\/\/emailchef.com\/wp-content\/uploads\/2021\/05\/Screenshot_26.jpg\" rel=\"lightbox\"><img loading=\"lazy\" decoding=\"async\" class=\"alignnone wp-image-40286 size-full\" src=\"https:\/\/emailchef.com\/wp-content\/uploads\/2021\/05\/Screenshot_26.jpg\" alt=\"\" width=\"1210\" height=\"874\" srcset=\"https:\/\/emailchef.com\/wp-content\/uploads\/2021\/05\/Screenshot_26.jpg 1210w, https:\/\/emailchef.com\/wp-content\/uploads\/2021\/05\/Screenshot_26-300x217.jpg 300w, https:\/\/emailchef.com\/wp-content\/uploads\/2021\/05\/Screenshot_26-768x555.jpg 768w, https:\/\/emailchef.com\/wp-content\/uploads\/2021\/05\/Screenshot_26-1024x740.jpg 1024w, https:\/\/emailchef.com\/wp-content\/uploads\/2021\/05\/Screenshot_26-968x699.jpg 968w, https:\/\/emailchef.com\/wp-content\/uploads\/2021\/05\/Screenshot_26-636x459.jpg 636w, https:\/\/emailchef.com\/wp-content\/uploads\/2021\/05\/Screenshot_26-320x231.jpg 320w, https:\/\/emailchef.com\/wp-content\/uploads\/2021\/05\/Screenshot_26-239x173.jpg 239w\" sizes=\"(max-width: 1210px) 100vw, 1210px\" \/><\/a><\/p>\n<p><span style=\"font-weight: 400;\">Cliquez sur &#8220;SUIVANT&#8221;, puis sur le bouton <\/span><b>&#8220;ACTIVER L\u2019AUTOR\u00c9PONDEUR&#8221;<\/b><span style=\"font-weight: 400;\">. <\/span><span style=\"font-weight: 400;\"><br \/>\n<\/span><span style=\"font-weight: 400;\">L\u2019autor\u00e9pondeur sera activ\u00e9 imm\u00e9diatement.<\/span><\/p>\n<p><a href=\"https:\/\/emailchef.com\/wp-content\/uploads\/2021\/05\/Screenshot_27.jpg\" rel=\"lightbox\"><img loading=\"lazy\" decoding=\"async\" class=\"alignnone wp-image-40302 size-full\" src=\"https:\/\/emailchef.com\/wp-content\/uploads\/2021\/05\/Screenshot_27.jpg\" alt=\"\" width=\"1210\" height=\"603\" srcset=\"https:\/\/emailchef.com\/wp-content\/uploads\/2021\/05\/Screenshot_27.jpg 1210w, https:\/\/emailchef.com\/wp-content\/uploads\/2021\/05\/Screenshot_27-300x150.jpg 300w, https:\/\/emailchef.com\/wp-content\/uploads\/2021\/05\/Screenshot_27-768x383.jpg 768w, https:\/\/emailchef.com\/wp-content\/uploads\/2021\/05\/Screenshot_27-1024x510.jpg 1024w, https:\/\/emailchef.com\/wp-content\/uploads\/2021\/05\/Screenshot_27-968x482.jpg 968w, https:\/\/emailchef.com\/wp-content\/uploads\/2021\/05\/Screenshot_27-636x317.jpg 636w, https:\/\/emailchef.com\/wp-content\/uploads\/2021\/05\/Screenshot_27-320x159.jpg 320w, https:\/\/emailchef.com\/wp-content\/uploads\/2021\/05\/Screenshot_27-239x119.jpg 239w\" sizes=\"(max-width: 1210px) 100vw, 1210px\" \/><\/a><\/p>\n<p><span style=\"font-weight: 400;\">Une fois que l&#8217;e-mail que vous avez programm\u00e9 pour demander l\u2019avis de vos contacts a \u00e9t\u00e9 envoy\u00e9, les destinataires qui cliquent sur le lien s\u00e9lectionn\u00e9 recevront le autor\u00e9pondeur que vous avez activ\u00e9. Ils le recevront dans la p\u00e9riode de temps que vous avez s\u00e9lectionn\u00e9e.<\/span><\/p>\n<p><span style=\"font-weight: 400;\">Pour en savoir plus sur la cr\u00e9ation d&#8217;e-mails automatiques de suivi, nous vous invitons \u00e0 regarder le vid\u00e9o suivant:<\/span><\/p>\n<div class=\"lyte-wrapper\" title=\"[EN] How to generate reviews and follow-ups by email\" style=\"width:640px;max-width:100%;margin:5px;\"><div class=\"lyMe\" id=\"WYL_4d5JgY7Bvko\"><div id=\"lyte_4d5JgY7Bvko\" data-src=\"https:\/\/emailchef.com\/wp-content\/plugins\/wp-youtube-lyte\/lyteCache.php?origThumbUrl=https%3A%2F%2Fi.ytimg.com%2Fvi%2F4d5JgY7Bvko%2Fhqdefault.jpg\" class=\"pL\"><div class=\"tC\"><div class=\"tT\">[EN] How to generate reviews and follow-ups by email<\/div><\/div><div class=\"play\"><\/div><div class=\"ctrl\"><div class=\"Lctrl\"><\/div><div class=\"Rctrl\"><\/div><\/div><\/div><noscript><a href=\"https:\/\/youtu.be\/4d5JgY7Bvko\" rel=\"nofollow\"><img loading=\"lazy\" decoding=\"async\" src=\"https:\/\/emailchef.com\/wp-content\/plugins\/wp-youtube-lyte\/lyteCache.php?origThumbUrl=https%3A%2F%2Fi.ytimg.com%2Fvi%2F4d5JgY7Bvko%2F0.jpg\" alt=\"[EN] How to generate reviews and follow-ups by email\" width=\"640\" height=\"340\" \/><br \/>Lire cette vid\u00e9o sur YouTube<\/a><\/noscript><\/div><\/div><div class=\"lL\" style=\"max-width:100%;width:640px;margin:5px;\"><\/div>\n<div class=\"ec-video-button hide centered\">\n\t<a href=\"https:\/\/youtu.be\/4d5JgY7Bvko\" rel=\"prettyPhoto\" title=\"Voir la vid\u00e9o\">Voir la vid\u00e9o <i class=\"fa fa-play-circle fa-2x\"><\/i><\/a>\n<\/div>\n","protected":false},"excerpt":{"rendered":"<p>Un autor\u00e9pondeur peut \u00e9galement \u00eatre utilis\u00e9 pour envoyer des messages automatiques aux contacts en fonction de leurs actions. Par exemple, vous pouvez envoyer un e-mail demandant une \u00e9valuation pour un service fourni. Le message peut contenir des boutons marqu\u00e9s comme \u201cpositif\u201d ou \u201cn\u00e9gatif\u201d et envoyer des e-mails de suivi personnalis\u00e9s selon le choix de chaque [&hellip;]<\/p>\n","protected":false},"author":20,"featured_media":0,"parent":1193,"menu_order":0,"comment_status":"closed","ping_status":"closed","template":"","meta":{"_acf_changed":false,"inline_featured_image":false,"footnotes":""},"g1_relation_tag":[],"class_list":["post-40136","page","type-page","status-publish","hentry"],"acf":[],"yoast_head":"<!-- This site is optimized with the Yoast SEO plugin v24.8.1 - https:\/\/yoast.com\/wordpress\/plugins\/seo\/ -->\n<title>Comment Cr\u00e9er un E-mail de Suivi - Emailchef<\/title>\n<meta name=\"robots\" content=\"index, follow, max-snippet:-1, max-image-preview:large, max-video-preview:-1\" \/>\n<link rel=\"canonical\" href=\"https:\/\/emailchef.com\/fr\/base-de-connaissance\/comment-creer-un-e-mail-de-suivi\/\" \/>\n<meta name=\"twitter:label1\" content=\"Dur\u00e9e de lecture estim\u00e9e\" \/>\n\t<meta name=\"twitter:data1\" content=\"5 minutes\" \/>\n<!-- \/ Yoast SEO plugin. -->","yoast_head_json":{"title":"Comment Cr\u00e9er un E-mail de Suivi - Emailchef","robots":{"index":"index","follow":"follow","max-snippet":"max-snippet:-1","max-image-preview":"max-image-preview:large","max-video-preview":"max-video-preview:-1"},"canonical":"https:\/\/emailchef.com\/fr\/base-de-connaissance\/comment-creer-un-e-mail-de-suivi\/","twitter_misc":{"Dur\u00e9e de lecture estim\u00e9e":"5 minutes"},"schema":{"@context":"https:\/\/schema.org","@graph":[{"@type":"WebPage","@id":"https:\/\/emailchef.com\/fr\/base-de-connaissance\/comment-creer-un-e-mail-de-suivi\/","url":"https:\/\/emailchef.com\/fr\/base-de-connaissance\/comment-creer-un-e-mail-de-suivi\/","name":"Comment Cr\u00e9er un E-mail de Suivi - Emailchef","isPartOf":{"@id":"https:\/\/emailchef.com\/fr\/#website"},"primaryImageOfPage":{"@id":"https:\/\/emailchef.com\/fr\/base-de-connaissance\/comment-creer-un-e-mail-de-suivi\/#primaryimage"},"image":{"@id":"https:\/\/emailchef.com\/fr\/base-de-connaissance\/comment-creer-un-e-mail-de-suivi\/#primaryimage"},"thumbnailUrl":"https:\/\/emailchef.com\/wp-content\/uploads\/2021\/05\/Screenshot_18.jpg","datePublished":"2020-09-17T10:42:34+00:00","dateModified":"2021-07-27T15:19:21+00:00","breadcrumb":{"@id":"https:\/\/emailchef.com\/fr\/base-de-connaissance\/comment-creer-un-e-mail-de-suivi\/#breadcrumb"},"inLanguage":"fr-FR","potentialAction":[{"@type":"ReadAction","target":["https:\/\/emailchef.com\/fr\/base-de-connaissance\/comment-creer-un-e-mail-de-suivi\/"]}]},{"@type":"ImageObject","inLanguage":"fr-FR","@id":"https:\/\/emailchef.com\/fr\/base-de-connaissance\/comment-creer-un-e-mail-de-suivi\/#primaryimage","url":"https:\/\/emailchef.com\/wp-content\/uploads\/2021\/05\/Screenshot_18.jpg","contentUrl":"https:\/\/emailchef.com\/wp-content\/uploads\/2021\/05\/Screenshot_18.jpg"},{"@type":"BreadcrumbList","@id":"https:\/\/emailchef.com\/fr\/base-de-connaissance\/comment-creer-un-e-mail-de-suivi\/#breadcrumb","itemListElement":[{"@type":"ListItem","position":1,"name":"Home","item":"https:\/\/emailchef.com\/fr\/mailchef-email-marketing-emailing-et-envoi-newsletter\/"},{"@type":"ListItem","position":2,"name":"Base de connaissance","item":"https:\/\/emailchef.com\/fr\/base-de-connaissance\/"},{"@type":"ListItem","position":3,"name":"Comment Cr\u00e9er un E-mail de Suivi"}]},{"@type":"WebSite","@id":"https:\/\/emailchef.com\/fr\/#website","url":"https:\/\/emailchef.com\/fr\/","name":"Emailchef","description":"Recettes go\u00fbteuses pour vos emails","publisher":{"@id":"https:\/\/emailchef.com\/fr\/#organization"},"potentialAction":[{"@type":"SearchAction","target":{"@type":"EntryPoint","urlTemplate":"https:\/\/emailchef.com\/fr\/?s={search_term_string}"},"query-input":{"@type":"PropertyValueSpecification","valueRequired":true,"valueName":"search_term_string"}}],"inLanguage":"fr-FR"},{"@type":"Organization","@id":"https:\/\/emailchef.com\/fr\/#organization","name":"Delivery Tech Corp.","url":"https:\/\/emailchef.com\/fr\/","logo":{"@type":"ImageObject","inLanguage":"fr-FR","@id":"https:\/\/emailchef.com\/fr\/#\/schema\/logo\/image\/","url":"https:\/\/emailchef.com\/wp-content\/uploads\/2022\/04\/logo-sama.png","contentUrl":"https:\/\/emailchef.com\/wp-content\/uploads\/2022\/04\/logo-sama.png","width":237,"height":80,"caption":"Delivery Tech Corp."},"image":{"@id":"https:\/\/emailchef.com\/fr\/#\/schema\/logo\/image\/"}}]}},"_links":{"self":[{"href":"https:\/\/emailchef.com\/fr\/wp-json\/wp\/v2\/pages\/40136"}],"collection":[{"href":"https:\/\/emailchef.com\/fr\/wp-json\/wp\/v2\/pages"}],"about":[{"href":"https:\/\/emailchef.com\/fr\/wp-json\/wp\/v2\/types\/page"}],"author":[{"embeddable":true,"href":"https:\/\/emailchef.com\/fr\/wp-json\/wp\/v2\/users\/20"}],"replies":[{"embeddable":true,"href":"https:\/\/emailchef.com\/fr\/wp-json\/wp\/v2\/comments?post=40136"}],"version-history":[{"count":3,"href":"https:\/\/emailchef.com\/fr\/wp-json\/wp\/v2\/pages\/40136\/revisions"}],"predecessor-version":[{"id":47246,"href":"https:\/\/emailchef.com\/fr\/wp-json\/wp\/v2\/pages\/40136\/revisions\/47246"}],"up":[{"embeddable":true,"href":"https:\/\/emailchef.com\/fr\/wp-json\/wp\/v2\/pages\/1193"}],"wp:attachment":[{"href":"https:\/\/emailchef.com\/fr\/wp-json\/wp\/v2\/media?parent=40136"}],"wp:term":[{"taxonomy":"g1_relation_tag","embeddable":true,"href":"https:\/\/emailchef.com\/fr\/wp-json\/wp\/v2\/g1_relation_tag?post=40136"}],"curies":[{"name":"wp","href":"https:\/\/api.w.org\/{rel}","templated":true}]}}