{"id":39996,"date":"2020-09-16T15:11:24","date_gmt":"2020-09-16T15:11:24","guid":{"rendered":"https:\/\/emailchef.com\/?page_id=39996"},"modified":"2021-07-27T15:20:33","modified_gmt":"2021-07-27T15:20:33","slug":"creer-un-message-de-bienvenue-automatique","status":"publish","type":"page","link":"https:\/\/emailchef.com\/fr\/base-de-connaissance\/creer-un-message-de-bienvenue-automatique\/","title":{"rendered":"Cr\u00e9er un Message de Bienvenue Automatique"},"content":{"rendered":"<p><span style=\"font-weight: 400;\">Un autor\u00e9pondeur vous permet d&#8217;envoyer automatiquement un <\/span><b>message de bienvenue aux nouveaux abonn\u00e9s qui sont ajout\u00e9s \u00e0 vos listes<\/b><span style=\"font-weight: 400;\">. C&#8217;est l&#8217;outil parfait pour accueillir vos abonn\u00e9s et \u00e9tablir imm\u00e9diatement une relation de communication avec eux. Selon des \u00e9tudes, les nouveaux abonn\u00e9s adorent ce type d&#8217;email, surtout s&#8217;il contient un petit <\/span><b>cadeau<\/b><span style=\"font-weight: 400;\">, comme un ebook gratuit, un code promo ou une remise sp\u00e9ciale. L&#8217;e-mail de bienvenue peut \u00eatre la premi\u00e8re \u00e9tape pour <strong>f<\/strong><\/span><b>id\u00e9liser vos abonn\u00e9s<\/b><span style=\"font-weight: 400;\">, tandis que le fait d&#8217;offrir un cadeau en \u00e9change de l&#8217;inscription peut vous aider \u00e0 <\/span><b>augmenter vos taux de conversion.<\/b><\/p>\n<p><a href=\"https:\/\/emailchef.com\/wp-content\/uploads\/2021\/05\/Screenshot_10.jpg\" rel=\"lightbox\"><img fetchpriority=\"high\" decoding=\"async\" class=\"alignnone wp-image-39998\" src=\"https:\/\/emailchef.com\/wp-content\/uploads\/2021\/05\/Screenshot_10.jpg\" alt=\"\" width=\"454\" height=\"886\" srcset=\"https:\/\/emailchef.com\/wp-content\/uploads\/2021\/05\/Screenshot_10.jpg 651w, https:\/\/emailchef.com\/wp-content\/uploads\/2021\/05\/Screenshot_10-154x300.jpg 154w, https:\/\/emailchef.com\/wp-content\/uploads\/2021\/05\/Screenshot_10-525x1024.jpg 525w, https:\/\/emailchef.com\/wp-content\/uploads\/2021\/05\/Screenshot_10-636x1241.jpg 636w, https:\/\/emailchef.com\/wp-content\/uploads\/2021\/05\/Screenshot_10-320x624.jpg 320w, https:\/\/emailchef.com\/wp-content\/uploads\/2021\/05\/Screenshot_10-239x466.jpg 239w\" sizes=\"(max-width: 454px) 100vw, 454px\" \/><\/a><\/p>\n<p><span style=\"font-weight: 400;\">Voyons comment activer un autor\u00e9pondeur pour envoyer un message de bienvenue \u00e0 vos nouveaux abonn\u00e9s.<\/span><\/p>\n<p><span style=\"font-weight: 400;\">Veuillez aller dans la section \u201cAUTOR\u00c9PONDEURS\u201d et cliquez sur <\/span><b>\u201cCR\u00c9ER UN AUTOR\u00c9PONDEUR\u201d.<\/b><\/p>\n<p><a href=\"https:\/\/emailchef.com\/wp-content\/uploads\/2021\/05\/Screenshot_11.jpg\" rel=\"lightbox\"><img decoding=\"async\" class=\"alignnone wp-image-40014 size-full\" src=\"https:\/\/emailchef.com\/wp-content\/uploads\/2021\/05\/Screenshot_11.jpg\" alt=\"\" width=\"1461\" height=\"537\" srcset=\"https:\/\/emailchef.com\/wp-content\/uploads\/2021\/05\/Screenshot_11.jpg 1461w, https:\/\/emailchef.com\/wp-content\/uploads\/2021\/05\/Screenshot_11-300x110.jpg 300w, https:\/\/emailchef.com\/wp-content\/uploads\/2021\/05\/Screenshot_11-768x282.jpg 768w, https:\/\/emailchef.com\/wp-content\/uploads\/2021\/05\/Screenshot_11-1024x376.jpg 1024w, https:\/\/emailchef.com\/wp-content\/uploads\/2021\/05\/Screenshot_11-968x356.jpg 968w, https:\/\/emailchef.com\/wp-content\/uploads\/2021\/05\/Screenshot_11-636x234.jpg 636w, https:\/\/emailchef.com\/wp-content\/uploads\/2021\/05\/Screenshot_11-320x118.jpg 320w, https:\/\/emailchef.com\/wp-content\/uploads\/2021\/05\/Screenshot_11-239x88.jpg 239w\" sizes=\"(max-width: 1461px) 100vw, 1461px\" \/><\/a><\/p>\n<p><span style=\"font-weight: 400;\">Choisissez le mod\u00e8le que vous avez cr\u00e9\u00e9 pour l&#8217;e-mail de bienvenue et cliquez sur &#8220;UTILISER POUR L&#8217;AUTOR\u00c9PONDEUR&#8221;.<\/span><\/p>\n<p><a href=\"https:\/\/emailchef.com\/wp-content\/uploads\/2021\/05\/Screenshot_12.jpg\" rel=\"lightbox\"><img decoding=\"async\" class=\"alignnone wp-image-40030 size-full\" src=\"https:\/\/emailchef.com\/wp-content\/uploads\/2021\/05\/Screenshot_12.jpg\" alt=\"\" width=\"1212\" height=\"707\" srcset=\"https:\/\/emailchef.com\/wp-content\/uploads\/2021\/05\/Screenshot_12.jpg 1212w, https:\/\/emailchef.com\/wp-content\/uploads\/2021\/05\/Screenshot_12-300x175.jpg 300w, https:\/\/emailchef.com\/wp-content\/uploads\/2021\/05\/Screenshot_12-768x448.jpg 768w, https:\/\/emailchef.com\/wp-content\/uploads\/2021\/05\/Screenshot_12-1024x597.jpg 1024w, https:\/\/emailchef.com\/wp-content\/uploads\/2021\/05\/Screenshot_12-968x565.jpg 968w, https:\/\/emailchef.com\/wp-content\/uploads\/2021\/05\/Screenshot_12-636x371.jpg 636w, https:\/\/emailchef.com\/wp-content\/uploads\/2021\/05\/Screenshot_12-320x187.jpg 320w, https:\/\/emailchef.com\/wp-content\/uploads\/2021\/05\/Screenshot_12-239x139.jpg 239w\" sizes=\"(max-width: 1212px) 100vw, 1212px\" \/><\/a><\/p>\n<p><span style=\"font-weight: 400;\">Si votre mod\u00e8le ne n\u00e9cessite aucune modification, cliquez sur &#8220;SUIVANT&#8221;. Sur la page suivante, <\/span><b>s\u00e9lectionnez le type d&#8217;\u00e9v\u00e9nement<\/b><span style=\"font-weight: 400;\"> qui d\u00e9clenchera votre autor\u00e9pondeur. Dans ce cas, choisissez \u201c<\/span><b>Inscription<\/b><span style=\"font-weight: 400;\">\u201d.<\/span><\/p>\n<p><a href=\"https:\/\/emailchef.com\/wp-content\/uploads\/2021\/05\/Screenshot_13.jpg\" rel=\"lightbox\"><img loading=\"lazy\" decoding=\"async\" class=\"alignnone wp-image-40046 size-full\" src=\"https:\/\/emailchef.com\/wp-content\/uploads\/2021\/05\/Screenshot_13.jpg\" alt=\"\" width=\"1212\" height=\"713\" srcset=\"https:\/\/emailchef.com\/wp-content\/uploads\/2021\/05\/Screenshot_13.jpg 1212w, https:\/\/emailchef.com\/wp-content\/uploads\/2021\/05\/Screenshot_13-300x176.jpg 300w, https:\/\/emailchef.com\/wp-content\/uploads\/2021\/05\/Screenshot_13-768x452.jpg 768w, https:\/\/emailchef.com\/wp-content\/uploads\/2021\/05\/Screenshot_13-1024x602.jpg 1024w, https:\/\/emailchef.com\/wp-content\/uploads\/2021\/05\/Screenshot_13-968x569.jpg 968w, https:\/\/emailchef.com\/wp-content\/uploads\/2021\/05\/Screenshot_13-636x374.jpg 636w, https:\/\/emailchef.com\/wp-content\/uploads\/2021\/05\/Screenshot_13-320x188.jpg 320w, https:\/\/emailchef.com\/wp-content\/uploads\/2021\/05\/Screenshot_13-239x141.jpg 239w\" sizes=\"(max-width: 1212px) 100vw, 1212px\" \/><\/a><\/p>\n<p><b>S\u00e9lectionnez les listes ou segments<\/b><span style=\"font-weight: 400;\"> dont les contacts recevront l&#8217;e-mail de bienvenue. N&#8217;oubliez pas que les listes que vous choisissez doivent \u00eatre li\u00e9es \u00e0 un <\/span><a href=\"https:\/\/emailchef.com\/fr\/base-de-connaissance\/agrandisser-la-liste-creer-un-formulaire-dinscription\/\"><span style=\"font-weight: 400;\">formulaire d&#8217;abonnement<\/span><\/a><span style=\"font-weight: 400;\">, et notez que le autor\u00e9pondeur de bienvenue ne sera envoy\u00e9 qu&#8217;aux contacts qui se sont inscrits via le formulaire, et non aux contacts import\u00e9s manuellement.<\/span><\/p>\n<p><a href=\"https:\/\/emailchef.com\/wp-content\/uploads\/2021\/05\/Screenshot_14.jpg\" rel=\"lightbox\"><img loading=\"lazy\" decoding=\"async\" class=\"alignnone wp-image-40062 size-full\" src=\"https:\/\/emailchef.com\/wp-content\/uploads\/2021\/05\/Screenshot_14.jpg\" alt=\"\" width=\"1212\" height=\"713\" srcset=\"https:\/\/emailchef.com\/wp-content\/uploads\/2021\/05\/Screenshot_14.jpg 1212w, https:\/\/emailchef.com\/wp-content\/uploads\/2021\/05\/Screenshot_14-300x176.jpg 300w, https:\/\/emailchef.com\/wp-content\/uploads\/2021\/05\/Screenshot_14-768x452.jpg 768w, https:\/\/emailchef.com\/wp-content\/uploads\/2021\/05\/Screenshot_14-1024x602.jpg 1024w, https:\/\/emailchef.com\/wp-content\/uploads\/2021\/05\/Screenshot_14-968x569.jpg 968w, https:\/\/emailchef.com\/wp-content\/uploads\/2021\/05\/Screenshot_14-636x374.jpg 636w, https:\/\/emailchef.com\/wp-content\/uploads\/2021\/05\/Screenshot_14-320x188.jpg 320w, https:\/\/emailchef.com\/wp-content\/uploads\/2021\/05\/Screenshot_14-239x141.jpg 239w\" sizes=\"(max-width: 1212px) 100vw, 1212px\" \/><\/a><\/p>\n<p><b>S\u00e9lectionnez quand l&#8217;autor\u00e9pondeur sera envoy\u00e9<\/b><span style=\"font-weight: 400;\">. Votre message peut \u00eatre envoy\u00e9 des jours ou des heures apr\u00e8s l&#8217;inscription du contact. Si vous r\u00e9glez le temps \u00e0 \u201c0 jours\u201d et \u201c0 heures\u201d, l&#8217;e-mail sera envoy\u00e9 imm\u00e9diatement apr\u00e8s l\u2019abonnement.<\/span><\/p>\n<p><a href=\"https:\/\/emailchef.com\/wp-content\/uploads\/2021\/05\/Screenshot_15.jpg\" rel=\"lightbox\"><img loading=\"lazy\" decoding=\"async\" class=\"alignnone wp-image-40078 size-full\" src=\"https:\/\/emailchef.com\/wp-content\/uploads\/2021\/05\/Screenshot_15.jpg\" alt=\"\" width=\"1212\" height=\"714\" srcset=\"https:\/\/emailchef.com\/wp-content\/uploads\/2021\/05\/Screenshot_15.jpg 1212w, https:\/\/emailchef.com\/wp-content\/uploads\/2021\/05\/Screenshot_15-300x177.jpg 300w, https:\/\/emailchef.com\/wp-content\/uploads\/2021\/05\/Screenshot_15-768x452.jpg 768w, https:\/\/emailchef.com\/wp-content\/uploads\/2021\/05\/Screenshot_15-1024x603.jpg 1024w, https:\/\/emailchef.com\/wp-content\/uploads\/2021\/05\/Screenshot_15-968x570.jpg 968w, https:\/\/emailchef.com\/wp-content\/uploads\/2021\/05\/Screenshot_15-636x375.jpg 636w, https:\/\/emailchef.com\/wp-content\/uploads\/2021\/05\/Screenshot_15-320x189.jpg 320w, https:\/\/emailchef.com\/wp-content\/uploads\/2021\/05\/Screenshot_15-239x141.jpg 239w\" sizes=\"(max-width: 1212px) 100vw, 1212px\" \/><\/a><\/p>\n<p><span style=\"font-weight: 400;\">Cliquez sur &#8220;Suivant&#8221;. Remplissez les champs avec un nom pour le autor\u00e9pondeur, s\u00e9lectionnez l&#8217;exp\u00e9diteur et ajoutez le sujet. Vous pouvez \u00e9galement ajouter le preheader.<\/span><\/p>\n<p><a href=\"https:\/\/emailchef.com\/wp-content\/uploads\/2021\/05\/Screenshot_16.jpg\" rel=\"lightbox\"><img loading=\"lazy\" decoding=\"async\" class=\"alignnone wp-image-40096 size-full\" src=\"https:\/\/emailchef.com\/wp-content\/uploads\/2021\/05\/Screenshot_16.jpg\" alt=\"\" width=\"1212\" height=\"873\" srcset=\"https:\/\/emailchef.com\/wp-content\/uploads\/2021\/05\/Screenshot_16.jpg 1212w, https:\/\/emailchef.com\/wp-content\/uploads\/2021\/05\/Screenshot_16-300x216.jpg 300w, https:\/\/emailchef.com\/wp-content\/uploads\/2021\/05\/Screenshot_16-768x553.jpg 768w, https:\/\/emailchef.com\/wp-content\/uploads\/2021\/05\/Screenshot_16-1024x738.jpg 1024w, https:\/\/emailchef.com\/wp-content\/uploads\/2021\/05\/Screenshot_16-968x697.jpg 968w, https:\/\/emailchef.com\/wp-content\/uploads\/2021\/05\/Screenshot_16-636x458.jpg 636w, https:\/\/emailchef.com\/wp-content\/uploads\/2021\/05\/Screenshot_16-320x230.jpg 320w, https:\/\/emailchef.com\/wp-content\/uploads\/2021\/05\/Screenshot_16-239x172.jpg 239w\" sizes=\"(max-width: 1212px) 100vw, 1212px\" \/><\/a><\/p>\n<p><span style=\"font-weight: 400;\">Cliquez sur &#8220;SUIVANT&#8221;, puis sur le bouton <\/span><b>&#8220;ACTIVER L\u2019AUTOR\u00c9PONDEUR&#8221;<\/b><span style=\"font-weight: 400;\">. L\u2019autor\u00e9pondeur sera activ\u00e9 imm\u00e9diatement et \u00e0 partir de ce moment, les nouveaux abonn\u00e9s qui arrivent via le formulaire recevront un e-mail de bienvenue dans la p\u00e9riode de temps que vous avez s\u00e9lectionn\u00e9e.<\/span><\/p>\n<p><a href=\"https:\/\/emailchef.com\/wp-content\/uploads\/2021\/05\/Screenshot_17.jpg\" rel=\"lightbox\"><img loading=\"lazy\" decoding=\"async\" class=\"alignnone wp-image-40114 size-full\" src=\"https:\/\/emailchef.com\/wp-content\/uploads\/2021\/05\/Screenshot_17.jpg\" alt=\"\" width=\"1212\" height=\"603\" srcset=\"https:\/\/emailchef.com\/wp-content\/uploads\/2021\/05\/Screenshot_17.jpg 1212w, https:\/\/emailchef.com\/wp-content\/uploads\/2021\/05\/Screenshot_17-300x149.jpg 300w, https:\/\/emailchef.com\/wp-content\/uploads\/2021\/05\/Screenshot_17-768x382.jpg 768w, https:\/\/emailchef.com\/wp-content\/uploads\/2021\/05\/Screenshot_17-1024x509.jpg 1024w, https:\/\/emailchef.com\/wp-content\/uploads\/2021\/05\/Screenshot_17-968x482.jpg 968w, https:\/\/emailchef.com\/wp-content\/uploads\/2021\/05\/Screenshot_17-636x316.jpg 636w, https:\/\/emailchef.com\/wp-content\/uploads\/2021\/05\/Screenshot_17-320x159.jpg 320w, https:\/\/emailchef.com\/wp-content\/uploads\/2021\/05\/Screenshot_17-239x119.jpg 239w\" sizes=\"(max-width: 1212px) 100vw, 1212px\" \/><\/a><\/p>\n<p><span style=\"font-weight: 400;\">Pour en savoir plus sur la cr\u00e9ation d&#8217;e-mails de bienvenue automatiques, nous vous invitons \u00e0 regarder le vid\u00e9o suivant:<\/span><\/p>\n<div class=\"lyte-wrapper\" title=\"[FR] Comment activer un autor&eacute;pondeur pour envoyer un cadeau de bienvenue\" style=\"width:640px;max-width:100%;margin:5px;\"><div class=\"lyMe\" id=\"WYL_ELyqsYDZuco\"><div id=\"lyte_ELyqsYDZuco\" data-src=\"https:\/\/emailchef.com\/wp-content\/plugins\/wp-youtube-lyte\/lyteCache.php?origThumbUrl=https%3A%2F%2Fi.ytimg.com%2Fvi%2FELyqsYDZuco%2Fhqdefault.jpg\" class=\"pL\"><div class=\"tC\"><div class=\"tT\">[FR] Comment activer un autor\u00e9pondeur pour envoyer un cadeau de bienvenue<\/div><\/div><div class=\"play\"><\/div><div class=\"ctrl\"><div class=\"Lctrl\"><\/div><div class=\"Rctrl\"><\/div><\/div><\/div><noscript><a href=\"https:\/\/youtu.be\/ELyqsYDZuco\" rel=\"nofollow\"><img loading=\"lazy\" decoding=\"async\" src=\"https:\/\/emailchef.com\/wp-content\/plugins\/wp-youtube-lyte\/lyteCache.php?origThumbUrl=https%3A%2F%2Fi.ytimg.com%2Fvi%2FELyqsYDZuco%2F0.jpg\" alt=\"[FR] Comment activer un autor&eacute;pondeur pour envoyer un cadeau de bienvenue\" width=\"640\" height=\"340\" \/><br \/>Lire cette vid\u00e9o sur YouTube<\/a><\/noscript><\/div><\/div><div class=\"lL\" style=\"max-width:100%;width:640px;margin:5px;\"><\/div>\n<div class=\"ec-video-button hide centered\">\n\t<a href=\"https:\/\/youtu.be\/ELyqsYDZuco\" rel=\"prettyPhoto\" title=\"Voir la vid\u00e9o\">Voir la vid\u00e9o <i class=\"fa fa-play-circle fa-2x\"><\/i><\/a>\n<\/div>\n","protected":false},"excerpt":{"rendered":"<p>Un autor\u00e9pondeur vous permet d&#8217;envoyer automatiquement un message de bienvenue aux nouveaux abonn\u00e9s qui sont ajout\u00e9s \u00e0 vos listes. C&#8217;est l&#8217;outil parfait pour accueillir vos abonn\u00e9s et \u00e9tablir imm\u00e9diatement une relation de communication avec eux. Selon des \u00e9tudes, les nouveaux abonn\u00e9s adorent ce type d&#8217;email, surtout s&#8217;il contient un petit cadeau, comme un ebook gratuit, [&hellip;]<\/p>\n","protected":false},"author":20,"featured_media":0,"parent":1193,"menu_order":0,"comment_status":"closed","ping_status":"closed","template":"","meta":{"_acf_changed":false,"inline_featured_image":false,"footnotes":""},"g1_relation_tag":[],"class_list":["post-39996","page","type-page","status-publish","hentry"],"acf":[],"yoast_head":"<!-- This site is optimized with the Yoast SEO plugin v24.8.1 - https:\/\/yoast.com\/wordpress\/plugins\/seo\/ -->\n<title>Cr\u00e9er un Message de Bienvenue Automatique - Emailchef<\/title>\n<meta name=\"robots\" content=\"index, follow, max-snippet:-1, max-image-preview:large, max-video-preview:-1\" \/>\n<link rel=\"canonical\" href=\"https:\/\/emailchef.com\/fr\/base-de-connaissance\/creer-un-message-de-bienvenue-automatique\/\" \/>\n<meta name=\"twitter:label1\" content=\"Dur\u00e9e de lecture estim\u00e9e\" \/>\n\t<meta name=\"twitter:data1\" content=\"4 minutes\" \/>\n<!-- \/ Yoast SEO plugin. -->","yoast_head_json":{"title":"Cr\u00e9er un Message de Bienvenue Automatique - Emailchef","robots":{"index":"index","follow":"follow","max-snippet":"max-snippet:-1","max-image-preview":"max-image-preview:large","max-video-preview":"max-video-preview:-1"},"canonical":"https:\/\/emailchef.com\/fr\/base-de-connaissance\/creer-un-message-de-bienvenue-automatique\/","twitter_misc":{"Dur\u00e9e de lecture estim\u00e9e":"4 minutes"},"schema":{"@context":"https:\/\/schema.org","@graph":[{"@type":"WebPage","@id":"https:\/\/emailchef.com\/fr\/base-de-connaissance\/creer-un-message-de-bienvenue-automatique\/","url":"https:\/\/emailchef.com\/fr\/base-de-connaissance\/creer-un-message-de-bienvenue-automatique\/","name":"Cr\u00e9er un Message de Bienvenue Automatique - Emailchef","isPartOf":{"@id":"https:\/\/emailchef.com\/fr\/#website"},"primaryImageOfPage":{"@id":"https:\/\/emailchef.com\/fr\/base-de-connaissance\/creer-un-message-de-bienvenue-automatique\/#primaryimage"},"image":{"@id":"https:\/\/emailchef.com\/fr\/base-de-connaissance\/creer-un-message-de-bienvenue-automatique\/#primaryimage"},"thumbnailUrl":"https:\/\/emailchef.com\/wp-content\/uploads\/2021\/05\/Screenshot_10.jpg","datePublished":"2020-09-16T15:11:24+00:00","dateModified":"2021-07-27T15:20:33+00:00","breadcrumb":{"@id":"https:\/\/emailchef.com\/fr\/base-de-connaissance\/creer-un-message-de-bienvenue-automatique\/#breadcrumb"},"inLanguage":"fr-FR","potentialAction":[{"@type":"ReadAction","target":["https:\/\/emailchef.com\/fr\/base-de-connaissance\/creer-un-message-de-bienvenue-automatique\/"]}]},{"@type":"ImageObject","inLanguage":"fr-FR","@id":"https:\/\/emailchef.com\/fr\/base-de-connaissance\/creer-un-message-de-bienvenue-automatique\/#primaryimage","url":"https:\/\/emailchef.com\/wp-content\/uploads\/2021\/05\/Screenshot_10.jpg","contentUrl":"https:\/\/emailchef.com\/wp-content\/uploads\/2021\/05\/Screenshot_10.jpg"},{"@type":"BreadcrumbList","@id":"https:\/\/emailchef.com\/fr\/base-de-connaissance\/creer-un-message-de-bienvenue-automatique\/#breadcrumb","itemListElement":[{"@type":"ListItem","position":1,"name":"Home","item":"https:\/\/emailchef.com\/fr\/mailchef-email-marketing-emailing-et-envoi-newsletter\/"},{"@type":"ListItem","position":2,"name":"Base de connaissance","item":"https:\/\/emailchef.com\/fr\/base-de-connaissance\/"},{"@type":"ListItem","position":3,"name":"Cr\u00e9er un Message de Bienvenue Automatique"}]},{"@type":"WebSite","@id":"https:\/\/emailchef.com\/fr\/#website","url":"https:\/\/emailchef.com\/fr\/","name":"Emailchef","description":"Recettes go\u00fbteuses pour vos emails","publisher":{"@id":"https:\/\/emailchef.com\/fr\/#organization"},"potentialAction":[{"@type":"SearchAction","target":{"@type":"EntryPoint","urlTemplate":"https:\/\/emailchef.com\/fr\/?s={search_term_string}"},"query-input":{"@type":"PropertyValueSpecification","valueRequired":true,"valueName":"search_term_string"}}],"inLanguage":"fr-FR"},{"@type":"Organization","@id":"https:\/\/emailchef.com\/fr\/#organization","name":"Delivery Tech Corp.","url":"https:\/\/emailchef.com\/fr\/","logo":{"@type":"ImageObject","inLanguage":"fr-FR","@id":"https:\/\/emailchef.com\/fr\/#\/schema\/logo\/image\/","url":"https:\/\/emailchef.com\/wp-content\/uploads\/2022\/04\/logo-sama.png","contentUrl":"https:\/\/emailchef.com\/wp-content\/uploads\/2022\/04\/logo-sama.png","width":237,"height":80,"caption":"Delivery Tech Corp."},"image":{"@id":"https:\/\/emailchef.com\/fr\/#\/schema\/logo\/image\/"}}]}},"_links":{"self":[{"href":"https:\/\/emailchef.com\/fr\/wp-json\/wp\/v2\/pages\/39996"}],"collection":[{"href":"https:\/\/emailchef.com\/fr\/wp-json\/wp\/v2\/pages"}],"about":[{"href":"https:\/\/emailchef.com\/fr\/wp-json\/wp\/v2\/types\/page"}],"author":[{"embeddable":true,"href":"https:\/\/emailchef.com\/fr\/wp-json\/wp\/v2\/users\/20"}],"replies":[{"embeddable":true,"href":"https:\/\/emailchef.com\/fr\/wp-json\/wp\/v2\/comments?post=39996"}],"version-history":[{"count":5,"href":"https:\/\/emailchef.com\/fr\/wp-json\/wp\/v2\/pages\/39996\/revisions"}],"predecessor-version":[{"id":47252,"href":"https:\/\/emailchef.com\/fr\/wp-json\/wp\/v2\/pages\/39996\/revisions\/47252"}],"up":[{"embeddable":true,"href":"https:\/\/emailchef.com\/fr\/wp-json\/wp\/v2\/pages\/1193"}],"wp:attachment":[{"href":"https:\/\/emailchef.com\/fr\/wp-json\/wp\/v2\/media?parent=39996"}],"wp:term":[{"taxonomy":"g1_relation_tag","embeddable":true,"href":"https:\/\/emailchef.com\/fr\/wp-json\/wp\/v2\/g1_relation_tag?post=39996"}],"curies":[{"name":"wp","href":"https:\/\/api.w.org\/{rel}","templated":true}]}}