{"id":39952,"date":"2020-09-07T14:02:41","date_gmt":"2020-09-07T14:02:41","guid":{"rendered":"https:\/\/emailchef.com\/?page_id=39952"},"modified":"2021-05-18T15:41:11","modified_gmt":"2021-05-18T15:41:11","slug":"gerer-les-autorepondeurs","status":"publish","type":"page","link":"https:\/\/emailchef.com\/fr\/base-de-connaissance\/gerer-les-autorepondeurs\/","title":{"rendered":"G\u00e9rer les Autor\u00e9pondeurs"},"content":{"rendered":"<p><span style=\"font-weight: 400;\">Vous pouvez trouver la liste de tous les autor\u00e9pondeurs que vous avez activ\u00e9s dans la section \u201cAUTOR\u00c9PONDEURS\u201d.<\/span><\/p>\n<p><a href=\"https:\/\/emailchef.com\/wp-content\/uploads\/2021\/05\/Screenshot_8.jpg\" rel=\"lightbox\"><img fetchpriority=\"high\" decoding=\"async\" class=\"alignnone wp-image-39958 size-full\" src=\"https:\/\/emailchef.com\/wp-content\/uploads\/2021\/05\/Screenshot_8.jpg\" alt=\"\" width=\"1453\" height=\"682\" srcset=\"https:\/\/emailchef.com\/wp-content\/uploads\/2021\/05\/Screenshot_8.jpg 1453w, https:\/\/emailchef.com\/wp-content\/uploads\/2021\/05\/Screenshot_8-300x141.jpg 300w, https:\/\/emailchef.com\/wp-content\/uploads\/2021\/05\/Screenshot_8-768x360.jpg 768w, https:\/\/emailchef.com\/wp-content\/uploads\/2021\/05\/Screenshot_8-1024x481.jpg 1024w, https:\/\/emailchef.com\/wp-content\/uploads\/2021\/05\/Screenshot_8-968x454.jpg 968w, https:\/\/emailchef.com\/wp-content\/uploads\/2021\/05\/Screenshot_8-636x299.jpg 636w, https:\/\/emailchef.com\/wp-content\/uploads\/2021\/05\/Screenshot_8-320x150.jpg 320w, https:\/\/emailchef.com\/wp-content\/uploads\/2021\/05\/Screenshot_8-239x112.jpg 239w\" sizes=\"(max-width: 1453px) 100vw, 1453px\" \/><\/a><\/p>\n<p><span style=\"font-weight: 400;\">Chaque autor\u00e9pondeur peut \u00eatre d\u00e9sactiv\u00e9 et r\u00e9activ\u00e9 \u00e0 tout moment en cliquant sur le <\/span><b>bouton switch.<\/b><\/p>\n<p><span style=\"font-weight: 400;\">Vous pouvez modifier vos autor\u00e9pondeurs en cliquant sur le bouton <\/span><b>\u201c\u00c9DITER\u201d<\/b><span style=\"font-weight: 400;\"> \u00e0 droite. Et dans le menu d\u00e9roulant, vous pouvez choisir ces trois actions:<\/span><\/p>\n<ol>\n<li style=\"font-weight: 400;\" aria-level=\"1\"><b>Afficher le rapport<\/b><span style=\"font-weight: 400;\">: Vous pourrez acc\u00e9der aux statistiques du autor\u00e9pondeur.<\/span><\/li>\n<li style=\"font-weight: 400;\" aria-level=\"1\"><b>Cloner un autor\u00e9pondeur:<\/b><span style=\"font-weight: 400;\"> Cette option vous permet de faire une copie du autor\u00e9pondeur afin de pouvoir le modifier et l&#8217;utiliser dans une nouvelle campagne.<\/span><\/li>\n<li style=\"font-weight: 400;\" aria-level=\"1\"><b>Supprimer un autor\u00e9pondeur<\/b><span>: Cette option supprime d\u00e9finitivement le autor\u00e9pondeur.<\/span><\/li>\n<\/ol>\n<p><a href=\"https:\/\/emailchef.com\/wp-content\/uploads\/2021\/05\/Screenshot_9.jpg\" rel=\"lightbox\"><img decoding=\"async\" class=\"alignnone wp-image-39974 size-full\" src=\"https:\/\/emailchef.com\/wp-content\/uploads\/2021\/05\/Screenshot_9.jpg\" alt=\"\" width=\"1212\" height=\"627\" srcset=\"https:\/\/emailchef.com\/wp-content\/uploads\/2021\/05\/Screenshot_9.jpg 1212w, https:\/\/emailchef.com\/wp-content\/uploads\/2021\/05\/Screenshot_9-300x155.jpg 300w, https:\/\/emailchef.com\/wp-content\/uploads\/2021\/05\/Screenshot_9-768x397.jpg 768w, https:\/\/emailchef.com\/wp-content\/uploads\/2021\/05\/Screenshot_9-1024x530.jpg 1024w, https:\/\/emailchef.com\/wp-content\/uploads\/2021\/05\/Screenshot_9-968x501.jpg 968w, https:\/\/emailchef.com\/wp-content\/uploads\/2021\/05\/Screenshot_9-636x329.jpg 636w, https:\/\/emailchef.com\/wp-content\/uploads\/2021\/05\/Screenshot_9-320x166.jpg 320w, https:\/\/emailchef.com\/wp-content\/uploads\/2021\/05\/Screenshot_9-239x124.jpg 239w\" sizes=\"(max-width: 1212px) 100vw, 1212px\" \/><\/a><\/p>\n","protected":false},"excerpt":{"rendered":"<p>Vous pouvez trouver la liste de tous les autor\u00e9pondeurs que vous avez activ\u00e9s dans la section \u201cAUTOR\u00c9PONDEURS\u201d. Chaque autor\u00e9pondeur peut \u00eatre d\u00e9sactiv\u00e9 et r\u00e9activ\u00e9 \u00e0 tout moment en cliquant sur le bouton switch. Vous pouvez modifier vos autor\u00e9pondeurs en cliquant sur le bouton \u201c\u00c9DITER\u201d \u00e0 droite. Et dans le menu d\u00e9roulant, vous pouvez choisir ces [&hellip;]<\/p>\n","protected":false},"author":20,"featured_media":0,"parent":1193,"menu_order":0,"comment_status":"closed","ping_status":"closed","template":"","meta":{"_acf_changed":false,"inline_featured_image":false,"footnotes":""},"g1_relation_tag":[],"class_list":["post-39952","page","type-page","status-publish","hentry"],"acf":[],"yoast_head":"<!-- This site is optimized with the Yoast SEO plugin v24.8.1 - https:\/\/yoast.com\/wordpress\/plugins\/seo\/ -->\n<title>G\u00e9rer les Autor\u00e9pondeurs - Emailchef<\/title>\n<meta name=\"robots\" content=\"index, follow, max-snippet:-1, max-image-preview:large, max-video-preview:-1\" \/>\n<link rel=\"canonical\" href=\"https:\/\/emailchef.com\/fr\/base-de-connaissance\/gerer-les-autorepondeurs\/\" \/>\n<meta name=\"twitter:label1\" content=\"Dur\u00e9e de lecture estim\u00e9e\" \/>\n\t<meta name=\"twitter:data1\" content=\"1 minute\" \/>\n<!-- \/ Yoast SEO plugin. -->","yoast_head_json":{"title":"G\u00e9rer les Autor\u00e9pondeurs - Emailchef","robots":{"index":"index","follow":"follow","max-snippet":"max-snippet:-1","max-image-preview":"max-image-preview:large","max-video-preview":"max-video-preview:-1"},"canonical":"https:\/\/emailchef.com\/fr\/base-de-connaissance\/gerer-les-autorepondeurs\/","twitter_misc":{"Dur\u00e9e de lecture estim\u00e9e":"1 minute"},"schema":{"@context":"https:\/\/schema.org","@graph":[{"@type":"WebPage","@id":"https:\/\/emailchef.com\/fr\/base-de-connaissance\/gerer-les-autorepondeurs\/","url":"https:\/\/emailchef.com\/fr\/base-de-connaissance\/gerer-les-autorepondeurs\/","name":"G\u00e9rer les Autor\u00e9pondeurs - Emailchef","isPartOf":{"@id":"https:\/\/emailchef.com\/fr\/#website"},"primaryImageOfPage":{"@id":"https:\/\/emailchef.com\/fr\/base-de-connaissance\/gerer-les-autorepondeurs\/#primaryimage"},"image":{"@id":"https:\/\/emailchef.com\/fr\/base-de-connaissance\/gerer-les-autorepondeurs\/#primaryimage"},"thumbnailUrl":"https:\/\/emailchef.com\/wp-content\/uploads\/2021\/05\/Screenshot_8.jpg","datePublished":"2020-09-07T14:02:41+00:00","dateModified":"2021-05-18T15:41:11+00:00","breadcrumb":{"@id":"https:\/\/emailchef.com\/fr\/base-de-connaissance\/gerer-les-autorepondeurs\/#breadcrumb"},"inLanguage":"fr-FR","potentialAction":[{"@type":"ReadAction","target":["https:\/\/emailchef.com\/fr\/base-de-connaissance\/gerer-les-autorepondeurs\/"]}]},{"@type":"ImageObject","inLanguage":"fr-FR","@id":"https:\/\/emailchef.com\/fr\/base-de-connaissance\/gerer-les-autorepondeurs\/#primaryimage","url":"https:\/\/emailchef.com\/wp-content\/uploads\/2021\/05\/Screenshot_8.jpg","contentUrl":"https:\/\/emailchef.com\/wp-content\/uploads\/2021\/05\/Screenshot_8.jpg"},{"@type":"BreadcrumbList","@id":"https:\/\/emailchef.com\/fr\/base-de-connaissance\/gerer-les-autorepondeurs\/#breadcrumb","itemListElement":[{"@type":"ListItem","position":1,"name":"Home","item":"https:\/\/emailchef.com\/fr\/mailchef-email-marketing-emailing-et-envoi-newsletter\/"},{"@type":"ListItem","position":2,"name":"Base de connaissance","item":"https:\/\/emailchef.com\/fr\/base-de-connaissance\/"},{"@type":"ListItem","position":3,"name":"G\u00e9rer les Autor\u00e9pondeurs"}]},{"@type":"WebSite","@id":"https:\/\/emailchef.com\/fr\/#website","url":"https:\/\/emailchef.com\/fr\/","name":"Emailchef","description":"Recettes go\u00fbteuses pour vos emails","publisher":{"@id":"https:\/\/emailchef.com\/fr\/#organization"},"potentialAction":[{"@type":"SearchAction","target":{"@type":"EntryPoint","urlTemplate":"https:\/\/emailchef.com\/fr\/?s={search_term_string}"},"query-input":{"@type":"PropertyValueSpecification","valueRequired":true,"valueName":"search_term_string"}}],"inLanguage":"fr-FR"},{"@type":"Organization","@id":"https:\/\/emailchef.com\/fr\/#organization","name":"Delivery Tech Corp.","url":"https:\/\/emailchef.com\/fr\/","logo":{"@type":"ImageObject","inLanguage":"fr-FR","@id":"https:\/\/emailchef.com\/fr\/#\/schema\/logo\/image\/","url":"https:\/\/emailchef.com\/wp-content\/uploads\/2022\/04\/logo-sama.png","contentUrl":"https:\/\/emailchef.com\/wp-content\/uploads\/2022\/04\/logo-sama.png","width":237,"height":80,"caption":"Delivery Tech Corp."},"image":{"@id":"https:\/\/emailchef.com\/fr\/#\/schema\/logo\/image\/"}}]}},"_links":{"self":[{"href":"https:\/\/emailchef.com\/fr\/wp-json\/wp\/v2\/pages\/39952"}],"collection":[{"href":"https:\/\/emailchef.com\/fr\/wp-json\/wp\/v2\/pages"}],"about":[{"href":"https:\/\/emailchef.com\/fr\/wp-json\/wp\/v2\/types\/page"}],"author":[{"embeddable":true,"href":"https:\/\/emailchef.com\/fr\/wp-json\/wp\/v2\/users\/20"}],"replies":[{"embeddable":true,"href":"https:\/\/emailchef.com\/fr\/wp-json\/wp\/v2\/comments?post=39952"}],"version-history":[{"count":1,"href":"https:\/\/emailchef.com\/fr\/wp-json\/wp\/v2\/pages\/39952\/revisions"}],"predecessor-version":[{"id":39990,"href":"https:\/\/emailchef.com\/fr\/wp-json\/wp\/v2\/pages\/39952\/revisions\/39990"}],"up":[{"embeddable":true,"href":"https:\/\/emailchef.com\/fr\/wp-json\/wp\/v2\/pages\/1193"}],"wp:attachment":[{"href":"https:\/\/emailchef.com\/fr\/wp-json\/wp\/v2\/media?parent=39952"}],"wp:term":[{"taxonomy":"g1_relation_tag","embeddable":true,"href":"https:\/\/emailchef.com\/fr\/wp-json\/wp\/v2\/g1_relation_tag?post=39952"}],"curies":[{"name":"wp","href":"https:\/\/api.w.org\/{rel}","templated":true}]}}