{"id":39826,"date":"2021-02-15T15:56:07","date_gmt":"2021-02-15T15:56:07","guid":{"rendered":"https:\/\/emailchef.com\/?page_id=39826"},"modified":"2021-05-18T15:18:19","modified_gmt":"2021-05-18T15:18:19","slug":"suivez-les-performances-de-vos-formulaires-dinscription","status":"publish","type":"page","link":"https:\/\/emailchef.com\/fr\/base-de-connaissance\/suivez-les-performances-de-vos-formulaires-dinscription\/","title":{"rendered":"Suivez les performances de vos formulaires d&#8217;inscription"},"content":{"rendered":"<p><span style=\"font-weight: 400;\">Le <\/span><b>formulaire d&#8217;inscription<\/b><span style=\"font-weight: 400;\"> repr\u00e9sente l&#8217;outil principal qui vous permet de cr\u00e9er une liste de contacts abonn\u00e9s. Si le formulaire n&#8217;est pas attractif, fonctionnel ou est mal positionn\u00e9, les utilisateurs auront des difficult\u00e9s \u00e0 fournir leurs donn\u00e9es, et donc sans suffisamment d&#8217;emails de contacts, il sera difficile pour vous d\u00e9marrer une campagne d&#8217;email marketing r\u00e9ussie.<\/span><\/p>\n<p><span style=\"font-weight: 400;\">C&#8217;est pour cette raison qu&#8217;il est essentiel de <\/span><b>suivre les performances de vos formulaires d&#8217;inscription<\/b><span style=\"font-weight: 400;\"> et de tester autant que possible la position du formulaire dans votre site, les CTA et tous les \u00e9l\u00e9ments qui le composent. Si vous souhaitez am\u00e9liorer la performance de votre formulaire d&#8217;inscription pour attirer plus d&#8217;abonn\u00e9s \u00e0 votre newsletter, <\/span><b>consultez cet article<\/b><span style=\"font-weight: 400;\">.<\/span><\/p>\n<p><span style=\"font-weight: 400;\">Dans la section Emailchef d\u00e9di\u00e9e aux m\u00e9triques de votre formulaire, vous trouverez diverses donn\u00e9es, telles que le <\/span><b>nombre de contacts, le nombre de visites et le taux de conversion<\/b><span style=\"font-weight: 400;\">. Vous pouvez \u00e9galement analyser les donn\u00e9es relatives \u00e0 une certaine p\u00e9riode de temps, en s\u00e9lectionnant la p\u00e9riode qui vous int\u00e9resse. Les m\u00e9triques vous permettent \u00e9galement de savoir \u00e0 partir de quels appareils vos contacts se sont abonn\u00e9s.<\/span><\/p>\n<p><span style=\"font-weight: 400;\">Pour acc\u00e9der aux rapports de votre formulaire, cliquez sur \u201cListes\u201d, donc cliquez sur le nom de la liste. Ensuite dans la barre du haut, cliquez sur<\/span><b> \u201cFormulaires d&#8217;inscription\u201d.<\/b><\/p>\n<p><a href=\"https:\/\/emailchef.com\/wp-content\/uploads\/2021\/05\/Screenshot_1.jpg\" rel=\"lightbox\"><img fetchpriority=\"high\" decoding=\"async\" class=\"alignnone wp-image-39828 size-full\" src=\"https:\/\/emailchef.com\/wp-content\/uploads\/2021\/05\/Screenshot_1.jpg\" alt=\"\" width=\"1454\" height=\"768\" srcset=\"https:\/\/emailchef.com\/wp-content\/uploads\/2021\/05\/Screenshot_1.jpg 1454w, https:\/\/emailchef.com\/wp-content\/uploads\/2021\/05\/Screenshot_1-300x158.jpg 300w, https:\/\/emailchef.com\/wp-content\/uploads\/2021\/05\/Screenshot_1-768x406.jpg 768w, https:\/\/emailchef.com\/wp-content\/uploads\/2021\/05\/Screenshot_1-1024x541.jpg 1024w, https:\/\/emailchef.com\/wp-content\/uploads\/2021\/05\/Screenshot_1-968x511.jpg 968w, https:\/\/emailchef.com\/wp-content\/uploads\/2021\/05\/Screenshot_1-636x336.jpg 636w, https:\/\/emailchef.com\/wp-content\/uploads\/2021\/05\/Screenshot_1-320x169.jpg 320w, https:\/\/emailchef.com\/wp-content\/uploads\/2021\/05\/Screenshot_1-239x126.jpg 239w\" sizes=\"(max-width: 1454px) 100vw, 1454px\" \/><\/a><\/p>\n<p><span style=\"font-weight: 400;\">Vous verrez maintenant la section \u201cFormulaires d&#8217;inscription\u201d et la liste de vos formulaires cr\u00e9\u00e9s. Cliquez sur le nom du formulaire que vous souhaitez regarder.<\/span><\/p>\n<p><a href=\"https:\/\/emailchef.com\/wp-content\/uploads\/2021\/05\/Screenshot_2.jpg\" rel=\"lightbox\"><img decoding=\"async\" class=\"alignnone wp-image-39844 size-full\" src=\"https:\/\/emailchef.com\/wp-content\/uploads\/2021\/05\/Screenshot_2.jpg\" alt=\"\" width=\"1211\" height=\"437\" srcset=\"https:\/\/emailchef.com\/wp-content\/uploads\/2021\/05\/Screenshot_2.jpg 1211w, https:\/\/emailchef.com\/wp-content\/uploads\/2021\/05\/Screenshot_2-300x108.jpg 300w, https:\/\/emailchef.com\/wp-content\/uploads\/2021\/05\/Screenshot_2-768x277.jpg 768w, https:\/\/emailchef.com\/wp-content\/uploads\/2021\/05\/Screenshot_2-1024x370.jpg 1024w, https:\/\/emailchef.com\/wp-content\/uploads\/2021\/05\/Screenshot_2-968x349.jpg 968w, https:\/\/emailchef.com\/wp-content\/uploads\/2021\/05\/Screenshot_2-636x230.jpg 636w, https:\/\/emailchef.com\/wp-content\/uploads\/2021\/05\/Screenshot_2-320x115.jpg 320w, https:\/\/emailchef.com\/wp-content\/uploads\/2021\/05\/Screenshot_2-239x86.jpg 239w\" sizes=\"(max-width: 1211px) 100vw, 1211px\" \/><\/a><\/p>\n<p><span style=\"font-weight: 400;\">Ensuite, vous verrez la page avec les m\u00e9triques correspondant aux performances de votre formulaire. Cette section propose plusieurs divisions. Voyons quelles informations vous pouvez trouver.<\/span><\/p>\n<p><span style=\"font-weight: 400;\">En haut \u00e0 gauche vous trouverez l&#8217;aper\u00e7u du formulaire, au centre les informations \u00e9l\u00e9mentaires (tels comme le statut du formulaire et la date de la derni\u00e8re modification) et \u00e0 votre droite &#8211; de haut en bas &#8211;<\/span><b> le nombre de contacts<\/b><span style=\"font-weight: 400;\"> ( c&#8217;est-\u00e0-dire le nombre de contacts abonn\u00e9s), le nombre de <\/span><b>visites <\/b><span style=\"font-weight: 400;\">totales et le<\/span><b> taux de conversion<\/b><span style=\"font-weight: 400;\"> (donn\u00e9 par le nombre de contacts\/ le nombre de visites).<\/span><\/p>\n<p><a href=\"https:\/\/emailchef.com\/wp-content\/uploads\/2021\/05\/Screenshot_3.jpg\" rel=\"lightbox\"><img decoding=\"async\" class=\"alignnone wp-image-39860 size-full\" src=\"https:\/\/emailchef.com\/wp-content\/uploads\/2021\/05\/Screenshot_3.jpg\" alt=\"\" width=\"1199\" height=\"626\" srcset=\"https:\/\/emailchef.com\/wp-content\/uploads\/2021\/05\/Screenshot_3.jpg 1199w, https:\/\/emailchef.com\/wp-content\/uploads\/2021\/05\/Screenshot_3-300x157.jpg 300w, https:\/\/emailchef.com\/wp-content\/uploads\/2021\/05\/Screenshot_3-768x401.jpg 768w, https:\/\/emailchef.com\/wp-content\/uploads\/2021\/05\/Screenshot_3-1024x535.jpg 1024w, https:\/\/emailchef.com\/wp-content\/uploads\/2021\/05\/Screenshot_3-968x505.jpg 968w, https:\/\/emailchef.com\/wp-content\/uploads\/2021\/05\/Screenshot_3-636x332.jpg 636w, https:\/\/emailchef.com\/wp-content\/uploads\/2021\/05\/Screenshot_3-320x167.jpg 320w, https:\/\/emailchef.com\/wp-content\/uploads\/2021\/05\/Screenshot_3-239x125.jpg 239w\" sizes=\"(max-width: 1199px) 100vw, 1199px\" \/><\/a><\/p>\n<p><span style=\"font-weight: 400;\">En bas, vous trouverez la section d\u00e9di\u00e9e aux <\/span><b>&#8220;Chronologie des performances&#8221;,<\/b><span style=\"font-weight: 400;\"> c&#8217;est-\u00e0-dire les m\u00e9triques calcul\u00e9es sur une certaine p\u00e9riode de temps. Cliquez sur le calendrier et s\u00e9lectionnez la p\u00e9riode qui vous int\u00e9resse, vous verrez alors les donn\u00e9es de performance de votre formulaire d&#8217;inscription sp\u00e9cifiquement pour la p\u00e9riode que vous avez s\u00e9lectionn\u00e9e. Sur la gauche, vous trouverez le nombre de contacts enregistr\u00e9s, au centre le nombre de visites, et \u00e0 droite le taux de conversion, et \u00e9galement le graphique de performance sera affich\u00e9 en bas.<\/span><\/p>\n<p><a href=\"https:\/\/emailchef.com\/wp-content\/uploads\/2021\/05\/Screenshot_4.jpg\" rel=\"lightbox\"><img loading=\"lazy\" decoding=\"async\" class=\"alignnone wp-image-39876 size-full\" src=\"https:\/\/emailchef.com\/wp-content\/uploads\/2021\/05\/Screenshot_4.jpg\" alt=\"\" width=\"1196\" height=\"771\" srcset=\"https:\/\/emailchef.com\/wp-content\/uploads\/2021\/05\/Screenshot_4.jpg 1196w, https:\/\/emailchef.com\/wp-content\/uploads\/2021\/05\/Screenshot_4-300x193.jpg 300w, https:\/\/emailchef.com\/wp-content\/uploads\/2021\/05\/Screenshot_4-768x495.jpg 768w, https:\/\/emailchef.com\/wp-content\/uploads\/2021\/05\/Screenshot_4-1024x660.jpg 1024w, https:\/\/emailchef.com\/wp-content\/uploads\/2021\/05\/Screenshot_4-968x624.jpg 968w, https:\/\/emailchef.com\/wp-content\/uploads\/2021\/05\/Screenshot_4-636x410.jpg 636w, https:\/\/emailchef.com\/wp-content\/uploads\/2021\/05\/Screenshot_4-320x206.jpg 320w, https:\/\/emailchef.com\/wp-content\/uploads\/2021\/05\/Screenshot_4-239x154.jpg 239w\" sizes=\"(max-width: 1196px) 100vw, 1196px\" \/><\/a><\/p>\n<p><span style=\"font-weight: 400;\">En bas, vous verrez une section d\u00e9di\u00e9e aux contacts qui se sont abonn\u00e9s. Ici, vous pouvez trouver <\/span><b>les adresses e-mail des abonn\u00e9s<\/b><span style=\"font-weight: 400;\">, ainsi que des informations suppl\u00e9mentaires sur leur abonnement, telles que leur emplacement, le type de formulaire utilis\u00e9 pour s&#8217;abonner et la page de r\u00e9f\u00e9rence: c&#8217;est-\u00e0-dire la page \u00e0 partir de laquelle l&#8217;utilisateur est arriv\u00e9 au formulaire.<\/span><\/p>\n<p><a href=\"https:\/\/emailchef.com\/wp-content\/uploads\/2021\/05\/Screenshot_5.jpg\" rel=\"lightbox\"><img loading=\"lazy\" decoding=\"async\" class=\"alignnone wp-image-39892 size-full\" src=\"https:\/\/emailchef.com\/wp-content\/uploads\/2021\/05\/Screenshot_5.jpg\" alt=\"\" width=\"1194\" height=\"475\" srcset=\"https:\/\/emailchef.com\/wp-content\/uploads\/2021\/05\/Screenshot_5.jpg 1194w, https:\/\/emailchef.com\/wp-content\/uploads\/2021\/05\/Screenshot_5-300x119.jpg 300w, https:\/\/emailchef.com\/wp-content\/uploads\/2021\/05\/Screenshot_5-768x306.jpg 768w, https:\/\/emailchef.com\/wp-content\/uploads\/2021\/05\/Screenshot_5-1024x407.jpg 1024w, https:\/\/emailchef.com\/wp-content\/uploads\/2021\/05\/Screenshot_5-968x385.jpg 968w, https:\/\/emailchef.com\/wp-content\/uploads\/2021\/05\/Screenshot_5-636x253.jpg 636w, https:\/\/emailchef.com\/wp-content\/uploads\/2021\/05\/Screenshot_5-320x127.jpg 320w, https:\/\/emailchef.com\/wp-content\/uploads\/2021\/05\/Screenshot_5-239x95.jpg 239w\" sizes=\"(max-width: 1194px) 100vw, 1194px\" \/><\/a><\/p>\n<p><span style=\"font-weight: 400;\">Nous vous recommandons de ne pas ignorer la valeur de ces donn\u00e9es li\u00e9es au &#8220;Type de Formulaire&#8221; dans la section pr\u00e9c\u00e9dente. Gr\u00e2ce \u00e0 ces informations, vous saurez lequel des trois types de formulaires d&#8217;inscription que vous pouvez cr\u00e9er avec Emailchef (Hosted, Embedded, Custom) vous donne les meilleurs r\u00e9sultats.<\/span><\/p>\n<p><span style=\"font-weight: 400;\">Les trois types de formulaires disponibles dans Emailchef: HOSTED,\u00a0 EMBEDDED, et CUSTOM se r\u00e9f\u00e8rent \u00e0:<\/span><\/p>\n<ol>\n<li style=\"font-weight: 400;\" aria-level=\"1\"><b>EMBEDDED<\/b><span style=\"font-weight: 400;\">: Formulaires Emailchef qui peuvent \u00eatre int\u00e9gr\u00e9s \u00e0 votre site Web \u00e0 l&#8217;aide d&#8217;un extrait de code JavaScript<\/span><\/li>\n<li style=\"font-weight: 400;\" aria-level=\"1\"><b>CUSTOM<\/b><span style=\"font-weight: 400;\">: Formulaires Emailchef modifiables \u00e0 l&#8217;aide du code HTML<\/span><\/li>\n<li style=\"font-weight: 400;\" aria-level=\"1\"><b>HOSTED<\/b><span style=\"font-weight: 400;\">: Formulaires Emailchef h\u00e9berg\u00e9s sur nos serveurs, accessibles via un lien direct.<\/span><\/li>\n<\/ol>\n<p><span style=\"font-weight: 400;\">Ci-dessous vous trouverez la section d\u00e9di\u00e9e aux <\/span><b>&#8220;Performance par dispositif&#8221;<\/b><span style=\"font-weight: 400;\">. Gr\u00e2ce \u00e0 ces donn\u00e9es, vous saurez depuis quel appareil vos abonn\u00e9s ont rempli le formulaire d&#8217;inscription (un mobile, un ordinateur ou une tablette) ainsi que le navigateur et le syst\u00e8me d&#8217;exploitation qu&#8217;ils ont utilis\u00e9s.<\/span><\/p>\n<p><span style=\"font-weight: 400;\">Si votre formulaire, par exemple, est principalement utilis\u00e9 sur des appareils mobiles, vous pouvez l&#8217;am\u00e9liorer en tenant compte des caract\u00e9ristiques de ces appareils, en cherchant \u00e0 faciliter le processus d&#8217;enregistrement, m\u00eame s&#8217;il s&#8217;agit d&#8217;un smartphone.<\/span><span style=\"font-weight: 400;\"><br \/>\n<\/span><span style=\"font-weight: 400;\">D&#8217;autre part, si votre formulaire est principalement utilis\u00e9 par des appareils Apple, vous pouvez faire des tests pour vous assurer qu&#8217;il n&#8217;y a pas de probl\u00e8mes d&#8217;affichage dans un navigateur sp\u00e9cifique (dans ce cas Safari).<\/span><\/p>\n<p><a href=\"https:\/\/emailchef.com\/wp-content\/uploads\/2021\/05\/Screenshot_6.jpg\" rel=\"lightbox\"><img loading=\"lazy\" decoding=\"async\" class=\"alignnone wp-image-39908 size-full\" src=\"https:\/\/emailchef.com\/wp-content\/uploads\/2021\/05\/Screenshot_6.jpg\" alt=\"\" width=\"1196\" height=\"675\" srcset=\"https:\/\/emailchef.com\/wp-content\/uploads\/2021\/05\/Screenshot_6.jpg 1196w, https:\/\/emailchef.com\/wp-content\/uploads\/2021\/05\/Screenshot_6-300x169.jpg 300w, https:\/\/emailchef.com\/wp-content\/uploads\/2021\/05\/Screenshot_6-768x433.jpg 768w, https:\/\/emailchef.com\/wp-content\/uploads\/2021\/05\/Screenshot_6-1024x578.jpg 1024w, https:\/\/emailchef.com\/wp-content\/uploads\/2021\/05\/Screenshot_6-968x546.jpg 968w, https:\/\/emailchef.com\/wp-content\/uploads\/2021\/05\/Screenshot_6-636x359.jpg 636w, https:\/\/emailchef.com\/wp-content\/uploads\/2021\/05\/Screenshot_6-482x271.jpg 482w, https:\/\/emailchef.com\/wp-content\/uploads\/2021\/05\/Screenshot_6-320x181.jpg 320w, https:\/\/emailchef.com\/wp-content\/uploads\/2021\/05\/Screenshot_6-239x135.jpg 239w\" sizes=\"(max-width: 1196px) 100vw, 1196px\" \/><\/a><\/p>\n<p><span style=\"font-weight: 400;\">Dans la derni\u00e8re partie des rapports, vous trouverez deux sections sp\u00e9cifiques, l&#8217;une d\u00e9di\u00e9e aux <\/span><b>&#8220;Performances des URL&#8221; <\/b><span style=\"font-weight: 400;\">(cela est utile pour \u00e9valuer l&#8217;efficacit\u00e9 d&#8217;une campagne et identifier quelle page de votre site g\u00e9n\u00e8re le plus d&#8217;abonn\u00e9s) et la seconde sur le <\/span><b>&#8220;Formulaires d\u2019Inscription &#8211; Activit\u00e9s\u201d<\/b><span style=\"font-weight: 400;\"> (qui contient un r\u00e9sum\u00e9 des activit\u00e9s r\u00e9alis\u00e9es dans le formulaire).<\/span><\/p>\n<p><a href=\"https:\/\/emailchef.com\/wp-content\/uploads\/2021\/05\/Screenshot_7.jpg\" rel=\"lightbox\"><img loading=\"lazy\" decoding=\"async\" class=\"alignnone wp-image-39924 size-full\" src=\"https:\/\/emailchef.com\/wp-content\/uploads\/2021\/05\/Screenshot_7.jpg\" alt=\"\" width=\"1198\" height=\"545\" srcset=\"https:\/\/emailchef.com\/wp-content\/uploads\/2021\/05\/Screenshot_7.jpg 1198w, https:\/\/emailchef.com\/wp-content\/uploads\/2021\/05\/Screenshot_7-300x136.jpg 300w, https:\/\/emailchef.com\/wp-content\/uploads\/2021\/05\/Screenshot_7-768x349.jpg 768w, https:\/\/emailchef.com\/wp-content\/uploads\/2021\/05\/Screenshot_7-1024x466.jpg 1024w, https:\/\/emailchef.com\/wp-content\/uploads\/2021\/05\/Screenshot_7-968x440.jpg 968w, https:\/\/emailchef.com\/wp-content\/uploads\/2021\/05\/Screenshot_7-636x289.jpg 636w, https:\/\/emailchef.com\/wp-content\/uploads\/2021\/05\/Screenshot_7-320x146.jpg 320w, https:\/\/emailchef.com\/wp-content\/uploads\/2021\/05\/Screenshot_7-239x109.jpg 239w\" sizes=\"(max-width: 1198px) 100vw, 1198px\" \/><\/a><\/p>\n","protected":false},"excerpt":{"rendered":"<p>Le formulaire d&#8217;inscription repr\u00e9sente l&#8217;outil principal qui vous permet de cr\u00e9er une liste de contacts abonn\u00e9s. Si le formulaire n&#8217;est pas attractif, fonctionnel ou est mal positionn\u00e9, les utilisateurs auront des difficult\u00e9s \u00e0 fournir leurs donn\u00e9es, et donc sans suffisamment d&#8217;emails de contacts, il sera difficile pour vous d\u00e9marrer une campagne d&#8217;email marketing r\u00e9ussie. C&#8217;est [&hellip;]<\/p>\n","protected":false},"author":20,"featured_media":0,"parent":1193,"menu_order":0,"comment_status":"closed","ping_status":"closed","template":"","meta":{"_acf_changed":false,"inline_featured_image":false,"footnotes":""},"g1_relation_tag":[],"class_list":["post-39826","page","type-page","status-publish","hentry"],"acf":[],"yoast_head":"<!-- This site is optimized with the Yoast SEO plugin v24.8.1 - https:\/\/yoast.com\/wordpress\/plugins\/seo\/ -->\n<title>Suivez les performances de vos formulaires d&#039;inscription - Emailchef<\/title>\n<meta name=\"robots\" content=\"index, follow, max-snippet:-1, max-image-preview:large, max-video-preview:-1\" \/>\n<link rel=\"canonical\" href=\"https:\/\/emailchef.com\/fr\/base-de-connaissance\/suivez-les-performances-de-vos-formulaires-dinscription\/\" \/>\n<meta name=\"twitter:label1\" content=\"Dur\u00e9e de lecture estim\u00e9e\" \/>\n\t<meta name=\"twitter:data1\" content=\"4 minutes\" \/>\n<!-- \/ Yoast SEO plugin. -->","yoast_head_json":{"title":"Suivez les performances de vos formulaires d'inscription - Emailchef","robots":{"index":"index","follow":"follow","max-snippet":"max-snippet:-1","max-image-preview":"max-image-preview:large","max-video-preview":"max-video-preview:-1"},"canonical":"https:\/\/emailchef.com\/fr\/base-de-connaissance\/suivez-les-performances-de-vos-formulaires-dinscription\/","twitter_misc":{"Dur\u00e9e de lecture estim\u00e9e":"4 minutes"},"schema":{"@context":"https:\/\/schema.org","@graph":[{"@type":"WebPage","@id":"https:\/\/emailchef.com\/fr\/base-de-connaissance\/suivez-les-performances-de-vos-formulaires-dinscription\/","url":"https:\/\/emailchef.com\/fr\/base-de-connaissance\/suivez-les-performances-de-vos-formulaires-dinscription\/","name":"Suivez les performances de vos formulaires d'inscription - Emailchef","isPartOf":{"@id":"https:\/\/emailchef.com\/fr\/#website"},"primaryImageOfPage":{"@id":"https:\/\/emailchef.com\/fr\/base-de-connaissance\/suivez-les-performances-de-vos-formulaires-dinscription\/#primaryimage"},"image":{"@id":"https:\/\/emailchef.com\/fr\/base-de-connaissance\/suivez-les-performances-de-vos-formulaires-dinscription\/#primaryimage"},"thumbnailUrl":"https:\/\/emailchef.com\/wp-content\/uploads\/2021\/05\/Screenshot_1.jpg","datePublished":"2021-02-15T15:56:07+00:00","dateModified":"2021-05-18T15:18:19+00:00","breadcrumb":{"@id":"https:\/\/emailchef.com\/fr\/base-de-connaissance\/suivez-les-performances-de-vos-formulaires-dinscription\/#breadcrumb"},"inLanguage":"fr-FR","potentialAction":[{"@type":"ReadAction","target":["https:\/\/emailchef.com\/fr\/base-de-connaissance\/suivez-les-performances-de-vos-formulaires-dinscription\/"]}]},{"@type":"ImageObject","inLanguage":"fr-FR","@id":"https:\/\/emailchef.com\/fr\/base-de-connaissance\/suivez-les-performances-de-vos-formulaires-dinscription\/#primaryimage","url":"https:\/\/emailchef.com\/wp-content\/uploads\/2021\/05\/Screenshot_1.jpg","contentUrl":"https:\/\/emailchef.com\/wp-content\/uploads\/2021\/05\/Screenshot_1.jpg"},{"@type":"BreadcrumbList","@id":"https:\/\/emailchef.com\/fr\/base-de-connaissance\/suivez-les-performances-de-vos-formulaires-dinscription\/#breadcrumb","itemListElement":[{"@type":"ListItem","position":1,"name":"Home","item":"https:\/\/emailchef.com\/fr\/mailchef-email-marketing-emailing-et-envoi-newsletter\/"},{"@type":"ListItem","position":2,"name":"Base de connaissance","item":"https:\/\/emailchef.com\/fr\/base-de-connaissance\/"},{"@type":"ListItem","position":3,"name":"Suivez les performances de vos formulaires d&rsquo;inscription"}]},{"@type":"WebSite","@id":"https:\/\/emailchef.com\/fr\/#website","url":"https:\/\/emailchef.com\/fr\/","name":"Emailchef","description":"Recettes go\u00fbteuses pour vos emails","publisher":{"@id":"https:\/\/emailchef.com\/fr\/#organization"},"potentialAction":[{"@type":"SearchAction","target":{"@type":"EntryPoint","urlTemplate":"https:\/\/emailchef.com\/fr\/?s={search_term_string}"},"query-input":{"@type":"PropertyValueSpecification","valueRequired":true,"valueName":"search_term_string"}}],"inLanguage":"fr-FR"},{"@type":"Organization","@id":"https:\/\/emailchef.com\/fr\/#organization","name":"Delivery Tech Corp.","url":"https:\/\/emailchef.com\/fr\/","logo":{"@type":"ImageObject","inLanguage":"fr-FR","@id":"https:\/\/emailchef.com\/fr\/#\/schema\/logo\/image\/","url":"https:\/\/emailchef.com\/wp-content\/uploads\/2022\/04\/logo-sama.png","contentUrl":"https:\/\/emailchef.com\/wp-content\/uploads\/2022\/04\/logo-sama.png","width":237,"height":80,"caption":"Delivery Tech Corp."},"image":{"@id":"https:\/\/emailchef.com\/fr\/#\/schema\/logo\/image\/"}}]}},"_links":{"self":[{"href":"https:\/\/emailchef.com\/fr\/wp-json\/wp\/v2\/pages\/39826"}],"collection":[{"href":"https:\/\/emailchef.com\/fr\/wp-json\/wp\/v2\/pages"}],"about":[{"href":"https:\/\/emailchef.com\/fr\/wp-json\/wp\/v2\/types\/page"}],"author":[{"embeddable":true,"href":"https:\/\/emailchef.com\/fr\/wp-json\/wp\/v2\/users\/20"}],"replies":[{"embeddable":true,"href":"https:\/\/emailchef.com\/fr\/wp-json\/wp\/v2\/comments?post=39826"}],"version-history":[{"count":4,"href":"https:\/\/emailchef.com\/fr\/wp-json\/wp\/v2\/pages\/39826\/revisions"}],"predecessor-version":[{"id":39954,"href":"https:\/\/emailchef.com\/fr\/wp-json\/wp\/v2\/pages\/39826\/revisions\/39954"}],"up":[{"embeddable":true,"href":"https:\/\/emailchef.com\/fr\/wp-json\/wp\/v2\/pages\/1193"}],"wp:attachment":[{"href":"https:\/\/emailchef.com\/fr\/wp-json\/wp\/v2\/media?parent=39826"}],"wp:term":[{"taxonomy":"g1_relation_tag","embeddable":true,"href":"https:\/\/emailchef.com\/fr\/wp-json\/wp\/v2\/g1_relation_tag?post=39826"}],"curies":[{"name":"wp","href":"https:\/\/api.w.org\/{rel}","templated":true}]}}