{"id":31218,"date":"2020-11-20T16:51:11","date_gmt":"2020-11-20T16:51:11","guid":{"rendered":"https:\/\/emailchef.com\/base-de-connaissance\/set-yahoo-complaint-feedback-loop\/"},"modified":"2020-12-02T09:11:30","modified_gmt":"2020-12-02T09:11:30","slug":"configurer-le-service-yahoo-complaint-feedback-loop","status":"publish","type":"page","link":"https:\/\/emailchef.com\/fr\/base-de-connaissance\/configurer-le-service-yahoo-complaint-feedback-loop\/","title":{"rendered":"Configurer le service Yahoo complaint feedback loop"},"content":{"rendered":"<p>Un Feedback Loop est un outil qui permet aux plaintes des destinataires d&#8217;\u00eatre automatiquement marqu\u00e9s dans votre compte en tant que d\u00e9sabonnements.<\/p>\n<p>La configuration de la Yahoo complaint feedback loop (YFBL) vous aidera lors de l&#8217;envoi aux destinataires sur yahoo.com. Si un destinataire de yahoo.com marque votre message comme spam, c\u2019est logique que vous ne souhaitiez pas continuer \u00e0 envoyer des e-mails \u00e0 cette personne, donc le d\u00e9sabonnement automatique de cette adresse est la meilleure option, en plus, cela vous emp\u00eachera de continuer \u00e0 envoyer des e-mails \u00e0 des destinataires qui ne veulent pas recevoir vos e-mails.<\/p>\n<p>Le fait de ne pas configurer le Yahoo complaint feedback loop peut conduire \u00e0 une mauvaise r\u00e9putation dans vos envois, ce qui rend les messages non envoy\u00e9s, avec retards de livraison ou m\u00eame non livr\u00e9s du tout.<\/p>\n<div class=\"g1-space\" style=\"height: 1.5em\"><\/div>\n<h2><strong>Comment configurer le Yahoo complaint feedback loop<\/strong><\/h2>\n<p>This can be done as follow:<\/p>\n<div class=\"g1-space\" style=\"height: 1.5em\"><\/div>\n<h3><strong>1. Cr\u00e9er une bo\u00eete d\u2019envoi<\/strong><\/h3>\n<p>Cr\u00e9ez une adresse e-mail comme postmaster@&#8221;votre_domain_envoi.com&#8221; &#8211; qui est n\u00e9cessaire pour activer YFBL.<br \/>\nIl est recommand\u00e9 de cr\u00e9er cette bo\u00eete par d\u00e9faut.<\/p>\n<div class=\"g1-space\" style=\"height: 1.5em\"><\/div>\n<h3><strong>2. Inscrivez-vous sur Yahoo FBL<\/strong><\/h3>\n<p>Acc\u00e9dez \u00e0 la page du Yahoo complaint feedback loop dans <a href=\"https:\/\/io.help.yahoo.com\/contact\/index?page=contactform&amp;locale=en_US&amp;token=Zh%2FBBVqXzLHlIbokbUqVWTUbuuQeXGkGnZzhKR2JQ4O6mMQdy9JSWdtWFXvjthcYCRj9bUIFfycOfG%2B4GOHPHoOGa8HwDO2%2B0kYRtTcdR8Nja5P9HWkKh3VWfS3pyu4UdjhvwG%2BBCvnYFl5dToDK%2Fw%3D%3D&amp;selectedChannel=email-icon\" target=\"_blank\" rel=\"noopener\">ce lien<\/a>. Ensuite, vous verrez une page comme celle-ci:<\/p>\n<p>&nbsp;<\/p>\n<p><img fetchpriority=\"high\" decoding=\"async\" class=\"aligncenter wp-image-29556\" src=\"https:\/\/emailchef.com\/wp-content\/uploads\/2020\/11\/set-yahoo-complaint-feedback-loop-1-1024x460.png\" alt=\"\" width=\"450\" height=\"202\" srcset=\"https:\/\/emailchef.com\/wp-content\/uploads\/2020\/11\/set-yahoo-complaint-feedback-loop-1-1024x460.png 1024w, https:\/\/emailchef.com\/wp-content\/uploads\/2020\/11\/set-yahoo-complaint-feedback-loop-1-300x135.png 300w, https:\/\/emailchef.com\/wp-content\/uploads\/2020\/11\/set-yahoo-complaint-feedback-loop-1-768x345.png 768w, https:\/\/emailchef.com\/wp-content\/uploads\/2020\/11\/set-yahoo-complaint-feedback-loop-1-968x435.png 968w, https:\/\/emailchef.com\/wp-content\/uploads\/2020\/11\/set-yahoo-complaint-feedback-loop-1-636x286.png 636w, https:\/\/emailchef.com\/wp-content\/uploads\/2020\/11\/set-yahoo-complaint-feedback-loop-1-320x144.png 320w, https:\/\/emailchef.com\/wp-content\/uploads\/2020\/11\/set-yahoo-complaint-feedback-loop-1-239x107.png 239w, https:\/\/emailchef.com\/wp-content\/uploads\/2020\/11\/set-yahoo-complaint-feedback-loop-1.png 1873w\" sizes=\"(max-width: 450px) 100vw, 450px\" \/><\/p>\n<p>&nbsp;<\/p>\n<p>Remplissez tous les champs de la page comme suit:<\/p>\n<ul>\n<li>Company Name: Emailchef.com<\/li>\n<li>Contact Name: Deliverability Team<\/li>\n<li>Contact email: info@emailchef.com<\/li>\n<li>Reporting email: loop@emailchef.com<\/li>\n<li>Selector: mailchef._domainkey<\/li>\n<li>Request type: Select Add<\/li>\n<li>Domain: Enter your sender domain<\/li>\n<\/ul>\n<p>&nbsp;<\/p>\n<p><img decoding=\"async\" class=\"wp-image-29580 aligncenter\" src=\"https:\/\/emailchef.com\/wp-content\/uploads\/2020\/11\/set-yahoo-complaint-feedback-loop-2-e1605890190880.png\" alt=\"\" width=\"450\" height=\"489\" srcset=\"https:\/\/emailchef.com\/wp-content\/uploads\/2020\/11\/set-yahoo-complaint-feedback-loop-2-e1605890190880.png 798w, https:\/\/emailchef.com\/wp-content\/uploads\/2020\/11\/set-yahoo-complaint-feedback-loop-2-e1605890190880-276x300.png 276w, https:\/\/emailchef.com\/wp-content\/uploads\/2020\/11\/set-yahoo-complaint-feedback-loop-2-e1605890190880-768x834.png 768w, https:\/\/emailchef.com\/wp-content\/uploads\/2020\/11\/set-yahoo-complaint-feedback-loop-2-e1605890190880-636x691.png 636w, https:\/\/emailchef.com\/wp-content\/uploads\/2020\/11\/set-yahoo-complaint-feedback-loop-2-e1605890190880-320x348.png 320w, https:\/\/emailchef.com\/wp-content\/uploads\/2020\/11\/set-yahoo-complaint-feedback-loop-2-e1605890190880-239x260.png 239w\" sizes=\"(max-width: 450px) 100vw, 450px\" \/><\/p>\n<p>&nbsp;<\/p>\n<p><img decoding=\"async\" class=\"aligncenter wp-image-29940\" src=\"https:\/\/emailchef.com\/wp-content\/uploads\/2020\/11\/set-yahoo-complaint-feedback-loop-3.png\" alt=\"\" width=\"450\" height=\"338\" srcset=\"https:\/\/emailchef.com\/wp-content\/uploads\/2020\/11\/set-yahoo-complaint-feedback-loop-3.png 967w, https:\/\/emailchef.com\/wp-content\/uploads\/2020\/11\/set-yahoo-complaint-feedback-loop-3-300x226.png 300w, https:\/\/emailchef.com\/wp-content\/uploads\/2020\/11\/set-yahoo-complaint-feedback-loop-3-768x577.png 768w, https:\/\/emailchef.com\/wp-content\/uploads\/2020\/11\/set-yahoo-complaint-feedback-loop-3-636x478.png 636w, https:\/\/emailchef.com\/wp-content\/uploads\/2020\/11\/set-yahoo-complaint-feedback-loop-3-320x241.png 320w, https:\/\/emailchef.com\/wp-content\/uploads\/2020\/11\/set-yahoo-complaint-feedback-loop-3-239x180.png 239w\" sizes=\"(max-width: 450px) 100vw, 450px\" \/><\/p>\n<p>&nbsp;<\/p>\n<p>Pour soumettre votre inscription, cliquez sur<strong> Get Verification Code<\/strong>.<\/p>\n<p>Dans un autre onglet de votre navigateur, acc\u00e9dez \u00e0 la bo\u00eete de r\u00e9ception du postmaster@ &#8220;votre_domain_envoi.com&#8221;<br \/>\nYahoo enverra un code de v\u00e9rification \u00e0 votre e-mail. V\u00e9rifiez que vous avez re\u00e7u le code de v\u00e9rification.<\/p>\n<p>Copiez le code qui vous a \u00e9t\u00e9 envoy\u00e9 et revenez \u00e0 la page YFBL. Entrez le code et cliquez sur <strong>Create Request<\/strong> pour completer l&#8217;enregistrement.<\/p>\n<p>&nbsp;<\/p>\n<p><img loading=\"lazy\" decoding=\"async\" class=\"aligncenter wp-image-29958\" src=\"https:\/\/emailchef.com\/wp-content\/uploads\/2020\/11\/set-yahoo-complaint-feedback-loop-4.png\" alt=\"\" width=\"450\" height=\"448\" srcset=\"https:\/\/emailchef.com\/wp-content\/uploads\/2020\/11\/set-yahoo-complaint-feedback-loop-4.png 761w, https:\/\/emailchef.com\/wp-content\/uploads\/2020\/11\/set-yahoo-complaint-feedback-loop-4-150x150.png 150w, https:\/\/emailchef.com\/wp-content\/uploads\/2020\/11\/set-yahoo-complaint-feedback-loop-4-300x298.png 300w, https:\/\/emailchef.com\/wp-content\/uploads\/2020\/11\/set-yahoo-complaint-feedback-loop-4-636x633.png 636w, https:\/\/emailchef.com\/wp-content\/uploads\/2020\/11\/set-yahoo-complaint-feedback-loop-4-320x318.png 320w, https:\/\/emailchef.com\/wp-content\/uploads\/2020\/11\/set-yahoo-complaint-feedback-loop-4-239x238.png 239w, https:\/\/emailchef.com\/wp-content\/uploads\/2020\/11\/set-yahoo-complaint-feedback-loop-4-55x55.png 55w\" sizes=\"(max-width: 450px) 100vw, 450px\" \/><\/p>\n<p>&nbsp;<\/p>\n<p>Vous devriez recevoir un message de confirmation. Si ce n&#8217;est pas le cas, vous devez r\u00e9p\u00e9ter les \u00e9tapes. Si vous ne recevez plus de confirmation, veuillez contacter l&#8217;assistance Yahoo !.<\/p>\n<p>&nbsp;<\/p>\n<p><img loading=\"lazy\" decoding=\"async\" class=\"aligncenter wp-image-29976\" src=\"https:\/\/emailchef.com\/wp-content\/uploads\/2020\/11\/set-yahoo-complaint-feedback-loop-5-e1605890970550.png\" alt=\"\" width=\"450\" height=\"271\" srcset=\"https:\/\/emailchef.com\/wp-content\/uploads\/2020\/11\/set-yahoo-complaint-feedback-loop-5-e1605890970550.png 690w, https:\/\/emailchef.com\/wp-content\/uploads\/2020\/11\/set-yahoo-complaint-feedback-loop-5-e1605890970550-300x180.png 300w, https:\/\/emailchef.com\/wp-content\/uploads\/2020\/11\/set-yahoo-complaint-feedback-loop-5-e1605890970550-636x383.png 636w, https:\/\/emailchef.com\/wp-content\/uploads\/2020\/11\/set-yahoo-complaint-feedback-loop-5-e1605890970550-320x192.png 320w, https:\/\/emailchef.com\/wp-content\/uploads\/2020\/11\/set-yahoo-complaint-feedback-loop-5-e1605890970550-239x144.png 239w\" sizes=\"(max-width: 450px) 100vw, 450px\" \/><\/p>\n<p>&nbsp;<\/p>\n<p>Et voila, nous pouvons d\u00e9sormais g\u00e9rer les plaintes de Verizon dans votre compte Emailchef. Vous pourrez identifier les listes de contacts qui se sont plaints car ils sont marqu\u00e9s du mot &#8220;Plaintes&#8221;<\/p>\n","protected":false},"excerpt":{"rendered":"<p>Un Feedback Loop est un outil qui permet aux plaintes des destinataires d&#8217;\u00eatre automatiquement marqu\u00e9s dans votre compte en tant que d\u00e9sabonnements. La configuration de la Yahoo complaint feedback loop (YFBL) vous aidera lors de l&#8217;envoi aux destinataires sur yahoo.com. Si un destinataire de yahoo.com marque votre message comme spam, c\u2019est logique que vous ne [&hellip;]<\/p>\n","protected":false},"author":2,"featured_media":0,"parent":1193,"menu_order":0,"comment_status":"closed","ping_status":"closed","template":"","meta":{"_acf_changed":false,"inline_featured_image":false,"footnotes":""},"g1_relation_tag":[],"class_list":["post-31218","page","type-page","status-publish","hentry"],"acf":[],"yoast_head":"<!-- This site is optimized with the Yoast SEO plugin v24.8.1 - https:\/\/yoast.com\/wordpress\/plugins\/seo\/ -->\n<title>Configurer le service Yahoo complaint feedback loop - Emailchef<\/title>\n<meta name=\"robots\" content=\"index, follow, max-snippet:-1, max-image-preview:large, max-video-preview:-1\" \/>\n<link rel=\"canonical\" href=\"https:\/\/emailchef.com\/fr\/base-de-connaissance\/configurer-le-service-yahoo-complaint-feedback-loop\/\" \/>\n<meta name=\"twitter:label1\" content=\"Dur\u00e9e de lecture estim\u00e9e\" \/>\n\t<meta name=\"twitter:data1\" content=\"2 minutes\" \/>\n<!-- \/ Yoast SEO plugin. -->","yoast_head_json":{"title":"Configurer le service Yahoo complaint feedback loop - Emailchef","robots":{"index":"index","follow":"follow","max-snippet":"max-snippet:-1","max-image-preview":"max-image-preview:large","max-video-preview":"max-video-preview:-1"},"canonical":"https:\/\/emailchef.com\/fr\/base-de-connaissance\/configurer-le-service-yahoo-complaint-feedback-loop\/","twitter_misc":{"Dur\u00e9e de lecture estim\u00e9e":"2 minutes"},"schema":{"@context":"https:\/\/schema.org","@graph":[{"@type":"WebPage","@id":"https:\/\/emailchef.com\/fr\/base-de-connaissance\/configurer-le-service-yahoo-complaint-feedback-loop\/","url":"https:\/\/emailchef.com\/fr\/base-de-connaissance\/configurer-le-service-yahoo-complaint-feedback-loop\/","name":"Configurer le service Yahoo complaint feedback loop - Emailchef","isPartOf":{"@id":"https:\/\/emailchef.com\/fr\/#website"},"primaryImageOfPage":{"@id":"https:\/\/emailchef.com\/fr\/base-de-connaissance\/configurer-le-service-yahoo-complaint-feedback-loop\/#primaryimage"},"image":{"@id":"https:\/\/emailchef.com\/fr\/base-de-connaissance\/configurer-le-service-yahoo-complaint-feedback-loop\/#primaryimage"},"thumbnailUrl":"https:\/\/emailchef.com\/wp-content\/uploads\/2020\/11\/set-yahoo-complaint-feedback-loop-1-1024x460.png","datePublished":"2020-11-20T16:51:11+00:00","dateModified":"2020-12-02T09:11:30+00:00","breadcrumb":{"@id":"https:\/\/emailchef.com\/fr\/base-de-connaissance\/configurer-le-service-yahoo-complaint-feedback-loop\/#breadcrumb"},"inLanguage":"fr-FR","potentialAction":[{"@type":"ReadAction","target":["https:\/\/emailchef.com\/fr\/base-de-connaissance\/configurer-le-service-yahoo-complaint-feedback-loop\/"]}]},{"@type":"ImageObject","inLanguage":"fr-FR","@id":"https:\/\/emailchef.com\/fr\/base-de-connaissance\/configurer-le-service-yahoo-complaint-feedback-loop\/#primaryimage","url":"https:\/\/emailchef.com\/wp-content\/uploads\/2020\/11\/set-yahoo-complaint-feedback-loop-1-1024x460.png","contentUrl":"https:\/\/emailchef.com\/wp-content\/uploads\/2020\/11\/set-yahoo-complaint-feedback-loop-1-1024x460.png"},{"@type":"BreadcrumbList","@id":"https:\/\/emailchef.com\/fr\/base-de-connaissance\/configurer-le-service-yahoo-complaint-feedback-loop\/#breadcrumb","itemListElement":[{"@type":"ListItem","position":1,"name":"Home","item":"https:\/\/emailchef.com\/fr\/mailchef-email-marketing-emailing-et-envoi-newsletter\/"},{"@type":"ListItem","position":2,"name":"Base de connaissance","item":"https:\/\/emailchef.com\/fr\/base-de-connaissance\/"},{"@type":"ListItem","position":3,"name":"Configurer le service Yahoo complaint feedback loop"}]},{"@type":"WebSite","@id":"https:\/\/emailchef.com\/fr\/#website","url":"https:\/\/emailchef.com\/fr\/","name":"Emailchef","description":"Recettes go\u00fbteuses pour vos emails","publisher":{"@id":"https:\/\/emailchef.com\/fr\/#organization"},"potentialAction":[{"@type":"SearchAction","target":{"@type":"EntryPoint","urlTemplate":"https:\/\/emailchef.com\/fr\/?s={search_term_string}"},"query-input":{"@type":"PropertyValueSpecification","valueRequired":true,"valueName":"search_term_string"}}],"inLanguage":"fr-FR"},{"@type":"Organization","@id":"https:\/\/emailchef.com\/fr\/#organization","name":"Delivery Tech Corp.","url":"https:\/\/emailchef.com\/fr\/","logo":{"@type":"ImageObject","inLanguage":"fr-FR","@id":"https:\/\/emailchef.com\/fr\/#\/schema\/logo\/image\/","url":"https:\/\/emailchef.com\/wp-content\/uploads\/2022\/04\/logo-sama.png","contentUrl":"https:\/\/emailchef.com\/wp-content\/uploads\/2022\/04\/logo-sama.png","width":237,"height":80,"caption":"Delivery Tech Corp."},"image":{"@id":"https:\/\/emailchef.com\/fr\/#\/schema\/logo\/image\/"}}]}},"_links":{"self":[{"href":"https:\/\/emailchef.com\/fr\/wp-json\/wp\/v2\/pages\/31218"}],"collection":[{"href":"https:\/\/emailchef.com\/fr\/wp-json\/wp\/v2\/pages"}],"about":[{"href":"https:\/\/emailchef.com\/fr\/wp-json\/wp\/v2\/types\/page"}],"author":[{"embeddable":true,"href":"https:\/\/emailchef.com\/fr\/wp-json\/wp\/v2\/users\/2"}],"replies":[{"embeddable":true,"href":"https:\/\/emailchef.com\/fr\/wp-json\/wp\/v2\/comments?post=31218"}],"version-history":[{"count":2,"href":"https:\/\/emailchef.com\/fr\/wp-json\/wp\/v2\/pages\/31218\/revisions"}],"predecessor-version":[{"id":31222,"href":"https:\/\/emailchef.com\/fr\/wp-json\/wp\/v2\/pages\/31218\/revisions\/31222"}],"up":[{"embeddable":true,"href":"https:\/\/emailchef.com\/fr\/wp-json\/wp\/v2\/pages\/1193"}],"wp:attachment":[{"href":"https:\/\/emailchef.com\/fr\/wp-json\/wp\/v2\/media?parent=31218"}],"wp:term":[{"taxonomy":"g1_relation_tag","embeddable":true,"href":"https:\/\/emailchef.com\/fr\/wp-json\/wp\/v2\/g1_relation_tag?post=31218"}],"curies":[{"name":"wp","href":"https:\/\/api.w.org\/{rel}","templated":true}]}}