{"id":27776,"date":"2020-07-16T13:36:17","date_gmt":"2020-07-16T13:36:17","guid":{"rendered":"https:\/\/emailchef.com\/prezzi-restore\/"},"modified":"2024-10-10T10:19:23","modified_gmt":"2024-10-10T10:19:23","slug":"templates","status":"publish","type":"page","link":"https:\/\/emailchef.com\/fr\/templates\/","title":{"rendered":"Essayez l&#8217;\u00e9diteur drag &#038; drop d&#8217;Emailchef."},"content":{"rendered":"\t\t<div data-elementor-type=\"wp-page\" data-elementor-id=\"27776\" class=\"elementor elementor-27776 elementor-21622\" data-elementor-post-type=\"page\">\n\t\t\t\t\t\t<section class=\"elementor-section elementor-top-section elementor-element elementor-element-61f7115 elementor-section-boxed elementor-section-height-default elementor-section-height-default\" data-id=\"61f7115\" data-element_type=\"section\">\n\t\t\t\t\t\t<div class=\"elementor-container elementor-column-gap-default\">\n\t\t\t\t\t<div class=\"elementor-column elementor-col-100 elementor-top-column elementor-element elementor-element-7724ebe5\" data-id=\"7724ebe5\" data-element_type=\"column\">\n\t\t\t<div class=\"elementor-widget-wrap elementor-element-populated\">\n\t\t\t\t\t\t<div class=\"elementor-element elementor-element-5ff3814e elementor-widget elementor-widget-text-editor\" data-id=\"5ff3814e\" data-element_type=\"widget\" data-widget_type=\"text-editor.default\">\n\t\t\t\t<div class=\"elementor-widget-container\">\n\t\t\t\t\t\t\t\t\t<style>\r\n\t.ec_templates div.gallery {\r\n\t  border: 1px solid #ccc;\r\n\t\tposition: relative;\r\n\t\toverflow: hidden;\r\n\t\tmargin-bottom: 20px;\r\n\t}\r\n\t.ec_templates div.gallery:hover {\r\n\t  border: 1px solid #777;\r\n\t}\r\n\t.ec_templates div.gallery img {\r\n\t\ttransition: .5s;\r\n\t  width: 100%;\r\n\t  height: auto;\r\n\t\tdisplay: block;\r\n\t}\r\n\t.ec_templates div.gallery:hover img{\r\n\t  transform: scale(1.1);\r\n\t}\r\n\t.ec_templates div.desc {\r\n\t\twidth: 100%;\r\n\t\tbottom: -150px;\r\n\t\tposition: absolute;\r\n\t\tpadding: 15px 10px;\r\n\t\ttext-align: center;\r\n\t\tleft: 0;\r\n\t\tcolor: #FFFFFF;\r\n\t\tbackground-color: #899399;\r\n\t\ttransition: .5s;\r\n\t\t-webkit-box-shadow: 0px 0px 16px 0px rgba(0,0,0,0.33); \r\n\t\tbox-shadow: 0px 0px 16px 0px rgba(0,0,0,0.33);\r\n\t}\r\n\t.ec_templates .gallery:hover div.desc {\r\n\t\tbottom: 0;\r\n\t}\r\n\t.ec_templates * {\r\n\t  box-sizing: border-box;\r\n\t}\r\n\t.ec_templates-button{\r\n\t\tposition: absolute;\r\n\t\twidth: 100%;\r\n\t\theight: 100%;\r\n\t\tdisplay: flex;\r\n\t\ttop: 0;\r\n\t\tleft: 0;\r\n\t\talign-items: center;\r\n\t\tjustify-content: center;\r\n\t}\r\n\t.ec_templates a{\r\n\t\ttransition: .5s;\r\n\t\tdisplay: flex;\r\n\t\twidth: 100%;\r\n\t\theight: 100%;\r\n\t\tposition: relative;\r\n\t\ttop: 0;\r\n\t\tbottom: 0;\r\n\t\tleft: 0;\r\n\t\talign-items: center;\r\n\t\tjustify-content: center;\r\n\t}\r\n\t.ec_templates .responsive {\r\n\t  padding: 0 10px;\r\n\t  float: left;\r\n\t  width: 24.99999%;\r\n\t}\r\n\t.ec_templates .elementor-button-content-wrapper{\r\n\t\tdisplay: -webkit-box;\r\n\t\tdisplay: -ms-flexbox;\r\n\t\tdisplay: flex;\r\n\t\t-webkit-box-pack: center;\r\n\t\t-ms-flex-pack: center;\r\n\t\tjustify-content: center;\r\n\t\twidth: 100%;\r\n\t\theight: 100%;\r\n\t\tposition: absolute;\r\n\t\ttop: 0;\r\n\t\talign-items: center;\r\n\t}\r\n\t.ec_templates .elementor-button{\r\n\t\tbackground-color: #23244E;\r\n\t}\r\n\t@media only screen and (max-width: 1024px) {\r\n\t  .ec_templates .responsive {\r\n\t\twidth: 32.99999%;\r\n\t\tmargin: 6px 0;\r\n\t  }\r\n\t}\r\n\t@media only screen and (max-width: 600px) {\r\n\t  .ec_templates .responsive {\r\n\t\twidth: 100%;\r\n\t  }\r\n\t}\r\n\t\r\n<\/style>\r\n<div class=\"ec_templates clearfix\">\r\n\t<div class=\"responsive\">\r\n\t  <div class=\"gallery\">\r\n\t\t  <a href=\"https:\/\/www.emailchef.com\/editor?id=2259&#038;lang=fr\" class=\"\" role=\"button\">\r\n\t\t\t<img decoding=\"async\" src=\"https:\/\/mailstyler.s3.amazonaws.com\/templates\/2\/2259_1710947325.png\">\r\n\t\t\t<span class=\"elementor-button-content-wrapper\">\r\n\t\t\t\t<span class=\"elementor-button-link elementor-button elementor-size-md\">Utiliser dans l&#8217;\u00e9diteur<\/span>\r\n\t\t\t<\/span>\r\n\t\t<\/a>\r\n\t\t<div class=\"desc\"> Printemps &#8211; parfumerie<\/div>\r\n\t  <\/div>\r\n\t<\/div>\r\n\t\t<div class=\"responsive\">\r\n\t  <div class=\"gallery\">\r\n\t\t  <a href=\"https:\/\/www.emailchef.com\/editor?id=1792&#038;lang=fr\" class=\"\" role=\"button\">\r\n\t\t\t<img decoding=\"async\" src=\"https:\/\/mailstyler.s3.amazonaws.com\/templates\/2\/1792_1658833407.png\">\r\n\t\t\t<span class=\"elementor-button-content-wrapper\">\r\n\t\t\t\t<span class=\"elementor-button-link elementor-button elementor-size-md\">Utiliser dans l&#8217;\u00e9diteur<\/span>\r\n\t\t\t<\/span>\r\n\t\t<\/a>\r\n\t\t<div class=\"desc\">Invitation au webinaire<\/div>\r\n\t  <\/div>\r\n\t<\/div>\r\n\t\t<div class=\"responsive\">\r\n\t  <div class=\"gallery\">\r\n\t\t  <a href=\"https:\/\/www.emailchef.com\/editor?id=2290&#038;lang=fr\" class=\"\" role=\"button\">\r\n\t\t\t<img decoding=\"async\" src=\"https:\/\/mailstyler.s3.amazonaws.com\/templates\/2\/2290_1726051684.png\">\r\n\t\t\t<span class=\"elementor-button-content-wrapper\">\r\n\t\t\t\t<span class=\"elementor-button-link elementor-button elementor-size-md\">Utiliser dans l&#8217;\u00e9diteur<\/span>\r\n\t\t\t<\/span>\r\n\t\t<\/a>\r\n\t\t<div class=\"desc\">Cours en ligne<\/div>\r\n\t  <\/div>\r\n\t<\/div>\r\n\t\t<div class=\"responsive\">\r\n\t  <div class=\"gallery\">\r\n\t\t  <a href=\"https:\/\/www.emailchef.com\/editor?id=1721&#038;lang=fr\" class=\"\" role=\"button\">\r\n\t\t\t<img decoding=\"async\" src=\"https:\/\/mailstyler.s3.amazonaws.com\/templates\/2\/1721_1656424461.png\">\r\n\t\t\t<span class=\"elementor-button-content-wrapper\">\r\n\t\t\t\t<span class=\"elementor-button-link elementor-button elementor-size-md\">Utiliser dans l&#8217;\u00e9diteur<\/span>\r\n\t\t\t<\/span>\r\n\t\t<\/a>\r\n\t\t<div class=\"desc\">E-mail de bienvenue<\/div>\r\n\t  <\/div>\r\n\t<\/div>\r\n\t\t<div class=\"responsive\">\r\n\t  <div class=\"gallery\">\r\n\t\t  <a href=\"https:\/\/www.emailchef.com\/editor?id=2213&#038;lang=fr\" class=\"\" role=\"button\">\r\n\t\t\t<img decoding=\"async\" src=\"https:\/\/mailstyler.s3.amazonaws.com\/templates\/2\/2213_1689859009.png\">\r\n\t\t\t<span class=\"elementor-button-content-wrapper\">\r\n\t\t\t\t<span class=\"elementor-button-link elementor-button elementor-size-md\">Utiliser dans l&#8217;\u00e9diteur<\/span>\r\n\t\t\t<\/span>\r\n\t\t<\/a>\r\n\t\t<div class=\"desc\">Fous de sport<\/div>\r\n\t  <\/div>\r\n\t<\/div>\r\n\t\t<div class=\"responsive\">\r\n\t  <div class=\"gallery\">\r\n\t\t  <a href=\"https:\/\/www.emailchef.com\/editor?id=1782&#038;lang=fr\" class=\"\" role=\"button\">\r\n\t\t\t<img decoding=\"async\" src=\"https:\/\/mailstyler.s3.amazonaws.com\/templates\/2\/1782_1658762488.png\">\r\n\t\t\t<span class=\"elementor-button-content-wrapper\">\r\n\t\t\t\t<span class=\"elementor-button-link elementor-button elementor-size-md\">Utiliser dans l&#8217;\u00e9diteur<\/span>\r\n\t\t\t<\/span>\r\n\t\t<\/a>\r\n\t\t<div class=\"desc\">B\u00e9n\u00e9voles &#8211; aide aux a\u00een\u00e9s<\/div>\r\n\t  <\/div>\r\n\t<\/div>\r\n\t\t<div class=\"responsive\">\r\n\t  <div class=\"gallery\">\r\n\t\t  <a href=\"https:\/\/www.emailchef.com\/editor?id=1706&#038;lang=fr\" class=\"\" role=\"button\">\r\n\t\t\t<img decoding=\"async\" src=\"https:\/\/mailstyler.s3.amazonaws.com\/templates\/2\/1706_1654522438.png\">\r\n\t\t\t<span class=\"elementor-button-content-wrapper\">\r\n\t\t\t\t<span class=\"elementor-button-link elementor-button elementor-size-md\">Utiliser dans l&#8217;\u00e9diteur<\/span>\r\n\t\t\t<\/span>\r\n\t\t<\/a>\r\n\t\t<div class=\"desc\">Livraison aliments<\/div>\r\n\t  <\/div>\r\n\t<\/div>\r\n\t\t<div class=\"responsive\">\r\n\t  <div class=\"gallery\">\r\n\t\t  <a href=\"https:\/\/www.emailchef.com\/editor?id=1789&#038;lang=fr\" class=\"\" role=\"button\">\r\n\t\t\t<img decoding=\"async\" src=\"https:\/\/mailstyler.s3.amazonaws.com\/templates\/2\/1789_1658829340.png\">\r\n\t\t\t<span class=\"elementor-button-content-wrapper\">\r\n\t\t\t\t<span class=\"elementor-button-link elementor-button elementor-size-md\">Utiliser dans l&#8217;\u00e9diteur<\/span>\r\n\t\t\t<\/span>\r\n\t\t<\/a>\r\n\t\t<div class=\"desc\"> Bon anniversaire &#8211;  g\u00e2teau<\/div>\r\n\t  <\/div>\r\n\t<\/div>\r\n\t\t<div class=\"responsive\">\r\n\t  <div class=\"gallery\">\r\n\t\t  <a href=\"https:\/\/www.emailchef.com\/editor?id=1701&#038;lang=fr\" class=\"\" role=\"button\">\r\n\t\t\t<img decoding=\"async\" src=\"https:\/\/mailstyler.s3.amazonaws.com\/templates\/2\/1701_1654508483.png\">\r\n\t\t\t<span class=\"elementor-button-content-wrapper\">\r\n\t\t\t\t<span class=\"elementor-button-link elementor-button elementor-size-md\">Utiliser dans l&#8217;\u00e9diteur<\/span>\r\n\t\t\t<\/span>\r\n\t\t<\/a>\r\n\t\t<div class=\"desc\">Cr\u00e9ateur de site Web &#8211; email de bienvenue<\/div>\r\n\t  <\/div>\r\n\t<\/div>\r\n\t\t<div class=\"responsive\">\r\n\t  <div class=\"gallery\">\r\n\t\t  <a href=\"https:\/\/www.emailchef.com\/editor?id=1704&#038;lang=fr\" class=\"\" role=\"button\">\r\n\t\t\t<img decoding=\"async\" src=\"https:\/\/mailstyler.s3.amazonaws.com\/templates\/2\/1704_1654512048.png\">\r\n\t\t\t<span class=\"elementor-button-content-wrapper\">\r\n\t\t\t\t<span class=\"elementor-button-link elementor-button elementor-size-md\">Utiliser dans l&#8217;\u00e9diteur<\/span>\r\n\t\t\t<\/span>\r\n\t\t<\/a>\r\n\t\t<div class=\"desc\"> V\u00eatements &#8211; panier abandonn\u00e9<\/div>\r\n\t  <\/div>\r\n\t<\/div>\r\n\t\t<div class=\"responsive\">\r\n\t  <div class=\"gallery\">\r\n\t\t  <a href=\"https:\/\/www.emailchef.com\/editor?id=1705&#038;lang=fr\" class=\"\" role=\"button\">\r\n\t\t\t<img decoding=\"async\" src=\"https:\/\/mailstyler.s3.amazonaws.com\/templates\/2\/1705_1654512151.png\">\r\n\t\t\t<span class=\"elementor-button-content-wrapper\">\r\n\t\t\t\t<span class=\"elementor-button-link elementor-button elementor-size-md\">Utiliser dans l&#8217;\u00e9diteur<\/span>\r\n\t\t\t<\/span>\r\n\t\t<\/a>\r\n\t\t<div class=\"desc\"> Restaurant europ\u00e9en<\/div>\r\n\t  <\/div>\r\n\t<\/div>\r\n\t\t<div class=\"responsive\">\r\n\t  <div class=\"gallery\">\r\n\t\t  <a href=\"https:\/\/www.emailchef.com\/editor?id=1795&#038;lang=fr\" class=\"\" role=\"button\">\r\n\t\t\t<img decoding=\"async\" src=\"https:\/\/mailstyler.s3.amazonaws.com\/templates\/2\/1795_1658848172.png\">\r\n\t\t\t<span class=\"elementor-button-content-wrapper\">\r\n\t\t\t\t<span class=\"elementor-button-link elementor-button elementor-size-md\">Utiliser dans l&#8217;\u00e9diteur<\/span>\r\n\t\t\t<\/span>\r\n\t\t<\/a>\r\n\t\t<div class=\"desc\">HC &#8211; email de bienvenue<\/div>\r\n\t  <\/div>\r\n\t<\/div>\r\n\t<\/div>\r\n\t\t\t\t\t\t\t\t<\/div>\n\t\t\t\t<\/div>\n\t\t\t\t\t<\/div>\n\t\t<\/div>\n\t\t\t\t\t<\/div>\n\t\t<\/section>\n\t\t\t\t<section class=\"elementor-section elementor-top-section elementor-element elementor-element-5bd98575 elementor-section-boxed elementor-section-height-default elementor-section-height-default\" data-id=\"5bd98575\" data-element_type=\"section\">\n\t\t\t\t\t\t<div class=\"elementor-container elementor-column-gap-default\">\n\t\t\t\t\t<div class=\"elementor-column elementor-col-100 elementor-top-column elementor-element elementor-element-169ffff3\" data-id=\"169ffff3\" data-element_type=\"column\">\n\t\t\t<div class=\"elementor-widget-wrap elementor-element-populated\">\n\t\t\t\t\t\t<div class=\"elementor-element elementor-element-477e1629 elementor-widget elementor-widget-text-editor\" data-id=\"477e1629\" data-element_type=\"widget\" data-widget_type=\"text-editor.default\">\n\t\t\t\t<div class=\"elementor-widget-container\">\n\t\t\t\t\t\t\t\t\t<p>Un email professionnel et responsive est essentiel pour augmenter les conversions.<\/p><p>Pour vous aider dans cette mission, nos experts ont cr\u00e9\u00e9 une galerie de mod\u00e8les avec des designs et des contenus pr\u00eats \u00e0 l&#8217;emploi.<\/p><p>Et il y en a pour tous les go\u00fbts !<\/p><p><strong>La galerie de mod\u00e8les d&#8217;Emailchef contient plus de  mod\u00e8les diff\u00e9rents<\/strong>, class\u00e9s par langue et cat\u00e9gorie, que vous pouvez choisir et personnaliser \u00e0 votre guise. Parcourez les mod\u00e8les de bienvenue et d&#8217;anniversaire, s\u00e9lectionnez un mod\u00e8le pour votre ecommerce ou entreprise et envoyez l&#8217;email saisonnier parfait \u00e0 votre public.<\/p><p>Commencez avec l&#8217;un de nos mod\u00e8les pr\u00eats \u00e0 l&#8217;emploi et personnalisez-le en utilisant l&#8217;\u00e9diteur par blocs.<\/p><p>Gr\u00e2ce aux blocs d&#8217;Emailchef, vous n&#8217;avez plus besoin d&#8217;ins\u00e9rer des \u00e9l\u00e9ments individuels, comme des composants de texte ou d&#8217;image, dans vos emails. De cette mani\u00e8re, votre mod\u00e8le sera toujours harmonieux et parfaitement affich\u00e9.<\/p>\t\t\t\t\t\t\t\t<\/div>\n\t\t\t\t<\/div>\n\t\t\t\t\t<\/div>\n\t\t<\/div>\n\t\t\t\t\t<\/div>\n\t\t<\/section>\n\t\t\t\t<\/div>\n\t\t","protected":false},"excerpt":{"rendered":"Un email professionnel et responsive est essentiel pour augmenter les conversions. Pour vous aider dans cette mission, nos experts ont cr\u00e9\u00e9 une galerie de mod\u00e8les avec des designs et des contenus pr\u00eats \u00e0 l&#8217;emploi. Et il y en a pour tous les go\u00fbts ! La galerie de mod\u00e8les d&#8217;Emailchef contient plus de mod\u00e8les diff\u00e9rents, class\u00e9s [&hellip;]","protected":false},"author":2,"featured_media":0,"parent":0,"menu_order":0,"comment_status":"closed","ping_status":"closed","template":"","meta":{"_acf_changed":false,"inline_featured_image":false,"footnotes":""},"g1_relation_tag":[],"class_list":["post-27776","page","type-page","status-publish","hentry"],"acf":[],"yoast_head":"<!-- This site is optimized with the Yoast SEO plugin v24.8.1 - https:\/\/yoast.com\/wordpress\/plugins\/seo\/ -->\n<title>Essayez l&#039;\u00e9diteur drag &amp; drop d&#039;Emailchef. - Emailchef<\/title>\n<meta name=\"robots\" content=\"noindex, nofollow\" \/>\n<meta name=\"twitter:label1\" content=\"Dur\u00e9e de lecture estim\u00e9e\" \/>\n\t<meta name=\"twitter:data1\" content=\"4 minutes\" \/>\n<!-- \/ Yoast SEO plugin. -->","yoast_head_json":{"title":"Essayez l'\u00e9diteur drag & drop d'Emailchef. - Emailchef","robots":{"index":"noindex","follow":"nofollow"},"twitter_misc":{"Dur\u00e9e de lecture estim\u00e9e":"4 minutes"},"schema":{"@context":"https:\/\/schema.org","@graph":[{"@type":"WebPage","@id":"https:\/\/emailchef.com\/fr\/templates\/","url":"https:\/\/emailchef.com\/fr\/templates\/","name":"Essayez l'\u00e9diteur drag & drop d'Emailchef. - Emailchef","isPartOf":{"@id":"https:\/\/emailchef.com\/fr\/#website"},"datePublished":"2020-07-16T13:36:17+00:00","dateModified":"2024-10-10T10:19:23+00:00","breadcrumb":{"@id":"https:\/\/emailchef.com\/fr\/templates\/#breadcrumb"},"inLanguage":"fr-FR","potentialAction":[{"@type":"ReadAction","target":["https:\/\/emailchef.com\/fr\/templates\/"]}]},{"@type":"BreadcrumbList","@id":"https:\/\/emailchef.com\/fr\/templates\/#breadcrumb","itemListElement":[{"@type":"ListItem","position":1,"name":"Home","item":"https:\/\/emailchef.com\/fr\/mailchef-email-marketing-emailing-et-envoi-newsletter\/"},{"@type":"ListItem","position":2,"name":"Essayez l&#8217;\u00e9diteur drag &#038; drop d&#8217;Emailchef."}]},{"@type":"WebSite","@id":"https:\/\/emailchef.com\/fr\/#website","url":"https:\/\/emailchef.com\/fr\/","name":"Emailchef","description":"Recettes go\u00fbteuses pour vos emails","publisher":{"@id":"https:\/\/emailchef.com\/fr\/#organization"},"potentialAction":[{"@type":"SearchAction","target":{"@type":"EntryPoint","urlTemplate":"https:\/\/emailchef.com\/fr\/?s={search_term_string}"},"query-input":{"@type":"PropertyValueSpecification","valueRequired":true,"valueName":"search_term_string"}}],"inLanguage":"fr-FR"},{"@type":"Organization","@id":"https:\/\/emailchef.com\/fr\/#organization","name":"Delivery Tech Corp.","url":"https:\/\/emailchef.com\/fr\/","logo":{"@type":"ImageObject","inLanguage":"fr-FR","@id":"https:\/\/emailchef.com\/fr\/#\/schema\/logo\/image\/","url":"https:\/\/emailchef.com\/wp-content\/uploads\/2022\/04\/logo-sama.png","contentUrl":"https:\/\/emailchef.com\/wp-content\/uploads\/2022\/04\/logo-sama.png","width":237,"height":80,"caption":"Delivery Tech Corp."},"image":{"@id":"https:\/\/emailchef.com\/fr\/#\/schema\/logo\/image\/"}}]}},"_links":{"self":[{"href":"https:\/\/emailchef.com\/fr\/wp-json\/wp\/v2\/pages\/27776"}],"collection":[{"href":"https:\/\/emailchef.com\/fr\/wp-json\/wp\/v2\/pages"}],"about":[{"href":"https:\/\/emailchef.com\/fr\/wp-json\/wp\/v2\/types\/page"}],"author":[{"embeddable":true,"href":"https:\/\/emailchef.com\/fr\/wp-json\/wp\/v2\/users\/2"}],"replies":[{"embeddable":true,"href":"https:\/\/emailchef.com\/fr\/wp-json\/wp\/v2\/comments?post=27776"}],"version-history":[{"count":16,"href":"https:\/\/emailchef.com\/fr\/wp-json\/wp\/v2\/pages\/27776\/revisions"}],"predecessor-version":[{"id":75630,"href":"https:\/\/emailchef.com\/fr\/wp-json\/wp\/v2\/pages\/27776\/revisions\/75630"}],"wp:attachment":[{"href":"https:\/\/emailchef.com\/fr\/wp-json\/wp\/v2\/media?parent=27776"}],"wp:term":[{"taxonomy":"g1_relation_tag","embeddable":true,"href":"https:\/\/emailchef.com\/fr\/wp-json\/wp\/v2\/g1_relation_tag?post=27776"}],"curies":[{"name":"wp","href":"https:\/\/api.w.org\/{rel}","templated":true}]}}