{"id":22034,"date":"2020-07-20T13:42:41","date_gmt":"2020-07-20T13:42:41","guid":{"rendered":"https:\/\/emailchef.com\/?page_id=22034"},"modified":"2020-07-21T10:11:50","modified_gmt":"2020-07-21T10:11:50","slug":"classement-des-contacts-et-activite-de-liste","status":"publish","type":"page","link":"https:\/\/emailchef.com\/fr\/base-de-connaissance\/classement-des-contacts-et-activite-de-liste\/","title":{"rendered":"Classement des Contacts et Activit\u00e9 de Liste"},"content":{"rendered":"<p><img fetchpriority=\"high\" decoding=\"async\" class=\"alignnone size-full wp-image-22372\" src=\"https:\/\/emailchef.com\/wp-content\/uploads\/2020\/07\/Rating-short.png\" alt=\"\" width=\"604\" height=\"180\" srcset=\"https:\/\/emailchef.com\/wp-content\/uploads\/2020\/07\/Rating-short.png 604w, https:\/\/emailchef.com\/wp-content\/uploads\/2020\/07\/Rating-short-300x89.png 300w, https:\/\/emailchef.com\/wp-content\/uploads\/2020\/07\/Rating-short-320x95.png 320w, https:\/\/emailchef.com\/wp-content\/uploads\/2020\/07\/Rating-short-239x71.png 239w\" sizes=\"(max-width: 604px) 100vw, 604px\" \/><\/p>\n<p>La compr\u00e9hension de la fa\u00e7on dont vos abonn\u00e9s interagissent avec vos e-mails et newsletters est vitale dans le marketing par e-mail.<\/p>\n<p>Emailchef \u00e9value chacun de vos contacts sur une \u00e9chelle de z\u00e9ro \u00e0 cinq. Vous pouvez utiliser cette classification pour envoyer des campagnes cibl\u00e9es \u00e0 vos abonn\u00e9s les plus engag\u00e9s ou cr\u00e9er des campagnes de r\u00e9engagement pour reconqu\u00e9rir les contacts qui n&#8217;ont pas ouvert ou cliqu\u00e9 sur vos messages depuis longtemps.<\/p>\n<p>La Classement du Contact s&#8217;affiche \u00e0 c\u00f4t\u00e9 de l&#8217;adresse e-mail. D&#8217;autre part, l&#8217;Activit\u00e9 de la Liste affiche l&#8217;\u00e9tat d&#8217;activit\u00e9 de tous les contacts dans la liste.<\/p>\n<h3>Comment fonctionne la Classement des contacts?<\/h3>\n<p>La Classement des contacts sont calcul\u00e9es en fonction des activit\u00e9s r\u00e9centes de chaque contact par rapport \u00e0 leur fr\u00e9quence d&#8217;envoi. Nous consid\u00e9rons le taux d&#8217;ouverture et les taux de clics comme un engagement \u00abpositif\u00bb; et le d\u00e9sabonnements, les rapports de spam, les rebonds (bounce backs) et le contacts qui ne r\u00e9agissent pas \u00e0 vos envois comme un engagement &#8220;n\u00e9gatif&#8221;.<\/p>\n<p>Pour vous aider \u00e0 diff\u00e9rencier le statut d&#8217;un abonn\u00e9 des autres, nous avons converti le calcul en un classement par \u00e9toiles.<\/p>\n<p>Par exemple, les destinataires qui se d\u00e9sabonnent de votre campagne obtiennent une note de z\u00e9ro \u00e9toile. Les abonn\u00e9s qui lisent r\u00e9guli\u00e8rement vos campagnes et cliquent sur des liens valent cinq \u00e9toiles!<\/p>\n<p>Nous recalculons \u00e9galement les notes des contacts chaque fois que vous envoyez une campagne ou chaque fois que le destinataire fait des actions sur un message que vous avez envoy\u00e9.<\/p>\n<p>L&#8217;\u00e9valuation des contacts est un score global qui montre l&#8217;activit\u00e9 de vos contacts dans votre compte.<\/p>\n<p>Ci-dessous vous trouverez un aper\u00e7u des classements par \u00e9toiles:<\/p>\n<div id=\"\" class=\"g1-table g1-table--solid \">\n<table>\n<thead>\n<tr>\n<th>Calificaci\u00f3n<\/th>\n<th>Comportamiento del contacto<\/th>\n<\/tr>\n<\/thead>\n<tbody>\n<tr>\n<td><img decoding=\"async\" class=\"size-full noBorders wp-image-21660 aligncenter\" src=\"https:\/\/emailchef.com\/wp-content\/uploads\/2020\/07\/star-0.png\" alt=\"\" width=\"90\" height=\"30\" border=\"0\" \/><\/td>\n<td>Ce contact est d\u00e9sabonn\u00e9, a signal\u00e9 vos e-mails comme spam ou son adresse email n&#8217;est plus valide.<\/td>\n<\/tr>\n<tr>\n<td><img decoding=\"async\" class=\"size-full noBorders wp-image-21676 aligncenter\" src=\"https:\/\/emailchef.com\/wp-content\/uploads\/2020\/07\/star-1.png\" alt=\"\" width=\"90\" height=\"30\" \/><\/td>\n<td>Ce contact s&#8217;est soit r\u00e9inscrit pour recevoir vos emails, ou bien pr\u00e9c\u00e9demment l&#8217;adresse email a \u00e9t\u00e9 marqu\u00e9e que comme un soft bounce.<\/td>\n<\/tr>\n<tr>\n<td><img loading=\"lazy\" decoding=\"async\" class=\"size-full noBorders wp-image-21692 aligncenter\" src=\"https:\/\/emailchef.com\/wp-content\/uploads\/2020\/07\/star-2.png\" alt=\"\" width=\"90\" height=\"30\" \/><\/td>\n<td>Engagement Nul. Ce contact qui ouvrait ou cliquait sur vos campagnes est devenu inactif.<\/td>\n<\/tr>\n<tr>\n<td><img loading=\"lazy\" decoding=\"async\" class=\"size-full noBorders wp-image-21708 aligncenter\" src=\"https:\/\/emailchef.com\/wp-content\/uploads\/2020\/07\/star-3.png\" alt=\"\" width=\"90\" height=\"30\" \/><\/td>\n<td>Engagement Faible. Ce contact est peut-\u00eatre nouveau ou ne figure pas sur la liste depuis assez longtemps pour g\u00e9n\u00e9rer un score plus \u00e9lev\u00e9.<\/td>\n<\/tr>\n<tr>\n<td><img loading=\"lazy\" decoding=\"async\" class=\"size-full noBorders wp-image-21724 aligncenter\" src=\"https:\/\/emailchef.com\/wp-content\/uploads\/2020\/07\/star-4.png\" alt=\"\" width=\"90\" height=\"30\" \/><\/td>\n<td>Engagement Mod\u00e9r\u00e9.Ce contact ouvre ou clique souvent sur vos messages.<\/td>\n<\/tr>\n<tr>\n<td><img loading=\"lazy\" decoding=\"async\" class=\"size-full noBorders wp-image-21740 aligncenter\" src=\"https:\/\/emailchef.com\/wp-content\/uploads\/2020\/07\/star-5.png\" alt=\"\" width=\"90\" height=\"30\" \/><\/td>\n<td>Engagement \u00c9lev\u00e9. Ce contact s&#8217;ouvre et clique sur vos messages de mani\u00e8re constante.<\/td>\n<\/tr>\n<\/tbody>\n<\/table>\n<\/div>\n<ul>\n<li><strong>Qui est un nouveau contact?<\/strong><br \/>\nUn nouveau contact est un contact r\u00e9cemment inscrit ou ajout\u00e9 \u00e0 votre liste. Pourtant, un nouveau contact a un historique insuffisant pour obtenir une \u00e9valuation fiable. Tous les nouveaux contacts commencent avec trois \u00e9toiles, consid\u00e9r\u00e9 comme un score neutre ou faible.<br \/>\nLes interactions du contact dans les campagnes futures d\u00e9termineront sa note. Par exemple, ouvrir vos messages ou cliquer sur les liens leur donnera une meilleure note (par exemple 4 ou 5 \u00e9toiles). S&#8217;ils d\u00e9posent une plainte pour spam, si l&#8217;adresse est inexistant, ou s&#8217;ils ne r\u00e9pondent pas \u00e0 vos e-mails, le contact obtiendra un score d&#8217;engagement n\u00e9gatif et une note inf\u00e9rieure.<\/li>\n<li><strong>L&#8217;effet des rebonds sur la classement des contacts<\/strong><br \/>\nLes adresses inexistantes donnent normalement au destinataire une note faible.<br \/>\nCependant, les rebonds ne sont pas toujours pr\u00e9cis. La validit\u00e9 ou la r\u00e9putation d&#8217;une adresse peut changer, soit en raison de probl\u00e8mes temporaires sur le serveur du destinataire, ce qui peut affecter la livraison du message.<br \/>\nPar exemple, un destinataire avec une classement de contact \u00e9lev\u00e9e peut exp\u00e9rimenter un rebond soft ou dur. Si cela se produit, le score d&#8217;activit\u00e9 sera marqu\u00e9 avec une note inf\u00e9rieure ou nulle, mais le contact restera sur votre liste et dans votre compte Emailchef.<\/li>\n<li><strong>Contacts inactifs<\/strong><br \/>\nLes contacts inactifs sont des destinataires qui ont r\u00e9cemment, ou peut-\u00eatre jamais, interagi avec vos campagnes.<br \/>\nCes contacts re\u00e7oivent une note de deux \u00e9toiles.<\/li>\n<li><strong>Contacts qui interagissent positivement dans vos messages<\/strong><br \/>\nLes contacts avec un engagement positif sont ceux qui interagissent souvent ou constamment sur vos envois. Ces contacts obtiennent une note de quatre \u00e9toiles et peuvent obtenir la meilleure note possible, de cinq \u00e9toiles.<\/li>\n<\/ul>\n<h3><span style=\"font-weight: 400;\">L&#8217;Activit\u00e9 des Listes et son fonctionnement<\/span><\/h3>\n<p><img loading=\"lazy\" decoding=\"async\" class=\"alignnone wp-image-22258 size-full\" src=\"https:\/\/emailchef.com\/wp-content\/uploads\/2020\/07\/list_activity_EN-1.png\" alt=\"\" width=\"358\" height=\"254\" srcset=\"https:\/\/emailchef.com\/wp-content\/uploads\/2020\/07\/list_activity_EN-1.png 358w, https:\/\/emailchef.com\/wp-content\/uploads\/2020\/07\/list_activity_EN-1-300x213.png 300w, https:\/\/emailchef.com\/wp-content\/uploads\/2020\/07\/list_activity_EN-1-320x227.png 320w, https:\/\/emailchef.com\/wp-content\/uploads\/2020\/07\/list_activity_EN-1-239x170.png 239w\" sizes=\"(max-width: 358px) 100vw, 358px\" \/><\/p>\n<p>L&#8217;activit\u00e9 de liste utilise des pourcentages pour montrer combien de contacts dans une liste ont z\u00e9ro, une, deux, trois, quatre ou cinq \u00e9toiles. Les chiffres peuvent changer avec la mise \u00e0 jour ou la r\u00e9duction de la classement des contacts.<\/p>\n<p>Si l&#8217;interaction de vos contacts dans vos campagnes est positive, meilleure est l&#8217;activit\u00e9 de la liste. \u00c0 l&#8217;inverse, si les contacts interagissent n\u00e9gativement sur vos envois, soit parce qu&#8217;ils se d\u00e9sabonnent, soit parce qu&#8217;ils marquent vos messages comme spam, votre activit\u00e9 de liste sera pire.<\/p>\n<p>Le tableau global des activit\u00e9s de liste affiche l&#8217;\u00e9tat de toutes vos listes.<br \/>\nPour afficher un seul graphique d&#8217;activit\u00e9 de liste ou pour afficher le graphique d&#8217;activit\u00e9 de liste globale, cliquez simplement sur ce bouton:<\/p>\n<p><img loading=\"lazy\" decoding=\"async\" class=\"size-full noBorders aligncenter\" src=\"https:\/\/emailchef.com\/wp-content\/uploads\/2020\/07\/global_list.png\" alt=\"\" width=\"67\" height=\"36\" \/><\/p>\n<h3>Quoi faire avec la Classement des Contacts<\/h3>\n<p>Les classements des Contact fonctionnent comme toutes les autres donn\u00e9es de vos listes. Vous pouvez facilement les afficher et les utiliser pour cr\u00e9er des segments qui incluent des destinataires d&#8217;activit\u00e9 faible, moyenne ou \u00e9lev\u00e9e, en fonction du groupe de contacts que vous souhautez atteindre dans votre prochain envoi.<\/p>\n<p><img loading=\"lazy\" decoding=\"async\" class=\"alignnone wp-image-22092 size-full\" src=\"https:\/\/emailchef.com\/wp-content\/uploads\/2020\/07\/rating_segment.png\" alt=\"\" width=\"885\" height=\"149\" srcset=\"https:\/\/emailchef.com\/wp-content\/uploads\/2020\/07\/rating_segment.png 885w, https:\/\/emailchef.com\/wp-content\/uploads\/2020\/07\/rating_segment-300x51.png 300w, https:\/\/emailchef.com\/wp-content\/uploads\/2020\/07\/rating_segment-768x129.png 768w, https:\/\/emailchef.com\/wp-content\/uploads\/2020\/07\/rating_segment-636x107.png 636w, https:\/\/emailchef.com\/wp-content\/uploads\/2020\/07\/rating_segment-320x54.png 320w, https:\/\/emailchef.com\/wp-content\/uploads\/2020\/07\/rating_segment-239x40.png 239w\" sizes=\"(max-width: 885px) 100vw, 885px\" \/><\/p>\n<p>Utilisez vous la condition Classement de contact pour cr\u00e9er un segment avec des abonn\u00e9s plus ou moins engag\u00e9s.<\/p>\n<div id=\"\" class=\"g1-table g1-table--solid \">\n<table>\n<thead>\n<tr>\n<th>Nom de la condition<\/th>\n<th>Op\u00e9rateurs disponibles<\/th>\n<th>Choisissez la valeur<\/th>\n<\/tr>\n<\/thead>\n<tbody>\n<tr>\n<td>Classement de Contact<\/td>\n<td>\n<ul>\n<li>est<\/li>\n<li>Non est<\/li>\n<li>Est \u00e9gal ou sup\u00e9rieur \u00e0<\/li>\n<li>Est \u00e9gal ou inf\u00e9rieur \u00e0<\/li>\n<\/ul>\n<\/td>\n<td>\n<ul>\n<li>Cliquez sur le nombre d&#8217;\u00e9toiles.<\/li>\n<li>La s\u00e9lection peut \u00eatre: 1, 2, 3, 4 ou 5 \u00e9toiles.<\/li>\n<li>Veuillez noter que la s\u00e9lection comprend une seule \u00e9toile compl\u00e8te.<\/li>\n<\/ul>\n<\/td>\n<\/tr>\n<\/tbody>\n<\/table>\n<\/div>\n","protected":false},"excerpt":{"rendered":"<p>La compr\u00e9hension de la fa\u00e7on dont vos abonn\u00e9s interagissent avec vos e-mails et newsletters est vitale dans le marketing par e-mail. Emailchef \u00e9value chacun de vos contacts sur une \u00e9chelle de z\u00e9ro \u00e0 cinq. Vous pouvez utiliser cette classification pour envoyer des campagnes cibl\u00e9es \u00e0 vos abonn\u00e9s les plus engag\u00e9s ou cr\u00e9er des campagnes de [&hellip;]<\/p>\n","protected":false},"author":5,"featured_media":0,"parent":1193,"menu_order":0,"comment_status":"closed","ping_status":"closed","template":"","meta":{"_acf_changed":false,"inline_featured_image":false,"footnotes":""},"g1_relation_tag":[],"class_list":["post-22034","page","type-page","status-publish","hentry"],"acf":[],"yoast_head":"<!-- This site is optimized with the Yoast SEO plugin v24.8.1 - https:\/\/yoast.com\/wordpress\/plugins\/seo\/ -->\n<title>Classement des Contacts et Activit\u00e9 de Liste - Emailchef<\/title>\n<meta name=\"robots\" content=\"index, follow, max-snippet:-1, max-image-preview:large, max-video-preview:-1\" \/>\n<link rel=\"canonical\" href=\"https:\/\/emailchef.com\/fr\/base-de-connaissance\/classement-des-contacts-et-activite-de-liste\/\" \/>\n<meta name=\"twitter:label1\" content=\"Dur\u00e9e de lecture estim\u00e9e\" \/>\n\t<meta name=\"twitter:data1\" content=\"5 minutes\" \/>\n<!-- \/ Yoast SEO plugin. -->","yoast_head_json":{"title":"Classement des Contacts et Activit\u00e9 de Liste - Emailchef","robots":{"index":"index","follow":"follow","max-snippet":"max-snippet:-1","max-image-preview":"max-image-preview:large","max-video-preview":"max-video-preview:-1"},"canonical":"https:\/\/emailchef.com\/fr\/base-de-connaissance\/classement-des-contacts-et-activite-de-liste\/","twitter_misc":{"Dur\u00e9e de lecture estim\u00e9e":"5 minutes"},"schema":{"@context":"https:\/\/schema.org","@graph":[{"@type":"WebPage","@id":"https:\/\/emailchef.com\/fr\/base-de-connaissance\/classement-des-contacts-et-activite-de-liste\/","url":"https:\/\/emailchef.com\/fr\/base-de-connaissance\/classement-des-contacts-et-activite-de-liste\/","name":"Classement des Contacts et Activit\u00e9 de Liste - Emailchef","isPartOf":{"@id":"https:\/\/emailchef.com\/fr\/#website"},"primaryImageOfPage":{"@id":"https:\/\/emailchef.com\/fr\/base-de-connaissance\/classement-des-contacts-et-activite-de-liste\/#primaryimage"},"image":{"@id":"https:\/\/emailchef.com\/fr\/base-de-connaissance\/classement-des-contacts-et-activite-de-liste\/#primaryimage"},"thumbnailUrl":"https:\/\/emailchef.com\/wp-content\/uploads\/2020\/07\/Rating-short.png","datePublished":"2020-07-20T13:42:41+00:00","dateModified":"2020-07-21T10:11:50+00:00","breadcrumb":{"@id":"https:\/\/emailchef.com\/fr\/base-de-connaissance\/classement-des-contacts-et-activite-de-liste\/#breadcrumb"},"inLanguage":"fr-FR","potentialAction":[{"@type":"ReadAction","target":["https:\/\/emailchef.com\/fr\/base-de-connaissance\/classement-des-contacts-et-activite-de-liste\/"]}]},{"@type":"ImageObject","inLanguage":"fr-FR","@id":"https:\/\/emailchef.com\/fr\/base-de-connaissance\/classement-des-contacts-et-activite-de-liste\/#primaryimage","url":"https:\/\/emailchef.com\/wp-content\/uploads\/2020\/07\/Rating-short.png","contentUrl":"https:\/\/emailchef.com\/wp-content\/uploads\/2020\/07\/Rating-short.png"},{"@type":"BreadcrumbList","@id":"https:\/\/emailchef.com\/fr\/base-de-connaissance\/classement-des-contacts-et-activite-de-liste\/#breadcrumb","itemListElement":[{"@type":"ListItem","position":1,"name":"Home","item":"https:\/\/emailchef.com\/fr\/mailchef-email-marketing-emailing-et-envoi-newsletter\/"},{"@type":"ListItem","position":2,"name":"Base de connaissance","item":"https:\/\/emailchef.com\/fr\/base-de-connaissance\/"},{"@type":"ListItem","position":3,"name":"Classement des Contacts et Activit\u00e9 de Liste"}]},{"@type":"WebSite","@id":"https:\/\/emailchef.com\/fr\/#website","url":"https:\/\/emailchef.com\/fr\/","name":"Emailchef","description":"Recettes go\u00fbteuses pour vos emails","publisher":{"@id":"https:\/\/emailchef.com\/fr\/#organization"},"potentialAction":[{"@type":"SearchAction","target":{"@type":"EntryPoint","urlTemplate":"https:\/\/emailchef.com\/fr\/?s={search_term_string}"},"query-input":{"@type":"PropertyValueSpecification","valueRequired":true,"valueName":"search_term_string"}}],"inLanguage":"fr-FR"},{"@type":"Organization","@id":"https:\/\/emailchef.com\/fr\/#organization","name":"Delivery Tech Corp.","url":"https:\/\/emailchef.com\/fr\/","logo":{"@type":"ImageObject","inLanguage":"fr-FR","@id":"https:\/\/emailchef.com\/fr\/#\/schema\/logo\/image\/","url":"https:\/\/emailchef.com\/wp-content\/uploads\/2022\/04\/logo-sama.png","contentUrl":"https:\/\/emailchef.com\/wp-content\/uploads\/2022\/04\/logo-sama.png","width":237,"height":80,"caption":"Delivery Tech Corp."},"image":{"@id":"https:\/\/emailchef.com\/fr\/#\/schema\/logo\/image\/"}}]}},"_links":{"self":[{"href":"https:\/\/emailchef.com\/fr\/wp-json\/wp\/v2\/pages\/22034"}],"collection":[{"href":"https:\/\/emailchef.com\/fr\/wp-json\/wp\/v2\/pages"}],"about":[{"href":"https:\/\/emailchef.com\/fr\/wp-json\/wp\/v2\/types\/page"}],"author":[{"embeddable":true,"href":"https:\/\/emailchef.com\/fr\/wp-json\/wp\/v2\/users\/5"}],"replies":[{"embeddable":true,"href":"https:\/\/emailchef.com\/fr\/wp-json\/wp\/v2\/comments?post=22034"}],"version-history":[{"count":7,"href":"https:\/\/emailchef.com\/fr\/wp-json\/wp\/v2\/pages\/22034\/revisions"}],"predecessor-version":[{"id":22392,"href":"https:\/\/emailchef.com\/fr\/wp-json\/wp\/v2\/pages\/22034\/revisions\/22392"}],"up":[{"embeddable":true,"href":"https:\/\/emailchef.com\/fr\/wp-json\/wp\/v2\/pages\/1193"}],"wp:attachment":[{"href":"https:\/\/emailchef.com\/fr\/wp-json\/wp\/v2\/media?parent=22034"}],"wp:term":[{"taxonomy":"g1_relation_tag","embeddable":true,"href":"https:\/\/emailchef.com\/fr\/wp-json\/wp\/v2\/g1_relation_tag?post=22034"}],"curies":[{"name":"wp","href":"https:\/\/api.w.org\/{rel}","templated":true}]}}