{"id":19264,"date":"2017-02-28T09:50:39","date_gmt":"2017-02-28T09:50:39","guid":{"rendered":"https:\/\/emailchef.com\/?page_id=19264"},"modified":"2024-03-07T09:22:17","modified_gmt":"2024-03-07T09:22:17","slug":"comment-configurer-lauthentification-de-domaine","status":"publish","type":"page","link":"https:\/\/emailchef.com\/fr\/base-de-connaissance\/comment-configurer-lauthentification-de-domaine\/","title":{"rendered":"Comment configurer l&#8217;authentification de domaine"},"content":{"rendered":"<p>L&#8217;authentification de domaine donne \u00e0 votre adresse e-mail une identit\u00e9 tra\u00e7able. Elle montre aux fournisseurs de messagerie de vos destinataires que vous \u00eates un &#8220;exp\u00e9diteur autoris\u00e9&#8221; et non un exp\u00e9diteur de courrier ind\u00e9sirable ou quelqu&#8217;un impliqu\u00e9 dans le phishing (usurpation d&#8217;identit\u00e9).<\/p>\n<p>En termes simples, l&#8217;authentification de domaine indique que votre adresse d&#8217;exp\u00e9diteur est fiable.<\/p>\n<h2 style=\"color: #605e6f; font-weight: bold!important; font-size: 18px; text-transform: uppercase; letter-spacing: -0.7px;\">POURQUOI L&#8217;AUTHENTIFICATION DE DOMAINE EST-ELLE SI IMPORTANTE?<\/h2>\n<p>L&#8217;authentification de domaine garde vos e-mails \u00e0 l&#8217;\u00e9cart des filtres anti-spam et anti-phishing, et contribue \u00e0 am\u00e9liorer vos taux de livraison.<\/p>\n<p>Mais ce n&#8217;est pas tout.<\/p>\n<p>Le processus d&#8217;authentification de domaine rend \u00e9galement vos e-mails plus professionnels. Les destinataires verront votre adresse e-mail dans leurs bo\u00eetes de r\u00e9ception, et non une phrase du type : &#8220;Envoy\u00e9 par Emailchef au nom de VotreNom@votredomaine.com&#8221;. Cela inspire confiance.<\/p>\n<p>Et si vous \u00eates un exp\u00e9diteur de volume moyen ou \u00e9lev\u00e9, l&#8217;authentification de domaine est essentielle. De plus, elle est d\u00e9sormais l&#8217;une <a title=\"Yahoo et Gmail : les nouvelles exigences pour faire du marketing par e-mail en 2024\" href=\"https:\/\/emailchef.com\/fr\/base-de-connaissance\/yahoo-et-gmail-voici-les-nouvelles-exigences-pour-faire-du-marketing-par-email-en-2024\/\">des nouvelles exigences \u00e9tablies par Google et Yahoo<\/a> pour quiconque envoie 5000 messages ou plus par jour aux utilisateurs de Gmail ou Yahoo.<\/p>\n<h2 style=\"color: #605e6f; font-weight: bold!important; font-size: 18px; text-transform: uppercase; letter-spacing: -0.7px;\">ALORS, COMMENT AUTHENTIFIER VOTRE DOMAINE?<\/h2>\n<p>Pour configurer correctement l&#8217;authentification de domaine, vous devez ins\u00e9rer des donn\u00e9es appel\u00e9es DKIM, SPF et DMARC <strong>dans le panneau d&#8217;administration de votre domaine<\/strong>.<\/p>\n<p>Il s&#8217;agit d&#8217;une proc\u00e9dure d\u00e9licate. Si vous n&#8217;\u00eates pas s\u00fbr de ce que vous faites, vous pouvez toujours demander \u00e0 votre service d&#8217;h\u00e9bergement de le faire pour vous.<\/p>\n<p>Il vous suffit de copier et coller le contenu de la bo\u00eete ci-dessous et de l&#8217;envoyer au service client de votre fournisseur de domaine. Votre fournisseur configurera les param\u00e8tres d&#8217;authentification pour vous, et vous pouvez \u00eatre s\u00fbr que le processus fonctionnera.<\/p>\n<div id=\"\" class=\"g1-message g1-message--info \" ><div class=\"g1-inner\"><strong>Attention<\/strong>: les param\u00e8tres fournis peuvent \u00eatre diff\u00e9rents de ceux de votre domaine. Avant de les modifier dans votre domaine, veuillez consulter attentivement les instructions dans la section <em>Param\u00e8tres &gt; Authentification de Domaine<\/em>.<\/div><\/div>\n<div style=\"border: 1px solid #ccc; padding: 20px; background: #eee;\">Bonjour,<br \/>\nJe souhaite configurer mes enregistrements DNS avec les param\u00e8tres suivants :Enregistrement SPF:<\/p>\n<pre>v=spf1 a mx include:spf.emailchef.com ?all<\/pre>\n<p>Enregistrement DomainKey\/DKIM (Type TXT):<\/p>\n<pre>mailchef._domainkey<\/pre>\n<pre style=\"word-break: break-word;\">k=rsa; p=MIGfMA0GCSqGSIb3DQEBAQUAA4GNADCBiQKBgQDT3MWLni6so1q9eQggRYBCLHFjohZkCnYHH8gZNDBm6zRrodRVpWpJQW7x3cWWiuBhS1X0IfBB80l5tqFa+yc+mVgnk8tkUzOHFbPQPp4fi7egTpMtsQW\/ZMrxw73SItNvPr72qvJTYZNPxarMx+ULjEWybcfEdXHPY8jslGcpCwIDAQAB<\/pre>\n<p>Enregistrement DMARC:<\/p>\n<pre>_dmarc<\/pre>\n<pre>v=DMARC1; p=none;<\/pre>\n<p>Merci beaucoup,<\/p>\n<p>Cordialement.<\/p>\n<\/div>\n<h2 style=\"color: #605e6f; font-weight: bold!important; font-size: 18px; text-transform: uppercase; letter-spacing: -0.7px;\">COMMENT CONFIGURER VOTRE DOMAINE VOUS-M\u00caME<\/h2>\n<p>Si vous pr\u00e9f\u00e9rez configurer vous-m\u00eame les enregistrements SPF, DKIM et DMARC, vous devez acc\u00e9der au panneau DNS de votre fournisseur de domaine et entrer les param\u00e8tres suivants.<\/p>\n<div id=\"\" class=\"g1-message g1-message--info \" ><div class=\"g1-inner\"><strong>Attention<\/strong>: les param\u00e8tres fournis ci-dessous peuvent \u00eatre diff\u00e9rents de ceux de votre domaine. Avant de les modifier dans votre domaine, veuillez consulter attentivement les instructions dans la section <em>Param\u00e8tres &gt; Authentification de Domaine<\/em>.<\/div><\/div>\n<h3 style=\"color: #605e6f; font-weight: bold!important; font-size: 18px; letter-spacing: -0.7px; margin-top: 40px;\">Enregistrement SPF<\/h3>\n<p>Pour chaque domaine, vous ne pouvez avoir qu&#8217;<strong>un seul enregistrement SPF au maximum<\/strong>. Vous avez deux options :<\/p>\n<ul>\n<li style=\"margin-bottom: 15px;\"><strong>Si un enregistrement SPF existe d\u00e9j\u00e0 dans votre domaine<\/strong>, vous devez simplement le modifier en ajoutant l&#8217;inclusion d&#8217;Emailchef. Ins\u00e9rez: <code>include:spf.emailchef.com<\/code> apr\u00e8s la cha\u00eene <code>v=spf1<\/code> .<br \/>\nAssurez-vous d&#8217;inclure un espace avant et apr\u00e8s la partie ajout\u00e9e.<\/li>\n<li><strong>Si le SPF n&#8217;est pas encore pr\u00e9sent<\/strong>, vous devrez cr\u00e9er un enregistrement TXT pour l&#8217;ajouter au domaine de votre adresse e-mail (votredomaine.com).<br \/>\nL&#8217;enregistrement que vous devrez ins\u00e9rer est:<br \/>\n<code>v=spf1 a mx include:spf.emailchef.com ?all<\/code><\/li>\n<\/ul>\n<h3 style=\"color: #605e6f; font-weight: bold!important; font-size: 18px; letter-spacing: -0.7px; margin-top: 40px;\">Enregistrement DomainKey\/DKIM<\/h3>\n<p>L&#8217;enregistrement DKIM doit \u00eatre ajout\u00e9 au sous-domaine \u2018mailchef._domainkey\u2019. Tout comme le SPF, l&#8217;enregistrement DKIM peut \u00e9galement \u00eatre ins\u00e9r\u00e9 en tant qu&#8217;enregistrement TXT.<\/p>\n<p>L&#8217;enregistrement \u00e0 ins\u00e9rer sous <em>Domain<\/em> est:<\/p>\n<pre>mailchef._domainkey<\/pre>\n<p>Dans <em>Value<\/em>, vous devrez entrer ce qui suit:<\/p>\n<pre style=\"word-break: break-word;\">k=rsa; p=MIGfMA0GCSqGSIb3DQEBAQUAA4GNADCBiQKBgQDT3MWLni6so1q9eQggRYBCLHFjohZkCnYHH8gZNDBm6zRrodRVpWpJQW7x3cWWiuBhS1X0IfBB80l5tqFa+yc+mVgnk8tkUzOHFbPQPp4fi7egTpMtsQW\/ZMrxw73SItNvPr72qvJTYZNPxarMx+ULjEWybcfEdXHPY8jslGcpCwIDAQAB\r\n<\/pre>\n<h3 style=\"color: #605e6f; font-weight: bold!important; font-size: 18px; letter-spacing: -0.7px; margin-top: 40px;\">Enregistrement DMARC<\/h3>\n<p>L&#8217;enregistrement \u00e0 ins\u00e9rer dans <em>Domain<\/em> est:<\/p>\n<pre>_dmarc<\/pre>\n<p>Le champ <em>Value<\/em> de l&#8217;enregistrement DMARC peut \u00eatre configur\u00e9 initialement comme suit:<\/p>\n<pre>v=DMARC1; p=none;<\/pre>\n<p>DMARC indique aux bo\u00eetes des destinataires ce qu&#8217;il faut faire des messages qui ne passent pas les validations SPF et DKIM.<\/p>\n<p>Les param\u00e8tres ci-dessus cr\u00e9ent un enregistrement DMARC permissif, mais sa mise en \u0153uvre seule garantit le respect des exigences pour une livraison appropri\u00e9e.<\/p>\n<p>Cependant, l&#8217;enregistrement DMARC devra \u00eatre ajust\u00e9 avec le temps.<\/p>\n<p>Cette instruction sera initialement permissive, mais deviendra de plus en plus stricte apr\u00e8s une p\u00e9riode d&#8217;analyse du trafic, g\u00e9n\u00e9ralement dans quelques mois.<\/p>\n<p>Une politique DMARC stricte peut bloquer les e-mails d&#8217;entreprise l\u00e9gitimes envoy\u00e9s via un canal incorrect ou mal configur\u00e9.<\/p>\n<p>Une politique DMARC tr\u00e8s restrictive doit \u00eatre utilis\u00e9e uniquement apr\u00e8s avoir effectu\u00e9 toutes les v\u00e9rifications internes, en veillant \u00e0 ce que tous les e-mails sortants passent par les services autoris\u00e9s r\u00e9pertori\u00e9s dans l&#8217;enregistrement SPF.<\/p>\n<p>En g\u00e9n\u00e9ral, le DMARC est g\u00e9r\u00e9 directement par l&#8217;entreprise et non par un fournisseur externe.<\/p>\n<h2 style=\"color: #605e6f; font-weight: bold!important; font-size: 18px; text-transform: uppercase; letter-spacing: -0.7px;\">COMMENT V\u00c9RIFIER SI L&#8217;AUTHENTIFICATION A R\u00c9USSI.<\/h2>\n<p>Apr\u00e8s avoir configur\u00e9 les param\u00e8tres SPF, DKIM et DMARC, vous pouvez v\u00e9rifier que les valeurs ont \u00e9t\u00e9 correctement ins\u00e9r\u00e9es en acc\u00e9dant \u00e0 votre profil et en cliquant sur <em>Param\u00e8tres &gt; Authentification de Domaine<\/em>.<\/p>\n<p>Ensuite, cliquez sur le bouton <em>V\u00e9rifier les Domaines<\/em>.<\/p>\n<div id=\"\" class=\"g1-message g1-message--info \" ><div class=\"g1-inner\"><strong>Attention<\/strong>: Les changements peuvent prendre plusieurs heures pour prendre effet.<\/div><\/div>\n<p><a href=\"https:\/\/emailchef.com\/wp-content\/uploads\/2024\/03\/authentification-domaine-1-1.png\" rel=\"lightbox\"><img decoding=\"async\" src=\"https:\/\/emailchef.com\/wp-content\/uploads\/2024\/03\/authentification-domaine-1-1.png\" alt=\"Authentification de domaine de messagerie sur Emailchef\" width=\"680px\" height=\"256px\" \/><\/a><\/p>\n<p>Si votre domaine a \u00e9t\u00e9 v\u00e9rifi\u00e9 correctement, une coche verte appara\u00eetra \u00e0 c\u00f4t\u00e9 de chaque enregistrement (SPF, DKIM et DMARC).<\/p>\n<p><a href=\"https:\/\/emailchef.com\/wp-content\/uploads\/2024\/03\/authentification-domaine-2-1.png\" rel=\"lightbox\"><img decoding=\"async\" src=\"https:\/\/emailchef.com\/wp-content\/uploads\/2024\/03\/authentification-domaine-2-1.png\" alt=\"Authentification de domaine de messagerie sur Emailchef\" width=\"680px\" height=\"200px\" \/><\/a><\/p>\n<p>Une fois que vous avez correctement v\u00e9rifi\u00e9 votre domaine, vous pouvez activer l&#8217;authentification en utilisant le bouton on\/off.<\/p>\n<p><a href=\"https:\/\/emailchef.com\/wp-content\/uploads\/2024\/03\/authentification-domaine-3-1.png\" rel=\"lightbox\"><img decoding=\"async\" src=\"https:\/\/emailchef.com\/wp-content\/uploads\/2024\/03\/authentification-domaine-3-1.png\" alt=\"Authentification de domaine active\" width=\"445px\" height=\"84px\" \/><\/a><\/p>\n<p><a href=\"https:\/\/emailchef.com\/wp-content\/uploads\/2024\/03\/authentification-domaine-4-1.png\" rel=\"lightbox\"><img decoding=\"async\" src=\"https:\/\/emailchef.com\/wp-content\/uploads\/2024\/03\/authentification-domaine-4-1.png\" alt=\"Authentification de domaine non active\" width=\"445px\" height=\"84px\" \/><\/a><\/p>\n<p>Emailchef g\u00e8re vos rebonds pour fournir des statistiques compl\u00e8tes. Cependant, vous pouvez recevoir tous les rebonds g\u00e9n\u00e9r\u00e9s par vos listes directement dans votre bo\u00eete de r\u00e9ception en d\u00e9sactivant l&#8217;option <em>Autoriser Emailchef \u00e0 g\u00e9rer vos rebonds<\/em>.<\/p>\n<p><a href=\"https:\/\/emailchef.com\/wp-content\/uploads\/2024\/03\/authentification-domaine-5-1.png\" rel=\"lightbox\"><img decoding=\"async\" src=\"https:\/\/emailchef.com\/wp-content\/uploads\/2024\/03\/authentification-domaine-5-1.png\" alt=\"Autoriser Emailchef \u00e0 g\u00e9rer vos rebonds\" width=\"680px\" height=\"48px\" \/><\/a><\/p>\n<h2 style=\"color: #605e6f; font-weight: bold!important; font-size: 18px; text-transform: uppercase; letter-spacing: -0.7px;\">BESOIN D&#8217;AIDE AVEC L&#8217;AUTHENTIFICATION DE VOTRE DOMAINE?<\/h2>\n<p><a href=\"https:\/\/support.emailchef.com\/?lang=fr2 title=\">Ouvrez un ticket aupr\u00e8s de notre service client<\/a> en sp\u00e9cifiant &#8220;Authentification de Domaine&#8221; dans la ligne d&#8217;objet.<\/p>\n","protected":false},"excerpt":{"rendered":"<p>L&#8217;authentification de domaine donne \u00e0 votre adresse e-mail une identit\u00e9 tra\u00e7able. Elle montre aux fournisseurs de messagerie de vos destinataires que vous \u00eates un &#8220;exp\u00e9diteur autoris\u00e9&#8221; et non un exp\u00e9diteur de courrier ind\u00e9sirable ou quelqu&#8217;un impliqu\u00e9 dans le phishing (usurpation d&#8217;identit\u00e9). En termes simples, l&#8217;authentification de domaine indique que votre adresse d&#8217;exp\u00e9diteur est fiable. POURQUOI [&hellip;]<\/p>\n","protected":false},"author":5,"featured_media":0,"parent":1193,"menu_order":0,"comment_status":"closed","ping_status":"closed","template":"","meta":{"_acf_changed":false,"inline_featured_image":false,"footnotes":""},"g1_relation_tag":[],"class_list":["post-19264","page","type-page","status-publish","hentry"],"acf":[],"yoast_head":"<!-- This site is optimized with the Yoast SEO plugin v24.8.1 - https:\/\/yoast.com\/wordpress\/plugins\/seo\/ -->\n<title>Comment configurer l&#039;authentification de domaine - Emailchef<\/title>\n<meta name=\"robots\" content=\"index, follow, max-snippet:-1, max-image-preview:large, max-video-preview:-1\" \/>\n<link rel=\"canonical\" href=\"https:\/\/emailchef.com\/fr\/base-de-connaissance\/comment-configurer-lauthentification-de-domaine\/\" \/>\n<meta name=\"twitter:label1\" content=\"Dur\u00e9e de lecture estim\u00e9e\" \/>\n\t<meta name=\"twitter:data1\" content=\"5 minutes\" \/>\n<!-- \/ Yoast SEO plugin. -->","yoast_head_json":{"title":"Comment configurer l'authentification de domaine - Emailchef","robots":{"index":"index","follow":"follow","max-snippet":"max-snippet:-1","max-image-preview":"max-image-preview:large","max-video-preview":"max-video-preview:-1"},"canonical":"https:\/\/emailchef.com\/fr\/base-de-connaissance\/comment-configurer-lauthentification-de-domaine\/","twitter_misc":{"Dur\u00e9e de lecture estim\u00e9e":"5 minutes"},"schema":{"@context":"https:\/\/schema.org","@graph":[{"@type":"WebPage","@id":"https:\/\/emailchef.com\/fr\/base-de-connaissance\/comment-configurer-lauthentification-de-domaine\/","url":"https:\/\/emailchef.com\/fr\/base-de-connaissance\/comment-configurer-lauthentification-de-domaine\/","name":"Comment configurer l'authentification de domaine - Emailchef","isPartOf":{"@id":"https:\/\/emailchef.com\/fr\/#website"},"primaryImageOfPage":{"@id":"https:\/\/emailchef.com\/fr\/base-de-connaissance\/comment-configurer-lauthentification-de-domaine\/#primaryimage"},"image":{"@id":"https:\/\/emailchef.com\/fr\/base-de-connaissance\/comment-configurer-lauthentification-de-domaine\/#primaryimage"},"thumbnailUrl":"https:\/\/emailchef.com\/wp-content\/uploads\/2024\/03\/authentification-domaine-1-1.png","datePublished":"2017-02-28T09:50:39+00:00","dateModified":"2024-03-07T09:22:17+00:00","breadcrumb":{"@id":"https:\/\/emailchef.com\/fr\/base-de-connaissance\/comment-configurer-lauthentification-de-domaine\/#breadcrumb"},"inLanguage":"fr-FR","potentialAction":[{"@type":"ReadAction","target":["https:\/\/emailchef.com\/fr\/base-de-connaissance\/comment-configurer-lauthentification-de-domaine\/"]}]},{"@type":"ImageObject","inLanguage":"fr-FR","@id":"https:\/\/emailchef.com\/fr\/base-de-connaissance\/comment-configurer-lauthentification-de-domaine\/#primaryimage","url":"https:\/\/emailchef.com\/wp-content\/uploads\/2024\/03\/authentification-domaine-1-1.png","contentUrl":"https:\/\/emailchef.com\/wp-content\/uploads\/2024\/03\/authentification-domaine-1-1.png"},{"@type":"BreadcrumbList","@id":"https:\/\/emailchef.com\/fr\/base-de-connaissance\/comment-configurer-lauthentification-de-domaine\/#breadcrumb","itemListElement":[{"@type":"ListItem","position":1,"name":"Home","item":"https:\/\/emailchef.com\/fr\/mailchef-email-marketing-emailing-et-envoi-newsletter\/"},{"@type":"ListItem","position":2,"name":"Base de connaissance","item":"https:\/\/emailchef.com\/fr\/base-de-connaissance\/"},{"@type":"ListItem","position":3,"name":"Comment configurer l&rsquo;authentification de domaine"}]},{"@type":"WebSite","@id":"https:\/\/emailchef.com\/fr\/#website","url":"https:\/\/emailchef.com\/fr\/","name":"Emailchef","description":"Recettes go\u00fbteuses pour vos emails","publisher":{"@id":"https:\/\/emailchef.com\/fr\/#organization"},"potentialAction":[{"@type":"SearchAction","target":{"@type":"EntryPoint","urlTemplate":"https:\/\/emailchef.com\/fr\/?s={search_term_string}"},"query-input":{"@type":"PropertyValueSpecification","valueRequired":true,"valueName":"search_term_string"}}],"inLanguage":"fr-FR"},{"@type":"Organization","@id":"https:\/\/emailchef.com\/fr\/#organization","name":"Delivery Tech Corp.","url":"https:\/\/emailchef.com\/fr\/","logo":{"@type":"ImageObject","inLanguage":"fr-FR","@id":"https:\/\/emailchef.com\/fr\/#\/schema\/logo\/image\/","url":"https:\/\/emailchef.com\/wp-content\/uploads\/2022\/04\/logo-sama.png","contentUrl":"https:\/\/emailchef.com\/wp-content\/uploads\/2022\/04\/logo-sama.png","width":237,"height":80,"caption":"Delivery Tech Corp."},"image":{"@id":"https:\/\/emailchef.com\/fr\/#\/schema\/logo\/image\/"}}]}},"_links":{"self":[{"href":"https:\/\/emailchef.com\/fr\/wp-json\/wp\/v2\/pages\/19264"}],"collection":[{"href":"https:\/\/emailchef.com\/fr\/wp-json\/wp\/v2\/pages"}],"about":[{"href":"https:\/\/emailchef.com\/fr\/wp-json\/wp\/v2\/types\/page"}],"author":[{"embeddable":true,"href":"https:\/\/emailchef.com\/fr\/wp-json\/wp\/v2\/users\/5"}],"replies":[{"embeddable":true,"href":"https:\/\/emailchef.com\/fr\/wp-json\/wp\/v2\/comments?post=19264"}],"version-history":[{"count":17,"href":"https:\/\/emailchef.com\/fr\/wp-json\/wp\/v2\/pages\/19264\/revisions"}],"predecessor-version":[{"id":71509,"href":"https:\/\/emailchef.com\/fr\/wp-json\/wp\/v2\/pages\/19264\/revisions\/71509"}],"up":[{"embeddable":true,"href":"https:\/\/emailchef.com\/fr\/wp-json\/wp\/v2\/pages\/1193"}],"wp:attachment":[{"href":"https:\/\/emailchef.com\/fr\/wp-json\/wp\/v2\/media?parent=19264"}],"wp:term":[{"taxonomy":"g1_relation_tag","embeddable":true,"href":"https:\/\/emailchef.com\/fr\/wp-json\/wp\/v2\/g1_relation_tag?post=19264"}],"curies":[{"name":"wp","href":"https:\/\/api.w.org\/{rel}","templated":true}]}}