{"id":1695,"date":"2014-09-18T12:25:37","date_gmt":"2014-09-18T12:25:37","guid":{"rendered":"http:\/\/emailchef.com\/?page_id=1695"},"modified":"2021-07-09T09:11:14","modified_gmt":"2021-07-09T09:11:14","slug":"tracking-emailing","status":"publish","type":"page","link":"https:\/\/emailchef.com\/fr\/tracking-emailing\/","title":{"rendered":"Service tracking d&#8217;emailing"},"content":{"rendered":"<p lang=\"en-GB\">Un <strong>service de tracking (ou suivi) d&#8217;emailing<\/strong>&nbsp;est essentiel pour g\u00e9rer et d&#8217;am\u00e9liorer une strat\u00e9gie de marketing par courriel. En fait, seule une analyse approfondie de vos campagnes peut&nbsp;conduire au succ\u00e8s; ce qui signifie que vous avez besoin d&#8217;un <strong>syst\u00e8me de reporting<\/strong>&nbsp;<strong>fiable<\/strong> qui extrait tous les param\u00e8tres pertinents en temps r\u00e9el.<\/p>\n<p lang=\"en-GB\">En fait, un emailing&nbsp;en&nbsp;masse aveugle est (ou du moins devrait \u00eatre) une <strong>chose du pass\u00e9<\/strong>, tandis que des newsletters <strong>sans cesse am\u00e9lior\u00e9es, cibl\u00e9es raffin\u00e9es<\/strong> sont la seule fa\u00e7on d&#8217;obtenir des r\u00e9sultats substantiels dans un monde o\u00f9 les bo\u00eetes de r\u00e9ception sont de plus en plus encombr\u00e9es.<\/p>\n<p lang=\"en-GB\">Voil\u00e0 pourquoi l&#8217;<strong>email analytics<\/strong> est si important. Et voil\u00e0 pourquoi avec les&nbsp;<strong>outils de suivi ed tracking<\/strong> de Emailchef, vous pouvez:<\/p>\n<ul>\n<li lang=\"en-GB\"><strong>Savoir si l&#8217;email a \u00e9t\u00e9 effectivement livr\u00e9e<\/strong> ou a \u00e9t\u00e9&nbsp;refus\u00e9 par un bouclier anti-spam. Dans ce cas, vous devez v\u00e9rifier si vous suivez toutes les meilleures pratiques sur la d\u00e9livrabilit\u00e9.<\/li>\n<li lang=\"en-GB\"><strong>Suivre le nombre exact de personnes qui se sont d\u00e9sabonn\u00e9&nbsp;<\/strong>apr\u00e8s chaque envoi. Si de trop nombreux utilisateurs se d\u00e9sabonnent&nbsp;de votre newsletter,&nbsp;cela signifie que vous devez r\u00e9viser votre strat\u00e9gie de contenu ou votre horaire de diffusion.<\/li>\n<li lang=\"en-GB\"><strong>Conna\u00eetre le taux d&#8217;ouverture de vos emails<\/strong> et le moment o\u00f9 chaque message unique a \u00e9t\u00e9 effectivement ouvert. Ces informations sont pr\u00e9cieuses pour comprendre l&#8217;efficacit\u00e9 de votre objet.<\/li>\n<li lang=\"en-GB\"><strong>V\u00e9rifier chaque bounceback &#8211;&nbsp;<\/strong>combien de courriels ont \u00e9t\u00e9 envoy\u00e9s \u00e0 des adresses inexistantes- et donc nettoyer votre liste. Emailchef fournit \u00e9galement un outil pour le faire automatiquement.<\/li>\n<li lang=\"en-GB\"><strong>Obtenir le taux de click-through<\/strong>. Une m\u00e9trique essentielle pour d\u00e9terminer si l&#8217;appel \u00e0 l&#8217;action est bien plac\u00e9 et s\u00e9duisant.<\/li>\n<li lang=\"en-GB\"><strong>D\u00e9terminer le nombre de plaintes pour spam<\/strong> &#8211; combien vos emails ont \u00e9t\u00e9 plac\u00e9s dans le dossier &#8220;Junk mail&#8221;. Bien s\u00fbr, ce nombre devrait tendre vers z\u00e9ro: une plainte de&nbsp;pam peut nuire gravement \u00e0 votre d\u00e9livrabilit\u00e9. Une bonne fa\u00e7on de l&#8217;\u00e9viter est de toujours fournir un lien de d\u00e9sabonnement en bas de page de votre newsletter.<\/li>\n<\/ul>\n<p lang=\"en-GB\">En bref: le&nbsp;suivi d&#8217;une&nbsp;campagne d&#8217;emailing n&#8217;a <strong>jamais \u00e9t\u00e9 aussi facile<\/strong>. Tout ce que vous devez faire est de vous inscrire au tableau de bord d&#8217;Emailchef et <a href=\"http:\/\/emailchef.com\/user-signup\"><strong>essayez-le gratuitement<\/strong><\/a>!<\/p>\n","protected":false},"excerpt":{"rendered":"<p>Un service de tracking (ou suivi) d&#8217;emailing est essentiel pour g\u00e9rer et d&#8217;am\u00e9liorer une strat\u00e9gie de marketing par courriel. En fait, seule une analyse approfondie de vos campagnes peut conduire au succ\u00e8s.<\/p>\n","protected":false},"author":3,"featured_media":0,"parent":0,"menu_order":204,"comment_status":"closed","ping_status":"closed","template":"","meta":{"_acf_changed":false,"inline_featured_image":false,"footnotes":""},"g1_relation_tag":[51],"class_list":["post-1695","page","type-page","status-publish","hentry","g1_relation_tag-livraison-analyse-emailing"],"acf":[],"yoast_head":"<!-- This site is optimized with the Yoast SEO plugin v24.8.1 - https:\/\/yoast.com\/wordpress\/plugins\/seo\/ -->\n<title>Service tracking d&#039;emailing - Emailchef<\/title>\n<meta name=\"robots\" content=\"index, follow, max-snippet:-1, max-image-preview:large, max-video-preview:-1\" \/>\n<link rel=\"canonical\" href=\"https:\/\/emailchef.com\/fr\/tracking-emailing\/\" \/>\n<meta name=\"twitter:label1\" content=\"Dur\u00e9e de lecture estim\u00e9e\" \/>\n\t<meta name=\"twitter:data1\" content=\"2 minutes\" \/>\n<!-- \/ Yoast SEO plugin. -->","yoast_head_json":{"title":"Service tracking d'emailing - Emailchef","robots":{"index":"index","follow":"follow","max-snippet":"max-snippet:-1","max-image-preview":"max-image-preview:large","max-video-preview":"max-video-preview:-1"},"canonical":"https:\/\/emailchef.com\/fr\/tracking-emailing\/","twitter_misc":{"Dur\u00e9e de lecture estim\u00e9e":"2 minutes"},"schema":{"@context":"https:\/\/schema.org","@graph":[{"@type":"WebPage","@id":"https:\/\/emailchef.com\/fr\/tracking-emailing\/","url":"https:\/\/emailchef.com\/fr\/tracking-emailing\/","name":"Service tracking d'emailing - Emailchef","isPartOf":{"@id":"https:\/\/emailchef.com\/fr\/#website"},"datePublished":"2014-09-18T12:25:37+00:00","dateModified":"2021-07-09T09:11:14+00:00","breadcrumb":{"@id":"https:\/\/emailchef.com\/fr\/tracking-emailing\/#breadcrumb"},"inLanguage":"fr-FR","potentialAction":[{"@type":"ReadAction","target":["https:\/\/emailchef.com\/fr\/tracking-emailing\/"]}]},{"@type":"BreadcrumbList","@id":"https:\/\/emailchef.com\/fr\/tracking-emailing\/#breadcrumb","itemListElement":[{"@type":"ListItem","position":1,"name":"Home","item":"https:\/\/emailchef.com\/fr\/mailchef-email-marketing-emailing-et-envoi-newsletter\/"},{"@type":"ListItem","position":2,"name":"Service tracking d&#8217;emailing"}]},{"@type":"WebSite","@id":"https:\/\/emailchef.com\/fr\/#website","url":"https:\/\/emailchef.com\/fr\/","name":"Emailchef","description":"Recettes go\u00fbteuses pour vos emails","publisher":{"@id":"https:\/\/emailchef.com\/fr\/#organization"},"potentialAction":[{"@type":"SearchAction","target":{"@type":"EntryPoint","urlTemplate":"https:\/\/emailchef.com\/fr\/?s={search_term_string}"},"query-input":{"@type":"PropertyValueSpecification","valueRequired":true,"valueName":"search_term_string"}}],"inLanguage":"fr-FR"},{"@type":"Organization","@id":"https:\/\/emailchef.com\/fr\/#organization","name":"Delivery Tech Corp.","url":"https:\/\/emailchef.com\/fr\/","logo":{"@type":"ImageObject","inLanguage":"fr-FR","@id":"https:\/\/emailchef.com\/fr\/#\/schema\/logo\/image\/","url":"https:\/\/emailchef.com\/wp-content\/uploads\/2022\/04\/logo-sama.png","contentUrl":"https:\/\/emailchef.com\/wp-content\/uploads\/2022\/04\/logo-sama.png","width":237,"height":80,"caption":"Delivery Tech Corp."},"image":{"@id":"https:\/\/emailchef.com\/fr\/#\/schema\/logo\/image\/"}}]}},"_links":{"self":[{"href":"https:\/\/emailchef.com\/fr\/wp-json\/wp\/v2\/pages\/1695"}],"collection":[{"href":"https:\/\/emailchef.com\/fr\/wp-json\/wp\/v2\/pages"}],"about":[{"href":"https:\/\/emailchef.com\/fr\/wp-json\/wp\/v2\/types\/page"}],"author":[{"embeddable":true,"href":"https:\/\/emailchef.com\/fr\/wp-json\/wp\/v2\/users\/3"}],"replies":[{"embeddable":true,"href":"https:\/\/emailchef.com\/fr\/wp-json\/wp\/v2\/comments?post=1695"}],"version-history":[{"count":6,"href":"https:\/\/emailchef.com\/fr\/wp-json\/wp\/v2\/pages\/1695\/revisions"}],"predecessor-version":[{"id":45148,"href":"https:\/\/emailchef.com\/fr\/wp-json\/wp\/v2\/pages\/1695\/revisions\/45148"}],"wp:attachment":[{"href":"https:\/\/emailchef.com\/fr\/wp-json\/wp\/v2\/media?parent=1695"}],"wp:term":[{"taxonomy":"g1_relation_tag","embeddable":true,"href":"https:\/\/emailchef.com\/fr\/wp-json\/wp\/v2\/g1_relation_tag?post=1695"}],"curies":[{"name":"wp","href":"https:\/\/api.w.org\/{rel}","templated":true}]}}