{"id":1691,"date":"2014-09-18T10:02:50","date_gmt":"2014-09-18T10:02:50","guid":{"rendered":"http:\/\/emailchef.com\/?page_id=1691"},"modified":"2021-07-09T09:09:59","modified_gmt":"2021-07-09T09:09:59","slug":"formulaire-email-html","status":"publish","type":"page","link":"https:\/\/emailchef.com\/fr\/formulaire-email-html\/","title":{"rendered":"Formulaire email HTML"},"content":{"rendered":"<p>Un <b>formulaire email HTML <\/b>est encore le plus s\u00fbr moyen de collecter des adresses et lancer une campagne de marketing par courriel. L&#8217;id\u00e9e est tr\u00e8s simple: vous incorporez le&nbsp;formulaire dans votre site web, afin de fournir \u00e0 vos utilisateurs un <b>procedure <\/b><b>direct<\/b><b>e<\/b><b> d<\/b><b>&#8216;inscription \u00e0 la newsletter<\/b>. Mais comment le fabriquer?<\/p>\n<p>Facile: Emailchef fournit une <a title=\"editeur formulaires\" href=\"http:\/\/emailchef.com\/fr\/fonctionnalites\/editeur-formulaires-dabonnement\/\"><b>\u00e9diteur <\/b><b>d\u00e9di\u00e9 <\/b><b>de formulaires<\/b><\/a> pour vous aider \u00e0 le faire en quelques instants, avec une simple s\u00e9rie de <b>glisser-d\u00e9poser<\/b>. Vous pouvez cr\u00e9er formulaires opt-in et double opt-in avec diff\u00e9rents types de champs et modifier leur couleur, le style de police et la taille; il est aussi tr\u00e8s facile d&#8217;ajouter un texte de pied de page (par exemple un lien vers votre politique de confidentialit\u00e9).<\/p>\n<p>Nous sugg\u00e9rons de mettre le formulaire d&#8217;inscription HTML dans un <b>endroit appropri\u00e9<\/b> de votre site Web &#8211; par exemple en haut \u00e0 droite. Tous les renseignements recueillis de cette fa\u00e7on seront <b>trait\u00e9<\/b><b>s<\/b><b> automatiquement par Emailchef<\/b>, et stock\u00e9s dans une liste que vous pouvez ensuite modifier ou segmenter comme vous souhaitez am\u00e9liorer vos campagnes d&#8217;email. Chaque liste a son <b>formulaire <\/b><b>d&#8217;abonnement<\/b>, mais bien s\u00fbr vous pouvez associ\u00e9r une liste unique \u00e0 plusieurs formes.<\/p>\n","protected":false},"excerpt":{"rendered":"<p>Un formulaire email HTML est encore le plus s\u00fbr moyen de collecter des adresses et lancer une campagne de marketing par courriel. L&#8217;id\u00e9e est tr\u00e8s simple: vous l&#8217;incorporez dans votre site web.<\/p>\n","protected":false},"author":3,"featured_media":0,"parent":0,"menu_order":168,"comment_status":"closed","ping_status":"closed","template":"","meta":{"_acf_changed":false,"inline_featured_image":false,"footnotes":""},"g1_relation_tag":[50,18],"class_list":["post-1691","page","type-page","status-publish","hentry","g1_relation_tag-formulaires-inscription-email","g1_relation_tag-newsletter-subscription-form"],"acf":[],"yoast_head":"<!-- This site is optimized with the Yoast SEO plugin v24.8.1 - https:\/\/yoast.com\/wordpress\/plugins\/seo\/ -->\n<title>Formulaire email HTML - Emailchef<\/title>\n<meta name=\"robots\" content=\"index, follow, max-snippet:-1, max-image-preview:large, max-video-preview:-1\" \/>\n<link rel=\"canonical\" href=\"https:\/\/emailchef.com\/fr\/formulaire-email-html\/\" \/>\n<meta name=\"twitter:label1\" content=\"Dur\u00e9e de lecture estim\u00e9e\" \/>\n\t<meta name=\"twitter:data1\" content=\"1 minute\" \/>\n<!-- \/ Yoast SEO plugin. -->","yoast_head_json":{"title":"Formulaire email HTML - Emailchef","robots":{"index":"index","follow":"follow","max-snippet":"max-snippet:-1","max-image-preview":"max-image-preview:large","max-video-preview":"max-video-preview:-1"},"canonical":"https:\/\/emailchef.com\/fr\/formulaire-email-html\/","twitter_misc":{"Dur\u00e9e de lecture estim\u00e9e":"1 minute"},"schema":{"@context":"https:\/\/schema.org","@graph":[{"@type":"WebPage","@id":"https:\/\/emailchef.com\/fr\/formulaire-email-html\/","url":"https:\/\/emailchef.com\/fr\/formulaire-email-html\/","name":"Formulaire email HTML - Emailchef","isPartOf":{"@id":"https:\/\/emailchef.com\/fr\/#website"},"datePublished":"2014-09-18T10:02:50+00:00","dateModified":"2021-07-09T09:09:59+00:00","breadcrumb":{"@id":"https:\/\/emailchef.com\/fr\/formulaire-email-html\/#breadcrumb"},"inLanguage":"fr-FR","potentialAction":[{"@type":"ReadAction","target":["https:\/\/emailchef.com\/fr\/formulaire-email-html\/"]}]},{"@type":"BreadcrumbList","@id":"https:\/\/emailchef.com\/fr\/formulaire-email-html\/#breadcrumb","itemListElement":[{"@type":"ListItem","position":1,"name":"Home","item":"https:\/\/emailchef.com\/fr\/mailchef-email-marketing-emailing-et-envoi-newsletter\/"},{"@type":"ListItem","position":2,"name":"Formulaire email HTML"}]},{"@type":"WebSite","@id":"https:\/\/emailchef.com\/fr\/#website","url":"https:\/\/emailchef.com\/fr\/","name":"Emailchef","description":"Recettes go\u00fbteuses pour vos emails","publisher":{"@id":"https:\/\/emailchef.com\/fr\/#organization"},"potentialAction":[{"@type":"SearchAction","target":{"@type":"EntryPoint","urlTemplate":"https:\/\/emailchef.com\/fr\/?s={search_term_string}"},"query-input":{"@type":"PropertyValueSpecification","valueRequired":true,"valueName":"search_term_string"}}],"inLanguage":"fr-FR"},{"@type":"Organization","@id":"https:\/\/emailchef.com\/fr\/#organization","name":"Delivery Tech Corp.","url":"https:\/\/emailchef.com\/fr\/","logo":{"@type":"ImageObject","inLanguage":"fr-FR","@id":"https:\/\/emailchef.com\/fr\/#\/schema\/logo\/image\/","url":"https:\/\/emailchef.com\/wp-content\/uploads\/2022\/04\/logo-sama.png","contentUrl":"https:\/\/emailchef.com\/wp-content\/uploads\/2022\/04\/logo-sama.png","width":237,"height":80,"caption":"Delivery Tech Corp."},"image":{"@id":"https:\/\/emailchef.com\/fr\/#\/schema\/logo\/image\/"}}]}},"_links":{"self":[{"href":"https:\/\/emailchef.com\/fr\/wp-json\/wp\/v2\/pages\/1691"}],"collection":[{"href":"https:\/\/emailchef.com\/fr\/wp-json\/wp\/v2\/pages"}],"about":[{"href":"https:\/\/emailchef.com\/fr\/wp-json\/wp\/v2\/types\/page"}],"author":[{"embeddable":true,"href":"https:\/\/emailchef.com\/fr\/wp-json\/wp\/v2\/users\/3"}],"replies":[{"embeddable":true,"href":"https:\/\/emailchef.com\/fr\/wp-json\/wp\/v2\/comments?post=1691"}],"version-history":[{"count":2,"href":"https:\/\/emailchef.com\/fr\/wp-json\/wp\/v2\/pages\/1691\/revisions"}],"predecessor-version":[{"id":45146,"href":"https:\/\/emailchef.com\/fr\/wp-json\/wp\/v2\/pages\/1691\/revisions\/45146"}],"wp:attachment":[{"href":"https:\/\/emailchef.com\/fr\/wp-json\/wp\/v2\/media?parent=1691"}],"wp:term":[{"taxonomy":"g1_relation_tag","embeddable":true,"href":"https:\/\/emailchef.com\/fr\/wp-json\/wp\/v2\/g1_relation_tag?post=1691"}],"curies":[{"name":"wp","href":"https:\/\/api.w.org\/{rel}","templated":true}]}}