{"id":1684,"date":"2014-09-18T09:51:28","date_gmt":"2014-09-18T09:51:28","guid":{"rendered":"http:\/\/emailchef.com\/?page_id=1684"},"modified":"2021-07-09T09:09:21","modified_gmt":"2021-07-09T09:09:21","slug":"comment-creer-une-mailing-list","status":"publish","type":"page","link":"https:\/\/emailchef.com\/fr\/comment-creer-une-mailing-list\/","title":{"rendered":"Comment cr\u00e9er une mailing list"},"content":{"rendered":"<p lang=\"en-GB\">L&#8217;une des demandes les plus pressantes quand il s&#8217;agit d&#8217;email marketing est de savoir <b>comment cr\u00e9er une <\/b><b>mailing list<\/b>. C&#8217;est \u00e0 dire, comment collecter &#8211; et g\u00e9rer &#8211; une base de donn\u00e9es d&#8217;<b>adresses opt-in<\/b>: des contacts de personnes qui ont choisi de recevoir vos newsletters et d&#8217;autres communications sur une base r\u00e9guli\u00e8re &#8211; t\u00e9moignant ainsi un <b>int\u00e9r\u00eat \u00e9vident <\/b>\u00e0 votre contenu.<\/p>\n<p lang=\"en-GB\">Cet int\u00e9r\u00eat est la chose la plus pr\u00e9cieuse pour tous les sp\u00e9cialistes du marketing num\u00e9rique: et c&#8217;est pourquoi vous ne devriez pas le gaspiller, en fournissant toujours un <b>contenu pertinent <\/b>avec des beaux emails.<\/p>\n<p lang=\"en-GB\">Mais revenons \u00e0 la question centrale: comment cr\u00e9er une mailing list. (Tous les autres listes, soit ils sont achet\u00e9es ou lou\u00e9ee, sont <b>\u00e0 \u00e9viter<\/b>: nous ne faisons de v\u00e9ritables campagnes d&#8217;email dans ce cas, mais de <b>spam<\/b>).<\/p>\n<p lang=\"en-GB\">La fa\u00e7on la plus simple et la plus efficace d&#8217;acqu\u00e9rir des contacts pour construire une mailing list est d&#8217;<b>ajouter un formulaire d&#8217;inscription sur votre site web<\/b>: vos utilisateurs le remplissent avec leur nom, pr\u00e9nom et email (et d&#8217;autres informations si vous en avez besoin), puis re\u00e7oivent un message de confirmation pour finaliser leur inscription.<\/p>\n<p lang=\"en-GB\">C&#8217;est pourquoi Emailchef fournit un <a href=\"http:\/\/emailchef.com\/fr\/fonctionnalites\/editeur-formulaires-dabonnement\/\"><b>\u00e9diteur drag-and-drop <\/b><b>d\u00e9di\u00e9<\/b><\/a> qui vous permettra de cr\u00e9er de formulaires pratiques et les incorporer dans votre site en quelques minutes: en assurant \u00e9galement une <b>interaction facile avec toutes les adresses acquises<\/b> sur notre plate-forme d&#8217;envoi.<\/p>\n<p lang=\"en-GB\">En fait, la composition et la gestion d&#8217;une mailing list avec Emailchef vous donne beaucoup d&#8217;options differentes. Une fois que vous avez rassembl\u00e9 un bon nombre d&#8217;adresses vous serez en mesure de <b>cr\u00e9er plusieurs listes diff\u00e9rentes<\/b>, les segmenter, importer et exporter des adresses, et bien plus encore.<\/p>\n<p lang=\"en-GB\">Qu&#8217;il s&#8217;agisse d&#8217;une \u00e9norme base de donn\u00e9es pour une campagne de marketing par courriel ou une petite liste de diffusion de personnes qui partagent un int\u00e9r\u00eat, Emailchef vous aidera <b>\u00e0 <\/b><b>en <\/b><b>tirer le meilleur parti<\/b>. Connectez-vous maintenant au tableau de bord d&#8217;Emailchef et <a href=\"http:\/\/emailchef.com\/user-signup\"><strong>essayez-le gratuitement<\/strong><\/a>!<\/p>\n","protected":false},"excerpt":{"rendered":"<p>La fa\u00e7on la plus simple et la plus efficace d&#8217;acqu\u00e9rir des contacts pour construire une mailing list est d&#8217;ajouter un formulaire d&#8217;inscription sur votre site web.<\/p>\n","protected":false},"author":3,"featured_media":0,"parent":0,"menu_order":146,"comment_status":"closed","ping_status":"closed","template":"","meta":{"_acf_changed":false,"inline_featured_image":false,"footnotes":""},"g1_relation_tag":[49],"class_list":["post-1684","page","type-page","status-publish","hentry","g1_relation_tag-gestion-mailing-list"],"acf":[],"yoast_head":"<!-- This site is optimized with the Yoast SEO plugin v24.8.1 - https:\/\/yoast.com\/wordpress\/plugins\/seo\/ -->\n<title>Comment cr\u00e9er une mailing list - Emailchef<\/title>\n<meta name=\"robots\" content=\"index, follow, max-snippet:-1, max-image-preview:large, max-video-preview:-1\" \/>\n<link rel=\"canonical\" href=\"https:\/\/emailchef.com\/fr\/comment-creer-une-mailing-list\/\" \/>\n<meta name=\"twitter:label1\" content=\"Dur\u00e9e de lecture estim\u00e9e\" \/>\n\t<meta name=\"twitter:data1\" content=\"2 minutes\" \/>\n<!-- \/ Yoast SEO plugin. -->","yoast_head_json":{"title":"Comment cr\u00e9er une mailing list - Emailchef","robots":{"index":"index","follow":"follow","max-snippet":"max-snippet:-1","max-image-preview":"max-image-preview:large","max-video-preview":"max-video-preview:-1"},"canonical":"https:\/\/emailchef.com\/fr\/comment-creer-une-mailing-list\/","twitter_misc":{"Dur\u00e9e de lecture estim\u00e9e":"2 minutes"},"schema":{"@context":"https:\/\/schema.org","@graph":[{"@type":"WebPage","@id":"https:\/\/emailchef.com\/fr\/comment-creer-une-mailing-list\/","url":"https:\/\/emailchef.com\/fr\/comment-creer-une-mailing-list\/","name":"Comment cr\u00e9er une mailing list - Emailchef","isPartOf":{"@id":"https:\/\/emailchef.com\/fr\/#website"},"datePublished":"2014-09-18T09:51:28+00:00","dateModified":"2021-07-09T09:09:21+00:00","breadcrumb":{"@id":"https:\/\/emailchef.com\/fr\/comment-creer-une-mailing-list\/#breadcrumb"},"inLanguage":"fr-FR","potentialAction":[{"@type":"ReadAction","target":["https:\/\/emailchef.com\/fr\/comment-creer-une-mailing-list\/"]}]},{"@type":"BreadcrumbList","@id":"https:\/\/emailchef.com\/fr\/comment-creer-une-mailing-list\/#breadcrumb","itemListElement":[{"@type":"ListItem","position":1,"name":"Home","item":"https:\/\/emailchef.com\/fr\/mailchef-email-marketing-emailing-et-envoi-newsletter\/"},{"@type":"ListItem","position":2,"name":"Comment cr\u00e9er une mailing list"}]},{"@type":"WebSite","@id":"https:\/\/emailchef.com\/fr\/#website","url":"https:\/\/emailchef.com\/fr\/","name":"Emailchef","description":"Recettes go\u00fbteuses pour vos emails","publisher":{"@id":"https:\/\/emailchef.com\/fr\/#organization"},"potentialAction":[{"@type":"SearchAction","target":{"@type":"EntryPoint","urlTemplate":"https:\/\/emailchef.com\/fr\/?s={search_term_string}"},"query-input":{"@type":"PropertyValueSpecification","valueRequired":true,"valueName":"search_term_string"}}],"inLanguage":"fr-FR"},{"@type":"Organization","@id":"https:\/\/emailchef.com\/fr\/#organization","name":"Delivery Tech Corp.","url":"https:\/\/emailchef.com\/fr\/","logo":{"@type":"ImageObject","inLanguage":"fr-FR","@id":"https:\/\/emailchef.com\/fr\/#\/schema\/logo\/image\/","url":"https:\/\/emailchef.com\/wp-content\/uploads\/2022\/04\/logo-sama.png","contentUrl":"https:\/\/emailchef.com\/wp-content\/uploads\/2022\/04\/logo-sama.png","width":237,"height":80,"caption":"Delivery Tech Corp."},"image":{"@id":"https:\/\/emailchef.com\/fr\/#\/schema\/logo\/image\/"}}]}},"_links":{"self":[{"href":"https:\/\/emailchef.com\/fr\/wp-json\/wp\/v2\/pages\/1684"}],"collection":[{"href":"https:\/\/emailchef.com\/fr\/wp-json\/wp\/v2\/pages"}],"about":[{"href":"https:\/\/emailchef.com\/fr\/wp-json\/wp\/v2\/types\/page"}],"author":[{"embeddable":true,"href":"https:\/\/emailchef.com\/fr\/wp-json\/wp\/v2\/users\/3"}],"replies":[{"embeddable":true,"href":"https:\/\/emailchef.com\/fr\/wp-json\/wp\/v2\/comments?post=1684"}],"version-history":[{"count":4,"href":"https:\/\/emailchef.com\/fr\/wp-json\/wp\/v2\/pages\/1684\/revisions"}],"predecessor-version":[{"id":6269,"href":"https:\/\/emailchef.com\/fr\/wp-json\/wp\/v2\/pages\/1684\/revisions\/6269"}],"wp:attachment":[{"href":"https:\/\/emailchef.com\/fr\/wp-json\/wp\/v2\/media?parent=1684"}],"wp:term":[{"taxonomy":"g1_relation_tag","embeddable":true,"href":"https:\/\/emailchef.com\/fr\/wp-json\/wp\/v2\/g1_relation_tag?post=1684"}],"curies":[{"name":"wp","href":"https:\/\/api.w.org\/{rel}","templated":true}]}}