{"id":1673,"date":"2014-09-18T08:48:56","date_gmt":"2014-09-18T08:48:56","guid":{"rendered":"http:\/\/emailchef.com\/?page_id=1673"},"modified":"2021-07-09T09:08:33","modified_gmt":"2021-07-09T09:08:33","slug":"gestion-campagne-emailing","status":"publish","type":"page","link":"https:\/\/emailchef.com\/fr\/gestion-campagne-emailing\/","title":{"rendered":"Gestion d&#8217;une campagne d&#8217;emailing"},"content":{"rendered":"<p>Nul doute que la <b>gestion d&#8217;une campagne d&#8217;emailing <\/b>peut \u00eatre assez difficile. En fait, pour g\u00e9rer toute une strat\u00e9gie de marketing par courriel vous aurez besoin de superviser et de contr\u00f4ler une <b>vaste gamme de t\u00e2ches<\/b>: collecter de nouvelles adresses pour d\u00e9velopper votre publique, t\u00e9l\u00e9charger et nettoyer toutes les listes de courriels, concevoir un mod\u00e8le de newsletter HTML lisible et agr\u00e9able, \u00e9tudier et \u00e9tablir un calendrier d&#8217;envoi selon le nombre d&#8217;offres ou nouvelles que vous voulez diffuser, \u00e9crire le contenu comme un r\u00e9dacteur pro, faire de l&#8217;analyse post-envoi approfondie pour am\u00e9liorer votre campagne et obtenir de meilleurs r\u00e9sultats&#8230;<\/p>\n<p>Heureusement, <b>Emailchef<\/b> simplifie ce processus en vous aidant dans toutes ses \u00e9tapes. Email marketing n&#8217;a jamais \u00e9t\u00e9 aussi facile: notre <b>service d&#8217;emailing<\/b> est tout ce que vous aurez besoin de lancer une strat\u00e9gie de newsletter de succ\u00e8s.<\/p>\n<p>En fait, g\u00e9rer&nbsp;efficacement une campagne d&#8217;emailing signifie comprendre son <b>caract\u00e8re cyclique <\/b>et ses relations internes: ce qui, sans une <b>plate-forme de cr\u00e9ation et d&#8217;envoi professionnelle<\/b>, peut \u00eatre compliqu\u00e9 (et peut avoir des r\u00e9percussions sur le succ\u00e8s m\u00eame de votre marketing mix).<\/p>\n<p>C&#8217;est pourquoi Emailchef vous offre un set complet d&#8217;outils d&#8217;email marketing:<\/p>\n<ul>\n<li lang=\"en-GB\">Cr\u00e9ation des listes<\/li>\n<li lang=\"en-GB\">Conception de la newsletter<\/li>\n<li lang=\"en-GB\">Envoi d&#8217;emailings<\/li>\n<li lang=\"en-GB\">Analyse des donn\u00e9es<\/li>\n<li lang=\"en-GB\">Test et segmentation des listes<\/li>\n<\/ul>\n<p lang=\"en-GB\">Etc. Mais il y a plus encore.<\/p>\n<p>S&#8217;appuyer sur Emailchef signifie \u00e9galement que <b>vous n&#8217;aurez jamais \u00e0 vous soucier du taux de livraison<\/b> de vos emails. C&#8217;est \u00e0 dire, tous les mailings seront envoy\u00e9s rapidement et effectivement livr\u00e9s \u00e0 toutes les bo\u00eetes aux lettres destin\u00e9es &#8211; en contournant les restrictions FAI et les protections antispam. (Bien s\u00fbr, \u00e0 condition que vous envoyez seulement des <b>newsletters l\u00e9gitimes <\/b>\u00e0 personnes qui ont choisi de recevoir vos communications).<\/p>\n","protected":false},"excerpt":{"rendered":"<p>G\u00e9rer efficacement une campagne d&#8217;emailing signifie comprendre son caract\u00e8re cyclique et ses relations internes: et avec Emailchef, c&#8217;est plus simple.<\/p>\n","protected":false},"author":3,"featured_media":0,"parent":0,"menu_order":90,"comment_status":"closed","ping_status":"closed","template":"","meta":{"_acf_changed":false,"inline_featured_image":false,"footnotes":""},"g1_relation_tag":[48],"class_list":["post-1673","page","type-page","status-publish","hentry","g1_relation_tag-campagne-emailing-comment-faire"],"acf":[],"yoast_head":"<!-- This site is optimized with the Yoast SEO plugin v24.8.1 - https:\/\/yoast.com\/wordpress\/plugins\/seo\/ -->\n<title>Gestion d&#039;une campagne d&#039;emailing - Emailchef<\/title>\n<meta name=\"description\" content=\"G\u00e9rer une campagne d&#039;emailing signifie comprendre son caract\u00e8re cyclique et ses relations internes: et avec Emailchef, c&#039;est tout beaucoup plus simple.\" \/>\n<meta name=\"robots\" content=\"index, follow, max-snippet:-1, max-image-preview:large, max-video-preview:-1\" \/>\n<link rel=\"canonical\" href=\"https:\/\/emailchef.com\/fr\/gestion-campagne-emailing\/\" \/>\n<meta name=\"twitter:label1\" content=\"Dur\u00e9e de lecture estim\u00e9e\" \/>\n\t<meta name=\"twitter:data1\" content=\"2 minutes\" \/>\n<!-- \/ Yoast SEO plugin. -->","yoast_head_json":{"title":"Gestion d'une campagne d'emailing - Emailchef","description":"G\u00e9rer une campagne d'emailing signifie comprendre son caract\u00e8re cyclique et ses relations internes: et avec Emailchef, c'est tout beaucoup plus simple.","robots":{"index":"index","follow":"follow","max-snippet":"max-snippet:-1","max-image-preview":"max-image-preview:large","max-video-preview":"max-video-preview:-1"},"canonical":"https:\/\/emailchef.com\/fr\/gestion-campagne-emailing\/","twitter_misc":{"Dur\u00e9e de lecture estim\u00e9e":"2 minutes"},"schema":{"@context":"https:\/\/schema.org","@graph":[{"@type":"WebPage","@id":"https:\/\/emailchef.com\/fr\/gestion-campagne-emailing\/","url":"https:\/\/emailchef.com\/fr\/gestion-campagne-emailing\/","name":"Gestion d'une campagne d'emailing - Emailchef","isPartOf":{"@id":"https:\/\/emailchef.com\/fr\/#website"},"datePublished":"2014-09-18T08:48:56+00:00","dateModified":"2021-07-09T09:08:33+00:00","description":"G\u00e9rer une campagne d'emailing signifie comprendre son caract\u00e8re cyclique et ses relations internes: et avec Emailchef, c'est tout beaucoup plus simple.","breadcrumb":{"@id":"https:\/\/emailchef.com\/fr\/gestion-campagne-emailing\/#breadcrumb"},"inLanguage":"fr-FR","potentialAction":[{"@type":"ReadAction","target":["https:\/\/emailchef.com\/fr\/gestion-campagne-emailing\/"]}]},{"@type":"BreadcrumbList","@id":"https:\/\/emailchef.com\/fr\/gestion-campagne-emailing\/#breadcrumb","itemListElement":[{"@type":"ListItem","position":1,"name":"Home","item":"https:\/\/emailchef.com\/fr\/mailchef-email-marketing-emailing-et-envoi-newsletter\/"},{"@type":"ListItem","position":2,"name":"Gestion d&rsquo;une campagne d&#8217;emailing"}]},{"@type":"WebSite","@id":"https:\/\/emailchef.com\/fr\/#website","url":"https:\/\/emailchef.com\/fr\/","name":"Emailchef","description":"Recettes go\u00fbteuses pour vos emails","publisher":{"@id":"https:\/\/emailchef.com\/fr\/#organization"},"potentialAction":[{"@type":"SearchAction","target":{"@type":"EntryPoint","urlTemplate":"https:\/\/emailchef.com\/fr\/?s={search_term_string}"},"query-input":{"@type":"PropertyValueSpecification","valueRequired":true,"valueName":"search_term_string"}}],"inLanguage":"fr-FR"},{"@type":"Organization","@id":"https:\/\/emailchef.com\/fr\/#organization","name":"Delivery Tech Corp.","url":"https:\/\/emailchef.com\/fr\/","logo":{"@type":"ImageObject","inLanguage":"fr-FR","@id":"https:\/\/emailchef.com\/fr\/#\/schema\/logo\/image\/","url":"https:\/\/emailchef.com\/wp-content\/uploads\/2022\/04\/logo-sama.png","contentUrl":"https:\/\/emailchef.com\/wp-content\/uploads\/2022\/04\/logo-sama.png","width":237,"height":80,"caption":"Delivery Tech Corp."},"image":{"@id":"https:\/\/emailchef.com\/fr\/#\/schema\/logo\/image\/"}}]}},"_links":{"self":[{"href":"https:\/\/emailchef.com\/fr\/wp-json\/wp\/v2\/pages\/1673"}],"collection":[{"href":"https:\/\/emailchef.com\/fr\/wp-json\/wp\/v2\/pages"}],"about":[{"href":"https:\/\/emailchef.com\/fr\/wp-json\/wp\/v2\/types\/page"}],"author":[{"embeddable":true,"href":"https:\/\/emailchef.com\/fr\/wp-json\/wp\/v2\/users\/3"}],"replies":[{"embeddable":true,"href":"https:\/\/emailchef.com\/fr\/wp-json\/wp\/v2\/comments?post=1673"}],"version-history":[{"count":3,"href":"https:\/\/emailchef.com\/fr\/wp-json\/wp\/v2\/pages\/1673\/revisions"}],"predecessor-version":[{"id":45142,"href":"https:\/\/emailchef.com\/fr\/wp-json\/wp\/v2\/pages\/1673\/revisions\/45142"}],"wp:attachment":[{"href":"https:\/\/emailchef.com\/fr\/wp-json\/wp\/v2\/media?parent=1673"}],"wp:term":[{"taxonomy":"g1_relation_tag","embeddable":true,"href":"https:\/\/emailchef.com\/fr\/wp-json\/wp\/v2\/g1_relation_tag?post=1673"}],"curies":[{"name":"wp","href":"https:\/\/api.w.org\/{rel}","templated":true}]}}