{"id":1665,"date":"2014-09-18T08:26:09","date_gmt":"2014-09-18T08:26:09","guid":{"rendered":"http:\/\/emailchef.com\/?page_id=1665"},"modified":"2021-07-09T09:08:55","modified_gmt":"2021-07-09T09:08:55","slug":"modeles-de-newsletters","status":"publish","type":"page","link":"https:\/\/emailchef.com\/fr\/modeles-de-newsletters\/","title":{"rendered":"Mod\u00e8les de newsletters"},"content":{"rendered":"<p>Obtenir des bons <b>mod\u00e8les <\/b><b>de newsletters<\/b> est essentiel pour que votre campagne d&#8217;email marketing soit vraiment professionnelle. En fait, un mod\u00e8le (ou template) parfaitement con\u00e7u est beaucoup plus qu&#8217;une question de beaut\u00e9: c&#8217;est une <b>question d&#8217;efficacit\u00e9<\/b>. Apparence et contenu doivent \u00eatre <b>\u00e9troitement li\u00e9s<\/b> pour produire une newsletterconvaincante: un email qui <b>convertit vraiment<\/b>.<\/p>\n<p>Une r\u00e8gle de base est d&#8217;\u00e9viter tous ces gros paquets g\u00e9n\u00e9riques de mod\u00e8les gratuits que vous pouvez trouver ici et l\u00e0 sur le web, et toujours pr\u00e9f\u00e9rer le travail de <b>concepteurs de messagerie professionnels<\/b>.<\/p>\n<p>C&#8217;est pourquoi Emailchef est livr\u00e9 avec <b>plus de 100 mod\u00e8les <\/b><b>de newsletters <\/b>con\u00e7us par des experts du codage et class\u00e9s par cat\u00e9gories, pour vous aider \u00e0 trouver la meilleure solution pour vos besoins.<\/p>\n<p>Tous nos mod\u00e8les HTML sont pr\u00eat \u00e0 \u00eatre remplis avec votre contenu et \u00e0 <b>\u00eatre personnalis<\/b><b>\u00e9s<\/b> comme vous souhaitez: il suffit de choisir l&#8217;un d&#8217;eux, l&#8217;importer dans l&#8217;editor de Emailchef, et commencer!<\/p>\n","protected":false},"excerpt":{"rendered":"<p>Obtenir des bons mod\u00e8les de newsletters est essentiel pour que votre campagne d&#8217;email marketing soit vraiment professionnelle. Un template parfaitement con\u00e7u est beaucoup plus qu&#8217;une question de beaut\u00e9: c&#8217;est une question d&#8217;efficacit\u00e9.<\/p>\n","protected":false},"author":3,"featured_media":0,"parent":0,"menu_order":104,"comment_status":"closed","ping_status":"closed","template":"","meta":{"_acf_changed":false,"inline_featured_image":false,"footnotes":""},"g1_relation_tag":[47,46],"class_list":["post-1665","page","type-page","status-publish","hentry","g1_relation_tag-m","g1_relation_tag-templates-pour-newsletters"],"acf":[],"yoast_head":"<!-- This site is optimized with the Yoast SEO plugin v24.8.1 - https:\/\/yoast.com\/wordpress\/plugins\/seo\/ -->\n<title>Mod\u00e8les de newsletters - Emailchef<\/title>\n<meta name=\"description\" content=\"Obtenir des bons mod\u00e8les de newsletters est essentiel pour que votre campagne d&#039;email marketing soit vraiment professionnelle.\" \/>\n<meta name=\"robots\" content=\"index, follow, max-snippet:-1, max-image-preview:large, max-video-preview:-1\" \/>\n<link rel=\"canonical\" href=\"https:\/\/emailchef.com\/fr\/modeles-de-newsletters\/\" \/>\n<meta name=\"twitter:label1\" content=\"Dur\u00e9e de lecture estim\u00e9e\" \/>\n\t<meta name=\"twitter:data1\" content=\"1 minute\" \/>\n<!-- \/ Yoast SEO plugin. -->","yoast_head_json":{"title":"Mod\u00e8les de newsletters - Emailchef","description":"Obtenir des bons mod\u00e8les de newsletters est essentiel pour que votre campagne d'email marketing soit vraiment professionnelle.","robots":{"index":"index","follow":"follow","max-snippet":"max-snippet:-1","max-image-preview":"max-image-preview:large","max-video-preview":"max-video-preview:-1"},"canonical":"https:\/\/emailchef.com\/fr\/modeles-de-newsletters\/","twitter_misc":{"Dur\u00e9e de lecture estim\u00e9e":"1 minute"},"schema":{"@context":"https:\/\/schema.org","@graph":[{"@type":"WebPage","@id":"https:\/\/emailchef.com\/fr\/modeles-de-newsletters\/","url":"https:\/\/emailchef.com\/fr\/modeles-de-newsletters\/","name":"Mod\u00e8les de newsletters - Emailchef","isPartOf":{"@id":"https:\/\/emailchef.com\/fr\/#website"},"datePublished":"2014-09-18T08:26:09+00:00","dateModified":"2021-07-09T09:08:55+00:00","description":"Obtenir des bons mod\u00e8les de newsletters est essentiel pour que votre campagne d'email marketing soit vraiment professionnelle.","breadcrumb":{"@id":"https:\/\/emailchef.com\/fr\/modeles-de-newsletters\/#breadcrumb"},"inLanguage":"fr-FR","potentialAction":[{"@type":"ReadAction","target":["https:\/\/emailchef.com\/fr\/modeles-de-newsletters\/"]}]},{"@type":"BreadcrumbList","@id":"https:\/\/emailchef.com\/fr\/modeles-de-newsletters\/#breadcrumb","itemListElement":[{"@type":"ListItem","position":1,"name":"Home","item":"https:\/\/emailchef.com\/fr\/mailchef-email-marketing-emailing-et-envoi-newsletter\/"},{"@type":"ListItem","position":2,"name":"Mod\u00e8les de newsletters"}]},{"@type":"WebSite","@id":"https:\/\/emailchef.com\/fr\/#website","url":"https:\/\/emailchef.com\/fr\/","name":"Emailchef","description":"Recettes go\u00fbteuses pour vos emails","publisher":{"@id":"https:\/\/emailchef.com\/fr\/#organization"},"potentialAction":[{"@type":"SearchAction","target":{"@type":"EntryPoint","urlTemplate":"https:\/\/emailchef.com\/fr\/?s={search_term_string}"},"query-input":{"@type":"PropertyValueSpecification","valueRequired":true,"valueName":"search_term_string"}}],"inLanguage":"fr-FR"},{"@type":"Organization","@id":"https:\/\/emailchef.com\/fr\/#organization","name":"Delivery Tech Corp.","url":"https:\/\/emailchef.com\/fr\/","logo":{"@type":"ImageObject","inLanguage":"fr-FR","@id":"https:\/\/emailchef.com\/fr\/#\/schema\/logo\/image\/","url":"https:\/\/emailchef.com\/wp-content\/uploads\/2022\/04\/logo-sama.png","contentUrl":"https:\/\/emailchef.com\/wp-content\/uploads\/2022\/04\/logo-sama.png","width":237,"height":80,"caption":"Delivery Tech Corp."},"image":{"@id":"https:\/\/emailchef.com\/fr\/#\/schema\/logo\/image\/"}}]}},"_links":{"self":[{"href":"https:\/\/emailchef.com\/fr\/wp-json\/wp\/v2\/pages\/1665"}],"collection":[{"href":"https:\/\/emailchef.com\/fr\/wp-json\/wp\/v2\/pages"}],"about":[{"href":"https:\/\/emailchef.com\/fr\/wp-json\/wp\/v2\/types\/page"}],"author":[{"embeddable":true,"href":"https:\/\/emailchef.com\/fr\/wp-json\/wp\/v2\/users\/3"}],"replies":[{"embeddable":true,"href":"https:\/\/emailchef.com\/fr\/wp-json\/wp\/v2\/comments?post=1665"}],"version-history":[{"count":4,"href":"https:\/\/emailchef.com\/fr\/wp-json\/wp\/v2\/pages\/1665\/revisions"}],"predecessor-version":[{"id":1672,"href":"https:\/\/emailchef.com\/fr\/wp-json\/wp\/v2\/pages\/1665\/revisions\/1672"}],"wp:attachment":[{"href":"https:\/\/emailchef.com\/fr\/wp-json\/wp\/v2\/media?parent=1665"}],"wp:term":[{"taxonomy":"g1_relation_tag","embeddable":true,"href":"https:\/\/emailchef.com\/fr\/wp-json\/wp\/v2\/g1_relation_tag?post=1665"}],"curies":[{"name":"wp","href":"https:\/\/api.w.org\/{rel}","templated":true}]}}