{"id":1625,"date":"2014-09-18T07:49:12","date_gmt":"2014-09-18T07:49:12","guid":{"rendered":"http:\/\/emailchef.com\/?page_id=1625"},"modified":"2024-10-31T13:46:22","modified_gmt":"2024-10-31T13:46:22","slug":"creer-newsletter","status":"publish","type":"page","link":"https:\/\/emailchef.com\/fr\/creer-newsletter\/","title":{"rendered":"Comment cr\u00e9er une newsletter"},"content":{"rendered":"<p>Dans cet article, nous avons recueilli dix conseils pour <b>cr\u00e9er une newsletter parfaite<\/b> (\u00e0 la fois relatifs \u00e0 la conception et \u00e0 l&#8217;\u00e9criture).<\/p>\n<p>Une campagne d&#8217;email marketing est tr\u00e8s abordable et efficace: elle peut encore offrir le <b>meilleur retour sur investissement <\/b>parmi toutes les autres tactiques de marketing num\u00e9riques. Mais pour en tirer le mieux, votre newsletter doit \u00eatre impeccable. Un bon point de d\u00e9part est bien s\u00fbr un <b>service <\/b><b>d&#8217;envoi et composition <\/b><b>professionnel<\/b> comme Emailchef, mais quand il s&#8217;agit de cr\u00e9er la newsletter elle-m\u00eame, il y a quelques bonnes pratiques \u00e0 retenir. Alors, voici nos conseils:<\/p>\n<p><b>1. <\/b><b>Soyez bref <\/b><b>et clair<\/b>. Non, vraiment: soyez-le. Nous sommes tous fatigu\u00e9s des newsletters qui n&#8217;arrivent jamais au point.<\/p>\n<p><b>2. <\/b><b>Construisez <\/b><b>un <\/b><b>template coh\u00e9rent <\/b><b>avec votre marque et site web<\/b>. Il est tr\u00e8s important, car l&#8217;email doit garder un lien pr\u00e9cis avec votre activit\u00e9 num\u00e9rique et votre brand. Et pour toute information sur comment composer une mise en page de qualit\u00e9, s&#8217;il vous pla\u00eet consulter notre article relatif.<\/p>\n<p><b>3. Choisissez des images captivantes <\/b><b>et l\u00e9g\u00e8res<\/b>. En particulier si elles sont tr\u00e8s utiles pour ce que vous offrez: par exemple, l&#8217;image de vos produits. Trouvez donc le bon \u00e9quilibre entre qualit\u00e9 d&#8217;image et poids, \u00e9tant donn\u00e9 qu&#8217;une bonne newsletter ne doit pas d\u00e9passer le 40-50 Kb pour assurer une livraison parfaite.<\/p>\n<p><b>4. <\/b><b>G\u00e9rez<\/b><b> votre fr\u00e9quence d&#8217;envoi <\/b><b>d&#8217;emailings<\/b>. Personne ne veut \u00eatre inond\u00e9 de messages de marketing ou de newsletters. Vous pouvez penser que votre contenu est <i>toujours<\/i> frais et int\u00e9ressant, mais si vous surchargez vos destinataires, il n&#8217;est pas. Une bonne fr\u00e9quence d&#8217;envoi d\u00e9pend bien s\u00fbr de votre type de strat\u00e9gie commerciale, mais en r\u00e8gle g\u00e9n\u00e9rale n&#8217;envoyez plus d&#8217;un email chaque deux-trois jours. L&#8217;ngagement n&#8217;est pas li\u00e9e au volume des envois: il d\u00e9pend de la relation que vous avez construit avec vos destinataires. Et donc&#8230;<\/p>\n<p><b>5. Mett<\/b><b>ez<\/b><b> en place une vraie relation<\/b>. Exactement. L&#8217;email marketing professionnel est une question de confiance et de dialogue. Il faut donc toujours lire les r\u00e9ponses de vos contacts et \u00eatre pr\u00eat \u00e0 \u00e9couter attentivement leurs demandes, conseils et critiques. Songer \u00e0 vos listes comme une simple pile d&#8217;adresses et pas comme \u00e0 des personnes \u00e0 qui vous parlez, est totalement tromp\u00e9.<\/p>\n<p><b>6. <\/b><b>Les objets <\/b><b>sont cruciale<\/b>s. Un \u00e9l\u00e9ment toujours tr\u00e8s important (et, h\u00e9las, souvent sous-estim\u00e9). Pour augmenter votre taux d&#8217;ouverture des newsletters, consultez nos conseils sur comment \u00e9crire un objet parfait.<\/p>\n<p><b>7. N&#8217;oubliez pas un lien de d\u00e9sabonnement<\/b>. Pour deux raisons: il aidera votre d\u00e9livrabilit\u00e9 (voir point n 10), et il est requis par la loi presque partout.<\/p>\n<p><b>8. Racontez une histoire<\/b>. Vous devrez bosser dur pour d\u00e9velopper un r\u00e9cit fascinant de votre marque. N&#8217;ayez pas peur de partager vos projets, vos opinions, vos sentiments. Parfois, les lecteurs d&#8217;une newsletter ne sont pas \u00e0 la recherche d&#8217;une simple liste de photos et liens \u2013 ils veulent plus. Soyez pr\u00eat \u00e0 leur donner.<\/p>\n<p><b>9. Test<\/b><b>ez<\/b>. Enfin, n&#8217;oubliez pas que le marketing par courriel est un outil formidable aussi parce qu&#8217;il peut \u00eatre am\u00e9lior\u00e9 \u00e9tape par \u00e9tape, newsletter par newsletter. Effectuez des tests A\/B sur des petits d\u00e9tails de vos emails (l&#8217;objet, la position d&#8217;une image ou de l&#8217;appel \u00e0 l&#8217;action, etc.) pour obtenir version toujours meilleure et plus efficace.<\/p>\n<p><b>10. Rappelez-vous la d\u00e9livrabilit\u00e9.<\/b> Ce que nous avons indiqu\u00e9e est essentiel, mais il sera inutile si vos emails n&#8217;arrive pas \u00e0 destination. C&#8217;est pourquoi vous devez toujours suivre les meilleures pratiques pour aider un service d&#8217;email marketing comme Emailchef dans le travail de livraison.<\/p>\n","protected":false},"excerpt":{"rendered":"<p>Une campagne d&#8217;email marketing est tr\u00e8s abordable et efficace: elle peut encore offrir le meilleur retour sur investissement parmi toutes les autres tactiques de marketing num\u00e9riques. Mais pour en tirer le mieux, votre newsletter doit \u00eatre impeccable.<\/p>\n","protected":false},"author":3,"featured_media":0,"parent":0,"menu_order":43,"comment_status":"closed","ping_status":"closed","template":"","meta":{"_acf_changed":false,"inline_featured_image":false,"footnotes":""},"g1_relation_tag":[45],"class_list":["post-1625","page","type-page","status-publish","hentry","g1_relation_tag-la-newsletter-parfaite"],"acf":[],"yoast_head":"<!-- This site is optimized with the Yoast SEO plugin v24.8.1 - https:\/\/yoast.com\/wordpress\/plugins\/seo\/ -->\n<title>Conseils pratiques pour cr\u00e9er votre propre newsletter<\/title>\n<meta name=\"description\" content=\"Comment Cr\u00e9er sa Newsletter. 10 Conseils pour Cr\u00e9er une Newsletter parfaite. Am\u00e9liorer l&#039;Email Marketing pour Maximiser le Retour sur l&#039;Investissement.\" \/>\n<meta name=\"robots\" content=\"index, follow, max-snippet:-1, max-image-preview:large, max-video-preview:-1\" \/>\n<link rel=\"canonical\" href=\"https:\/\/emailchef.com\/fr\/creer-newsletter\/\" \/>\n<meta name=\"twitter:label1\" content=\"Dur\u00e9e de lecture estim\u00e9e\" \/>\n\t<meta name=\"twitter:data1\" content=\"3 minutes\" \/>\n<!-- \/ Yoast SEO plugin. -->","yoast_head_json":{"title":"Conseils pratiques pour cr\u00e9er votre propre newsletter","description":"Comment Cr\u00e9er sa Newsletter. 10 Conseils pour Cr\u00e9er une Newsletter parfaite. Am\u00e9liorer l'Email Marketing pour Maximiser le Retour sur l'Investissement.","robots":{"index":"index","follow":"follow","max-snippet":"max-snippet:-1","max-image-preview":"max-image-preview:large","max-video-preview":"max-video-preview:-1"},"canonical":"https:\/\/emailchef.com\/fr\/creer-newsletter\/","twitter_misc":{"Dur\u00e9e de lecture estim\u00e9e":"3 minutes"},"schema":{"@context":"https:\/\/schema.org","@graph":[{"@type":"WebPage","@id":"https:\/\/emailchef.com\/fr\/creer-newsletter\/","url":"https:\/\/emailchef.com\/fr\/creer-newsletter\/","name":"Conseils pratiques pour cr\u00e9er votre propre newsletter","isPartOf":{"@id":"https:\/\/emailchef.com\/fr\/#website"},"datePublished":"2014-09-18T07:49:12+00:00","dateModified":"2024-10-31T13:46:22+00:00","description":"Comment Cr\u00e9er sa Newsletter. 10 Conseils pour Cr\u00e9er une Newsletter parfaite. Am\u00e9liorer l'Email Marketing pour Maximiser le Retour sur l'Investissement.","breadcrumb":{"@id":"https:\/\/emailchef.com\/fr\/creer-newsletter\/#breadcrumb"},"inLanguage":"fr-FR","potentialAction":[{"@type":"ReadAction","target":["https:\/\/emailchef.com\/fr\/creer-newsletter\/"]}]},{"@type":"BreadcrumbList","@id":"https:\/\/emailchef.com\/fr\/creer-newsletter\/#breadcrumb","itemListElement":[{"@type":"ListItem","position":1,"name":"Home","item":"https:\/\/emailchef.com\/fr\/mailchef-email-marketing-emailing-et-envoi-newsletter\/"},{"@type":"ListItem","position":2,"name":"Comment cr\u00e9er une newsletter"}]},{"@type":"WebSite","@id":"https:\/\/emailchef.com\/fr\/#website","url":"https:\/\/emailchef.com\/fr\/","name":"Emailchef","description":"Recettes go\u00fbteuses pour vos emails","publisher":{"@id":"https:\/\/emailchef.com\/fr\/#organization"},"potentialAction":[{"@type":"SearchAction","target":{"@type":"EntryPoint","urlTemplate":"https:\/\/emailchef.com\/fr\/?s={search_term_string}"},"query-input":{"@type":"PropertyValueSpecification","valueRequired":true,"valueName":"search_term_string"}}],"inLanguage":"fr-FR"},{"@type":"Organization","@id":"https:\/\/emailchef.com\/fr\/#organization","name":"Delivery Tech Corp.","url":"https:\/\/emailchef.com\/fr\/","logo":{"@type":"ImageObject","inLanguage":"fr-FR","@id":"https:\/\/emailchef.com\/fr\/#\/schema\/logo\/image\/","url":"https:\/\/emailchef.com\/wp-content\/uploads\/2022\/04\/logo-sama.png","contentUrl":"https:\/\/emailchef.com\/wp-content\/uploads\/2022\/04\/logo-sama.png","width":237,"height":80,"caption":"Delivery Tech Corp."},"image":{"@id":"https:\/\/emailchef.com\/fr\/#\/schema\/logo\/image\/"}}]}},"_links":{"self":[{"href":"https:\/\/emailchef.com\/fr\/wp-json\/wp\/v2\/pages\/1625"}],"collection":[{"href":"https:\/\/emailchef.com\/fr\/wp-json\/wp\/v2\/pages"}],"about":[{"href":"https:\/\/emailchef.com\/fr\/wp-json\/wp\/v2\/types\/page"}],"author":[{"embeddable":true,"href":"https:\/\/emailchef.com\/fr\/wp-json\/wp\/v2\/users\/3"}],"replies":[{"embeddable":true,"href":"https:\/\/emailchef.com\/fr\/wp-json\/wp\/v2\/comments?post=1625"}],"version-history":[{"count":2,"href":"https:\/\/emailchef.com\/fr\/wp-json\/wp\/v2\/pages\/1625\/revisions"}],"predecessor-version":[{"id":1630,"href":"https:\/\/emailchef.com\/fr\/wp-json\/wp\/v2\/pages\/1625\/revisions\/1630"}],"wp:attachment":[{"href":"https:\/\/emailchef.com\/fr\/wp-json\/wp\/v2\/media?parent=1625"}],"wp:term":[{"taxonomy":"g1_relation_tag","embeddable":true,"href":"https:\/\/emailchef.com\/fr\/wp-json\/wp\/v2\/g1_relation_tag?post=1625"}],"curies":[{"name":"wp","href":"https:\/\/api.w.org\/{rel}","templated":true}]}}