{"id":1606,"date":"2014-09-18T07:14:51","date_gmt":"2014-09-18T07:14:51","guid":{"rendered":"http:\/\/emailchef.com\/?page_id=1606"},"modified":"2021-07-09T09:03:09","modified_gmt":"2021-07-09T09:03:09","slug":"lenvoi-dun-email-en-masse","status":"publish","type":"page","link":"https:\/\/emailchef.com\/fr\/lenvoi-dun-email-en-masse\/","title":{"rendered":"L&#8217;envoi d&#8217;un email en masse"},"content":{"rendered":"<p>L&#8217;<b>envoi d&#8217;un email en masse<\/b> &#8211; tels que d&#8217;une newsletter, d&#8217;un&nbsp;message d&#8217;email marketing directe ou m\u00eame d&#8217;un simple email multiple \u2013 fonctionne s\u00fbrement mieux avec une plate-forme professionnelle d&#8217;enovi au lieu d&#8217;un normal client de messagerie.<\/p>\n<p lang=\"en-GB\">Effectivement, un <b>service d&#8217;emailing en masse d\u00e9di\u00e9 <\/b>comme Emailchef simplifie beaucoup le processus de gestion des contacts: au lieu de mettre toutes les adresses en CC ou BCC, vous pouvez directement <b>envoyer \u00e0 plusieurs destinataires <\/b>en important une liste unique. Mais il y a beaucoup plus. Notre logiciel d&#8217;emai marketing vous permet aussi de:<\/p>\n\n<ul id=\"\" class=\"g1-list g1-list--icon g1-list--simple \">\n<li><i class=\"fa fa-arrow-right g1-list__icon\"><\/i><b>obtenir le <\/b><b>taux de livraison <\/b><b>le plus \u00e9lev\u00e9 <\/b>pour tous les emails en masse, puisque (contrairement au webmails communs), il s&#8217;appuie sur un serveur s&#8217;envoi professionnel qui \u00e9vite les filtres anti-spam et les restrictions de FAI (tr\u00e8s communs quand il s&#8217;agit de messages en nombre);<\/li>\n<li><i class=\"fa fa-arrow-right g1-list__icon\"><\/i>vous permettre d&#8217;<b>envoyer des emails illimit\u00e9s<\/b>;<\/li>\n<li><i class=\"fa fa-arrow-right g1-list__icon\"><\/i>s&#8217;assurer que le processus d&#8217;envoi soit <b>plus rapide<\/b>;<\/li>\n<li><i class=\"fa fa-arrow-right g1-list__icon\"><\/i>offrir des <b>mod\u00e8les<\/b> HTML professionnel pr\u00eat \u00e0 \u00eatre utilis\u00e9s, un <b>Template Creator<\/b> pour composer votre mise en page sans avoir \u00e0 \u00e9crire une seule ligne de code, et un <b>\u00e9diteur interne<\/b> pour modifier librement votre courriel;<\/li>\n<li><i class=\"fa fa-arrow-right g1-list__icon\"><\/i>fournir un outil d&#8217;analyse pour obtenir en temps r\u00e9el des <b>statistiques <\/b><b>pr\u00e9cieuses <\/b>sur votre email en masse,<\/li>\n<\/ul>\n\n<p>et bien plus encore.<\/p>\n<p>L&#8217;envoi de newsletters en nombre n&#8217;est jamais \u00e9t\u00e9 aussi facile et s\u00fbr. Connectez-vous maintenant au tableau de bord d&#8217;Emailchef et <a href=\"http:\/\/emailchef.com\/user-signup\"><strong>essayez-le gratuitement<\/strong><\/a>!<\/p>\n","protected":false},"excerpt":{"rendered":"<p>L&#8217;envoi d&#8217;un email en masse &#8211; tels que de newsletters, de messages d&#8217;email marketing directe ou m\u00eame d&#8217;un simple email multiple \u2013 fonctionne s\u00fbrement mieux avec une plate-forme professionnelle d&#8217;enovi.<\/p>\n","protected":false},"author":3,"featured_media":0,"parent":0,"menu_order":155,"comment_status":"closed","ping_status":"closed","template":"","meta":{"_acf_changed":false,"inline_featured_image":false,"footnotes":""},"g1_relation_tag":[44],"class_list":["post-1606","page","type-page","status-publish","hentry","g1_relation_tag-envoi-emailing-en-masse"],"acf":[],"yoast_head":"<!-- This site is optimized with the Yoast SEO plugin v24.8.1 - https:\/\/yoast.com\/wordpress\/plugins\/seo\/ -->\n<title>L&#039;envoi d&#039;un email en masse - Emailchef<\/title>\n<meta name=\"description\" content=\"L&#039;envoi d&#039;un email en masse - tels que d&#039;une newsletter ou m\u00eame d&#039;un simple email multiple \u2013 fonctionne s\u00fbrement mieux avec une plate-forme comme Emailchef.\" \/>\n<meta name=\"robots\" content=\"index, follow, max-snippet:-1, max-image-preview:large, max-video-preview:-1\" \/>\n<link rel=\"canonical\" href=\"https:\/\/emailchef.com\/fr\/lenvoi-dun-email-en-masse\/\" \/>\n<meta name=\"twitter:label1\" content=\"Dur\u00e9e de lecture estim\u00e9e\" \/>\n\t<meta name=\"twitter:data1\" content=\"2 minutes\" \/>\n<!-- \/ Yoast SEO plugin. -->","yoast_head_json":{"title":"L'envoi d'un email en masse - Emailchef","description":"L'envoi d'un email en masse - tels que d'une newsletter ou m\u00eame d'un simple email multiple \u2013 fonctionne s\u00fbrement mieux avec une plate-forme comme Emailchef.","robots":{"index":"index","follow":"follow","max-snippet":"max-snippet:-1","max-image-preview":"max-image-preview:large","max-video-preview":"max-video-preview:-1"},"canonical":"https:\/\/emailchef.com\/fr\/lenvoi-dun-email-en-masse\/","twitter_misc":{"Dur\u00e9e de lecture estim\u00e9e":"2 minutes"},"schema":{"@context":"https:\/\/schema.org","@graph":[{"@type":"WebPage","@id":"https:\/\/emailchef.com\/fr\/lenvoi-dun-email-en-masse\/","url":"https:\/\/emailchef.com\/fr\/lenvoi-dun-email-en-masse\/","name":"L'envoi d'un email en masse - Emailchef","isPartOf":{"@id":"https:\/\/emailchef.com\/fr\/#website"},"datePublished":"2014-09-18T07:14:51+00:00","dateModified":"2021-07-09T09:03:09+00:00","description":"L'envoi d'un email en masse - tels que d'une newsletter ou m\u00eame d'un simple email multiple \u2013 fonctionne s\u00fbrement mieux avec une plate-forme comme Emailchef.","breadcrumb":{"@id":"https:\/\/emailchef.com\/fr\/lenvoi-dun-email-en-masse\/#breadcrumb"},"inLanguage":"fr-FR","potentialAction":[{"@type":"ReadAction","target":["https:\/\/emailchef.com\/fr\/lenvoi-dun-email-en-masse\/"]}]},{"@type":"BreadcrumbList","@id":"https:\/\/emailchef.com\/fr\/lenvoi-dun-email-en-masse\/#breadcrumb","itemListElement":[{"@type":"ListItem","position":1,"name":"Home","item":"https:\/\/emailchef.com\/fr\/mailchef-email-marketing-emailing-et-envoi-newsletter\/"},{"@type":"ListItem","position":2,"name":"L&rsquo;envoi d&rsquo;un email en masse"}]},{"@type":"WebSite","@id":"https:\/\/emailchef.com\/fr\/#website","url":"https:\/\/emailchef.com\/fr\/","name":"Emailchef","description":"Recettes go\u00fbteuses pour vos emails","publisher":{"@id":"https:\/\/emailchef.com\/fr\/#organization"},"potentialAction":[{"@type":"SearchAction","target":{"@type":"EntryPoint","urlTemplate":"https:\/\/emailchef.com\/fr\/?s={search_term_string}"},"query-input":{"@type":"PropertyValueSpecification","valueRequired":true,"valueName":"search_term_string"}}],"inLanguage":"fr-FR"},{"@type":"Organization","@id":"https:\/\/emailchef.com\/fr\/#organization","name":"Delivery Tech Corp.","url":"https:\/\/emailchef.com\/fr\/","logo":{"@type":"ImageObject","inLanguage":"fr-FR","@id":"https:\/\/emailchef.com\/fr\/#\/schema\/logo\/image\/","url":"https:\/\/emailchef.com\/wp-content\/uploads\/2022\/04\/logo-sama.png","contentUrl":"https:\/\/emailchef.com\/wp-content\/uploads\/2022\/04\/logo-sama.png","width":237,"height":80,"caption":"Delivery Tech Corp."},"image":{"@id":"https:\/\/emailchef.com\/fr\/#\/schema\/logo\/image\/"}}]}},"_links":{"self":[{"href":"https:\/\/emailchef.com\/fr\/wp-json\/wp\/v2\/pages\/1606"}],"collection":[{"href":"https:\/\/emailchef.com\/fr\/wp-json\/wp\/v2\/pages"}],"about":[{"href":"https:\/\/emailchef.com\/fr\/wp-json\/wp\/v2\/types\/page"}],"author":[{"embeddable":true,"href":"https:\/\/emailchef.com\/fr\/wp-json\/wp\/v2\/users\/3"}],"replies":[{"embeddable":true,"href":"https:\/\/emailchef.com\/fr\/wp-json\/wp\/v2\/comments?post=1606"}],"version-history":[{"count":5,"href":"https:\/\/emailchef.com\/fr\/wp-json\/wp\/v2\/pages\/1606\/revisions"}],"predecessor-version":[{"id":45140,"href":"https:\/\/emailchef.com\/fr\/wp-json\/wp\/v2\/pages\/1606\/revisions\/45140"}],"wp:attachment":[{"href":"https:\/\/emailchef.com\/fr\/wp-json\/wp\/v2\/media?parent=1606"}],"wp:term":[{"taxonomy":"g1_relation_tag","embeddable":true,"href":"https:\/\/emailchef.com\/fr\/wp-json\/wp\/v2\/g1_relation_tag?post=1606"}],"curies":[{"name":"wp","href":"https:\/\/api.w.org\/{rel}","templated":true}]}}