{"id":1600,"date":"2014-10-01T08:42:04","date_gmt":"2014-10-01T08:42:04","guid":{"rendered":"http:\/\/emailchef.com\/?page_id=1600"},"modified":"2021-07-09T09:02:13","modified_gmt":"2021-07-09T09:02:13","slug":"le-direct-email-marketing","status":"publish","type":"page","link":"https:\/\/emailchef.com\/fr\/le-direct-email-marketing\/","title":{"rendered":"Qu&#8217;est-ce que le direct email marketing?"},"content":{"rendered":"<p>Bonne question, r\u00e9ponse simple. Le <b>direct email marketing <\/b>(DEM) est un canal de marketing num\u00e9rique o\u00f9 les publicit\u00e9s et les communications sont envoy\u00e9es aux utilisateurs, prospects et clients par email. Il peut \u00eatre \u00e0 la fois un <b>outil purement commercial <\/b>ou un moyen de fournir des mises \u00e0 jour et nouvelles (via, justement, une <b>newsletter<\/b>).<\/p>\n<p>Dans les derni\u00e8res ann\u00e9es, le direct email marketing a chang\u00e9 beaucoup. En particulier, il a \u00e9t\u00e9 \u00e9tabli que la seule forme effective de pub par courriel est <b>celle bas\u00e9e sur la permission des d\u00e9stinataires<\/b>. C&#8217;est \u00e0 dire, tous vos messages ne doivent \u00eatre envoy\u00e9s qu&#8217;\u00e0 des adresses de personnes qui ont <b>donn\u00e9 leur <\/b><b>consentement <\/b><b>explicite <\/b>pour les recevoir. (La fa\u00e7on la plus commune pour collecter ces adresses est d&#8217;utiliser un <b>formulaire d&#8217;inscription <\/b>sur votre sitein. Emailchef fournit un \u00e9diteur tr\u00e8s pratique pour le dessiner en quelques secondes).<\/p>\n<p>Ce concept est en fait la ligne qui diff\u00e9rencie le direct email marketing du <b>spam<\/b>, comme celui-ci est juste un <b>envoi <\/b><b>de masse de messages non sollicit\u00e9s<\/b>.<\/p>\n<p>Mais avec le temps, le marketing par courriel a \u00e9galement subi d&#8217;autres am\u00e9liorations.<\/p>\n<p>Par exemple, entre les pratiques courantes on trouve la <b>segmentation <\/b><b>des <\/b><b>liste<\/b><b>s<\/b> (pour envoyer une newsletter plus pertinente \u00e0 un sous-groupe appropri\u00e9 de personnes) et le <b>remarketing <\/b>(proposer \u00e0 nouveau une offre \u00e0 qui semblait \u00eatre int\u00e9ress\u00e9, mais n&#8217;en a pas profit\u00e9 au moment donn\u00e9).<\/p>\n<p>Plus en g\u00e9n\u00e9ral, on reconnait l&#8217;importance de <b>l&#8217;id\u00e9e de pertinence <\/b>quand il s&#8217;agit de newsletters et des emails commerciaux: plus un message est fait sur mesure pour r\u00e9pondre aux int\u00e9r\u00eats des clients, le meilleur il est.<\/p>\n<p>Bien s\u00fbr, pour faire du bon direct email marketing il faut aussi choisir un <b>outil professionnel <\/b><b>de cr\u00e9ation et d&#8217;envoi<\/b>: Emailchef vous aidera \u00e0 mettre en place votre strat\u00e9gie et en tirer le mieux, facilement. Essayez-le maintenant!<\/p>\n","protected":false},"excerpt":{"rendered":"<p>Le direct email marketing (DEM) est un canal de marketing num\u00e9rique o\u00f9 les publicit\u00e9s et les communications sont envoy\u00e9es aux utilisateurs, prospects et clients par email. Il peut \u00eatre \u00e0 la fois un outil purement commercial ou un moyen de fournir des mises \u00e0 jour et nouvelles (via, justement, une newsletter).<\/p>\n","protected":false},"author":3,"featured_media":0,"parent":0,"menu_order":267,"comment_status":"closed","ping_status":"closed","template":"","meta":{"_acf_changed":false,"inline_featured_image":false,"footnotes":""},"g1_relation_tag":[43],"class_list":["post-1600","page","type-page","status-publish","hentry","g1_relation_tag-email-marketing-101"],"acf":[],"yoast_head":"<!-- This site is optimized with the Yoast SEO plugin v24.8.1 - https:\/\/yoast.com\/wordpress\/plugins\/seo\/ -->\n<title>Qu&#039;est-ce que le direct email marketing? - Emailchef<\/title>\n<meta name=\"robots\" content=\"index, follow, max-snippet:-1, max-image-preview:large, max-video-preview:-1\" \/>\n<link rel=\"canonical\" href=\"https:\/\/emailchef.com\/fr\/le-direct-email-marketing\/\" \/>\n<meta name=\"twitter:label1\" content=\"Dur\u00e9e de lecture estim\u00e9e\" \/>\n\t<meta name=\"twitter:data1\" content=\"2 minutes\" \/>\n<!-- \/ Yoast SEO plugin. -->","yoast_head_json":{"title":"Qu'est-ce que le direct email marketing? - Emailchef","robots":{"index":"index","follow":"follow","max-snippet":"max-snippet:-1","max-image-preview":"max-image-preview:large","max-video-preview":"max-video-preview:-1"},"canonical":"https:\/\/emailchef.com\/fr\/le-direct-email-marketing\/","twitter_misc":{"Dur\u00e9e de lecture estim\u00e9e":"2 minutes"},"schema":{"@context":"https:\/\/schema.org","@graph":[{"@type":"WebPage","@id":"https:\/\/emailchef.com\/fr\/le-direct-email-marketing\/","url":"https:\/\/emailchef.com\/fr\/le-direct-email-marketing\/","name":"Qu'est-ce que le direct email marketing? - Emailchef","isPartOf":{"@id":"https:\/\/emailchef.com\/fr\/#website"},"datePublished":"2014-10-01T08:42:04+00:00","dateModified":"2021-07-09T09:02:13+00:00","breadcrumb":{"@id":"https:\/\/emailchef.com\/fr\/le-direct-email-marketing\/#breadcrumb"},"inLanguage":"fr-FR","potentialAction":[{"@type":"ReadAction","target":["https:\/\/emailchef.com\/fr\/le-direct-email-marketing\/"]}]},{"@type":"BreadcrumbList","@id":"https:\/\/emailchef.com\/fr\/le-direct-email-marketing\/#breadcrumb","itemListElement":[{"@type":"ListItem","position":1,"name":"Home","item":"https:\/\/emailchef.com\/fr\/mailchef-email-marketing-emailing-et-envoi-newsletter\/"},{"@type":"ListItem","position":2,"name":"Qu&rsquo;est-ce que le direct email marketing?"}]},{"@type":"WebSite","@id":"https:\/\/emailchef.com\/fr\/#website","url":"https:\/\/emailchef.com\/fr\/","name":"Emailchef","description":"Recettes go\u00fbteuses pour vos emails","publisher":{"@id":"https:\/\/emailchef.com\/fr\/#organization"},"potentialAction":[{"@type":"SearchAction","target":{"@type":"EntryPoint","urlTemplate":"https:\/\/emailchef.com\/fr\/?s={search_term_string}"},"query-input":{"@type":"PropertyValueSpecification","valueRequired":true,"valueName":"search_term_string"}}],"inLanguage":"fr-FR"},{"@type":"Organization","@id":"https:\/\/emailchef.com\/fr\/#organization","name":"Delivery Tech Corp.","url":"https:\/\/emailchef.com\/fr\/","logo":{"@type":"ImageObject","inLanguage":"fr-FR","@id":"https:\/\/emailchef.com\/fr\/#\/schema\/logo\/image\/","url":"https:\/\/emailchef.com\/wp-content\/uploads\/2022\/04\/logo-sama.png","contentUrl":"https:\/\/emailchef.com\/wp-content\/uploads\/2022\/04\/logo-sama.png","width":237,"height":80,"caption":"Delivery Tech Corp."},"image":{"@id":"https:\/\/emailchef.com\/fr\/#\/schema\/logo\/image\/"}}]}},"_links":{"self":[{"href":"https:\/\/emailchef.com\/fr\/wp-json\/wp\/v2\/pages\/1600"}],"collection":[{"href":"https:\/\/emailchef.com\/fr\/wp-json\/wp\/v2\/pages"}],"about":[{"href":"https:\/\/emailchef.com\/fr\/wp-json\/wp\/v2\/types\/page"}],"author":[{"embeddable":true,"href":"https:\/\/emailchef.com\/fr\/wp-json\/wp\/v2\/users\/3"}],"replies":[{"embeddable":true,"href":"https:\/\/emailchef.com\/fr\/wp-json\/wp\/v2\/comments?post=1600"}],"version-history":[{"count":3,"href":"https:\/\/emailchef.com\/fr\/wp-json\/wp\/v2\/pages\/1600\/revisions"}],"predecessor-version":[{"id":1604,"href":"https:\/\/emailchef.com\/fr\/wp-json\/wp\/v2\/pages\/1600\/revisions\/1604"}],"wp:attachment":[{"href":"https:\/\/emailchef.com\/fr\/wp-json\/wp\/v2\/media?parent=1600"}],"wp:term":[{"taxonomy":"g1_relation_tag","embeddable":true,"href":"https:\/\/emailchef.com\/fr\/wp-json\/wp\/v2\/g1_relation_tag?post=1600"}],"curies":[{"name":"wp","href":"https:\/\/api.w.org\/{rel}","templated":true}]}}