{"id":1594,"date":"2014-09-11T10:01:59","date_gmt":"2014-09-11T10:01:59","guid":{"rendered":"http:\/\/emailchef.com\/?page_id=1594"},"modified":"2021-07-09T09:02:38","modified_gmt":"2021-07-09T09:02:38","slug":"la-meilleure-solution-demail-marketing","status":"publish","type":"page","link":"https:\/\/emailchef.com\/fr\/la-meilleure-solution-demail-marketing\/","title":{"rendered":"La meilleure solution d&#8217;email marketing"},"content":{"rendered":"<p>Le choix d&#8217;un bon <b>service d&#8217;email marketing <\/b>est essentiel pour cr\u00e9er et g\u00e9rer des <b>campagne<\/b><b>s<\/b><b> de newsletter<\/b>. Et parmi un choix tellement grand de diff\u00e9rents services de marketing par courriel, il faut prendre du temps pour penser aux caract\u00e9ristiques les plus importantes pour sa propre strat\u00e9gie d&#8217;emailing.<\/p>\n<p>Les principaux facteurs \u00e0 prendre en consid\u00e9ration peuvent \u00eatre la <b>dimension de votre liste<\/b>, le <b>nombre de <\/b><b>newsletters <\/b>que vous devez envoyer par jour ou semaine, ou encore la <b>flexibilit\u00e9 <\/b>en termes d&#8217;\u00e9dition du template.<\/p>\n<p>Quoi qu&#8217;il en soit, il y a certaines <b>exigences de base <\/b>que la meilleure solution d&#8217;email marketing devrait toujours remplir:<\/p>\n\n<ul id=\"\" class=\"g1-list g1-list--icon g1-list--simple \">\n<li><i class=\"fa fa-arrow-right g1-list__icon\"><\/i><b>Assurer une livraison d&#8217;email rapide et efficace<\/b>. C&#8217;est clairement un must pour toutes les plates-formes d&#8217;email marketing de qualit\u00e9: apr\u00e8s tout, le but final de votre campagne d&#8217;emailing est de remettre tous les messages \u00e0 vos contacts. En ce sens, vous devriez v\u00e9rifier la fiabilit\u00e9 du serveur SMTP du service que vous prenez en consideration. Emailchef utilise un moteur puissant e professionnel pour assurer la meilleure d\u00e9livrabilit\u00e9.<\/li>\n<li><i class=\"fa fa-arrow-right g1-list__icon\"><\/i><b>Assurer une gestion et segmentation facile de vos listes de contacts<\/b>. Importer une adresse email, ajouter des nouveaux champs personnalis\u00e9s et cr\u00e9er des segments (pour envoyer des offres sur-mesure) doit \u00eatre simple et intuitive, pour \u00e9viter toute complication ou les erreurs relatifs aux bases de donn\u00e9es (le pire \u00e9tant s\u00fbrement l&#8217;envoi d&#8217;une offre \u00e0 la liste tromp\u00e9e\u2026).<\/li>\n<li><i class=\"fa fa-arrow-right g1-list__icon\"><\/i><b>Inclure un \u00e9diteur de newsletter \u00e0 port\u00e9e de main<\/b>. Il est tr\u00e8s important de concevoir un mod\u00e8le d&#8217;email appropri\u00e9 qui soit le reflet de votre identit\u00e9 de marque et qui suit toutes les meilleures pratiques en mati\u00e8re de cr\u00e9ation des newsletters (en premier lieu, le codage HTML). Donc, un bon service d&#8217;email marketing doit fournir des outils flexibles d&#8217;\u00e9dition pour vous faire concevoir le meilleur bulletin \u00e0 vos besoins. Emailchef vous offre un logiciel d\u00e9di\u00e9: Template Creator.<\/li>\n<li><i class=\"fa fa-arrow-right g1-list__icon\"><\/i><b>Fournir des outils statistiques avanc\u00e9s<\/b>. Un bonne solutione d&#8217;email marketing ne doit pas vous laisser seul apr\u00e8s un mailing: autrement dit, elle doit montrer toutes les informations pertinentes li\u00e9es \u00e0 vos envois (taux d&#8217;ouverture, taux de clics, nombre de d\u00e9sabonnements etc.), mieux si avec des graphiques soign\u00e9s. Ce sera extr\u00eamement important de comprendre les qualit\u00e9s et les probl\u00e8mes de votre strat\u00e9gie d&#8217;email marketing, et de l&#8217;am\u00e9liorer en cons\u00e9quence.<\/li>\n<\/ul>\n\n<p>Emailchef fournit tous ces services et bien plus encore, en tant que plate-forme de premier plan dans l&#8217;entreprise de marketing par courriel. Connectez-vous maintenant au tableau de bord d&#8217;Emailchef et <a href=\"http:\/\/emailchef.com\/user-signup\"><strong>essayez-le gratuitement<\/strong><\/a>!<\/p>\n","protected":false},"excerpt":{"rendered":"<p>Le choix d&#8217;un bon service d&#8217;email marketing est essentiel pour cr\u00e9er et g\u00e9rer des campagnes de newsletter. Et parmi un choix tellement grand de diff\u00e9rents services de marketing par courriel, il faut prendre du temps pour penser aux caract\u00e9ristiques les plus importantes pour sa propre strat\u00e9gie d&#8217;emailing.<\/p>\n","protected":false},"author":3,"featured_media":0,"parent":0,"menu_order":246,"comment_status":"closed","ping_status":"closed","template":"","meta":{"_acf_changed":false,"inline_featured_image":false,"footnotes":""},"g1_relation_tag":[43],"class_list":["post-1594","page","type-page","status-publish","hentry","g1_relation_tag-email-marketing-101"],"acf":[],"yoast_head":"<!-- This site is optimized with the Yoast SEO plugin v24.8.1 - https:\/\/yoast.com\/wordpress\/plugins\/seo\/ -->\n<title>La meilleure solution d&#039;email marketing - Emailchef<\/title>\n<meta name=\"description\" content=\"Le choix d&#039;un bon service d&#039;email marketing est essentiel pour cr\u00e9er et g\u00e9rer des campagnes de newsletter.\" \/>\n<meta name=\"robots\" content=\"index, follow, max-snippet:-1, max-image-preview:large, max-video-preview:-1\" \/>\n<link rel=\"canonical\" href=\"https:\/\/emailchef.com\/fr\/la-meilleure-solution-demail-marketing\/\" \/>\n<meta name=\"twitter:label1\" content=\"Dur\u00e9e de lecture estim\u00e9e\" \/>\n\t<meta name=\"twitter:data1\" content=\"2 minutes\" \/>\n<!-- \/ Yoast SEO plugin. -->","yoast_head_json":{"title":"La meilleure solution d'email marketing - Emailchef","description":"Le choix d'un bon service d'email marketing est essentiel pour cr\u00e9er et g\u00e9rer des campagnes de newsletter.","robots":{"index":"index","follow":"follow","max-snippet":"max-snippet:-1","max-image-preview":"max-image-preview:large","max-video-preview":"max-video-preview:-1"},"canonical":"https:\/\/emailchef.com\/fr\/la-meilleure-solution-demail-marketing\/","twitter_misc":{"Dur\u00e9e de lecture estim\u00e9e":"2 minutes"},"schema":{"@context":"https:\/\/schema.org","@graph":[{"@type":"WebPage","@id":"https:\/\/emailchef.com\/fr\/la-meilleure-solution-demail-marketing\/","url":"https:\/\/emailchef.com\/fr\/la-meilleure-solution-demail-marketing\/","name":"La meilleure solution d'email marketing - Emailchef","isPartOf":{"@id":"https:\/\/emailchef.com\/fr\/#website"},"datePublished":"2014-09-11T10:01:59+00:00","dateModified":"2021-07-09T09:02:38+00:00","description":"Le choix d'un bon service d'email marketing est essentiel pour cr\u00e9er et g\u00e9rer des campagnes de newsletter.","breadcrumb":{"@id":"https:\/\/emailchef.com\/fr\/la-meilleure-solution-demail-marketing\/#breadcrumb"},"inLanguage":"fr-FR","potentialAction":[{"@type":"ReadAction","target":["https:\/\/emailchef.com\/fr\/la-meilleure-solution-demail-marketing\/"]}]},{"@type":"BreadcrumbList","@id":"https:\/\/emailchef.com\/fr\/la-meilleure-solution-demail-marketing\/#breadcrumb","itemListElement":[{"@type":"ListItem","position":1,"name":"Home","item":"https:\/\/emailchef.com\/fr\/mailchef-email-marketing-emailing-et-envoi-newsletter\/"},{"@type":"ListItem","position":2,"name":"La meilleure solution d&#8217;email marketing"}]},{"@type":"WebSite","@id":"https:\/\/emailchef.com\/fr\/#website","url":"https:\/\/emailchef.com\/fr\/","name":"Emailchef","description":"Recettes go\u00fbteuses pour vos emails","publisher":{"@id":"https:\/\/emailchef.com\/fr\/#organization"},"potentialAction":[{"@type":"SearchAction","target":{"@type":"EntryPoint","urlTemplate":"https:\/\/emailchef.com\/fr\/?s={search_term_string}"},"query-input":{"@type":"PropertyValueSpecification","valueRequired":true,"valueName":"search_term_string"}}],"inLanguage":"fr-FR"},{"@type":"Organization","@id":"https:\/\/emailchef.com\/fr\/#organization","name":"Delivery Tech Corp.","url":"https:\/\/emailchef.com\/fr\/","logo":{"@type":"ImageObject","inLanguage":"fr-FR","@id":"https:\/\/emailchef.com\/fr\/#\/schema\/logo\/image\/","url":"https:\/\/emailchef.com\/wp-content\/uploads\/2022\/04\/logo-sama.png","contentUrl":"https:\/\/emailchef.com\/wp-content\/uploads\/2022\/04\/logo-sama.png","width":237,"height":80,"caption":"Delivery Tech Corp."},"image":{"@id":"https:\/\/emailchef.com\/fr\/#\/schema\/logo\/image\/"}}]}},"_links":{"self":[{"href":"https:\/\/emailchef.com\/fr\/wp-json\/wp\/v2\/pages\/1594"}],"collection":[{"href":"https:\/\/emailchef.com\/fr\/wp-json\/wp\/v2\/pages"}],"about":[{"href":"https:\/\/emailchef.com\/fr\/wp-json\/wp\/v2\/types\/page"}],"author":[{"embeddable":true,"href":"https:\/\/emailchef.com\/fr\/wp-json\/wp\/v2\/users\/3"}],"replies":[{"embeddable":true,"href":"https:\/\/emailchef.com\/fr\/wp-json\/wp\/v2\/comments?post=1594"}],"version-history":[{"count":8,"href":"https:\/\/emailchef.com\/fr\/wp-json\/wp\/v2\/pages\/1594\/revisions"}],"predecessor-version":[{"id":6267,"href":"https:\/\/emailchef.com\/fr\/wp-json\/wp\/v2\/pages\/1594\/revisions\/6267"}],"wp:attachment":[{"href":"https:\/\/emailchef.com\/fr\/wp-json\/wp\/v2\/media?parent=1594"}],"wp:term":[{"taxonomy":"g1_relation_tag","embeddable":true,"href":"https:\/\/emailchef.com\/fr\/wp-json\/wp\/v2\/g1_relation_tag?post=1594"}],"curies":[{"name":"wp","href":"https:\/\/api.w.org\/{rel}","templated":true}]}}