{"id":1543,"date":"2014-09-22T08:39:23","date_gmt":"2014-09-22T08:39:23","guid":{"rendered":"http:\/\/emailchef.com\/?page_id=1543"},"modified":"2016-02-16T11:43:03","modified_gmt":"2016-02-16T11:43:03","slug":"details-des-donnees","status":"publish","type":"page","link":"https:\/\/emailchef.com\/fr\/base-de-connaissance\/details-des-donnees\/","title":{"rendered":"D\u00e9tails des donn\u00e9es"},"content":{"rendered":"<p><a href=\"http:\/\/emailchef.com\/wp-content\/uploads\/2014\/10\/rapport_1.jpg\" rel=\"attachment wp-att-3919\"><img fetchpriority=\"high\" decoding=\"async\" class=\"alignnone size-full wp-image-3919\" src=\"http:\/\/emailchef.com\/wp-content\/uploads\/2014\/10\/rapport_1.jpg\" alt=\"rapport_1\" width=\"1190\" height=\"738\" \/><\/a><\/p>\n<p>Dans chaque pr\u00e9sentation de rapport, nous allons vous montrer comment va votre campagne selon tous les <b>param\u00e8tres les plus importants<\/b>. Qui sont les suivantes:<\/p>\n<ul>\n<li><b>Envoy\u00e9:<\/b> le nombre de courriels envoy\u00e9s avec succ\u00e8s par les serveurs de Emailchef.<\/li>\n<li><b>Livraison<\/b>: le num\u00e9ro d&#8217;emails qui ont atteint l&#8217;adresse du destinataire.<\/li>\n<li><b>Ouvert<\/b>: combien de personnes ont ouvert votre email lors de la livraison.<\/li>\n<li><b>Cliqu\u00e9<\/b>: combien de fois chaque lien dans l&#8217;email a \u00e9t\u00e9 cliqu\u00e9.<\/li>\n<li><b>Plaintes<\/b>: vous recevez une notification de plainte chaque fois qu&#8217;un de vos abonn\u00e9s marque votre email comme spam.<\/li>\n<li><b>D\u00e9sabonn\u00e9<\/b>: combien de personnes ont demand\u00e9 de ne plus recevoir vos emails.<\/li>\n<li><b>Bounceback<\/b>: le nombre total d&#8217;emails qui ont \u00e9t\u00e9 rejet\u00e9s par erreur et, par cons\u00e9quent, n&#8217;ont pas pu \u00eatre livr\u00e9s au destinataires pr\u00e9vus.<\/li>\n<\/ul>\n<p><a href=\"http:\/\/emailchef.com\/wp-content\/uploads\/2014\/10\/rapport_2.jpg\" rel=\"attachment wp-att-3920\"><img decoding=\"async\" class=\"alignnone size-full wp-image-3920\" src=\"http:\/\/emailchef.com\/wp-content\/uploads\/2014\/10\/rapport_2.jpg\" alt=\"rapport_2\" width=\"1186\" height=\"645\" \/><\/a><\/p>\n","protected":false},"excerpt":{"rendered":"<p>Dans chaque pr\u00e9sentation de rapport, nous allons vous montrer comment va votre campagne selon tous les param\u00e8tres les plus importants. Qui sont les suivantes: Envoy\u00e9: le nombre de courriels envoy\u00e9s avec succ\u00e8s par les serveurs de Emailchef. Livraison: le num\u00e9ro d&#8217;emails qui ont atteint l&#8217;adresse du destinataire. Ouvert: combien de personnes ont ouvert votre email [&hellip;]<\/p>\n","protected":false},"author":3,"featured_media":0,"parent":1193,"menu_order":0,"comment_status":"closed","ping_status":"closed","template":"","meta":{"_acf_changed":false,"inline_featured_image":false,"footnotes":""},"g1_relation_tag":[],"class_list":["post-1543","page","type-page","status-publish","hentry"],"acf":[],"yoast_head":"<!-- This site is optimized with the Yoast SEO plugin v24.8.1 - https:\/\/yoast.com\/wordpress\/plugins\/seo\/ -->\n<title>D\u00e9tails des donn\u00e9es - Emailchef<\/title>\n<meta name=\"robots\" content=\"index, follow, max-snippet:-1, max-image-preview:large, max-video-preview:-1\" \/>\n<link rel=\"canonical\" href=\"https:\/\/emailchef.com\/fr\/base-de-connaissance\/details-des-donnees\/\" \/>\n<meta name=\"twitter:label1\" content=\"Dur\u00e9e de lecture estim\u00e9e\" \/>\n\t<meta name=\"twitter:data1\" content=\"1 minute\" \/>\n<!-- \/ Yoast SEO plugin. -->","yoast_head_json":{"title":"D\u00e9tails des donn\u00e9es - Emailchef","robots":{"index":"index","follow":"follow","max-snippet":"max-snippet:-1","max-image-preview":"max-image-preview:large","max-video-preview":"max-video-preview:-1"},"canonical":"https:\/\/emailchef.com\/fr\/base-de-connaissance\/details-des-donnees\/","twitter_misc":{"Dur\u00e9e de lecture estim\u00e9e":"1 minute"},"schema":{"@context":"https:\/\/schema.org","@graph":[{"@type":"WebPage","@id":"https:\/\/emailchef.com\/fr\/base-de-connaissance\/details-des-donnees\/","url":"https:\/\/emailchef.com\/fr\/base-de-connaissance\/details-des-donnees\/","name":"D\u00e9tails des donn\u00e9es - Emailchef","isPartOf":{"@id":"https:\/\/emailchef.com\/fr\/#website"},"primaryImageOfPage":{"@id":"https:\/\/emailchef.com\/fr\/base-de-connaissance\/details-des-donnees\/#primaryimage"},"image":{"@id":"https:\/\/emailchef.com\/fr\/base-de-connaissance\/details-des-donnees\/#primaryimage"},"thumbnailUrl":"http:\/\/emailchef.com\/wp-content\/uploads\/2014\/10\/rapport_1.jpg","datePublished":"2014-09-22T08:39:23+00:00","dateModified":"2016-02-16T11:43:03+00:00","breadcrumb":{"@id":"https:\/\/emailchef.com\/fr\/base-de-connaissance\/details-des-donnees\/#breadcrumb"},"inLanguage":"fr-FR","potentialAction":[{"@type":"ReadAction","target":["https:\/\/emailchef.com\/fr\/base-de-connaissance\/details-des-donnees\/"]}]},{"@type":"ImageObject","inLanguage":"fr-FR","@id":"https:\/\/emailchef.com\/fr\/base-de-connaissance\/details-des-donnees\/#primaryimage","url":"http:\/\/emailchef.com\/wp-content\/uploads\/2014\/10\/rapport_1.jpg","contentUrl":"http:\/\/emailchef.com\/wp-content\/uploads\/2014\/10\/rapport_1.jpg"},{"@type":"BreadcrumbList","@id":"https:\/\/emailchef.com\/fr\/base-de-connaissance\/details-des-donnees\/#breadcrumb","itemListElement":[{"@type":"ListItem","position":1,"name":"Home","item":"https:\/\/emailchef.com\/fr\/mailchef-email-marketing-emailing-et-envoi-newsletter\/"},{"@type":"ListItem","position":2,"name":"Base de connaissance","item":"https:\/\/emailchef.com\/fr\/base-de-connaissance\/"},{"@type":"ListItem","position":3,"name":"D\u00e9tails des donn\u00e9es"}]},{"@type":"WebSite","@id":"https:\/\/emailchef.com\/fr\/#website","url":"https:\/\/emailchef.com\/fr\/","name":"Emailchef","description":"Recettes go\u00fbteuses pour vos emails","publisher":{"@id":"https:\/\/emailchef.com\/fr\/#organization"},"potentialAction":[{"@type":"SearchAction","target":{"@type":"EntryPoint","urlTemplate":"https:\/\/emailchef.com\/fr\/?s={search_term_string}"},"query-input":{"@type":"PropertyValueSpecification","valueRequired":true,"valueName":"search_term_string"}}],"inLanguage":"fr-FR"},{"@type":"Organization","@id":"https:\/\/emailchef.com\/fr\/#organization","name":"Delivery Tech Corp.","url":"https:\/\/emailchef.com\/fr\/","logo":{"@type":"ImageObject","inLanguage":"fr-FR","@id":"https:\/\/emailchef.com\/fr\/#\/schema\/logo\/image\/","url":"https:\/\/emailchef.com\/wp-content\/uploads\/2022\/04\/logo-sama.png","contentUrl":"https:\/\/emailchef.com\/wp-content\/uploads\/2022\/04\/logo-sama.png","width":237,"height":80,"caption":"Delivery Tech Corp."},"image":{"@id":"https:\/\/emailchef.com\/fr\/#\/schema\/logo\/image\/"}}]}},"_links":{"self":[{"href":"https:\/\/emailchef.com\/fr\/wp-json\/wp\/v2\/pages\/1543"}],"collection":[{"href":"https:\/\/emailchef.com\/fr\/wp-json\/wp\/v2\/pages"}],"about":[{"href":"https:\/\/emailchef.com\/fr\/wp-json\/wp\/v2\/types\/page"}],"author":[{"embeddable":true,"href":"https:\/\/emailchef.com\/fr\/wp-json\/wp\/v2\/users\/3"}],"replies":[{"embeddable":true,"href":"https:\/\/emailchef.com\/fr\/wp-json\/wp\/v2\/comments?post=1543"}],"version-history":[{"count":5,"href":"https:\/\/emailchef.com\/fr\/wp-json\/wp\/v2\/pages\/1543\/revisions"}],"predecessor-version":[{"id":3922,"href":"https:\/\/emailchef.com\/fr\/wp-json\/wp\/v2\/pages\/1543\/revisions\/3922"}],"up":[{"embeddable":true,"href":"https:\/\/emailchef.com\/fr\/wp-json\/wp\/v2\/pages\/1193"}],"wp:attachment":[{"href":"https:\/\/emailchef.com\/fr\/wp-json\/wp\/v2\/media?parent=1543"}],"wp:term":[{"taxonomy":"g1_relation_tag","embeddable":true,"href":"https:\/\/emailchef.com\/fr\/wp-json\/wp\/v2\/g1_relation_tag?post=1543"}],"curies":[{"name":"wp","href":"https:\/\/api.w.org\/{rel}","templated":true}]}}