{"id":1542,"date":"2014-09-22T08:38:49","date_gmt":"2014-09-22T08:38:49","guid":{"rendered":"http:\/\/emailchef.com\/?page_id=1542"},"modified":"2016-02-16T11:07:44","modified_gmt":"2016-02-16T11:07:44","slug":"comment-les-donnees-sont-affichees","status":"publish","type":"page","link":"https:\/\/emailchef.com\/fr\/base-de-connaissance\/comment-les-donnees-sont-affichees\/","title":{"rendered":"Comment les donn\u00e9es sont affich\u00e9es"},"content":{"rendered":"<p>Avec Emailchef il est facile de suivre vos campagnes d&#8217;email avec des <b>outils de reporting <\/b><b>efficaces <\/b>et des <b>rapports en temps <\/b>r\u00e9el, et aussi les t\u00e9l\u00e9charger dans diff\u00e9rents formats.<\/p>\n<p>Pour les afficher, cliquez sur &#8220;Rapports&#8221; dans le menu dessus la page principala (le troisi\u00e8me lien).<\/p>\n<p><a href=\"http:\/\/emailchef.com\/wp-content\/uploads\/2014\/10\/rapport.jpg\" rel=\"attachment wp-att-3888\"><img fetchpriority=\"high\" decoding=\"async\" class=\"alignnone size-full wp-image-3888\" src=\"http:\/\/emailchef.com\/wp-content\/uploads\/2014\/10\/rapport.jpg\" alt=\"rapport\" width=\"1184\" height=\"508\" \/><\/a><\/p>\n<p>Vous verrez une liste de toutes vos campagnes d&#8217;emailing, ainsi que certains param\u00e8tres mis \u00e0 jour en temps r\u00e9el.<\/p>\n<p>Pour afficher les donn\u00e9es de chaque campagne, cliquez sur son nom. Vous aurez alors acc\u00e8s \u00e0 la page Aper\u00e7u de la campagne, o\u00f9 vous pouvez acc\u00e9der \u00e0 des <b>rapports d\u00e9taill\u00e9s <\/b>et des graphiques interactifs.<\/p>\n","protected":false},"excerpt":{"rendered":"<p>Avec Emailchef il est facile de suivre vos campagnes d&#8217;email avec des outils de reporting efficaces et des rapports en temps r\u00e9el, et aussi les t\u00e9l\u00e9charger dans diff\u00e9rents formats. Pour les afficher, cliquez sur &#8220;Rapports&#8221; dans le menu dessus la page principala (le troisi\u00e8me lien). Vous verrez une liste de toutes vos campagnes d&#8217;emailing, ainsi [&hellip;]<\/p>\n","protected":false},"author":3,"featured_media":0,"parent":1193,"menu_order":0,"comment_status":"closed","ping_status":"closed","template":"","meta":{"_acf_changed":false,"inline_featured_image":false,"footnotes":""},"g1_relation_tag":[],"class_list":["post-1542","page","type-page","status-publish","hentry"],"acf":[],"yoast_head":"<!-- This site is optimized with the Yoast SEO plugin v24.8.1 - https:\/\/yoast.com\/wordpress\/plugins\/seo\/ -->\n<title>Comment les donn\u00e9es sont affich\u00e9es - Emailchef<\/title>\n<meta name=\"robots\" content=\"index, follow, max-snippet:-1, max-image-preview:large, max-video-preview:-1\" \/>\n<link rel=\"canonical\" href=\"https:\/\/emailchef.com\/fr\/base-de-connaissance\/comment-les-donnees-sont-affichees\/\" \/>\n<meta name=\"twitter:label1\" content=\"Dur\u00e9e de lecture estim\u00e9e\" \/>\n\t<meta name=\"twitter:data1\" content=\"1 minute\" \/>\n<!-- \/ Yoast SEO plugin. -->","yoast_head_json":{"title":"Comment les donn\u00e9es sont affich\u00e9es - Emailchef","robots":{"index":"index","follow":"follow","max-snippet":"max-snippet:-1","max-image-preview":"max-image-preview:large","max-video-preview":"max-video-preview:-1"},"canonical":"https:\/\/emailchef.com\/fr\/base-de-connaissance\/comment-les-donnees-sont-affichees\/","twitter_misc":{"Dur\u00e9e de lecture estim\u00e9e":"1 minute"},"schema":{"@context":"https:\/\/schema.org","@graph":[{"@type":"WebPage","@id":"https:\/\/emailchef.com\/fr\/base-de-connaissance\/comment-les-donnees-sont-affichees\/","url":"https:\/\/emailchef.com\/fr\/base-de-connaissance\/comment-les-donnees-sont-affichees\/","name":"Comment les donn\u00e9es sont affich\u00e9es - Emailchef","isPartOf":{"@id":"https:\/\/emailchef.com\/fr\/#website"},"primaryImageOfPage":{"@id":"https:\/\/emailchef.com\/fr\/base-de-connaissance\/comment-les-donnees-sont-affichees\/#primaryimage"},"image":{"@id":"https:\/\/emailchef.com\/fr\/base-de-connaissance\/comment-les-donnees-sont-affichees\/#primaryimage"},"thumbnailUrl":"http:\/\/emailchef.com\/wp-content\/uploads\/2014\/10\/rapport.jpg","datePublished":"2014-09-22T08:38:49+00:00","dateModified":"2016-02-16T11:07:44+00:00","breadcrumb":{"@id":"https:\/\/emailchef.com\/fr\/base-de-connaissance\/comment-les-donnees-sont-affichees\/#breadcrumb"},"inLanguage":"fr-FR","potentialAction":[{"@type":"ReadAction","target":["https:\/\/emailchef.com\/fr\/base-de-connaissance\/comment-les-donnees-sont-affichees\/"]}]},{"@type":"ImageObject","inLanguage":"fr-FR","@id":"https:\/\/emailchef.com\/fr\/base-de-connaissance\/comment-les-donnees-sont-affichees\/#primaryimage","url":"http:\/\/emailchef.com\/wp-content\/uploads\/2014\/10\/rapport.jpg","contentUrl":"http:\/\/emailchef.com\/wp-content\/uploads\/2014\/10\/rapport.jpg"},{"@type":"BreadcrumbList","@id":"https:\/\/emailchef.com\/fr\/base-de-connaissance\/comment-les-donnees-sont-affichees\/#breadcrumb","itemListElement":[{"@type":"ListItem","position":1,"name":"Home","item":"https:\/\/emailchef.com\/fr\/mailchef-email-marketing-emailing-et-envoi-newsletter\/"},{"@type":"ListItem","position":2,"name":"Base de connaissance","item":"https:\/\/emailchef.com\/fr\/base-de-connaissance\/"},{"@type":"ListItem","position":3,"name":"Comment les donn\u00e9es sont affich\u00e9es"}]},{"@type":"WebSite","@id":"https:\/\/emailchef.com\/fr\/#website","url":"https:\/\/emailchef.com\/fr\/","name":"Emailchef","description":"Recettes go\u00fbteuses pour vos emails","publisher":{"@id":"https:\/\/emailchef.com\/fr\/#organization"},"potentialAction":[{"@type":"SearchAction","target":{"@type":"EntryPoint","urlTemplate":"https:\/\/emailchef.com\/fr\/?s={search_term_string}"},"query-input":{"@type":"PropertyValueSpecification","valueRequired":true,"valueName":"search_term_string"}}],"inLanguage":"fr-FR"},{"@type":"Organization","@id":"https:\/\/emailchef.com\/fr\/#organization","name":"Delivery Tech Corp.","url":"https:\/\/emailchef.com\/fr\/","logo":{"@type":"ImageObject","inLanguage":"fr-FR","@id":"https:\/\/emailchef.com\/fr\/#\/schema\/logo\/image\/","url":"https:\/\/emailchef.com\/wp-content\/uploads\/2022\/04\/logo-sama.png","contentUrl":"https:\/\/emailchef.com\/wp-content\/uploads\/2022\/04\/logo-sama.png","width":237,"height":80,"caption":"Delivery Tech Corp."},"image":{"@id":"https:\/\/emailchef.com\/fr\/#\/schema\/logo\/image\/"}}]}},"_links":{"self":[{"href":"https:\/\/emailchef.com\/fr\/wp-json\/wp\/v2\/pages\/1542"}],"collection":[{"href":"https:\/\/emailchef.com\/fr\/wp-json\/wp\/v2\/pages"}],"about":[{"href":"https:\/\/emailchef.com\/fr\/wp-json\/wp\/v2\/types\/page"}],"author":[{"embeddable":true,"href":"https:\/\/emailchef.com\/fr\/wp-json\/wp\/v2\/users\/3"}],"replies":[{"embeddable":true,"href":"https:\/\/emailchef.com\/fr\/wp-json\/wp\/v2\/comments?post=1542"}],"version-history":[{"count":4,"href":"https:\/\/emailchef.com\/fr\/wp-json\/wp\/v2\/pages\/1542\/revisions"}],"predecessor-version":[{"id":3889,"href":"https:\/\/emailchef.com\/fr\/wp-json\/wp\/v2\/pages\/1542\/revisions\/3889"}],"up":[{"embeddable":true,"href":"https:\/\/emailchef.com\/fr\/wp-json\/wp\/v2\/pages\/1193"}],"wp:attachment":[{"href":"https:\/\/emailchef.com\/fr\/wp-json\/wp\/v2\/media?parent=1542"}],"wp:term":[{"taxonomy":"g1_relation_tag","embeddable":true,"href":"https:\/\/emailchef.com\/fr\/wp-json\/wp\/v2\/g1_relation_tag?post=1542"}],"curies":[{"name":"wp","href":"https:\/\/api.w.org\/{rel}","templated":true}]}}