{"id":1540,"date":"2014-09-22T08:37:44","date_gmt":"2014-09-22T08:37:44","guid":{"rendered":"http:\/\/emailchef.com\/?page_id=1540"},"modified":"2016-02-16T10:20:44","modified_gmt":"2016-02-16T10:20:44","slug":"finaliser-et-activer-le-repondeur-automatique","status":"publish","type":"page","link":"https:\/\/emailchef.com\/fr\/base-de-connaissance\/finaliser-et-activer-le-repondeur-automatique\/","title":{"rendered":"Finaliser et activer le r\u00e9pondeur automatique"},"content":{"rendered":"<p>Toujours sur la m\u00eame page, vous pouvez choisir la <b>liste <\/b>\u00e0 laquelle vous souhaitez envoyer la campagne de r\u00e9pondeur automatique. Rappelez-vous que l&#8217;email sera envoy\u00e9 <b>seulement <\/b><b>aux adresses de la liste qui correspondent aux conditions sp\u00e9cifi\u00e9es<\/b>.<\/p>\n<p>Apr\u00e8s avoir s\u00e9lectionn\u00e9 la liste, ins\u00e9rez la ligne d&#8217;objet de votre campagne de r\u00e9pondeur automatique et l&#8217;adresse de l&#8217;exp\u00e9diteur, puis tapez la ligne d&#8217;objet. Vous pouvez revenir aux \u00e9tapes pr\u00e9c\u00e9dentes pour modifier les param\u00e8tres ou modifier votre contenu ou enregistrer un projet pour continuer mis en place plus tard. Si tout semble bon, il suffit de cliquer sur <b>Activer<\/b>.<\/p>\n<p>Votre r\u00e9pondeur automatique sera instantan\u00e9ment activ\u00e9.<\/p>\n<p><a href=\"http:\/\/emailchef.com\/wp-content\/uploads\/2014\/10\/autoresponder.jpg\" rel=\"attachment wp-att-3862\"><img fetchpriority=\"high\" decoding=\"async\" class=\"alignnone size-full wp-image-3862\" src=\"http:\/\/emailchef.com\/wp-content\/uploads\/2014\/10\/autoresponder.jpg\" alt=\"autoresponder\" width=\"1187\" height=\"450\" \/><\/a><\/p>\n<p>Vous pouvez <b>contr\u00f4ler son \u00e9tat <\/b>sur la page g\u00e9n\u00e9rale des r\u00e9pondeurs, o\u00f9 vous trouvez une liste de toutes vos campagnes de r\u00e9pondeur automatique.<\/p>\n<p>Notez que vous pouvez activer et d\u00e9sactiver votre campagne de r\u00e9pondeur automatique chaque fois que vous le souhaitez.<\/p>\n<p>Pour activer le r\u00e9pondeur automatique, allez \u00e0 la page relative, cliquez sur l&#8217;ic\u00f4ne &#8220;OFF&#8221; dans la liste. Cliquez sur Oui dans la fen\u00eatre modale jusqu&#8217;\u00e0 ce que l&#8217;ic\u00f4ne change \u00e0 &#8220;ON&#8221;.<\/p>\n<p>Pour d\u00e9sactiver votre r\u00e9pondeur, il suffit de cliquer sur &#8220;ON&#8221; ic\u00f4ne et choisir Oui sur la fen\u00eatre modale. L&#8217;ic\u00f4ne changera \u00e0 &#8220;OFF&#8221;.<\/p>\n<p>Si vous <b>souhaitez utiliser le m\u00eame r\u00e9pondeur pour une autre campagne<\/b>, vous pouvez ignorer le processus et de gagner du temps. Il suffit de <b>cliquer sur l&#8217;ic\u00f4ne &#8220;Clone<\/b><b>r<\/b><b>&#8220;<\/b> et votre r\u00e9pondeur sera dupliqu\u00e9 automatiquement. \u00c0 ce stade, il suffit de cliquer sur le nom de r\u00e9pondeur automatique et de faire tous les changements n\u00e9cessaires.<\/p>\n<p><a href=\"http:\/\/emailchef.com\/wp-content\/uploads\/2014\/10\/autoresponder_2.jpg\" rel=\"attachment wp-att-3864\"><img decoding=\"async\" class=\"alignnone size-full wp-image-3864\" src=\"http:\/\/emailchef.com\/wp-content\/uploads\/2014\/10\/autoresponder_2.jpg\" alt=\"autoresponder_2\" width=\"885\" height=\"239\" \/><\/a><\/p>\n<p>Si vous devez <b>supprimer<\/b> un r\u00e9pondeur automatique de la liste, cliquez simplement sur le symbole &#8220;X&#8221; (premi\u00e8re ic\u00f4ne \u00e0 droite) \u00e0 c\u00f4t\u00e9 de celui que vous souhaitez effacer.<\/p>\n","protected":false},"excerpt":{"rendered":"<p>Toujours sur la m\u00eame page, vous pouvez choisir la liste \u00e0 laquelle vous souhaitez envoyer la campagne de r\u00e9pondeur automatique. Rappelez-vous que l&#8217;email sera envoy\u00e9 seulement aux adresses de la liste qui correspondent aux conditions sp\u00e9cifi\u00e9es. Apr\u00e8s avoir s\u00e9lectionn\u00e9 la liste, ins\u00e9rez la ligne d&#8217;objet de votre campagne de r\u00e9pondeur automatique et l&#8217;adresse de l&#8217;exp\u00e9diteur, [&hellip;]<\/p>\n","protected":false},"author":3,"featured_media":0,"parent":1193,"menu_order":0,"comment_status":"closed","ping_status":"closed","template":"","meta":{"_acf_changed":false,"inline_featured_image":false,"footnotes":""},"g1_relation_tag":[],"class_list":["post-1540","page","type-page","status-publish","hentry"],"acf":[],"yoast_head":"<!-- This site is optimized with the Yoast SEO plugin v24.8.1 - https:\/\/yoast.com\/wordpress\/plugins\/seo\/ -->\n<title>Finaliser et activer le r\u00e9pondeur automatique - Emailchef<\/title>\n<meta name=\"robots\" content=\"index, follow, max-snippet:-1, max-image-preview:large, max-video-preview:-1\" \/>\n<link rel=\"canonical\" href=\"https:\/\/emailchef.com\/fr\/base-de-connaissance\/finaliser-et-activer-le-repondeur-automatique\/\" \/>\n<meta name=\"twitter:label1\" content=\"Dur\u00e9e de lecture estim\u00e9e\" \/>\n\t<meta name=\"twitter:data1\" content=\"2 minutes\" \/>\n<!-- \/ Yoast SEO plugin. -->","yoast_head_json":{"title":"Finaliser et activer le r\u00e9pondeur automatique - Emailchef","robots":{"index":"index","follow":"follow","max-snippet":"max-snippet:-1","max-image-preview":"max-image-preview:large","max-video-preview":"max-video-preview:-1"},"canonical":"https:\/\/emailchef.com\/fr\/base-de-connaissance\/finaliser-et-activer-le-repondeur-automatique\/","twitter_misc":{"Dur\u00e9e de lecture estim\u00e9e":"2 minutes"},"schema":{"@context":"https:\/\/schema.org","@graph":[{"@type":"WebPage","@id":"https:\/\/emailchef.com\/fr\/base-de-connaissance\/finaliser-et-activer-le-repondeur-automatique\/","url":"https:\/\/emailchef.com\/fr\/base-de-connaissance\/finaliser-et-activer-le-repondeur-automatique\/","name":"Finaliser et activer le r\u00e9pondeur automatique - Emailchef","isPartOf":{"@id":"https:\/\/emailchef.com\/fr\/#website"},"primaryImageOfPage":{"@id":"https:\/\/emailchef.com\/fr\/base-de-connaissance\/finaliser-et-activer-le-repondeur-automatique\/#primaryimage"},"image":{"@id":"https:\/\/emailchef.com\/fr\/base-de-connaissance\/finaliser-et-activer-le-repondeur-automatique\/#primaryimage"},"thumbnailUrl":"http:\/\/emailchef.com\/wp-content\/uploads\/2014\/10\/autoresponder.jpg","datePublished":"2014-09-22T08:37:44+00:00","dateModified":"2016-02-16T10:20:44+00:00","breadcrumb":{"@id":"https:\/\/emailchef.com\/fr\/base-de-connaissance\/finaliser-et-activer-le-repondeur-automatique\/#breadcrumb"},"inLanguage":"fr-FR","potentialAction":[{"@type":"ReadAction","target":["https:\/\/emailchef.com\/fr\/base-de-connaissance\/finaliser-et-activer-le-repondeur-automatique\/"]}]},{"@type":"ImageObject","inLanguage":"fr-FR","@id":"https:\/\/emailchef.com\/fr\/base-de-connaissance\/finaliser-et-activer-le-repondeur-automatique\/#primaryimage","url":"http:\/\/emailchef.com\/wp-content\/uploads\/2014\/10\/autoresponder.jpg","contentUrl":"http:\/\/emailchef.com\/wp-content\/uploads\/2014\/10\/autoresponder.jpg"},{"@type":"BreadcrumbList","@id":"https:\/\/emailchef.com\/fr\/base-de-connaissance\/finaliser-et-activer-le-repondeur-automatique\/#breadcrumb","itemListElement":[{"@type":"ListItem","position":1,"name":"Home","item":"https:\/\/emailchef.com\/fr\/mailchef-email-marketing-emailing-et-envoi-newsletter\/"},{"@type":"ListItem","position":2,"name":"Base de connaissance","item":"https:\/\/emailchef.com\/fr\/base-de-connaissance\/"},{"@type":"ListItem","position":3,"name":"Finaliser et activer le r\u00e9pondeur automatique"}]},{"@type":"WebSite","@id":"https:\/\/emailchef.com\/fr\/#website","url":"https:\/\/emailchef.com\/fr\/","name":"Emailchef","description":"Recettes go\u00fbteuses pour vos emails","publisher":{"@id":"https:\/\/emailchef.com\/fr\/#organization"},"potentialAction":[{"@type":"SearchAction","target":{"@type":"EntryPoint","urlTemplate":"https:\/\/emailchef.com\/fr\/?s={search_term_string}"},"query-input":{"@type":"PropertyValueSpecification","valueRequired":true,"valueName":"search_term_string"}}],"inLanguage":"fr-FR"},{"@type":"Organization","@id":"https:\/\/emailchef.com\/fr\/#organization","name":"Delivery Tech Corp.","url":"https:\/\/emailchef.com\/fr\/","logo":{"@type":"ImageObject","inLanguage":"fr-FR","@id":"https:\/\/emailchef.com\/fr\/#\/schema\/logo\/image\/","url":"https:\/\/emailchef.com\/wp-content\/uploads\/2022\/04\/logo-sama.png","contentUrl":"https:\/\/emailchef.com\/wp-content\/uploads\/2022\/04\/logo-sama.png","width":237,"height":80,"caption":"Delivery Tech Corp."},"image":{"@id":"https:\/\/emailchef.com\/fr\/#\/schema\/logo\/image\/"}}]}},"_links":{"self":[{"href":"https:\/\/emailchef.com\/fr\/wp-json\/wp\/v2\/pages\/1540"}],"collection":[{"href":"https:\/\/emailchef.com\/fr\/wp-json\/wp\/v2\/pages"}],"about":[{"href":"https:\/\/emailchef.com\/fr\/wp-json\/wp\/v2\/types\/page"}],"author":[{"embeddable":true,"href":"https:\/\/emailchef.com\/fr\/wp-json\/wp\/v2\/users\/3"}],"replies":[{"embeddable":true,"href":"https:\/\/emailchef.com\/fr\/wp-json\/wp\/v2\/comments?post=1540"}],"version-history":[{"count":4,"href":"https:\/\/emailchef.com\/fr\/wp-json\/wp\/v2\/pages\/1540\/revisions"}],"predecessor-version":[{"id":3865,"href":"https:\/\/emailchef.com\/fr\/wp-json\/wp\/v2\/pages\/1540\/revisions\/3865"}],"up":[{"embeddable":true,"href":"https:\/\/emailchef.com\/fr\/wp-json\/wp\/v2\/pages\/1193"}],"wp:attachment":[{"href":"https:\/\/emailchef.com\/fr\/wp-json\/wp\/v2\/media?parent=1540"}],"wp:term":[{"taxonomy":"g1_relation_tag","embeddable":true,"href":"https:\/\/emailchef.com\/fr\/wp-json\/wp\/v2\/g1_relation_tag?post=1540"}],"curies":[{"name":"wp","href":"https:\/\/api.w.org\/{rel}","templated":true}]}}