{"id":1539,"date":"2014-09-22T08:37:23","date_gmt":"2014-09-22T08:37:23","guid":{"rendered":"http:\/\/emailchef.com\/?page_id=1539"},"modified":"2016-02-16T11:55:45","modified_gmt":"2016-02-16T11:55:45","slug":"selectionner-levenement-declencheur","status":"publish","type":"page","link":"https:\/\/emailchef.com\/fr\/base-de-connaissance\/selectionner-levenement-declencheur\/","title":{"rendered":"S\u00e9lectionner l&#8217;\u00e9v\u00e9nement d\u00e9clencheur"},"content":{"rendered":"<p>Vous serez redirig\u00e9s vers une page o\u00f9 vous pouvez donner votre r\u00e9pondeur un nom et s\u00e9lectionner <b>le type d&#8217;\u00e9v\u00e9nement qui <\/b><b>le <\/b><b>va d\u00e9clencher.<\/b><\/p>\n<p><a href=\"http:\/\/emailchef.com\/wp-content\/uploads\/2014\/10\/auto_lis.jpg\" rel=\"attachment wp-att-3927\"><img fetchpriority=\"high\" decoding=\"async\" class=\"alignnone size-full wp-image-3927\" src=\"http:\/\/emailchef.com\/wp-content\/uploads\/2014\/10\/auto_lis.jpg\" alt=\"auto_lis\" width=\"787\" height=\"445\" \/><\/a><\/p>\n<p>En particulier. vous pouvez choisir parmi 6 \u00e9v\u00e9nements diff\u00e9rents:<\/p>\n<ul>\n<li><b>Date anniversaire<\/b>: utilisez cette option pour envoyer des emails sur, avant ou apr\u00e8s une date anniversaire sp\u00e9cifique. Il s&#8217;agit par example d&#8217;un excellent moyen pour cr\u00e9er un message &#8220;Joyeux anniversaire&#8221; efficace \u00e0 vos abonn\u00e9s.<\/li>\n<li><b>Lien cliqu\u00e9 dans une campagne<\/b>: utilisez cette option pour envoyer des emails \u00e0 un abonn\u00e9 qui a cliqu\u00e9 sur un lien dans une campagne d&#8217;emailing.<\/li>\n<li><b>D<\/b><b>ernier clic <\/b><b>sur la campagne<\/b>: utilisez cette option pour envoyer un -mail \u00e0 partir du dernier clic d&#8217;un abonn\u00e9.<\/li>\n<li><b>Campagne ouverte<\/b>: utilisez cette option pour envoyer un email lorsque l&#8217;abonn\u00e9 ouvre une campagne d&#8217;emailing.<\/li>\n<li><b>Sp\u00e9cifique lien cliqu\u00e9 dans une campagne<\/b>: utilisez cette option pour envoyer des emails \u00e0 un abonn\u00e9 qui a cliqu\u00e9 sur un sp\u00e9cifique au sein d&#8217;une campagne. Si vous choisissez cette option, vous devez sp\u00e9cifier le nom de la campagne et le lien qui va d\u00e9clencher le r\u00e9pondeur automatique.<\/li>\n<li><b>Abonnement<\/b>: c&#8217;est l&#8217;option la plus populaire, utilis\u00e9e pour envoyer des emails aux nouveaux utilisateurs qui viennent de s&#8217;abonner \u00e0 une liste sp\u00e9cifique.<\/li>\n<\/ul>\n","protected":false},"excerpt":{"rendered":"<p>Vous serez redirig\u00e9s vers une page o\u00f9 vous pouvez donner votre r\u00e9pondeur un nom et s\u00e9lectionner le type d&#8217;\u00e9v\u00e9nement qui le va d\u00e9clencher. En particulier. vous pouvez choisir parmi 6 \u00e9v\u00e9nements diff\u00e9rents: Date anniversaire: utilisez cette option pour envoyer des emails sur, avant ou apr\u00e8s une date anniversaire sp\u00e9cifique. Il s&#8217;agit par example d&#8217;un excellent [&hellip;]<\/p>\n","protected":false},"author":3,"featured_media":0,"parent":1193,"menu_order":0,"comment_status":"closed","ping_status":"closed","template":"","meta":{"_acf_changed":false,"inline_featured_image":false,"footnotes":""},"g1_relation_tag":[],"class_list":["post-1539","page","type-page","status-publish","hentry"],"acf":[],"yoast_head":"<!-- This site is optimized with the Yoast SEO plugin v24.8.1 - https:\/\/yoast.com\/wordpress\/plugins\/seo\/ -->\n<title>S\u00e9lectionner l&#039;\u00e9v\u00e9nement d\u00e9clencheur - Emailchef<\/title>\n<meta name=\"robots\" content=\"index, follow, max-snippet:-1, max-image-preview:large, max-video-preview:-1\" \/>\n<link rel=\"canonical\" href=\"https:\/\/emailchef.com\/fr\/base-de-connaissance\/selectionner-levenement-declencheur\/\" \/>\n<meta name=\"twitter:label1\" content=\"Dur\u00e9e de lecture estim\u00e9e\" \/>\n\t<meta name=\"twitter:data1\" content=\"1 minute\" \/>\n<!-- \/ Yoast SEO plugin. -->","yoast_head_json":{"title":"S\u00e9lectionner l'\u00e9v\u00e9nement d\u00e9clencheur - Emailchef","robots":{"index":"index","follow":"follow","max-snippet":"max-snippet:-1","max-image-preview":"max-image-preview:large","max-video-preview":"max-video-preview:-1"},"canonical":"https:\/\/emailchef.com\/fr\/base-de-connaissance\/selectionner-levenement-declencheur\/","twitter_misc":{"Dur\u00e9e de lecture estim\u00e9e":"1 minute"},"schema":{"@context":"https:\/\/schema.org","@graph":[{"@type":"WebPage","@id":"https:\/\/emailchef.com\/fr\/base-de-connaissance\/selectionner-levenement-declencheur\/","url":"https:\/\/emailchef.com\/fr\/base-de-connaissance\/selectionner-levenement-declencheur\/","name":"S\u00e9lectionner l'\u00e9v\u00e9nement d\u00e9clencheur - Emailchef","isPartOf":{"@id":"https:\/\/emailchef.com\/fr\/#website"},"primaryImageOfPage":{"@id":"https:\/\/emailchef.com\/fr\/base-de-connaissance\/selectionner-levenement-declencheur\/#primaryimage"},"image":{"@id":"https:\/\/emailchef.com\/fr\/base-de-connaissance\/selectionner-levenement-declencheur\/#primaryimage"},"thumbnailUrl":"http:\/\/emailchef.com\/wp-content\/uploads\/2014\/10\/auto_lis.jpg","datePublished":"2014-09-22T08:37:23+00:00","dateModified":"2016-02-16T11:55:45+00:00","breadcrumb":{"@id":"https:\/\/emailchef.com\/fr\/base-de-connaissance\/selectionner-levenement-declencheur\/#breadcrumb"},"inLanguage":"fr-FR","potentialAction":[{"@type":"ReadAction","target":["https:\/\/emailchef.com\/fr\/base-de-connaissance\/selectionner-levenement-declencheur\/"]}]},{"@type":"ImageObject","inLanguage":"fr-FR","@id":"https:\/\/emailchef.com\/fr\/base-de-connaissance\/selectionner-levenement-declencheur\/#primaryimage","url":"http:\/\/emailchef.com\/wp-content\/uploads\/2014\/10\/auto_lis.jpg","contentUrl":"http:\/\/emailchef.com\/wp-content\/uploads\/2014\/10\/auto_lis.jpg"},{"@type":"BreadcrumbList","@id":"https:\/\/emailchef.com\/fr\/base-de-connaissance\/selectionner-levenement-declencheur\/#breadcrumb","itemListElement":[{"@type":"ListItem","position":1,"name":"Home","item":"https:\/\/emailchef.com\/fr\/mailchef-email-marketing-emailing-et-envoi-newsletter\/"},{"@type":"ListItem","position":2,"name":"Base de connaissance","item":"https:\/\/emailchef.com\/fr\/base-de-connaissance\/"},{"@type":"ListItem","position":3,"name":"S\u00e9lectionner l&rsquo;\u00e9v\u00e9nement d\u00e9clencheur"}]},{"@type":"WebSite","@id":"https:\/\/emailchef.com\/fr\/#website","url":"https:\/\/emailchef.com\/fr\/","name":"Emailchef","description":"Recettes go\u00fbteuses pour vos emails","publisher":{"@id":"https:\/\/emailchef.com\/fr\/#organization"},"potentialAction":[{"@type":"SearchAction","target":{"@type":"EntryPoint","urlTemplate":"https:\/\/emailchef.com\/fr\/?s={search_term_string}"},"query-input":{"@type":"PropertyValueSpecification","valueRequired":true,"valueName":"search_term_string"}}],"inLanguage":"fr-FR"},{"@type":"Organization","@id":"https:\/\/emailchef.com\/fr\/#organization","name":"Delivery Tech Corp.","url":"https:\/\/emailchef.com\/fr\/","logo":{"@type":"ImageObject","inLanguage":"fr-FR","@id":"https:\/\/emailchef.com\/fr\/#\/schema\/logo\/image\/","url":"https:\/\/emailchef.com\/wp-content\/uploads\/2022\/04\/logo-sama.png","contentUrl":"https:\/\/emailchef.com\/wp-content\/uploads\/2022\/04\/logo-sama.png","width":237,"height":80,"caption":"Delivery Tech Corp."},"image":{"@id":"https:\/\/emailchef.com\/fr\/#\/schema\/logo\/image\/"}}]}},"_links":{"self":[{"href":"https:\/\/emailchef.com\/fr\/wp-json\/wp\/v2\/pages\/1539"}],"collection":[{"href":"https:\/\/emailchef.com\/fr\/wp-json\/wp\/v2\/pages"}],"about":[{"href":"https:\/\/emailchef.com\/fr\/wp-json\/wp\/v2\/types\/page"}],"author":[{"embeddable":true,"href":"https:\/\/emailchef.com\/fr\/wp-json\/wp\/v2\/users\/3"}],"replies":[{"embeddable":true,"href":"https:\/\/emailchef.com\/fr\/wp-json\/wp\/v2\/comments?post=1539"}],"version-history":[{"count":3,"href":"https:\/\/emailchef.com\/fr\/wp-json\/wp\/v2\/pages\/1539\/revisions"}],"predecessor-version":[{"id":3928,"href":"https:\/\/emailchef.com\/fr\/wp-json\/wp\/v2\/pages\/1539\/revisions\/3928"}],"up":[{"embeddable":true,"href":"https:\/\/emailchef.com\/fr\/wp-json\/wp\/v2\/pages\/1193"}],"wp:attachment":[{"href":"https:\/\/emailchef.com\/fr\/wp-json\/wp\/v2\/media?parent=1539"}],"wp:term":[{"taxonomy":"g1_relation_tag","embeddable":true,"href":"https:\/\/emailchef.com\/fr\/wp-json\/wp\/v2\/g1_relation_tag?post=1539"}],"curies":[{"name":"wp","href":"https:\/\/api.w.org\/{rel}","templated":true}]}}