{"id":1537,"date":"2014-09-22T08:37:02","date_gmt":"2014-09-22T08:37:02","guid":{"rendered":"http:\/\/emailchef.com\/?page_id=1537"},"modified":"2016-02-16T11:31:10","modified_gmt":"2016-02-16T11:31:10","slug":"comment-creer-un-repondeur-automatique","status":"publish","type":"page","link":"https:\/\/emailchef.com\/fr\/base-de-connaissance\/comment-creer-un-repondeur-automatique\/","title":{"rendered":"Comment cr\u00e9er un r\u00e9pondeur automatique"},"content":{"rendered":"<p>Suivez ces \u00e9tapes pour c<b>r\u00e9er une nouvelle campagne de r\u00e9pondeur<\/b> avec Emailchef:<\/p>\n<p>1. Cliquez sur l&#8217;onglet &#8220;Autor\u00e9pondeurs&#8221; dans le menu ci-dessus, puis cliquez sur &#8220;Cr\u00e9er un autoresponder&#8221; dans la page des r\u00e9pondeurs automatiques.<\/p>\n<p><a href=\"http:\/\/emailchef.com\/wp-content\/uploads\/2014\/10\/auto_1.jpg\" rel=\"attachment wp-att-3899\"><img fetchpriority=\"high\" decoding=\"async\" class=\"alignnone size-full wp-image-3899\" src=\"http:\/\/emailchef.com\/wp-content\/uploads\/2014\/10\/auto_1.jpg\" alt=\"auto_1\" width=\"897\" height=\"338\" \/><\/a><\/p>\n<p>2. Vous verrez que la cr\u00e9ation d&#8217;une campagne de r\u00e9pondeur automatique est tr\u00e8s similaire \u00e0 la cr\u00e9ation d&#8217;une campagne &#8220;r\u00e9guli\u00e8re&#8221;.<\/p>\n<p><a href=\"http:\/\/emailchef.com\/wp-content\/uploads\/2014\/10\/auto_2.jpg\" rel=\"attachment wp-att-3901\"><img decoding=\"async\" class=\"alignnone size-full wp-image-3901\" src=\"http:\/\/emailchef.com\/wp-content\/uploads\/2014\/10\/auto_2.jpg\" alt=\"auto_2\" width=\"1179\" height=\"547\" \/><\/a><\/p>\n<p>3. S\u00e9lectionnez votre mise en page entre des diff\u00e9rentes options comme un mod\u00e8le pr\u00e9-faites ou le t\u00e9l\u00e9chargement d&#8217;un nouveau mod\u00e8le, puis cliquez sur &#8220;Personnaliser le r\u00e9pondeur automatique&#8221;.<\/p>\n<p><a href=\"http:\/\/emailchef.com\/wp-content\/uploads\/2014\/10\/auto_3.jpg\" rel=\"attachment wp-att-3902\"><img decoding=\"async\" class=\"alignnone size-full wp-image-3902\" src=\"http:\/\/emailchef.com\/wp-content\/uploads\/2014\/10\/auto_3.jpg\" alt=\"auto_3\" width=\"1181\" height=\"719\" \/><\/a><\/p>\n","protected":false},"excerpt":{"rendered":"<p>Suivez ces \u00e9tapes pour cr\u00e9er une nouvelle campagne de r\u00e9pondeur avec Emailchef: 1. Cliquez sur l&#8217;onglet &#8220;Autor\u00e9pondeurs&#8221; dans le menu ci-dessus, puis cliquez sur &#8220;Cr\u00e9er un autoresponder&#8221; dans la page des r\u00e9pondeurs automatiques. 2. Vous verrez que la cr\u00e9ation d&#8217;une campagne de r\u00e9pondeur automatique est tr\u00e8s similaire \u00e0 la cr\u00e9ation d&#8217;une campagne &#8220;r\u00e9guli\u00e8re&#8221;. 3. S\u00e9lectionnez [&hellip;]<\/p>\n","protected":false},"author":3,"featured_media":0,"parent":1193,"menu_order":0,"comment_status":"closed","ping_status":"closed","template":"","meta":{"_acf_changed":false,"inline_featured_image":false,"footnotes":""},"g1_relation_tag":[],"class_list":["post-1537","page","type-page","status-publish","hentry"],"acf":[],"yoast_head":"<!-- This site is optimized with the Yoast SEO plugin v24.8.1 - https:\/\/yoast.com\/wordpress\/plugins\/seo\/ -->\n<title>Comment cr\u00e9er un r\u00e9pondeur automatique - Emailchef<\/title>\n<meta name=\"robots\" content=\"index, follow, max-snippet:-1, max-image-preview:large, max-video-preview:-1\" \/>\n<link rel=\"canonical\" href=\"https:\/\/emailchef.com\/fr\/base-de-connaissance\/comment-creer-un-repondeur-automatique\/\" \/>\n<!-- \/ Yoast SEO plugin. -->","yoast_head_json":{"title":"Comment cr\u00e9er un r\u00e9pondeur automatique - Emailchef","robots":{"index":"index","follow":"follow","max-snippet":"max-snippet:-1","max-image-preview":"max-image-preview:large","max-video-preview":"max-video-preview:-1"},"canonical":"https:\/\/emailchef.com\/fr\/base-de-connaissance\/comment-creer-un-repondeur-automatique\/","schema":{"@context":"https:\/\/schema.org","@graph":[{"@type":"WebPage","@id":"https:\/\/emailchef.com\/fr\/base-de-connaissance\/comment-creer-un-repondeur-automatique\/","url":"https:\/\/emailchef.com\/fr\/base-de-connaissance\/comment-creer-un-repondeur-automatique\/","name":"Comment cr\u00e9er un r\u00e9pondeur automatique - Emailchef","isPartOf":{"@id":"https:\/\/emailchef.com\/fr\/#website"},"primaryImageOfPage":{"@id":"https:\/\/emailchef.com\/fr\/base-de-connaissance\/comment-creer-un-repondeur-automatique\/#primaryimage"},"image":{"@id":"https:\/\/emailchef.com\/fr\/base-de-connaissance\/comment-creer-un-repondeur-automatique\/#primaryimage"},"thumbnailUrl":"http:\/\/emailchef.com\/wp-content\/uploads\/2014\/10\/auto_1.jpg","datePublished":"2014-09-22T08:37:02+00:00","dateModified":"2016-02-16T11:31:10+00:00","breadcrumb":{"@id":"https:\/\/emailchef.com\/fr\/base-de-connaissance\/comment-creer-un-repondeur-automatique\/#breadcrumb"},"inLanguage":"fr-FR","potentialAction":[{"@type":"ReadAction","target":["https:\/\/emailchef.com\/fr\/base-de-connaissance\/comment-creer-un-repondeur-automatique\/"]}]},{"@type":"ImageObject","inLanguage":"fr-FR","@id":"https:\/\/emailchef.com\/fr\/base-de-connaissance\/comment-creer-un-repondeur-automatique\/#primaryimage","url":"http:\/\/emailchef.com\/wp-content\/uploads\/2014\/10\/auto_1.jpg","contentUrl":"http:\/\/emailchef.com\/wp-content\/uploads\/2014\/10\/auto_1.jpg"},{"@type":"BreadcrumbList","@id":"https:\/\/emailchef.com\/fr\/base-de-connaissance\/comment-creer-un-repondeur-automatique\/#breadcrumb","itemListElement":[{"@type":"ListItem","position":1,"name":"Home","item":"https:\/\/emailchef.com\/fr\/mailchef-email-marketing-emailing-et-envoi-newsletter\/"},{"@type":"ListItem","position":2,"name":"Base de connaissance","item":"https:\/\/emailchef.com\/fr\/base-de-connaissance\/"},{"@type":"ListItem","position":3,"name":"Comment cr\u00e9er un r\u00e9pondeur automatique"}]},{"@type":"WebSite","@id":"https:\/\/emailchef.com\/fr\/#website","url":"https:\/\/emailchef.com\/fr\/","name":"Emailchef","description":"Recettes go\u00fbteuses pour vos emails","publisher":{"@id":"https:\/\/emailchef.com\/fr\/#organization"},"potentialAction":[{"@type":"SearchAction","target":{"@type":"EntryPoint","urlTemplate":"https:\/\/emailchef.com\/fr\/?s={search_term_string}"},"query-input":{"@type":"PropertyValueSpecification","valueRequired":true,"valueName":"search_term_string"}}],"inLanguage":"fr-FR"},{"@type":"Organization","@id":"https:\/\/emailchef.com\/fr\/#organization","name":"Delivery Tech Corp.","url":"https:\/\/emailchef.com\/fr\/","logo":{"@type":"ImageObject","inLanguage":"fr-FR","@id":"https:\/\/emailchef.com\/fr\/#\/schema\/logo\/image\/","url":"https:\/\/emailchef.com\/wp-content\/uploads\/2022\/04\/logo-sama.png","contentUrl":"https:\/\/emailchef.com\/wp-content\/uploads\/2022\/04\/logo-sama.png","width":237,"height":80,"caption":"Delivery Tech Corp."},"image":{"@id":"https:\/\/emailchef.com\/fr\/#\/schema\/logo\/image\/"}}]}},"_links":{"self":[{"href":"https:\/\/emailchef.com\/fr\/wp-json\/wp\/v2\/pages\/1537"}],"collection":[{"href":"https:\/\/emailchef.com\/fr\/wp-json\/wp\/v2\/pages"}],"about":[{"href":"https:\/\/emailchef.com\/fr\/wp-json\/wp\/v2\/types\/page"}],"author":[{"embeddable":true,"href":"https:\/\/emailchef.com\/fr\/wp-json\/wp\/v2\/users\/3"}],"replies":[{"embeddable":true,"href":"https:\/\/emailchef.com\/fr\/wp-json\/wp\/v2\/comments?post=1537"}],"version-history":[{"count":4,"href":"https:\/\/emailchef.com\/fr\/wp-json\/wp\/v2\/pages\/1537\/revisions"}],"predecessor-version":[{"id":3903,"href":"https:\/\/emailchef.com\/fr\/wp-json\/wp\/v2\/pages\/1537\/revisions\/3903"}],"up":[{"embeddable":true,"href":"https:\/\/emailchef.com\/fr\/wp-json\/wp\/v2\/pages\/1193"}],"wp:attachment":[{"href":"https:\/\/emailchef.com\/fr\/wp-json\/wp\/v2\/media?parent=1537"}],"wp:term":[{"taxonomy":"g1_relation_tag","embeddable":true,"href":"https:\/\/emailchef.com\/fr\/wp-json\/wp\/v2\/g1_relation_tag?post=1537"}],"curies":[{"name":"wp","href":"https:\/\/api.w.org\/{rel}","templated":true}]}}