{"id":1536,"date":"2014-09-22T08:36:35","date_gmt":"2014-09-22T08:36:35","guid":{"rendered":"http:\/\/emailchef.com\/?page_id=1536"},"modified":"2014-10-27T09:32:15","modified_gmt":"2014-10-27T09:32:15","slug":"quest-ce-quun-repondeur-automatique","status":"publish","type":"page","link":"https:\/\/emailchef.com\/fr\/base-de-connaissance\/quest-ce-quun-repondeur-automatique\/","title":{"rendered":"Qu&#8217;est-ce qu&#8217;un r\u00e9pondeur automatique?"},"content":{"rendered":"<p>Configurer un <b>r\u00e9pondeur automatique<\/b> est un \u00e9l\u00e9ment essentiel de toute campagne d&#8217;email. Les r\u00e9pondeurs automatiques sont des messages qui sont <b>declench\u00e9s par un \u00e9v\u00e9nement donn\u00e9<\/b> \u2014 une souscription, un clic&#8230;<\/p>\n<p>Vous pouvez personnaliser le r\u00e9pondeur automatique avec <b>l&#8217;heure exacte <\/b>et la <b>fr\u00e9quence <\/b>que vous voulez, ce qui rend facile pour r\u00e9pondre aux besoins sp\u00e9cifiques des clients.<\/p>\n<p>Il est difficile d&#8217;exag\u00e9rer l&#8217;importance d&#8217;un bon r\u00e9pondeur, ou la valeur de le personnaliser selon vos besoins. Vous pouvez avoir une \u00e9norme liste de contacts, mais il y a probablement beaucoup de gens que vous n&#8217;avez pas entendu pendant un certain temps. Configurer un r\u00e9pondeur automatique pour <b>leur rappeler <\/b><b>combient<\/b><b> ils sont pr\u00e9cieux <\/b><b>pour vous <\/b>peut d\u00e9clencher un nouvel ordre, ou au moins de les convaincre de visiter votre site \u00e0 nouveau.<\/p>\n<p>Un r\u00e9pondeur peut \u00e9galement vous aider \u00e0 faire une <b>bonne premi\u00e8re impression<\/b>. Si quelqu&#8217;un prend le temps de cliquer sur votre message ou s&#8217;abonner \u00e0 votre liste, le moins que vous puissiez faire est lui dire merci. Un r\u00e9pondeur automatique <b>automatise ce processus <\/b>et accueille des nouveaux clients \u00e0 la fois.<\/p>\n<p>Peu importe comment vous pouvez utiliser vos r\u00e9pondeurs automatiques, il est important de les <b>cr\u00e9er avec soin<\/b>.<\/p>\n<p>Un r\u00e9pondeur automatique bien \u00e9crit peut vous gagner de nouveaux clients, augmenter vos abonn\u00e9s et fortifier votre marque.<\/p>\n","protected":false},"excerpt":{"rendered":"<p>Configurer un r\u00e9pondeur automatique est un \u00e9l\u00e9ment essentiel de toute campagne d&#8217;email. Les r\u00e9pondeurs automatiques sont des messages qui sont declench\u00e9s par un \u00e9v\u00e9nement donn\u00e9 \u2014 une souscription, un clic&#8230; Vous pouvez personnaliser le r\u00e9pondeur automatique avec l&#8217;heure exacte et la fr\u00e9quence que vous voulez, ce qui rend facile pour r\u00e9pondre aux besoins sp\u00e9cifiques des [&hellip;]<\/p>\n","protected":false},"author":3,"featured_media":0,"parent":1193,"menu_order":0,"comment_status":"closed","ping_status":"closed","template":"","meta":{"_acf_changed":false,"inline_featured_image":false,"footnotes":""},"g1_relation_tag":[],"class_list":["post-1536","page","type-page","status-publish","hentry"],"acf":[],"yoast_head":"<!-- This site is optimized with the Yoast SEO plugin v24.8.1 - https:\/\/yoast.com\/wordpress\/plugins\/seo\/ -->\n<title>Qu&#039;est-ce qu&#039;un r\u00e9pondeur automatique? - Emailchef<\/title>\n<meta name=\"robots\" content=\"index, follow, max-snippet:-1, max-image-preview:large, max-video-preview:-1\" \/>\n<link rel=\"canonical\" href=\"https:\/\/emailchef.com\/fr\/base-de-connaissance\/quest-ce-quun-repondeur-automatique\/\" \/>\n<meta name=\"twitter:label1\" content=\"Dur\u00e9e de lecture estim\u00e9e\" \/>\n\t<meta name=\"twitter:data1\" content=\"1 minute\" \/>\n<!-- \/ Yoast SEO plugin. -->","yoast_head_json":{"title":"Qu'est-ce qu'un r\u00e9pondeur automatique? - Emailchef","robots":{"index":"index","follow":"follow","max-snippet":"max-snippet:-1","max-image-preview":"max-image-preview:large","max-video-preview":"max-video-preview:-1"},"canonical":"https:\/\/emailchef.com\/fr\/base-de-connaissance\/quest-ce-quun-repondeur-automatique\/","twitter_misc":{"Dur\u00e9e de lecture estim\u00e9e":"1 minute"},"schema":{"@context":"https:\/\/schema.org","@graph":[{"@type":"WebPage","@id":"https:\/\/emailchef.com\/fr\/base-de-connaissance\/quest-ce-quun-repondeur-automatique\/","url":"https:\/\/emailchef.com\/fr\/base-de-connaissance\/quest-ce-quun-repondeur-automatique\/","name":"Qu'est-ce qu'un r\u00e9pondeur automatique? - Emailchef","isPartOf":{"@id":"https:\/\/emailchef.com\/fr\/#website"},"datePublished":"2014-09-22T08:36:35+00:00","dateModified":"2014-10-27T09:32:15+00:00","breadcrumb":{"@id":"https:\/\/emailchef.com\/fr\/base-de-connaissance\/quest-ce-quun-repondeur-automatique\/#breadcrumb"},"inLanguage":"fr-FR","potentialAction":[{"@type":"ReadAction","target":["https:\/\/emailchef.com\/fr\/base-de-connaissance\/quest-ce-quun-repondeur-automatique\/"]}]},{"@type":"BreadcrumbList","@id":"https:\/\/emailchef.com\/fr\/base-de-connaissance\/quest-ce-quun-repondeur-automatique\/#breadcrumb","itemListElement":[{"@type":"ListItem","position":1,"name":"Home","item":"https:\/\/emailchef.com\/fr\/mailchef-email-marketing-emailing-et-envoi-newsletter\/"},{"@type":"ListItem","position":2,"name":"Base de connaissance","item":"https:\/\/emailchef.com\/fr\/base-de-connaissance\/"},{"@type":"ListItem","position":3,"name":"Qu&rsquo;est-ce qu&rsquo;un r\u00e9pondeur automatique?"}]},{"@type":"WebSite","@id":"https:\/\/emailchef.com\/fr\/#website","url":"https:\/\/emailchef.com\/fr\/","name":"Emailchef","description":"Recettes go\u00fbteuses pour vos emails","publisher":{"@id":"https:\/\/emailchef.com\/fr\/#organization"},"potentialAction":[{"@type":"SearchAction","target":{"@type":"EntryPoint","urlTemplate":"https:\/\/emailchef.com\/fr\/?s={search_term_string}"},"query-input":{"@type":"PropertyValueSpecification","valueRequired":true,"valueName":"search_term_string"}}],"inLanguage":"fr-FR"},{"@type":"Organization","@id":"https:\/\/emailchef.com\/fr\/#organization","name":"Delivery Tech Corp.","url":"https:\/\/emailchef.com\/fr\/","logo":{"@type":"ImageObject","inLanguage":"fr-FR","@id":"https:\/\/emailchef.com\/fr\/#\/schema\/logo\/image\/","url":"https:\/\/emailchef.com\/wp-content\/uploads\/2022\/04\/logo-sama.png","contentUrl":"https:\/\/emailchef.com\/wp-content\/uploads\/2022\/04\/logo-sama.png","width":237,"height":80,"caption":"Delivery Tech Corp."},"image":{"@id":"https:\/\/emailchef.com\/fr\/#\/schema\/logo\/image\/"}}]}},"_links":{"self":[{"href":"https:\/\/emailchef.com\/fr\/wp-json\/wp\/v2\/pages\/1536"}],"collection":[{"href":"https:\/\/emailchef.com\/fr\/wp-json\/wp\/v2\/pages"}],"about":[{"href":"https:\/\/emailchef.com\/fr\/wp-json\/wp\/v2\/types\/page"}],"author":[{"embeddable":true,"href":"https:\/\/emailchef.com\/fr\/wp-json\/wp\/v2\/users\/3"}],"replies":[{"embeddable":true,"href":"https:\/\/emailchef.com\/fr\/wp-json\/wp\/v2\/comments?post=1536"}],"version-history":[{"count":1,"href":"https:\/\/emailchef.com\/fr\/wp-json\/wp\/v2\/pages\/1536\/revisions"}],"predecessor-version":[{"id":1551,"href":"https:\/\/emailchef.com\/fr\/wp-json\/wp\/v2\/pages\/1536\/revisions\/1551"}],"up":[{"embeddable":true,"href":"https:\/\/emailchef.com\/fr\/wp-json\/wp\/v2\/pages\/1193"}],"wp:attachment":[{"href":"https:\/\/emailchef.com\/fr\/wp-json\/wp\/v2\/media?parent=1536"}],"wp:term":[{"taxonomy":"g1_relation_tag","embeddable":true,"href":"https:\/\/emailchef.com\/fr\/wp-json\/wp\/v2\/g1_relation_tag?post=1536"}],"curies":[{"name":"wp","href":"https:\/\/api.w.org\/{rel}","templated":true}]}}