{"id":1534,"date":"2014-09-22T08:35:22","date_gmt":"2014-09-22T08:35:22","guid":{"rendered":"http:\/\/emailchef.com\/?page_id=1534"},"modified":"2024-03-06T09:51:48","modified_gmt":"2024-03-06T09:51:48","slug":"envoyer-votre-campagne","status":"publish","type":"page","link":"https:\/\/emailchef.com\/fr\/base-de-connaissance\/envoyer-votre-campagne\/","title":{"rendered":"Envoyez votre campagne"},"content":{"rendered":"\t\t<div data-elementor-type=\"wp-page\" data-elementor-id=\"1534\" class=\"elementor elementor-1534 elementor-603\" data-elementor-post-type=\"page\">\n\t\t\t\t\t\t<section class=\"elementor-section elementor-top-section elementor-element elementor-element-decbfd8 elementor-section-boxed elementor-section-height-default elementor-section-height-default\" data-id=\"decbfd8\" data-element_type=\"section\">\n\t\t\t\t\t\t<div class=\"elementor-container elementor-column-gap-default\">\n\t\t\t\t\t<div class=\"elementor-column elementor-col-100 elementor-top-column elementor-element elementor-element-31405d6\" data-id=\"31405d6\" data-element_type=\"column\">\n\t\t\t<div class=\"elementor-widget-wrap elementor-element-populated\">\n\t\t\t\t\t\t<div class=\"elementor-element elementor-element-201eae8 elementor-widget elementor-widget-text-editor\" data-id=\"201eae8\" data-element_type=\"widget\" data-widget_type=\"text-editor.default\">\n\t\t\t\t<div class=\"elementor-widget-container\">\n\t\t\t\t\t\t\t\t\t<p><span style=\"font-weight: 400;\">Lorsque votre e-mail est pr\u00eat, il vous suffit de l&#8217;envoyer \u00e0 votre liste de diffusion.<\/span><\/p><p><span style=\"font-weight: 400;\">Vous pouvez choisir d&#8217;envoyer la campagne imm\u00e9diatement ou de la planifier pour une heure ult\u00e9rieure.<\/span><\/p>\t\t\t\t\t\t\t\t<\/div>\n\t\t\t\t<\/div>\n\t\t\t\t<div class=\"elementor-element elementor-element-3f62749 elementor-widget elementor-widget-image\" data-id=\"3f62749\" data-element_type=\"widget\" data-widget_type=\"image.default\">\n\t\t\t\t<div class=\"elementor-widget-container\">\n\t\t\t\t\t\t\t\t\t\t\t\t\t\t\t\t<a href=\"https:\/\/emailchef.com\/wp-content\/uploads\/2024\/03\/envoyez-votre-campagne-1.png\" data-elementor-open-lightbox=\"yes\" data-elementor-lightbox-title=\"Envoyez votre campagne\" data-e-action-hash=\"#elementor-action%3Aaction%3Dlightbox%26settings%3DeyJpZCI6NzEwOTEsInVybCI6Imh0dHBzOlwvXC9lbWFpbGNoZWYuY29tXC93cC1jb250ZW50XC91cGxvYWRzXC8yMDI0XC8wM1wvZW52b3llei12b3RyZS1jYW1wYWduZS0xLnBuZyJ9\">\n\t\t\t\t\t\t\t<img fetchpriority=\"high\" decoding=\"async\" width=\"800\" height=\"310\" src=\"https:\/\/emailchef.com\/wp-content\/uploads\/2024\/03\/envoyez-votre-campagne-1-1024x397.png\" class=\"attachment-large size-large wp-image-71091\" alt=\"Envoyez votre campagne\" srcset=\"https:\/\/emailchef.com\/wp-content\/uploads\/2024\/03\/envoyez-votre-campagne-1-1024x397.png 1024w, https:\/\/emailchef.com\/wp-content\/uploads\/2024\/03\/envoyez-votre-campagne-1-300x116.png 300w, https:\/\/emailchef.com\/wp-content\/uploads\/2024\/03\/envoyez-votre-campagne-1-768x298.png 768w, https:\/\/emailchef.com\/wp-content\/uploads\/2024\/03\/envoyez-votre-campagne-1-1536x596.png 1536w, https:\/\/emailchef.com\/wp-content\/uploads\/2024\/03\/envoyez-votre-campagne-1.png 1609w\" sizes=\"(max-width: 800px) 100vw, 800px\" \/>\t\t\t\t\t\t\t\t<\/a>\n\t\t\t\t\t\t\t\t\t\t\t\t\t\t\t<\/div>\n\t\t\t\t<\/div>\n\t\t\t\t<div class=\"elementor-element elementor-element-9a3f110 elementor-widget elementor-widget-text-editor\" data-id=\"9a3f110\" data-element_type=\"widget\" data-widget_type=\"text-editor.default\">\n\t\t\t\t<div class=\"elementor-widget-container\">\n\t\t\t\t\t\t\t\t\t<p>Avant de proc\u00e9der \u00e0 l&#8217;envoi ou \u00e0 la planification, vous pouvez saisir une adresse e-mail dans le champ d\u00e9sign\u00e9, et nous vous enverrons un e-mail de confirmation \u00e0 cette adresse lorsque votre campagne sera envoy\u00e9e \u00e0 la liste de diffusion.<\/p>\t\t\t\t\t\t\t\t<\/div>\n\t\t\t\t<\/div>\n\t\t\t\t<div class=\"elementor-element elementor-element-5737a1e elementor-widget elementor-widget-image\" data-id=\"5737a1e\" data-element_type=\"widget\" data-widget_type=\"image.default\">\n\t\t\t\t<div class=\"elementor-widget-container\">\n\t\t\t\t\t\t\t\t\t\t\t\t\t\t\t<img decoding=\"async\" width=\"800\" height=\"94\" src=\"https:\/\/emailchef.com\/wp-content\/uploads\/2024\/03\/envoyez-votre-campagne-2.png\" class=\"attachment-large size-large wp-image-71100\" alt=\"Envoyez votre campagne\" srcset=\"https:\/\/emailchef.com\/wp-content\/uploads\/2024\/03\/envoyez-votre-campagne-2.png 879w, https:\/\/emailchef.com\/wp-content\/uploads\/2024\/03\/envoyez-votre-campagne-2-300x35.png 300w, https:\/\/emailchef.com\/wp-content\/uploads\/2024\/03\/envoyez-votre-campagne-2-768x90.png 768w\" sizes=\"(max-width: 800px) 100vw, 800px\" \/>\t\t\t\t\t\t\t\t\t\t\t\t\t\t\t<\/div>\n\t\t\t\t<\/div>\n\t\t\t\t<div class=\"elementor-element elementor-element-3f952fe elementor-widget elementor-widget-text-editor\" data-id=\"3f952fe\" data-element_type=\"widget\" data-widget_type=\"text-editor.default\">\n\t\t\t\t<div class=\"elementor-widget-container\">\n\t\t\t\t\t\t\t\t\t<p><span style=\"font-weight: 400;\">Pour envoyer votre campagne imm\u00e9diatement, il vous suffit de s\u00e9lectionner le bouton &#8220;Envoyer maintenant&#8221; et de cliquer sur &#8220;Envoyer la campagne maintenant&#8221;.<\/span><\/p><p><span style=\"font-weight: 400;\">Si vous pr\u00e9f\u00e9rez planifier l&#8217;envoi, cliquez sur la case &#8220;Programmer la campagne&#8221;.<\/span><\/p>\t\t\t\t\t\t\t\t<\/div>\n\t\t\t\t<\/div>\n\t\t\t\t<div class=\"elementor-element elementor-element-e0f6e71 elementor-widget elementor-widget-image\" data-id=\"e0f6e71\" data-element_type=\"widget\" data-widget_type=\"image.default\">\n\t\t\t\t<div class=\"elementor-widget-container\">\n\t\t\t\t\t\t\t\t\t\t\t\t\t\t\t\t<a href=\"https:\/\/emailchef.com\/wp-content\/uploads\/2024\/03\/envoyez-votre-campagne-3.png\" data-elementor-open-lightbox=\"yes\" data-elementor-lightbox-title=\"Envoyez votre campagne\" data-e-action-hash=\"#elementor-action%3Aaction%3Dlightbox%26settings%3DeyJpZCI6NzExMDksInVybCI6Imh0dHBzOlwvXC9lbWFpbGNoZWYuY29tXC93cC1jb250ZW50XC91cGxvYWRzXC8yMDI0XC8wM1wvZW52b3llei12b3RyZS1jYW1wYWduZS0zLnBuZyJ9\">\n\t\t\t\t\t\t\t<img decoding=\"async\" width=\"800\" height=\"339\" src=\"https:\/\/emailchef.com\/wp-content\/uploads\/2024\/03\/envoyez-votre-campagne-3-1024x434.png\" class=\"attachment-large size-large wp-image-71109\" alt=\"Envoyez votre campagne\" srcset=\"https:\/\/emailchef.com\/wp-content\/uploads\/2024\/03\/envoyez-votre-campagne-3-1024x434.png 1024w, https:\/\/emailchef.com\/wp-content\/uploads\/2024\/03\/envoyez-votre-campagne-3-300x127.png 300w, https:\/\/emailchef.com\/wp-content\/uploads\/2024\/03\/envoyez-votre-campagne-3-768x326.png 768w, https:\/\/emailchef.com\/wp-content\/uploads\/2024\/03\/envoyez-votre-campagne-3-1536x652.png 1536w, https:\/\/emailchef.com\/wp-content\/uploads\/2024\/03\/envoyez-votre-campagne-3.png 1591w\" sizes=\"(max-width: 800px) 100vw, 800px\" \/>\t\t\t\t\t\t\t\t<\/a>\n\t\t\t\t\t\t\t\t\t\t\t\t\t\t\t<\/div>\n\t\t\t\t<\/div>\n\t\t\t\t<div class=\"elementor-element elementor-element-f566805 elementor-widget elementor-widget-text-editor\" data-id=\"f566805\" data-element_type=\"widget\" data-widget_type=\"text-editor.default\">\n\t\t\t\t<div class=\"elementor-widget-container\">\n\t\t\t\t\t\t\t\t\t<p><span style=\"font-weight: 400;\">Entrez le jour et l&#8217;heure \u00e0 laquelle vous souhaitez envoyer la campagne, puis cliquez sur &#8216;Planifier la campagne&#8217;. L&#8217;e-mail sera automatiquement envoy\u00e9 le jour et \u00e0 l&#8217;heure que vous avez sp\u00e9cifi\u00e9s.<\/span><\/p>\t\t\t\t\t\t\t\t<\/div>\n\t\t\t\t<\/div>\n\t\t\t\t<div class=\"elementor-element elementor-element-c2432ba elementor-widget elementor-widget-text-editor\" data-id=\"c2432ba\" data-element_type=\"widget\" data-widget_type=\"text-editor.default\">\n\t\t\t\t<div class=\"elementor-widget-container\">\n\t\t\t\t\t\t\t\t\t<p><span style=\"font-weight: 400;\">\u00cates-vous \u00e0 la recherche d&#8217;un tutoriel qui vous guide pas \u00e0 pas dans l&#8217;envoi de vos campagnes ? Consultez la vid\u00e9o ci-dessous \ud83d\udc47<\/span><\/p>\t\t\t\t\t\t\t\t<\/div>\n\t\t\t\t<\/div>\n\t\t\t\t<div class=\"elementor-element elementor-element-06a7626 elementor-widget elementor-widget-html\" data-id=\"06a7626\" data-element_type=\"widget\" data-widget_type=\"html.default\">\n\t\t\t\t<div class=\"elementor-widget-container\">\n\t\t\t\t\t<div class=\"lyte-wrapper\" title=\"[EN] Create and send immediately or schedule your campaign\" style=\"width:640px;max-width:100%;margin:5px;\"><div class=\"lyMe\" id=\"WYL_kLrX4pJc-LQ\"><div id=\"lyte_kLrX4pJc-LQ\" data-src=\"https:\/\/emailchef.com\/wp-content\/plugins\/wp-youtube-lyte\/lyteCache.php?origThumbUrl=https%3A%2F%2Fi.ytimg.com%2Fvi%2FkLrX4pJc-LQ%2Fhqdefault.jpg\" class=\"pL\"><div class=\"tC\"><div class=\"tT\">[EN] Create and send immediately or schedule your campaign<\/div><\/div><div class=\"play\"><\/div><div class=\"ctrl\"><div class=\"Lctrl\"><\/div><div class=\"Rctrl\"><\/div><\/div><\/div><noscript><a href=\"https:\/\/youtu.be\/kLrX4pJc-LQ\" rel=\"nofollow\"><img loading=\"lazy\" decoding=\"async\" src=\"https:\/\/emailchef.com\/wp-content\/plugins\/wp-youtube-lyte\/lyteCache.php?origThumbUrl=https%3A%2F%2Fi.ytimg.com%2Fvi%2FkLrX4pJc-LQ%2F0.jpg\" alt=\"[EN] Create and send immediately or schedule your campaign\" width=\"640\" height=\"340\" \/><br \/>Lire cette vid\u00e9o sur YouTube<\/a><\/noscript><\/div><\/div><div class=\"lL\" style=\"max-width:100%;width:640px;margin:5px;\"><\/div>\n<div class=\"ec-video-button hide centered\">\n\t<a href=\"https:\/\/youtu.be\/kLrX4pJc-LQ\" rel=\"prettyPhoto\" title=\"Riproduci Video\">Riproduci Video <i class=\"fa fa-play-circle fa-2x\"><\/i><\/a>\n<\/div>\t\t\t\t<\/div>\n\t\t\t\t<\/div>\n\t\t\t\t\t<\/div>\n\t\t<\/div>\n\t\t\t\t\t<\/div>\n\t\t<\/section>\n\t\t\t\t<\/div>\n\t\t","protected":false},"excerpt":{"rendered":"<p>Lorsque votre e-mail est pr\u00eat, il vous suffit de l&#8217;envoyer \u00e0 votre liste de diffusion. Vous pouvez choisir d&#8217;envoyer la campagne imm\u00e9diatement ou de la planifier pour une heure ult\u00e9rieure. Avant de proc\u00e9der \u00e0 l&#8217;envoi ou \u00e0 la planification, vous pouvez saisir une adresse e-mail dans le champ d\u00e9sign\u00e9, et nous vous enverrons un e-mail [&hellip;]<\/p>\n","protected":false},"author":3,"featured_media":0,"parent":1193,"menu_order":0,"comment_status":"closed","ping_status":"closed","template":"","meta":{"_acf_changed":false,"inline_featured_image":false,"footnotes":""},"g1_relation_tag":[],"class_list":["post-1534","page","type-page","status-publish","hentry"],"acf":[],"yoast_head":"<!-- This site is optimized with the Yoast SEO plugin v24.8.1 - https:\/\/yoast.com\/wordpress\/plugins\/seo\/ -->\n<title>Envoyez votre campagne - Emailchef<\/title>\n<meta name=\"robots\" content=\"index, follow, max-snippet:-1, max-image-preview:large, max-video-preview:-1\" \/>\n<link rel=\"canonical\" href=\"https:\/\/emailchef.com\/fr\/base-de-connaissance\/envoyer-votre-campagne\/\" \/>\n<meta name=\"twitter:label1\" content=\"Dur\u00e9e de lecture estim\u00e9e\" \/>\n\t<meta name=\"twitter:data1\" content=\"2 minutes\" \/>\n<!-- \/ Yoast SEO plugin. -->","yoast_head_json":{"title":"Envoyez votre campagne - Emailchef","robots":{"index":"index","follow":"follow","max-snippet":"max-snippet:-1","max-image-preview":"max-image-preview:large","max-video-preview":"max-video-preview:-1"},"canonical":"https:\/\/emailchef.com\/fr\/base-de-connaissance\/envoyer-votre-campagne\/","twitter_misc":{"Dur\u00e9e de lecture estim\u00e9e":"2 minutes"},"schema":{"@context":"https:\/\/schema.org","@graph":[{"@type":"WebPage","@id":"https:\/\/emailchef.com\/fr\/base-de-connaissance\/envoyer-votre-campagne\/","url":"https:\/\/emailchef.com\/fr\/base-de-connaissance\/envoyer-votre-campagne\/","name":"Envoyez votre campagne - Emailchef","isPartOf":{"@id":"https:\/\/emailchef.com\/fr\/#website"},"primaryImageOfPage":{"@id":"https:\/\/emailchef.com\/fr\/base-de-connaissance\/envoyer-votre-campagne\/#primaryimage"},"image":{"@id":"https:\/\/emailchef.com\/fr\/base-de-connaissance\/envoyer-votre-campagne\/#primaryimage"},"thumbnailUrl":"https:\/\/emailchef.com\/wp-content\/uploads\/2024\/03\/envoyez-votre-campagne-1-1024x397.png","datePublished":"2014-09-22T08:35:22+00:00","dateModified":"2024-03-06T09:51:48+00:00","breadcrumb":{"@id":"https:\/\/emailchef.com\/fr\/base-de-connaissance\/envoyer-votre-campagne\/#breadcrumb"},"inLanguage":"fr-FR","potentialAction":[{"@type":"ReadAction","target":["https:\/\/emailchef.com\/fr\/base-de-connaissance\/envoyer-votre-campagne\/"]}]},{"@type":"ImageObject","inLanguage":"fr-FR","@id":"https:\/\/emailchef.com\/fr\/base-de-connaissance\/envoyer-votre-campagne\/#primaryimage","url":"https:\/\/emailchef.com\/wp-content\/uploads\/2024\/03\/envoyez-votre-campagne-1-1024x397.png","contentUrl":"https:\/\/emailchef.com\/wp-content\/uploads\/2024\/03\/envoyez-votre-campagne-1-1024x397.png"},{"@type":"BreadcrumbList","@id":"https:\/\/emailchef.com\/fr\/base-de-connaissance\/envoyer-votre-campagne\/#breadcrumb","itemListElement":[{"@type":"ListItem","position":1,"name":"Home","item":"https:\/\/emailchef.com\/fr\/mailchef-email-marketing-emailing-et-envoi-newsletter\/"},{"@type":"ListItem","position":2,"name":"Base de connaissance","item":"https:\/\/emailchef.com\/fr\/base-de-connaissance\/"},{"@type":"ListItem","position":3,"name":"Envoyez votre campagne"}]},{"@type":"WebSite","@id":"https:\/\/emailchef.com\/fr\/#website","url":"https:\/\/emailchef.com\/fr\/","name":"Emailchef","description":"Recettes go\u00fbteuses pour vos emails","publisher":{"@id":"https:\/\/emailchef.com\/fr\/#organization"},"potentialAction":[{"@type":"SearchAction","target":{"@type":"EntryPoint","urlTemplate":"https:\/\/emailchef.com\/fr\/?s={search_term_string}"},"query-input":{"@type":"PropertyValueSpecification","valueRequired":true,"valueName":"search_term_string"}}],"inLanguage":"fr-FR"},{"@type":"Organization","@id":"https:\/\/emailchef.com\/fr\/#organization","name":"Delivery Tech Corp.","url":"https:\/\/emailchef.com\/fr\/","logo":{"@type":"ImageObject","inLanguage":"fr-FR","@id":"https:\/\/emailchef.com\/fr\/#\/schema\/logo\/image\/","url":"https:\/\/emailchef.com\/wp-content\/uploads\/2022\/04\/logo-sama.png","contentUrl":"https:\/\/emailchef.com\/wp-content\/uploads\/2022\/04\/logo-sama.png","width":237,"height":80,"caption":"Delivery Tech Corp."},"image":{"@id":"https:\/\/emailchef.com\/fr\/#\/schema\/logo\/image\/"}}]}},"_links":{"self":[{"href":"https:\/\/emailchef.com\/fr\/wp-json\/wp\/v2\/pages\/1534"}],"collection":[{"href":"https:\/\/emailchef.com\/fr\/wp-json\/wp\/v2\/pages"}],"about":[{"href":"https:\/\/emailchef.com\/fr\/wp-json\/wp\/v2\/types\/page"}],"author":[{"embeddable":true,"href":"https:\/\/emailchef.com\/fr\/wp-json\/wp\/v2\/users\/3"}],"replies":[{"embeddable":true,"href":"https:\/\/emailchef.com\/fr\/wp-json\/wp\/v2\/comments?post=1534"}],"version-history":[{"count":8,"href":"https:\/\/emailchef.com\/fr\/wp-json\/wp\/v2\/pages\/1534\/revisions"}],"predecessor-version":[{"id":71123,"href":"https:\/\/emailchef.com\/fr\/wp-json\/wp\/v2\/pages\/1534\/revisions\/71123"}],"up":[{"embeddable":true,"href":"https:\/\/emailchef.com\/fr\/wp-json\/wp\/v2\/pages\/1193"}],"wp:attachment":[{"href":"https:\/\/emailchef.com\/fr\/wp-json\/wp\/v2\/media?parent=1534"}],"wp:term":[{"taxonomy":"g1_relation_tag","embeddable":true,"href":"https:\/\/emailchef.com\/fr\/wp-json\/wp\/v2\/g1_relation_tag?post=1534"}],"curies":[{"name":"wp","href":"https:\/\/api.w.org\/{rel}","templated":true}]}}