{"id":1533,"date":"2014-09-22T08:33:27","date_gmt":"2014-09-22T08:33:27","guid":{"rendered":"http:\/\/emailchef.com\/?page_id=1533"},"modified":"2024-12-05T13:27:29","modified_gmt":"2024-12-05T13:27:29","slug":"un-examen-final","status":"publish","type":"page","link":"https:\/\/emailchef.com\/fr\/base-de-connaissance\/un-examen-final\/","title":{"rendered":"Un examen final"},"content":{"rendered":"<p>Avant d\u2019envoyer votre campagne, un r\u00e9sum\u00e9 vous permet de v\u00e9rifier tous les \u00e9l\u00e9ments cl\u00e9s.<\/p>\n<p>\u00c0 cette \u00e9tape, vous pouvez <strong>pr\u00e9visualiser le mod\u00e8le<\/strong>, <strong>la ligne d\u2019objet<\/strong>, <strong>le pr\u00e9-en-t\u00eate<\/strong> et <strong>l\u2019adresse de l\u2019exp\u00e9diteur<\/strong>. Vous pouvez \u00e9galement v\u00e9rifier <strong>la liste<\/strong> et <strong>les segments<\/strong> s\u00e9lectionn\u00e9s, avec une indication du nombre total de destinataires.<\/p>\n<p>Si n\u00e9cessaire, vous pouvez encore apporter des modifications pour peaufiner les d\u00e9tails de votre campagne.<\/p>\n<p><a href=\"https:\/\/emailchef.com\/wp-content\/uploads\/2024\/12\/envoi-campagne-marketing-par-email-examen-final.jpg\" rel=\"lightbox\" title=\"Envoi d'une campagne de marketing par e-mail, examen final\"><img decoding=\"async\" src=\"https:\/\/emailchef.com\/wp-content\/uploads\/2024\/12\/envoi-campagne-marketing-par-email-examen-final.jpg\" alt=\"Envoi d'une campagne de marketing par e-mail, examen final\" style=\"margin-top: 15px; margin-bottom: 15px;\" \/><\/a><\/p>\n<h2>Conseils utiles avant d\u2019envoyer<\/h2>\n<ul style=\"margin-top:30px;\">\n<li><strong>Envoyer le test :<\/strong> nous vous recommandons de vous envoyer un email de test pour v\u00e9rifier que tout est conforme \u00e0 vos attentes. Saisissez votre adresse (ou celle de votre choix) et cliquez sur &#8220;ENVOYER LE TEST&#8221;.<br \/><a href=\"https:\/\/emailchef.com\/wp-content\/uploads\/2024\/12\/envoi-campagne-marketing-par-email-examen-final-2.jpg\" rel=\"lightbox\" title=\"Envoi d'une campagne de marketing par e-mail, examen final\"><img decoding=\"async\" src=\"https:\/\/emailchef.com\/wp-content\/uploads\/2024\/12\/envoi-campagne-marketing-par-email-examen-final-2.jpg\" alt=\"Envoi d'une campagne de marketing par e-mail, examen final\" style=\"margin-top: 15px; margin-bottom: 20px;\" \/><\/a><\/li>\n<li><strong>Test spam :<\/strong> effectuez un contr\u00f4le du niveau de spam de votre email. Le score obtenu vous aidera \u00e0 comprendre les chances que le message atteigne la bo\u00eete de r\u00e9ception principale de vos destinataires, \u00e9vitant le dossier spam. Le rapport d\u00e9taill\u00e9 mettra en \u00e9vidence les points faibles \u00e9ventuels \u00e0 am\u00e9liorer.<br \/><a href=\"https:\/\/emailchef.com\/wp-content\/uploads\/2024\/12\/envoi-campagne-marketing-par-email-examen-final-3.jpg\" rel=\"lightbox\" title=\"Envoi d'une campagne de marketing par e-mail, examen final\"><img decoding=\"async\" src=\"https:\/\/emailchef.com\/wp-content\/uploads\/2024\/12\/envoi-campagne-marketing-par-email-examen-final-3.jpg\" alt=\"Envoi d'une campagne de marketing par e-mail, examen final\" style=\"margin-top: 15px; margin-bottom: 25px;\" \/><\/a><\/li>\n<\/ul>\n<p>Lorsque toutes les v\u00e9rifications sont termin\u00e9es, cliquez sur &#8220;<strong>SUIVANT<\/strong>&#8221; pour proc\u00e9der \u00e0 l\u2019envoi ou \u00e0 la programmation de la campagne.<\/p>\n","protected":false},"excerpt":{"rendered":"<p>Avant d\u2019envoyer votre campagne, un r\u00e9sum\u00e9 vous permet de v\u00e9rifier tous les \u00e9l\u00e9ments cl\u00e9s. \u00c0 cette \u00e9tape, vous pouvez pr\u00e9visualiser le mod\u00e8le, la ligne d\u2019objet, le pr\u00e9-en-t\u00eate et l\u2019adresse de l\u2019exp\u00e9diteur. Vous pouvez \u00e9galement v\u00e9rifier la liste et les segments s\u00e9lectionn\u00e9s, avec une indication du nombre total de destinataires. Si n\u00e9cessaire, vous pouvez encore apporter [&hellip;]<\/p>\n","protected":false},"author":3,"featured_media":0,"parent":1193,"menu_order":0,"comment_status":"closed","ping_status":"closed","template":"","meta":{"_acf_changed":false,"inline_featured_image":false,"footnotes":""},"g1_relation_tag":[],"class_list":["post-1533","page","type-page","status-publish","hentry"],"acf":[],"yoast_head":"<!-- This site is optimized with the Yoast SEO plugin v24.8.1 - https:\/\/yoast.com\/wordpress\/plugins\/seo\/ -->\n<title>Un examen final - Emailchef<\/title>\n<meta name=\"robots\" content=\"index, follow, max-snippet:-1, max-image-preview:large, max-video-preview:-1\" \/>\n<link rel=\"canonical\" href=\"https:\/\/emailchef.com\/fr\/base-de-connaissance\/un-examen-final\/\" \/>\n<meta name=\"twitter:label1\" content=\"Dur\u00e9e de lecture estim\u00e9e\" \/>\n\t<meta name=\"twitter:data1\" content=\"2 minutes\" \/>\n<!-- \/ Yoast SEO plugin. -->","yoast_head_json":{"title":"Un examen final - Emailchef","robots":{"index":"index","follow":"follow","max-snippet":"max-snippet:-1","max-image-preview":"max-image-preview:large","max-video-preview":"max-video-preview:-1"},"canonical":"https:\/\/emailchef.com\/fr\/base-de-connaissance\/un-examen-final\/","twitter_misc":{"Dur\u00e9e de lecture estim\u00e9e":"2 minutes"},"schema":{"@context":"https:\/\/schema.org","@graph":[{"@type":"WebPage","@id":"https:\/\/emailchef.com\/fr\/base-de-connaissance\/un-examen-final\/","url":"https:\/\/emailchef.com\/fr\/base-de-connaissance\/un-examen-final\/","name":"Un examen final - Emailchef","isPartOf":{"@id":"https:\/\/emailchef.com\/fr\/#website"},"primaryImageOfPage":{"@id":"https:\/\/emailchef.com\/fr\/base-de-connaissance\/un-examen-final\/#primaryimage"},"image":{"@id":"https:\/\/emailchef.com\/fr\/base-de-connaissance\/un-examen-final\/#primaryimage"},"thumbnailUrl":"https:\/\/emailchef.com\/wp-content\/uploads\/2024\/12\/envoi-campagne-marketing-par-email-examen-final.jpg","datePublished":"2014-09-22T08:33:27+00:00","dateModified":"2024-12-05T13:27:29+00:00","breadcrumb":{"@id":"https:\/\/emailchef.com\/fr\/base-de-connaissance\/un-examen-final\/#breadcrumb"},"inLanguage":"fr-FR","potentialAction":[{"@type":"ReadAction","target":["https:\/\/emailchef.com\/fr\/base-de-connaissance\/un-examen-final\/"]}]},{"@type":"ImageObject","inLanguage":"fr-FR","@id":"https:\/\/emailchef.com\/fr\/base-de-connaissance\/un-examen-final\/#primaryimage","url":"https:\/\/emailchef.com\/wp-content\/uploads\/2024\/12\/envoi-campagne-marketing-par-email-examen-final.jpg","contentUrl":"https:\/\/emailchef.com\/wp-content\/uploads\/2024\/12\/envoi-campagne-marketing-par-email-examen-final.jpg"},{"@type":"BreadcrumbList","@id":"https:\/\/emailchef.com\/fr\/base-de-connaissance\/un-examen-final\/#breadcrumb","itemListElement":[{"@type":"ListItem","position":1,"name":"Home","item":"https:\/\/emailchef.com\/fr\/mailchef-email-marketing-emailing-et-envoi-newsletter\/"},{"@type":"ListItem","position":2,"name":"Base de connaissance","item":"https:\/\/emailchef.com\/fr\/base-de-connaissance\/"},{"@type":"ListItem","position":3,"name":"Un examen final"}]},{"@type":"WebSite","@id":"https:\/\/emailchef.com\/fr\/#website","url":"https:\/\/emailchef.com\/fr\/","name":"Emailchef","description":"Recettes go\u00fbteuses pour vos emails","publisher":{"@id":"https:\/\/emailchef.com\/fr\/#organization"},"potentialAction":[{"@type":"SearchAction","target":{"@type":"EntryPoint","urlTemplate":"https:\/\/emailchef.com\/fr\/?s={search_term_string}"},"query-input":{"@type":"PropertyValueSpecification","valueRequired":true,"valueName":"search_term_string"}}],"inLanguage":"fr-FR"},{"@type":"Organization","@id":"https:\/\/emailchef.com\/fr\/#organization","name":"Delivery Tech Corp.","url":"https:\/\/emailchef.com\/fr\/","logo":{"@type":"ImageObject","inLanguage":"fr-FR","@id":"https:\/\/emailchef.com\/fr\/#\/schema\/logo\/image\/","url":"https:\/\/emailchef.com\/wp-content\/uploads\/2022\/04\/logo-sama.png","contentUrl":"https:\/\/emailchef.com\/wp-content\/uploads\/2022\/04\/logo-sama.png","width":237,"height":80,"caption":"Delivery Tech Corp."},"image":{"@id":"https:\/\/emailchef.com\/fr\/#\/schema\/logo\/image\/"}}]}},"_links":{"self":[{"href":"https:\/\/emailchef.com\/fr\/wp-json\/wp\/v2\/pages\/1533"}],"collection":[{"href":"https:\/\/emailchef.com\/fr\/wp-json\/wp\/v2\/pages"}],"about":[{"href":"https:\/\/emailchef.com\/fr\/wp-json\/wp\/v2\/types\/page"}],"author":[{"embeddable":true,"href":"https:\/\/emailchef.com\/fr\/wp-json\/wp\/v2\/users\/3"}],"replies":[{"embeddable":true,"href":"https:\/\/emailchef.com\/fr\/wp-json\/wp\/v2\/comments?post=1533"}],"version-history":[{"count":5,"href":"https:\/\/emailchef.com\/fr\/wp-json\/wp\/v2\/pages\/1533\/revisions"}],"predecessor-version":[{"id":78075,"href":"https:\/\/emailchef.com\/fr\/wp-json\/wp\/v2\/pages\/1533\/revisions\/78075"}],"up":[{"embeddable":true,"href":"https:\/\/emailchef.com\/fr\/wp-json\/wp\/v2\/pages\/1193"}],"wp:attachment":[{"href":"https:\/\/emailchef.com\/fr\/wp-json\/wp\/v2\/media?parent=1533"}],"wp:term":[{"taxonomy":"g1_relation_tag","embeddable":true,"href":"https:\/\/emailchef.com\/fr\/wp-json\/wp\/v2\/g1_relation_tag?post=1533"}],"curies":[{"name":"wp","href":"https:\/\/api.w.org\/{rel}","templated":true}]}}