{"id":1532,"date":"2014-09-22T08:33:04","date_gmt":"2014-09-22T08:33:04","guid":{"rendered":"http:\/\/emailchef.com\/?page_id=1532"},"modified":"2024-11-25T09:24:55","modified_gmt":"2024-11-25T09:24:55","slug":"selectionner-les-destinataires","status":"publish","type":"page","link":"https:\/\/emailchef.com\/fr\/base-de-connaissance\/selectionner-les-destinataires\/","title":{"rendered":"S\u00e9lectionnez les destinataires et g\u00e9rez les exclusions"},"content":{"rendered":"<p>Lors de la troisi\u00e8me \u00e9tape de la cr\u00e9ation de votre campagne, vous pouvez s\u00e9lectionner les listes ou segments auxquels vous souhaitez envoyer l\u2019email. Vous avez d\u00e9sormais \u00e9galement la possibilit\u00e9 d\u2019exclure des destinataires sp\u00e9cifiques gr\u00e2ce \u00e0 une fonction d\u00e9di\u00e9e.<\/p>\n<p><a href=\"https:\/\/emailchef.com\/wp-content\/uploads\/2024\/11\/selection_des_destinataires_1b.png\" rel=\"lightbox\"><img decoding=\"async\" src=\"https:\/\/emailchef.com\/wp-content\/uploads\/2024\/11\/selection_des_destinataires_1b.png\" alt=\"S\u00e9lection des destinataires\" style=\"margin-top: 20px; margin-bottom: 20px\" \/><\/a><\/p>\n<h2>Envoi aux destinataires<\/h2>\n<p>Dans le tableau \u201cEnvoyer \u00e0 ces listes et segments\u201d, s\u00e9lectionnez les listes et segments que vous souhaitez inclure dans la campagne.<\/p>\n<p>Comme vous pouvez le constater, il est possible de cr\u00e9er un nouveau segment directement pendant le processus de cr\u00e9ation de votre campagne.<br \/>\nIl vous suffit de cliquer sur \u201cCr\u00e9er un segment\u201d pour d\u00e9finir rapidement un segment qui r\u00e9pond \u00e0 vos besoins.<\/p>\n<p><a href=\"https:\/\/emailchef.com\/wp-content\/uploads\/2024\/03\/selection_des_destinataires_2.png\" rel=\"lightbox\"><img decoding=\"async\" src=\"https:\/\/emailchef.com\/wp-content\/uploads\/2024\/03\/selection_des_destinataires_2.png\" alt=\"Cr\u00e9er un segment\" style=\"margin-top: 20px; margin-bottom: 20px\" \/><\/a><\/p>\n<p>Une fois que vous avez cr\u00e9\u00e9 votre segment, cliquez sur \u201cEnregistrer et fermer\u201d . Le segment nouvellement cr\u00e9\u00e9 sera automatiquement s\u00e9lectionn\u00e9 et l\u2019\u00e9tiquette <em>NEW <\/em>sera affich\u00e9e pour le mettre en \u00e9vidence.<\/p>\n<p>Si vous souhaitez apporter des modifications \u00e0 votre segment, cliquez sur l\u2019ic\u00f4ne de crayon situ\u00e9e \u00e0 droite de la ligne du segment. Vous pourrez alors modifier les conditions pour construire le segment.<\/p>\n<p><a href=\"https:\/\/emailchef.com\/wp-content\/uploads\/2024\/11\/selection_des_destinataires_3b.png\" rel=\"lightbox\"><img decoding=\"async\" src=\"https:\/\/emailchef.com\/wp-content\/uploads\/2024\/11\/selection_des_destinataires_3b.png\" alt=\"Modifier le segment\" style=\"margin-top: 20px; margin-bottom: 20px\" \/><\/a><\/p>\n<p>Une fois que vous avez s\u00e9lectionn\u00e9 la liste ou le segment de votre choix, le nombre de destinataires auxquels le message sera envoy\u00e9 s\u2019affichera sur la droite.<\/p>\n<p>En cliquant sur \u201cVoir les destinataires\u201d , vous pourrez voir la liste de vos destinataires.<\/p>\n<p>Si un contact est pr\u00e9sent dans plusieurs listes de destinataires, il ne sera envoy\u00e9 qu\u2019une seule fois. Les contacts ajout\u00e9s dans la liste noire sont exclus du processus d\u2019envoi.<\/p>\n<h2>Exclusion des destinataires<\/h2>\n<p>\u00c0 c\u00f4t\u00e9 du tableau \u201cEnvoyer \u00e0 ces listes et segments\u201d, vous trouverez un nouveau tableau permettant d\u2019exclure certains contacts de votre campagne. Cette option est d\u00e9sactiv\u00e9e par d\u00e9faut, mais vous pouvez l\u2019activer pour exclure des listes ou segments sp\u00e9cifiques.<\/p>\n<p>Si un contact figure \u00e0 la fois dans le tableau \u201cEnvoyer \u00e0\u201d et dans celui d\u2019exclusion, il sera automatiquement exclu de la campagne.<\/p>\n<p>Cette fonctionnalit\u00e9 vous offre un contr\u00f4le plus pr\u00e9cis sur votre ciblage, garantissant que votre message atteigne uniquement le public souhait\u00e9.<\/p>\n<p>Une fois que tout est pr\u00eat, cliquez sur \u201cSuivant\u201d pour continuer.<\/p>\n","protected":false},"excerpt":{"rendered":"<p>Lors de la troisi\u00e8me \u00e9tape de la cr\u00e9ation de votre campagne, vous pouvez s\u00e9lectionner les listes ou segments auxquels vous souhaitez envoyer l\u2019email. Vous avez d\u00e9sormais \u00e9galement la possibilit\u00e9 d\u2019exclure des destinataires sp\u00e9cifiques gr\u00e2ce \u00e0 une fonction d\u00e9di\u00e9e. Envoi aux destinataires Dans le tableau \u201cEnvoyer \u00e0 ces listes et segments\u201d, s\u00e9lectionnez les listes et segments [&hellip;]<\/p>\n","protected":false},"author":3,"featured_media":0,"parent":1193,"menu_order":0,"comment_status":"closed","ping_status":"closed","template":"","meta":{"_acf_changed":false,"inline_featured_image":false,"footnotes":""},"g1_relation_tag":[],"class_list":["post-1532","page","type-page","status-publish","hentry"],"acf":[],"yoast_head":"<!-- This site is optimized with the Yoast SEO plugin v24.8.1 - https:\/\/yoast.com\/wordpress\/plugins\/seo\/ -->\n<title>S\u00e9lection des destinataires - Emailchef<\/title>\n<meta name=\"description\" content=\"Emailchef affiche toutes vos listes avec tous les segments relatifs pour vous permettre de choisir facilement celle \u00e0 qui vous souhaitez envoyer votre newsletter.\" \/>\n<meta name=\"robots\" content=\"index, follow, max-snippet:-1, max-image-preview:large, max-video-preview:-1\" \/>\n<link rel=\"canonical\" href=\"https:\/\/emailchef.com\/fr\/base-de-connaissance\/selectionner-les-destinataires\/\" \/>\n<meta name=\"twitter:label1\" content=\"Dur\u00e9e de lecture estim\u00e9e\" \/>\n\t<meta name=\"twitter:data1\" content=\"2 minutes\" \/>\n<!-- \/ Yoast SEO plugin. -->","yoast_head_json":{"title":"S\u00e9lection des destinataires - Emailchef","description":"Emailchef affiche toutes vos listes avec tous les segments relatifs pour vous permettre de choisir facilement celle \u00e0 qui vous souhaitez envoyer votre newsletter.","robots":{"index":"index","follow":"follow","max-snippet":"max-snippet:-1","max-image-preview":"max-image-preview:large","max-video-preview":"max-video-preview:-1"},"canonical":"https:\/\/emailchef.com\/fr\/base-de-connaissance\/selectionner-les-destinataires\/","twitter_misc":{"Dur\u00e9e de lecture estim\u00e9e":"2 minutes"},"schema":{"@context":"https:\/\/schema.org","@graph":[{"@type":"WebPage","@id":"https:\/\/emailchef.com\/fr\/base-de-connaissance\/selectionner-les-destinataires\/","url":"https:\/\/emailchef.com\/fr\/base-de-connaissance\/selectionner-les-destinataires\/","name":"S\u00e9lection des destinataires - Emailchef","isPartOf":{"@id":"https:\/\/emailchef.com\/fr\/#website"},"primaryImageOfPage":{"@id":"https:\/\/emailchef.com\/fr\/base-de-connaissance\/selectionner-les-destinataires\/#primaryimage"},"image":{"@id":"https:\/\/emailchef.com\/fr\/base-de-connaissance\/selectionner-les-destinataires\/#primaryimage"},"thumbnailUrl":"https:\/\/emailchef.com\/wp-content\/uploads\/2024\/11\/selection_des_destinataires_1b.png","datePublished":"2014-09-22T08:33:04+00:00","dateModified":"2024-11-25T09:24:55+00:00","description":"Emailchef affiche toutes vos listes avec tous les segments relatifs pour vous permettre de choisir facilement celle \u00e0 qui vous souhaitez envoyer votre newsletter.","breadcrumb":{"@id":"https:\/\/emailchef.com\/fr\/base-de-connaissance\/selectionner-les-destinataires\/#breadcrumb"},"inLanguage":"fr-FR","potentialAction":[{"@type":"ReadAction","target":["https:\/\/emailchef.com\/fr\/base-de-connaissance\/selectionner-les-destinataires\/"]}]},{"@type":"ImageObject","inLanguage":"fr-FR","@id":"https:\/\/emailchef.com\/fr\/base-de-connaissance\/selectionner-les-destinataires\/#primaryimage","url":"https:\/\/emailchef.com\/wp-content\/uploads\/2024\/11\/selection_des_destinataires_1b.png","contentUrl":"https:\/\/emailchef.com\/wp-content\/uploads\/2024\/11\/selection_des_destinataires_1b.png"},{"@type":"BreadcrumbList","@id":"https:\/\/emailchef.com\/fr\/base-de-connaissance\/selectionner-les-destinataires\/#breadcrumb","itemListElement":[{"@type":"ListItem","position":1,"name":"Home","item":"https:\/\/emailchef.com\/fr\/mailchef-email-marketing-emailing-et-envoi-newsletter\/"},{"@type":"ListItem","position":2,"name":"Base de connaissance","item":"https:\/\/emailchef.com\/fr\/base-de-connaissance\/"},{"@type":"ListItem","position":3,"name":"S\u00e9lectionnez les destinataires et g\u00e9rez les exclusions"}]},{"@type":"WebSite","@id":"https:\/\/emailchef.com\/fr\/#website","url":"https:\/\/emailchef.com\/fr\/","name":"Emailchef","description":"Recettes go\u00fbteuses pour vos emails","publisher":{"@id":"https:\/\/emailchef.com\/fr\/#organization"},"potentialAction":[{"@type":"SearchAction","target":{"@type":"EntryPoint","urlTemplate":"https:\/\/emailchef.com\/fr\/?s={search_term_string}"},"query-input":{"@type":"PropertyValueSpecification","valueRequired":true,"valueName":"search_term_string"}}],"inLanguage":"fr-FR"},{"@type":"Organization","@id":"https:\/\/emailchef.com\/fr\/#organization","name":"Delivery Tech Corp.","url":"https:\/\/emailchef.com\/fr\/","logo":{"@type":"ImageObject","inLanguage":"fr-FR","@id":"https:\/\/emailchef.com\/fr\/#\/schema\/logo\/image\/","url":"https:\/\/emailchef.com\/wp-content\/uploads\/2022\/04\/logo-sama.png","contentUrl":"https:\/\/emailchef.com\/wp-content\/uploads\/2022\/04\/logo-sama.png","width":237,"height":80,"caption":"Delivery Tech Corp."},"image":{"@id":"https:\/\/emailchef.com\/fr\/#\/schema\/logo\/image\/"}}]}},"_links":{"self":[{"href":"https:\/\/emailchef.com\/fr\/wp-json\/wp\/v2\/pages\/1532"}],"collection":[{"href":"https:\/\/emailchef.com\/fr\/wp-json\/wp\/v2\/pages"}],"about":[{"href":"https:\/\/emailchef.com\/fr\/wp-json\/wp\/v2\/types\/page"}],"author":[{"embeddable":true,"href":"https:\/\/emailchef.com\/fr\/wp-json\/wp\/v2\/users\/3"}],"replies":[{"embeddable":true,"href":"https:\/\/emailchef.com\/fr\/wp-json\/wp\/v2\/comments?post=1532"}],"version-history":[{"count":7,"href":"https:\/\/emailchef.com\/fr\/wp-json\/wp\/v2\/pages\/1532\/revisions"}],"predecessor-version":[{"id":77774,"href":"https:\/\/emailchef.com\/fr\/wp-json\/wp\/v2\/pages\/1532\/revisions\/77774"}],"up":[{"embeddable":true,"href":"https:\/\/emailchef.com\/fr\/wp-json\/wp\/v2\/pages\/1193"}],"wp:attachment":[{"href":"https:\/\/emailchef.com\/fr\/wp-json\/wp\/v2\/media?parent=1532"}],"wp:term":[{"taxonomy":"g1_relation_tag","embeddable":true,"href":"https:\/\/emailchef.com\/fr\/wp-json\/wp\/v2\/g1_relation_tag?post=1532"}],"curies":[{"name":"wp","href":"https:\/\/api.w.org\/{rel}","templated":true}]}}