{"id":1526,"date":"2014-09-22T08:30:39","date_gmt":"2014-09-22T08:30:39","guid":{"rendered":"http:\/\/emailchef.com\/?page_id=1526"},"modified":"2016-02-16T10:00:48","modified_gmt":"2016-02-16T10:00:48","slug":"modifier-votre-email-et-ajouter-votre-contenu","status":"publish","type":"page","link":"https:\/\/emailchef.com\/fr\/base-de-connaissance\/modifier-votre-email-et-ajouter-votre-contenu\/","title":{"rendered":"Modifier votre email et ajouter votre contenu"},"content":{"rendered":"<p>Notre editor a \u00e9t\u00e9 con\u00e7u pour \u00eatre <b>intuitif et facile \u00e0 utiliser<\/b>. Vous pouvez ajouter votre contenu (texte et images), modifier le style de police, la couleur, la taille et les caract\u00e9ristiques, ajouter une liste num\u00e9rot\u00e9e, ins\u00e9rer un lien, cr\u00e9er une table, et bien plus encore.<\/p>\n<p><a href=\"https:\/\/emailchef.com\/wp-content\/uploads\/2014\/10\/campagne_1-1.jpg\" rel=\"attachment wp-att-3849\"><img fetchpriority=\"high\" decoding=\"async\" class=\"alignnone wp-image-3851 size-full\" src=\"https:\/\/emailchef.com\/wp-content\/uploads\/2014\/10\/campagne_1-1.jpg\" alt=\"\" width=\"1189\" height=\"494\" \/><\/a><\/p>\n<p>Notez que vous pouvez \u00e9galement passer \u00e0 un <b>e<\/b><b>dit<\/b><b>o<\/b><b>r HTML<\/b>. Si vous \u00eates un expert codeur vous pouvez \u00e9crire votre newsletter directement ici: notre editor est optimis\u00e9 pour vous montrer le nombre exact de lignes et de souligner la diff\u00e9rence entre le contenu et les tags.<\/p>\n<p><a href=\"https:\/\/emailchef.com\/wp-content\/uploads\/2014\/10\/campagne_1a.jpg\" rel=\"attachment wp-att-3853\"><img decoding=\"async\" class=\"alignnone size-full wp-image-3853\" src=\"https:\/\/emailchef.com\/wp-content\/uploads\/2014\/10\/campagne_1a.jpg\" alt=\"campagne_1a\" width=\"1191\" height=\"311\" \/><\/a><\/p>\n<p>En cliquant sur le bouton &#8220;version du texte&#8221;, vous pouvez \u00e9crire une version texte de votre newsletter (ou la g\u00e9n\u00e9rer automatiquement du code HTML). Cela vous aidera en cas de blocage total des images par un client de messagerie, ce qui rend votre contenu lisible de toute fa\u00e7on.<\/p>\n<p><a href=\"https:\/\/emailchef.com\/wp-content\/uploads\/2014\/10\/campagne_1c.jpg\" rel=\"attachment wp-att-3854\"><img decoding=\"async\" class=\"alignnone size-full wp-image-3854\" src=\"https:\/\/emailchef.com\/wp-content\/uploads\/2014\/10\/campagne_1c.jpg\" alt=\"campagne_1c\" width=\"1189\" height=\"219\" \/><\/a><\/p>\n","protected":false},"excerpt":{"rendered":"<p>Notre editor a \u00e9t\u00e9 con\u00e7u pour \u00eatre intuitif et facile \u00e0 utiliser. Vous pouvez ajouter votre contenu (texte et images), modifier le style de police, la couleur, la taille et les caract\u00e9ristiques, ajouter une liste num\u00e9rot\u00e9e, ins\u00e9rer un lien, cr\u00e9er une table, et bien plus encore. Notez que vous pouvez \u00e9galement passer \u00e0 un editor [&hellip;]<\/p>\n","protected":false},"author":3,"featured_media":0,"parent":1193,"menu_order":0,"comment_status":"closed","ping_status":"closed","template":"","meta":{"_acf_changed":false,"inline_featured_image":false,"footnotes":""},"g1_relation_tag":[],"class_list":["post-1526","page","type-page","status-publish","hentry"],"acf":[],"yoast_head":"<!-- This site is optimized with the Yoast SEO plugin v24.8.1 - https:\/\/yoast.com\/wordpress\/plugins\/seo\/ -->\n<title>Modifier votre email et ajouter votre contenu - Emailchef<\/title>\n<meta name=\"robots\" content=\"index, follow, max-snippet:-1, max-image-preview:large, max-video-preview:-1\" \/>\n<link rel=\"canonical\" href=\"https:\/\/emailchef.com\/fr\/base-de-connaissance\/modifier-votre-email-et-ajouter-votre-contenu\/\" \/>\n<meta name=\"twitter:label1\" content=\"Dur\u00e9e de lecture estim\u00e9e\" \/>\n\t<meta name=\"twitter:data1\" content=\"1 minute\" \/>\n<!-- \/ Yoast SEO plugin. -->","yoast_head_json":{"title":"Modifier votre email et ajouter votre contenu - Emailchef","robots":{"index":"index","follow":"follow","max-snippet":"max-snippet:-1","max-image-preview":"max-image-preview:large","max-video-preview":"max-video-preview:-1"},"canonical":"https:\/\/emailchef.com\/fr\/base-de-connaissance\/modifier-votre-email-et-ajouter-votre-contenu\/","twitter_misc":{"Dur\u00e9e de lecture estim\u00e9e":"1 minute"},"schema":{"@context":"https:\/\/schema.org","@graph":[{"@type":"WebPage","@id":"https:\/\/emailchef.com\/fr\/base-de-connaissance\/modifier-votre-email-et-ajouter-votre-contenu\/","url":"https:\/\/emailchef.com\/fr\/base-de-connaissance\/modifier-votre-email-et-ajouter-votre-contenu\/","name":"Modifier votre email et ajouter votre contenu - Emailchef","isPartOf":{"@id":"https:\/\/emailchef.com\/fr\/#website"},"primaryImageOfPage":{"@id":"https:\/\/emailchef.com\/fr\/base-de-connaissance\/modifier-votre-email-et-ajouter-votre-contenu\/#primaryimage"},"image":{"@id":"https:\/\/emailchef.com\/fr\/base-de-connaissance\/modifier-votre-email-et-ajouter-votre-contenu\/#primaryimage"},"thumbnailUrl":"https:\/\/emailchef.com\/wp-content\/uploads\/2014\/10\/campagne_1-1.jpg","datePublished":"2014-09-22T08:30:39+00:00","dateModified":"2016-02-16T10:00:48+00:00","breadcrumb":{"@id":"https:\/\/emailchef.com\/fr\/base-de-connaissance\/modifier-votre-email-et-ajouter-votre-contenu\/#breadcrumb"},"inLanguage":"fr-FR","potentialAction":[{"@type":"ReadAction","target":["https:\/\/emailchef.com\/fr\/base-de-connaissance\/modifier-votre-email-et-ajouter-votre-contenu\/"]}]},{"@type":"ImageObject","inLanguage":"fr-FR","@id":"https:\/\/emailchef.com\/fr\/base-de-connaissance\/modifier-votre-email-et-ajouter-votre-contenu\/#primaryimage","url":"https:\/\/emailchef.com\/wp-content\/uploads\/2014\/10\/campagne_1-1.jpg","contentUrl":"https:\/\/emailchef.com\/wp-content\/uploads\/2014\/10\/campagne_1-1.jpg"},{"@type":"BreadcrumbList","@id":"https:\/\/emailchef.com\/fr\/base-de-connaissance\/modifier-votre-email-et-ajouter-votre-contenu\/#breadcrumb","itemListElement":[{"@type":"ListItem","position":1,"name":"Home","item":"https:\/\/emailchef.com\/fr\/mailchef-email-marketing-emailing-et-envoi-newsletter\/"},{"@type":"ListItem","position":2,"name":"Base de connaissance","item":"https:\/\/emailchef.com\/fr\/base-de-connaissance\/"},{"@type":"ListItem","position":3,"name":"Modifier votre email et ajouter votre contenu"}]},{"@type":"WebSite","@id":"https:\/\/emailchef.com\/fr\/#website","url":"https:\/\/emailchef.com\/fr\/","name":"Emailchef","description":"Recettes go\u00fbteuses pour vos emails","publisher":{"@id":"https:\/\/emailchef.com\/fr\/#organization"},"potentialAction":[{"@type":"SearchAction","target":{"@type":"EntryPoint","urlTemplate":"https:\/\/emailchef.com\/fr\/?s={search_term_string}"},"query-input":{"@type":"PropertyValueSpecification","valueRequired":true,"valueName":"search_term_string"}}],"inLanguage":"fr-FR"},{"@type":"Organization","@id":"https:\/\/emailchef.com\/fr\/#organization","name":"Delivery Tech Corp.","url":"https:\/\/emailchef.com\/fr\/","logo":{"@type":"ImageObject","inLanguage":"fr-FR","@id":"https:\/\/emailchef.com\/fr\/#\/schema\/logo\/image\/","url":"https:\/\/emailchef.com\/wp-content\/uploads\/2022\/04\/logo-sama.png","contentUrl":"https:\/\/emailchef.com\/wp-content\/uploads\/2022\/04\/logo-sama.png","width":237,"height":80,"caption":"Delivery Tech Corp."},"image":{"@id":"https:\/\/emailchef.com\/fr\/#\/schema\/logo\/image\/"}}]}},"_links":{"self":[{"href":"https:\/\/emailchef.com\/fr\/wp-json\/wp\/v2\/pages\/1526"}],"collection":[{"href":"https:\/\/emailchef.com\/fr\/wp-json\/wp\/v2\/pages"}],"about":[{"href":"https:\/\/emailchef.com\/fr\/wp-json\/wp\/v2\/types\/page"}],"author":[{"embeddable":true,"href":"https:\/\/emailchef.com\/fr\/wp-json\/wp\/v2\/users\/3"}],"replies":[{"embeddable":true,"href":"https:\/\/emailchef.com\/fr\/wp-json\/wp\/v2\/comments?post=1526"}],"version-history":[{"count":5,"href":"https:\/\/emailchef.com\/fr\/wp-json\/wp\/v2\/pages\/1526\/revisions"}],"predecessor-version":[{"id":3855,"href":"https:\/\/emailchef.com\/fr\/wp-json\/wp\/v2\/pages\/1526\/revisions\/3855"}],"up":[{"embeddable":true,"href":"https:\/\/emailchef.com\/fr\/wp-json\/wp\/v2\/pages\/1193"}],"wp:attachment":[{"href":"https:\/\/emailchef.com\/fr\/wp-json\/wp\/v2\/media?parent=1526"}],"wp:term":[{"taxonomy":"g1_relation_tag","embeddable":true,"href":"https:\/\/emailchef.com\/fr\/wp-json\/wp\/v2\/g1_relation_tag?post=1526"}],"curies":[{"name":"wp","href":"https:\/\/api.w.org\/{rel}","templated":true}]}}