{"id":1524,"date":"2014-09-22T08:30:13","date_gmt":"2014-09-22T08:30:13","guid":{"rendered":"http:\/\/emailchef.com\/?page_id=1524"},"modified":"2024-03-06T10:17:09","modified_gmt":"2024-03-06T10:17:09","slug":"choisir-le-design","status":"publish","type":"page","link":"https:\/\/emailchef.com\/fr\/base-de-connaissance\/choisir-le-design\/","title":{"rendered":"Choisissez le mod\u00e8le pour votre e-mail"},"content":{"rendered":"\t\t<div data-elementor-type=\"wp-page\" data-elementor-id=\"1524\" class=\"elementor elementor-1524 elementor-588\" data-elementor-post-type=\"page\">\n\t\t\t\t\t\t<section class=\"elementor-section elementor-top-section elementor-element elementor-element-1a12c4a elementor-section-boxed elementor-section-height-default elementor-section-height-default\" data-id=\"1a12c4a\" data-element_type=\"section\">\n\t\t\t\t\t\t<div class=\"elementor-container elementor-column-gap-default\">\n\t\t\t\t\t<div class=\"elementor-column elementor-col-100 elementor-top-column elementor-element elementor-element-00ec5fc\" data-id=\"00ec5fc\" data-element_type=\"column\">\n\t\t\t<div class=\"elementor-widget-wrap elementor-element-populated\">\n\t\t\t\t\t\t<div class=\"elementor-element elementor-element-91d36d1 elementor-widget elementor-widget-text-editor\" data-id=\"91d36d1\" data-element_type=\"widget\" data-widget_type=\"text-editor.default\">\n\t\t\t\t<div class=\"elementor-widget-container\">\n\t\t\t\t\t\t\t\t\t<p>Choisir le mod\u00e8le est un aspect fondamental de toute campagne de marketing par e-mail. Pour cr\u00e9er et personnaliser celui qui vous convient le mieux, cliquez sur &#8216;Campagnes&#8217; dans le menu lat\u00e9ral gauche de votre tableau de bord, puis s\u00e9lectionnez le bouton &#8220;Cr\u00e9er une campagne&#8221;.<\/p><p>Vous aurez plusieurs options pour cr\u00e9er votre mod\u00e8le.<\/p>\t\t\t\t\t\t\t\t<\/div>\n\t\t\t\t<\/div>\n\t\t\t\t<div class=\"elementor-element elementor-element-35a59d9 elementor-widget elementor-widget-text-editor\" data-id=\"35a59d9\" data-element_type=\"widget\" data-widget_type=\"text-editor.default\">\n\t\t\t\t<div class=\"elementor-widget-container\">\n\t\t\t\t\t\t\t\t\t<ol>\n \t<li>Vous pouvez choisir un mod\u00e8le pr\u00e9d\u00e9fini dans notre galerie de <strong>mod\u00e8les glisser-d\u00e9posez<\/strong>. Il y a plus de 1000 mod\u00e8les disponibles, divis\u00e9s par langue et cat\u00e9gorie, et tous sont personnalisables \u00e0 l&#8217;aide de l&#8217;\u00e9diteur de glisser-d\u00e9poser.\nTous les mod\u00e8les incluent des balises avec les informations requises pour se <a href=\"https:\/\/emailchef.com\/emailchef-academy\/guide-to-gdpr-can-spam-and-csa-and-their-differences\/\" title=\"Guide au GDPR, CAN-SPAM et CSA et leurs diff\u00e9rences\">conformer \u00e0 la loi CAN-SPAM<\/a> et le lien de d\u00e9sinscription de la liste de diffusion. Et ils sont tous optimis\u00e9s par nos designers pour \u00eatre parfaitement affich\u00e9s sur tous les appareils.<\/li>\n<\/ol>\t\t\t\t\t\t\t\t<\/div>\n\t\t\t\t<\/div>\n\t\t\t\t<div class=\"elementor-element elementor-element-afc6705 elementor-widget elementor-widget-image\" data-id=\"afc6705\" data-element_type=\"widget\" data-widget_type=\"image.default\">\n\t\t\t\t<div class=\"elementor-widget-container\">\n\t\t\t\t\t\t\t\t\t\t\t\t\t\t\t\t<a href=\"https:\/\/emailchef.com\/wp-content\/uploads\/2024\/03\/choisissez-le-modele-pour-votre-email-1.png\" data-elementor-open-lightbox=\"yes\" data-elementor-lightbox-title=\"Choisissez le mod\u00e8le pour votre e-mail\" data-e-action-hash=\"#elementor-action%3Aaction%3Dlightbox%26settings%3DeyJpZCI6NzExOTIsInVybCI6Imh0dHBzOlwvXC9lbWFpbGNoZWYuY29tXC93cC1jb250ZW50XC91cGxvYWRzXC8yMDI0XC8wM1wvY2hvaXNpc3Nlei1sZS1tb2RlbGUtcG91ci12b3RyZS1lbWFpbC0xLnBuZyJ9\">\n\t\t\t\t\t\t\t<img fetchpriority=\"high\" decoding=\"async\" width=\"768\" height=\"249\" src=\"https:\/\/emailchef.com\/wp-content\/uploads\/2024\/03\/choisissez-le-modele-pour-votre-email-1-768x249.png\" class=\"attachment-medium_large size-medium_large wp-image-71192\" alt=\"Choisissez le mod\u00e8le pour votre e-mail\" srcset=\"https:\/\/emailchef.com\/wp-content\/uploads\/2024\/03\/choisissez-le-modele-pour-votre-email-1-768x249.png 768w, https:\/\/emailchef.com\/wp-content\/uploads\/2024\/03\/choisissez-le-modele-pour-votre-email-1-300x97.png 300w, https:\/\/emailchef.com\/wp-content\/uploads\/2024\/03\/choisissez-le-modele-pour-votre-email-1-1024x332.png 1024w, https:\/\/emailchef.com\/wp-content\/uploads\/2024\/03\/choisissez-le-modele-pour-votre-email-1-1536x498.png 1536w, https:\/\/emailchef.com\/wp-content\/uploads\/2024\/03\/choisissez-le-modele-pour-votre-email-1.png 1604w\" sizes=\"(max-width: 768px) 100vw, 768px\" \/>\t\t\t\t\t\t\t\t<\/a>\n\t\t\t\t\t\t\t\t\t\t\t\t\t\t\t<\/div>\n\t\t\t\t<\/div>\n\t\t\t\t<div class=\"elementor-element elementor-element-c97b4ca elementor-widget elementor-widget-text-editor\" data-id=\"c97b4ca\" data-element_type=\"widget\" data-widget_type=\"text-editor.default\">\n\t\t\t\t<div class=\"elementor-widget-container\">\n\t\t\t\t\t\t\t\t\t<ol start=\"2\"><li><strong>Vous pouvez t\u00e9l\u00e9charger l&#8217;un de vos mod\u00e8les<\/strong> directement sur Emailchef. Si vous avez d\u00e9j\u00e0 votre propre mod\u00e8le et que vous souhaitez l&#8217;utiliser sur Emailchef, c&#8217;est la solution pour vous. Cliquez sur l&#8217;onglet &#8216;Importer mise en page&#8217; pour le t\u00e9l\u00e9charger sur Emailchef. Vous pouvez <a href=\"https:\/\/www.youtube.com\/watch?v=CSnJd3jpnd0\" target=\"_blank\" rel=\"noopener\">l&#8217;importer en tant que fichier HTML<\/a> (avec une extension .html ou .htm) ou t\u00e9l\u00e9charger un fichier .zip (dans ce cas, assurez-vous qu&#8217;il contient le fichier HTML avec toutes les images n\u00e9cessaires). Vous pourrez \u00e9galement t\u00e9l\u00e9charger un mod\u00e8le depuis une adresse Internet externe.<\/li><\/ol>\t\t\t\t\t\t\t\t<\/div>\n\t\t\t\t<\/div>\n\t\t\t\t<div class=\"elementor-element elementor-element-7ca7ee3 elementor-widget elementor-widget-image\" data-id=\"7ca7ee3\" data-element_type=\"widget\" data-widget_type=\"image.default\">\n\t\t\t\t<div class=\"elementor-widget-container\">\n\t\t\t\t\t\t\t\t\t\t\t\t\t\t\t\t<a href=\"https:\/\/emailchef.com\/wp-content\/uploads\/2024\/03\/choisissez-le-modele-pour-votre-email-2.png\" data-elementor-open-lightbox=\"yes\" data-elementor-lightbox-title=\"Choisissez le mod\u00e8le pour votre e-mail\" data-e-action-hash=\"#elementor-action%3Aaction%3Dlightbox%26settings%3DeyJpZCI6NzEyMDEsInVybCI6Imh0dHBzOlwvXC9lbWFpbGNoZWYuY29tXC93cC1jb250ZW50XC91cGxvYWRzXC8yMDI0XC8wM1wvY2hvaXNpc3Nlei1sZS1tb2RlbGUtcG91ci12b3RyZS1lbWFpbC0yLnBuZyJ9\">\n\t\t\t\t\t\t\t<img decoding=\"async\" width=\"768\" height=\"494\" src=\"https:\/\/emailchef.com\/wp-content\/uploads\/2024\/03\/choisissez-le-modele-pour-votre-email-2-768x494.png\" class=\"attachment-medium_large size-medium_large wp-image-71201\" alt=\"Choisissez le mod\u00e8le pour votre e-mail\" srcset=\"https:\/\/emailchef.com\/wp-content\/uploads\/2024\/03\/choisissez-le-modele-pour-votre-email-2-768x494.png 768w, https:\/\/emailchef.com\/wp-content\/uploads\/2024\/03\/choisissez-le-modele-pour-votre-email-2-300x193.png 300w, https:\/\/emailchef.com\/wp-content\/uploads\/2024\/03\/choisissez-le-modele-pour-votre-email-2.png 811w\" sizes=\"(max-width: 768px) 100vw, 768px\" \/>\t\t\t\t\t\t\t\t<\/a>\n\t\t\t\t\t\t\t\t\t\t\t\t\t\t\t<\/div>\n\t\t\t\t<\/div>\n\t\t\t\t<div class=\"elementor-element elementor-element-e0e4d0a elementor-widget elementor-widget-text-editor\" data-id=\"e0e4d0a\" data-element_type=\"widget\" data-widget_type=\"text-editor.default\">\n\t\t\t\t<div class=\"elementor-widget-container\">\n\t\t\t\t\t\t\t\t\t<ol start=\"3\"><li>Vous pouvez <strong>cr\u00e9er votre propre mod\u00e8le \u00e0 partir de z\u00e9ro<\/strong> gr\u00e2ce \u00e0 l&#8217;\u00e9diteur de glisser-d\u00e9poser d&#8217;Emailchef. Cela ne prend que quelques minutes (et c&#8217;est tr\u00e8s facile).<br \/>Cliquez sur l&#8217;onglet &#8216;Mes mod\u00e8les&#8217;. Vous y trouverez tous les mod\u00e8les que vous avez cr\u00e9\u00e9s, modifi\u00e9s ou import\u00e9s. \u00c0 partir de l\u00e0, vous pouvez \u00e9galement acc\u00e9der \u00e0 l&#8217;\u00e9diteur pour cr\u00e9er vos mod\u00e8les. Il vous suffit de cliquer sur le symbole &#8216;+&#8217; vert (comme celui ci-dessous).<\/li><\/ol>\t\t\t\t\t\t\t\t<\/div>\n\t\t\t\t<\/div>\n\t\t\t\t<div class=\"elementor-element elementor-element-9fa8c20 elementor-widget elementor-widget-image\" data-id=\"9fa8c20\" data-element_type=\"widget\" data-widget_type=\"image.default\">\n\t\t\t\t<div class=\"elementor-widget-container\">\n\t\t\t\t\t\t\t\t\t\t\t\t\t\t\t<img decoding=\"async\" width=\"223\" height=\"331\" src=\"https:\/\/emailchef.com\/wp-content\/uploads\/2024\/03\/choisissez-le-modele-pour-votre-email-3.jpg\" class=\"attachment-medium_large size-medium_large wp-image-71210\" alt=\"Choisissez le mod\u00e8le pour votre e-mail\" srcset=\"https:\/\/emailchef.com\/wp-content\/uploads\/2024\/03\/choisissez-le-modele-pour-votre-email-3.jpg 223w, https:\/\/emailchef.com\/wp-content\/uploads\/2024\/03\/choisissez-le-modele-pour-votre-email-3-202x300.jpg 202w\" sizes=\"(max-width: 223px) 100vw, 223px\" \/>\t\t\t\t\t\t\t\t\t\t\t\t\t\t\t<\/div>\n\t\t\t\t<\/div>\n\t\t\t\t<div class=\"elementor-element elementor-element-66f7e43 elementor-widget elementor-widget-text-editor\" data-id=\"66f7e43\" data-element_type=\"widget\" data-widget_type=\"text-editor.default\">\n\t\t\t\t<div class=\"elementor-widget-container\">\n\t\t\t\t\t\t\t\t\t<p>Vous cherchez un tutoriel pour personnaliser vos mod\u00e8les ? Vous trouverez ici un <a title=\"Modifier votre email et ajouter votre contenu\" href=\"https:\/\/emailchef.com\/fr\/base-de-connaissance\/modifier-votre-email-et-ajouter-votre-contenu\/\">guide complet avec toutes les fonctionnalit\u00e9s de l&#8217;\u00e9diteur de glisser-d\u00e9poser<\/a>.<\/p>\t\t\t\t\t\t\t\t<\/div>\n\t\t\t\t<\/div>\n\t\t\t\t\t<\/div>\n\t\t<\/div>\n\t\t\t\t\t<\/div>\n\t\t<\/section>\n\t\t\t\t<\/div>\n\t\t","protected":false},"excerpt":{"rendered":"<p>Choisir le mod\u00e8le est un aspect fondamental de toute campagne de marketing par e-mail. Pour cr\u00e9er et personnaliser celui qui vous convient le mieux, cliquez sur &#8216;Campagnes&#8217; dans le menu lat\u00e9ral gauche de votre tableau de bord, puis s\u00e9lectionnez le bouton &#8220;Cr\u00e9er une campagne&#8221;. Vous aurez plusieurs options pour cr\u00e9er votre mod\u00e8le. Vous pouvez choisir [&hellip;]<\/p>\n","protected":false},"author":3,"featured_media":0,"parent":1193,"menu_order":0,"comment_status":"closed","ping_status":"closed","template":"","meta":{"_acf_changed":false,"inline_featured_image":false,"footnotes":""},"g1_relation_tag":[],"class_list":["post-1524","page","type-page","status-publish","hentry"],"acf":[],"yoast_head":"<!-- This site is optimized with the Yoast SEO plugin v24.8.1 - https:\/\/yoast.com\/wordpress\/plugins\/seo\/ -->\n<title>Choisissez le mod\u00e8le pour votre e-mail - Emailchef<\/title>\n<meta name=\"robots\" content=\"index, follow, max-snippet:-1, max-image-preview:large, max-video-preview:-1\" \/>\n<link rel=\"canonical\" href=\"https:\/\/emailchef.com\/fr\/base-de-connaissance\/choisir-le-design\/\" \/>\n<meta name=\"twitter:label1\" content=\"Dur\u00e9e de lecture estim\u00e9e\" \/>\n\t<meta name=\"twitter:data1\" content=\"3 minutes\" \/>\n<!-- \/ Yoast SEO plugin. -->","yoast_head_json":{"title":"Choisissez le mod\u00e8le pour votre e-mail - Emailchef","robots":{"index":"index","follow":"follow","max-snippet":"max-snippet:-1","max-image-preview":"max-image-preview:large","max-video-preview":"max-video-preview:-1"},"canonical":"https:\/\/emailchef.com\/fr\/base-de-connaissance\/choisir-le-design\/","twitter_misc":{"Dur\u00e9e de lecture estim\u00e9e":"3 minutes"},"schema":{"@context":"https:\/\/schema.org","@graph":[{"@type":"WebPage","@id":"https:\/\/emailchef.com\/fr\/base-de-connaissance\/choisir-le-design\/","url":"https:\/\/emailchef.com\/fr\/base-de-connaissance\/choisir-le-design\/","name":"Choisissez le mod\u00e8le pour votre e-mail - Emailchef","isPartOf":{"@id":"https:\/\/emailchef.com\/fr\/#website"},"primaryImageOfPage":{"@id":"https:\/\/emailchef.com\/fr\/base-de-connaissance\/choisir-le-design\/#primaryimage"},"image":{"@id":"https:\/\/emailchef.com\/fr\/base-de-connaissance\/choisir-le-design\/#primaryimage"},"thumbnailUrl":"https:\/\/emailchef.com\/wp-content\/uploads\/2024\/03\/choisissez-le-modele-pour-votre-email-1-768x249.png","datePublished":"2014-09-22T08:30:13+00:00","dateModified":"2024-03-06T10:17:09+00:00","breadcrumb":{"@id":"https:\/\/emailchef.com\/fr\/base-de-connaissance\/choisir-le-design\/#breadcrumb"},"inLanguage":"fr-FR","potentialAction":[{"@type":"ReadAction","target":["https:\/\/emailchef.com\/fr\/base-de-connaissance\/choisir-le-design\/"]}]},{"@type":"ImageObject","inLanguage":"fr-FR","@id":"https:\/\/emailchef.com\/fr\/base-de-connaissance\/choisir-le-design\/#primaryimage","url":"https:\/\/emailchef.com\/wp-content\/uploads\/2024\/03\/choisissez-le-modele-pour-votre-email-1-768x249.png","contentUrl":"https:\/\/emailchef.com\/wp-content\/uploads\/2024\/03\/choisissez-le-modele-pour-votre-email-1-768x249.png"},{"@type":"BreadcrumbList","@id":"https:\/\/emailchef.com\/fr\/base-de-connaissance\/choisir-le-design\/#breadcrumb","itemListElement":[{"@type":"ListItem","position":1,"name":"Home","item":"https:\/\/emailchef.com\/fr\/mailchef-email-marketing-emailing-et-envoi-newsletter\/"},{"@type":"ListItem","position":2,"name":"Base de connaissance","item":"https:\/\/emailchef.com\/fr\/base-de-connaissance\/"},{"@type":"ListItem","position":3,"name":"Choisissez le mod\u00e8le pour votre e-mail"}]},{"@type":"WebSite","@id":"https:\/\/emailchef.com\/fr\/#website","url":"https:\/\/emailchef.com\/fr\/","name":"Emailchef","description":"Recettes go\u00fbteuses pour vos emails","publisher":{"@id":"https:\/\/emailchef.com\/fr\/#organization"},"potentialAction":[{"@type":"SearchAction","target":{"@type":"EntryPoint","urlTemplate":"https:\/\/emailchef.com\/fr\/?s={search_term_string}"},"query-input":{"@type":"PropertyValueSpecification","valueRequired":true,"valueName":"search_term_string"}}],"inLanguage":"fr-FR"},{"@type":"Organization","@id":"https:\/\/emailchef.com\/fr\/#organization","name":"Delivery Tech Corp.","url":"https:\/\/emailchef.com\/fr\/","logo":{"@type":"ImageObject","inLanguage":"fr-FR","@id":"https:\/\/emailchef.com\/fr\/#\/schema\/logo\/image\/","url":"https:\/\/emailchef.com\/wp-content\/uploads\/2022\/04\/logo-sama.png","contentUrl":"https:\/\/emailchef.com\/wp-content\/uploads\/2022\/04\/logo-sama.png","width":237,"height":80,"caption":"Delivery Tech Corp."},"image":{"@id":"https:\/\/emailchef.com\/fr\/#\/schema\/logo\/image\/"}}]}},"_links":{"self":[{"href":"https:\/\/emailchef.com\/fr\/wp-json\/wp\/v2\/pages\/1524"}],"collection":[{"href":"https:\/\/emailchef.com\/fr\/wp-json\/wp\/v2\/pages"}],"about":[{"href":"https:\/\/emailchef.com\/fr\/wp-json\/wp\/v2\/types\/page"}],"author":[{"embeddable":true,"href":"https:\/\/emailchef.com\/fr\/wp-json\/wp\/v2\/users\/3"}],"replies":[{"embeddable":true,"href":"https:\/\/emailchef.com\/fr\/wp-json\/wp\/v2\/comments?post=1524"}],"version-history":[{"count":4,"href":"https:\/\/emailchef.com\/fr\/wp-json\/wp\/v2\/pages\/1524\/revisions"}],"predecessor-version":[{"id":71221,"href":"https:\/\/emailchef.com\/fr\/wp-json\/wp\/v2\/pages\/1524\/revisions\/71221"}],"up":[{"embeddable":true,"href":"https:\/\/emailchef.com\/fr\/wp-json\/wp\/v2\/pages\/1193"}],"wp:attachment":[{"href":"https:\/\/emailchef.com\/fr\/wp-json\/wp\/v2\/media?parent=1524"}],"wp:term":[{"taxonomy":"g1_relation_tag","embeddable":true,"href":"https:\/\/emailchef.com\/fr\/wp-json\/wp\/v2\/g1_relation_tag?post=1524"}],"curies":[{"name":"wp","href":"https:\/\/api.w.org\/{rel}","templated":true}]}}