{"id":1507,"date":"2014-09-22T08:27:45","date_gmt":"2014-09-22T08:27:45","guid":{"rendered":"http:\/\/emailchef.com\/?page_id=1507"},"modified":"2016-02-16T10:29:30","modified_gmt":"2016-02-16T10:29:30","slug":"blacklist-globale","status":"publish","type":"page","link":"https:\/\/emailchef.com\/fr\/base-de-connaissance\/blacklist-globale\/","title":{"rendered":"Blacklist globale"},"content":{"rendered":"<p>Dans la page de gestion de la liste g\u00e9n\u00e9rale (toujours joignable avec le bouton &#8220;Listes&#8221; en dessus), vous trouverez un bouton \u00e0 droite: &#8220;Liste noire g\u00e9n\u00e9rale&#8221;.<\/p>\n<p><a href=\"http:\/\/emailchef.com\/wp-content\/uploads\/2014\/10\/liste-noire.jpg\" rel=\"attachment wp-att-3869\"><img fetchpriority=\"high\" decoding=\"async\" class=\"alignnone size-full wp-image-3869\" src=\"http:\/\/emailchef.com\/wp-content\/uploads\/2014\/10\/liste-noire.jpg\" alt=\"liste-noire\" width=\"1190\" height=\"287\" \/><\/a><\/p>\n<p>Sur cette page, vous pouvez ajouter toutes les adresses qui <b>ne recevront <\/b><b>plus vos <\/b><b>emails<\/b>, ind\u00e9pendamment de leur \u00e9tat de souscription dans chaque liste. Vous pouvez ajouter des contacts individuels ou m\u00eame des domaines DNS.<\/p>\n","protected":false},"excerpt":{"rendered":"<p>Dans la page de gestion de la liste g\u00e9n\u00e9rale (toujours joignable avec le bouton &#8220;Listes&#8221; en dessus), vous trouverez un bouton \u00e0 droite: &#8220;Liste noire g\u00e9n\u00e9rale&#8221;. Sur cette page, vous pouvez ajouter toutes les adresses qui ne recevront plus vos emails, ind\u00e9pendamment de leur \u00e9tat de souscription dans chaque liste. Vous pouvez ajouter des contacts [&hellip;]<\/p>\n","protected":false},"author":3,"featured_media":0,"parent":1193,"menu_order":0,"comment_status":"closed","ping_status":"closed","template":"","meta":{"_acf_changed":false,"inline_featured_image":false,"footnotes":""},"g1_relation_tag":[],"class_list":["post-1507","page","type-page","status-publish","hentry"],"acf":[],"yoast_head":"<!-- This site is optimized with the Yoast SEO plugin v24.8.1 - https:\/\/yoast.com\/wordpress\/plugins\/seo\/ -->\n<title>Blacklist globale - Emailchef<\/title>\n<meta name=\"robots\" content=\"index, follow, max-snippet:-1, max-image-preview:large, max-video-preview:-1\" \/>\n<link rel=\"canonical\" href=\"https:\/\/emailchef.com\/fr\/base-de-connaissance\/blacklist-globale\/\" \/>\n<!-- \/ Yoast SEO plugin. -->","yoast_head_json":{"title":"Blacklist globale - Emailchef","robots":{"index":"index","follow":"follow","max-snippet":"max-snippet:-1","max-image-preview":"max-image-preview:large","max-video-preview":"max-video-preview:-1"},"canonical":"https:\/\/emailchef.com\/fr\/base-de-connaissance\/blacklist-globale\/","schema":{"@context":"https:\/\/schema.org","@graph":[{"@type":"WebPage","@id":"https:\/\/emailchef.com\/fr\/base-de-connaissance\/blacklist-globale\/","url":"https:\/\/emailchef.com\/fr\/base-de-connaissance\/blacklist-globale\/","name":"Blacklist globale - Emailchef","isPartOf":{"@id":"https:\/\/emailchef.com\/fr\/#website"},"primaryImageOfPage":{"@id":"https:\/\/emailchef.com\/fr\/base-de-connaissance\/blacklist-globale\/#primaryimage"},"image":{"@id":"https:\/\/emailchef.com\/fr\/base-de-connaissance\/blacklist-globale\/#primaryimage"},"thumbnailUrl":"http:\/\/emailchef.com\/wp-content\/uploads\/2014\/10\/liste-noire.jpg","datePublished":"2014-09-22T08:27:45+00:00","dateModified":"2016-02-16T10:29:30+00:00","breadcrumb":{"@id":"https:\/\/emailchef.com\/fr\/base-de-connaissance\/blacklist-globale\/#breadcrumb"},"inLanguage":"fr-FR","potentialAction":[{"@type":"ReadAction","target":["https:\/\/emailchef.com\/fr\/base-de-connaissance\/blacklist-globale\/"]}]},{"@type":"ImageObject","inLanguage":"fr-FR","@id":"https:\/\/emailchef.com\/fr\/base-de-connaissance\/blacklist-globale\/#primaryimage","url":"http:\/\/emailchef.com\/wp-content\/uploads\/2014\/10\/liste-noire.jpg","contentUrl":"http:\/\/emailchef.com\/wp-content\/uploads\/2014\/10\/liste-noire.jpg"},{"@type":"BreadcrumbList","@id":"https:\/\/emailchef.com\/fr\/base-de-connaissance\/blacklist-globale\/#breadcrumb","itemListElement":[{"@type":"ListItem","position":1,"name":"Home","item":"https:\/\/emailchef.com\/fr\/mailchef-email-marketing-emailing-et-envoi-newsletter\/"},{"@type":"ListItem","position":2,"name":"Base de connaissance","item":"https:\/\/emailchef.com\/fr\/base-de-connaissance\/"},{"@type":"ListItem","position":3,"name":"Blacklist globale"}]},{"@type":"WebSite","@id":"https:\/\/emailchef.com\/fr\/#website","url":"https:\/\/emailchef.com\/fr\/","name":"Emailchef","description":"Recettes go\u00fbteuses pour vos emails","publisher":{"@id":"https:\/\/emailchef.com\/fr\/#organization"},"potentialAction":[{"@type":"SearchAction","target":{"@type":"EntryPoint","urlTemplate":"https:\/\/emailchef.com\/fr\/?s={search_term_string}"},"query-input":{"@type":"PropertyValueSpecification","valueRequired":true,"valueName":"search_term_string"}}],"inLanguage":"fr-FR"},{"@type":"Organization","@id":"https:\/\/emailchef.com\/fr\/#organization","name":"Delivery Tech Corp.","url":"https:\/\/emailchef.com\/fr\/","logo":{"@type":"ImageObject","inLanguage":"fr-FR","@id":"https:\/\/emailchef.com\/fr\/#\/schema\/logo\/image\/","url":"https:\/\/emailchef.com\/wp-content\/uploads\/2022\/04\/logo-sama.png","contentUrl":"https:\/\/emailchef.com\/wp-content\/uploads\/2022\/04\/logo-sama.png","width":237,"height":80,"caption":"Delivery Tech Corp."},"image":{"@id":"https:\/\/emailchef.com\/fr\/#\/schema\/logo\/image\/"}}]}},"_links":{"self":[{"href":"https:\/\/emailchef.com\/fr\/wp-json\/wp\/v2\/pages\/1507"}],"collection":[{"href":"https:\/\/emailchef.com\/fr\/wp-json\/wp\/v2\/pages"}],"about":[{"href":"https:\/\/emailchef.com\/fr\/wp-json\/wp\/v2\/types\/page"}],"author":[{"embeddable":true,"href":"https:\/\/emailchef.com\/fr\/wp-json\/wp\/v2\/users\/3"}],"replies":[{"embeddable":true,"href":"https:\/\/emailchef.com\/fr\/wp-json\/wp\/v2\/comments?post=1507"}],"version-history":[{"count":4,"href":"https:\/\/emailchef.com\/fr\/wp-json\/wp\/v2\/pages\/1507\/revisions"}],"predecessor-version":[{"id":3871,"href":"https:\/\/emailchef.com\/fr\/wp-json\/wp\/v2\/pages\/1507\/revisions\/3871"}],"up":[{"embeddable":true,"href":"https:\/\/emailchef.com\/fr\/wp-json\/wp\/v2\/pages\/1193"}],"wp:attachment":[{"href":"https:\/\/emailchef.com\/fr\/wp-json\/wp\/v2\/media?parent=1507"}],"wp:term":[{"taxonomy":"g1_relation_tag","embeddable":true,"href":"https:\/\/emailchef.com\/fr\/wp-json\/wp\/v2\/g1_relation_tag?post=1507"}],"curies":[{"name":"wp","href":"https:\/\/api.w.org\/{rel}","templated":true}]}}